{"id":998,"date":"2016-05-14T16:25:21","date_gmt":"2016-05-14T13:25:21","guid":{"rendered":"http:\/\/eyli.com.tr\/?page_id=998"},"modified":"2016-10-12T23:26:17","modified_gmt":"2016-10-12T20:26:17","slug":"tekerlekli-yukleyici-yag-sogutucu","status":"publish","type":"page","link":"https:\/\/eyli.com.tr\/ru\/tekerlekli-yukleyici-yag-sogutucu\/","title":{"rendered":"\u041c\u0430\u0441\u043b\u044f\u043d\u044b\u0439 \u0440\u0430\u0434\u0438\u0430\u0442\u043e\u0440 \u043a\u043e\u043b\u0451\u0441\u043d\u043e\u0433\u043e \u043f\u043e\u0433\u0440\u0443\u0437\u0447\u0438\u043a\u0430"},"content":{"rendered":"<p><img loading=\"lazy\" decoding=\"async\" class=\"aligncenter size-full wp-image-1026\" src=\"http:\/\/eyli.com.tr\/wp-content\/uploads\/2016\/05\/tekerlekli-yukleyici-yag-sogutucu.png\" alt=\"tekerlekli-yukleyici-yag-sogutucu\" width=\"2977\" height=\"2103\" srcset=\"https:\/\/eyli.com.tr\/wp-content\/uploads\/2016\/05\/tekerlekli-yukleyici-yag-sogutucu.png 2977w, https:\/\/eyli.com.tr\/wp-content\/uploads\/2016\/05\/tekerlekli-yukleyici-yag-sogutucu-300x212.png 300w, https:\/\/eyli.com.tr\/wp-content\/uploads\/2016\/05\/tekerlekli-yukleyici-yag-sogutucu-768x543.png 768w, https:\/\/eyli.com.tr\/wp-content\/uploads\/2016\/05\/tekerlekli-yukleyici-yag-sogutucu-1024x723.png 1024w\" sizes=\"auto, (max-width: 2977px) 100vw, 2977px\" \/><\/p>\n<p>&nbsp;<\/p>\n<p><strong>\u0417\u0410\u041f\u0427\u0410\u0421\u0422\u0418 <\/strong><strong>\u0414\u041b\u042f \u041c\u0410\u0421\u041b\u042f\u041d\u041e\u0413\u041e \u0420\u0410\u0414\u0418\u0410\u0422\u041e\u0420\u0410 <\/strong><strong>\u00a0\u041a\u041e\u041b\u0401\u0421\u041d\u041e\u0413\u041e \u041f\u041e\u0413\u0420\u0423\u0417\u0427\u0418\u041a\u0410 VOLVO<\/strong><\/p>\n<table class=\"table table-bordered\">\n<tbody>\n<tr>\n<td>\u041f\u043e\u0437\u0438\u0446\u0438\u044f<\/td>\n<td>\u041d\u043e\u043c\u0435\u0440 \u0434\u0435\u0442\u0430\u043b\u0438<\/td>\n<td>\u041d\u0430\u0438\u043c\u0435\u043d\u043e\u0432\u0430\u043d\u0438\u0435 \u0437\u0430\u043f\u0447\u0430\u0441\u0442\u0438<\/td>\n<\/tr>\n<tr>\n<td>1<\/td>\n<td>VOE20505537<\/td>\n<td>\u041c\u0430\u0441\u043b\u044f\u043d\u044b\u0439 \u0440\u0430\u0434\u0438\u0430\u0442\u043e\u0440-Oil cooler<\/td>\n<\/tr>\n<tr>\n<td>2<\/td>\n<td>VOE20551483<\/td>\n<td>Sealing ring<\/td>\n<\/tr>\n<tr>\n<td>3<\/td>\n<td>VOE983585<\/td>\n<td>Flange screw<\/td>\n<\/tr>\n<tr>\n<td>4<\/td>\n<td>VOE20523738<\/td>\n<td>Cover<\/td>\n<\/tr>\n<tr>\n<td>5<\/td>\n<td>VOE983585<\/td>\n<td>Flange screw<\/td>\n<\/tr>\n<\/tbody>\n<\/table>\n<p>\u0417\u0430\u043f\u0447\u0430\u0441\u0442\u0438 \u0434\u043b\u044f \u043c\u0430\u0441\u043b\u044f\u043d\u043e\u0433\u043e \u0440\u0430\u0434\u0438\u0430\u0442\u043e\u0440\u0430 \u043a\u043e\u043b\u0451\u0441\u043d\u043e\u0433\u043e \u043f\u043e\u0433\u0440\u0443\u0437\u0447\u0438\u043a\u0430 VOLVO<\/p>\n<p>\u043e\u0442\u043d\u043e\u0441\u044f\u0442\u0441\u044f \u043a \u0443\u043a\u0430\u0437\u0430\u043d\u043d\u044b\u043c \u043d\u0438\u0436\u0435 \u043c\u043e\u0434\u0435\u043b\u044f\u043c \u0441\u0442\u0440\u043e\u0438\u0442\u0435\u043b\u044c\u043d\u043e\u0439 \u0442\u0435\u0445\u043d\u0438\u043a\u0438 VOLVO:<\/p>\n<p>L120E, L120F, L120G,L150E, L150F,L150G,L180E,L180F,L180G,L220E,L220F,L220G,L250G,L330C,L350F<\/p>","protected":false},"excerpt":{"rendered":"<p>&nbsp; \u0417\u0410\u041f\u0427\u0410\u0421\u0422\u0418 \u0414\u041b\u042f \u041c\u0410\u0421\u041b\u042f\u041d\u041e\u0413\u041e \u0420\u0410\u0414\u0418\u0410\u0422\u041e\u0420\u0410 \u00a0\u041a\u041e\u041b\u0401\u0421\u041d\u041e\u0413\u041e \u041f\u041e\u0413\u0420\u0423\u0417\u0427\u0418\u041a\u0410 VOLVO \u041f\u043e\u0437\u0438\u0446\u0438\u044f \u041d\u043e\u043c\u0435\u0440 \u0434\u0435\u0442\u0430\u043b\u0438 \u041d\u0430\u0438\u043c\u0435\u043d\u043e\u0432\u0430\u043d\u0438\u0435 \u0437\u0430\u043f\u0447\u0430\u0441\u0442\u0438 1 VOE20505537 \u041c\u0430\u0441\u043b\u044f\u043d\u044b\u0439 \u0440\u0430\u0434\u0438\u0430\u0442\u043e\u0440-Oil cooler 2 VOE20551483 Sealing ring 3 VOE983585 Flange screw 4 VOE20523738 Cover 5 VOE983585 Flange screw \u0417\u0430\u043f\u0447\u0430\u0441\u0442\u0438 \u0434\u043b\u044f \u043c\u0430\u0441\u043b\u044f\u043d\u043e\u0433\u043e \u0440\u0430\u0434\u0438\u0430\u0442\u043e\u0440\u0430 \u043a\u043e\u043b\u0451\u0441\u043d\u043e\u0433\u043e \u043f\u043e\u0433\u0440\u0443\u0437\u0447\u0438\u043a\u0430 VOLVO \u043e\u0442\u043d\u043e\u0441\u044f\u0442\u0441\u044f \u043a \u0443\u043a\u0430\u0437\u0430\u043d\u043d\u044b\u043c \u043d\u0438\u0436\u0435 \u043c\u043e\u0434\u0435\u043b\u044f\u043c \u0441\u0442\u0440\u043e\u0438\u0442\u0435\u043b\u044c\u043d\u043e\u0439 \u0442\u0435\u0445\u043d\u0438\u043a\u0438 VOLVO: L120E, L120F, L120G,L150E, L150F,L150G,L180E,L180F,L180G,L220E,L220F,L220G,L250G,L330C,L350F<\/p>\n","protected":false},"author":1,"featured_media":0,"parent":0,"menu_order":0,"comment_status":"closed","ping_status":"closed","template":"page-fullwidth.php","meta":{"footnotes":""},"class_list":["post-998","page","type-page","status-publish","hentry"],"yoast_head":"<!-- This site is optimized with the Yoast SEO plugin v26.8 - https:\/\/yoast.com\/product\/yoast-seo-wordpress\/ -->\n<title>VOLVO TEKERLEKL\u0130 Y\u00dcKLEY\u0130C\u0130 YA\u011e SO\u011eUTUCU YEDEK PAR\u00c7ALARI<\/title>\n<meta name=\"robots\" content=\"index, follow, max-snippet:-1, max-image-preview:large, max-video-preview:-1\" \/>\n<link rel=\"canonical\" href=\"https:\/\/eyli.com.tr\/tekerlekli-yukleyici-yag-sogutucu\/\" \/>\n<meta property=\"og:locale\" content=\"ru_RU\" \/>\n<meta property=\"og:type\" content=\"article\" \/>\n<meta property=\"og:title\" content=\"VOLVO TEKERLEKL\u0130 Y\u00dcKLEY\u0130C\u0130 YA\u011e SO\u011eUTUCU YEDEK PAR\u00c7ALARI\" \/>\n<meta property=\"og:description\" content=\"&nbsp; \u0417\u0410\u041f\u0427\u0410\u0421\u0422\u0418 \u0414\u041b\u042f \u041c\u0410\u0421\u041b\u042f\u041d\u041e\u0413\u041e \u0420\u0410\u0414\u0418\u0410\u0422\u041e\u0420\u0410 \u00a0\u041a\u041e\u041b\u0401\u0421\u041d\u041e\u0413\u041e \u041f\u041e\u0413\u0420\u0423\u0417\u0427\u0418\u041a\u0410 VOLVO \u041f\u043e\u0437\u0438\u0446\u0438\u044f \u041d\u043e\u043c\u0435\u0440 \u0434\u0435\u0442\u0430\u043b\u0438 \u041d\u0430\u0438\u043c\u0435\u043d\u043e\u0432\u0430\u043d\u0438\u0435 \u0437\u0430\u043f\u0447\u0430\u0441\u0442\u0438 1 VOE20505537 \u041c\u0430\u0441\u043b\u044f\u043d\u044b\u0439 \u0440\u0430\u0434\u0438\u0430\u0442\u043e\u0440-Oil cooler 2 VOE20551483 Sealing ring 3 VOE983585 Flange screw 4 VOE20523738 Cover 5 VOE983585 Flange screw \u0417\u0430\u043f\u0447\u0430\u0441\u0442\u0438 \u0434\u043b\u044f \u043c\u0430\u0441\u043b\u044f\u043d\u043e\u0433\u043e \u0440\u0430\u0434\u0438\u0430\u0442\u043e\u0440\u0430 \u043a\u043e\u043b\u0451\u0441\u043d\u043e\u0433\u043e \u043f\u043e\u0433\u0440\u0443\u0437\u0447\u0438\u043a\u0430 VOLVO \u043e\u0442\u043d\u043e\u0441\u044f\u0442\u0441\u044f \u043a \u0443\u043a\u0430\u0437\u0430\u043d\u043d\u044b\u043c \u043d\u0438\u0436\u0435 \u043c\u043e\u0434\u0435\u043b\u044f\u043c \u0441\u0442\u0440\u043e\u0438\u0442\u0435\u043b\u044c\u043d\u043e\u0439 \u0442\u0435\u0445\u043d\u0438\u043a\u0438 VOLVO: L120E, L120F, L120G,L150E, L150F,L150G,L180E,L180F,L180G,L220E,L220F,L220G,L250G,L330C,L350F\" \/>\n<meta property=\"og:url\" content=\"https:\/\/eyli.com.tr\/tekerlekli-yukleyici-yag-sogutucu\/\" \/>\n<meta property=\"og:site_name\" content=\"Eyli \u0130\u015f Makineleri\" \/>\n<meta property=\"article:publisher\" content=\"https:\/\/www.facebook.com\/eylicomtr\" \/>\n<meta property=\"article:modified_time\" content=\"2016-10-12T20:26:17+00:00\" \/>\n<meta property=\"og:image\" content=\"http:\/\/eyli.com.tr\/wp-content\/uploads\/2016\/05\/tekerlekli-yukleyici-yag-sogutucu.png\" \/>\n<meta name=\"twitter:card\" content=\"summary_large_image\" \/>\n<meta name=\"twitter:label1\" content=\"\u041f\u0440\u0438\u043c\u0435\u0440\u043d\u043e\u0435 \u0432\u0440\u0435\u043c\u044f \u0434\u043b\u044f \u0447\u0442\u0435\u043d\u0438\u044f\" \/>\n\t<meta name=\"twitter:data1\" content=\"1 \u043c\u0438\u043d\u0443\u0442\u0430\" \/>\n<script type=\"application\/ld+json\" class=\"yoast-schema-graph\">{\"@context\":\"https:\/\/schema.org\",\"@graph\":[{\"@type\":\"WebPage\",\"@id\":\"https:\/\/eyli.com.tr\/tekerlekli-yukleyici-yag-sogutucu\/\",\"url\":\"https:\/\/eyli.com.tr\/tekerlekli-yukleyici-yag-sogutucu\/\",\"name\":\"VOLVO TEKERLEKL\u0130 Y\u00dcKLEY\u0130C\u0130 YA\u011e SO\u011eUTUCU YEDEK PAR\u00c7ALARI\",\"isPartOf\":{\"@id\":\"https:\/\/eyli.com.tr\/#website\"},\"primaryImageOfPage\":{\"@id\":\"https:\/\/eyli.com.tr\/tekerlekli-yukleyici-yag-sogutucu\/#primaryimage\"},\"image\":{\"@id\":\"https:\/\/eyli.com.tr\/tekerlekli-yukleyici-yag-sogutucu\/#primaryimage\"},\"thumbnailUrl\":\"http:\/\/eyli.com.tr\/wp-content\/uploads\/2016\/05\/tekerlekli-yukleyici-yag-sogutucu.png\",\"datePublished\":\"2016-05-14T13:25:21+00:00\",\"dateModified\":\"2016-10-12T20:26:17+00:00\",\"breadcrumb\":{\"@id\":\"https:\/\/eyli.com.tr\/tekerlekli-yukleyici-yag-sogutucu\/#breadcrumb\"},\"inLanguage\":\"ru-RU\",\"potentialAction\":[{\"@type\":\"ReadAction\",\"target\":[\"https:\/\/eyli.com.tr\/tekerlekli-yukleyici-yag-sogutucu\/\"]}]},{\"@type\":\"ImageObject\",\"inLanguage\":\"ru-RU\",\"@id\":\"https:\/\/eyli.com.tr\/tekerlekli-yukleyici-yag-sogutucu\/#primaryimage\",\"url\":\"http:\/\/eyli.com.tr\/wp-content\/uploads\/2016\/05\/tekerlekli-yukleyici-yag-sogutucu.png\",\"contentUrl\":\"http:\/\/eyli.com.tr\/wp-content\/uploads\/2016\/05\/tekerlekli-yukleyici-yag-sogutucu.png\"},{\"@type\":\"BreadcrumbList\",\"@id\":\"https:\/\/eyli.com.tr\/tekerlekli-yukleyici-yag-sogutucu\/#breadcrumb\",\"itemListElement\":[{\"@type\":\"ListItem\",\"position\":1,\"name\":\"Ana sayfa\",\"item\":\"https:\/\/eyli.com.tr\/\"},{\"@type\":\"ListItem\",\"position\":2,\"name\":\"Tekerlekli Y\u00fckleyici Ya\u011f So\u011futucu\"}]},{\"@type\":\"WebSite\",\"@id\":\"https:\/\/eyli.com.tr\/#website\",\"url\":\"https:\/\/eyli.com.tr\/\",\"name\":\"Eyli \u0130\u015f Makineleri\",\"description\":\"\",\"publisher\":{\"@id\":\"https:\/\/eyli.com.tr\/#organization\"},\"potentialAction\":[{\"@type\":\"SearchAction\",\"target\":{\"@type\":\"EntryPoint\",\"urlTemplate\":\"https:\/\/eyli.com.tr\/?s={search_term_string}\"},\"query-input\":{\"@type\":\"PropertyValueSpecification\",\"valueRequired\":true,\"valueName\":\"search_term_string\"}}],\"inLanguage\":\"ru-RU\"},{\"@type\":\"Organization\",\"@id\":\"https:\/\/eyli.com.tr\/#organization\",\"name\":\"Eyli \u0130\u015f Makineleri\",\"url\":\"https:\/\/eyli.com.tr\/\",\"logo\":{\"@type\":\"ImageObject\",\"inLanguage\":\"ru-RU\",\"@id\":\"https:\/\/eyli.com.tr\/#\/schema\/logo\/image\/\",\"url\":\"https:\/\/eyli.com.tr\/wp-content\/uploads\/2020\/04\/WhatsApp-Image-2020-04-23-at-03.11.52-e1587829137284.jpeg\",\"contentUrl\":\"https:\/\/eyli.com.tr\/wp-content\/uploads\/2020\/04\/WhatsApp-Image-2020-04-23-at-03.11.52-e1587829137284.jpeg\",\"width\":1600,\"height\":900,\"caption\":\"Eyli \u0130\u015f Makineleri\"},\"image\":{\"@id\":\"https:\/\/eyli.com.tr\/#\/schema\/logo\/image\/\"},\"sameAs\":[\"https:\/\/www.facebook.com\/eylicomtr\"]}]}<\/script>\n<!-- \/ Yoast SEO plugin. -->","yoast_head_json":{"title":"VOLVO TEKERLEKL\u0130 Y\u00dcKLEY\u0130C\u0130 YA\u011e SO\u011eUTUCU YEDEK PAR\u00c7ALARI","robots":{"index":"index","follow":"follow","max-snippet":"max-snippet:-1","max-image-preview":"max-image-preview:large","max-video-preview":"max-video-preview:-1"},"canonical":"https:\/\/eyli.com.tr\/tekerlekli-yukleyici-yag-sogutucu\/","og_locale":"ru_RU","og_type":"article","og_title":"VOLVO TEKERLEKL\u0130 Y\u00dcKLEY\u0130C\u0130 YA\u011e SO\u011eUTUCU YEDEK PAR\u00c7ALARI","og_description":"&nbsp; \u0417\u0410\u041f\u0427\u0410\u0421\u0422\u0418 \u0414\u041b\u042f \u041c\u0410\u0421\u041b\u042f\u041d\u041e\u0413\u041e \u0420\u0410\u0414\u0418\u0410\u0422\u041e\u0420\u0410 \u00a0\u041a\u041e\u041b\u0401\u0421\u041d\u041e\u0413\u041e \u041f\u041e\u0413\u0420\u0423\u0417\u0427\u0418\u041a\u0410 VOLVO \u041f\u043e\u0437\u0438\u0446\u0438\u044f \u041d\u043e\u043c\u0435\u0440 \u0434\u0435\u0442\u0430\u043b\u0438 \u041d\u0430\u0438\u043c\u0435\u043d\u043e\u0432\u0430\u043d\u0438\u0435 \u0437\u0430\u043f\u0447\u0430\u0441\u0442\u0438 1 VOE20505537 \u041c\u0430\u0441\u043b\u044f\u043d\u044b\u0439 \u0440\u0430\u0434\u0438\u0430\u0442\u043e\u0440-Oil cooler 2 VOE20551483 Sealing ring 3 VOE983585 Flange screw 4 VOE20523738 Cover 5 VOE983585 Flange screw \u0417\u0430\u043f\u0447\u0430\u0441\u0442\u0438 \u0434\u043b\u044f \u043c\u0430\u0441\u043b\u044f\u043d\u043e\u0433\u043e \u0440\u0430\u0434\u0438\u0430\u0442\u043e\u0440\u0430 \u043a\u043e\u043b\u0451\u0441\u043d\u043e\u0433\u043e \u043f\u043e\u0433\u0440\u0443\u0437\u0447\u0438\u043a\u0430 VOLVO \u043e\u0442\u043d\u043e\u0441\u044f\u0442\u0441\u044f \u043a \u0443\u043a\u0430\u0437\u0430\u043d\u043d\u044b\u043c \u043d\u0438\u0436\u0435 \u043c\u043e\u0434\u0435\u043b\u044f\u043c \u0441\u0442\u0440\u043e\u0438\u0442\u0435\u043b\u044c\u043d\u043e\u0439 \u0442\u0435\u0445\u043d\u0438\u043a\u0438 VOLVO: L120E, L120F, L120G,L150E, L150F,L150G,L180E,L180F,L180G,L220E,L220F,L220G,L250G,L330C,L350F","og_url":"https:\/\/eyli.com.tr\/tekerlekli-yukleyici-yag-sogutucu\/","og_site_name":"Eyli \u0130\u015f Makineleri","article_publisher":"https:\/\/www.facebook.com\/eylicomtr","article_modified_time":"2016-10-12T20:26:17+00:00","og_image":[{"url":"http:\/\/eyli.com.tr\/wp-content\/uploads\/2016\/05\/tekerlekli-yukleyici-yag-sogutucu.png","type":"","width":"","height":""}],"twitter_card":"summary_large_image","twitter_misc":{"\u041f\u0440\u0438\u043c\u0435\u0440\u043d\u043e\u0435 \u0432\u0440\u0435\u043c\u044f \u0434\u043b\u044f \u0447\u0442\u0435\u043d\u0438\u044f":"1 \u043c\u0438\u043d\u0443\u0442\u0430"},"schema":{"@context":"https:\/\/schema.org","@graph":[{"@type":"WebPage","@id":"https:\/\/eyli.com.tr\/tekerlekli-yukleyici-yag-sogutucu\/","url":"https:\/\/eyli.com.tr\/tekerlekli-yukleyici-yag-sogutucu\/","name":"VOLVO TEKERLEKL\u0130 Y\u00dcKLEY\u0130C\u0130 YA\u011e SO\u011eUTUCU YEDEK PAR\u00c7ALARI","isPartOf":{"@id":"https:\/\/eyli.com.tr\/#website"},"primaryImageOfPage":{"@id":"https:\/\/eyli.com.tr\/tekerlekli-yukleyici-yag-sogutucu\/#primaryimage"},"image":{"@id":"https:\/\/eyli.com.tr\/tekerlekli-yukleyici-yag-sogutucu\/#primaryimage"},"thumbnailUrl":"http:\/\/eyli.com.tr\/wp-content\/uploads\/2016\/05\/tekerlekli-yukleyici-yag-sogutucu.png","datePublished":"2016-05-14T13:25:21+00:00","dateModified":"2016-10-12T20:26:17+00:00","breadcrumb":{"@id":"https:\/\/eyli.com.tr\/tekerlekli-yukleyici-yag-sogutucu\/#breadcrumb"},"inLanguage":"ru-RU","potentialAction":[{"@type":"ReadAction","target":["https:\/\/eyli.com.tr\/tekerlekli-yukleyici-yag-sogutucu\/"]}]},{"@type":"ImageObject","inLanguage":"ru-RU","@id":"https:\/\/eyli.com.tr\/tekerlekli-yukleyici-yag-sogutucu\/#primaryimage","url":"http:\/\/eyli.com.tr\/wp-content\/uploads\/2016\/05\/tekerlekli-yukleyici-yag-sogutucu.png","contentUrl":"http:\/\/eyli.com.tr\/wp-content\/uploads\/2016\/05\/tekerlekli-yukleyici-yag-sogutucu.png"},{"@type":"BreadcrumbList","@id":"https:\/\/eyli.com.tr\/tekerlekli-yukleyici-yag-sogutucu\/#breadcrumb","itemListElement":[{"@type":"ListItem","position":1,"name":"Ana sayfa","item":"https:\/\/eyli.com.tr\/"},{"@type":"ListItem","position":2,"name":"Tekerlekli Y\u00fckleyici Ya\u011f So\u011futucu"}]},{"@type":"WebSite","@id":"https:\/\/eyli.com.tr\/#website","url":"https:\/\/eyli.com.tr\/","name":"Eyli \u0130\u015f Makineleri","description":"","publisher":{"@id":"https:\/\/eyli.com.tr\/#organization"},"potentialAction":[{"@type":"SearchAction","target":{"@type":"EntryPoint","urlTemplate":"https:\/\/eyli.com.tr\/?s={search_term_string}"},"query-input":{"@type":"PropertyValueSpecification","valueRequired":true,"valueName":"search_term_string"}}],"inLanguage":"ru-RU"},{"@type":"Organization","@id":"https:\/\/eyli.com.tr\/#organization","name":"Eyli \u0130\u015f Makineleri","url":"https:\/\/eyli.com.tr\/","logo":{"@type":"ImageObject","inLanguage":"ru-RU","@id":"https:\/\/eyli.com.tr\/#\/schema\/logo\/image\/","url":"https:\/\/eyli.com.tr\/wp-content\/uploads\/2020\/04\/WhatsApp-Image-2020-04-23-at-03.11.52-e1587829137284.jpeg","contentUrl":"https:\/\/eyli.com.tr\/wp-content\/uploads\/2020\/04\/WhatsApp-Image-2020-04-23-at-03.11.52-e1587829137284.jpeg","width":1600,"height":900,"caption":"Eyli \u0130\u015f Makineleri"},"image":{"@id":"https:\/\/eyli.com.tr\/#\/schema\/logo\/image\/"},"sameAs":["https:\/\/www.facebook.com\/eylicomtr"]}]}},"_links":{"self":[{"href":"https:\/\/eyli.com.tr\/ru\/wp-json\/wp\/v2\/pages\/998","targetHints":{"allow":["GET"]}}],"collection":[{"href":"https:\/\/eyli.com.tr\/ru\/wp-json\/wp\/v2\/pages"}],"about":[{"href":"https:\/\/eyli.com.tr\/ru\/wp-json\/wp\/v2\/types\/page"}],"author":[{"embeddable":true,"href":"https:\/\/eyli.com.tr\/ru\/wp-json\/wp\/v2\/users\/1"}],"replies":[{"embeddable":true,"href":"https:\/\/eyli.com.tr\/ru\/wp-json\/wp\/v2\/comments?post=998"}],"version-history":[{"count":4,"href":"https:\/\/eyli.com.tr\/ru\/wp-json\/wp\/v2\/pages\/998\/revisions"}],"predecessor-version":[{"id":1707,"href":"https:\/\/eyli.com.tr\/ru\/wp-json\/wp\/v2\/pages\/998\/revisions\/1707"}],"wp:attachment":[{"href":"https:\/\/eyli.com.tr\/ru\/wp-json\/wp\/v2\/media?parent=998"}],"curies":[{"name":"wp","href":"https:\/\/api.w.org\/{rel}","templated":true}]}}