{"id":995,"date":"2016-05-14T16:26:29","date_gmt":"2016-05-14T13:26:29","guid":{"rendered":"http:\/\/eyli.com.tr\/?page_id=995"},"modified":"2016-10-13T00:02:01","modified_gmt":"2016-10-12T21:02:01","slug":"tekerlekli-yukleyici-tork","status":"publish","type":"page","link":"https:\/\/eyli.com.tr\/ru\/tekerlekli-yukleyici-tork\/","title":{"rendered":"\u041a\u0440\u0443\u0442\u044f\u0449\u0438\u0439 \u043c\u043e\u043c\u0435\u043d\u0442 \u043a\u043e\u043b\u0451\u0441\u043d\u043e\u0433\u043e \u043f\u043e\u0433\u0440\u0443\u0437\u0447\u0438\u043a\u0430"},"content":{"rendered":"<p><img loading=\"lazy\" decoding=\"async\" class=\"aligncenter size-full wp-image-1023\" src=\"http:\/\/eyli.com.tr\/wp-content\/uploads\/2016\/05\/tekerlekli-yukleyici-tork.png\" alt=\"tekerlekli-yukleyici-tork\" width=\"1616\" height=\"1390\" srcset=\"https:\/\/eyli.com.tr\/wp-content\/uploads\/2016\/05\/tekerlekli-yukleyici-tork.png 1616w, https:\/\/eyli.com.tr\/wp-content\/uploads\/2016\/05\/tekerlekli-yukleyici-tork-300x258.png 300w, https:\/\/eyli.com.tr\/wp-content\/uploads\/2016\/05\/tekerlekli-yukleyici-tork-768x661.png 768w, https:\/\/eyli.com.tr\/wp-content\/uploads\/2016\/05\/tekerlekli-yukleyici-tork-1024x881.png 1024w\" sizes=\"auto, (max-width: 1616px) 100vw, 1616px\" \/><\/p>\n<p>&nbsp;<\/p>\n<p><strong>\u0417\u0410\u041f\u0427\u0410\u0421\u0422\u0418 \u041a\u0420\u0423\u0422\u042f\u0429\u0415\u0413\u041e \u041c\u041e\u041c\u0415\u041d\u0422\u0410 \u041a\u041e\u041b\u0401\u0421\u041d\u041e\u0413\u041e \u041f\u041e\u0413\u0420\u0423\u0417\u0427\u0418\u041a\u0410 VOLVO<\/strong><\/p>\n<table class=\"table table-bordered\">\n<tbody>\n<tr>\n<td>\u041f\u043e\u0437\u0438\u0446\u0438\u044f<\/td>\n<td>\u041d\u043e\u043c\u0435\u0440 \u0434\u0435\u0442\u0430\u043b\u0438<\/td>\n<td>\u041d\u0430\u0438\u043c\u0435\u043d\u043e\u0432\u0430\u043d\u0438\u0435 \u0437\u0430\u043f\u0447\u0430\u0441\u0442\u0438<\/td>\n<\/tr>\n<tr>\n<td>1<\/td>\n<td>VOE15193866<\/td>\n<td>\u0422\u0440\u0430\u043d\u0441\u0444\u043e\u0440\u043c\u0430\u0442\u043e\u0440 \u043a\u0440\u0443\u0442\u044f\u0449\u0435\u0433\u043e \u043c\u043e\u043c\u0435\u043d\u0442\u0430-Torque Converte<\/td>\n<\/tr>\n<tr>\n<td>2<\/td>\n<td>VOE11997187<\/td>\n<td>\u2022O-ring<\/td>\n<\/tr>\n<tr>\n<td>3<\/td>\n<td>VOE15197418<\/td>\n<td>\u2022Cap<\/td>\n<\/tr>\n<tr>\n<td>4<\/td>\n<td>VOE914529<\/td>\n<td>\u2022Retaining ring<\/td>\n<\/tr>\n<\/tbody>\n<\/table>\n<p>\u0417\u0430\u043f\u0447\u0430\u0441\u0442\u0438 \u043a\u0440\u0443\u0442\u044f\u0449\u0435\u0433\u043e \u043c\u043e\u043c\u0435\u043d\u0442\u0430 \u043a\u043e\u043b\u0451\u0441\u043d\u043e\u0433\u043e \u043f\u043e\u0433\u0440\u0443\u0437\u0447\u0438\u043a\u0430 VOLVO<\/p>\n<p>\u043e\u0442\u043d\u043e\u0441\u044f\u0442\u0441\u044f \u043a \u0443\u043a\u0430\u0437\u0430\u043d\u043d\u044b\u043c \u043d\u0438\u0436\u0435 \u043c\u043e\u0434\u0435\u043b\u044f\u043c \u0441\u0442\u0440\u043e\u0438\u0442\u0435\u043b\u044c\u043d\u043e\u0439 \u0442\u0435\u0445\u043d\u0438\u043a\u0438 VOLVO:<\/p>\n<p>L120E, L120F, L120G,L150E, L150F,L150G,L180E,L180F,L180G,L220E,L220F,L220G,L250G,L330C,L350F<\/p>","protected":false},"excerpt":{"rendered":"<p>&nbsp; \u0417\u0410\u041f\u0427\u0410\u0421\u0422\u0418 \u041a\u0420\u0423\u0422\u042f\u0429\u0415\u0413\u041e \u041c\u041e\u041c\u0415\u041d\u0422\u0410 \u041a\u041e\u041b\u0401\u0421\u041d\u041e\u0413\u041e \u041f\u041e\u0413\u0420\u0423\u0417\u0427\u0418\u041a\u0410 VOLVO \u041f\u043e\u0437\u0438\u0446\u0438\u044f \u041d\u043e\u043c\u0435\u0440 \u0434\u0435\u0442\u0430\u043b\u0438 \u041d\u0430\u0438\u043c\u0435\u043d\u043e\u0432\u0430\u043d\u0438\u0435 \u0437\u0430\u043f\u0447\u0430\u0441\u0442\u0438 1 VOE15193866 \u0422\u0440\u0430\u043d\u0441\u0444\u043e\u0440\u043c\u0430\u0442\u043e\u0440 \u043a\u0440\u0443\u0442\u044f\u0449\u0435\u0433\u043e \u043c\u043e\u043c\u0435\u043d\u0442\u0430-Torque Converte 2 VOE11997187 \u2022O-ring 3 VOE15197418 \u2022Cap 4 VOE914529 \u2022Retaining ring \u0417\u0430\u043f\u0447\u0430\u0441\u0442\u0438 \u043a\u0440\u0443\u0442\u044f\u0449\u0435\u0433\u043e \u043c\u043e\u043c\u0435\u043d\u0442\u0430 \u043a\u043e\u043b\u0451\u0441\u043d\u043e\u0433\u043e \u043f\u043e\u0433\u0440\u0443\u0437\u0447\u0438\u043a\u0430 VOLVO \u043e\u0442\u043d\u043e\u0441\u044f\u0442\u0441\u044f \u043a \u0443\u043a\u0430\u0437\u0430\u043d\u043d\u044b\u043c \u043d\u0438\u0436\u0435 \u043c\u043e\u0434\u0435\u043b\u044f\u043c \u0441\u0442\u0440\u043e\u0438\u0442\u0435\u043b\u044c\u043d\u043e\u0439 \u0442\u0435\u0445\u043d\u0438\u043a\u0438 VOLVO: L120E, L120F, L120G,L150E, L150F,L150G,L180E,L180F,L180G,L220E,L220F,L220G,L250G,L330C,L350F<\/p>\n","protected":false},"author":1,"featured_media":0,"parent":0,"menu_order":0,"comment_status":"closed","ping_status":"closed","template":"page-fullwidth.php","meta":{"footnotes":""},"class_list":["post-995","page","type-page","status-publish","hentry"],"yoast_head":"<!-- This site is optimized with the Yoast SEO plugin v26.8 - https:\/\/yoast.com\/product\/yoast-seo-wordpress\/ -->\n<title>VOLVO TEKERLEKL\u0130 Y\u00dcKLEY\u0130C\u0130 Y\u00dcKLEY\u0130C\u0130 TORK YEDEK PAR\u00c7ALARI<\/title>\n<meta name=\"robots\" content=\"index, follow, max-snippet:-1, max-image-preview:large, max-video-preview:-1\" \/>\n<link rel=\"canonical\" href=\"https:\/\/eyli.com.tr\/tekerlekli-yukleyici-tork\/\" \/>\n<meta property=\"og:locale\" content=\"ru_RU\" \/>\n<meta property=\"og:type\" content=\"article\" \/>\n<meta property=\"og:title\" content=\"VOLVO TEKERLEKL\u0130 Y\u00dcKLEY\u0130C\u0130 Y\u00dcKLEY\u0130C\u0130 TORK YEDEK PAR\u00c7ALARI\" \/>\n<meta property=\"og:description\" content=\"&nbsp; \u0417\u0410\u041f\u0427\u0410\u0421\u0422\u0418 \u041a\u0420\u0423\u0422\u042f\u0429\u0415\u0413\u041e \u041c\u041e\u041c\u0415\u041d\u0422\u0410 \u041a\u041e\u041b\u0401\u0421\u041d\u041e\u0413\u041e \u041f\u041e\u0413\u0420\u0423\u0417\u0427\u0418\u041a\u0410 VOLVO \u041f\u043e\u0437\u0438\u0446\u0438\u044f \u041d\u043e\u043c\u0435\u0440 \u0434\u0435\u0442\u0430\u043b\u0438 \u041d\u0430\u0438\u043c\u0435\u043d\u043e\u0432\u0430\u043d\u0438\u0435 \u0437\u0430\u043f\u0447\u0430\u0441\u0442\u0438 1 VOE15193866 \u0422\u0440\u0430\u043d\u0441\u0444\u043e\u0440\u043c\u0430\u0442\u043e\u0440 \u043a\u0440\u0443\u0442\u044f\u0449\u0435\u0433\u043e \u043c\u043e\u043c\u0435\u043d\u0442\u0430-Torque Converte 2 VOE11997187 \u2022O-ring 3 VOE15197418 \u2022Cap 4 VOE914529 \u2022Retaining ring \u0417\u0430\u043f\u0447\u0430\u0441\u0442\u0438 \u043a\u0440\u0443\u0442\u044f\u0449\u0435\u0433\u043e \u043c\u043e\u043c\u0435\u043d\u0442\u0430 \u043a\u043e\u043b\u0451\u0441\u043d\u043e\u0433\u043e \u043f\u043e\u0433\u0440\u0443\u0437\u0447\u0438\u043a\u0430 VOLVO \u043e\u0442\u043d\u043e\u0441\u044f\u0442\u0441\u044f \u043a \u0443\u043a\u0430\u0437\u0430\u043d\u043d\u044b\u043c \u043d\u0438\u0436\u0435 \u043c\u043e\u0434\u0435\u043b\u044f\u043c \u0441\u0442\u0440\u043e\u0438\u0442\u0435\u043b\u044c\u043d\u043e\u0439 \u0442\u0435\u0445\u043d\u0438\u043a\u0438 VOLVO: L120E, L120F, L120G,L150E, L150F,L150G,L180E,L180F,L180G,L220E,L220F,L220G,L250G,L330C,L350F\" \/>\n<meta property=\"og:url\" content=\"https:\/\/eyli.com.tr\/tekerlekli-yukleyici-tork\/\" \/>\n<meta property=\"og:site_name\" content=\"Eyli \u0130\u015f Makineleri\" \/>\n<meta property=\"article:publisher\" content=\"https:\/\/www.facebook.com\/eylicomtr\" \/>\n<meta property=\"article:modified_time\" content=\"2016-10-12T21:02:01+00:00\" \/>\n<meta property=\"og:image\" content=\"http:\/\/eyli.com.tr\/wp-content\/uploads\/2016\/05\/tekerlekli-yukleyici-tork.png\" \/>\n<meta name=\"twitter:card\" content=\"summary_large_image\" \/>\n<meta name=\"twitter:label1\" content=\"\u041f\u0440\u0438\u043c\u0435\u0440\u043d\u043e\u0435 \u0432\u0440\u0435\u043c\u044f \u0434\u043b\u044f \u0447\u0442\u0435\u043d\u0438\u044f\" \/>\n\t<meta name=\"twitter:data1\" content=\"1 \u043c\u0438\u043d\u0443\u0442\u0430\" \/>\n<script type=\"application\/ld+json\" class=\"yoast-schema-graph\">{\"@context\":\"https:\/\/schema.org\",\"@graph\":[{\"@type\":\"WebPage\",\"@id\":\"https:\/\/eyli.com.tr\/tekerlekli-yukleyici-tork\/\",\"url\":\"https:\/\/eyli.com.tr\/tekerlekli-yukleyici-tork\/\",\"name\":\"VOLVO TEKERLEKL\u0130 Y\u00dcKLEY\u0130C\u0130 Y\u00dcKLEY\u0130C\u0130 TORK YEDEK PAR\u00c7ALARI\",\"isPartOf\":{\"@id\":\"https:\/\/eyli.com.tr\/#website\"},\"primaryImageOfPage\":{\"@id\":\"https:\/\/eyli.com.tr\/tekerlekli-yukleyici-tork\/#primaryimage\"},\"image\":{\"@id\":\"https:\/\/eyli.com.tr\/tekerlekli-yukleyici-tork\/#primaryimage\"},\"thumbnailUrl\":\"http:\/\/eyli.com.tr\/wp-content\/uploads\/2016\/05\/tekerlekli-yukleyici-tork.png\",\"datePublished\":\"2016-05-14T13:26:29+00:00\",\"dateModified\":\"2016-10-12T21:02:01+00:00\",\"breadcrumb\":{\"@id\":\"https:\/\/eyli.com.tr\/tekerlekli-yukleyici-tork\/#breadcrumb\"},\"inLanguage\":\"ru-RU\",\"potentialAction\":[{\"@type\":\"ReadAction\",\"target\":[\"https:\/\/eyli.com.tr\/tekerlekli-yukleyici-tork\/\"]}]},{\"@type\":\"ImageObject\",\"inLanguage\":\"ru-RU\",\"@id\":\"https:\/\/eyli.com.tr\/tekerlekli-yukleyici-tork\/#primaryimage\",\"url\":\"http:\/\/eyli.com.tr\/wp-content\/uploads\/2016\/05\/tekerlekli-yukleyici-tork.png\",\"contentUrl\":\"http:\/\/eyli.com.tr\/wp-content\/uploads\/2016\/05\/tekerlekli-yukleyici-tork.png\"},{\"@type\":\"BreadcrumbList\",\"@id\":\"https:\/\/eyli.com.tr\/tekerlekli-yukleyici-tork\/#breadcrumb\",\"itemListElement\":[{\"@type\":\"ListItem\",\"position\":1,\"name\":\"Ana sayfa\",\"item\":\"https:\/\/eyli.com.tr\/\"},{\"@type\":\"ListItem\",\"position\":2,\"name\":\"Tekerlekli Y\u00fckleyici Tork\"}]},{\"@type\":\"WebSite\",\"@id\":\"https:\/\/eyli.com.tr\/#website\",\"url\":\"https:\/\/eyli.com.tr\/\",\"name\":\"Eyli \u0130\u015f Makineleri\",\"description\":\"\",\"publisher\":{\"@id\":\"https:\/\/eyli.com.tr\/#organization\"},\"potentialAction\":[{\"@type\":\"SearchAction\",\"target\":{\"@type\":\"EntryPoint\",\"urlTemplate\":\"https:\/\/eyli.com.tr\/?s={search_term_string}\"},\"query-input\":{\"@type\":\"PropertyValueSpecification\",\"valueRequired\":true,\"valueName\":\"search_term_string\"}}],\"inLanguage\":\"ru-RU\"},{\"@type\":\"Organization\",\"@id\":\"https:\/\/eyli.com.tr\/#organization\",\"name\":\"Eyli \u0130\u015f Makineleri\",\"url\":\"https:\/\/eyli.com.tr\/\",\"logo\":{\"@type\":\"ImageObject\",\"inLanguage\":\"ru-RU\",\"@id\":\"https:\/\/eyli.com.tr\/#\/schema\/logo\/image\/\",\"url\":\"https:\/\/eyli.com.tr\/wp-content\/uploads\/2020\/04\/WhatsApp-Image-2020-04-23-at-03.11.52-e1587829137284.jpeg\",\"contentUrl\":\"https:\/\/eyli.com.tr\/wp-content\/uploads\/2020\/04\/WhatsApp-Image-2020-04-23-at-03.11.52-e1587829137284.jpeg\",\"width\":1600,\"height\":900,\"caption\":\"Eyli \u0130\u015f Makineleri\"},\"image\":{\"@id\":\"https:\/\/eyli.com.tr\/#\/schema\/logo\/image\/\"},\"sameAs\":[\"https:\/\/www.facebook.com\/eylicomtr\"]}]}<\/script>\n<!-- \/ Yoast SEO plugin. -->","yoast_head_json":{"title":"VOLVO TEKERLEKL\u0130 Y\u00dcKLEY\u0130C\u0130 Y\u00dcKLEY\u0130C\u0130 TORK YEDEK PAR\u00c7ALARI","robots":{"index":"index","follow":"follow","max-snippet":"max-snippet:-1","max-image-preview":"max-image-preview:large","max-video-preview":"max-video-preview:-1"},"canonical":"https:\/\/eyli.com.tr\/tekerlekli-yukleyici-tork\/","og_locale":"ru_RU","og_type":"article","og_title":"VOLVO TEKERLEKL\u0130 Y\u00dcKLEY\u0130C\u0130 Y\u00dcKLEY\u0130C\u0130 TORK YEDEK PAR\u00c7ALARI","og_description":"&nbsp; \u0417\u0410\u041f\u0427\u0410\u0421\u0422\u0418 \u041a\u0420\u0423\u0422\u042f\u0429\u0415\u0413\u041e \u041c\u041e\u041c\u0415\u041d\u0422\u0410 \u041a\u041e\u041b\u0401\u0421\u041d\u041e\u0413\u041e \u041f\u041e\u0413\u0420\u0423\u0417\u0427\u0418\u041a\u0410 VOLVO \u041f\u043e\u0437\u0438\u0446\u0438\u044f \u041d\u043e\u043c\u0435\u0440 \u0434\u0435\u0442\u0430\u043b\u0438 \u041d\u0430\u0438\u043c\u0435\u043d\u043e\u0432\u0430\u043d\u0438\u0435 \u0437\u0430\u043f\u0447\u0430\u0441\u0442\u0438 1 VOE15193866 \u0422\u0440\u0430\u043d\u0441\u0444\u043e\u0440\u043c\u0430\u0442\u043e\u0440 \u043a\u0440\u0443\u0442\u044f\u0449\u0435\u0433\u043e \u043c\u043e\u043c\u0435\u043d\u0442\u0430-Torque Converte 2 VOE11997187 \u2022O-ring 3 VOE15197418 \u2022Cap 4 VOE914529 \u2022Retaining ring \u0417\u0430\u043f\u0447\u0430\u0441\u0442\u0438 \u043a\u0440\u0443\u0442\u044f\u0449\u0435\u0433\u043e \u043c\u043e\u043c\u0435\u043d\u0442\u0430 \u043a\u043e\u043b\u0451\u0441\u043d\u043e\u0433\u043e \u043f\u043e\u0433\u0440\u0443\u0437\u0447\u0438\u043a\u0430 VOLVO \u043e\u0442\u043d\u043e\u0441\u044f\u0442\u0441\u044f \u043a \u0443\u043a\u0430\u0437\u0430\u043d\u043d\u044b\u043c \u043d\u0438\u0436\u0435 \u043c\u043e\u0434\u0435\u043b\u044f\u043c \u0441\u0442\u0440\u043e\u0438\u0442\u0435\u043b\u044c\u043d\u043e\u0439 \u0442\u0435\u0445\u043d\u0438\u043a\u0438 VOLVO: L120E, L120F, L120G,L150E, L150F,L150G,L180E,L180F,L180G,L220E,L220F,L220G,L250G,L330C,L350F","og_url":"https:\/\/eyli.com.tr\/tekerlekli-yukleyici-tork\/","og_site_name":"Eyli \u0130\u015f Makineleri","article_publisher":"https:\/\/www.facebook.com\/eylicomtr","article_modified_time":"2016-10-12T21:02:01+00:00","og_image":[{"url":"http:\/\/eyli.com.tr\/wp-content\/uploads\/2016\/05\/tekerlekli-yukleyici-tork.png","type":"","width":"","height":""}],"twitter_card":"summary_large_image","twitter_misc":{"\u041f\u0440\u0438\u043c\u0435\u0440\u043d\u043e\u0435 \u0432\u0440\u0435\u043c\u044f \u0434\u043b\u044f \u0447\u0442\u0435\u043d\u0438\u044f":"1 \u043c\u0438\u043d\u0443\u0442\u0430"},"schema":{"@context":"https:\/\/schema.org","@graph":[{"@type":"WebPage","@id":"https:\/\/eyli.com.tr\/tekerlekli-yukleyici-tork\/","url":"https:\/\/eyli.com.tr\/tekerlekli-yukleyici-tork\/","name":"VOLVO TEKERLEKL\u0130 Y\u00dcKLEY\u0130C\u0130 Y\u00dcKLEY\u0130C\u0130 TORK YEDEK PAR\u00c7ALARI","isPartOf":{"@id":"https:\/\/eyli.com.tr\/#website"},"primaryImageOfPage":{"@id":"https:\/\/eyli.com.tr\/tekerlekli-yukleyici-tork\/#primaryimage"},"image":{"@id":"https:\/\/eyli.com.tr\/tekerlekli-yukleyici-tork\/#primaryimage"},"thumbnailUrl":"http:\/\/eyli.com.tr\/wp-content\/uploads\/2016\/05\/tekerlekli-yukleyici-tork.png","datePublished":"2016-05-14T13:26:29+00:00","dateModified":"2016-10-12T21:02:01+00:00","breadcrumb":{"@id":"https:\/\/eyli.com.tr\/tekerlekli-yukleyici-tork\/#breadcrumb"},"inLanguage":"ru-RU","potentialAction":[{"@type":"ReadAction","target":["https:\/\/eyli.com.tr\/tekerlekli-yukleyici-tork\/"]}]},{"@type":"ImageObject","inLanguage":"ru-RU","@id":"https:\/\/eyli.com.tr\/tekerlekli-yukleyici-tork\/#primaryimage","url":"http:\/\/eyli.com.tr\/wp-content\/uploads\/2016\/05\/tekerlekli-yukleyici-tork.png","contentUrl":"http:\/\/eyli.com.tr\/wp-content\/uploads\/2016\/05\/tekerlekli-yukleyici-tork.png"},{"@type":"BreadcrumbList","@id":"https:\/\/eyli.com.tr\/tekerlekli-yukleyici-tork\/#breadcrumb","itemListElement":[{"@type":"ListItem","position":1,"name":"Ana sayfa","item":"https:\/\/eyli.com.tr\/"},{"@type":"ListItem","position":2,"name":"Tekerlekli Y\u00fckleyici Tork"}]},{"@type":"WebSite","@id":"https:\/\/eyli.com.tr\/#website","url":"https:\/\/eyli.com.tr\/","name":"Eyli \u0130\u015f Makineleri","description":"","publisher":{"@id":"https:\/\/eyli.com.tr\/#organization"},"potentialAction":[{"@type":"SearchAction","target":{"@type":"EntryPoint","urlTemplate":"https:\/\/eyli.com.tr\/?s={search_term_string}"},"query-input":{"@type":"PropertyValueSpecification","valueRequired":true,"valueName":"search_term_string"}}],"inLanguage":"ru-RU"},{"@type":"Organization","@id":"https:\/\/eyli.com.tr\/#organization","name":"Eyli \u0130\u015f Makineleri","url":"https:\/\/eyli.com.tr\/","logo":{"@type":"ImageObject","inLanguage":"ru-RU","@id":"https:\/\/eyli.com.tr\/#\/schema\/logo\/image\/","url":"https:\/\/eyli.com.tr\/wp-content\/uploads\/2020\/04\/WhatsApp-Image-2020-04-23-at-03.11.52-e1587829137284.jpeg","contentUrl":"https:\/\/eyli.com.tr\/wp-content\/uploads\/2020\/04\/WhatsApp-Image-2020-04-23-at-03.11.52-e1587829137284.jpeg","width":1600,"height":900,"caption":"Eyli \u0130\u015f Makineleri"},"image":{"@id":"https:\/\/eyli.com.tr\/#\/schema\/logo\/image\/"},"sameAs":["https:\/\/www.facebook.com\/eylicomtr"]}]}},"_links":{"self":[{"href":"https:\/\/eyli.com.tr\/ru\/wp-json\/wp\/v2\/pages\/995","targetHints":{"allow":["GET"]}}],"collection":[{"href":"https:\/\/eyli.com.tr\/ru\/wp-json\/wp\/v2\/pages"}],"about":[{"href":"https:\/\/eyli.com.tr\/ru\/wp-json\/wp\/v2\/types\/page"}],"author":[{"embeddable":true,"href":"https:\/\/eyli.com.tr\/ru\/wp-json\/wp\/v2\/users\/1"}],"replies":[{"embeddable":true,"href":"https:\/\/eyli.com.tr\/ru\/wp-json\/wp\/v2\/comments?post=995"}],"version-history":[{"count":5,"href":"https:\/\/eyli.com.tr\/ru\/wp-json\/wp\/v2\/pages\/995\/revisions"}],"predecessor-version":[{"id":1713,"href":"https:\/\/eyli.com.tr\/ru\/wp-json\/wp\/v2\/pages\/995\/revisions\/1713"}],"wp:attachment":[{"href":"https:\/\/eyli.com.tr\/ru\/wp-json\/wp\/v2\/media?parent=995"}],"curies":[{"name":"wp","href":"https:\/\/api.w.org\/{rel}","templated":true}]}}