{"id":993,"date":"2016-05-14T16:29:45","date_gmt":"2016-05-14T13:29:45","guid":{"rendered":"http:\/\/eyli.com.tr\/?page_id=993"},"modified":"2016-10-12T20:56:30","modified_gmt":"2016-10-12T17:56:30","slug":"tekerlekli-yukleyici-silindir-kapak-contasi","status":"publish","type":"page","link":"https:\/\/eyli.com.tr\/ru\/tekerlekli-yukleyici-silindir-kapak-contasi\/","title":{"rendered":"\u0423\u043f\u043b\u043e\u0442\u043d\u0438\u0442\u0435\u043b\u044c \u0433\u043e\u043b\u043e\u0432\u043a\u0438 \u0446\u0438\u043b\u0438\u043d\u0434\u0440\u0430 \u043a\u043e\u043b\u0451\u0441\u043d\u043e\u0433\u043e \u043f\u043e\u0433\u0440\u0443\u0437\u0447\u0438\u043a\u0430"},"content":{"rendered":"<p><img loading=\"lazy\" decoding=\"async\" class=\"aligncenter size-full wp-image-1020\" src=\"http:\/\/eyli.com.tr\/wp-content\/uploads\/2016\/05\/tekerlekli-yukleyici-silindir-kapak-contasi.png\" alt=\"tekerlekli-yukleyici-silindir-kapak-contasi\" width=\"2977\" height=\"2103\" srcset=\"https:\/\/eyli.com.tr\/wp-content\/uploads\/2016\/05\/tekerlekli-yukleyici-silindir-kapak-contasi.png 2977w, https:\/\/eyli.com.tr\/wp-content\/uploads\/2016\/05\/tekerlekli-yukleyici-silindir-kapak-contasi-300x212.png 300w, https:\/\/eyli.com.tr\/wp-content\/uploads\/2016\/05\/tekerlekli-yukleyici-silindir-kapak-contasi-768x543.png 768w, https:\/\/eyli.com.tr\/wp-content\/uploads\/2016\/05\/tekerlekli-yukleyici-silindir-kapak-contasi-1024x723.png 1024w\" sizes=\"auto, (max-width: 2977px) 100vw, 2977px\" \/><\/p>\n<p>&nbsp;<\/p>\n<p><strong>\u0417\u0410\u041f\u0427\u0410\u0421\u0422\u0418 \u0423\u041f\u041b\u041e\u0422\u041d\u0418\u0422\u0415\u041b\u042f \u0413\u041e\u041b\u041e\u0412\u041a\u0418 \u0426\u0418\u041b\u0418\u041d\u0414\u0420\u0410 \u041a\u041e\u041b\u0401\u0421\u041d\u041e\u0413\u041e \u041f\u041e\u0413\u0420\u0423\u0417\u0427\u0418\u041a\u0410 VOLVO <\/strong><\/p>\n<table class=\"table table-bordered\">\n<tbody>\n<tr>\n<td>\u041f\u043e\u0437\u0438\u0446\u0438\u044f<\/td>\n<td>\u041d\u043e\u043c\u0435\u0440 \u0434\u0435\u0442\u0430\u043b\u0438<\/td>\n<td>\u041d\u0430\u0438\u043c\u0435\u043d\u043e\u0432\u0430\u043d\u0438\u0435 \u0437\u0430\u043f\u0447\u0430\u0441\u0442\u0438<\/td>\n<\/tr>\n<tr>\n<td><\/td>\n<td>VOE15173113<\/td>\n<td>\u0414\u0432\u0438\u0433\u0430\u0442\u0435\u043b\u044c-Engine<\/td>\n<\/tr>\n<tr>\n<td>1<\/td>\n<td><\/td>\n<td>\u0413\u043e\u043b\u043e\u0432\u043a\u0430 \u0446\u0438\u043b\u0438\u043d\u0434\u0440\u0430-Cylinder head<\/td>\n<\/tr>\n<tr>\n<td>2<\/td>\n<td><\/td>\n<td>\u0426\u0438\u043b\u0438\u043d\u0434\u0440\u0438\u0447\u0435\u0441\u043a\u0438\u0439 \u0431\u043b\u043e\u043a-Cylinder block<\/td>\n<\/tr>\n<tr>\n<td>3<\/td>\n<td><\/td>\n<td>\u041a\u043b\u0430\u043f\u0430\u043d\u043d\u0439 \u043c\u0435\u0445\u0430\u043d\u0438\u0437\u043c-Valve mechanism<\/td>\n<\/tr>\n<tr>\n<td>4<\/td>\n<td><\/td>\n<td>Timing gears<\/td>\n<\/tr>\n<tr>\n<td>5<\/td>\n<td><\/td>\n<td>\u041a\u043e\u043b\u0435\u043d\u0447\u0430\u0442\u044b\u0439 \u0432\u0430\u043b -Crankshaft<\/td>\n<\/tr>\n<tr>\n<td>6<\/td>\n<td><\/td>\n<td>Flywheel Hsg<\/td>\n<\/tr>\n<tr>\n<td>7<\/td>\n<td><\/td>\n<td>\u041f\u043e\u0434\u0434\u043e\u043d \u043a\u0430\u0440\u0442\u0435\u0440\u0430 -Oil sump<\/td>\n<\/tr>\n<tr>\n<td>8<\/td>\n<td><\/td>\n<td>Oil Dipstick<\/td>\n<\/tr>\n<tr>\n<td>9<\/td>\n<td><\/td>\n<td>\u0421\u0438\u0441\u0442\u0435\u043c\u0430 \u0441\u043c\u0430\u0437\u043a\u0438 -Lubricating system<\/td>\n<\/tr>\n<tr>\n<td>10<\/td>\n<td><\/td>\n<td>\u041c\u0430\u0441\u043b\u044f\u043d\u044b\u0439 \u0444\u0438\u043b\u044c\u0442\u0440 -Oil filter<\/td>\n<\/tr>\n<tr>\n<td>11<\/td>\n<td><\/td>\n<td>\u0421\u0438\u0441\u0442\u0435\u043c\u0430 \u043f\u043e\u0434\u0430\u0447\u0438 \u0442\u043e\u043f\u043b\u0438\u0432\u0430 -Fuel system<\/td>\n<\/tr>\n<tr>\n<td>12<\/td>\n<td><\/td>\n<td>Inlet Manifold<\/td>\n<\/tr>\n<tr>\n<td>13<\/td>\n<td><\/td>\n<td>\u0412\u044b\u0445\u043b\u043e\u043f\u043d\u0430\u044f \u0442\u0440\u0443\u0431\u0430-Exhaust Manifol<\/td>\n<\/tr>\n<tr>\n<td>14<\/td>\n<td><\/td>\n<td>\u0422\u0443\u0440\u0431\u043e\u043d\u0430\u0433\u043d\u0435\u0442\u0430\u0442\u0435\u043b\u044c -Turbocharger<\/td>\n<\/tr>\n<tr>\n<td>15<\/td>\n<td><\/td>\n<td>Crankcase Venti<\/td>\n<\/tr>\n<tr>\n<td>16<\/td>\n<td><\/td>\n<td>\u041e\u0445\u043b\u0430\u0434\u0438\u0442\u0435\u043b\u044c\u043d\u044b\u0439 \u043d\u0430\u0441\u043e\u0441 -Coolant pump<\/td>\n<\/tr>\n<tr>\n<td>17<\/td>\n<td><\/td>\n<td>Belt Xmsn<\/td>\n<\/tr>\n<tr>\n<td>18<\/td>\n<td><\/td>\n<td>E-ECU<\/td>\n<\/tr>\n<tr>\n<td>19<\/td>\n<td><\/td>\n<td>Cable harness<\/td>\n<\/tr>\n<tr>\n<td>20<\/td>\n<td><\/td>\n<td>Egr Cooler<\/td>\n<\/tr>\n<tr>\n<td>21<\/td>\n<td><\/td>\n<td>\u0421\u0442\u0430\u0440\u0442\u0435\u0440\u043d\u044b\u0439 \u0434\u0432\u0438\u0433\u0430\u0442\u0435\u043b\u044c -Starter Motor<\/td>\n<\/tr>\n<tr>\n<td>22<\/td>\n<td><\/td>\n<td>Starter Element<\/td>\n<\/tr>\n<\/tbody>\n<\/table>\n<p>\u0417\u0430\u043f\u0447\u0430\u0441\u0442\u0438 \u0443\u043f\u043b\u043e\u0442\u043d\u0438\u0442\u0435\u043b\u044f \u0433\u043e\u043b\u043e\u0432\u043a\u0438 \u0446\u0438\u043b\u0438\u043d\u0434\u0440\u0430 \u043a\u043e\u043b\u0451\u0441\u043d\u043e\u0433\u043e \u043f\u043e\u0433\u0440\u0443\u0437\u0447\u0438\u043a\u0430 VOLVO<\/p>\n<p>\u043e\u0442\u043d\u043e\u0441\u044f\u0442\u0441\u044f \u043a \u0443\u043a\u0430\u0437\u0430\u043d\u043d\u044b\u043c \u043d\u0438\u0436\u0435 \u043c\u043e\u0434\u0435\u043b\u044f\u043c \u0441\u0442\u0440\u043e\u0438\u0442\u0435\u043b\u044c\u043d\u043e\u0439 \u0442\u0435\u0445\u043d\u0438\u043a\u0438 VOLVO:<\/p>\n<p>L120E, L120F, L120G,L150E, L150F,L150G,L180E,L180F,L180G,L220E,L220F,L220G,L250G,L330C,L350F<\/p>","protected":false},"excerpt":{"rendered":"<p>&nbsp; \u0417\u0410\u041f\u0427\u0410\u0421\u0422\u0418 \u0423\u041f\u041b\u041e\u0422\u041d\u0418\u0422\u0415\u041b\u042f \u0413\u041e\u041b\u041e\u0412\u041a\u0418 \u0426\u0418\u041b\u0418\u041d\u0414\u0420\u0410 \u041a\u041e\u041b\u0401\u0421\u041d\u041e\u0413\u041e \u041f\u041e\u0413\u0420\u0423\u0417\u0427\u0418\u041a\u0410 VOLVO \u041f\u043e\u0437\u0438\u0446\u0438\u044f \u041d\u043e\u043c\u0435\u0440 \u0434\u0435\u0442\u0430\u043b\u0438 \u041d\u0430\u0438\u043c\u0435\u043d\u043e\u0432\u0430\u043d\u0438\u0435 \u0437\u0430\u043f\u0447\u0430\u0441\u0442\u0438 VOE15173113 \u0414\u0432\u0438\u0433\u0430\u0442\u0435\u043b\u044c-Engine 1 \u0413\u043e\u043b\u043e\u0432\u043a\u0430 \u0446\u0438\u043b\u0438\u043d\u0434\u0440\u0430-Cylinder head 2 \u0426\u0438\u043b\u0438\u043d\u0434\u0440\u0438\u0447\u0435\u0441\u043a\u0438\u0439 \u0431\u043b\u043e\u043a-Cylinder block 3 \u041a\u043b\u0430\u043f\u0430\u043d\u043d\u0439 \u043c\u0435\u0445\u0430\u043d\u0438\u0437\u043c-Valve mechanism 4 Timing gears 5 \u041a\u043e\u043b\u0435\u043d\u0447\u0430\u0442\u044b\u0439 \u0432\u0430\u043b -Crankshaft 6 Flywheel Hsg 7 \u041f\u043e\u0434\u0434\u043e\u043d \u043a\u0430\u0440\u0442\u0435\u0440\u0430 -Oil sump 8 Oil Dipstick 9 \u0421\u0438\u0441\u0442\u0435\u043c\u0430 \u0441\u043c\u0430\u0437\u043a\u0438 -Lubricating system 10 \u041c\u0430\u0441\u043b\u044f\u043d\u044b\u0439 \u0444\u0438\u043b\u044c\u0442\u0440 -Oil filter [&hellip;]<\/p>\n","protected":false},"author":1,"featured_media":0,"parent":0,"menu_order":0,"comment_status":"closed","ping_status":"closed","template":"page-fullwidth.php","meta":{"footnotes":""},"class_list":["post-993","page","type-page","status-publish","hentry"],"yoast_head":"<!-- This site is optimized with the Yoast SEO plugin v26.8 - https:\/\/yoast.com\/product\/yoast-seo-wordpress\/ -->\n<title>VOLVO TEKERLEKL\u0130 Y\u00dcKLEY\u0130C\u0130 S\u0130L\u0130ND\u0130R KAPAK CONTASI YEDEK PAR\u00c7ALARI<\/title>\n<meta name=\"robots\" content=\"index, follow, max-snippet:-1, max-image-preview:large, max-video-preview:-1\" \/>\n<link rel=\"canonical\" href=\"https:\/\/eyli.com.tr\/tekerlekli-yukleyici-silindir-kapak-contasi\/\" \/>\n<meta property=\"og:locale\" content=\"ru_RU\" \/>\n<meta property=\"og:type\" content=\"article\" \/>\n<meta property=\"og:title\" content=\"VOLVO TEKERLEKL\u0130 Y\u00dcKLEY\u0130C\u0130 S\u0130L\u0130ND\u0130R KAPAK CONTASI YEDEK PAR\u00c7ALARI\" \/>\n<meta property=\"og:description\" content=\"&nbsp; \u0417\u0410\u041f\u0427\u0410\u0421\u0422\u0418 \u0423\u041f\u041b\u041e\u0422\u041d\u0418\u0422\u0415\u041b\u042f \u0413\u041e\u041b\u041e\u0412\u041a\u0418 \u0426\u0418\u041b\u0418\u041d\u0414\u0420\u0410 \u041a\u041e\u041b\u0401\u0421\u041d\u041e\u0413\u041e \u041f\u041e\u0413\u0420\u0423\u0417\u0427\u0418\u041a\u0410 VOLVO \u041f\u043e\u0437\u0438\u0446\u0438\u044f \u041d\u043e\u043c\u0435\u0440 \u0434\u0435\u0442\u0430\u043b\u0438 \u041d\u0430\u0438\u043c\u0435\u043d\u043e\u0432\u0430\u043d\u0438\u0435 \u0437\u0430\u043f\u0447\u0430\u0441\u0442\u0438 VOE15173113 \u0414\u0432\u0438\u0433\u0430\u0442\u0435\u043b\u044c-Engine 1 \u0413\u043e\u043b\u043e\u0432\u043a\u0430 \u0446\u0438\u043b\u0438\u043d\u0434\u0440\u0430-Cylinder head 2 \u0426\u0438\u043b\u0438\u043d\u0434\u0440\u0438\u0447\u0435\u0441\u043a\u0438\u0439 \u0431\u043b\u043e\u043a-Cylinder block 3 \u041a\u043b\u0430\u043f\u0430\u043d\u043d\u0439 \u043c\u0435\u0445\u0430\u043d\u0438\u0437\u043c-Valve mechanism 4 Timing gears 5 \u041a\u043e\u043b\u0435\u043d\u0447\u0430\u0442\u044b\u0439 \u0432\u0430\u043b -Crankshaft 6 Flywheel Hsg 7 \u041f\u043e\u0434\u0434\u043e\u043d \u043a\u0430\u0440\u0442\u0435\u0440\u0430 -Oil sump 8 Oil Dipstick 9 \u0421\u0438\u0441\u0442\u0435\u043c\u0430 \u0441\u043c\u0430\u0437\u043a\u0438 -Lubricating system 10 \u041c\u0430\u0441\u043b\u044f\u043d\u044b\u0439 \u0444\u0438\u043b\u044c\u0442\u0440 -Oil filter [&hellip;]\" \/>\n<meta property=\"og:url\" content=\"https:\/\/eyli.com.tr\/tekerlekli-yukleyici-silindir-kapak-contasi\/\" \/>\n<meta property=\"og:site_name\" content=\"Eyli \u0130\u015f Makineleri\" \/>\n<meta property=\"article:publisher\" content=\"https:\/\/www.facebook.com\/eylicomtr\" \/>\n<meta property=\"article:modified_time\" content=\"2016-10-12T17:56:30+00:00\" \/>\n<meta property=\"og:image\" content=\"http:\/\/eyli.com.tr\/wp-content\/uploads\/2016\/05\/tekerlekli-yukleyici-silindir-kapak-contasi.png\" \/>\n<meta name=\"twitter:card\" content=\"summary_large_image\" \/>\n<meta name=\"twitter:label1\" content=\"\u041f\u0440\u0438\u043c\u0435\u0440\u043d\u043e\u0435 \u0432\u0440\u0435\u043c\u044f \u0434\u043b\u044f \u0447\u0442\u0435\u043d\u0438\u044f\" \/>\n\t<meta name=\"twitter:data1\" content=\"2 \u043c\u0438\u043d\u0443\u0442\u044b\" \/>\n<script type=\"application\/ld+json\" class=\"yoast-schema-graph\">{\"@context\":\"https:\/\/schema.org\",\"@graph\":[{\"@type\":\"WebPage\",\"@id\":\"https:\/\/eyli.com.tr\/tekerlekli-yukleyici-silindir-kapak-contasi\/\",\"url\":\"https:\/\/eyli.com.tr\/tekerlekli-yukleyici-silindir-kapak-contasi\/\",\"name\":\"VOLVO TEKERLEKL\u0130 Y\u00dcKLEY\u0130C\u0130 S\u0130L\u0130ND\u0130R KAPAK CONTASI YEDEK PAR\u00c7ALARI\",\"isPartOf\":{\"@id\":\"https:\/\/eyli.com.tr\/#website\"},\"primaryImageOfPage\":{\"@id\":\"https:\/\/eyli.com.tr\/tekerlekli-yukleyici-silindir-kapak-contasi\/#primaryimage\"},\"image\":{\"@id\":\"https:\/\/eyli.com.tr\/tekerlekli-yukleyici-silindir-kapak-contasi\/#primaryimage\"},\"thumbnailUrl\":\"http:\/\/eyli.com.tr\/wp-content\/uploads\/2016\/05\/tekerlekli-yukleyici-silindir-kapak-contasi.png\",\"datePublished\":\"2016-05-14T13:29:45+00:00\",\"dateModified\":\"2016-10-12T17:56:30+00:00\",\"breadcrumb\":{\"@id\":\"https:\/\/eyli.com.tr\/tekerlekli-yukleyici-silindir-kapak-contasi\/#breadcrumb\"},\"inLanguage\":\"ru-RU\",\"potentialAction\":[{\"@type\":\"ReadAction\",\"target\":[\"https:\/\/eyli.com.tr\/tekerlekli-yukleyici-silindir-kapak-contasi\/\"]}]},{\"@type\":\"ImageObject\",\"inLanguage\":\"ru-RU\",\"@id\":\"https:\/\/eyli.com.tr\/tekerlekli-yukleyici-silindir-kapak-contasi\/#primaryimage\",\"url\":\"http:\/\/eyli.com.tr\/wp-content\/uploads\/2016\/05\/tekerlekli-yukleyici-silindir-kapak-contasi.png\",\"contentUrl\":\"http:\/\/eyli.com.tr\/wp-content\/uploads\/2016\/05\/tekerlekli-yukleyici-silindir-kapak-contasi.png\"},{\"@type\":\"BreadcrumbList\",\"@id\":\"https:\/\/eyli.com.tr\/tekerlekli-yukleyici-silindir-kapak-contasi\/#breadcrumb\",\"itemListElement\":[{\"@type\":\"ListItem\",\"position\":1,\"name\":\"Ana sayfa\",\"item\":\"https:\/\/eyli.com.tr\/\"},{\"@type\":\"ListItem\",\"position\":2,\"name\":\"Tekerlekli Y\u00fckleyici Silindir Kapak Contas\u0131\"}]},{\"@type\":\"WebSite\",\"@id\":\"https:\/\/eyli.com.tr\/#website\",\"url\":\"https:\/\/eyli.com.tr\/\",\"name\":\"Eyli \u0130\u015f Makineleri\",\"description\":\"\",\"publisher\":{\"@id\":\"https:\/\/eyli.com.tr\/#organization\"},\"potentialAction\":[{\"@type\":\"SearchAction\",\"target\":{\"@type\":\"EntryPoint\",\"urlTemplate\":\"https:\/\/eyli.com.tr\/?s={search_term_string}\"},\"query-input\":{\"@type\":\"PropertyValueSpecification\",\"valueRequired\":true,\"valueName\":\"search_term_string\"}}],\"inLanguage\":\"ru-RU\"},{\"@type\":\"Organization\",\"@id\":\"https:\/\/eyli.com.tr\/#organization\",\"name\":\"Eyli \u0130\u015f Makineleri\",\"url\":\"https:\/\/eyli.com.tr\/\",\"logo\":{\"@type\":\"ImageObject\",\"inLanguage\":\"ru-RU\",\"@id\":\"https:\/\/eyli.com.tr\/#\/schema\/logo\/image\/\",\"url\":\"https:\/\/eyli.com.tr\/wp-content\/uploads\/2020\/04\/WhatsApp-Image-2020-04-23-at-03.11.52-e1587829137284.jpeg\",\"contentUrl\":\"https:\/\/eyli.com.tr\/wp-content\/uploads\/2020\/04\/WhatsApp-Image-2020-04-23-at-03.11.52-e1587829137284.jpeg\",\"width\":1600,\"height\":900,\"caption\":\"Eyli \u0130\u015f Makineleri\"},\"image\":{\"@id\":\"https:\/\/eyli.com.tr\/#\/schema\/logo\/image\/\"},\"sameAs\":[\"https:\/\/www.facebook.com\/eylicomtr\"]}]}<\/script>\n<!-- \/ Yoast SEO plugin. -->","yoast_head_json":{"title":"VOLVO TEKERLEKL\u0130 Y\u00dcKLEY\u0130C\u0130 S\u0130L\u0130ND\u0130R KAPAK CONTASI YEDEK PAR\u00c7ALARI","robots":{"index":"index","follow":"follow","max-snippet":"max-snippet:-1","max-image-preview":"max-image-preview:large","max-video-preview":"max-video-preview:-1"},"canonical":"https:\/\/eyli.com.tr\/tekerlekli-yukleyici-silindir-kapak-contasi\/","og_locale":"ru_RU","og_type":"article","og_title":"VOLVO TEKERLEKL\u0130 Y\u00dcKLEY\u0130C\u0130 S\u0130L\u0130ND\u0130R KAPAK CONTASI YEDEK PAR\u00c7ALARI","og_description":"&nbsp; \u0417\u0410\u041f\u0427\u0410\u0421\u0422\u0418 \u0423\u041f\u041b\u041e\u0422\u041d\u0418\u0422\u0415\u041b\u042f \u0413\u041e\u041b\u041e\u0412\u041a\u0418 \u0426\u0418\u041b\u0418\u041d\u0414\u0420\u0410 \u041a\u041e\u041b\u0401\u0421\u041d\u041e\u0413\u041e \u041f\u041e\u0413\u0420\u0423\u0417\u0427\u0418\u041a\u0410 VOLVO \u041f\u043e\u0437\u0438\u0446\u0438\u044f \u041d\u043e\u043c\u0435\u0440 \u0434\u0435\u0442\u0430\u043b\u0438 \u041d\u0430\u0438\u043c\u0435\u043d\u043e\u0432\u0430\u043d\u0438\u0435 \u0437\u0430\u043f\u0447\u0430\u0441\u0442\u0438 VOE15173113 \u0414\u0432\u0438\u0433\u0430\u0442\u0435\u043b\u044c-Engine 1 \u0413\u043e\u043b\u043e\u0432\u043a\u0430 \u0446\u0438\u043b\u0438\u043d\u0434\u0440\u0430-Cylinder head 2 \u0426\u0438\u043b\u0438\u043d\u0434\u0440\u0438\u0447\u0435\u0441\u043a\u0438\u0439 \u0431\u043b\u043e\u043a-Cylinder block 3 \u041a\u043b\u0430\u043f\u0430\u043d\u043d\u0439 \u043c\u0435\u0445\u0430\u043d\u0438\u0437\u043c-Valve mechanism 4 Timing gears 5 \u041a\u043e\u043b\u0435\u043d\u0447\u0430\u0442\u044b\u0439 \u0432\u0430\u043b -Crankshaft 6 Flywheel Hsg 7 \u041f\u043e\u0434\u0434\u043e\u043d \u043a\u0430\u0440\u0442\u0435\u0440\u0430 -Oil sump 8 Oil Dipstick 9 \u0421\u0438\u0441\u0442\u0435\u043c\u0430 \u0441\u043c\u0430\u0437\u043a\u0438 -Lubricating system 10 \u041c\u0430\u0441\u043b\u044f\u043d\u044b\u0439 \u0444\u0438\u043b\u044c\u0442\u0440 -Oil filter [&hellip;]","og_url":"https:\/\/eyli.com.tr\/tekerlekli-yukleyici-silindir-kapak-contasi\/","og_site_name":"Eyli \u0130\u015f Makineleri","article_publisher":"https:\/\/www.facebook.com\/eylicomtr","article_modified_time":"2016-10-12T17:56:30+00:00","og_image":[{"url":"http:\/\/eyli.com.tr\/wp-content\/uploads\/2016\/05\/tekerlekli-yukleyici-silindir-kapak-contasi.png","type":"","width":"","height":""}],"twitter_card":"summary_large_image","twitter_misc":{"\u041f\u0440\u0438\u043c\u0435\u0440\u043d\u043e\u0435 \u0432\u0440\u0435\u043c\u044f \u0434\u043b\u044f \u0447\u0442\u0435\u043d\u0438\u044f":"2 \u043c\u0438\u043d\u0443\u0442\u044b"},"schema":{"@context":"https:\/\/schema.org","@graph":[{"@type":"WebPage","@id":"https:\/\/eyli.com.tr\/tekerlekli-yukleyici-silindir-kapak-contasi\/","url":"https:\/\/eyli.com.tr\/tekerlekli-yukleyici-silindir-kapak-contasi\/","name":"VOLVO TEKERLEKL\u0130 Y\u00dcKLEY\u0130C\u0130 S\u0130L\u0130ND\u0130R KAPAK CONTASI YEDEK PAR\u00c7ALARI","isPartOf":{"@id":"https:\/\/eyli.com.tr\/#website"},"primaryImageOfPage":{"@id":"https:\/\/eyli.com.tr\/tekerlekli-yukleyici-silindir-kapak-contasi\/#primaryimage"},"image":{"@id":"https:\/\/eyli.com.tr\/tekerlekli-yukleyici-silindir-kapak-contasi\/#primaryimage"},"thumbnailUrl":"http:\/\/eyli.com.tr\/wp-content\/uploads\/2016\/05\/tekerlekli-yukleyici-silindir-kapak-contasi.png","datePublished":"2016-05-14T13:29:45+00:00","dateModified":"2016-10-12T17:56:30+00:00","breadcrumb":{"@id":"https:\/\/eyli.com.tr\/tekerlekli-yukleyici-silindir-kapak-contasi\/#breadcrumb"},"inLanguage":"ru-RU","potentialAction":[{"@type":"ReadAction","target":["https:\/\/eyli.com.tr\/tekerlekli-yukleyici-silindir-kapak-contasi\/"]}]},{"@type":"ImageObject","inLanguage":"ru-RU","@id":"https:\/\/eyli.com.tr\/tekerlekli-yukleyici-silindir-kapak-contasi\/#primaryimage","url":"http:\/\/eyli.com.tr\/wp-content\/uploads\/2016\/05\/tekerlekli-yukleyici-silindir-kapak-contasi.png","contentUrl":"http:\/\/eyli.com.tr\/wp-content\/uploads\/2016\/05\/tekerlekli-yukleyici-silindir-kapak-contasi.png"},{"@type":"BreadcrumbList","@id":"https:\/\/eyli.com.tr\/tekerlekli-yukleyici-silindir-kapak-contasi\/#breadcrumb","itemListElement":[{"@type":"ListItem","position":1,"name":"Ana sayfa","item":"https:\/\/eyli.com.tr\/"},{"@type":"ListItem","position":2,"name":"Tekerlekli Y\u00fckleyici Silindir Kapak Contas\u0131"}]},{"@type":"WebSite","@id":"https:\/\/eyli.com.tr\/#website","url":"https:\/\/eyli.com.tr\/","name":"Eyli \u0130\u015f Makineleri","description":"","publisher":{"@id":"https:\/\/eyli.com.tr\/#organization"},"potentialAction":[{"@type":"SearchAction","target":{"@type":"EntryPoint","urlTemplate":"https:\/\/eyli.com.tr\/?s={search_term_string}"},"query-input":{"@type":"PropertyValueSpecification","valueRequired":true,"valueName":"search_term_string"}}],"inLanguage":"ru-RU"},{"@type":"Organization","@id":"https:\/\/eyli.com.tr\/#organization","name":"Eyli \u0130\u015f Makineleri","url":"https:\/\/eyli.com.tr\/","logo":{"@type":"ImageObject","inLanguage":"ru-RU","@id":"https:\/\/eyli.com.tr\/#\/schema\/logo\/image\/","url":"https:\/\/eyli.com.tr\/wp-content\/uploads\/2020\/04\/WhatsApp-Image-2020-04-23-at-03.11.52-e1587829137284.jpeg","contentUrl":"https:\/\/eyli.com.tr\/wp-content\/uploads\/2020\/04\/WhatsApp-Image-2020-04-23-at-03.11.52-e1587829137284.jpeg","width":1600,"height":900,"caption":"Eyli \u0130\u015f Makineleri"},"image":{"@id":"https:\/\/eyli.com.tr\/#\/schema\/logo\/image\/"},"sameAs":["https:\/\/www.facebook.com\/eylicomtr"]}]}},"_links":{"self":[{"href":"https:\/\/eyli.com.tr\/ru\/wp-json\/wp\/v2\/pages\/993","targetHints":{"allow":["GET"]}}],"collection":[{"href":"https:\/\/eyli.com.tr\/ru\/wp-json\/wp\/v2\/pages"}],"about":[{"href":"https:\/\/eyli.com.tr\/ru\/wp-json\/wp\/v2\/types\/page"}],"author":[{"embeddable":true,"href":"https:\/\/eyli.com.tr\/ru\/wp-json\/wp\/v2\/users\/1"}],"replies":[{"embeddable":true,"href":"https:\/\/eyli.com.tr\/ru\/wp-json\/wp\/v2\/comments?post=993"}],"version-history":[{"count":5,"href":"https:\/\/eyli.com.tr\/ru\/wp-json\/wp\/v2\/pages\/993\/revisions"}],"predecessor-version":[{"id":1703,"href":"https:\/\/eyli.com.tr\/ru\/wp-json\/wp\/v2\/pages\/993\/revisions\/1703"}],"wp:attachment":[{"href":"https:\/\/eyli.com.tr\/ru\/wp-json\/wp\/v2\/media?parent=993"}],"curies":[{"name":"wp","href":"https:\/\/api.w.org\/{rel}","templated":true}]}}