{"id":977,"date":"2016-05-14T16:41:43","date_gmt":"2016-05-14T13:41:43","guid":{"rendered":"http:\/\/eyli.com.tr\/?page_id=977"},"modified":"2016-10-12T23:22:31","modified_gmt":"2016-10-12T20:22:31","slug":"tekerlekli-yukleyici-eksoz-subap","status":"publish","type":"page","link":"https:\/\/eyli.com.tr\/ru\/tekerlekli-yukleyici-eksoz-subap\/","title":{"rendered":"\u0412\u044b\u043f\u0443\u0441\u043a\u043d\u043e\u0439 \u043a\u043b\u0430\u043f\u0430\u043d \u043a\u043e\u043b\u0451\u0441\u043d\u043e\u0433\u043e \u043f\u043e\u0433\u0440\u0443\u0437\u0447\u0438\u043a\u0430"},"content":{"rendered":"<p><img loading=\"lazy\" decoding=\"async\" class=\"aligncenter size-full wp-image-1005\" src=\"http:\/\/eyli.com.tr\/wp-content\/uploads\/2016\/05\/tekerlekli-yukleyici-eksoz-subap.png\" alt=\"tekerlekli-yukleyici-eksoz-subap\" width=\"2977\" height=\"2103\" srcset=\"https:\/\/eyli.com.tr\/wp-content\/uploads\/2016\/05\/tekerlekli-yukleyici-eksoz-subap.png 2977w, https:\/\/eyli.com.tr\/wp-content\/uploads\/2016\/05\/tekerlekli-yukleyici-eksoz-subap-300x212.png 300w, https:\/\/eyli.com.tr\/wp-content\/uploads\/2016\/05\/tekerlekli-yukleyici-eksoz-subap-768x543.png 768w, https:\/\/eyli.com.tr\/wp-content\/uploads\/2016\/05\/tekerlekli-yukleyici-eksoz-subap-1024x723.png 1024w\" sizes=\"auto, (max-width: 2977px) 100vw, 2977px\" \/><\/p>\n<p><strong>\u0417\u0410\u041f\u0427\u0410\u0421\u0422\u0418 \u0412<\/strong><strong>\u042b<\/strong><strong>\u041f\u0423\u0421\u041a\u041d\u041e\u0413\u041e \u041a\u041b\u0410\u041f\u0410\u041d\u0410 \u041a\u041e\u041b\u0401\u0421\u041d\u041e\u0413\u041e \u041f\u041e\u0413\u0420\u0423\u0417<\/strong><strong>\u0427<\/strong><strong>\u0418\u041a\u0410 VOLVO<\/strong><\/p>\n<table class=\"table table-bordered\">\n<tbody>\n<tr>\n<td>\u041f\u043e\u0437\u0438\u0446\u0438\u044f<\/td>\n<td>\u041d\u043e\u043c\u0435\u0440 \u0434\u0435\u0442\u0430\u043b\u0438<\/td>\n<td>\u041d\u0430\u0438\u043c\u0435\u043d\u043e\u0432\u0430\u043d\u0438\u0435 \u0437\u0430\u043f\u0447\u0430\u0441\u0442\u0438<\/td>\n<\/tr>\n<tr>\n<td>1<\/td>\n<td>VOE21460896<\/td>\n<td>\u0413\u043e\u043b\u043e\u0432\u043a\u0430 \u0446\u0438\u043b\u0438\u043d\u0434\u0440\u0430-Cylinder head<\/td>\n<\/tr>\n<tr>\n<td>1<\/td>\n<td>VOE21297143<\/td>\n<td>\u0413\u043e\u043b\u043e\u0432\u043a\u0430 \u0446\u0438\u043b\u0438\u043d\u0434\u0440\u0430-Cylinder head<\/td>\n<\/tr>\n<tr>\n<td>2<\/td>\n<td>VOE20813823<\/td>\n<td>\u041a\u043e\u0440\u043f\u0443\u0441 \u043f\u043e\u0434\u0448\u0438\u043f\u043d\u0438\u043a\u0430-Bearing Housing<\/td>\n<\/tr>\n<tr>\n<td>3<\/td>\n<td>VOE950542<\/td>\n<td>\u0428\u0442\u0438\u0444\u0442-Pin<\/td>\n<\/tr>\n<tr>\n<td>4<\/td>\n<td>VOE1677189<\/td>\n<td>\u2022\u2022Pin<\/td>\n<\/tr>\n<tr>\n<td>5<\/td>\n<td>VOE950562<\/td>\n<td>\u2022\u2022Pin<\/td>\n<\/tr>\n<tr>\n<td>6<\/td>\n<td>VOE20907267<\/td>\n<td>\u2022Bearing Housing<\/td>\n<\/tr>\n<tr>\n<td>7<\/td>\n<td>VOE950542<\/td>\n<td>\u2022\u2022Pin<\/td>\n<\/tr>\n<tr>\n<td>8<\/td>\n<td>VOE1636468<\/td>\n<td>\u2022\u2022Sleeve<\/td>\n<\/tr>\n<tr>\n<td>9<\/td>\n<td>VOE950562<\/td>\n<td>\u2022\u2022Pin<\/td>\n<\/tr>\n<tr>\n<td>10<\/td>\n<td>VOE13975105<\/td>\n<td>\u2022Flange screw<\/td>\n<\/tr>\n<tr>\n<td>11<\/td>\n<td>VOE21344778<\/td>\n<td>\u2022Flange screw<\/td>\n<\/tr>\n<tr>\n<td>12<\/td>\n<td>VOE20412482<\/td>\n<td>\u2022Flange screw<\/td>\n<\/tr>\n<tr>\n<td>13<\/td>\n<td>VOE20904074<\/td>\n<td>\u2022Valve guide<\/td>\n<\/tr>\n<tr>\n<td>14<\/td>\n<td>VOE20740804<\/td>\n<td>\u2022Valve seat<\/td>\n<\/tr>\n<tr>\n<td>14<\/td>\n<td>VOE20561997<\/td>\n<td>\u2022Valve seat<\/td>\n<\/tr>\n<tr>\n<td>15<\/td>\n<td>VOE20530103<\/td>\n<td>\u2022Valve seat<\/td>\n<\/tr>\n<tr>\n<td>16<\/td>\n<td>VOE21515329<\/td>\n<td>\u2022Injector sleeve<\/td>\n<\/tr>\n<tr>\n<td>16<\/td>\n<td>VOE20981856<\/td>\n<td>\u2022Sleeve<\/td>\n<\/tr>\n<tr>\n<td>17<\/td>\n<td>VOE20536487<\/td>\n<td>\u2022\u2022O-ring<\/td>\n<\/tr>\n<tr>\n<td>17<\/td>\n<td>VOE20536487<\/td>\n<td>\u2022O-ring<\/td>\n<\/tr>\n<tr>\n<td>18<\/td>\n<td>VOE24426721<\/td>\n<td>\u2022Cap plug<\/td>\n<\/tr>\n<tr>\n<td>19<\/td>\n<td>VOE24426722<\/td>\n<td>\u2022Cap plug<\/td>\n<\/tr>\n<tr>\n<td>20<\/td>\n<td>VOE960628<\/td>\n<td>\u2022Plug<\/td>\n<\/tr>\n<tr>\n<td>21<\/td>\n<td>VOE13947281<\/td>\n<td>\u2022Gasket<\/td>\n<\/tr>\n<tr>\n<td>22<\/td>\n<td>VOE20559837<\/td>\n<td>\u2022Bracket<\/td>\n<\/tr>\n<tr>\n<td>23<\/td>\n<td>VOE959220<\/td>\n<td>\u2022Allen Hd Screw<\/td>\n<\/tr>\n<tr>\n<td>24<\/td>\n<td>VOE13944926<\/td>\n<td>\u2022Screw<\/td>\n<\/tr>\n<tr>\n<td>25<\/td>\n<td>VOE945583<\/td>\n<td>\u2022Washer<\/td>\n<\/tr>\n<tr>\n<td>26<\/td>\n<td>VOE20740798<\/td>\n<td>\u2022Inlet valve<\/td>\n<\/tr>\n<tr>\n<td>27<\/td>\n<td>VOE20768519<\/td>\n<td>\u2022Exhaust valve<\/td>\n<\/tr>\n<tr>\n<td>28<\/td>\n<td>VOE20864662<\/td>\n<td>\u2022Valve seal<\/td>\n<\/tr>\n<tr>\n<td>29<\/td>\n<td>VOE21310068<\/td>\n<td>\u2022Valve spring<\/td>\n<\/tr>\n<tr>\n<td>30<\/td>\n<td>VOE3183211<\/td>\n<td>\u2022Valve spring<\/td>\n<\/tr>\n<tr>\n<td>31<\/td>\n<td>VOE20510743<\/td>\n<td>\u2022Valve spring washer<\/td>\n<\/tr>\n<tr>\n<td>32<\/td>\n<td>VOE20510747<\/td>\n<td>\u2022Valve cotter<\/td>\n<\/tr>\n<tr>\n<td>33<\/td>\n<td>VOE1546528<\/td>\n<td>\u2022Plug<\/td>\n<\/tr>\n<tr>\n<td>34<\/td>\n<td>VOE1547252<\/td>\n<td>\u2022Sealing ring<\/td>\n<\/tr>\n<tr>\n<td>35<\/td>\n<td>VOE1546531<\/td>\n<td>\u2022Lock brace<\/td>\n<\/tr>\n<tr>\n<td>36<\/td>\n<td>VOE947107<\/td>\n<td>\u2022Flange screw<\/td>\n<\/tr>\n<tr>\n<td>37<\/td>\n<td>VOE13966143<\/td>\n<td>\u2022Plug<\/td>\n<\/tr>\n<tr>\n<td>38<\/td>\n<td>VOE13947622<\/td>\n<td>\u2022Plane gasket<\/td>\n<\/tr>\n<tr>\n<td>39<\/td>\n<td>VOE20908338<\/td>\n<td>\u2022Guide<\/td>\n<\/tr>\n<tr>\n<td>39<\/td>\n<td>VOE20908338<\/td>\n<td>Guide<\/td>\n<\/tr>\n<\/tbody>\n<\/table>\n<p>\u0417\u0430\u043f\u0447\u0430\u0441\u0442\u0438 \u0432\u044b\u043f\u0443\u0441\u043a\u043d\u043e\u0433\u043e \u043a\u043b\u0430\u043f\u0430\u043d\u0430 \u043a\u043e\u043b\u0451\u0441\u043d\u043e\u0433\u043e \u043f\u043e\u0433\u0440\u0443\u0437\u0447\u0438\u043a\u0430 VOLVO<\/p>\n<p>\u043e\u0442\u043d\u043e\u0441\u044f\u0442\u0441\u044f \u043a \u0443\u043a\u0430\u0437\u0430\u043d\u043d\u044b\u043c \u043d\u0438\u0436\u0435 \u043c\u043e\u0434\u0435\u043b\u044f\u043c \u0441\u0442\u0440\u043e\u0438\u0442\u0435\u043b\u044c\u043d\u043e\u0439 \u0442\u0435\u0445\u043d\u0438\u043a\u0438 VOLVO:<\/p>\n<p>L120E, L120F, L120G,L150E, L150F,L150G,L180E,L180F,L180G,L220E,L220F,L220G,L250G,L330C,L350F<\/p>","protected":false},"excerpt":{"rendered":"<p>\u0417\u0410\u041f\u0427\u0410\u0421\u0422\u0418 \u0412\u042b\u041f\u0423\u0421\u041a\u041d\u041e\u0413\u041e \u041a\u041b\u0410\u041f\u0410\u041d\u0410 \u041a\u041e\u041b\u0401\u0421\u041d\u041e\u0413\u041e \u041f\u041e\u0413\u0420\u0423\u0417\u0427\u0418\u041a\u0410 VOLVO \u041f\u043e\u0437\u0438\u0446\u0438\u044f \u041d\u043e\u043c\u0435\u0440 \u0434\u0435\u0442\u0430\u043b\u0438 \u041d\u0430\u0438\u043c\u0435\u043d\u043e\u0432\u0430\u043d\u0438\u0435 \u0437\u0430\u043f\u0447\u0430\u0441\u0442\u0438 1 VOE21460896 \u0413\u043e\u043b\u043e\u0432\u043a\u0430 \u0446\u0438\u043b\u0438\u043d\u0434\u0440\u0430-Cylinder head 1 VOE21297143 \u0413\u043e\u043b\u043e\u0432\u043a\u0430 \u0446\u0438\u043b\u0438\u043d\u0434\u0440\u0430-Cylinder head 2 VOE20813823 \u041a\u043e\u0440\u043f\u0443\u0441 \u043f\u043e\u0434\u0448\u0438\u043f\u043d\u0438\u043a\u0430-Bearing Housing 3 VOE950542 \u0428\u0442\u0438\u0444\u0442-Pin 4 VOE1677189 \u2022\u2022Pin 5 VOE950562 \u2022\u2022Pin 6 VOE20907267 \u2022Bearing Housing 7 VOE950542 \u2022\u2022Pin 8 VOE1636468 \u2022\u2022Sleeve 9 VOE950562 \u2022\u2022Pin 10 VOE13975105 \u2022Flange screw 11 VOE21344778 \u2022Flange [&hellip;]<\/p>\n","protected":false},"author":1,"featured_media":0,"parent":0,"menu_order":0,"comment_status":"closed","ping_status":"closed","template":"page-fullwidth.php","meta":{"footnotes":""},"class_list":["post-977","page","type-page","status-publish","hentry"],"yoast_head":"<!-- This site is optimized with the Yoast SEO plugin v26.8 - https:\/\/yoast.com\/product\/yoast-seo-wordpress\/ -->\n<title>VOLVO TEKERLEKL\u0130 Y\u00dcKLEY\u0130C\u0130 EKSOZ SUBAP YEDEK PAR\u00c7ALARI<\/title>\n<meta name=\"robots\" content=\"index, follow, max-snippet:-1, max-image-preview:large, max-video-preview:-1\" \/>\n<link rel=\"canonical\" href=\"https:\/\/eyli.com.tr\/tekerlekli-yukleyici-eksoz-subap\/\" \/>\n<meta property=\"og:locale\" content=\"ru_RU\" \/>\n<meta property=\"og:type\" content=\"article\" \/>\n<meta property=\"og:title\" content=\"VOLVO TEKERLEKL\u0130 Y\u00dcKLEY\u0130C\u0130 EKSOZ SUBAP YEDEK PAR\u00c7ALARI\" \/>\n<meta property=\"og:description\" content=\"\u0417\u0410\u041f\u0427\u0410\u0421\u0422\u0418 \u0412\u042b\u041f\u0423\u0421\u041a\u041d\u041e\u0413\u041e \u041a\u041b\u0410\u041f\u0410\u041d\u0410 \u041a\u041e\u041b\u0401\u0421\u041d\u041e\u0413\u041e \u041f\u041e\u0413\u0420\u0423\u0417\u0427\u0418\u041a\u0410 VOLVO \u041f\u043e\u0437\u0438\u0446\u0438\u044f \u041d\u043e\u043c\u0435\u0440 \u0434\u0435\u0442\u0430\u043b\u0438 \u041d\u0430\u0438\u043c\u0435\u043d\u043e\u0432\u0430\u043d\u0438\u0435 \u0437\u0430\u043f\u0447\u0430\u0441\u0442\u0438 1 VOE21460896 \u0413\u043e\u043b\u043e\u0432\u043a\u0430 \u0446\u0438\u043b\u0438\u043d\u0434\u0440\u0430-Cylinder head 1 VOE21297143 \u0413\u043e\u043b\u043e\u0432\u043a\u0430 \u0446\u0438\u043b\u0438\u043d\u0434\u0440\u0430-Cylinder head 2 VOE20813823 \u041a\u043e\u0440\u043f\u0443\u0441 \u043f\u043e\u0434\u0448\u0438\u043f\u043d\u0438\u043a\u0430-Bearing Housing 3 VOE950542 \u0428\u0442\u0438\u0444\u0442-Pin 4 VOE1677189 \u2022\u2022Pin 5 VOE950562 \u2022\u2022Pin 6 VOE20907267 \u2022Bearing Housing 7 VOE950542 \u2022\u2022Pin 8 VOE1636468 \u2022\u2022Sleeve 9 VOE950562 \u2022\u2022Pin 10 VOE13975105 \u2022Flange screw 11 VOE21344778 \u2022Flange [&hellip;]\" \/>\n<meta property=\"og:url\" content=\"https:\/\/eyli.com.tr\/tekerlekli-yukleyici-eksoz-subap\/\" \/>\n<meta property=\"og:site_name\" content=\"Eyli \u0130\u015f Makineleri\" \/>\n<meta property=\"article:publisher\" content=\"https:\/\/www.facebook.com\/eylicomtr\" \/>\n<meta property=\"article:modified_time\" content=\"2016-10-12T20:22:31+00:00\" \/>\n<meta property=\"og:image\" content=\"http:\/\/eyli.com.tr\/wp-content\/uploads\/2016\/05\/tekerlekli-yukleyici-eksoz-subap.png\" \/>\n<meta name=\"twitter:card\" content=\"summary_large_image\" \/>\n<meta name=\"twitter:label1\" content=\"\u041f\u0440\u0438\u043c\u0435\u0440\u043d\u043e\u0435 \u0432\u0440\u0435\u043c\u044f \u0434\u043b\u044f \u0447\u0442\u0435\u043d\u0438\u044f\" \/>\n\t<meta name=\"twitter:data1\" content=\"3 \u043c\u0438\u043d\u0443\u0442\u044b\" \/>\n<script type=\"application\/ld+json\" class=\"yoast-schema-graph\">{\"@context\":\"https:\/\/schema.org\",\"@graph\":[{\"@type\":\"WebPage\",\"@id\":\"https:\/\/eyli.com.tr\/tekerlekli-yukleyici-eksoz-subap\/\",\"url\":\"https:\/\/eyli.com.tr\/tekerlekli-yukleyici-eksoz-subap\/\",\"name\":\"VOLVO TEKERLEKL\u0130 Y\u00dcKLEY\u0130C\u0130 EKSOZ SUBAP YEDEK PAR\u00c7ALARI\",\"isPartOf\":{\"@id\":\"https:\/\/eyli.com.tr\/#website\"},\"primaryImageOfPage\":{\"@id\":\"https:\/\/eyli.com.tr\/tekerlekli-yukleyici-eksoz-subap\/#primaryimage\"},\"image\":{\"@id\":\"https:\/\/eyli.com.tr\/tekerlekli-yukleyici-eksoz-subap\/#primaryimage\"},\"thumbnailUrl\":\"http:\/\/eyli.com.tr\/wp-content\/uploads\/2016\/05\/tekerlekli-yukleyici-eksoz-subap.png\",\"datePublished\":\"2016-05-14T13:41:43+00:00\",\"dateModified\":\"2016-10-12T20:22:31+00:00\",\"breadcrumb\":{\"@id\":\"https:\/\/eyli.com.tr\/tekerlekli-yukleyici-eksoz-subap\/#breadcrumb\"},\"inLanguage\":\"ru-RU\",\"potentialAction\":[{\"@type\":\"ReadAction\",\"target\":[\"https:\/\/eyli.com.tr\/tekerlekli-yukleyici-eksoz-subap\/\"]}]},{\"@type\":\"ImageObject\",\"inLanguage\":\"ru-RU\",\"@id\":\"https:\/\/eyli.com.tr\/tekerlekli-yukleyici-eksoz-subap\/#primaryimage\",\"url\":\"http:\/\/eyli.com.tr\/wp-content\/uploads\/2016\/05\/tekerlekli-yukleyici-eksoz-subap.png\",\"contentUrl\":\"http:\/\/eyli.com.tr\/wp-content\/uploads\/2016\/05\/tekerlekli-yukleyici-eksoz-subap.png\"},{\"@type\":\"BreadcrumbList\",\"@id\":\"https:\/\/eyli.com.tr\/tekerlekli-yukleyici-eksoz-subap\/#breadcrumb\",\"itemListElement\":[{\"@type\":\"ListItem\",\"position\":1,\"name\":\"Ana sayfa\",\"item\":\"https:\/\/eyli.com.tr\/\"},{\"@type\":\"ListItem\",\"position\":2,\"name\":\"Tekerlekli Y\u00fckleyici Eksoz Subap\"}]},{\"@type\":\"WebSite\",\"@id\":\"https:\/\/eyli.com.tr\/#website\",\"url\":\"https:\/\/eyli.com.tr\/\",\"name\":\"Eyli \u0130\u015f Makineleri\",\"description\":\"\",\"publisher\":{\"@id\":\"https:\/\/eyli.com.tr\/#organization\"},\"potentialAction\":[{\"@type\":\"SearchAction\",\"target\":{\"@type\":\"EntryPoint\",\"urlTemplate\":\"https:\/\/eyli.com.tr\/?s={search_term_string}\"},\"query-input\":{\"@type\":\"PropertyValueSpecification\",\"valueRequired\":true,\"valueName\":\"search_term_string\"}}],\"inLanguage\":\"ru-RU\"},{\"@type\":\"Organization\",\"@id\":\"https:\/\/eyli.com.tr\/#organization\",\"name\":\"Eyli \u0130\u015f Makineleri\",\"url\":\"https:\/\/eyli.com.tr\/\",\"logo\":{\"@type\":\"ImageObject\",\"inLanguage\":\"ru-RU\",\"@id\":\"https:\/\/eyli.com.tr\/#\/schema\/logo\/image\/\",\"url\":\"https:\/\/eyli.com.tr\/wp-content\/uploads\/2020\/04\/WhatsApp-Image-2020-04-23-at-03.11.52-e1587829137284.jpeg\",\"contentUrl\":\"https:\/\/eyli.com.tr\/wp-content\/uploads\/2020\/04\/WhatsApp-Image-2020-04-23-at-03.11.52-e1587829137284.jpeg\",\"width\":1600,\"height\":900,\"caption\":\"Eyli \u0130\u015f Makineleri\"},\"image\":{\"@id\":\"https:\/\/eyli.com.tr\/#\/schema\/logo\/image\/\"},\"sameAs\":[\"https:\/\/www.facebook.com\/eylicomtr\"]}]}<\/script>\n<!-- \/ Yoast SEO plugin. -->","yoast_head_json":{"title":"VOLVO TEKERLEKL\u0130 Y\u00dcKLEY\u0130C\u0130 EKSOZ SUBAP YEDEK PAR\u00c7ALARI","robots":{"index":"index","follow":"follow","max-snippet":"max-snippet:-1","max-image-preview":"max-image-preview:large","max-video-preview":"max-video-preview:-1"},"canonical":"https:\/\/eyli.com.tr\/tekerlekli-yukleyici-eksoz-subap\/","og_locale":"ru_RU","og_type":"article","og_title":"VOLVO TEKERLEKL\u0130 Y\u00dcKLEY\u0130C\u0130 EKSOZ SUBAP YEDEK PAR\u00c7ALARI","og_description":"\u0417\u0410\u041f\u0427\u0410\u0421\u0422\u0418 \u0412\u042b\u041f\u0423\u0421\u041a\u041d\u041e\u0413\u041e \u041a\u041b\u0410\u041f\u0410\u041d\u0410 \u041a\u041e\u041b\u0401\u0421\u041d\u041e\u0413\u041e \u041f\u041e\u0413\u0420\u0423\u0417\u0427\u0418\u041a\u0410 VOLVO \u041f\u043e\u0437\u0438\u0446\u0438\u044f \u041d\u043e\u043c\u0435\u0440 \u0434\u0435\u0442\u0430\u043b\u0438 \u041d\u0430\u0438\u043c\u0435\u043d\u043e\u0432\u0430\u043d\u0438\u0435 \u0437\u0430\u043f\u0447\u0430\u0441\u0442\u0438 1 VOE21460896 \u0413\u043e\u043b\u043e\u0432\u043a\u0430 \u0446\u0438\u043b\u0438\u043d\u0434\u0440\u0430-Cylinder head 1 VOE21297143 \u0413\u043e\u043b\u043e\u0432\u043a\u0430 \u0446\u0438\u043b\u0438\u043d\u0434\u0440\u0430-Cylinder head 2 VOE20813823 \u041a\u043e\u0440\u043f\u0443\u0441 \u043f\u043e\u0434\u0448\u0438\u043f\u043d\u0438\u043a\u0430-Bearing Housing 3 VOE950542 \u0428\u0442\u0438\u0444\u0442-Pin 4 VOE1677189 \u2022\u2022Pin 5 VOE950562 \u2022\u2022Pin 6 VOE20907267 \u2022Bearing Housing 7 VOE950542 \u2022\u2022Pin 8 VOE1636468 \u2022\u2022Sleeve 9 VOE950562 \u2022\u2022Pin 10 VOE13975105 \u2022Flange screw 11 VOE21344778 \u2022Flange [&hellip;]","og_url":"https:\/\/eyli.com.tr\/tekerlekli-yukleyici-eksoz-subap\/","og_site_name":"Eyli \u0130\u015f Makineleri","article_publisher":"https:\/\/www.facebook.com\/eylicomtr","article_modified_time":"2016-10-12T20:22:31+00:00","og_image":[{"url":"http:\/\/eyli.com.tr\/wp-content\/uploads\/2016\/05\/tekerlekli-yukleyici-eksoz-subap.png","type":"","width":"","height":""}],"twitter_card":"summary_large_image","twitter_misc":{"\u041f\u0440\u0438\u043c\u0435\u0440\u043d\u043e\u0435 \u0432\u0440\u0435\u043c\u044f \u0434\u043b\u044f \u0447\u0442\u0435\u043d\u0438\u044f":"3 \u043c\u0438\u043d\u0443\u0442\u044b"},"schema":{"@context":"https:\/\/schema.org","@graph":[{"@type":"WebPage","@id":"https:\/\/eyli.com.tr\/tekerlekli-yukleyici-eksoz-subap\/","url":"https:\/\/eyli.com.tr\/tekerlekli-yukleyici-eksoz-subap\/","name":"VOLVO TEKERLEKL\u0130 Y\u00dcKLEY\u0130C\u0130 EKSOZ SUBAP YEDEK PAR\u00c7ALARI","isPartOf":{"@id":"https:\/\/eyli.com.tr\/#website"},"primaryImageOfPage":{"@id":"https:\/\/eyli.com.tr\/tekerlekli-yukleyici-eksoz-subap\/#primaryimage"},"image":{"@id":"https:\/\/eyli.com.tr\/tekerlekli-yukleyici-eksoz-subap\/#primaryimage"},"thumbnailUrl":"http:\/\/eyli.com.tr\/wp-content\/uploads\/2016\/05\/tekerlekli-yukleyici-eksoz-subap.png","datePublished":"2016-05-14T13:41:43+00:00","dateModified":"2016-10-12T20:22:31+00:00","breadcrumb":{"@id":"https:\/\/eyli.com.tr\/tekerlekli-yukleyici-eksoz-subap\/#breadcrumb"},"inLanguage":"ru-RU","potentialAction":[{"@type":"ReadAction","target":["https:\/\/eyli.com.tr\/tekerlekli-yukleyici-eksoz-subap\/"]}]},{"@type":"ImageObject","inLanguage":"ru-RU","@id":"https:\/\/eyli.com.tr\/tekerlekli-yukleyici-eksoz-subap\/#primaryimage","url":"http:\/\/eyli.com.tr\/wp-content\/uploads\/2016\/05\/tekerlekli-yukleyici-eksoz-subap.png","contentUrl":"http:\/\/eyli.com.tr\/wp-content\/uploads\/2016\/05\/tekerlekli-yukleyici-eksoz-subap.png"},{"@type":"BreadcrumbList","@id":"https:\/\/eyli.com.tr\/tekerlekli-yukleyici-eksoz-subap\/#breadcrumb","itemListElement":[{"@type":"ListItem","position":1,"name":"Ana sayfa","item":"https:\/\/eyli.com.tr\/"},{"@type":"ListItem","position":2,"name":"Tekerlekli Y\u00fckleyici Eksoz Subap"}]},{"@type":"WebSite","@id":"https:\/\/eyli.com.tr\/#website","url":"https:\/\/eyli.com.tr\/","name":"Eyli \u0130\u015f Makineleri","description":"","publisher":{"@id":"https:\/\/eyli.com.tr\/#organization"},"potentialAction":[{"@type":"SearchAction","target":{"@type":"EntryPoint","urlTemplate":"https:\/\/eyli.com.tr\/?s={search_term_string}"},"query-input":{"@type":"PropertyValueSpecification","valueRequired":true,"valueName":"search_term_string"}}],"inLanguage":"ru-RU"},{"@type":"Organization","@id":"https:\/\/eyli.com.tr\/#organization","name":"Eyli \u0130\u015f Makineleri","url":"https:\/\/eyli.com.tr\/","logo":{"@type":"ImageObject","inLanguage":"ru-RU","@id":"https:\/\/eyli.com.tr\/#\/schema\/logo\/image\/","url":"https:\/\/eyli.com.tr\/wp-content\/uploads\/2020\/04\/WhatsApp-Image-2020-04-23-at-03.11.52-e1587829137284.jpeg","contentUrl":"https:\/\/eyli.com.tr\/wp-content\/uploads\/2020\/04\/WhatsApp-Image-2020-04-23-at-03.11.52-e1587829137284.jpeg","width":1600,"height":900,"caption":"Eyli \u0130\u015f Makineleri"},"image":{"@id":"https:\/\/eyli.com.tr\/#\/schema\/logo\/image\/"},"sameAs":["https:\/\/www.facebook.com\/eylicomtr"]}]}},"_links":{"self":[{"href":"https:\/\/eyli.com.tr\/ru\/wp-json\/wp\/v2\/pages\/977","targetHints":{"allow":["GET"]}}],"collection":[{"href":"https:\/\/eyli.com.tr\/ru\/wp-json\/wp\/v2\/pages"}],"about":[{"href":"https:\/\/eyli.com.tr\/ru\/wp-json\/wp\/v2\/types\/page"}],"author":[{"embeddable":true,"href":"https:\/\/eyli.com.tr\/ru\/wp-json\/wp\/v2\/users\/1"}],"replies":[{"embeddable":true,"href":"https:\/\/eyli.com.tr\/ru\/wp-json\/wp\/v2\/comments?post=977"}],"version-history":[{"count":4,"href":"https:\/\/eyli.com.tr\/ru\/wp-json\/wp\/v2\/pages\/977\/revisions"}],"predecessor-version":[{"id":1705,"href":"https:\/\/eyli.com.tr\/ru\/wp-json\/wp\/v2\/pages\/977\/revisions\/1705"}],"wp:attachment":[{"href":"https:\/\/eyli.com.tr\/ru\/wp-json\/wp\/v2\/media?parent=977"}],"curies":[{"name":"wp","href":"https:\/\/api.w.org\/{rel}","templated":true}]}}