{"id":779,"date":"2016-05-09T23:06:00","date_gmt":"2016-05-09T20:06:00","guid":{"rendered":"http:\/\/eyli.com.tr\/?page_id=779"},"modified":"2016-10-17T16:04:44","modified_gmt":"2016-10-17T13:04:44","slug":"ekskavator-silindir-kapak","status":"publish","type":"page","link":"https:\/\/eyli.com.tr\/ru\/ekskavator-silindir-kapak\/","title":{"rendered":"\u0413\u043e\u043b\u043e\u0432\u043a\u0430 \u0446\u0438\u043b\u0438\u043d\u0434\u0440\u0430 \u044d\u043a\u0441\u043a\u0430\u0432\u0430\u0442\u043e\u0440\u0430"},"content":{"rendered":"<p><img loading=\"lazy\" decoding=\"async\" class=\"aligncenter size-full wp-image-784\" src=\"http:\/\/eyli.com.tr\/wp-content\/uploads\/2016\/05\/ekskavator-silindir-kapak.png\" alt=\"ekskavator-silindir-kapak\" width=\"2977\" height=\"2103\" srcset=\"https:\/\/eyli.com.tr\/wp-content\/uploads\/2016\/05\/ekskavator-silindir-kapak.png 2977w, https:\/\/eyli.com.tr\/wp-content\/uploads\/2016\/05\/ekskavator-silindir-kapak-300x212.png 300w, https:\/\/eyli.com.tr\/wp-content\/uploads\/2016\/05\/ekskavator-silindir-kapak-768x543.png 768w, https:\/\/eyli.com.tr\/wp-content\/uploads\/2016\/05\/ekskavator-silindir-kapak-1024x723.png 1024w\" sizes=\"auto, (max-width: 2977px) 100vw, 2977px\" \/><\/p>\n<p>&nbsp;<\/p>\n<p><strong>\u0417\u0410\u041f\u0427\u0410\u0421\u0422\u0418 \u0413\u041e\u041b\u041e\u0412\u041a\u0418 \u0426\u0418\u041b\u0418\u041d\u0414\u0420\u0410 \u042d\u041a\u0421\u041a\u0410\u0412\u0410\u0422\u041e\u0420\u0410 VOLVO <\/strong><\/p>\n<table class=\"table table-bordered\">\n<tbody>\n<tr>\n<td>\u041f\u043e\u0437\u0438\u0446\u0438\u044f<\/td>\n<td>\u041d\u043e\u043c\u0435\u0440 \u0434\u0435\u0442\u0430\u043b\u0438<\/td>\n<td>\u041d\u0430\u0438\u043c\u0435\u043d\u043e\u0432\u0430\u043d\u0438\u0435 \u0437\u0430\u043f\u0447\u0430\u0441\u0442\u0438<\/td>\n<\/tr>\n<tr>\n<td>1<\/td>\n<td>VOE20478371<\/td>\n<td>\u0413\u043e\u043b\u043e\u0432\u043a\u0430 \u0446\u0438\u043b\u0438\u043d\u0434\u0440\u0430-Cylinder head<\/td>\n<\/tr>\n<tr>\n<td>2<\/td>\n<td>VOE3165130<\/td>\n<td>\u0413\u043d\u0435\u0437\u0434\u043e \u043f\u043e\u0434 \u043f\u043e\u0434\u0448\u0438\u043f\u043d\u0438\u043a -Bearing housing<\/td>\n<\/tr>\n<tr>\n<td>3<\/td>\n<td>VOE3165133<\/td>\n<td>\u0413\u043d\u0435\u0437\u0434\u043e \u043f\u043e\u0434 \u043f\u043e\u0434\u0448\u0438\u043f\u043d\u0438\u043a -Bearing housing<\/td>\n<\/tr>\n<tr>\n<td>4<\/td>\n<td>VOE3165136<\/td>\n<td>\u0413\u043d\u0435\u0437\u0434\u043e \u043f\u043e\u0434 \u043f\u043e\u0434\u0448\u0438\u043f\u043d\u0438\u043a -Bearing housing<\/td>\n<\/tr>\n<tr>\n<td>5<\/td>\n<td>VOE950542<\/td>\n<td>\u0428\u0442\u0438\u0444\u0442 -Pin<\/td>\n<\/tr>\n<tr>\n<td>6<\/td>\n<td>VOE1677189<\/td>\n<td>\u0420\u0443\u043a\u043e\u044f\u0442\u044c -Sleeve<\/td>\n<\/tr>\n<tr>\n<td>7<\/td>\n<td>VOE950562<\/td>\n<td>\u0428\u0442\u0438\u0444\u0442-Pin<\/td>\n<\/tr>\n<tr>\n<td>8<\/td>\n<td>VOE8170626<\/td>\n<td>\u0428\u043f\u0438\u043b\u044c\u043a\u0430-Stud<\/td>\n<\/tr>\n<tr>\n<td>9<\/td>\n<td>VOE1547889<\/td>\n<td>\u0412\u0438\u043d\u0442-Screw<\/td>\n<\/tr>\n<tr>\n<td>10<\/td>\n<td>VOE1547888<\/td>\n<td>\u0412\u0438\u043d\u0442-Screw<\/td>\n<\/tr>\n<tr>\n<td>11<\/td>\n<td>VOE1677283<\/td>\n<td>\u0412\u0438\u043d\u0442-Screw<\/td>\n<\/tr>\n<tr>\n<td>12<\/td>\n<td>VOE20905400<\/td>\n<td>\u041d\u0430\u043f\u0440\u0430\u0432\u043b\u044f\u044e\u0449\u0430\u044f \u0432\u0442\u0443\u043b\u043a\u0430 \u043a\u043b\u0430\u043f\u0430\u043d\u0430 -Valve guide<\/td>\n<\/tr>\n<tr>\n<td>13<\/td>\n<td>VOE20459329<\/td>\n<td>\u0421\u0435\u0434\u043b\u043e \u043a\u043b\u0430\u043f\u0430\u043d\u0430 -Valve seat<\/td>\n<\/tr>\n<tr>\n<td>14<\/td>\n<td>VOE3169366<\/td>\n<td>Valve<\/td>\n<\/tr>\n<tr>\n<td>15<\/td>\n<td>VOE3183368<\/td>\n<td>Sleeve<\/td>\n<\/tr>\n<tr>\n<td>16<\/td>\n<td>VOE20536487<\/td>\n<td>Oring-O-ring<\/td>\n<\/tr>\n<tr>\n<td>17<\/td>\n<td>VOE8131707<\/td>\n<td>Cap plug<\/td>\n<\/tr>\n<tr>\n<td>18<\/td>\n<td>VOE8170553<\/td>\n<td>Cap plug<\/td>\n<\/tr>\n<tr>\n<td>19<\/td>\n<td>VOE1544710<\/td>\n<td>Sealing ring<\/td>\n<\/tr>\n<tr>\n<td>20<\/td>\n<td>VOE990830<\/td>\n<td>Plug<\/td>\n<\/tr>\n<tr>\n<td>21<\/td>\n<td>VOE422426<\/td>\n<td>\u0428\u0442\u0438\u0444\u0442-Pin<\/td>\n<\/tr>\n<tr>\n<td>22<\/td>\n<td>VOE20441335<\/td>\n<td>Plug-fi\u015f<\/td>\n<\/tr>\n<tr>\n<td>23<\/td>\n<td>VOE13947281<\/td>\n<td>Gasket<\/td>\n<\/tr>\n<tr>\n<td>24<\/td>\n<td>VOE20459326<\/td>\n<td>\u0412\u043f\u0443\u0441\u043a\u043d\u043e\u0439 \u043a\u043b\u0430\u043f\u0430\u043d -Inlet valve<\/td>\n<\/tr>\n<tr>\n<td>25<\/td>\n<td>VOE20441945<\/td>\n<td>Exhaust valve<\/td>\n<\/tr>\n<tr>\n<td>26<\/td>\n<td>VOE859171<\/td>\n<td>Valve seal<\/td>\n<\/tr>\n<tr>\n<td>27<\/td>\n<td>VOE21310068<\/td>\n<td>Valve spring<\/td>\n<\/tr>\n<tr>\n<td>28<\/td>\n<td>VOE3183211<\/td>\n<td>\u041a\u043b\u0430\u043f\u0430\u043d\u043d\u0430\u044f \u043f\u0440\u0443\u0436\u0438\u043d\u0430 -Valve spring<\/td>\n<\/tr>\n<tr>\n<td>29<\/td>\n<td>VOE1546487<\/td>\n<td>\u041f\u0440\u0443\u0436\u0438\u043d\u043d\u0430\u044f \u0448\u0430\u0439\u0431\u0430 \u043a\u043b\u0430\u043f\u0430\u043d\u0430 -Valve spring washer<\/td>\n<\/tr>\n<tr>\n<td>30<\/td>\n<td>VOE1677875<\/td>\n<td>Valve Collet<\/td>\n<\/tr>\n<tr>\n<td>31<\/td>\n<td>VOE20463179<\/td>\n<td>\u041f\u0435\u0440\u0435\u0445\u043e\u0434\u043d\u0438\u043a-Adapter<\/td>\n<\/tr>\n<tr>\n<td>32<\/td>\n<td>VOE13949721<\/td>\n<td>O-ring<\/td>\n<\/tr>\n<tr>\n<td>33<\/td>\n<td>VOE3165025<\/td>\n<td>Plug<\/td>\n<\/tr>\n<tr>\n<td>33<\/td>\n<td>VOE3155171<\/td>\n<td>Plug<\/td>\n<\/tr>\n<tr>\n<td>34<\/td>\n<td>VOE949659<\/td>\n<td>Oring-O-ring<\/td>\n<\/tr>\n<\/tbody>\n<\/table>\n<p>\u0417\u0430\u043f\u0447\u0430\u0441\u0442\u0438 \u0433\u043e\u043b\u043e\u0432\u043a\u0438 \u0446\u0438\u043b\u0438\u043d\u0434\u0440\u0430 \u044d\u043a\u0441\u043a\u0430\u0432\u0430\u0442\u043e\u0440\u0430 VOLVO<\/p>\n<p>\u043e\u0442\u043d\u043e\u0441\u044f\u0442\u0441\u044f \u043a \u0443\u043a\u0430\u0437\u0430\u043d\u043d\u044b\u043c \u043d\u0438\u0436\u0435 \u043c\u043e\u0434\u0435\u043b\u044f\u043c \u044d\u043a\u0441\u043a\u0430\u0432\u0430\u0442\u043e\u0440\u043e\u0432 VOLVO:<\/p>\n<p>EC180B ,\u00a0EC210B,\u00a0EC240B,\u00a0EC290B,\u00a0EC360B,\u00a0EC460B<\/p>","protected":false},"excerpt":{"rendered":"<p>&nbsp; \u0417\u0410\u041f\u0427\u0410\u0421\u0422\u0418 \u0413\u041e\u041b\u041e\u0412\u041a\u0418 \u0426\u0418\u041b\u0418\u041d\u0414\u0420\u0410 \u042d\u041a\u0421\u041a\u0410\u0412\u0410\u0422\u041e\u0420\u0410 VOLVO \u041f\u043e\u0437\u0438\u0446\u0438\u044f \u041d\u043e\u043c\u0435\u0440 \u0434\u0435\u0442\u0430\u043b\u0438 \u041d\u0430\u0438\u043c\u0435\u043d\u043e\u0432\u0430\u043d\u0438\u0435 \u0437\u0430\u043f\u0447\u0430\u0441\u0442\u0438 1 VOE20478371 \u0413\u043e\u043b\u043e\u0432\u043a\u0430 \u0446\u0438\u043b\u0438\u043d\u0434\u0440\u0430-Cylinder head 2 VOE3165130 \u0413\u043d\u0435\u0437\u0434\u043e \u043f\u043e\u0434 \u043f\u043e\u0434\u0448\u0438\u043f\u043d\u0438\u043a -Bearing housing 3 VOE3165133 \u0413\u043d\u0435\u0437\u0434\u043e \u043f\u043e\u0434 \u043f\u043e\u0434\u0448\u0438\u043f\u043d\u0438\u043a -Bearing housing 4 VOE3165136 \u0413\u043d\u0435\u0437\u0434\u043e \u043f\u043e\u0434 \u043f\u043e\u0434\u0448\u0438\u043f\u043d\u0438\u043a -Bearing housing 5 VOE950542 \u0428\u0442\u0438\u0444\u0442 -Pin 6 VOE1677189 \u0420\u0443\u043a\u043e\u044f\u0442\u044c -Sleeve 7 VOE950562 \u0428\u0442\u0438\u0444\u0442-Pin 8 VOE8170626 \u0428\u043f\u0438\u043b\u044c\u043a\u0430-Stud 9 VOE1547889 \u0412\u0438\u043d\u0442-Screw 10 [&hellip;]<\/p>\n","protected":false},"author":1,"featured_media":0,"parent":0,"menu_order":0,"comment_status":"closed","ping_status":"closed","template":"page-fullwidth.php","meta":{"footnotes":""},"class_list":["post-779","page","type-page","status-publish","hentry"],"yoast_head":"<!-- This site is optimized with the Yoast SEO plugin v26.8 - https:\/\/yoast.com\/product\/yoast-seo-wordpress\/ -->\n<title>VOLVO EKSKAVAT\u00d6R S\u0130L\u0130ND\u0130R KAPAK YEDEK PAR\u00c7ALARI<\/title>\n<meta name=\"robots\" content=\"index, follow, max-snippet:-1, max-image-preview:large, max-video-preview:-1\" \/>\n<link rel=\"canonical\" href=\"https:\/\/eyli.com.tr\/ekskavator-silindir-kapak\/\" \/>\n<meta property=\"og:locale\" content=\"ru_RU\" \/>\n<meta property=\"og:type\" content=\"article\" \/>\n<meta property=\"og:title\" content=\"VOLVO EKSKAVAT\u00d6R S\u0130L\u0130ND\u0130R KAPAK YEDEK PAR\u00c7ALARI\" \/>\n<meta property=\"og:description\" content=\"&nbsp; \u0417\u0410\u041f\u0427\u0410\u0421\u0422\u0418 \u0413\u041e\u041b\u041e\u0412\u041a\u0418 \u0426\u0418\u041b\u0418\u041d\u0414\u0420\u0410 \u042d\u041a\u0421\u041a\u0410\u0412\u0410\u0422\u041e\u0420\u0410 VOLVO \u041f\u043e\u0437\u0438\u0446\u0438\u044f \u041d\u043e\u043c\u0435\u0440 \u0434\u0435\u0442\u0430\u043b\u0438 \u041d\u0430\u0438\u043c\u0435\u043d\u043e\u0432\u0430\u043d\u0438\u0435 \u0437\u0430\u043f\u0447\u0430\u0441\u0442\u0438 1 VOE20478371 \u0413\u043e\u043b\u043e\u0432\u043a\u0430 \u0446\u0438\u043b\u0438\u043d\u0434\u0440\u0430-Cylinder head 2 VOE3165130 \u0413\u043d\u0435\u0437\u0434\u043e \u043f\u043e\u0434 \u043f\u043e\u0434\u0448\u0438\u043f\u043d\u0438\u043a -Bearing housing 3 VOE3165133 \u0413\u043d\u0435\u0437\u0434\u043e \u043f\u043e\u0434 \u043f\u043e\u0434\u0448\u0438\u043f\u043d\u0438\u043a -Bearing housing 4 VOE3165136 \u0413\u043d\u0435\u0437\u0434\u043e \u043f\u043e\u0434 \u043f\u043e\u0434\u0448\u0438\u043f\u043d\u0438\u043a -Bearing housing 5 VOE950542 \u0428\u0442\u0438\u0444\u0442 -Pin 6 VOE1677189 \u0420\u0443\u043a\u043e\u044f\u0442\u044c -Sleeve 7 VOE950562 \u0428\u0442\u0438\u0444\u0442-Pin 8 VOE8170626 \u0428\u043f\u0438\u043b\u044c\u043a\u0430-Stud 9 VOE1547889 \u0412\u0438\u043d\u0442-Screw 10 [&hellip;]\" \/>\n<meta property=\"og:url\" content=\"https:\/\/eyli.com.tr\/ekskavator-silindir-kapak\/\" \/>\n<meta property=\"og:site_name\" content=\"Eyli \u0130\u015f Makineleri\" \/>\n<meta property=\"article:publisher\" content=\"https:\/\/www.facebook.com\/eylicomtr\" \/>\n<meta property=\"article:modified_time\" content=\"2016-10-17T13:04:44+00:00\" \/>\n<meta property=\"og:image\" content=\"http:\/\/eyli.com.tr\/wp-content\/uploads\/2016\/05\/ekskavator-silindir-kapak.png\" \/>\n<meta name=\"twitter:card\" content=\"summary_large_image\" \/>\n<meta name=\"twitter:label1\" content=\"\u041f\u0440\u0438\u043c\u0435\u0440\u043d\u043e\u0435 \u0432\u0440\u0435\u043c\u044f \u0434\u043b\u044f \u0447\u0442\u0435\u043d\u0438\u044f\" \/>\n\t<meta name=\"twitter:data1\" content=\"2 \u043c\u0438\u043d\u0443\u0442\u044b\" \/>\n<script type=\"application\/ld+json\" class=\"yoast-schema-graph\">{\"@context\":\"https:\/\/schema.org\",\"@graph\":[{\"@type\":\"WebPage\",\"@id\":\"https:\/\/eyli.com.tr\/ekskavator-silindir-kapak\/\",\"url\":\"https:\/\/eyli.com.tr\/ekskavator-silindir-kapak\/\",\"name\":\"VOLVO EKSKAVAT\u00d6R S\u0130L\u0130ND\u0130R KAPAK YEDEK PAR\u00c7ALARI\",\"isPartOf\":{\"@id\":\"https:\/\/eyli.com.tr\/#website\"},\"primaryImageOfPage\":{\"@id\":\"https:\/\/eyli.com.tr\/ekskavator-silindir-kapak\/#primaryimage\"},\"image\":{\"@id\":\"https:\/\/eyli.com.tr\/ekskavator-silindir-kapak\/#primaryimage\"},\"thumbnailUrl\":\"http:\/\/eyli.com.tr\/wp-content\/uploads\/2016\/05\/ekskavator-silindir-kapak.png\",\"datePublished\":\"2016-05-09T20:06:00+00:00\",\"dateModified\":\"2016-10-17T13:04:44+00:00\",\"breadcrumb\":{\"@id\":\"https:\/\/eyli.com.tr\/ekskavator-silindir-kapak\/#breadcrumb\"},\"inLanguage\":\"ru-RU\",\"potentialAction\":[{\"@type\":\"ReadAction\",\"target\":[\"https:\/\/eyli.com.tr\/ekskavator-silindir-kapak\/\"]}]},{\"@type\":\"ImageObject\",\"inLanguage\":\"ru-RU\",\"@id\":\"https:\/\/eyli.com.tr\/ekskavator-silindir-kapak\/#primaryimage\",\"url\":\"http:\/\/eyli.com.tr\/wp-content\/uploads\/2016\/05\/ekskavator-silindir-kapak.png\",\"contentUrl\":\"http:\/\/eyli.com.tr\/wp-content\/uploads\/2016\/05\/ekskavator-silindir-kapak.png\"},{\"@type\":\"BreadcrumbList\",\"@id\":\"https:\/\/eyli.com.tr\/ekskavator-silindir-kapak\/#breadcrumb\",\"itemListElement\":[{\"@type\":\"ListItem\",\"position\":1,\"name\":\"Ana sayfa\",\"item\":\"https:\/\/eyli.com.tr\/\"},{\"@type\":\"ListItem\",\"position\":2,\"name\":\"Ekskavat\u00f6r Silindir Kapak\"}]},{\"@type\":\"WebSite\",\"@id\":\"https:\/\/eyli.com.tr\/#website\",\"url\":\"https:\/\/eyli.com.tr\/\",\"name\":\"Eyli \u0130\u015f Makineleri\",\"description\":\"\",\"publisher\":{\"@id\":\"https:\/\/eyli.com.tr\/#organization\"},\"potentialAction\":[{\"@type\":\"SearchAction\",\"target\":{\"@type\":\"EntryPoint\",\"urlTemplate\":\"https:\/\/eyli.com.tr\/?s={search_term_string}\"},\"query-input\":{\"@type\":\"PropertyValueSpecification\",\"valueRequired\":true,\"valueName\":\"search_term_string\"}}],\"inLanguage\":\"ru-RU\"},{\"@type\":\"Organization\",\"@id\":\"https:\/\/eyli.com.tr\/#organization\",\"name\":\"Eyli \u0130\u015f Makineleri\",\"url\":\"https:\/\/eyli.com.tr\/\",\"logo\":{\"@type\":\"ImageObject\",\"inLanguage\":\"ru-RU\",\"@id\":\"https:\/\/eyli.com.tr\/#\/schema\/logo\/image\/\",\"url\":\"https:\/\/eyli.com.tr\/wp-content\/uploads\/2020\/04\/WhatsApp-Image-2020-04-23-at-03.11.52-e1587829137284.jpeg\",\"contentUrl\":\"https:\/\/eyli.com.tr\/wp-content\/uploads\/2020\/04\/WhatsApp-Image-2020-04-23-at-03.11.52-e1587829137284.jpeg\",\"width\":1600,\"height\":900,\"caption\":\"Eyli \u0130\u015f Makineleri\"},\"image\":{\"@id\":\"https:\/\/eyli.com.tr\/#\/schema\/logo\/image\/\"},\"sameAs\":[\"https:\/\/www.facebook.com\/eylicomtr\"]}]}<\/script>\n<!-- \/ Yoast SEO plugin. -->","yoast_head_json":{"title":"VOLVO EKSKAVAT\u00d6R S\u0130L\u0130ND\u0130R KAPAK YEDEK PAR\u00c7ALARI","robots":{"index":"index","follow":"follow","max-snippet":"max-snippet:-1","max-image-preview":"max-image-preview:large","max-video-preview":"max-video-preview:-1"},"canonical":"https:\/\/eyli.com.tr\/ekskavator-silindir-kapak\/","og_locale":"ru_RU","og_type":"article","og_title":"VOLVO EKSKAVAT\u00d6R S\u0130L\u0130ND\u0130R KAPAK YEDEK PAR\u00c7ALARI","og_description":"&nbsp; \u0417\u0410\u041f\u0427\u0410\u0421\u0422\u0418 \u0413\u041e\u041b\u041e\u0412\u041a\u0418 \u0426\u0418\u041b\u0418\u041d\u0414\u0420\u0410 \u042d\u041a\u0421\u041a\u0410\u0412\u0410\u0422\u041e\u0420\u0410 VOLVO \u041f\u043e\u0437\u0438\u0446\u0438\u044f \u041d\u043e\u043c\u0435\u0440 \u0434\u0435\u0442\u0430\u043b\u0438 \u041d\u0430\u0438\u043c\u0435\u043d\u043e\u0432\u0430\u043d\u0438\u0435 \u0437\u0430\u043f\u0447\u0430\u0441\u0442\u0438 1 VOE20478371 \u0413\u043e\u043b\u043e\u0432\u043a\u0430 \u0446\u0438\u043b\u0438\u043d\u0434\u0440\u0430-Cylinder head 2 VOE3165130 \u0413\u043d\u0435\u0437\u0434\u043e \u043f\u043e\u0434 \u043f\u043e\u0434\u0448\u0438\u043f\u043d\u0438\u043a -Bearing housing 3 VOE3165133 \u0413\u043d\u0435\u0437\u0434\u043e \u043f\u043e\u0434 \u043f\u043e\u0434\u0448\u0438\u043f\u043d\u0438\u043a -Bearing housing 4 VOE3165136 \u0413\u043d\u0435\u0437\u0434\u043e \u043f\u043e\u0434 \u043f\u043e\u0434\u0448\u0438\u043f\u043d\u0438\u043a -Bearing housing 5 VOE950542 \u0428\u0442\u0438\u0444\u0442 -Pin 6 VOE1677189 \u0420\u0443\u043a\u043e\u044f\u0442\u044c -Sleeve 7 VOE950562 \u0428\u0442\u0438\u0444\u0442-Pin 8 VOE8170626 \u0428\u043f\u0438\u043b\u044c\u043a\u0430-Stud 9 VOE1547889 \u0412\u0438\u043d\u0442-Screw 10 [&hellip;]","og_url":"https:\/\/eyli.com.tr\/ekskavator-silindir-kapak\/","og_site_name":"Eyli \u0130\u015f Makineleri","article_publisher":"https:\/\/www.facebook.com\/eylicomtr","article_modified_time":"2016-10-17T13:04:44+00:00","og_image":[{"url":"http:\/\/eyli.com.tr\/wp-content\/uploads\/2016\/05\/ekskavator-silindir-kapak.png","type":"","width":"","height":""}],"twitter_card":"summary_large_image","twitter_misc":{"\u041f\u0440\u0438\u043c\u0435\u0440\u043d\u043e\u0435 \u0432\u0440\u0435\u043c\u044f \u0434\u043b\u044f \u0447\u0442\u0435\u043d\u0438\u044f":"2 \u043c\u0438\u043d\u0443\u0442\u044b"},"schema":{"@context":"https:\/\/schema.org","@graph":[{"@type":"WebPage","@id":"https:\/\/eyli.com.tr\/ekskavator-silindir-kapak\/","url":"https:\/\/eyli.com.tr\/ekskavator-silindir-kapak\/","name":"VOLVO EKSKAVAT\u00d6R S\u0130L\u0130ND\u0130R KAPAK YEDEK PAR\u00c7ALARI","isPartOf":{"@id":"https:\/\/eyli.com.tr\/#website"},"primaryImageOfPage":{"@id":"https:\/\/eyli.com.tr\/ekskavator-silindir-kapak\/#primaryimage"},"image":{"@id":"https:\/\/eyli.com.tr\/ekskavator-silindir-kapak\/#primaryimage"},"thumbnailUrl":"http:\/\/eyli.com.tr\/wp-content\/uploads\/2016\/05\/ekskavator-silindir-kapak.png","datePublished":"2016-05-09T20:06:00+00:00","dateModified":"2016-10-17T13:04:44+00:00","breadcrumb":{"@id":"https:\/\/eyli.com.tr\/ekskavator-silindir-kapak\/#breadcrumb"},"inLanguage":"ru-RU","potentialAction":[{"@type":"ReadAction","target":["https:\/\/eyli.com.tr\/ekskavator-silindir-kapak\/"]}]},{"@type":"ImageObject","inLanguage":"ru-RU","@id":"https:\/\/eyli.com.tr\/ekskavator-silindir-kapak\/#primaryimage","url":"http:\/\/eyli.com.tr\/wp-content\/uploads\/2016\/05\/ekskavator-silindir-kapak.png","contentUrl":"http:\/\/eyli.com.tr\/wp-content\/uploads\/2016\/05\/ekskavator-silindir-kapak.png"},{"@type":"BreadcrumbList","@id":"https:\/\/eyli.com.tr\/ekskavator-silindir-kapak\/#breadcrumb","itemListElement":[{"@type":"ListItem","position":1,"name":"Ana sayfa","item":"https:\/\/eyli.com.tr\/"},{"@type":"ListItem","position":2,"name":"Ekskavat\u00f6r Silindir Kapak"}]},{"@type":"WebSite","@id":"https:\/\/eyli.com.tr\/#website","url":"https:\/\/eyli.com.tr\/","name":"Eyli \u0130\u015f Makineleri","description":"","publisher":{"@id":"https:\/\/eyli.com.tr\/#organization"},"potentialAction":[{"@type":"SearchAction","target":{"@type":"EntryPoint","urlTemplate":"https:\/\/eyli.com.tr\/?s={search_term_string}"},"query-input":{"@type":"PropertyValueSpecification","valueRequired":true,"valueName":"search_term_string"}}],"inLanguage":"ru-RU"},{"@type":"Organization","@id":"https:\/\/eyli.com.tr\/#organization","name":"Eyli \u0130\u015f Makineleri","url":"https:\/\/eyli.com.tr\/","logo":{"@type":"ImageObject","inLanguage":"ru-RU","@id":"https:\/\/eyli.com.tr\/#\/schema\/logo\/image\/","url":"https:\/\/eyli.com.tr\/wp-content\/uploads\/2020\/04\/WhatsApp-Image-2020-04-23-at-03.11.52-e1587829137284.jpeg","contentUrl":"https:\/\/eyli.com.tr\/wp-content\/uploads\/2020\/04\/WhatsApp-Image-2020-04-23-at-03.11.52-e1587829137284.jpeg","width":1600,"height":900,"caption":"Eyli \u0130\u015f Makineleri"},"image":{"@id":"https:\/\/eyli.com.tr\/#\/schema\/logo\/image\/"},"sameAs":["https:\/\/www.facebook.com\/eylicomtr"]}]}},"_links":{"self":[{"href":"https:\/\/eyli.com.tr\/ru\/wp-json\/wp\/v2\/pages\/779","targetHints":{"allow":["GET"]}}],"collection":[{"href":"https:\/\/eyli.com.tr\/ru\/wp-json\/wp\/v2\/pages"}],"about":[{"href":"https:\/\/eyli.com.tr\/ru\/wp-json\/wp\/v2\/types\/page"}],"author":[{"embeddable":true,"href":"https:\/\/eyli.com.tr\/ru\/wp-json\/wp\/v2\/users\/1"}],"replies":[{"embeddable":true,"href":"https:\/\/eyli.com.tr\/ru\/wp-json\/wp\/v2\/comments?post=779"}],"version-history":[{"count":5,"href":"https:\/\/eyli.com.tr\/ru\/wp-json\/wp\/v2\/pages\/779\/revisions"}],"predecessor-version":[{"id":1741,"href":"https:\/\/eyli.com.tr\/ru\/wp-json\/wp\/v2\/pages\/779\/revisions\/1741"}],"wp:attachment":[{"href":"https:\/\/eyli.com.tr\/ru\/wp-json\/wp\/v2\/media?parent=779"}],"curies":[{"name":"wp","href":"https:\/\/api.w.org\/{rel}","templated":true}]}}