{"id":729,"date":"2016-05-09T19:02:30","date_gmt":"2016-05-09T16:02:30","guid":{"rendered":"http:\/\/eyli.com.tr\/?page_id=729"},"modified":"2016-10-17T18:12:47","modified_gmt":"2016-10-17T15:12:47","slug":"ekskavator-kule-donus-motoru","status":"publish","type":"page","link":"https:\/\/eyli.com.tr\/ru\/ekskavator-kule-donus-motoru\/","title":{"rendered":"\u0414\u0432\u0438\u0433\u0430\u0442\u0435\u043b\u044c \u043f\u043e\u0432\u043e\u0440\u043e\u0442\u043d\u043e\u0439 \u043f\u043b\u0430\u0442\u0444\u043e\u0440\u043c\u044b \u044d\u043a\u0441\u043a\u0430\u0432\u0430\u0442\u043e\u0440\u0430"},"content":{"rendered":"<p><img loading=\"lazy\" decoding=\"async\" class=\"aligncenter size-full wp-image-730\" src=\"http:\/\/eyli.com.tr\/wp-content\/uploads\/2016\/05\/ekskavator-kule-donus-motoru.png\" alt=\"ekskavator-kule-donus-motoru\" width=\"2977\" height=\"2103\" srcset=\"https:\/\/eyli.com.tr\/wp-content\/uploads\/2016\/05\/ekskavator-kule-donus-motoru.png 2977w, https:\/\/eyli.com.tr\/wp-content\/uploads\/2016\/05\/ekskavator-kule-donus-motoru-300x212.png 300w, https:\/\/eyli.com.tr\/wp-content\/uploads\/2016\/05\/ekskavator-kule-donus-motoru-768x543.png 768w, https:\/\/eyli.com.tr\/wp-content\/uploads\/2016\/05\/ekskavator-kule-donus-motoru-1024x723.png 1024w\" sizes=\"auto, (max-width: 2977px) 100vw, 2977px\" \/><\/p>\n<p>&nbsp;<\/p>\n<p><strong>\u0417\u0410\u041f\u0427\u0410\u0421\u0422\u0418 \u0414\u0412\u0418\u0413\u0410\u0422\u0415\u041b\u042f \u041f\u041e\u0412\u041e\u0420\u041e\u0422\u041d\u041e\u0419 \u041f\u041b\u0410\u0422\u0424\u041e\u0420\u041c\u042b \u042d\u041a\u0421\u041a\u0410\u0412\u0410\u0422\u041e\u0420\u0410 VOLVO<\/strong><\/p>\n<table class=\"table table-bordered\">\n<tbody>\n<tr>\n<td>\u041f\u043e\u0437\u0438\u0446\u0438\u044f<\/td>\n<td>\u041d\u043e\u043c\u0435\u0440 \u0434\u0435\u0442\u0430\u043b\u0438<\/td>\n<td>\u041d\u0430\u0438\u043c\u0435\u043d\u043e\u0432\u0430\u043d\u0438\u0435 \u0437\u0430\u043f\u0447\u0430\u0441\u0442\u0438<\/td>\n<\/tr>\n<tr>\n<td><\/td>\n<td>VOE14596603<\/td>\n<td>Reduction gear<\/td>\n<\/tr>\n<tr>\n<td>1<\/td>\n<td>VOE14596609<\/td>\n<td>\u2022Case<\/td>\n<\/tr>\n<tr>\n<td>2<\/td>\n<td>VOE14596610<\/td>\n<td>\u2022Ring<\/td>\n<\/tr>\n<tr>\n<td>3<\/td>\n<td>VOE14596611<\/td>\n<td>\u0423\u043f\u043b\u043e\u0442\u043d\u0438\u0442\u0435\u043b\u044c\u043d\u043e\u0435 \u043a\u043e\u043b\u044c\u0446\u043e, \u0444\u0435\u0442\u0440-Sealing<\/td>\n<\/tr>\n<tr>\n<td>4<\/td>\n<td>SA9324-21317<\/td>\n<td>\u0428\u0442\u0438\u0444\u0442-Pin<\/td>\n<\/tr>\n<tr>\n<td>5<\/td>\n<td>VOE14596613<\/td>\n<td>\u0417\u0443\u0431\u0447\u0430\u0442\u043e\u0435 \u043a\u043e\u043b\u044c\u0446\u043e -Gear<\/td>\n<\/tr>\n<tr>\n<td>6<\/td>\n<td>VOE14596614<\/td>\n<td>\u041f\u043b\u0430\u043d\u0435\u0442\u0430\u0440\u043d\u0430\u044f \u0448\u0435\u0441\u0442\u0435\u0440\u043d\u044f-Planet carrier<\/td>\n<\/tr>\n<tr>\n<td>7<\/td>\n<td>VOE14596615<\/td>\n<td>\u0412\u043e\u0434\u0438\u043b\u043e \u043f\u043b\u0430\u043d\u0435\u0442\u0430\u0440\u043d\u043e\u0433\u043e \u043a\u043e\u043c\u043f\u043b\u0435\u043a\u0442\u0430 -Planet carrier<\/td>\n<\/tr>\n<tr>\n<td>8<\/td>\n<td>VOE14596619<\/td>\n<td>\u0428\u0442\u0438\u0444\u0442-Pin<\/td>\n<\/tr>\n<tr>\n<td>9<\/td>\n<td>VOE14596616<\/td>\n<td>\u2022\u2022Gear<\/td>\n<\/tr>\n<tr>\n<td>10<\/td>\n<td>VOE14596617<\/td>\n<td>\u2022\u2022Bushing<\/td>\n<\/tr>\n<tr>\n<td>11<\/td>\n<td>VOE14596618<\/td>\n<td>\u2022\u2022Washer<\/td>\n<\/tr>\n<tr>\n<td>12<\/td>\n<td>SA9325-10016<\/td>\n<td>\u2022\u2022Spring Pin<\/td>\n<\/tr>\n<tr>\n<td>13<\/td>\n<td>VOE14596620<\/td>\n<td>\u2022Gear<\/td>\n<\/tr>\n<tr>\n<td>14<\/td>\n<td>VOE14596621<\/td>\n<td>\u2022Plate<\/td>\n<\/tr>\n<tr>\n<td>15<\/td>\n<td>VOE14596622<\/td>\n<td>\u2022Planet carrier<\/td>\n<\/tr>\n<tr>\n<td>16<\/td>\n<td>VOE14596629<\/td>\n<td>\u2022Gear<\/td>\n<\/tr>\n<tr>\n<td>17<\/td>\n<td>VOE14596630<\/td>\n<td>\u041a\u0440\u044b\u0448\u043a\u0430-Cover<\/td>\n<\/tr>\n<tr>\n<td>18<\/td>\n<td>SA9415-43052<\/td>\n<td>\u2022Plug<\/td>\n<\/tr>\n<tr>\n<td>19<\/td>\n<td>SA9415-43012<\/td>\n<td>\u2022Plug<\/td>\n<\/tr>\n<tr>\n<td>20<\/td>\n<td>VOE14547261<\/td>\n<td>\u041f\u043e\u0434\u0448\u0438\u043f\u043d\u0438\u043a-Bearing<\/td>\n<\/tr>\n<tr>\n<td>21<\/td>\n<td>SA1036-00720<\/td>\n<td>\u041f\u043e\u0434\u0448\u0438\u043f\u043d\u0438\u043a-Bearing<\/td>\n<\/tr>\n<tr>\n<td>22<\/td>\n<td>VOE993162<\/td>\n<td>\u2022Hex. socket screw<\/td>\n<\/tr>\n<tr>\n<td>23<\/td>\n<td>VOE14596604<\/td>\n<td>\u0412\u0430\u043b-Shaft<\/td>\n<\/tr>\n<tr>\n<td>24<\/td>\n<td>VOE14596605<\/td>\n<td>\u2022Collar<\/td>\n<\/tr>\n<tr>\n<td>25<\/td>\n<td>VOE14596607<\/td>\n<td>\u2022Plate<\/td>\n<\/tr>\n<tr>\n<td>26<\/td>\n<td>VOE14596608<\/td>\n<td>\u2022Collar<\/td>\n<\/tr>\n<tr>\n<td>27<\/td>\n<td>VOE914167<\/td>\n<td>\u2022Lubricating nipple<\/td>\n<\/tr>\n<tr>\n<td>28<\/td>\n<td>SA9411-92830<\/td>\n<td>\u2022Elbow nipple<\/td>\n<\/tr>\n<tr>\n<td>29<\/td>\n<td>VOE14529015<\/td>\n<td>\u2022Valve<\/td>\n<\/tr>\n<\/tbody>\n<\/table>\n<p>\u0417\u0430\u043f\u0447\u0430\u0441\u0442\u0438 \u0434\u0432\u0438\u0433\u0430\u0442\u0435\u043b\u044f \u043f\u043e\u0432\u043e\u0440\u043e\u0442\u043d\u043e\u0439 \u043f\u043b\u0430\u0442\u0444\u043e\u0440\u043c\u044b \u044d\u043a\u0441\u043a\u0430\u0432\u0430\u0442\u043e\u0440\u0430 VOLVO<\/p>\n<p>\u043e\u0442\u043d\u043e\u0441\u044f\u0442\u0441\u044f \u043a \u0443\u043a\u0430\u0437\u0430\u043d\u043d\u044b\u043c \u043d\u0438\u0436\u0435 \u043c\u043e\u0434\u0435\u043b\u044f\u043c \u044d\u043a\u0441\u043a\u0430\u0432\u0430\u0442\u043e\u0440\u043e\u0432 VOLVO:<\/p>\n<p>EC180B ,\u00a0EC210B,\u00a0EC240B,\u00a0EC290B,\u00a0EC360B,\u00a0EC460B<\/p>","protected":false},"excerpt":{"rendered":"<p>&nbsp; \u0417\u0410\u041f\u0427\u0410\u0421\u0422\u0418 \u0414\u0412\u0418\u0413\u0410\u0422\u0415\u041b\u042f \u041f\u041e\u0412\u041e\u0420\u041e\u0422\u041d\u041e\u0419 \u041f\u041b\u0410\u0422\u0424\u041e\u0420\u041c\u042b \u042d\u041a\u0421\u041a\u0410\u0412\u0410\u0422\u041e\u0420\u0410 VOLVO \u041f\u043e\u0437\u0438\u0446\u0438\u044f \u041d\u043e\u043c\u0435\u0440 \u0434\u0435\u0442\u0430\u043b\u0438 \u041d\u0430\u0438\u043c\u0435\u043d\u043e\u0432\u0430\u043d\u0438\u0435 \u0437\u0430\u043f\u0447\u0430\u0441\u0442\u0438 VOE14596603 Reduction gear 1 VOE14596609 \u2022Case 2 VOE14596610 \u2022Ring 3 VOE14596611 \u0423\u043f\u043b\u043e\u0442\u043d\u0438\u0442\u0435\u043b\u044c\u043d\u043e\u0435 \u043a\u043e\u043b\u044c\u0446\u043e, \u0444\u0435\u0442\u0440-Sealing 4 SA9324-21317 \u0428\u0442\u0438\u0444\u0442-Pin 5 VOE14596613 \u0417\u0443\u0431\u0447\u0430\u0442\u043e\u0435 \u043a\u043e\u043b\u044c\u0446\u043e -Gear 6 VOE14596614 \u041f\u043b\u0430\u043d\u0435\u0442\u0430\u0440\u043d\u0430\u044f \u0448\u0435\u0441\u0442\u0435\u0440\u043d\u044f-Planet carrier 7 VOE14596615 \u0412\u043e\u0434\u0438\u043b\u043e \u043f\u043b\u0430\u043d\u0435\u0442\u0430\u0440\u043d\u043e\u0433\u043e \u043a\u043e\u043c\u043f\u043b\u0435\u043a\u0442\u0430 -Planet carrier 8 VOE14596619 \u0428\u0442\u0438\u0444\u0442-Pin 9 VOE14596616 \u2022\u2022Gear 10 VOE14596617 \u2022\u2022Bushing [&hellip;]<\/p>\n","protected":false},"author":1,"featured_media":0,"parent":0,"menu_order":0,"comment_status":"closed","ping_status":"closed","template":"page-fullwidth.php","meta":{"footnotes":""},"class_list":["post-729","page","type-page","status-publish","hentry"],"yoast_head":"<!-- This site is optimized with the Yoast SEO plugin v26.8 - https:\/\/yoast.com\/product\/yoast-seo-wordpress\/ -->\n<title>VOLVO EKSKAVAT\u00d6R KULE D\u00d6N\u00dc\u015e MOTORU YEDEK PAR\u00c7ALARI<\/title>\n<meta name=\"robots\" content=\"index, follow, max-snippet:-1, max-image-preview:large, max-video-preview:-1\" \/>\n<link rel=\"canonical\" href=\"https:\/\/eyli.com.tr\/ekskavator-kule-donus-motoru\/\" \/>\n<meta property=\"og:locale\" content=\"ru_RU\" \/>\n<meta property=\"og:type\" content=\"article\" \/>\n<meta property=\"og:title\" content=\"VOLVO EKSKAVAT\u00d6R KULE D\u00d6N\u00dc\u015e MOTORU YEDEK PAR\u00c7ALARI\" \/>\n<meta property=\"og:description\" content=\"&nbsp; \u0417\u0410\u041f\u0427\u0410\u0421\u0422\u0418 \u0414\u0412\u0418\u0413\u0410\u0422\u0415\u041b\u042f \u041f\u041e\u0412\u041e\u0420\u041e\u0422\u041d\u041e\u0419 \u041f\u041b\u0410\u0422\u0424\u041e\u0420\u041c\u042b \u042d\u041a\u0421\u041a\u0410\u0412\u0410\u0422\u041e\u0420\u0410 VOLVO \u041f\u043e\u0437\u0438\u0446\u0438\u044f \u041d\u043e\u043c\u0435\u0440 \u0434\u0435\u0442\u0430\u043b\u0438 \u041d\u0430\u0438\u043c\u0435\u043d\u043e\u0432\u0430\u043d\u0438\u0435 \u0437\u0430\u043f\u0447\u0430\u0441\u0442\u0438 VOE14596603 Reduction gear 1 VOE14596609 \u2022Case 2 VOE14596610 \u2022Ring 3 VOE14596611 \u0423\u043f\u043b\u043e\u0442\u043d\u0438\u0442\u0435\u043b\u044c\u043d\u043e\u0435 \u043a\u043e\u043b\u044c\u0446\u043e, \u0444\u0435\u0442\u0440-Sealing 4 SA9324-21317 \u0428\u0442\u0438\u0444\u0442-Pin 5 VOE14596613 \u0417\u0443\u0431\u0447\u0430\u0442\u043e\u0435 \u043a\u043e\u043b\u044c\u0446\u043e -Gear 6 VOE14596614 \u041f\u043b\u0430\u043d\u0435\u0442\u0430\u0440\u043d\u0430\u044f \u0448\u0435\u0441\u0442\u0435\u0440\u043d\u044f-Planet carrier 7 VOE14596615 \u0412\u043e\u0434\u0438\u043b\u043e \u043f\u043b\u0430\u043d\u0435\u0442\u0430\u0440\u043d\u043e\u0433\u043e \u043a\u043e\u043c\u043f\u043b\u0435\u043a\u0442\u0430 -Planet carrier 8 VOE14596619 \u0428\u0442\u0438\u0444\u0442-Pin 9 VOE14596616 \u2022\u2022Gear 10 VOE14596617 \u2022\u2022Bushing [&hellip;]\" \/>\n<meta property=\"og:url\" content=\"https:\/\/eyli.com.tr\/ekskavator-kule-donus-motoru\/\" \/>\n<meta property=\"og:site_name\" content=\"Eyli \u0130\u015f Makineleri\" \/>\n<meta property=\"article:publisher\" content=\"https:\/\/www.facebook.com\/eylicomtr\" \/>\n<meta property=\"article:modified_time\" content=\"2016-10-17T15:12:47+00:00\" \/>\n<meta property=\"og:image\" content=\"http:\/\/eyli.com.tr\/wp-content\/uploads\/2016\/05\/ekskavator-kule-donus-motoru.png\" \/>\n<meta name=\"twitter:card\" content=\"summary_large_image\" \/>\n<meta name=\"twitter:label1\" content=\"\u041f\u0440\u0438\u043c\u0435\u0440\u043d\u043e\u0435 \u0432\u0440\u0435\u043c\u044f \u0434\u043b\u044f \u0447\u0442\u0435\u043d\u0438\u044f\" \/>\n\t<meta name=\"twitter:data1\" content=\"2 \u043c\u0438\u043d\u0443\u0442\u044b\" \/>\n<script type=\"application\/ld+json\" class=\"yoast-schema-graph\">{\"@context\":\"https:\/\/schema.org\",\"@graph\":[{\"@type\":\"WebPage\",\"@id\":\"https:\/\/eyli.com.tr\/ekskavator-kule-donus-motoru\/\",\"url\":\"https:\/\/eyli.com.tr\/ekskavator-kule-donus-motoru\/\",\"name\":\"VOLVO EKSKAVAT\u00d6R KULE D\u00d6N\u00dc\u015e MOTORU YEDEK PAR\u00c7ALARI\",\"isPartOf\":{\"@id\":\"https:\/\/eyli.com.tr\/#website\"},\"primaryImageOfPage\":{\"@id\":\"https:\/\/eyli.com.tr\/ekskavator-kule-donus-motoru\/#primaryimage\"},\"image\":{\"@id\":\"https:\/\/eyli.com.tr\/ekskavator-kule-donus-motoru\/#primaryimage\"},\"thumbnailUrl\":\"http:\/\/eyli.com.tr\/wp-content\/uploads\/2016\/05\/ekskavator-kule-donus-motoru.png\",\"datePublished\":\"2016-05-09T16:02:30+00:00\",\"dateModified\":\"2016-10-17T15:12:47+00:00\",\"breadcrumb\":{\"@id\":\"https:\/\/eyli.com.tr\/ekskavator-kule-donus-motoru\/#breadcrumb\"},\"inLanguage\":\"ru-RU\",\"potentialAction\":[{\"@type\":\"ReadAction\",\"target\":[\"https:\/\/eyli.com.tr\/ekskavator-kule-donus-motoru\/\"]}]},{\"@type\":\"ImageObject\",\"inLanguage\":\"ru-RU\",\"@id\":\"https:\/\/eyli.com.tr\/ekskavator-kule-donus-motoru\/#primaryimage\",\"url\":\"http:\/\/eyli.com.tr\/wp-content\/uploads\/2016\/05\/ekskavator-kule-donus-motoru.png\",\"contentUrl\":\"http:\/\/eyli.com.tr\/wp-content\/uploads\/2016\/05\/ekskavator-kule-donus-motoru.png\"},{\"@type\":\"BreadcrumbList\",\"@id\":\"https:\/\/eyli.com.tr\/ekskavator-kule-donus-motoru\/#breadcrumb\",\"itemListElement\":[{\"@type\":\"ListItem\",\"position\":1,\"name\":\"Ana sayfa\",\"item\":\"https:\/\/eyli.com.tr\/\"},{\"@type\":\"ListItem\",\"position\":2,\"name\":\"Ekskavat\u00f6r Kule D\u00f6n\u00fc\u015f Motoru\"}]},{\"@type\":\"WebSite\",\"@id\":\"https:\/\/eyli.com.tr\/#website\",\"url\":\"https:\/\/eyli.com.tr\/\",\"name\":\"Eyli \u0130\u015f Makineleri\",\"description\":\"\",\"publisher\":{\"@id\":\"https:\/\/eyli.com.tr\/#organization\"},\"potentialAction\":[{\"@type\":\"SearchAction\",\"target\":{\"@type\":\"EntryPoint\",\"urlTemplate\":\"https:\/\/eyli.com.tr\/?s={search_term_string}\"},\"query-input\":{\"@type\":\"PropertyValueSpecification\",\"valueRequired\":true,\"valueName\":\"search_term_string\"}}],\"inLanguage\":\"ru-RU\"},{\"@type\":\"Organization\",\"@id\":\"https:\/\/eyli.com.tr\/#organization\",\"name\":\"Eyli \u0130\u015f Makineleri\",\"url\":\"https:\/\/eyli.com.tr\/\",\"logo\":{\"@type\":\"ImageObject\",\"inLanguage\":\"ru-RU\",\"@id\":\"https:\/\/eyli.com.tr\/#\/schema\/logo\/image\/\",\"url\":\"https:\/\/eyli.com.tr\/wp-content\/uploads\/2020\/04\/WhatsApp-Image-2020-04-23-at-03.11.52-e1587829137284.jpeg\",\"contentUrl\":\"https:\/\/eyli.com.tr\/wp-content\/uploads\/2020\/04\/WhatsApp-Image-2020-04-23-at-03.11.52-e1587829137284.jpeg\",\"width\":1600,\"height\":900,\"caption\":\"Eyli \u0130\u015f Makineleri\"},\"image\":{\"@id\":\"https:\/\/eyli.com.tr\/#\/schema\/logo\/image\/\"},\"sameAs\":[\"https:\/\/www.facebook.com\/eylicomtr\"]}]}<\/script>\n<!-- \/ Yoast SEO plugin. -->","yoast_head_json":{"title":"VOLVO EKSKAVAT\u00d6R KULE D\u00d6N\u00dc\u015e MOTORU YEDEK PAR\u00c7ALARI","robots":{"index":"index","follow":"follow","max-snippet":"max-snippet:-1","max-image-preview":"max-image-preview:large","max-video-preview":"max-video-preview:-1"},"canonical":"https:\/\/eyli.com.tr\/ekskavator-kule-donus-motoru\/","og_locale":"ru_RU","og_type":"article","og_title":"VOLVO EKSKAVAT\u00d6R KULE D\u00d6N\u00dc\u015e MOTORU YEDEK PAR\u00c7ALARI","og_description":"&nbsp; \u0417\u0410\u041f\u0427\u0410\u0421\u0422\u0418 \u0414\u0412\u0418\u0413\u0410\u0422\u0415\u041b\u042f \u041f\u041e\u0412\u041e\u0420\u041e\u0422\u041d\u041e\u0419 \u041f\u041b\u0410\u0422\u0424\u041e\u0420\u041c\u042b \u042d\u041a\u0421\u041a\u0410\u0412\u0410\u0422\u041e\u0420\u0410 VOLVO \u041f\u043e\u0437\u0438\u0446\u0438\u044f \u041d\u043e\u043c\u0435\u0440 \u0434\u0435\u0442\u0430\u043b\u0438 \u041d\u0430\u0438\u043c\u0435\u043d\u043e\u0432\u0430\u043d\u0438\u0435 \u0437\u0430\u043f\u0447\u0430\u0441\u0442\u0438 VOE14596603 Reduction gear 1 VOE14596609 \u2022Case 2 VOE14596610 \u2022Ring 3 VOE14596611 \u0423\u043f\u043b\u043e\u0442\u043d\u0438\u0442\u0435\u043b\u044c\u043d\u043e\u0435 \u043a\u043e\u043b\u044c\u0446\u043e, \u0444\u0435\u0442\u0440-Sealing 4 SA9324-21317 \u0428\u0442\u0438\u0444\u0442-Pin 5 VOE14596613 \u0417\u0443\u0431\u0447\u0430\u0442\u043e\u0435 \u043a\u043e\u043b\u044c\u0446\u043e -Gear 6 VOE14596614 \u041f\u043b\u0430\u043d\u0435\u0442\u0430\u0440\u043d\u0430\u044f \u0448\u0435\u0441\u0442\u0435\u0440\u043d\u044f-Planet carrier 7 VOE14596615 \u0412\u043e\u0434\u0438\u043b\u043e \u043f\u043b\u0430\u043d\u0435\u0442\u0430\u0440\u043d\u043e\u0433\u043e \u043a\u043e\u043c\u043f\u043b\u0435\u043a\u0442\u0430 -Planet carrier 8 VOE14596619 \u0428\u0442\u0438\u0444\u0442-Pin 9 VOE14596616 \u2022\u2022Gear 10 VOE14596617 \u2022\u2022Bushing [&hellip;]","og_url":"https:\/\/eyli.com.tr\/ekskavator-kule-donus-motoru\/","og_site_name":"Eyli \u0130\u015f Makineleri","article_publisher":"https:\/\/www.facebook.com\/eylicomtr","article_modified_time":"2016-10-17T15:12:47+00:00","og_image":[{"url":"http:\/\/eyli.com.tr\/wp-content\/uploads\/2016\/05\/ekskavator-kule-donus-motoru.png","type":"","width":"","height":""}],"twitter_card":"summary_large_image","twitter_misc":{"\u041f\u0440\u0438\u043c\u0435\u0440\u043d\u043e\u0435 \u0432\u0440\u0435\u043c\u044f \u0434\u043b\u044f \u0447\u0442\u0435\u043d\u0438\u044f":"2 \u043c\u0438\u043d\u0443\u0442\u044b"},"schema":{"@context":"https:\/\/schema.org","@graph":[{"@type":"WebPage","@id":"https:\/\/eyli.com.tr\/ekskavator-kule-donus-motoru\/","url":"https:\/\/eyli.com.tr\/ekskavator-kule-donus-motoru\/","name":"VOLVO EKSKAVAT\u00d6R KULE D\u00d6N\u00dc\u015e MOTORU YEDEK PAR\u00c7ALARI","isPartOf":{"@id":"https:\/\/eyli.com.tr\/#website"},"primaryImageOfPage":{"@id":"https:\/\/eyli.com.tr\/ekskavator-kule-donus-motoru\/#primaryimage"},"image":{"@id":"https:\/\/eyli.com.tr\/ekskavator-kule-donus-motoru\/#primaryimage"},"thumbnailUrl":"http:\/\/eyli.com.tr\/wp-content\/uploads\/2016\/05\/ekskavator-kule-donus-motoru.png","datePublished":"2016-05-09T16:02:30+00:00","dateModified":"2016-10-17T15:12:47+00:00","breadcrumb":{"@id":"https:\/\/eyli.com.tr\/ekskavator-kule-donus-motoru\/#breadcrumb"},"inLanguage":"ru-RU","potentialAction":[{"@type":"ReadAction","target":["https:\/\/eyli.com.tr\/ekskavator-kule-donus-motoru\/"]}]},{"@type":"ImageObject","inLanguage":"ru-RU","@id":"https:\/\/eyli.com.tr\/ekskavator-kule-donus-motoru\/#primaryimage","url":"http:\/\/eyli.com.tr\/wp-content\/uploads\/2016\/05\/ekskavator-kule-donus-motoru.png","contentUrl":"http:\/\/eyli.com.tr\/wp-content\/uploads\/2016\/05\/ekskavator-kule-donus-motoru.png"},{"@type":"BreadcrumbList","@id":"https:\/\/eyli.com.tr\/ekskavator-kule-donus-motoru\/#breadcrumb","itemListElement":[{"@type":"ListItem","position":1,"name":"Ana sayfa","item":"https:\/\/eyli.com.tr\/"},{"@type":"ListItem","position":2,"name":"Ekskavat\u00f6r Kule D\u00f6n\u00fc\u015f Motoru"}]},{"@type":"WebSite","@id":"https:\/\/eyli.com.tr\/#website","url":"https:\/\/eyli.com.tr\/","name":"Eyli \u0130\u015f Makineleri","description":"","publisher":{"@id":"https:\/\/eyli.com.tr\/#organization"},"potentialAction":[{"@type":"SearchAction","target":{"@type":"EntryPoint","urlTemplate":"https:\/\/eyli.com.tr\/?s={search_term_string}"},"query-input":{"@type":"PropertyValueSpecification","valueRequired":true,"valueName":"search_term_string"}}],"inLanguage":"ru-RU"},{"@type":"Organization","@id":"https:\/\/eyli.com.tr\/#organization","name":"Eyli \u0130\u015f Makineleri","url":"https:\/\/eyli.com.tr\/","logo":{"@type":"ImageObject","inLanguage":"ru-RU","@id":"https:\/\/eyli.com.tr\/#\/schema\/logo\/image\/","url":"https:\/\/eyli.com.tr\/wp-content\/uploads\/2020\/04\/WhatsApp-Image-2020-04-23-at-03.11.52-e1587829137284.jpeg","contentUrl":"https:\/\/eyli.com.tr\/wp-content\/uploads\/2020\/04\/WhatsApp-Image-2020-04-23-at-03.11.52-e1587829137284.jpeg","width":1600,"height":900,"caption":"Eyli \u0130\u015f Makineleri"},"image":{"@id":"https:\/\/eyli.com.tr\/#\/schema\/logo\/image\/"},"sameAs":["https:\/\/www.facebook.com\/eylicomtr"]}]}},"_links":{"self":[{"href":"https:\/\/eyli.com.tr\/ru\/wp-json\/wp\/v2\/pages\/729","targetHints":{"allow":["GET"]}}],"collection":[{"href":"https:\/\/eyli.com.tr\/ru\/wp-json\/wp\/v2\/pages"}],"about":[{"href":"https:\/\/eyli.com.tr\/ru\/wp-json\/wp\/v2\/types\/page"}],"author":[{"embeddable":true,"href":"https:\/\/eyli.com.tr\/ru\/wp-json\/wp\/v2\/users\/1"}],"replies":[{"embeddable":true,"href":"https:\/\/eyli.com.tr\/ru\/wp-json\/wp\/v2\/comments?post=729"}],"version-history":[{"count":4,"href":"https:\/\/eyli.com.tr\/ru\/wp-json\/wp\/v2\/pages\/729\/revisions"}],"predecessor-version":[{"id":1757,"href":"https:\/\/eyli.com.tr\/ru\/wp-json\/wp\/v2\/pages\/729\/revisions\/1757"}],"wp:attachment":[{"href":"https:\/\/eyli.com.tr\/ru\/wp-json\/wp\/v2\/media?parent=729"}],"curies":[{"name":"wp","href":"https:\/\/api.w.org\/{rel}","templated":true}]}}