{"id":704,"date":"2016-05-09T18:18:47","date_gmt":"2016-05-09T15:18:47","guid":{"rendered":"http:\/\/eyli.com.tr\/?page_id=704"},"modified":"2016-10-17T18:28:14","modified_gmt":"2016-10-17T15:28:14","slug":"ekskavator-boom-piston","status":"publish","type":"page","link":"https:\/\/eyli.com.tr\/ru\/ekskavator-boom-piston\/","title":{"rendered":"\u0421\u0442\u0440\u0435\u043b\u043e\u0432\u043e\u0439 \u043f\u043e\u0440\u0448\u0435\u043d\u044c \u044d\u043a\u0441\u043a\u0430\u0432\u0430\u0442\u043e\u0440\u0430"},"content":{"rendered":"<p><img loading=\"lazy\" decoding=\"async\" class=\"aligncenter size-full wp-image-705\" src=\"http:\/\/eyli.com.tr\/wp-content\/uploads\/2016\/05\/ekskavator-boom-piston.png\" alt=\"ekskavator-boom-piston\" width=\"2976\" height=\"2100\" srcset=\"https:\/\/eyli.com.tr\/wp-content\/uploads\/2016\/05\/ekskavator-boom-piston.png 2976w, https:\/\/eyli.com.tr\/wp-content\/uploads\/2016\/05\/ekskavator-boom-piston-300x212.png 300w, https:\/\/eyli.com.tr\/wp-content\/uploads\/2016\/05\/ekskavator-boom-piston-768x542.png 768w, https:\/\/eyli.com.tr\/wp-content\/uploads\/2016\/05\/ekskavator-boom-piston-1024x723.png 1024w\" sizes=\"auto, (max-width: 2976px) 100vw, 2976px\" \/><\/p>\n<p>&nbsp;<\/p>\n<p><strong>\u0417\u0410\u041f\u0427\u0410\u0421\u0422\u0418 \u0421\u0422\u0420\u0415\u041b\u041e\u0412\u041e\u0413\u041e \u041f\u041e\u0420\u0428\u041d\u042f \u042d\u041a\u0421\u041a\u0410\u0412\u0410\u0422\u041e\u0420\u0410 VOLVO<\/strong><\/p>\n<table class=\"table table-bordered\">\n<tbody>\n<tr>\n<td>\u041f\u043e\u0437\u0438\u0446\u0438\u044f<\/td>\n<td>\u041d\u043e\u043c\u0435\u0440 \u0434\u0435\u0442\u0430\u043b\u0438<\/td>\n<td>\u041d\u0430\u0438\u043c\u0435\u043d\u043e\u0432\u0430\u043d\u0438\u0435 \u0437\u0430\u043f\u0447\u0430\u0441\u0442\u0438<\/td>\n<\/tr>\n<tr>\n<td><\/td>\n<td>VOE14563810<\/td>\n<td>\u0421\u0442\u0440\u0435\u043b\u043e\u0432\u043e\u0439 \u0446\u0438\u043b\u0438\u043d\u0434\u0440 -Boom cylinder<\/td>\n<\/tr>\n<tr>\n<td>1<\/td>\n<td>VOE14524665<\/td>\n<td>\u2022Washer<\/td>\n<\/tr>\n<tr>\n<td>2<\/td>\n<td>SA1146-03170<\/td>\n<td>\u2022Cushion<\/td>\n<\/tr>\n<tr>\n<td>3<\/td>\n<td>SA1146-05880<\/td>\n<td>\u2022Lock nut<\/td>\n<\/tr>\n<tr>\n<td>4<\/td>\n<td>SA1146-06140<\/td>\n<td>\u2022Head<\/td>\n<\/tr>\n<tr>\n<td>5<\/td>\n<td>SA1146-06870<\/td>\n<td>\u2022Pad<\/td>\n<\/tr>\n<tr>\n<td>6<\/td>\n<td>SA1146-08130<\/td>\n<td>\u2022Seal<\/td>\n<\/tr>\n<tr>\n<td>7<\/td>\n<td>VOE14563811<\/td>\n<td>\u2022Tube<\/td>\n<\/tr>\n<tr>\n<td>8<\/td>\n<td>VOE14502915<\/td>\n<td>\u0423\u043f\u043b\u043e\u0442\u043d\u0438\u0442\u0435\u043b\u044c-Seal<\/td>\n<\/tr>\n<tr>\n<td>9<\/td>\n<td>VOE14517236<\/td>\n<td>\u0412\u0442\u0443\u043b\u043a\u0430-Bushing<\/td>\n<\/tr>\n<tr>\n<td>10<\/td>\n<td>SA9481-10003<\/td>\n<td>\u2022\u2022Nipple<\/td>\n<\/tr>\n<tr>\n<td>11<\/td>\n<td>VOE14563814<\/td>\n<td>\u2022Rod<\/td>\n<\/tr>\n<tr>\n<td>12<\/td>\n<td>VOE14560211<\/td>\n<td>\u2022\u2022Sealing ring<\/td>\n<\/tr>\n<tr>\n<td>13<\/td>\n<td>VOE14509197<\/td>\n<td>\u0412\u0442\u0443\u043b\u043a\u0430-Bushing<\/td>\n<\/tr>\n<tr>\n<td>14<\/td>\n<td>SA9612-10540<\/td>\n<td>\u0412\u0442\u0443\u043b\u043a\u0430-Bushing<\/td>\n<\/tr>\n<tr>\n<td>15<\/td>\n<td>VOE14508903<\/td>\n<td>\u2022Sealing<\/td>\n<\/tr>\n<tr>\n<td>16<\/td>\n<td>VOE14508904<\/td>\n<td>\u041f\u043e\u0440\u0448\u0435\u043d\u044c-Piston<\/td>\n<\/tr>\n<tr>\n<td>17<\/td>\n<td>VOE14508905<\/td>\n<td>\u2022Seal<\/td>\n<\/tr>\n<tr>\n<td>18<\/td>\n<td>SA9565-11600<\/td>\n<td>\u2022Wear ring<\/td>\n<\/tr>\n<tr>\n<td>19<\/td>\n<td>VOE963059<\/td>\n<td>\u2022Set screw<\/td>\n<\/tr>\n<tr>\n<td>20<\/td>\n<td>VOE948937<\/td>\n<td>\u2022Hex. socket screw<\/td>\n<\/tr>\n<tr>\n<td>21<\/td>\n<td>VOE990640<\/td>\n<td>\u2022O-ring<\/td>\n<\/tr>\n<tr>\n<td>22<\/td>\n<td>VOE990652<\/td>\n<td>\u2022O-ring<\/td>\n<\/tr>\n<tr>\n<td>23<\/td>\n<td>SA9556-10500<\/td>\n<td>\u2022Retaining ring<\/td>\n<\/tr>\n<tr>\n<td>24<\/td>\n<td>SA9557-09500<\/td>\n<td>\u2022Ring retainer<\/td>\n<\/tr>\n<tr>\n<td>25<\/td>\n<td>SA9563-21050<\/td>\n<td>\u2022Seal<\/td>\n<\/tr>\n<tr>\n<td>26<\/td>\n<td>SA9564-21050<\/td>\n<td>\u2022Sealing<\/td>\n<\/tr>\n<tr>\n<td>27<\/td>\n<td>SA9566-30900<\/td>\n<td>\u2022Ring<\/td>\n<\/tr>\n<tr>\n<td>28<\/td>\n<td>SA9566-31500<\/td>\n<td>\u2022Ring<\/td>\n<\/tr>\n<tr>\n<td>29<\/td>\n<td>SA9567-21050<\/td>\n<td>\u2022Ring<\/td>\n<\/tr>\n<tr>\n<td>100<\/td>\n<td>VOE14589139<\/td>\n<td>Sealing kit<\/td>\n<\/tr>\n<\/tbody>\n<\/table>\n<p>\u0417\u0430\u043f\u0447\u0430\u0441\u0442\u0438 \u0441\u0442\u0440\u0435\u043b\u043e\u0432\u043e\u0433\u043e \u043f\u043e\u0440\u0448\u043d\u044f \u044d\u043a\u0441\u043a\u0430\u0432\u0430\u0442\u043e\u0440\u0430 VOLVO<\/p>\n<p>\u043e\u0442\u043d\u043e\u0441\u044f\u0442\u0441\u044f \u043a \u0443\u043a\u0430\u0437\u0430\u043d\u043d\u044b\u043c \u043d\u0438\u0436\u0435 \u043c\u043e\u0434\u0435\u043b\u044f\u043c \u044d\u043a\u0441\u043a\u0430\u0432\u0430\u0442\u043e\u0440\u043e\u0432 VOLVO:<\/p>\n<p>EC180B ,\u00a0EC210B,\u00a0EC240B,\u00a0EC290B,\u00a0EC360B,\u00a0EC460B<\/p>","protected":false},"excerpt":{"rendered":"<p>&nbsp; \u0417\u0410\u041f\u0427\u0410\u0421\u0422\u0418 \u0421\u0422\u0420\u0415\u041b\u041e\u0412\u041e\u0413\u041e \u041f\u041e\u0420\u0428\u041d\u042f \u042d\u041a\u0421\u041a\u0410\u0412\u0410\u0422\u041e\u0420\u0410 VOLVO \u041f\u043e\u0437\u0438\u0446\u0438\u044f \u041d\u043e\u043c\u0435\u0440 \u0434\u0435\u0442\u0430\u043b\u0438 \u041d\u0430\u0438\u043c\u0435\u043d\u043e\u0432\u0430\u043d\u0438\u0435 \u0437\u0430\u043f\u0447\u0430\u0441\u0442\u0438 VOE14563810 \u0421\u0442\u0440\u0435\u043b\u043e\u0432\u043e\u0439 \u0446\u0438\u043b\u0438\u043d\u0434\u0440 -Boom cylinder 1 VOE14524665 \u2022Washer 2 SA1146-03170 \u2022Cushion 3 SA1146-05880 \u2022Lock nut 4 SA1146-06140 \u2022Head 5 SA1146-06870 \u2022Pad 6 SA1146-08130 \u2022Seal 7 VOE14563811 \u2022Tube 8 VOE14502915 \u0423\u043f\u043b\u043e\u0442\u043d\u0438\u0442\u0435\u043b\u044c-Seal 9 VOE14517236 \u0412\u0442\u0443\u043b\u043a\u0430-Bushing 10 SA9481-10003 \u2022\u2022Nipple 11 VOE14563814 \u2022Rod 12 VOE14560211 \u2022\u2022Sealing ring 13 [&hellip;]<\/p>\n","protected":false},"author":1,"featured_media":0,"parent":0,"menu_order":0,"comment_status":"closed","ping_status":"closed","template":"page-fullwidth.php","meta":{"footnotes":""},"class_list":["post-704","page","type-page","status-publish","hentry"],"yoast_head":"<!-- This site is optimized with the Yoast SEO plugin v26.8 - https:\/\/yoast.com\/product\/yoast-seo-wordpress\/ -->\n<title>VOLVO EKSKAVAT\u00d6R BOOM P\u0130STON YEDEK PAR\u00c7ALARI<\/title>\n<meta name=\"robots\" content=\"index, follow, max-snippet:-1, max-image-preview:large, max-video-preview:-1\" \/>\n<link rel=\"canonical\" href=\"https:\/\/eyli.com.tr\/ekskavator-boom-piston\/\" \/>\n<meta property=\"og:locale\" content=\"ru_RU\" \/>\n<meta property=\"og:type\" content=\"article\" \/>\n<meta property=\"og:title\" content=\"VOLVO EKSKAVAT\u00d6R BOOM P\u0130STON YEDEK PAR\u00c7ALARI\" \/>\n<meta property=\"og:description\" content=\"&nbsp; \u0417\u0410\u041f\u0427\u0410\u0421\u0422\u0418 \u0421\u0422\u0420\u0415\u041b\u041e\u0412\u041e\u0413\u041e \u041f\u041e\u0420\u0428\u041d\u042f \u042d\u041a\u0421\u041a\u0410\u0412\u0410\u0422\u041e\u0420\u0410 VOLVO \u041f\u043e\u0437\u0438\u0446\u0438\u044f \u041d\u043e\u043c\u0435\u0440 \u0434\u0435\u0442\u0430\u043b\u0438 \u041d\u0430\u0438\u043c\u0435\u043d\u043e\u0432\u0430\u043d\u0438\u0435 \u0437\u0430\u043f\u0447\u0430\u0441\u0442\u0438 VOE14563810 \u0421\u0442\u0440\u0435\u043b\u043e\u0432\u043e\u0439 \u0446\u0438\u043b\u0438\u043d\u0434\u0440 -Boom cylinder 1 VOE14524665 \u2022Washer 2 SA1146-03170 \u2022Cushion 3 SA1146-05880 \u2022Lock nut 4 SA1146-06140 \u2022Head 5 SA1146-06870 \u2022Pad 6 SA1146-08130 \u2022Seal 7 VOE14563811 \u2022Tube 8 VOE14502915 \u0423\u043f\u043b\u043e\u0442\u043d\u0438\u0442\u0435\u043b\u044c-Seal 9 VOE14517236 \u0412\u0442\u0443\u043b\u043a\u0430-Bushing 10 SA9481-10003 \u2022\u2022Nipple 11 VOE14563814 \u2022Rod 12 VOE14560211 \u2022\u2022Sealing ring 13 [&hellip;]\" \/>\n<meta property=\"og:url\" content=\"https:\/\/eyli.com.tr\/ekskavator-boom-piston\/\" \/>\n<meta property=\"og:site_name\" content=\"Eyli \u0130\u015f Makineleri\" \/>\n<meta property=\"article:publisher\" content=\"https:\/\/www.facebook.com\/eylicomtr\" \/>\n<meta property=\"article:modified_time\" content=\"2016-10-17T15:28:14+00:00\" \/>\n<meta property=\"og:image\" content=\"http:\/\/eyli.com.tr\/wp-content\/uploads\/2016\/05\/ekskavator-boom-piston.png\" \/>\n<meta name=\"twitter:card\" content=\"summary_large_image\" \/>\n<meta name=\"twitter:label1\" content=\"\u041f\u0440\u0438\u043c\u0435\u0440\u043d\u043e\u0435 \u0432\u0440\u0435\u043c\u044f \u0434\u043b\u044f \u0447\u0442\u0435\u043d\u0438\u044f\" \/>\n\t<meta name=\"twitter:data1\" content=\"2 \u043c\u0438\u043d\u0443\u0442\u044b\" \/>\n<script type=\"application\/ld+json\" class=\"yoast-schema-graph\">{\"@context\":\"https:\/\/schema.org\",\"@graph\":[{\"@type\":\"WebPage\",\"@id\":\"https:\/\/eyli.com.tr\/ekskavator-boom-piston\/\",\"url\":\"https:\/\/eyli.com.tr\/ekskavator-boom-piston\/\",\"name\":\"VOLVO EKSKAVAT\u00d6R BOOM P\u0130STON YEDEK PAR\u00c7ALARI\",\"isPartOf\":{\"@id\":\"https:\/\/eyli.com.tr\/#website\"},\"primaryImageOfPage\":{\"@id\":\"https:\/\/eyli.com.tr\/ekskavator-boom-piston\/#primaryimage\"},\"image\":{\"@id\":\"https:\/\/eyli.com.tr\/ekskavator-boom-piston\/#primaryimage\"},\"thumbnailUrl\":\"http:\/\/eyli.com.tr\/wp-content\/uploads\/2016\/05\/ekskavator-boom-piston.png\",\"datePublished\":\"2016-05-09T15:18:47+00:00\",\"dateModified\":\"2016-10-17T15:28:14+00:00\",\"breadcrumb\":{\"@id\":\"https:\/\/eyli.com.tr\/ekskavator-boom-piston\/#breadcrumb\"},\"inLanguage\":\"ru-RU\",\"potentialAction\":[{\"@type\":\"ReadAction\",\"target\":[\"https:\/\/eyli.com.tr\/ekskavator-boom-piston\/\"]}]},{\"@type\":\"ImageObject\",\"inLanguage\":\"ru-RU\",\"@id\":\"https:\/\/eyli.com.tr\/ekskavator-boom-piston\/#primaryimage\",\"url\":\"http:\/\/eyli.com.tr\/wp-content\/uploads\/2016\/05\/ekskavator-boom-piston.png\",\"contentUrl\":\"http:\/\/eyli.com.tr\/wp-content\/uploads\/2016\/05\/ekskavator-boom-piston.png\"},{\"@type\":\"BreadcrumbList\",\"@id\":\"https:\/\/eyli.com.tr\/ekskavator-boom-piston\/#breadcrumb\",\"itemListElement\":[{\"@type\":\"ListItem\",\"position\":1,\"name\":\"Ana sayfa\",\"item\":\"https:\/\/eyli.com.tr\/\"},{\"@type\":\"ListItem\",\"position\":2,\"name\":\"Ekskavat\u00f6r Boom Piston\"}]},{\"@type\":\"WebSite\",\"@id\":\"https:\/\/eyli.com.tr\/#website\",\"url\":\"https:\/\/eyli.com.tr\/\",\"name\":\"Eyli \u0130\u015f Makineleri\",\"description\":\"\",\"publisher\":{\"@id\":\"https:\/\/eyli.com.tr\/#organization\"},\"potentialAction\":[{\"@type\":\"SearchAction\",\"target\":{\"@type\":\"EntryPoint\",\"urlTemplate\":\"https:\/\/eyli.com.tr\/?s={search_term_string}\"},\"query-input\":{\"@type\":\"PropertyValueSpecification\",\"valueRequired\":true,\"valueName\":\"search_term_string\"}}],\"inLanguage\":\"ru-RU\"},{\"@type\":\"Organization\",\"@id\":\"https:\/\/eyli.com.tr\/#organization\",\"name\":\"Eyli \u0130\u015f Makineleri\",\"url\":\"https:\/\/eyli.com.tr\/\",\"logo\":{\"@type\":\"ImageObject\",\"inLanguage\":\"ru-RU\",\"@id\":\"https:\/\/eyli.com.tr\/#\/schema\/logo\/image\/\",\"url\":\"https:\/\/eyli.com.tr\/wp-content\/uploads\/2020\/04\/WhatsApp-Image-2020-04-23-at-03.11.52-e1587829137284.jpeg\",\"contentUrl\":\"https:\/\/eyli.com.tr\/wp-content\/uploads\/2020\/04\/WhatsApp-Image-2020-04-23-at-03.11.52-e1587829137284.jpeg\",\"width\":1600,\"height\":900,\"caption\":\"Eyli \u0130\u015f Makineleri\"},\"image\":{\"@id\":\"https:\/\/eyli.com.tr\/#\/schema\/logo\/image\/\"},\"sameAs\":[\"https:\/\/www.facebook.com\/eylicomtr\"]}]}<\/script>\n<!-- \/ Yoast SEO plugin. -->","yoast_head_json":{"title":"VOLVO EKSKAVAT\u00d6R BOOM P\u0130STON YEDEK PAR\u00c7ALARI","robots":{"index":"index","follow":"follow","max-snippet":"max-snippet:-1","max-image-preview":"max-image-preview:large","max-video-preview":"max-video-preview:-1"},"canonical":"https:\/\/eyli.com.tr\/ekskavator-boom-piston\/","og_locale":"ru_RU","og_type":"article","og_title":"VOLVO EKSKAVAT\u00d6R BOOM P\u0130STON YEDEK PAR\u00c7ALARI","og_description":"&nbsp; \u0417\u0410\u041f\u0427\u0410\u0421\u0422\u0418 \u0421\u0422\u0420\u0415\u041b\u041e\u0412\u041e\u0413\u041e \u041f\u041e\u0420\u0428\u041d\u042f \u042d\u041a\u0421\u041a\u0410\u0412\u0410\u0422\u041e\u0420\u0410 VOLVO \u041f\u043e\u0437\u0438\u0446\u0438\u044f \u041d\u043e\u043c\u0435\u0440 \u0434\u0435\u0442\u0430\u043b\u0438 \u041d\u0430\u0438\u043c\u0435\u043d\u043e\u0432\u0430\u043d\u0438\u0435 \u0437\u0430\u043f\u0447\u0430\u0441\u0442\u0438 VOE14563810 \u0421\u0442\u0440\u0435\u043b\u043e\u0432\u043e\u0439 \u0446\u0438\u043b\u0438\u043d\u0434\u0440 -Boom cylinder 1 VOE14524665 \u2022Washer 2 SA1146-03170 \u2022Cushion 3 SA1146-05880 \u2022Lock nut 4 SA1146-06140 \u2022Head 5 SA1146-06870 \u2022Pad 6 SA1146-08130 \u2022Seal 7 VOE14563811 \u2022Tube 8 VOE14502915 \u0423\u043f\u043b\u043e\u0442\u043d\u0438\u0442\u0435\u043b\u044c-Seal 9 VOE14517236 \u0412\u0442\u0443\u043b\u043a\u0430-Bushing 10 SA9481-10003 \u2022\u2022Nipple 11 VOE14563814 \u2022Rod 12 VOE14560211 \u2022\u2022Sealing ring 13 [&hellip;]","og_url":"https:\/\/eyli.com.tr\/ekskavator-boom-piston\/","og_site_name":"Eyli \u0130\u015f Makineleri","article_publisher":"https:\/\/www.facebook.com\/eylicomtr","article_modified_time":"2016-10-17T15:28:14+00:00","og_image":[{"url":"http:\/\/eyli.com.tr\/wp-content\/uploads\/2016\/05\/ekskavator-boom-piston.png","type":"","width":"","height":""}],"twitter_card":"summary_large_image","twitter_misc":{"\u041f\u0440\u0438\u043c\u0435\u0440\u043d\u043e\u0435 \u0432\u0440\u0435\u043c\u044f \u0434\u043b\u044f \u0447\u0442\u0435\u043d\u0438\u044f":"2 \u043c\u0438\u043d\u0443\u0442\u044b"},"schema":{"@context":"https:\/\/schema.org","@graph":[{"@type":"WebPage","@id":"https:\/\/eyli.com.tr\/ekskavator-boom-piston\/","url":"https:\/\/eyli.com.tr\/ekskavator-boom-piston\/","name":"VOLVO EKSKAVAT\u00d6R BOOM P\u0130STON YEDEK PAR\u00c7ALARI","isPartOf":{"@id":"https:\/\/eyli.com.tr\/#website"},"primaryImageOfPage":{"@id":"https:\/\/eyli.com.tr\/ekskavator-boom-piston\/#primaryimage"},"image":{"@id":"https:\/\/eyli.com.tr\/ekskavator-boom-piston\/#primaryimage"},"thumbnailUrl":"http:\/\/eyli.com.tr\/wp-content\/uploads\/2016\/05\/ekskavator-boom-piston.png","datePublished":"2016-05-09T15:18:47+00:00","dateModified":"2016-10-17T15:28:14+00:00","breadcrumb":{"@id":"https:\/\/eyli.com.tr\/ekskavator-boom-piston\/#breadcrumb"},"inLanguage":"ru-RU","potentialAction":[{"@type":"ReadAction","target":["https:\/\/eyli.com.tr\/ekskavator-boom-piston\/"]}]},{"@type":"ImageObject","inLanguage":"ru-RU","@id":"https:\/\/eyli.com.tr\/ekskavator-boom-piston\/#primaryimage","url":"http:\/\/eyli.com.tr\/wp-content\/uploads\/2016\/05\/ekskavator-boom-piston.png","contentUrl":"http:\/\/eyli.com.tr\/wp-content\/uploads\/2016\/05\/ekskavator-boom-piston.png"},{"@type":"BreadcrumbList","@id":"https:\/\/eyli.com.tr\/ekskavator-boom-piston\/#breadcrumb","itemListElement":[{"@type":"ListItem","position":1,"name":"Ana sayfa","item":"https:\/\/eyli.com.tr\/"},{"@type":"ListItem","position":2,"name":"Ekskavat\u00f6r Boom Piston"}]},{"@type":"WebSite","@id":"https:\/\/eyli.com.tr\/#website","url":"https:\/\/eyli.com.tr\/","name":"Eyli \u0130\u015f Makineleri","description":"","publisher":{"@id":"https:\/\/eyli.com.tr\/#organization"},"potentialAction":[{"@type":"SearchAction","target":{"@type":"EntryPoint","urlTemplate":"https:\/\/eyli.com.tr\/?s={search_term_string}"},"query-input":{"@type":"PropertyValueSpecification","valueRequired":true,"valueName":"search_term_string"}}],"inLanguage":"ru-RU"},{"@type":"Organization","@id":"https:\/\/eyli.com.tr\/#organization","name":"Eyli \u0130\u015f Makineleri","url":"https:\/\/eyli.com.tr\/","logo":{"@type":"ImageObject","inLanguage":"ru-RU","@id":"https:\/\/eyli.com.tr\/#\/schema\/logo\/image\/","url":"https:\/\/eyli.com.tr\/wp-content\/uploads\/2020\/04\/WhatsApp-Image-2020-04-23-at-03.11.52-e1587829137284.jpeg","contentUrl":"https:\/\/eyli.com.tr\/wp-content\/uploads\/2020\/04\/WhatsApp-Image-2020-04-23-at-03.11.52-e1587829137284.jpeg","width":1600,"height":900,"caption":"Eyli \u0130\u015f Makineleri"},"image":{"@id":"https:\/\/eyli.com.tr\/#\/schema\/logo\/image\/"},"sameAs":["https:\/\/www.facebook.com\/eylicomtr"]}]}},"_links":{"self":[{"href":"https:\/\/eyli.com.tr\/ru\/wp-json\/wp\/v2\/pages\/704","targetHints":{"allow":["GET"]}}],"collection":[{"href":"https:\/\/eyli.com.tr\/ru\/wp-json\/wp\/v2\/pages"}],"about":[{"href":"https:\/\/eyli.com.tr\/ru\/wp-json\/wp\/v2\/types\/page"}],"author":[{"embeddable":true,"href":"https:\/\/eyli.com.tr\/ru\/wp-json\/wp\/v2\/users\/1"}],"replies":[{"embeddable":true,"href":"https:\/\/eyli.com.tr\/ru\/wp-json\/wp\/v2\/comments?post=704"}],"version-history":[{"count":5,"href":"https:\/\/eyli.com.tr\/ru\/wp-json\/wp\/v2\/pages\/704\/revisions"}],"predecessor-version":[{"id":1764,"href":"https:\/\/eyli.com.tr\/ru\/wp-json\/wp\/v2\/pages\/704\/revisions\/1764"}],"wp:attachment":[{"href":"https:\/\/eyli.com.tr\/ru\/wp-json\/wp\/v2\/media?parent=704"}],"curies":[{"name":"wp","href":"https:\/\/api.w.org\/{rel}","templated":true}]}}