{"id":698,"date":"2016-05-09T14:42:27","date_gmt":"2016-05-09T11:42:27","guid":{"rendered":"http:\/\/eyli.com.tr\/?page_id=698"},"modified":"2016-10-17T18:39:40","modified_gmt":"2016-10-17T15:39:40","slug":"ekskavator-palet-civatalari","status":"publish","type":"page","link":"https:\/\/eyli.com.tr\/ru\/ekskavator-palet-civatalari\/","title":{"rendered":"\u0411\u043e\u043b\u0442\u044b \u043f\u043e\u0434\u0434\u043e\u043d\u043e\u0432 \u044d\u043a\u0441\u043a\u0430\u0432\u0430\u0442\u043e\u0440\u0430"},"content":{"rendered":"<p><strong>\u0417\u0410\u041f\u0427\u0410\u0421\u0422\u0418 \u0411\u041e\u041b\u0422\u042b \u041f\u041e\u0414\u0414\u041e\u041d\u041e\u0412 \u042d\u041a\u0421\u041a\u0410\u0412\u0410\u0422\u041e\u0420\u0410 VOLVO<\/strong><\/p>\n<table class=\"table table-bordered\">\n<tbody>\n<tr>\n<td><\/td>\n<td><strong><u>\u0420\u0410\u0417\u041c\u0415\u0420<\/u><\/strong><\/td>\n<td><strong><u>\u0422\u0418\u041f<\/u><\/strong><\/td>\n<\/tr>\n<tr>\n<td><\/td>\n<td><strong>\u00a0<\/strong><\/td>\n<td><strong>\u00a0<\/strong><\/td>\n<\/tr>\n<tr>\n<td><\/td>\n<td><strong>M 12 X 40<\/strong><\/td>\n<td><strong>\u0411\u041e\u041b\u0422\u042b \u041f\u041e\u0414\u0414\u041e\u041d\u041e\u0412 \u0421 \u0413\u0410\u0419\u041a\u0410\u041c\u0418 12,9K <\/strong><\/td>\n<\/tr>\n<tr>\n<td><\/td>\n<td><strong>M 12X 47<\/strong><\/td>\n<td><strong>\u0411\u041e\u041b\u0422\u042b \u041f\u041e\u0414\u0414\u041e\u041d\u041e\u0412 \u0421 \u0413\u0410\u0419\u041a\u0410\u041c\u0418 12,9K <\/strong><\/td>\n<\/tr>\n<tr>\n<td><\/td>\n<td><strong>M 18 X 60<\/strong><\/td>\n<td><strong>\u0411\u041e\u041b\u0422\u042b \u041f\u041e\u0414\u0414\u041e\u041d\u041e\u0412 \u0421 \u0413\u0410\u0419\u041a\u0410\u041c\u0418 12,9K<\/strong><\/td>\n<\/tr>\n<tr>\n<td><\/td>\n<td><strong>M 20 X 55<\/strong><\/td>\n<td><strong>\u0411\u041e\u041b\u0422\u042b \u041f\u041e\u0414\u0414\u041e\u041d\u041e\u0412 \u0421 \u0413\u0410\u0419\u041a\u0410\u041c\u0418 12,9K <\/strong><\/td>\n<\/tr>\n<tr>\n<td><\/td>\n<td><strong>M 20 X 56<\/strong><\/td>\n<td><strong> \u0411\u041e\u041b\u0422\u042b \u041f\u041e\u0414\u0414\u041e\u041d\u041e\u0412 \u0421 \u0413\u0410\u0419\u041a\u0410\u041c\u0418 \u041c\u041d\u041e\u0413\u041e\u0414\u0418\u0421\u041a\u041e\u0412\u042b\u0415 12,9K <\/strong><\/td>\n<\/tr>\n<tr>\n<td><strong>EC210 B<\/strong><\/td>\n<td><strong>M 20 X 60<\/strong><\/td>\n<td><strong>\u0411\u041e\u041b\u0422\u042b \u041f\u041e\u0414\u0414\u041e\u041d\u041e\u0412 \u0421 \u0413\u0410\u0419\u041a\u0410\u041c\u0418 12,9K <\/strong><\/td>\n<\/tr>\n<tr>\n<td><\/td>\n<td><strong>M 20 X 62<\/strong><\/td>\n<td><strong> \u0411\u041e\u041b\u0422\u042b \u041f\u041e\u0414\u0414\u041e\u041d\u041e\u0412 \u0421 \u0413\u0410\u0419\u041a\u0410\u041c\u0418 \u041c\u041d\u041e\u0413\u041e\u0414\u0418\u0421\u041a\u041e\u0412\u042b\u0415 12,9K <\/strong><\/td>\n<\/tr>\n<tr>\n<td><\/td>\n<td><strong>M 20 X 65<\/strong><\/td>\n<td><strong>\u0411\u041e\u041b\u0422\u042b \u041f\u041e\u0414\u0414\u041e\u041d\u041e\u0412 \u0421 \u0413\u0410\u0419\u041a\u0410\u041c\u0418 12,9K <\/strong><\/td>\n<\/tr>\n<tr>\n<td><\/td>\n<td><strong>M 20 X 68<\/strong><\/td>\n<td><strong>\u0411\u041e\u041b\u0422\u042b \u041f\u041e\u0414\u0414\u041e\u041d\u041e\u0412 \u0421 \u0413\u0410\u0419\u041a\u0410\u041c\u0418 12,9K <\/strong><\/td>\n<\/tr>\n<tr>\n<td><\/td>\n<td><strong>M 22 X 55<\/strong><\/td>\n<td><strong>\u0411\u041e\u041b\u0422\u042b \u041f\u041e\u0414\u0414\u041e\u041d\u041e\u0412 \u0421 \u0413\u0410\u0419\u041a\u0410\u041c\u0418 12,9K <\/strong><\/td>\n<\/tr>\n<tr>\n<td><\/td>\n<td><strong>M 22 X 59<\/strong><\/td>\n<td><strong>\u0411\u041e\u041b\u0422\u042b \u041f\u041e\u0414\u0414\u041e\u041d\u041e\u0412 \u0421 \u0413\u0410\u0419\u041a\u0410\u041c\u0418 12,9K <\/strong><\/td>\n<\/tr>\n<tr>\n<td><strong>EC360 B<\/strong><\/td>\n<td><strong>M 22 X 62<\/strong><\/td>\n<td><strong>\u0411\u041e\u041b\u0422\u042b \u041f\u041e\u0414\u0414\u041e\u041d\u041e\u0412 \u0421 \u0413\u0410\u0419\u041a\u0410\u041c\u0418 \u041c\u041d\u041e\u0413\u041e\u0414\u0418\u0421\u041a\u041e\u0412\u042b\u0415 12,9K<\/strong><\/td>\n<\/tr>\n<tr>\n<td><\/td>\n<td><strong>M 22 X 65<\/strong><\/td>\n<td><strong>\u0411\u041e\u041b\u0422\u042b \u041f\u041e\u0414\u0414\u041e\u041d\u041e\u0412 \u0421 \u0413\u0410\u0419\u041a\u0410\u041c\u0418 12,9K <\/strong><\/td>\n<\/tr>\n<tr>\n<td><\/td>\n<td><strong>M 22 X 70<\/strong><\/td>\n<td><strong>\u0411\u041e\u041b\u0422\u042b \u041f\u041e\u0414\u0414\u041e\u041d\u041e\u0412 \u0421 \u0413\u0410\u0419\u041a\u0410\u041c\u0418 12,9K <\/strong><\/td>\n<\/tr>\n<tr>\n<td><\/td>\n<td><strong>M 22 X 75<\/strong><\/td>\n<td><strong>\u0411\u041e\u041b\u0422\u042b \u041f\u041e\u0414\u0414\u041e\u041d\u041e\u0412 \u0421 \u0413\u0410\u0419\u041a\u0410\u041c\u0418 12,9K <\/strong><\/td>\n<\/tr>\n<tr>\n<td><\/td>\n<td><strong>M 24 X 67<\/strong><\/td>\n<td><strong> \u0411\u041e\u041b\u0422\u042b \u041f\u041e\u0414\u0414\u041e\u041d\u041e\u0412 \u0421 \u0413\u0410\u0419\u041a\u0410\u041c\u0418 \u041c\u041d\u041e\u0413\u041e\u0414\u0418\u0421\u041a\u041e\u0412\u042b\u0415 12,9K<\/strong><\/td>\n<\/tr>\n<tr>\n<td><strong>EC460 B<\/strong><\/td>\n<td><strong>M 24 X 76<\/strong><\/td>\n<td><strong>\u0411\u041e\u041b\u0422\u042b \u041f\u041e\u0414\u0414\u041e\u041d\u041e\u0412 \u0421 \u0413\u0410\u0419\u041a\u0410\u041c\u0418 12,9K <\/strong><\/td>\n<\/tr>\n<tr>\n<td><\/td>\n<td><strong>M 24 X 65 <\/strong><\/td>\n<td><strong>\u0411\u041e\u041b\u0422\u042b \u041f\u041e\u0414\u0414\u041e\u041d\u041e\u0412 \u0421 \u0413\u0410\u0419\u041a\u0410\u041c\u0418 12,9K <\/strong><\/td>\n<\/tr>\n<tr>\n<td><\/td>\n<td><strong>M 27 X 86<\/strong><\/td>\n<td><strong>\u0411\u041e\u041b\u0422\u042b \u041f\u041e\u0414\u0414\u041e\u041d\u041e\u0412 \u0421 \u0413\u0410\u0419\u041a\u0410\u041c\u0418 12,9K <\/strong><\/td>\n<\/tr>\n<tr>\n<td><\/td>\n<td><strong>M 27 X 95<\/strong><\/td>\n<td><strong>\u0411\u041e\u041b\u0422\u042b \u041f\u041e\u0414\u0414\u041e\u041d\u041e\u0412 \u0421 \u0413\u0410\u0419\u041a\u0410\u041c\u0418 12,9K <\/strong><\/td>\n<\/tr>\n<tr>\n<td><\/td>\n<td><strong>\u00a0<\/strong><\/td>\n<td><strong>\u00a0<\/strong><\/td>\n<\/tr>\n<tr>\n<td><\/td>\n<td><strong>\u00a0<\/strong><\/td>\n<td><strong>\u00a0<\/strong><\/td>\n<\/tr>\n<tr>\n<td><\/td>\n<td><strong>\u00a0<\/strong><\/td>\n<td><strong>\u00a0<\/strong><\/td>\n<\/tr>\n<tr>\n<td><\/td>\n<td><strong>\u00a0<\/strong><\/td>\n<td><strong>\u00a0<\/strong><\/td>\n<\/tr>\n<tr>\n<td><\/td>\n<td><\/td>\n<td><\/td>\n<\/tr>\n<\/tbody>\n<\/table>\n<p>\u0417\u0430\u043f\u0447\u0430\u0441\u0442\u0438 \u0431\u043e\u043b\u0442\u044b \u043f\u043e\u0434\u0434\u043e\u043d\u043e\u0432 \u043f\u043e\u0432\u043e\u0440\u043e\u0442\u0430 \u044d\u043a\u0441\u043a\u0430\u0432\u0430\u0442\u043e\u0440\u0430 VOLVO<\/p>\n<p>\u043e\u0442\u043d\u043e\u0441\u044f\u0442\u0441\u044f \u043a \u0443\u043a\u0430\u0437\u0430\u043d\u043d\u044b\u043c \u043d\u0438\u0436\u0435 \u043c\u043e\u0434\u0435\u043b\u044f\u043c \u044d\u043a\u0441\u043a\u0430\u0432\u0430\u0442\u043e\u0440\u043e\u0432 VOLVO:<\/p>\n<p>EC180B ,\u00a0EC210B,\u00a0EC240B,\u00a0EC290B,\u00a0EC360B,\u00a0EC460B<\/p>","protected":false},"excerpt":{"rendered":"<p>\u0417\u0410\u041f\u0427\u0410\u0421\u0422\u0418 \u0411\u041e\u041b\u0422\u042b \u041f\u041e\u0414\u0414\u041e\u041d\u041e\u0412 \u042d\u041a\u0421\u041a\u0410\u0412\u0410\u0422\u041e\u0420\u0410 VOLVO \u0420\u0410\u0417\u041c\u0415\u0420 \u0422\u0418\u041f \u00a0 \u00a0 M 12 X 40 \u0411\u041e\u041b\u0422\u042b \u041f\u041e\u0414\u0414\u041e\u041d\u041e\u0412 \u0421 \u0413\u0410\u0419\u041a\u0410\u041c\u0418 12,9K M 12X 47 \u0411\u041e\u041b\u0422\u042b \u041f\u041e\u0414\u0414\u041e\u041d\u041e\u0412 \u0421 \u0413\u0410\u0419\u041a\u0410\u041c\u0418 12,9K M 18 X 60 \u0411\u041e\u041b\u0422\u042b \u041f\u041e\u0414\u0414\u041e\u041d\u041e\u0412 \u0421 \u0413\u0410\u0419\u041a\u0410\u041c\u0418 12,9K M 20 X 55 \u0411\u041e\u041b\u0422\u042b \u041f\u041e\u0414\u0414\u041e\u041d\u041e\u0412 \u0421 \u0413\u0410\u0419\u041a\u0410\u041c\u0418 12,9K M 20 X 56 \u0411\u041e\u041b\u0422\u042b \u041f\u041e\u0414\u0414\u041e\u041d\u041e\u0412 \u0421 \u0413\u0410\u0419\u041a\u0410\u041c\u0418 \u041c\u041d\u041e\u0413\u041e\u0414\u0418\u0421\u041a\u041e\u0412\u042b\u0415 12,9K EC210 [&hellip;]<\/p>\n","protected":false},"author":1,"featured_media":0,"parent":0,"menu_order":0,"comment_status":"closed","ping_status":"closed","template":"page-fullwidth.php","meta":{"footnotes":""},"class_list":["post-698","page","type-page","status-publish","hentry"],"yoast_head":"<!-- This site is optimized with the Yoast SEO plugin v26.8 - https:\/\/yoast.com\/product\/yoast-seo-wordpress\/ -->\n<title>VOLVO EKSKAVAT\u00d6R PALET C\u0130VATALARI YEDEK PAR\u00c7ALARI<\/title>\n<meta name=\"robots\" content=\"index, follow, max-snippet:-1, max-image-preview:large, max-video-preview:-1\" \/>\n<link rel=\"canonical\" href=\"https:\/\/eyli.com.tr\/ekskavator-palet-civatalari\/\" \/>\n<meta property=\"og:locale\" content=\"ru_RU\" \/>\n<meta property=\"og:type\" content=\"article\" \/>\n<meta property=\"og:title\" content=\"VOLVO EKSKAVAT\u00d6R PALET C\u0130VATALARI YEDEK PAR\u00c7ALARI\" \/>\n<meta property=\"og:description\" content=\"\u0417\u0410\u041f\u0427\u0410\u0421\u0422\u0418 \u0411\u041e\u041b\u0422\u042b \u041f\u041e\u0414\u0414\u041e\u041d\u041e\u0412 \u042d\u041a\u0421\u041a\u0410\u0412\u0410\u0422\u041e\u0420\u0410 VOLVO \u0420\u0410\u0417\u041c\u0415\u0420 \u0422\u0418\u041f \u00a0 \u00a0 M 12 X 40 \u0411\u041e\u041b\u0422\u042b \u041f\u041e\u0414\u0414\u041e\u041d\u041e\u0412 \u0421 \u0413\u0410\u0419\u041a\u0410\u041c\u0418 12,9K M 12X 47 \u0411\u041e\u041b\u0422\u042b \u041f\u041e\u0414\u0414\u041e\u041d\u041e\u0412 \u0421 \u0413\u0410\u0419\u041a\u0410\u041c\u0418 12,9K M 18 X 60 \u0411\u041e\u041b\u0422\u042b \u041f\u041e\u0414\u0414\u041e\u041d\u041e\u0412 \u0421 \u0413\u0410\u0419\u041a\u0410\u041c\u0418 12,9K M 20 X 55 \u0411\u041e\u041b\u0422\u042b \u041f\u041e\u0414\u0414\u041e\u041d\u041e\u0412 \u0421 \u0413\u0410\u0419\u041a\u0410\u041c\u0418 12,9K M 20 X 56 \u0411\u041e\u041b\u0422\u042b \u041f\u041e\u0414\u0414\u041e\u041d\u041e\u0412 \u0421 \u0413\u0410\u0419\u041a\u0410\u041c\u0418 \u041c\u041d\u041e\u0413\u041e\u0414\u0418\u0421\u041a\u041e\u0412\u042b\u0415 12,9K EC210 [&hellip;]\" \/>\n<meta property=\"og:url\" content=\"https:\/\/eyli.com.tr\/ekskavator-palet-civatalari\/\" \/>\n<meta property=\"og:site_name\" content=\"Eyli \u0130\u015f Makineleri\" \/>\n<meta property=\"article:publisher\" content=\"https:\/\/www.facebook.com\/eylicomtr\" \/>\n<meta property=\"article:modified_time\" content=\"2016-10-17T15:39:40+00:00\" \/>\n<meta name=\"twitter:card\" content=\"summary_large_image\" \/>\n<meta name=\"twitter:label1\" content=\"\u041f\u0440\u0438\u043c\u0435\u0440\u043d\u043e\u0435 \u0432\u0440\u0435\u043c\u044f \u0434\u043b\u044f \u0447\u0442\u0435\u043d\u0438\u044f\" \/>\n\t<meta name=\"twitter:data1\" content=\"2 \u043c\u0438\u043d\u0443\u0442\u044b\" \/>\n<script type=\"application\/ld+json\" class=\"yoast-schema-graph\">{\"@context\":\"https:\/\/schema.org\",\"@graph\":[{\"@type\":\"WebPage\",\"@id\":\"https:\/\/eyli.com.tr\/ekskavator-palet-civatalari\/\",\"url\":\"https:\/\/eyli.com.tr\/ekskavator-palet-civatalari\/\",\"name\":\"VOLVO EKSKAVAT\u00d6R PALET C\u0130VATALARI YEDEK PAR\u00c7ALARI\",\"isPartOf\":{\"@id\":\"https:\/\/eyli.com.tr\/#website\"},\"datePublished\":\"2016-05-09T11:42:27+00:00\",\"dateModified\":\"2016-10-17T15:39:40+00:00\",\"breadcrumb\":{\"@id\":\"https:\/\/eyli.com.tr\/ekskavator-palet-civatalari\/#breadcrumb\"},\"inLanguage\":\"ru-RU\",\"potentialAction\":[{\"@type\":\"ReadAction\",\"target\":[\"https:\/\/eyli.com.tr\/ekskavator-palet-civatalari\/\"]}]},{\"@type\":\"BreadcrumbList\",\"@id\":\"https:\/\/eyli.com.tr\/ekskavator-palet-civatalari\/#breadcrumb\",\"itemListElement\":[{\"@type\":\"ListItem\",\"position\":1,\"name\":\"Ana sayfa\",\"item\":\"https:\/\/eyli.com.tr\/\"},{\"@type\":\"ListItem\",\"position\":2,\"name\":\"Ekskavat\u00f6r Palet Civatalar\u0131\"}]},{\"@type\":\"WebSite\",\"@id\":\"https:\/\/eyli.com.tr\/#website\",\"url\":\"https:\/\/eyli.com.tr\/\",\"name\":\"Eyli \u0130\u015f Makineleri\",\"description\":\"\",\"publisher\":{\"@id\":\"https:\/\/eyli.com.tr\/#organization\"},\"potentialAction\":[{\"@type\":\"SearchAction\",\"target\":{\"@type\":\"EntryPoint\",\"urlTemplate\":\"https:\/\/eyli.com.tr\/?s={search_term_string}\"},\"query-input\":{\"@type\":\"PropertyValueSpecification\",\"valueRequired\":true,\"valueName\":\"search_term_string\"}}],\"inLanguage\":\"ru-RU\"},{\"@type\":\"Organization\",\"@id\":\"https:\/\/eyli.com.tr\/#organization\",\"name\":\"Eyli \u0130\u015f Makineleri\",\"url\":\"https:\/\/eyli.com.tr\/\",\"logo\":{\"@type\":\"ImageObject\",\"inLanguage\":\"ru-RU\",\"@id\":\"https:\/\/eyli.com.tr\/#\/schema\/logo\/image\/\",\"url\":\"https:\/\/eyli.com.tr\/wp-content\/uploads\/2020\/04\/WhatsApp-Image-2020-04-23-at-03.11.52-e1587829137284.jpeg\",\"contentUrl\":\"https:\/\/eyli.com.tr\/wp-content\/uploads\/2020\/04\/WhatsApp-Image-2020-04-23-at-03.11.52-e1587829137284.jpeg\",\"width\":1600,\"height\":900,\"caption\":\"Eyli \u0130\u015f Makineleri\"},\"image\":{\"@id\":\"https:\/\/eyli.com.tr\/#\/schema\/logo\/image\/\"},\"sameAs\":[\"https:\/\/www.facebook.com\/eylicomtr\"]}]}<\/script>\n<!-- \/ Yoast SEO plugin. -->","yoast_head_json":{"title":"VOLVO EKSKAVAT\u00d6R PALET C\u0130VATALARI YEDEK PAR\u00c7ALARI","robots":{"index":"index","follow":"follow","max-snippet":"max-snippet:-1","max-image-preview":"max-image-preview:large","max-video-preview":"max-video-preview:-1"},"canonical":"https:\/\/eyli.com.tr\/ekskavator-palet-civatalari\/","og_locale":"ru_RU","og_type":"article","og_title":"VOLVO EKSKAVAT\u00d6R PALET C\u0130VATALARI YEDEK PAR\u00c7ALARI","og_description":"\u0417\u0410\u041f\u0427\u0410\u0421\u0422\u0418 \u0411\u041e\u041b\u0422\u042b \u041f\u041e\u0414\u0414\u041e\u041d\u041e\u0412 \u042d\u041a\u0421\u041a\u0410\u0412\u0410\u0422\u041e\u0420\u0410 VOLVO \u0420\u0410\u0417\u041c\u0415\u0420 \u0422\u0418\u041f \u00a0 \u00a0 M 12 X 40 \u0411\u041e\u041b\u0422\u042b \u041f\u041e\u0414\u0414\u041e\u041d\u041e\u0412 \u0421 \u0413\u0410\u0419\u041a\u0410\u041c\u0418 12,9K M 12X 47 \u0411\u041e\u041b\u0422\u042b \u041f\u041e\u0414\u0414\u041e\u041d\u041e\u0412 \u0421 \u0413\u0410\u0419\u041a\u0410\u041c\u0418 12,9K M 18 X 60 \u0411\u041e\u041b\u0422\u042b \u041f\u041e\u0414\u0414\u041e\u041d\u041e\u0412 \u0421 \u0413\u0410\u0419\u041a\u0410\u041c\u0418 12,9K M 20 X 55 \u0411\u041e\u041b\u0422\u042b \u041f\u041e\u0414\u0414\u041e\u041d\u041e\u0412 \u0421 \u0413\u0410\u0419\u041a\u0410\u041c\u0418 12,9K M 20 X 56 \u0411\u041e\u041b\u0422\u042b \u041f\u041e\u0414\u0414\u041e\u041d\u041e\u0412 \u0421 \u0413\u0410\u0419\u041a\u0410\u041c\u0418 \u041c\u041d\u041e\u0413\u041e\u0414\u0418\u0421\u041a\u041e\u0412\u042b\u0415 12,9K EC210 [&hellip;]","og_url":"https:\/\/eyli.com.tr\/ekskavator-palet-civatalari\/","og_site_name":"Eyli \u0130\u015f Makineleri","article_publisher":"https:\/\/www.facebook.com\/eylicomtr","article_modified_time":"2016-10-17T15:39:40+00:00","twitter_card":"summary_large_image","twitter_misc":{"\u041f\u0440\u0438\u043c\u0435\u0440\u043d\u043e\u0435 \u0432\u0440\u0435\u043c\u044f \u0434\u043b\u044f \u0447\u0442\u0435\u043d\u0438\u044f":"2 \u043c\u0438\u043d\u0443\u0442\u044b"},"schema":{"@context":"https:\/\/schema.org","@graph":[{"@type":"WebPage","@id":"https:\/\/eyli.com.tr\/ekskavator-palet-civatalari\/","url":"https:\/\/eyli.com.tr\/ekskavator-palet-civatalari\/","name":"VOLVO EKSKAVAT\u00d6R PALET C\u0130VATALARI YEDEK PAR\u00c7ALARI","isPartOf":{"@id":"https:\/\/eyli.com.tr\/#website"},"datePublished":"2016-05-09T11:42:27+00:00","dateModified":"2016-10-17T15:39:40+00:00","breadcrumb":{"@id":"https:\/\/eyli.com.tr\/ekskavator-palet-civatalari\/#breadcrumb"},"inLanguage":"ru-RU","potentialAction":[{"@type":"ReadAction","target":["https:\/\/eyli.com.tr\/ekskavator-palet-civatalari\/"]}]},{"@type":"BreadcrumbList","@id":"https:\/\/eyli.com.tr\/ekskavator-palet-civatalari\/#breadcrumb","itemListElement":[{"@type":"ListItem","position":1,"name":"Ana sayfa","item":"https:\/\/eyli.com.tr\/"},{"@type":"ListItem","position":2,"name":"Ekskavat\u00f6r Palet Civatalar\u0131"}]},{"@type":"WebSite","@id":"https:\/\/eyli.com.tr\/#website","url":"https:\/\/eyli.com.tr\/","name":"Eyli \u0130\u015f Makineleri","description":"","publisher":{"@id":"https:\/\/eyli.com.tr\/#organization"},"potentialAction":[{"@type":"SearchAction","target":{"@type":"EntryPoint","urlTemplate":"https:\/\/eyli.com.tr\/?s={search_term_string}"},"query-input":{"@type":"PropertyValueSpecification","valueRequired":true,"valueName":"search_term_string"}}],"inLanguage":"ru-RU"},{"@type":"Organization","@id":"https:\/\/eyli.com.tr\/#organization","name":"Eyli \u0130\u015f Makineleri","url":"https:\/\/eyli.com.tr\/","logo":{"@type":"ImageObject","inLanguage":"ru-RU","@id":"https:\/\/eyli.com.tr\/#\/schema\/logo\/image\/","url":"https:\/\/eyli.com.tr\/wp-content\/uploads\/2020\/04\/WhatsApp-Image-2020-04-23-at-03.11.52-e1587829137284.jpeg","contentUrl":"https:\/\/eyli.com.tr\/wp-content\/uploads\/2020\/04\/WhatsApp-Image-2020-04-23-at-03.11.52-e1587829137284.jpeg","width":1600,"height":900,"caption":"Eyli \u0130\u015f Makineleri"},"image":{"@id":"https:\/\/eyli.com.tr\/#\/schema\/logo\/image\/"},"sameAs":["https:\/\/www.facebook.com\/eylicomtr"]}]}},"_links":{"self":[{"href":"https:\/\/eyli.com.tr\/ru\/wp-json\/wp\/v2\/pages\/698","targetHints":{"allow":["GET"]}}],"collection":[{"href":"https:\/\/eyli.com.tr\/ru\/wp-json\/wp\/v2\/pages"}],"about":[{"href":"https:\/\/eyli.com.tr\/ru\/wp-json\/wp\/v2\/types\/page"}],"author":[{"embeddable":true,"href":"https:\/\/eyli.com.tr\/ru\/wp-json\/wp\/v2\/users\/1"}],"replies":[{"embeddable":true,"href":"https:\/\/eyli.com.tr\/ru\/wp-json\/wp\/v2\/comments?post=698"}],"version-history":[{"count":4,"href":"https:\/\/eyli.com.tr\/ru\/wp-json\/wp\/v2\/pages\/698\/revisions"}],"predecessor-version":[{"id":1767,"href":"https:\/\/eyli.com.tr\/ru\/wp-json\/wp\/v2\/pages\/698\/revisions\/1767"}],"wp:attachment":[{"href":"https:\/\/eyli.com.tr\/ru\/wp-json\/wp\/v2\/media?parent=698"}],"curies":[{"name":"wp","href":"https:\/\/api.w.org\/{rel}","templated":true}]}}