{"id":610,"date":"2016-05-06T17:17:59","date_gmt":"2016-05-06T14:17:59","guid":{"rendered":"http:\/\/eyli.com.tr\/?page_id=610"},"modified":"2016-10-11T16:46:21","modified_gmt":"2016-10-11T13:46:21","slug":"kaya-kamyonu-silindir","status":"publish","type":"page","link":"https:\/\/eyli.com.tr\/ru\/kaya-kamyonu-silindir\/","title":{"rendered":"\u0426\u0438\u043b\u0438\u043d\u0434\u0440 \u043a\u0430\u0440\u044c\u0435\u0440\u043d\u043e\u0433\u043e \u0441\u0430\u043c\u043e\u0441\u0432\u0430\u043b\u0430"},"content":{"rendered":"<p><img loading=\"lazy\" decoding=\"async\" class=\"aligncenter size-full wp-image-624\" src=\"http:\/\/eyli.com.tr\/wp-content\/uploads\/2016\/05\/kaya-kamyonu-silindir.png\" alt=\"kaya-kamyonu-silindir\" width=\"1510\" height=\"1341\" srcset=\"https:\/\/eyli.com.tr\/wp-content\/uploads\/2016\/05\/kaya-kamyonu-silindir.png 1510w, https:\/\/eyli.com.tr\/wp-content\/uploads\/2016\/05\/kaya-kamyonu-silindir-300x266.png 300w, https:\/\/eyli.com.tr\/wp-content\/uploads\/2016\/05\/kaya-kamyonu-silindir-768x682.png 768w, https:\/\/eyli.com.tr\/wp-content\/uploads\/2016\/05\/kaya-kamyonu-silindir-1024x909.png 1024w\" sizes=\"auto, (max-width: 1510px) 100vw, 1510px\" \/><\/p>\n<p>&nbsp;<\/p>\n<p>\u0417\u0410\u041f\u0427\u0410\u0421\u0422\u0418 \u0426\u0418\u041b\u0418\u041d\u0414\u0420\u0410 \u0414\u041b\u042f \u041a\u0410\u0420\u042c\u0415\u0420\u041d\u041e\u0413\u041e \u0421\u0410\u041c\u041e\u0421\u0412\u0410\u041b\u0410 VOLVO<\/p>\n<table class=\"table table-bordered\">\n<tbody>\n<tr>\n<td>\u041f\u043e\u0437\u0438\u0446\u0438\u044f<\/td>\n<td>\u041d\u043e\u043c\u0435\u0440 \u0434\u0435\u0442\u0430\u043b\u0438<\/td>\n<td>\u041d\u0430\u0438\u043c\u0435\u043d\u043e\u0432\u0430\u043d\u0438\u0435 \u0437\u0430\u043f\u0447\u0430\u0441\u0442\u0438<\/td>\n<\/tr>\n<tr>\n<td><\/td>\n<td>VOE11119171<\/td>\n<td>\u0426\u0438\u043b\u0438\u043d\u0434\u0440 -Damping Cyl.<\/td>\n<\/tr>\n<tr>\n<td>1<\/td>\n<td>VOE11119170<\/td>\n<td>\u0426\u0438\u043b\u0438\u043d\u0434\u0440 -Cylinder<\/td>\n<\/tr>\n<tr>\n<td>2<\/td>\n<td>VOE4737485<\/td>\n<td>\u2022Plug<\/td>\n<\/tr>\n<tr>\n<td>3<\/td>\n<td>VOE14013069<\/td>\n<td>\u0423\u043f\u043b\u043e\u0442\u043d\u0438\u0442\u0435\u043b\u044c\u043d\u043e\u0435 \u043a\u043e\u043b\u044c\u0446\u043e -Gasket<\/td>\n<\/tr>\n<tr>\n<td>4<\/td>\n<td>VOE13961422<\/td>\n<td>\u2022Disc spring<\/td>\n<\/tr>\n<tr>\n<td>5<\/td>\n<td>VOE11119168<\/td>\n<td>\u2022Thrust Ring<\/td>\n<\/tr>\n<tr>\n<td>6<\/td>\n<td>VOE11713269<\/td>\n<td>\u2022Piston Kit<\/td>\n<\/tr>\n<tr>\n<td>7<\/td>\n<td>VOE11121464<\/td>\n<td>\u2022Seal<\/td>\n<\/tr>\n<tr>\n<td>8<\/td>\n<td>VOE925258<\/td>\n<td>\u2022O-ring<\/td>\n<\/tr>\n<tr>\n<td>9<\/td>\n<td>VOE11119164<\/td>\n<td>\u2022Giude<\/td>\n<\/tr>\n<tr>\n<td>10<\/td>\n<td>VOE11119165<\/td>\n<td>Civata -Nut<\/td>\n<\/tr>\n<\/tbody>\n<\/table>\n<p>\u0417\u0430\u043f\u0447\u0430\u0441\u0442\u0438 \u0446\u0438\u043b\u0438\u043d\u0434\u0440\u0430 \u0434\u043b\u044f \u043a\u0430\u0440\u044c\u0435\u0440\u043d\u044b\u0445 \u0441\u0430\u043c\u043e\u0441\u0432\u0430\u043b\u043e\u0432 VOLVO<\/p>\n<p>\u043e\u0442\u043d\u043e\u0441\u044f\u0442\u0441\u044f \u043a \u0443\u043a\u0430\u0437\u0430\u043d\u043d\u044b\u043c \u043d\u0438\u0436\u0435 \u043c\u043e\u0434\u0435\u043b\u044f\u043c <strong>\u043a\u0430\u0440\u044c\u0435\u0440\u043d\u044b\u0445 \u0441\u0430\u043c\u043e\u0441\u0432\u0430\u043b\u043e\u0432 VOLVO<\/strong>:<\/p>\n<p>A25D, \u00a0A25E, A30D , A30E,\u00a0A35D,\u00a0A35E,\u00a0A35F,\u00a0A40D,\u00a0A40E,\u00a0A40F,\u00a0A40G<\/p>","protected":false},"excerpt":{"rendered":"<p>&nbsp; \u0417\u0410\u041f\u0427\u0410\u0421\u0422\u0418 \u0426\u0418\u041b\u0418\u041d\u0414\u0420\u0410 \u0414\u041b\u042f \u041a\u0410\u0420\u042c\u0415\u0420\u041d\u041e\u0413\u041e \u0421\u0410\u041c\u041e\u0421\u0412\u0410\u041b\u0410 VOLVO \u041f\u043e\u0437\u0438\u0446\u0438\u044f \u041d\u043e\u043c\u0435\u0440 \u0434\u0435\u0442\u0430\u043b\u0438 \u041d\u0430\u0438\u043c\u0435\u043d\u043e\u0432\u0430\u043d\u0438\u0435 \u0437\u0430\u043f\u0447\u0430\u0441\u0442\u0438 VOE11119171 \u0426\u0438\u043b\u0438\u043d\u0434\u0440 -Damping Cyl. 1 VOE11119170 \u0426\u0438\u043b\u0438\u043d\u0434\u0440 -Cylinder 2 VOE4737485 \u2022Plug 3 VOE14013069 \u0423\u043f\u043b\u043e\u0442\u043d\u0438\u0442\u0435\u043b\u044c\u043d\u043e\u0435 \u043a\u043e\u043b\u044c\u0446\u043e -Gasket 4 VOE13961422 \u2022Disc spring 5 VOE11119168 \u2022Thrust Ring 6 VOE11713269 \u2022Piston Kit 7 VOE11121464 \u2022Seal 8 VOE925258 \u2022O-ring 9 VOE11119164 \u2022Giude 10 VOE11119165 Civata -Nut \u0417\u0430\u043f\u0447\u0430\u0441\u0442\u0438 \u0446\u0438\u043b\u0438\u043d\u0434\u0440\u0430 [&hellip;]<\/p>\n","protected":false},"author":1,"featured_media":0,"parent":0,"menu_order":0,"comment_status":"closed","ping_status":"closed","template":"page-fullwidth.php","meta":{"footnotes":""},"class_list":["post-610","page","type-page","status-publish","hentry"],"yoast_head":"<!-- This site is optimized with the Yoast SEO plugin v26.8 - https:\/\/yoast.com\/product\/yoast-seo-wordpress\/ -->\n<title>VOLVO KAYA KAMYONU S\u0130L\u0130ND\u0130R YEDEK PAR\u00c7ALARI<\/title>\n<meta name=\"robots\" content=\"index, follow, max-snippet:-1, max-image-preview:large, max-video-preview:-1\" \/>\n<link rel=\"canonical\" href=\"https:\/\/eyli.com.tr\/kaya-kamyonu-silindir\/\" \/>\n<meta property=\"og:locale\" content=\"ru_RU\" \/>\n<meta property=\"og:type\" content=\"article\" \/>\n<meta property=\"og:title\" content=\"VOLVO KAYA KAMYONU S\u0130L\u0130ND\u0130R YEDEK PAR\u00c7ALARI\" \/>\n<meta property=\"og:description\" content=\"&nbsp; \u0417\u0410\u041f\u0427\u0410\u0421\u0422\u0418 \u0426\u0418\u041b\u0418\u041d\u0414\u0420\u0410 \u0414\u041b\u042f \u041a\u0410\u0420\u042c\u0415\u0420\u041d\u041e\u0413\u041e \u0421\u0410\u041c\u041e\u0421\u0412\u0410\u041b\u0410 VOLVO \u041f\u043e\u0437\u0438\u0446\u0438\u044f \u041d\u043e\u043c\u0435\u0440 \u0434\u0435\u0442\u0430\u043b\u0438 \u041d\u0430\u0438\u043c\u0435\u043d\u043e\u0432\u0430\u043d\u0438\u0435 \u0437\u0430\u043f\u0447\u0430\u0441\u0442\u0438 VOE11119171 \u0426\u0438\u043b\u0438\u043d\u0434\u0440 -Damping Cyl. 1 VOE11119170 \u0426\u0438\u043b\u0438\u043d\u0434\u0440 -Cylinder 2 VOE4737485 \u2022Plug 3 VOE14013069 \u0423\u043f\u043b\u043e\u0442\u043d\u0438\u0442\u0435\u043b\u044c\u043d\u043e\u0435 \u043a\u043e\u043b\u044c\u0446\u043e -Gasket 4 VOE13961422 \u2022Disc spring 5 VOE11119168 \u2022Thrust Ring 6 VOE11713269 \u2022Piston Kit 7 VOE11121464 \u2022Seal 8 VOE925258 \u2022O-ring 9 VOE11119164 \u2022Giude 10 VOE11119165 Civata -Nut \u0417\u0430\u043f\u0447\u0430\u0441\u0442\u0438 \u0446\u0438\u043b\u0438\u043d\u0434\u0440\u0430 [&hellip;]\" \/>\n<meta property=\"og:url\" content=\"https:\/\/eyli.com.tr\/kaya-kamyonu-silindir\/\" \/>\n<meta property=\"og:site_name\" content=\"Eyli \u0130\u015f Makineleri\" \/>\n<meta property=\"article:publisher\" content=\"https:\/\/www.facebook.com\/eylicomtr\" \/>\n<meta property=\"article:modified_time\" content=\"2016-10-11T13:46:21+00:00\" \/>\n<meta property=\"og:image\" content=\"http:\/\/eyli.com.tr\/wp-content\/uploads\/2016\/05\/kaya-kamyonu-silindir.png\" \/>\n<meta name=\"twitter:card\" content=\"summary_large_image\" \/>\n<meta name=\"twitter:label1\" content=\"\u041f\u0440\u0438\u043c\u0435\u0440\u043d\u043e\u0435 \u0432\u0440\u0435\u043c\u044f \u0434\u043b\u044f \u0447\u0442\u0435\u043d\u0438\u044f\" \/>\n\t<meta name=\"twitter:data1\" content=\"1 \u043c\u0438\u043d\u0443\u0442\u0430\" \/>\n<script type=\"application\/ld+json\" class=\"yoast-schema-graph\">{\"@context\":\"https:\/\/schema.org\",\"@graph\":[{\"@type\":\"WebPage\",\"@id\":\"https:\/\/eyli.com.tr\/kaya-kamyonu-silindir\/\",\"url\":\"https:\/\/eyli.com.tr\/kaya-kamyonu-silindir\/\",\"name\":\"VOLVO KAYA KAMYONU S\u0130L\u0130ND\u0130R YEDEK PAR\u00c7ALARI\",\"isPartOf\":{\"@id\":\"https:\/\/eyli.com.tr\/#website\"},\"primaryImageOfPage\":{\"@id\":\"https:\/\/eyli.com.tr\/kaya-kamyonu-silindir\/#primaryimage\"},\"image\":{\"@id\":\"https:\/\/eyli.com.tr\/kaya-kamyonu-silindir\/#primaryimage\"},\"thumbnailUrl\":\"http:\/\/eyli.com.tr\/wp-content\/uploads\/2016\/05\/kaya-kamyonu-silindir.png\",\"datePublished\":\"2016-05-06T14:17:59+00:00\",\"dateModified\":\"2016-10-11T13:46:21+00:00\",\"breadcrumb\":{\"@id\":\"https:\/\/eyli.com.tr\/kaya-kamyonu-silindir\/#breadcrumb\"},\"inLanguage\":\"ru-RU\",\"potentialAction\":[{\"@type\":\"ReadAction\",\"target\":[\"https:\/\/eyli.com.tr\/kaya-kamyonu-silindir\/\"]}]},{\"@type\":\"ImageObject\",\"inLanguage\":\"ru-RU\",\"@id\":\"https:\/\/eyli.com.tr\/kaya-kamyonu-silindir\/#primaryimage\",\"url\":\"http:\/\/eyli.com.tr\/wp-content\/uploads\/2016\/05\/kaya-kamyonu-silindir.png\",\"contentUrl\":\"http:\/\/eyli.com.tr\/wp-content\/uploads\/2016\/05\/kaya-kamyonu-silindir.png\"},{\"@type\":\"BreadcrumbList\",\"@id\":\"https:\/\/eyli.com.tr\/kaya-kamyonu-silindir\/#breadcrumb\",\"itemListElement\":[{\"@type\":\"ListItem\",\"position\":1,\"name\":\"Ana sayfa\",\"item\":\"https:\/\/eyli.com.tr\/\"},{\"@type\":\"ListItem\",\"position\":2,\"name\":\"Kaya Kamyonu Silindir\"}]},{\"@type\":\"WebSite\",\"@id\":\"https:\/\/eyli.com.tr\/#website\",\"url\":\"https:\/\/eyli.com.tr\/\",\"name\":\"Eyli \u0130\u015f Makineleri\",\"description\":\"\",\"publisher\":{\"@id\":\"https:\/\/eyli.com.tr\/#organization\"},\"potentialAction\":[{\"@type\":\"SearchAction\",\"target\":{\"@type\":\"EntryPoint\",\"urlTemplate\":\"https:\/\/eyli.com.tr\/?s={search_term_string}\"},\"query-input\":{\"@type\":\"PropertyValueSpecification\",\"valueRequired\":true,\"valueName\":\"search_term_string\"}}],\"inLanguage\":\"ru-RU\"},{\"@type\":\"Organization\",\"@id\":\"https:\/\/eyli.com.tr\/#organization\",\"name\":\"Eyli \u0130\u015f Makineleri\",\"url\":\"https:\/\/eyli.com.tr\/\",\"logo\":{\"@type\":\"ImageObject\",\"inLanguage\":\"ru-RU\",\"@id\":\"https:\/\/eyli.com.tr\/#\/schema\/logo\/image\/\",\"url\":\"https:\/\/eyli.com.tr\/wp-content\/uploads\/2020\/04\/WhatsApp-Image-2020-04-23-at-03.11.52-e1587829137284.jpeg\",\"contentUrl\":\"https:\/\/eyli.com.tr\/wp-content\/uploads\/2020\/04\/WhatsApp-Image-2020-04-23-at-03.11.52-e1587829137284.jpeg\",\"width\":1600,\"height\":900,\"caption\":\"Eyli \u0130\u015f Makineleri\"},\"image\":{\"@id\":\"https:\/\/eyli.com.tr\/#\/schema\/logo\/image\/\"},\"sameAs\":[\"https:\/\/www.facebook.com\/eylicomtr\"]}]}<\/script>\n<!-- \/ Yoast SEO plugin. -->","yoast_head_json":{"title":"VOLVO KAYA KAMYONU S\u0130L\u0130ND\u0130R YEDEK PAR\u00c7ALARI","robots":{"index":"index","follow":"follow","max-snippet":"max-snippet:-1","max-image-preview":"max-image-preview:large","max-video-preview":"max-video-preview:-1"},"canonical":"https:\/\/eyli.com.tr\/kaya-kamyonu-silindir\/","og_locale":"ru_RU","og_type":"article","og_title":"VOLVO KAYA KAMYONU S\u0130L\u0130ND\u0130R YEDEK PAR\u00c7ALARI","og_description":"&nbsp; \u0417\u0410\u041f\u0427\u0410\u0421\u0422\u0418 \u0426\u0418\u041b\u0418\u041d\u0414\u0420\u0410 \u0414\u041b\u042f \u041a\u0410\u0420\u042c\u0415\u0420\u041d\u041e\u0413\u041e \u0421\u0410\u041c\u041e\u0421\u0412\u0410\u041b\u0410 VOLVO \u041f\u043e\u0437\u0438\u0446\u0438\u044f \u041d\u043e\u043c\u0435\u0440 \u0434\u0435\u0442\u0430\u043b\u0438 \u041d\u0430\u0438\u043c\u0435\u043d\u043e\u0432\u0430\u043d\u0438\u0435 \u0437\u0430\u043f\u0447\u0430\u0441\u0442\u0438 VOE11119171 \u0426\u0438\u043b\u0438\u043d\u0434\u0440 -Damping Cyl. 1 VOE11119170 \u0426\u0438\u043b\u0438\u043d\u0434\u0440 -Cylinder 2 VOE4737485 \u2022Plug 3 VOE14013069 \u0423\u043f\u043b\u043e\u0442\u043d\u0438\u0442\u0435\u043b\u044c\u043d\u043e\u0435 \u043a\u043e\u043b\u044c\u0446\u043e -Gasket 4 VOE13961422 \u2022Disc spring 5 VOE11119168 \u2022Thrust Ring 6 VOE11713269 \u2022Piston Kit 7 VOE11121464 \u2022Seal 8 VOE925258 \u2022O-ring 9 VOE11119164 \u2022Giude 10 VOE11119165 Civata -Nut \u0417\u0430\u043f\u0447\u0430\u0441\u0442\u0438 \u0446\u0438\u043b\u0438\u043d\u0434\u0440\u0430 [&hellip;]","og_url":"https:\/\/eyli.com.tr\/kaya-kamyonu-silindir\/","og_site_name":"Eyli \u0130\u015f Makineleri","article_publisher":"https:\/\/www.facebook.com\/eylicomtr","article_modified_time":"2016-10-11T13:46:21+00:00","og_image":[{"url":"http:\/\/eyli.com.tr\/wp-content\/uploads\/2016\/05\/kaya-kamyonu-silindir.png","type":"","width":"","height":""}],"twitter_card":"summary_large_image","twitter_misc":{"\u041f\u0440\u0438\u043c\u0435\u0440\u043d\u043e\u0435 \u0432\u0440\u0435\u043c\u044f \u0434\u043b\u044f \u0447\u0442\u0435\u043d\u0438\u044f":"1 \u043c\u0438\u043d\u0443\u0442\u0430"},"schema":{"@context":"https:\/\/schema.org","@graph":[{"@type":"WebPage","@id":"https:\/\/eyli.com.tr\/kaya-kamyonu-silindir\/","url":"https:\/\/eyli.com.tr\/kaya-kamyonu-silindir\/","name":"VOLVO KAYA KAMYONU S\u0130L\u0130ND\u0130R YEDEK PAR\u00c7ALARI","isPartOf":{"@id":"https:\/\/eyli.com.tr\/#website"},"primaryImageOfPage":{"@id":"https:\/\/eyli.com.tr\/kaya-kamyonu-silindir\/#primaryimage"},"image":{"@id":"https:\/\/eyli.com.tr\/kaya-kamyonu-silindir\/#primaryimage"},"thumbnailUrl":"http:\/\/eyli.com.tr\/wp-content\/uploads\/2016\/05\/kaya-kamyonu-silindir.png","datePublished":"2016-05-06T14:17:59+00:00","dateModified":"2016-10-11T13:46:21+00:00","breadcrumb":{"@id":"https:\/\/eyli.com.tr\/kaya-kamyonu-silindir\/#breadcrumb"},"inLanguage":"ru-RU","potentialAction":[{"@type":"ReadAction","target":["https:\/\/eyli.com.tr\/kaya-kamyonu-silindir\/"]}]},{"@type":"ImageObject","inLanguage":"ru-RU","@id":"https:\/\/eyli.com.tr\/kaya-kamyonu-silindir\/#primaryimage","url":"http:\/\/eyli.com.tr\/wp-content\/uploads\/2016\/05\/kaya-kamyonu-silindir.png","contentUrl":"http:\/\/eyli.com.tr\/wp-content\/uploads\/2016\/05\/kaya-kamyonu-silindir.png"},{"@type":"BreadcrumbList","@id":"https:\/\/eyli.com.tr\/kaya-kamyonu-silindir\/#breadcrumb","itemListElement":[{"@type":"ListItem","position":1,"name":"Ana sayfa","item":"https:\/\/eyli.com.tr\/"},{"@type":"ListItem","position":2,"name":"Kaya Kamyonu Silindir"}]},{"@type":"WebSite","@id":"https:\/\/eyli.com.tr\/#website","url":"https:\/\/eyli.com.tr\/","name":"Eyli \u0130\u015f Makineleri","description":"","publisher":{"@id":"https:\/\/eyli.com.tr\/#organization"},"potentialAction":[{"@type":"SearchAction","target":{"@type":"EntryPoint","urlTemplate":"https:\/\/eyli.com.tr\/?s={search_term_string}"},"query-input":{"@type":"PropertyValueSpecification","valueRequired":true,"valueName":"search_term_string"}}],"inLanguage":"ru-RU"},{"@type":"Organization","@id":"https:\/\/eyli.com.tr\/#organization","name":"Eyli \u0130\u015f Makineleri","url":"https:\/\/eyli.com.tr\/","logo":{"@type":"ImageObject","inLanguage":"ru-RU","@id":"https:\/\/eyli.com.tr\/#\/schema\/logo\/image\/","url":"https:\/\/eyli.com.tr\/wp-content\/uploads\/2020\/04\/WhatsApp-Image-2020-04-23-at-03.11.52-e1587829137284.jpeg","contentUrl":"https:\/\/eyli.com.tr\/wp-content\/uploads\/2020\/04\/WhatsApp-Image-2020-04-23-at-03.11.52-e1587829137284.jpeg","width":1600,"height":900,"caption":"Eyli \u0130\u015f Makineleri"},"image":{"@id":"https:\/\/eyli.com.tr\/#\/schema\/logo\/image\/"},"sameAs":["https:\/\/www.facebook.com\/eylicomtr"]}]}},"_links":{"self":[{"href":"https:\/\/eyli.com.tr\/ru\/wp-json\/wp\/v2\/pages\/610","targetHints":{"allow":["GET"]}}],"collection":[{"href":"https:\/\/eyli.com.tr\/ru\/wp-json\/wp\/v2\/pages"}],"about":[{"href":"https:\/\/eyli.com.tr\/ru\/wp-json\/wp\/v2\/types\/page"}],"author":[{"embeddable":true,"href":"https:\/\/eyli.com.tr\/ru\/wp-json\/wp\/v2\/users\/1"}],"replies":[{"embeddable":true,"href":"https:\/\/eyli.com.tr\/ru\/wp-json\/wp\/v2\/comments?post=610"}],"version-history":[{"count":4,"href":"https:\/\/eyli.com.tr\/ru\/wp-json\/wp\/v2\/pages\/610\/revisions"}],"predecessor-version":[{"id":1689,"href":"https:\/\/eyli.com.tr\/ru\/wp-json\/wp\/v2\/pages\/610\/revisions\/1689"}],"wp:attachment":[{"href":"https:\/\/eyli.com.tr\/ru\/wp-json\/wp\/v2\/media?parent=610"}],"curies":[{"name":"wp","href":"https:\/\/api.w.org\/{rel}","templated":true}]}}