{"id":497,"date":"2016-05-05T15:31:57","date_gmt":"2016-05-05T12:31:57","guid":{"rendered":"http:\/\/eyli.com.tr\/?page_id=497"},"modified":"2016-10-18T18:13:14","modified_gmt":"2016-10-18T15:13:14","slug":"beko-loder-donus-braket","status":"publish","type":"page","link":"https:\/\/eyli.com.tr\/ru\/beko-loder-donus-braket\/","title":{"rendered":"\u041f\u043e\u0432\u043e\u0440\u043e\u0442\u043d\u044b\u0439 \u0440\u044b\u0447\u0430\u0433 \u044d\u043a\u0441\u043a\u0430\u0432\u0430\u0442\u043e\u0440\u0430-\u043f\u043e\u0433\u0440\u0443\u0437\u0447\u0438\u043a\u0430"},"content":{"rendered":"<p><img loading=\"lazy\" decoding=\"async\" class=\"aligncenter size-full wp-image-512\" src=\"http:\/\/eyli.com.tr\/wp-content\/uploads\/2016\/05\/bekoloder-donus-braket.png\" alt=\"bekoloder-donus-braket\" width=\"1513\" height=\"1066\" srcset=\"https:\/\/eyli.com.tr\/wp-content\/uploads\/2016\/05\/bekoloder-donus-braket.png 1513w, https:\/\/eyli.com.tr\/wp-content\/uploads\/2016\/05\/bekoloder-donus-braket-300x211.png 300w, https:\/\/eyli.com.tr\/wp-content\/uploads\/2016\/05\/bekoloder-donus-braket-768x541.png 768w, https:\/\/eyli.com.tr\/wp-content\/uploads\/2016\/05\/bekoloder-donus-braket-1024x721.png 1024w\" sizes=\"auto, (max-width: 1513px) 100vw, 1513px\" \/><\/p>\n<p>&nbsp;<\/p>\n<p>\u0417\u0410\u041f\u0427\u0410\u0421\u0422\u0418 \u041f\u041e\u0412\u041e\u0420\u041e\u0422\u041d\u041e\u0413\u041e \u0420\u042b\u0427\u0410\u0413\u0410 \u042d\u041a\u0421\u041a\u0410\u0412\u0410\u0422\u041e\u0420\u0410-\u041f\u041e\u0413\u0420\u0423\u0417\u0427\u0418\u041a\u0410 VOLVO<\/p>\n<table class=\"table table-bordered\">\n<tbody>\n<tr>\n<td>\u041f\u043e\u0437\u0438\u0446\u0438\u044f<\/td>\n<td>\u041d\u043e\u043c\u0435\u0440 \u0434\u0435\u0442\u0430\u043b\u0438<\/td>\n<td>\u041d\u0430\u0438\u043c\u0435\u043d\u043e\u0432\u0430\u043d\u0438\u0435 \u0437\u0430\u043f\u0447\u0430\u0441\u0442\u0438<\/td>\n<\/tr>\n<tr>\n<td>1<\/td>\n<td>VOE11887273<\/td>\n<td>\u0421\u0434\u0432\u0438\u0433\u0430\u0442\u0435\u043b\u044c \u0441\u0442\u0440\u0435\u043b\u044b -Carrier<\/td>\n<\/tr>\n<tr>\n<td>2<\/td>\n<td>VOE11884582<\/td>\n<td>\u0412\u0442\u0443\u043b\u043a\u0430 -Bushing<\/td>\n<\/tr>\n<tr>\n<td>3<\/td>\n<td>VOE11883756<\/td>\n<td>\u0412\u0442\u0443\u043b\u043a\u0430 -Bushing<\/td>\n<\/tr>\n<tr>\n<td>4<\/td>\n<td>VOE11884714<\/td>\n<td>\u0412\u0442\u0443\u043b\u043a\u0430 -Bushing<\/td>\n<\/tr>\n<tr>\n<td>5<\/td>\n<td>VOE15011730<\/td>\n<td>Guide Plate<\/td>\n<\/tr>\n<tr>\n<td>6<\/td>\n<td>VOE15011735<\/td>\n<td>Guide Plate<\/td>\n<\/tr>\n<tr>\n<td>7<\/td>\n<td>VOE983694<\/td>\n<td>Hexagon screw<\/td>\n<\/tr>\n<tr>\n<td>8<\/td>\n<td>VOE955905<\/td>\n<td>\u0421\u043c\u044b\u0432\u0430\u0442\u0435\u043b\u044c -Washer<\/td>\n<\/tr>\n<tr>\n<td>9<\/td>\n<td>VOE11887300<\/td>\n<td>Center Plate<\/td>\n<\/tr>\n<tr>\n<td>10<\/td>\n<td>VOE11883757<\/td>\n<td>\u2022Bushing<\/td>\n<\/tr>\n<tr>\n<td>11<\/td>\n<td>VOE914167<\/td>\n<td>Nipple<\/td>\n<\/tr>\n<tr>\n<td>12<\/td>\n<td>VOE13963362<\/td>\n<td>Hexagon screw<\/td>\n<\/tr>\n<tr>\n<td>13<\/td>\n<td>VOE955905<\/td>\n<td>Washer<\/td>\n<\/tr>\n<tr>\n<td>14<\/td>\n<td>VOE983312<\/td>\n<td>Hexagon Nut<\/td>\n<\/tr>\n<tr>\n<td>15<\/td>\n<td>VOE11882660<\/td>\n<td>Shim<\/td>\n<\/tr>\n<tr>\n<td>16<\/td>\n<td>VOE11881489<\/td>\n<td>Scraper<\/td>\n<\/tr>\n<tr>\n<td>17<\/td>\n<td>VOE11883628<\/td>\n<td>Wiper<\/td>\n<\/tr>\n<tr>\n<td>18<\/td>\n<td>VOE191900<\/td>\n<td>Plug<\/td>\n<\/tr>\n<tr>\n<td>19<\/td>\n<td>VOE11883645<\/td>\n<td>Bracket<\/td>\n<\/tr>\n<tr>\n<td>20<\/td>\n<td>VOE11883651<\/td>\n<td>Cable<\/td>\n<\/tr>\n<tr>\n<td>21<\/td>\n<td>VOE13946173<\/td>\n<td>Flange screw<\/td>\n<\/tr>\n<tr>\n<td>22<\/td>\n<td>VOE11887295<\/td>\n<td>\u0421\u0435\u0434\u043b\u043e \u0441\u0442\u0440\u0435\u043b\u044b -Swing Post<\/td>\n<\/tr>\n<tr>\n<td>23<\/td>\n<td>VOE11883733<\/td>\n<td>Stop<\/td>\n<\/tr>\n<tr>\n<td>24<\/td>\n<td>VOE974428<\/td>\n<td>Flange screw<\/td>\n<\/tr>\n<tr>\n<td>25<\/td>\n<td>VOE11883727<\/td>\n<td>Pin<\/td>\n<\/tr>\n<tr>\n<td>26<\/td>\n<td>VOE968435<\/td>\n<td>Flange screw<\/td>\n<\/tr>\n<tr>\n<td>27<\/td>\n<td>VOE11883728<\/td>\n<td>Pin<\/td>\n<\/tr>\n<tr>\n<td>28<\/td>\n<td>VOE11883751<\/td>\n<td>Spacer<\/td>\n<\/tr>\n<tr>\n<td>29<\/td>\n<td>VOE968237<\/td>\n<td>Flange screw<\/td>\n<\/tr>\n<tr>\n<td>30<\/td>\n<td>VOE13960143<\/td>\n<td>Washer<\/td>\n<\/tr>\n<tr>\n<td>31<\/td>\n<td>VOE13971068<\/td>\n<td>Hexagon Nut<\/td>\n<\/tr>\n<tr>\n<td>32<\/td>\n<td>VOE11888681<\/td>\n<td>Pin<\/td>\n<\/tr>\n<tr>\n<td>33<\/td>\n<td>VOE11883753<\/td>\n<td>Pin<\/td>\n<\/tr>\n<tr>\n<td>34<\/td>\n<td>VOE968435<\/td>\n<td>Flange screw<\/td>\n<\/tr>\n<tr>\n<td>35<\/td>\n<td>VOE11888951<\/td>\n<td>Spacer Tube<\/td>\n<\/tr>\n<tr>\n<td>36<\/td>\n<td>VOE15011523<\/td>\n<td>\u041a\u043b\u044e\u0447 -Lock<\/td>\n<\/tr>\n<tr>\n<td>37<\/td>\n<td>VOE11883732<\/td>\n<td>Pin<\/td>\n<\/tr>\n<tr>\n<td>38<\/td>\n<td>VOE11885224<\/td>\n<td>Shim<\/td>\n<\/tr>\n<tr>\n<td>39<\/td>\n<td>VOE11885225<\/td>\n<td>Shim<\/td>\n<\/tr>\n<tr>\n<td>40<\/td>\n<td>VOE949824<\/td>\n<td>Flange screw<\/td>\n<\/tr>\n<tr>\n<td>41<\/td>\n<td>VOE13960143<\/td>\n<td>Washer<\/td>\n<\/tr>\n<tr>\n<td>42<\/td>\n<td>VOE13971068<\/td>\n<td>Hexagon Nut<\/td>\n<\/tr>\n<tr>\n<td>43<\/td>\n<td>VOE11886468<\/td>\n<td>Stud<\/td>\n<\/tr>\n<tr>\n<td>44<\/td>\n<td>VOE13960143<\/td>\n<td>Washer<\/td>\n<\/tr>\n<tr>\n<td>45<\/td>\n<td>VOE14025792<\/td>\n<td>Retaining ring<\/td>\n<\/tr>\n<tr>\n<td>46<\/td>\n<td>VOE11884569<\/td>\n<td>Lock<\/td>\n<\/tr>\n<tr>\n<td>47<\/td>\n<td>VOE11887863<\/td>\n<td>Cover<\/td>\n<\/tr>\n<tr>\n<td>48<\/td>\n<td><\/td>\n<td>Scraper<\/td>\n<\/tr>\n<tr>\n<td>49<\/td>\n<td>VOE15008213<\/td>\n<td>Washer<\/td>\n<\/tr>\n<tr>\n<td>50<\/td>\n<td>VOE980521<\/td>\n<td>Nut<\/td>\n<\/tr>\n<\/tbody>\n<\/table>\n<p>\u0417\u0430\u043f\u0447\u0430\u0441\u0442\u0438 \u043f\u043e\u0432\u043e\u0440\u043e\u0442\u043d\u043e\u0433\u043e \u0440\u044b\u0447\u0430\u0433\u0430 \u044d\u043a\u0441\u043a\u0430\u0432\u0430\u0442\u043e\u0440\u0430-\u043f\u043e\u0433\u0440\u0443\u0437\u0447\u0438\u043a\u0430 VOLVO<\/p>\n<p>\u043e\u0442\u043d\u043e\u0441\u044f\u0442\u0441\u044f \u043a \u0443\u043a\u0430\u0437\u0430\u043d\u043d\u044b\u043c \u043d\u0438\u0436\u0435 \u043c\u043e\u0434\u0435\u043b\u044f\u043c \u0441\u0442\u0440\u043e\u0438\u0442\u0435\u043b\u044c\u043d\u043e\u0439 \u0442\u0435\u0445\u043d\u0438\u043a\u0438 VOLVO:<\/p>\n<p>BL60, BL60B, BL61, BL61 PLUS, BL61B, BL70, BL70B, BL71, BL71 PLUS, BL71B<\/p>","protected":false},"excerpt":{"rendered":"<p>&nbsp; \u0417\u0410\u041f\u0427\u0410\u0421\u0422\u0418 \u041f\u041e\u0412\u041e\u0420\u041e\u0422\u041d\u041e\u0413\u041e \u0420\u042b\u0427\u0410\u0413\u0410 \u042d\u041a\u0421\u041a\u0410\u0412\u0410\u0422\u041e\u0420\u0410-\u041f\u041e\u0413\u0420\u0423\u0417\u0427\u0418\u041a\u0410 VOLVO \u041f\u043e\u0437\u0438\u0446\u0438\u044f \u041d\u043e\u043c\u0435\u0440 \u0434\u0435\u0442\u0430\u043b\u0438 \u041d\u0430\u0438\u043c\u0435\u043d\u043e\u0432\u0430\u043d\u0438\u0435 \u0437\u0430\u043f\u0447\u0430\u0441\u0442\u0438 1 VOE11887273 \u0421\u0434\u0432\u0438\u0433\u0430\u0442\u0435\u043b\u044c \u0441\u0442\u0440\u0435\u043b\u044b -Carrier 2 VOE11884582 \u0412\u0442\u0443\u043b\u043a\u0430 -Bushing 3 VOE11883756 \u0412\u0442\u0443\u043b\u043a\u0430 -Bushing 4 VOE11884714 \u0412\u0442\u0443\u043b\u043a\u0430 -Bushing 5 VOE15011730 Guide Plate 6 VOE15011735 Guide Plate 7 VOE983694 Hexagon screw 8 VOE955905 \u0421\u043c\u044b\u0432\u0430\u0442\u0435\u043b\u044c -Washer 9 VOE11887300 Center Plate 10 VOE11883757 \u2022Bushing 11 VOE914167 Nipple 12 [&hellip;]<\/p>\n","protected":false},"author":1,"featured_media":0,"parent":0,"menu_order":0,"comment_status":"closed","ping_status":"closed","template":"page-fullwidth.php","meta":{"footnotes":""},"class_list":["post-497","page","type-page","status-publish","hentry"],"yoast_head":"<!-- This site is optimized with the Yoast SEO plugin v26.8 - https:\/\/yoast.com\/product\/yoast-seo-wordpress\/ -->\n<title>VOLVO BEKO LODER D\u00d6N\u00dc\u015e BRAKET YEDEK PAR\u00c7ALARI<\/title>\n<meta name=\"robots\" content=\"index, follow, max-snippet:-1, max-image-preview:large, max-video-preview:-1\" \/>\n<link rel=\"canonical\" href=\"https:\/\/eyli.com.tr\/beko-loder-donus-braket\/\" \/>\n<meta property=\"og:locale\" content=\"ru_RU\" \/>\n<meta property=\"og:type\" content=\"article\" \/>\n<meta property=\"og:title\" content=\"VOLVO BEKO LODER D\u00d6N\u00dc\u015e BRAKET YEDEK PAR\u00c7ALARI\" \/>\n<meta property=\"og:description\" content=\"&nbsp; \u0417\u0410\u041f\u0427\u0410\u0421\u0422\u0418 \u041f\u041e\u0412\u041e\u0420\u041e\u0422\u041d\u041e\u0413\u041e \u0420\u042b\u0427\u0410\u0413\u0410 \u042d\u041a\u0421\u041a\u0410\u0412\u0410\u0422\u041e\u0420\u0410-\u041f\u041e\u0413\u0420\u0423\u0417\u0427\u0418\u041a\u0410 VOLVO \u041f\u043e\u0437\u0438\u0446\u0438\u044f \u041d\u043e\u043c\u0435\u0440 \u0434\u0435\u0442\u0430\u043b\u0438 \u041d\u0430\u0438\u043c\u0435\u043d\u043e\u0432\u0430\u043d\u0438\u0435 \u0437\u0430\u043f\u0447\u0430\u0441\u0442\u0438 1 VOE11887273 \u0421\u0434\u0432\u0438\u0433\u0430\u0442\u0435\u043b\u044c \u0441\u0442\u0440\u0435\u043b\u044b -Carrier 2 VOE11884582 \u0412\u0442\u0443\u043b\u043a\u0430 -Bushing 3 VOE11883756 \u0412\u0442\u0443\u043b\u043a\u0430 -Bushing 4 VOE11884714 \u0412\u0442\u0443\u043b\u043a\u0430 -Bushing 5 VOE15011730 Guide Plate 6 VOE15011735 Guide Plate 7 VOE983694 Hexagon screw 8 VOE955905 \u0421\u043c\u044b\u0432\u0430\u0442\u0435\u043b\u044c -Washer 9 VOE11887300 Center Plate 10 VOE11883757 \u2022Bushing 11 VOE914167 Nipple 12 [&hellip;]\" \/>\n<meta property=\"og:url\" content=\"https:\/\/eyli.com.tr\/beko-loder-donus-braket\/\" \/>\n<meta property=\"og:site_name\" content=\"Eyli \u0130\u015f Makineleri\" \/>\n<meta property=\"article:publisher\" content=\"https:\/\/www.facebook.com\/eylicomtr\" \/>\n<meta property=\"article:modified_time\" content=\"2016-10-18T15:13:14+00:00\" \/>\n<meta property=\"og:image\" content=\"http:\/\/eyli.com.tr\/wp-content\/uploads\/2016\/05\/bekoloder-donus-braket.png\" \/>\n<meta name=\"twitter:card\" content=\"summary_large_image\" \/>\n<meta name=\"twitter:label1\" content=\"\u041f\u0440\u0438\u043c\u0435\u0440\u043d\u043e\u0435 \u0432\u0440\u0435\u043c\u044f \u0434\u043b\u044f \u0447\u0442\u0435\u043d\u0438\u044f\" \/>\n\t<meta name=\"twitter:data1\" content=\"2 \u043c\u0438\u043d\u0443\u0442\u044b\" \/>\n<script type=\"application\/ld+json\" class=\"yoast-schema-graph\">{\"@context\":\"https:\/\/schema.org\",\"@graph\":[{\"@type\":\"WebPage\",\"@id\":\"https:\/\/eyli.com.tr\/beko-loder-donus-braket\/\",\"url\":\"https:\/\/eyli.com.tr\/beko-loder-donus-braket\/\",\"name\":\"VOLVO BEKO LODER D\u00d6N\u00dc\u015e BRAKET YEDEK PAR\u00c7ALARI\",\"isPartOf\":{\"@id\":\"https:\/\/eyli.com.tr\/#website\"},\"primaryImageOfPage\":{\"@id\":\"https:\/\/eyli.com.tr\/beko-loder-donus-braket\/#primaryimage\"},\"image\":{\"@id\":\"https:\/\/eyli.com.tr\/beko-loder-donus-braket\/#primaryimage\"},\"thumbnailUrl\":\"http:\/\/eyli.com.tr\/wp-content\/uploads\/2016\/05\/bekoloder-donus-braket.png\",\"datePublished\":\"2016-05-05T12:31:57+00:00\",\"dateModified\":\"2016-10-18T15:13:14+00:00\",\"breadcrumb\":{\"@id\":\"https:\/\/eyli.com.tr\/beko-loder-donus-braket\/#breadcrumb\"},\"inLanguage\":\"ru-RU\",\"potentialAction\":[{\"@type\":\"ReadAction\",\"target\":[\"https:\/\/eyli.com.tr\/beko-loder-donus-braket\/\"]}]},{\"@type\":\"ImageObject\",\"inLanguage\":\"ru-RU\",\"@id\":\"https:\/\/eyli.com.tr\/beko-loder-donus-braket\/#primaryimage\",\"url\":\"http:\/\/eyli.com.tr\/wp-content\/uploads\/2016\/05\/bekoloder-donus-braket.png\",\"contentUrl\":\"http:\/\/eyli.com.tr\/wp-content\/uploads\/2016\/05\/bekoloder-donus-braket.png\"},{\"@type\":\"BreadcrumbList\",\"@id\":\"https:\/\/eyli.com.tr\/beko-loder-donus-braket\/#breadcrumb\",\"itemListElement\":[{\"@type\":\"ListItem\",\"position\":1,\"name\":\"Ana sayfa\",\"item\":\"https:\/\/eyli.com.tr\/\"},{\"@type\":\"ListItem\",\"position\":2,\"name\":\"Beko Loder D\u00f6n\u00fc\u015f Braket\"}]},{\"@type\":\"WebSite\",\"@id\":\"https:\/\/eyli.com.tr\/#website\",\"url\":\"https:\/\/eyli.com.tr\/\",\"name\":\"Eyli \u0130\u015f Makineleri\",\"description\":\"\",\"publisher\":{\"@id\":\"https:\/\/eyli.com.tr\/#organization\"},\"potentialAction\":[{\"@type\":\"SearchAction\",\"target\":{\"@type\":\"EntryPoint\",\"urlTemplate\":\"https:\/\/eyli.com.tr\/?s={search_term_string}\"},\"query-input\":{\"@type\":\"PropertyValueSpecification\",\"valueRequired\":true,\"valueName\":\"search_term_string\"}}],\"inLanguage\":\"ru-RU\"},{\"@type\":\"Organization\",\"@id\":\"https:\/\/eyli.com.tr\/#organization\",\"name\":\"Eyli \u0130\u015f Makineleri\",\"url\":\"https:\/\/eyli.com.tr\/\",\"logo\":{\"@type\":\"ImageObject\",\"inLanguage\":\"ru-RU\",\"@id\":\"https:\/\/eyli.com.tr\/#\/schema\/logo\/image\/\",\"url\":\"https:\/\/eyli.com.tr\/wp-content\/uploads\/2020\/04\/WhatsApp-Image-2020-04-23-at-03.11.52-e1587829137284.jpeg\",\"contentUrl\":\"https:\/\/eyli.com.tr\/wp-content\/uploads\/2020\/04\/WhatsApp-Image-2020-04-23-at-03.11.52-e1587829137284.jpeg\",\"width\":1600,\"height\":900,\"caption\":\"Eyli \u0130\u015f Makineleri\"},\"image\":{\"@id\":\"https:\/\/eyli.com.tr\/#\/schema\/logo\/image\/\"},\"sameAs\":[\"https:\/\/www.facebook.com\/eylicomtr\"]}]}<\/script>\n<!-- \/ Yoast SEO plugin. -->","yoast_head_json":{"title":"VOLVO BEKO LODER D\u00d6N\u00dc\u015e BRAKET YEDEK PAR\u00c7ALARI","robots":{"index":"index","follow":"follow","max-snippet":"max-snippet:-1","max-image-preview":"max-image-preview:large","max-video-preview":"max-video-preview:-1"},"canonical":"https:\/\/eyli.com.tr\/beko-loder-donus-braket\/","og_locale":"ru_RU","og_type":"article","og_title":"VOLVO BEKO LODER D\u00d6N\u00dc\u015e BRAKET YEDEK PAR\u00c7ALARI","og_description":"&nbsp; \u0417\u0410\u041f\u0427\u0410\u0421\u0422\u0418 \u041f\u041e\u0412\u041e\u0420\u041e\u0422\u041d\u041e\u0413\u041e \u0420\u042b\u0427\u0410\u0413\u0410 \u042d\u041a\u0421\u041a\u0410\u0412\u0410\u0422\u041e\u0420\u0410-\u041f\u041e\u0413\u0420\u0423\u0417\u0427\u0418\u041a\u0410 VOLVO \u041f\u043e\u0437\u0438\u0446\u0438\u044f \u041d\u043e\u043c\u0435\u0440 \u0434\u0435\u0442\u0430\u043b\u0438 \u041d\u0430\u0438\u043c\u0435\u043d\u043e\u0432\u0430\u043d\u0438\u0435 \u0437\u0430\u043f\u0447\u0430\u0441\u0442\u0438 1 VOE11887273 \u0421\u0434\u0432\u0438\u0433\u0430\u0442\u0435\u043b\u044c \u0441\u0442\u0440\u0435\u043b\u044b -Carrier 2 VOE11884582 \u0412\u0442\u0443\u043b\u043a\u0430 -Bushing 3 VOE11883756 \u0412\u0442\u0443\u043b\u043a\u0430 -Bushing 4 VOE11884714 \u0412\u0442\u0443\u043b\u043a\u0430 -Bushing 5 VOE15011730 Guide Plate 6 VOE15011735 Guide Plate 7 VOE983694 Hexagon screw 8 VOE955905 \u0421\u043c\u044b\u0432\u0430\u0442\u0435\u043b\u044c -Washer 9 VOE11887300 Center Plate 10 VOE11883757 \u2022Bushing 11 VOE914167 Nipple 12 [&hellip;]","og_url":"https:\/\/eyli.com.tr\/beko-loder-donus-braket\/","og_site_name":"Eyli \u0130\u015f Makineleri","article_publisher":"https:\/\/www.facebook.com\/eylicomtr","article_modified_time":"2016-10-18T15:13:14+00:00","og_image":[{"url":"http:\/\/eyli.com.tr\/wp-content\/uploads\/2016\/05\/bekoloder-donus-braket.png","type":"","width":"","height":""}],"twitter_card":"summary_large_image","twitter_misc":{"\u041f\u0440\u0438\u043c\u0435\u0440\u043d\u043e\u0435 \u0432\u0440\u0435\u043c\u044f \u0434\u043b\u044f \u0447\u0442\u0435\u043d\u0438\u044f":"2 \u043c\u0438\u043d\u0443\u0442\u044b"},"schema":{"@context":"https:\/\/schema.org","@graph":[{"@type":"WebPage","@id":"https:\/\/eyli.com.tr\/beko-loder-donus-braket\/","url":"https:\/\/eyli.com.tr\/beko-loder-donus-braket\/","name":"VOLVO BEKO LODER D\u00d6N\u00dc\u015e BRAKET YEDEK PAR\u00c7ALARI","isPartOf":{"@id":"https:\/\/eyli.com.tr\/#website"},"primaryImageOfPage":{"@id":"https:\/\/eyli.com.tr\/beko-loder-donus-braket\/#primaryimage"},"image":{"@id":"https:\/\/eyli.com.tr\/beko-loder-donus-braket\/#primaryimage"},"thumbnailUrl":"http:\/\/eyli.com.tr\/wp-content\/uploads\/2016\/05\/bekoloder-donus-braket.png","datePublished":"2016-05-05T12:31:57+00:00","dateModified":"2016-10-18T15:13:14+00:00","breadcrumb":{"@id":"https:\/\/eyli.com.tr\/beko-loder-donus-braket\/#breadcrumb"},"inLanguage":"ru-RU","potentialAction":[{"@type":"ReadAction","target":["https:\/\/eyli.com.tr\/beko-loder-donus-braket\/"]}]},{"@type":"ImageObject","inLanguage":"ru-RU","@id":"https:\/\/eyli.com.tr\/beko-loder-donus-braket\/#primaryimage","url":"http:\/\/eyli.com.tr\/wp-content\/uploads\/2016\/05\/bekoloder-donus-braket.png","contentUrl":"http:\/\/eyli.com.tr\/wp-content\/uploads\/2016\/05\/bekoloder-donus-braket.png"},{"@type":"BreadcrumbList","@id":"https:\/\/eyli.com.tr\/beko-loder-donus-braket\/#breadcrumb","itemListElement":[{"@type":"ListItem","position":1,"name":"Ana sayfa","item":"https:\/\/eyli.com.tr\/"},{"@type":"ListItem","position":2,"name":"Beko Loder D\u00f6n\u00fc\u015f Braket"}]},{"@type":"WebSite","@id":"https:\/\/eyli.com.tr\/#website","url":"https:\/\/eyli.com.tr\/","name":"Eyli \u0130\u015f Makineleri","description":"","publisher":{"@id":"https:\/\/eyli.com.tr\/#organization"},"potentialAction":[{"@type":"SearchAction","target":{"@type":"EntryPoint","urlTemplate":"https:\/\/eyli.com.tr\/?s={search_term_string}"},"query-input":{"@type":"PropertyValueSpecification","valueRequired":true,"valueName":"search_term_string"}}],"inLanguage":"ru-RU"},{"@type":"Organization","@id":"https:\/\/eyli.com.tr\/#organization","name":"Eyli \u0130\u015f Makineleri","url":"https:\/\/eyli.com.tr\/","logo":{"@type":"ImageObject","inLanguage":"ru-RU","@id":"https:\/\/eyli.com.tr\/#\/schema\/logo\/image\/","url":"https:\/\/eyli.com.tr\/wp-content\/uploads\/2020\/04\/WhatsApp-Image-2020-04-23-at-03.11.52-e1587829137284.jpeg","contentUrl":"https:\/\/eyli.com.tr\/wp-content\/uploads\/2020\/04\/WhatsApp-Image-2020-04-23-at-03.11.52-e1587829137284.jpeg","width":1600,"height":900,"caption":"Eyli \u0130\u015f Makineleri"},"image":{"@id":"https:\/\/eyli.com.tr\/#\/schema\/logo\/image\/"},"sameAs":["https:\/\/www.facebook.com\/eylicomtr"]}]}},"_links":{"self":[{"href":"https:\/\/eyli.com.tr\/ru\/wp-json\/wp\/v2\/pages\/497","targetHints":{"allow":["GET"]}}],"collection":[{"href":"https:\/\/eyli.com.tr\/ru\/wp-json\/wp\/v2\/pages"}],"about":[{"href":"https:\/\/eyli.com.tr\/ru\/wp-json\/wp\/v2\/types\/page"}],"author":[{"embeddable":true,"href":"https:\/\/eyli.com.tr\/ru\/wp-json\/wp\/v2\/users\/1"}],"replies":[{"embeddable":true,"href":"https:\/\/eyli.com.tr\/ru\/wp-json\/wp\/v2\/comments?post=497"}],"version-history":[{"count":4,"href":"https:\/\/eyli.com.tr\/ru\/wp-json\/wp\/v2\/pages\/497\/revisions"}],"predecessor-version":[{"id":1805,"href":"https:\/\/eyli.com.tr\/ru\/wp-json\/wp\/v2\/pages\/497\/revisions\/1805"}],"wp:attachment":[{"href":"https:\/\/eyli.com.tr\/ru\/wp-json\/wp\/v2\/media?parent=497"}],"curies":[{"name":"wp","href":"https:\/\/api.w.org\/{rel}","templated":true}]}}