{"id":493,"date":"2016-05-05T15:29:26","date_gmt":"2016-05-05T12:29:26","guid":{"rendered":"http:\/\/eyli.com.tr\/?page_id=493"},"modified":"2016-10-18T18:03:08","modified_gmt":"2016-10-18T15:03:08","slug":"beko-loder-hidrolik-pompa","status":"publish","type":"page","link":"https:\/\/eyli.com.tr\/ru\/beko-loder-hidrolik-pompa\/","title":{"rendered":"\u0413\u0438\u0434\u0440\u0430\u0432\u043b\u0438\u0447\u0435\u0441\u043a\u0438\u0439 \u043d\u0430\u0441\u043e\u0441 \u044d\u043a\u0441\u043a\u0430\u0432\u0430\u0442\u043e\u0440\u0430-\u043f\u043e\u0433\u0440\u0443\u0437\u0447\u0438\u043a\u0430"},"content":{"rendered":"<p><img loading=\"lazy\" decoding=\"async\" class=\"aligncenter size-full wp-image-514\" src=\"http:\/\/eyli.com.tr\/wp-content\/uploads\/2016\/05\/bekoloder-hidrolik-pompa.png\" alt=\"bekoloder-hidrolik-pompa\" width=\"1512\" height=\"1066\" srcset=\"https:\/\/eyli.com.tr\/wp-content\/uploads\/2016\/05\/bekoloder-hidrolik-pompa.png 1512w, https:\/\/eyli.com.tr\/wp-content\/uploads\/2016\/05\/bekoloder-hidrolik-pompa-300x212.png 300w, https:\/\/eyli.com.tr\/wp-content\/uploads\/2016\/05\/bekoloder-hidrolik-pompa-768x541.png 768w, https:\/\/eyli.com.tr\/wp-content\/uploads\/2016\/05\/bekoloder-hidrolik-pompa-1024x722.png 1024w\" sizes=\"auto, (max-width: 1512px) 100vw, 1512px\" \/><\/p>\n<p>&nbsp;<\/p>\n<p>\u0417\u0410\u041f\u0427\u0410\u0421\u0422\u0418 \u0413\u0418\u0414\u0420\u0410\u0412\u041b\u0418\u0427\u0415\u0421\u041a\u041e\u0413\u041e \u041d\u0410\u0421\u041e\u0421\u0410 \u042d\u041a\u0421\u041a\u0410\u0412\u0410\u0422\u041e\u0420\u0410-\u041f\u041e\u0413\u0420\u0423\u0417\u0427\u0418\u041a\u0410 VOLVO<\/p>\n<table class=\"table table-bordered\">\n<tbody>\n<tr>\n<td>\u041f\u043e\u0437\u0438\u0446\u0438\u044f<\/td>\n<td>\u041d\u043e\u043c\u0435\u0440 \u0434\u0435\u0442\u0430\u043b\u0438<\/td>\n<td>\u041d\u0430\u0438\u043c\u0435\u043d\u043e\u0432\u0430\u043d\u0438\u0435 \u0437\u0430\u043f\u0447\u0430\u0441\u0442\u0438<\/td>\n<\/tr>\n<tr>\n<td><\/td>\n<td>VOE11886357<\/td>\n<td>\u0413\u0438\u0434\u0440\u0430\u0432\u043b\u0438\u0447\u0435\u0441\u043a\u0438\u0439 \u043d\u0430\u0441\u043e\u0441 -Pump<\/td>\n<\/tr>\n<tr>\n<td>1<\/td>\n<td>VOE11709734<\/td>\n<td>\u0412\u0430\u043b \u043f\u0440\u0438\u0432\u043e\u0434\u0430 \u043a\u043e\u043b\u0435\u0441\u0430 -Drive shaft<\/td>\n<\/tr>\n<tr>\n<td>2<\/td>\n<td>VOE11707572<\/td>\n<td>\u0420\u043e\u043b\u0438\u043a\u043e\u0432\u044b\u0439 \u043f\u043e\u0434\u0448\u0438\u043f\u043d\u0438\u043a -Roller bearing<\/td>\n<\/tr>\n<tr>\n<td>3<\/td>\n<td>VOE11708413<\/td>\n<td>\u0420\u043e\u043b\u0438\u043a\u043e\u0432\u044b\u0439 \u043f\u043e\u0434\u0448\u0438\u043f\u043d\u0438\u043a -Roller bearing<\/td>\n<\/tr>\n<tr>\n<td>4<\/td>\n<td>VOE11704552<\/td>\n<td>\u2022Sealing ring<\/td>\n<\/tr>\n<tr>\n<td>5<\/td>\n<td>VOE11708113<\/td>\n<td>\u2022Lock ring<\/td>\n<\/tr>\n<tr>\n<td>6<\/td>\n<td>VOE11707571<\/td>\n<td>\u2022Engaging sleeve<\/td>\n<\/tr>\n<tr>\n<td>7<\/td>\n<td>VOE11708412<\/td>\n<td>\u2022Shim<\/td>\n<\/tr>\n<tr>\n<td>8<\/td>\n<td>VOE11708414<\/td>\n<td>\u2022Bearing<\/td>\n<\/tr>\n<tr>\n<td>9<\/td>\n<td>VOE11709735<\/td>\n<td>\u2022O-ring<\/td>\n<\/tr>\n<tr>\n<td>10<\/td>\n<td>VOE11709731<\/td>\n<td>\u2022Pump unit<\/td>\n<\/tr>\n<tr>\n<td>11<\/td>\n<td>VOE11709732<\/td>\n<td>\u2022Control unit<\/td>\n<\/tr>\n<tr>\n<td>12<\/td>\n<td>VOE11709733<\/td>\n<td>\u2022Yoke<\/td>\n<\/tr>\n<tr>\n<td>13<\/td>\n<td>VOE11709736<\/td>\n<td>\u2022O-ring<\/td>\n<\/tr>\n<tr>\n<td>14<\/td>\n<td>VOE974003<\/td>\n<td>\u2022Allen Hd Screw<\/td>\n<\/tr>\n<tr>\n<td>15<\/td>\n<td>VOE11709737<\/td>\n<td>\u2022O-ring<\/td>\n<\/tr>\n<tr>\n<td>16<\/td>\n<td>VOE959238<\/td>\n<td>\u2022Allen Hd Screw<\/td>\n<\/tr>\n<tr>\n<td>12<\/td>\n<td>VOE11709733<\/td>\n<td>\u2022Yoke<\/td>\n<\/tr>\n<tr>\n<td>13<\/td>\n<td>VOE11709736<\/td>\n<td>\u2022O-ring<\/td>\n<\/tr>\n<tr>\n<td>14<\/td>\n<td>VOE974003<\/td>\n<td>\u2022Allen Hd Screw<\/td>\n<\/tr>\n<tr>\n<td>15<\/td>\n<td>VOE11709737<\/td>\n<td>\u2022O-ring<\/td>\n<\/tr>\n<tr>\n<td>16<\/td>\n<td>VOE959238<\/td>\n<td>\u2022Allen Hd Screw<\/td>\n<\/tr>\n<tr>\n<td>17<\/td>\n<td>VOE11708233<\/td>\n<td>\u2022Plug<\/td>\n<\/tr>\n<tr>\n<td>18<\/td>\n<td>VOE11709727<\/td>\n<td>\u2022Control valve<\/td>\n<\/tr>\n<tr>\n<td>19<\/td>\n<td>VOE982994<\/td>\n<td>\u2022\u2022O-ring<\/td>\n<\/tr>\n<tr>\n<td>20<\/td>\n<td>VOE959216<\/td>\n<td>\u2022\u2022Allen Hd Screw<\/td>\n<\/tr>\n<tr>\n<td>21<\/td>\n<td>VOE11715266<\/td>\n<td>\u2022Gasket<\/td>\n<\/tr>\n<tr>\n<td>22<\/td>\n<td>VOE11715261<\/td>\n<td>\u041d\u0430\u0441\u043e\u0441 \u044d\u043b\u0435\u043a\u0442\u0440\u043e\u043c\u0430\u0433\u043d\u0438\u0442\u043d\u044b\u0439 -Solenoid<\/td>\n<\/tr>\n<tr>\n<td>23<\/td>\n<td>VOE11709729<\/td>\n<td>\u0420\u0435\u0433\u0443\u043b\u0438\u0440\u0443\u044e\u0449\u0438\u0439 \u043a\u043b\u0430\u043f\u0430\u043d -Control valve<\/td>\n<\/tr>\n<tr>\n<td>24<\/td>\n<td>VOE11709741<\/td>\n<td>\u2022\u2022O-ring<\/td>\n<\/tr>\n<tr>\n<td>25<\/td>\n<td>VOE11709730<\/td>\n<td>\u0414\u043e\u043f\u043e\u043b\u043d\u0438\u0442\u0435\u043b\u044c\u043d\u044b\u0439 \u043d\u0430\u0441\u043e\u0441 -Gear pump<\/td>\n<\/tr>\n<tr>\n<td>26<\/td>\n<td>VOE11715256<\/td>\n<td>\u0422\u0440\u0443\u0431\u043a\u0430 \u043d\u0430\u0441\u043e\u0441\u0430 -Pipe<\/td>\n<\/tr>\n<tr>\n<td>27<\/td>\n<td>VOE11715255<\/td>\n<td>\u0422\u0440\u0443\u0431\u043a\u0430 \u043d\u0430\u0441\u043e\u0441\u0430 -Pipe<\/td>\n<\/tr>\n<tr>\n<td><\/td>\n<td>VOE11714940<\/td>\n<td>\u2022\u2022Nipple<\/td>\n<\/tr>\n<\/tbody>\n<\/table>\n<p>\u0417\u0430\u043f\u0447\u0430\u0441\u0442\u0438 \u0433\u0438\u0434\u0440\u0430\u0432\u043b\u0438\u0447\u0435\u0441\u043a\u043e\u0433\u043e \u043d\u0430\u0441\u043e\u0441\u0430 \u044d\u043a\u0441\u043a\u0430\u0432\u0430\u0442\u043e\u0440\u0430-\u043f\u043e\u0433\u0440\u0443\u0437\u0447\u0438\u043a\u0430 VOLVO<\/p>\n<p>\u043e\u0442\u043d\u043e\u0441\u044f\u0442\u0441\u044f \u043a \u0443\u043a\u0430\u0437\u0430\u043d\u043d\u044b\u043c \u043d\u0438\u0436\u0435 \u043c\u043e\u0434\u0435\u043b\u044f\u043c \u0441\u0442\u0440\u043e\u0438\u0442\u0435\u043b\u044c\u043d\u043e\u0439 \u0442\u0435\u0445\u043d\u0438\u043a\u0438 VOLVO:<\/p>\n<p>BL60, BL60B, BL61, BL61 PLUS, BL61B, BL70, BL70B, BL71, BL71 PLUS, BL71B<\/p>","protected":false},"excerpt":{"rendered":"<p>&nbsp; \u0417\u0410\u041f\u0427\u0410\u0421\u0422\u0418 \u0413\u0418\u0414\u0420\u0410\u0412\u041b\u0418\u0427\u0415\u0421\u041a\u041e\u0413\u041e \u041d\u0410\u0421\u041e\u0421\u0410 \u042d\u041a\u0421\u041a\u0410\u0412\u0410\u0422\u041e\u0420\u0410-\u041f\u041e\u0413\u0420\u0423\u0417\u0427\u0418\u041a\u0410 VOLVO \u041f\u043e\u0437\u0438\u0446\u0438\u044f \u041d\u043e\u043c\u0435\u0440 \u0434\u0435\u0442\u0430\u043b\u0438 \u041d\u0430\u0438\u043c\u0435\u043d\u043e\u0432\u0430\u043d\u0438\u0435 \u0437\u0430\u043f\u0447\u0430\u0441\u0442\u0438 VOE11886357 \u0413\u0438\u0434\u0440\u0430\u0432\u043b\u0438\u0447\u0435\u0441\u043a\u0438\u0439 \u043d\u0430\u0441\u043e\u0441 -Pump 1 VOE11709734 \u0412\u0430\u043b \u043f\u0440\u0438\u0432\u043e\u0434\u0430 \u043a\u043e\u043b\u0435\u0441\u0430 -Drive shaft 2 VOE11707572 \u0420\u043e\u043b\u0438\u043a\u043e\u0432\u044b\u0439 \u043f\u043e\u0434\u0448\u0438\u043f\u043d\u0438\u043a -Roller bearing 3 VOE11708413 \u0420\u043e\u043b\u0438\u043a\u043e\u0432\u044b\u0439 \u043f\u043e\u0434\u0448\u0438\u043f\u043d\u0438\u043a -Roller bearing 4 VOE11704552 \u2022Sealing ring 5 VOE11708113 \u2022Lock ring 6 VOE11707571 \u2022Engaging sleeve 7 VOE11708412 \u2022Shim 8 VOE11708414 \u2022Bearing 9 VOE11709735 \u2022O-ring [&hellip;]<\/p>\n","protected":false},"author":1,"featured_media":0,"parent":0,"menu_order":0,"comment_status":"closed","ping_status":"closed","template":"page-fullwidth.php","meta":{"footnotes":""},"class_list":["post-493","page","type-page","status-publish","hentry"],"yoast_head":"<!-- This site is optimized with the Yoast SEO plugin v26.8 - https:\/\/yoast.com\/product\/yoast-seo-wordpress\/ -->\n<title>VOLVO BEKO LODER H\u0130DROL\u0130K POMPA YEDEK PAR\u00c7ALARI<\/title>\n<meta name=\"robots\" content=\"index, follow, max-snippet:-1, max-image-preview:large, max-video-preview:-1\" \/>\n<link rel=\"canonical\" href=\"https:\/\/eyli.com.tr\/beko-loder-hidrolik-pompa\/\" \/>\n<meta property=\"og:locale\" content=\"ru_RU\" \/>\n<meta property=\"og:type\" content=\"article\" \/>\n<meta property=\"og:title\" content=\"VOLVO BEKO LODER H\u0130DROL\u0130K POMPA YEDEK PAR\u00c7ALARI\" \/>\n<meta property=\"og:description\" content=\"&nbsp; \u0417\u0410\u041f\u0427\u0410\u0421\u0422\u0418 \u0413\u0418\u0414\u0420\u0410\u0412\u041b\u0418\u0427\u0415\u0421\u041a\u041e\u0413\u041e \u041d\u0410\u0421\u041e\u0421\u0410 \u042d\u041a\u0421\u041a\u0410\u0412\u0410\u0422\u041e\u0420\u0410-\u041f\u041e\u0413\u0420\u0423\u0417\u0427\u0418\u041a\u0410 VOLVO \u041f\u043e\u0437\u0438\u0446\u0438\u044f \u041d\u043e\u043c\u0435\u0440 \u0434\u0435\u0442\u0430\u043b\u0438 \u041d\u0430\u0438\u043c\u0435\u043d\u043e\u0432\u0430\u043d\u0438\u0435 \u0437\u0430\u043f\u0447\u0430\u0441\u0442\u0438 VOE11886357 \u0413\u0438\u0434\u0440\u0430\u0432\u043b\u0438\u0447\u0435\u0441\u043a\u0438\u0439 \u043d\u0430\u0441\u043e\u0441 -Pump 1 VOE11709734 \u0412\u0430\u043b \u043f\u0440\u0438\u0432\u043e\u0434\u0430 \u043a\u043e\u043b\u0435\u0441\u0430 -Drive shaft 2 VOE11707572 \u0420\u043e\u043b\u0438\u043a\u043e\u0432\u044b\u0439 \u043f\u043e\u0434\u0448\u0438\u043f\u043d\u0438\u043a -Roller bearing 3 VOE11708413 \u0420\u043e\u043b\u0438\u043a\u043e\u0432\u044b\u0439 \u043f\u043e\u0434\u0448\u0438\u043f\u043d\u0438\u043a -Roller bearing 4 VOE11704552 \u2022Sealing ring 5 VOE11708113 \u2022Lock ring 6 VOE11707571 \u2022Engaging sleeve 7 VOE11708412 \u2022Shim 8 VOE11708414 \u2022Bearing 9 VOE11709735 \u2022O-ring [&hellip;]\" \/>\n<meta property=\"og:url\" content=\"https:\/\/eyli.com.tr\/beko-loder-hidrolik-pompa\/\" \/>\n<meta property=\"og:site_name\" content=\"Eyli \u0130\u015f Makineleri\" \/>\n<meta property=\"article:publisher\" content=\"https:\/\/www.facebook.com\/eylicomtr\" \/>\n<meta property=\"article:modified_time\" content=\"2016-10-18T15:03:08+00:00\" \/>\n<meta property=\"og:image\" content=\"http:\/\/eyli.com.tr\/wp-content\/uploads\/2016\/05\/bekoloder-hidrolik-pompa.png\" \/>\n<meta name=\"twitter:card\" content=\"summary_large_image\" \/>\n<meta name=\"twitter:label1\" content=\"\u041f\u0440\u0438\u043c\u0435\u0440\u043d\u043e\u0435 \u0432\u0440\u0435\u043c\u044f \u0434\u043b\u044f \u0447\u0442\u0435\u043d\u0438\u044f\" \/>\n\t<meta name=\"twitter:data1\" content=\"2 \u043c\u0438\u043d\u0443\u0442\u044b\" \/>\n<script type=\"application\/ld+json\" class=\"yoast-schema-graph\">{\"@context\":\"https:\/\/schema.org\",\"@graph\":[{\"@type\":\"WebPage\",\"@id\":\"https:\/\/eyli.com.tr\/beko-loder-hidrolik-pompa\/\",\"url\":\"https:\/\/eyli.com.tr\/beko-loder-hidrolik-pompa\/\",\"name\":\"VOLVO BEKO LODER H\u0130DROL\u0130K POMPA YEDEK PAR\u00c7ALARI\",\"isPartOf\":{\"@id\":\"https:\/\/eyli.com.tr\/#website\"},\"primaryImageOfPage\":{\"@id\":\"https:\/\/eyli.com.tr\/beko-loder-hidrolik-pompa\/#primaryimage\"},\"image\":{\"@id\":\"https:\/\/eyli.com.tr\/beko-loder-hidrolik-pompa\/#primaryimage\"},\"thumbnailUrl\":\"http:\/\/eyli.com.tr\/wp-content\/uploads\/2016\/05\/bekoloder-hidrolik-pompa.png\",\"datePublished\":\"2016-05-05T12:29:26+00:00\",\"dateModified\":\"2016-10-18T15:03:08+00:00\",\"breadcrumb\":{\"@id\":\"https:\/\/eyli.com.tr\/beko-loder-hidrolik-pompa\/#breadcrumb\"},\"inLanguage\":\"ru-RU\",\"potentialAction\":[{\"@type\":\"ReadAction\",\"target\":[\"https:\/\/eyli.com.tr\/beko-loder-hidrolik-pompa\/\"]}]},{\"@type\":\"ImageObject\",\"inLanguage\":\"ru-RU\",\"@id\":\"https:\/\/eyli.com.tr\/beko-loder-hidrolik-pompa\/#primaryimage\",\"url\":\"http:\/\/eyli.com.tr\/wp-content\/uploads\/2016\/05\/bekoloder-hidrolik-pompa.png\",\"contentUrl\":\"http:\/\/eyli.com.tr\/wp-content\/uploads\/2016\/05\/bekoloder-hidrolik-pompa.png\"},{\"@type\":\"BreadcrumbList\",\"@id\":\"https:\/\/eyli.com.tr\/beko-loder-hidrolik-pompa\/#breadcrumb\",\"itemListElement\":[{\"@type\":\"ListItem\",\"position\":1,\"name\":\"Ana sayfa\",\"item\":\"https:\/\/eyli.com.tr\/\"},{\"@type\":\"ListItem\",\"position\":2,\"name\":\"Beko Loder Hidrolik Pompa\"}]},{\"@type\":\"WebSite\",\"@id\":\"https:\/\/eyli.com.tr\/#website\",\"url\":\"https:\/\/eyli.com.tr\/\",\"name\":\"Eyli \u0130\u015f Makineleri\",\"description\":\"\",\"publisher\":{\"@id\":\"https:\/\/eyli.com.tr\/#organization\"},\"potentialAction\":[{\"@type\":\"SearchAction\",\"target\":{\"@type\":\"EntryPoint\",\"urlTemplate\":\"https:\/\/eyli.com.tr\/?s={search_term_string}\"},\"query-input\":{\"@type\":\"PropertyValueSpecification\",\"valueRequired\":true,\"valueName\":\"search_term_string\"}}],\"inLanguage\":\"ru-RU\"},{\"@type\":\"Organization\",\"@id\":\"https:\/\/eyli.com.tr\/#organization\",\"name\":\"Eyli \u0130\u015f Makineleri\",\"url\":\"https:\/\/eyli.com.tr\/\",\"logo\":{\"@type\":\"ImageObject\",\"inLanguage\":\"ru-RU\",\"@id\":\"https:\/\/eyli.com.tr\/#\/schema\/logo\/image\/\",\"url\":\"https:\/\/eyli.com.tr\/wp-content\/uploads\/2020\/04\/WhatsApp-Image-2020-04-23-at-03.11.52-e1587829137284.jpeg\",\"contentUrl\":\"https:\/\/eyli.com.tr\/wp-content\/uploads\/2020\/04\/WhatsApp-Image-2020-04-23-at-03.11.52-e1587829137284.jpeg\",\"width\":1600,\"height\":900,\"caption\":\"Eyli \u0130\u015f Makineleri\"},\"image\":{\"@id\":\"https:\/\/eyli.com.tr\/#\/schema\/logo\/image\/\"},\"sameAs\":[\"https:\/\/www.facebook.com\/eylicomtr\"]}]}<\/script>\n<!-- \/ Yoast SEO plugin. -->","yoast_head_json":{"title":"VOLVO BEKO LODER H\u0130DROL\u0130K POMPA YEDEK PAR\u00c7ALARI","robots":{"index":"index","follow":"follow","max-snippet":"max-snippet:-1","max-image-preview":"max-image-preview:large","max-video-preview":"max-video-preview:-1"},"canonical":"https:\/\/eyli.com.tr\/beko-loder-hidrolik-pompa\/","og_locale":"ru_RU","og_type":"article","og_title":"VOLVO BEKO LODER H\u0130DROL\u0130K POMPA YEDEK PAR\u00c7ALARI","og_description":"&nbsp; \u0417\u0410\u041f\u0427\u0410\u0421\u0422\u0418 \u0413\u0418\u0414\u0420\u0410\u0412\u041b\u0418\u0427\u0415\u0421\u041a\u041e\u0413\u041e \u041d\u0410\u0421\u041e\u0421\u0410 \u042d\u041a\u0421\u041a\u0410\u0412\u0410\u0422\u041e\u0420\u0410-\u041f\u041e\u0413\u0420\u0423\u0417\u0427\u0418\u041a\u0410 VOLVO \u041f\u043e\u0437\u0438\u0446\u0438\u044f \u041d\u043e\u043c\u0435\u0440 \u0434\u0435\u0442\u0430\u043b\u0438 \u041d\u0430\u0438\u043c\u0435\u043d\u043e\u0432\u0430\u043d\u0438\u0435 \u0437\u0430\u043f\u0447\u0430\u0441\u0442\u0438 VOE11886357 \u0413\u0438\u0434\u0440\u0430\u0432\u043b\u0438\u0447\u0435\u0441\u043a\u0438\u0439 \u043d\u0430\u0441\u043e\u0441 -Pump 1 VOE11709734 \u0412\u0430\u043b \u043f\u0440\u0438\u0432\u043e\u0434\u0430 \u043a\u043e\u043b\u0435\u0441\u0430 -Drive shaft 2 VOE11707572 \u0420\u043e\u043b\u0438\u043a\u043e\u0432\u044b\u0439 \u043f\u043e\u0434\u0448\u0438\u043f\u043d\u0438\u043a -Roller bearing 3 VOE11708413 \u0420\u043e\u043b\u0438\u043a\u043e\u0432\u044b\u0439 \u043f\u043e\u0434\u0448\u0438\u043f\u043d\u0438\u043a -Roller bearing 4 VOE11704552 \u2022Sealing ring 5 VOE11708113 \u2022Lock ring 6 VOE11707571 \u2022Engaging sleeve 7 VOE11708412 \u2022Shim 8 VOE11708414 \u2022Bearing 9 VOE11709735 \u2022O-ring [&hellip;]","og_url":"https:\/\/eyli.com.tr\/beko-loder-hidrolik-pompa\/","og_site_name":"Eyli \u0130\u015f Makineleri","article_publisher":"https:\/\/www.facebook.com\/eylicomtr","article_modified_time":"2016-10-18T15:03:08+00:00","og_image":[{"url":"http:\/\/eyli.com.tr\/wp-content\/uploads\/2016\/05\/bekoloder-hidrolik-pompa.png","type":"","width":"","height":""}],"twitter_card":"summary_large_image","twitter_misc":{"\u041f\u0440\u0438\u043c\u0435\u0440\u043d\u043e\u0435 \u0432\u0440\u0435\u043c\u044f \u0434\u043b\u044f \u0447\u0442\u0435\u043d\u0438\u044f":"2 \u043c\u0438\u043d\u0443\u0442\u044b"},"schema":{"@context":"https:\/\/schema.org","@graph":[{"@type":"WebPage","@id":"https:\/\/eyli.com.tr\/beko-loder-hidrolik-pompa\/","url":"https:\/\/eyli.com.tr\/beko-loder-hidrolik-pompa\/","name":"VOLVO BEKO LODER H\u0130DROL\u0130K POMPA YEDEK PAR\u00c7ALARI","isPartOf":{"@id":"https:\/\/eyli.com.tr\/#website"},"primaryImageOfPage":{"@id":"https:\/\/eyli.com.tr\/beko-loder-hidrolik-pompa\/#primaryimage"},"image":{"@id":"https:\/\/eyli.com.tr\/beko-loder-hidrolik-pompa\/#primaryimage"},"thumbnailUrl":"http:\/\/eyli.com.tr\/wp-content\/uploads\/2016\/05\/bekoloder-hidrolik-pompa.png","datePublished":"2016-05-05T12:29:26+00:00","dateModified":"2016-10-18T15:03:08+00:00","breadcrumb":{"@id":"https:\/\/eyli.com.tr\/beko-loder-hidrolik-pompa\/#breadcrumb"},"inLanguage":"ru-RU","potentialAction":[{"@type":"ReadAction","target":["https:\/\/eyli.com.tr\/beko-loder-hidrolik-pompa\/"]}]},{"@type":"ImageObject","inLanguage":"ru-RU","@id":"https:\/\/eyli.com.tr\/beko-loder-hidrolik-pompa\/#primaryimage","url":"http:\/\/eyli.com.tr\/wp-content\/uploads\/2016\/05\/bekoloder-hidrolik-pompa.png","contentUrl":"http:\/\/eyli.com.tr\/wp-content\/uploads\/2016\/05\/bekoloder-hidrolik-pompa.png"},{"@type":"BreadcrumbList","@id":"https:\/\/eyli.com.tr\/beko-loder-hidrolik-pompa\/#breadcrumb","itemListElement":[{"@type":"ListItem","position":1,"name":"Ana sayfa","item":"https:\/\/eyli.com.tr\/"},{"@type":"ListItem","position":2,"name":"Beko Loder Hidrolik Pompa"}]},{"@type":"WebSite","@id":"https:\/\/eyli.com.tr\/#website","url":"https:\/\/eyli.com.tr\/","name":"Eyli \u0130\u015f Makineleri","description":"","publisher":{"@id":"https:\/\/eyli.com.tr\/#organization"},"potentialAction":[{"@type":"SearchAction","target":{"@type":"EntryPoint","urlTemplate":"https:\/\/eyli.com.tr\/?s={search_term_string}"},"query-input":{"@type":"PropertyValueSpecification","valueRequired":true,"valueName":"search_term_string"}}],"inLanguage":"ru-RU"},{"@type":"Organization","@id":"https:\/\/eyli.com.tr\/#organization","name":"Eyli \u0130\u015f Makineleri","url":"https:\/\/eyli.com.tr\/","logo":{"@type":"ImageObject","inLanguage":"ru-RU","@id":"https:\/\/eyli.com.tr\/#\/schema\/logo\/image\/","url":"https:\/\/eyli.com.tr\/wp-content\/uploads\/2020\/04\/WhatsApp-Image-2020-04-23-at-03.11.52-e1587829137284.jpeg","contentUrl":"https:\/\/eyli.com.tr\/wp-content\/uploads\/2020\/04\/WhatsApp-Image-2020-04-23-at-03.11.52-e1587829137284.jpeg","width":1600,"height":900,"caption":"Eyli \u0130\u015f Makineleri"},"image":{"@id":"https:\/\/eyli.com.tr\/#\/schema\/logo\/image\/"},"sameAs":["https:\/\/www.facebook.com\/eylicomtr"]}]}},"_links":{"self":[{"href":"https:\/\/eyli.com.tr\/ru\/wp-json\/wp\/v2\/pages\/493","targetHints":{"allow":["GET"]}}],"collection":[{"href":"https:\/\/eyli.com.tr\/ru\/wp-json\/wp\/v2\/pages"}],"about":[{"href":"https:\/\/eyli.com.tr\/ru\/wp-json\/wp\/v2\/types\/page"}],"author":[{"embeddable":true,"href":"https:\/\/eyli.com.tr\/ru\/wp-json\/wp\/v2\/users\/1"}],"replies":[{"embeddable":true,"href":"https:\/\/eyli.com.tr\/ru\/wp-json\/wp\/v2\/comments?post=493"}],"version-history":[{"count":3,"href":"https:\/\/eyli.com.tr\/ru\/wp-json\/wp\/v2\/pages\/493\/revisions"}],"predecessor-version":[{"id":1801,"href":"https:\/\/eyli.com.tr\/ru\/wp-json\/wp\/v2\/pages\/493\/revisions\/1801"}],"wp:attachment":[{"href":"https:\/\/eyli.com.tr\/ru\/wp-json\/wp\/v2\/media?parent=493"}],"curies":[{"name":"wp","href":"https:\/\/api.w.org\/{rel}","templated":true}]}}