{"id":475,"date":"2016-05-05T13:12:05","date_gmt":"2016-05-05T10:12:05","guid":{"rendered":"http:\/\/eyli.com.tr\/?page_id=475"},"modified":"2016-10-18T16:40:28","modified_gmt":"2016-10-18T13:40:28","slug":"beko-loder-aks","status":"publish","type":"page","link":"https:\/\/eyli.com.tr\/ru\/beko-loder-aks\/","title":{"rendered":"\u041e\u0441\u044c \u044d\u043a\u0441\u043a\u0430\u0432\u0430\u0442\u043e\u0440\u0430-\u043f\u043e\u0433\u0440\u0443\u0437\u0447\u0438\u043a\u0430"},"content":{"rendered":"<p><img loading=\"lazy\" decoding=\"async\" class=\"aligncenter size-full wp-image-476\" src=\"http:\/\/eyli.com.tr\/wp-content\/uploads\/2016\/05\/bekoloder-aks.png\" alt=\"bekoloder-aks\" width=\"2082\" height=\"1185\" srcset=\"https:\/\/eyli.com.tr\/wp-content\/uploads\/2016\/05\/bekoloder-aks.png 2082w, https:\/\/eyli.com.tr\/wp-content\/uploads\/2016\/05\/bekoloder-aks-300x171.png 300w, https:\/\/eyli.com.tr\/wp-content\/uploads\/2016\/05\/bekoloder-aks-768x437.png 768w, https:\/\/eyli.com.tr\/wp-content\/uploads\/2016\/05\/bekoloder-aks-1024x583.png 1024w\" sizes=\"auto, (max-width: 2082px) 100vw, 2082px\" \/><\/p>\n<p>&nbsp;<\/p>\n<p>\u0417\u0410\u041f\u0427\u0410\u0421\u0422\u0418 \u041e\u0421\u0418 \u042d\u041a\u0421\u041a\u0410\u0412\u0410\u0422\u041e\u0420\u0410-\u041f\u041e\u0413\u0420\u0423\u0417\u0427\u0418\u041a\u0410 VOLVO<\/p>\n<table class=\"table table-bordered\">\n<tbody>\n<tr>\n<td>\u041f\u043e\u0437\u0438\u0446\u0438\u044f<\/td>\n<td>\u041d\u043e\u043c\u0435\u0440 \u0434\u0435\u0442\u0430\u043b\u0438<\/td>\n<td>\u041d\u0430\u0438\u043c\u0435\u043d\u043e\u0432\u0430\u043d\u0438\u0435 \u0437\u0430\u043f\u0447\u0430\u0441\u0442\u0438<\/td>\n<\/tr>\n<tr>\n<td>1<\/td>\n<td>VOE11716630<\/td>\n<td>Axle Shaft<\/td>\n<\/tr>\n<tr>\n<td>2<\/td>\n<td><\/td>\n<td>\u0414\u043b\u0438\u043d\u043d\u044b\u0439 \u0432\u0430\u043b \u043f\u0440\u0438\u0432\u043e\u0434\u0430 \u043a\u043e\u043b\u0435\u0441\u0430 -Drive shaft<\/td>\n<\/tr>\n<tr>\n<td>3<\/td>\n<td><\/td>\n<td>\u2022Companion flange<\/td>\n<\/tr>\n<tr>\n<td>4<\/td>\n<td>VOE11716631<\/td>\n<td>\u0422\u0440\u043e\u0439\u043d\u0430\u044f \u0432\u0438\u043b\u043a\u0430-Spider<\/td>\n<\/tr>\n<tr>\n<td>5<\/td>\n<td><\/td>\n<td>\u2022\u2022Lock ring<\/td>\n<\/tr>\n<tr>\n<td>6<\/td>\n<td><\/td>\n<td>\u041a\u043e\u0440\u043e\u0442\u043a\u0438\u0439 \u0432\u0430\u043b \u043f\u0440\u0438\u0432\u043e\u0434\u0430 \u043a\u043e\u043b\u0435\u0441\u0430-Drive shaft<\/td>\n<\/tr>\n<tr>\n<td>7<\/td>\n<td>VOE11709487<\/td>\n<td>Washer<\/td>\n<\/tr>\n<tr>\n<td>8<\/td>\n<td>VOE11709488<\/td>\n<td>Washer<\/td>\n<\/tr>\n<tr>\n<td>9<\/td>\n<td>VOE11709171<\/td>\n<td>Retaining ring<\/td>\n<\/tr>\n<\/tbody>\n<\/table>\n<p>\u0417\u0430\u043f\u0447\u0430\u0441\u0442\u0438 \u043e\u0441\u0438 \u044d\u043a\u0441\u043a\u0430\u0432\u0430\u0442\u043e\u0440\u0430-\u043f\u043e\u0433\u0440\u0443\u0437\u0447\u0438\u043a\u0430 VOLVO<\/p>\n<p>\u043e\u0442\u043d\u043e\u0441\u044f\u0442\u0441\u044f \u043a \u0443\u043a\u0430\u0437\u0430\u043d\u043d\u044b\u043c \u043d\u0438\u0436\u0435 \u043c\u043e\u0434\u0435\u043b\u044f\u043c \u0441\u0442\u0440\u043e\u0438\u0442\u0435\u043b\u044c\u043d\u043e\u0439 \u0442\u0435\u0445\u043d\u0438\u043a\u0438 VOLVO:<\/p>\n<p>BL60, BL60B, BL61, BL61 PLUS, BL61B, BL70, BL70B, BL71, BL71 PLUS, BL71B<\/p>","protected":false},"excerpt":{"rendered":"<p>&nbsp; \u0417\u0410\u041f\u0427\u0410\u0421\u0422\u0418 \u041e\u0421\u0418 \u042d\u041a\u0421\u041a\u0410\u0412\u0410\u0422\u041e\u0420\u0410-\u041f\u041e\u0413\u0420\u0423\u0417\u0427\u0418\u041a\u0410 VOLVO \u041f\u043e\u0437\u0438\u0446\u0438\u044f \u041d\u043e\u043c\u0435\u0440 \u0434\u0435\u0442\u0430\u043b\u0438 \u041d\u0430\u0438\u043c\u0435\u043d\u043e\u0432\u0430\u043d\u0438\u0435 \u0437\u0430\u043f\u0447\u0430\u0441\u0442\u0438 1 VOE11716630 Axle Shaft 2 \u0414\u043b\u0438\u043d\u043d\u044b\u0439 \u0432\u0430\u043b \u043f\u0440\u0438\u0432\u043e\u0434\u0430 \u043a\u043e\u043b\u0435\u0441\u0430 -Drive shaft 3 \u2022Companion flange 4 VOE11716631 \u0422\u0440\u043e\u0439\u043d\u0430\u044f \u0432\u0438\u043b\u043a\u0430-Spider 5 \u2022\u2022Lock ring 6 \u041a\u043e\u0440\u043e\u0442\u043a\u0438\u0439 \u0432\u0430\u043b \u043f\u0440\u0438\u0432\u043e\u0434\u0430 \u043a\u043e\u043b\u0435\u0441\u0430-Drive shaft 7 VOE11709487 Washer 8 VOE11709488 Washer 9 VOE11709171 Retaining ring \u0417\u0430\u043f\u0447\u0430\u0441\u0442\u0438 \u043e\u0441\u0438 \u044d\u043a\u0441\u043a\u0430\u0432\u0430\u0442\u043e\u0440\u0430-\u043f\u043e\u0433\u0440\u0443\u0437\u0447\u0438\u043a\u0430 VOLVO \u043e\u0442\u043d\u043e\u0441\u044f\u0442\u0441\u044f \u043a \u0443\u043a\u0430\u0437\u0430\u043d\u043d\u044b\u043c \u043d\u0438\u0436\u0435 [&hellip;]<\/p>\n","protected":false},"author":1,"featured_media":0,"parent":0,"menu_order":0,"comment_status":"closed","ping_status":"closed","template":"page-fullwidth.php","meta":{"footnotes":""},"class_list":["post-475","page","type-page","status-publish","hentry"],"yoast_head":"<!-- This site is optimized with the Yoast SEO plugin v26.8 - https:\/\/yoast.com\/product\/yoast-seo-wordpress\/ -->\n<title>Beko Loder Aks Yedek Par\u00e7alar\u0131 - Eyli \u0130\u015f Makineleri ve Yedek Par\u00e7alar\u0131<\/title>\n<meta name=\"robots\" content=\"index, follow, max-snippet:-1, max-image-preview:large, max-video-preview:-1\" \/>\n<link rel=\"canonical\" href=\"https:\/\/eyli.com.tr\/beko-loder-aks\/\" \/>\n<meta property=\"og:locale\" content=\"ru_RU\" \/>\n<meta property=\"og:type\" content=\"article\" \/>\n<meta property=\"og:title\" content=\"Beko Loder Aks Yedek Par\u00e7alar\u0131 - Eyli \u0130\u015f Makineleri ve Yedek Par\u00e7alar\u0131\" \/>\n<meta property=\"og:description\" content=\"&nbsp; \u0417\u0410\u041f\u0427\u0410\u0421\u0422\u0418 \u041e\u0421\u0418 \u042d\u041a\u0421\u041a\u0410\u0412\u0410\u0422\u041e\u0420\u0410-\u041f\u041e\u0413\u0420\u0423\u0417\u0427\u0418\u041a\u0410 VOLVO \u041f\u043e\u0437\u0438\u0446\u0438\u044f \u041d\u043e\u043c\u0435\u0440 \u0434\u0435\u0442\u0430\u043b\u0438 \u041d\u0430\u0438\u043c\u0435\u043d\u043e\u0432\u0430\u043d\u0438\u0435 \u0437\u0430\u043f\u0447\u0430\u0441\u0442\u0438 1 VOE11716630 Axle Shaft 2 \u0414\u043b\u0438\u043d\u043d\u044b\u0439 \u0432\u0430\u043b \u043f\u0440\u0438\u0432\u043e\u0434\u0430 \u043a\u043e\u043b\u0435\u0441\u0430 -Drive shaft 3 \u2022Companion flange 4 VOE11716631 \u0422\u0440\u043e\u0439\u043d\u0430\u044f \u0432\u0438\u043b\u043a\u0430-Spider 5 \u2022\u2022Lock ring 6 \u041a\u043e\u0440\u043e\u0442\u043a\u0438\u0439 \u0432\u0430\u043b \u043f\u0440\u0438\u0432\u043e\u0434\u0430 \u043a\u043e\u043b\u0435\u0441\u0430-Drive shaft 7 VOE11709487 Washer 8 VOE11709488 Washer 9 VOE11709171 Retaining ring \u0417\u0430\u043f\u0447\u0430\u0441\u0442\u0438 \u043e\u0441\u0438 \u044d\u043a\u0441\u043a\u0430\u0432\u0430\u0442\u043e\u0440\u0430-\u043f\u043e\u0433\u0440\u0443\u0437\u0447\u0438\u043a\u0430 VOLVO \u043e\u0442\u043d\u043e\u0441\u044f\u0442\u0441\u044f \u043a \u0443\u043a\u0430\u0437\u0430\u043d\u043d\u044b\u043c \u043d\u0438\u0436\u0435 [&hellip;]\" \/>\n<meta property=\"og:url\" content=\"https:\/\/eyli.com.tr\/beko-loder-aks\/\" \/>\n<meta property=\"og:site_name\" content=\"Eyli \u0130\u015f Makineleri\" \/>\n<meta property=\"article:publisher\" content=\"https:\/\/www.facebook.com\/eylicomtr\" \/>\n<meta property=\"article:modified_time\" content=\"2016-10-18T13:40:28+00:00\" \/>\n<meta property=\"og:image\" content=\"http:\/\/eyli.com.tr\/wp-content\/uploads\/2016\/05\/bekoloder-aks.png\" \/>\n<meta name=\"twitter:card\" content=\"summary_large_image\" \/>\n<meta name=\"twitter:label1\" content=\"\u041f\u0440\u0438\u043c\u0435\u0440\u043d\u043e\u0435 \u0432\u0440\u0435\u043c\u044f \u0434\u043b\u044f \u0447\u0442\u0435\u043d\u0438\u044f\" \/>\n\t<meta name=\"twitter:data1\" content=\"1 \u043c\u0438\u043d\u0443\u0442\u0430\" \/>\n<script type=\"application\/ld+json\" class=\"yoast-schema-graph\">{\"@context\":\"https:\/\/schema.org\",\"@graph\":[{\"@type\":\"WebPage\",\"@id\":\"https:\/\/eyli.com.tr\/beko-loder-aks\/\",\"url\":\"https:\/\/eyli.com.tr\/beko-loder-aks\/\",\"name\":\"Beko Loder Aks Yedek Par\u00e7alar\u0131 - Eyli \u0130\u015f Makineleri ve Yedek Par\u00e7alar\u0131\",\"isPartOf\":{\"@id\":\"https:\/\/eyli.com.tr\/#website\"},\"primaryImageOfPage\":{\"@id\":\"https:\/\/eyli.com.tr\/beko-loder-aks\/#primaryimage\"},\"image\":{\"@id\":\"https:\/\/eyli.com.tr\/beko-loder-aks\/#primaryimage\"},\"thumbnailUrl\":\"http:\/\/eyli.com.tr\/wp-content\/uploads\/2016\/05\/bekoloder-aks.png\",\"datePublished\":\"2016-05-05T10:12:05+00:00\",\"dateModified\":\"2016-10-18T13:40:28+00:00\",\"breadcrumb\":{\"@id\":\"https:\/\/eyli.com.tr\/beko-loder-aks\/#breadcrumb\"},\"inLanguage\":\"ru-RU\",\"potentialAction\":[{\"@type\":\"ReadAction\",\"target\":[\"https:\/\/eyli.com.tr\/beko-loder-aks\/\"]}]},{\"@type\":\"ImageObject\",\"inLanguage\":\"ru-RU\",\"@id\":\"https:\/\/eyli.com.tr\/beko-loder-aks\/#primaryimage\",\"url\":\"http:\/\/eyli.com.tr\/wp-content\/uploads\/2016\/05\/bekoloder-aks.png\",\"contentUrl\":\"http:\/\/eyli.com.tr\/wp-content\/uploads\/2016\/05\/bekoloder-aks.png\"},{\"@type\":\"BreadcrumbList\",\"@id\":\"https:\/\/eyli.com.tr\/beko-loder-aks\/#breadcrumb\",\"itemListElement\":[{\"@type\":\"ListItem\",\"position\":1,\"name\":\"Ana sayfa\",\"item\":\"https:\/\/eyli.com.tr\/\"},{\"@type\":\"ListItem\",\"position\":2,\"name\":\"Beko Loder Aks\"}]},{\"@type\":\"WebSite\",\"@id\":\"https:\/\/eyli.com.tr\/#website\",\"url\":\"https:\/\/eyli.com.tr\/\",\"name\":\"Eyli \u0130\u015f Makineleri\",\"description\":\"\",\"publisher\":{\"@id\":\"https:\/\/eyli.com.tr\/#organization\"},\"potentialAction\":[{\"@type\":\"SearchAction\",\"target\":{\"@type\":\"EntryPoint\",\"urlTemplate\":\"https:\/\/eyli.com.tr\/?s={search_term_string}\"},\"query-input\":{\"@type\":\"PropertyValueSpecification\",\"valueRequired\":true,\"valueName\":\"search_term_string\"}}],\"inLanguage\":\"ru-RU\"},{\"@type\":\"Organization\",\"@id\":\"https:\/\/eyli.com.tr\/#organization\",\"name\":\"Eyli \u0130\u015f Makineleri\",\"url\":\"https:\/\/eyli.com.tr\/\",\"logo\":{\"@type\":\"ImageObject\",\"inLanguage\":\"ru-RU\",\"@id\":\"https:\/\/eyli.com.tr\/#\/schema\/logo\/image\/\",\"url\":\"https:\/\/eyli.com.tr\/wp-content\/uploads\/2020\/04\/WhatsApp-Image-2020-04-23-at-03.11.52-e1587829137284.jpeg\",\"contentUrl\":\"https:\/\/eyli.com.tr\/wp-content\/uploads\/2020\/04\/WhatsApp-Image-2020-04-23-at-03.11.52-e1587829137284.jpeg\",\"width\":1600,\"height\":900,\"caption\":\"Eyli \u0130\u015f Makineleri\"},\"image\":{\"@id\":\"https:\/\/eyli.com.tr\/#\/schema\/logo\/image\/\"},\"sameAs\":[\"https:\/\/www.facebook.com\/eylicomtr\"]}]}<\/script>\n<!-- \/ Yoast SEO plugin. -->","yoast_head_json":{"title":"Beko Loder Aks Yedek Par\u00e7alar\u0131 - Eyli \u0130\u015f Makineleri ve Yedek Par\u00e7alar\u0131","robots":{"index":"index","follow":"follow","max-snippet":"max-snippet:-1","max-image-preview":"max-image-preview:large","max-video-preview":"max-video-preview:-1"},"canonical":"https:\/\/eyli.com.tr\/beko-loder-aks\/","og_locale":"ru_RU","og_type":"article","og_title":"Beko Loder Aks Yedek Par\u00e7alar\u0131 - Eyli \u0130\u015f Makineleri ve Yedek Par\u00e7alar\u0131","og_description":"&nbsp; \u0417\u0410\u041f\u0427\u0410\u0421\u0422\u0418 \u041e\u0421\u0418 \u042d\u041a\u0421\u041a\u0410\u0412\u0410\u0422\u041e\u0420\u0410-\u041f\u041e\u0413\u0420\u0423\u0417\u0427\u0418\u041a\u0410 VOLVO \u041f\u043e\u0437\u0438\u0446\u0438\u044f \u041d\u043e\u043c\u0435\u0440 \u0434\u0435\u0442\u0430\u043b\u0438 \u041d\u0430\u0438\u043c\u0435\u043d\u043e\u0432\u0430\u043d\u0438\u0435 \u0437\u0430\u043f\u0447\u0430\u0441\u0442\u0438 1 VOE11716630 Axle Shaft 2 \u0414\u043b\u0438\u043d\u043d\u044b\u0439 \u0432\u0430\u043b \u043f\u0440\u0438\u0432\u043e\u0434\u0430 \u043a\u043e\u043b\u0435\u0441\u0430 -Drive shaft 3 \u2022Companion flange 4 VOE11716631 \u0422\u0440\u043e\u0439\u043d\u0430\u044f \u0432\u0438\u043b\u043a\u0430-Spider 5 \u2022\u2022Lock ring 6 \u041a\u043e\u0440\u043e\u0442\u043a\u0438\u0439 \u0432\u0430\u043b \u043f\u0440\u0438\u0432\u043e\u0434\u0430 \u043a\u043e\u043b\u0435\u0441\u0430-Drive shaft 7 VOE11709487 Washer 8 VOE11709488 Washer 9 VOE11709171 Retaining ring \u0417\u0430\u043f\u0447\u0430\u0441\u0442\u0438 \u043e\u0441\u0438 \u044d\u043a\u0441\u043a\u0430\u0432\u0430\u0442\u043e\u0440\u0430-\u043f\u043e\u0433\u0440\u0443\u0437\u0447\u0438\u043a\u0430 VOLVO \u043e\u0442\u043d\u043e\u0441\u044f\u0442\u0441\u044f \u043a \u0443\u043a\u0430\u0437\u0430\u043d\u043d\u044b\u043c \u043d\u0438\u0436\u0435 [&hellip;]","og_url":"https:\/\/eyli.com.tr\/beko-loder-aks\/","og_site_name":"Eyli \u0130\u015f Makineleri","article_publisher":"https:\/\/www.facebook.com\/eylicomtr","article_modified_time":"2016-10-18T13:40:28+00:00","og_image":[{"url":"http:\/\/eyli.com.tr\/wp-content\/uploads\/2016\/05\/bekoloder-aks.png","type":"","width":"","height":""}],"twitter_card":"summary_large_image","twitter_misc":{"\u041f\u0440\u0438\u043c\u0435\u0440\u043d\u043e\u0435 \u0432\u0440\u0435\u043c\u044f \u0434\u043b\u044f \u0447\u0442\u0435\u043d\u0438\u044f":"1 \u043c\u0438\u043d\u0443\u0442\u0430"},"schema":{"@context":"https:\/\/schema.org","@graph":[{"@type":"WebPage","@id":"https:\/\/eyli.com.tr\/beko-loder-aks\/","url":"https:\/\/eyli.com.tr\/beko-loder-aks\/","name":"Beko Loder Aks Yedek Par\u00e7alar\u0131 - Eyli \u0130\u015f Makineleri ve Yedek Par\u00e7alar\u0131","isPartOf":{"@id":"https:\/\/eyli.com.tr\/#website"},"primaryImageOfPage":{"@id":"https:\/\/eyli.com.tr\/beko-loder-aks\/#primaryimage"},"image":{"@id":"https:\/\/eyli.com.tr\/beko-loder-aks\/#primaryimage"},"thumbnailUrl":"http:\/\/eyli.com.tr\/wp-content\/uploads\/2016\/05\/bekoloder-aks.png","datePublished":"2016-05-05T10:12:05+00:00","dateModified":"2016-10-18T13:40:28+00:00","breadcrumb":{"@id":"https:\/\/eyli.com.tr\/beko-loder-aks\/#breadcrumb"},"inLanguage":"ru-RU","potentialAction":[{"@type":"ReadAction","target":["https:\/\/eyli.com.tr\/beko-loder-aks\/"]}]},{"@type":"ImageObject","inLanguage":"ru-RU","@id":"https:\/\/eyli.com.tr\/beko-loder-aks\/#primaryimage","url":"http:\/\/eyli.com.tr\/wp-content\/uploads\/2016\/05\/bekoloder-aks.png","contentUrl":"http:\/\/eyli.com.tr\/wp-content\/uploads\/2016\/05\/bekoloder-aks.png"},{"@type":"BreadcrumbList","@id":"https:\/\/eyli.com.tr\/beko-loder-aks\/#breadcrumb","itemListElement":[{"@type":"ListItem","position":1,"name":"Ana sayfa","item":"https:\/\/eyli.com.tr\/"},{"@type":"ListItem","position":2,"name":"Beko Loder Aks"}]},{"@type":"WebSite","@id":"https:\/\/eyli.com.tr\/#website","url":"https:\/\/eyli.com.tr\/","name":"Eyli \u0130\u015f Makineleri","description":"","publisher":{"@id":"https:\/\/eyli.com.tr\/#organization"},"potentialAction":[{"@type":"SearchAction","target":{"@type":"EntryPoint","urlTemplate":"https:\/\/eyli.com.tr\/?s={search_term_string}"},"query-input":{"@type":"PropertyValueSpecification","valueRequired":true,"valueName":"search_term_string"}}],"inLanguage":"ru-RU"},{"@type":"Organization","@id":"https:\/\/eyli.com.tr\/#organization","name":"Eyli \u0130\u015f Makineleri","url":"https:\/\/eyli.com.tr\/","logo":{"@type":"ImageObject","inLanguage":"ru-RU","@id":"https:\/\/eyli.com.tr\/#\/schema\/logo\/image\/","url":"https:\/\/eyli.com.tr\/wp-content\/uploads\/2020\/04\/WhatsApp-Image-2020-04-23-at-03.11.52-e1587829137284.jpeg","contentUrl":"https:\/\/eyli.com.tr\/wp-content\/uploads\/2020\/04\/WhatsApp-Image-2020-04-23-at-03.11.52-e1587829137284.jpeg","width":1600,"height":900,"caption":"Eyli \u0130\u015f Makineleri"},"image":{"@id":"https:\/\/eyli.com.tr\/#\/schema\/logo\/image\/"},"sameAs":["https:\/\/www.facebook.com\/eylicomtr"]}]}},"_links":{"self":[{"href":"https:\/\/eyli.com.tr\/ru\/wp-json\/wp\/v2\/pages\/475","targetHints":{"allow":["GET"]}}],"collection":[{"href":"https:\/\/eyli.com.tr\/ru\/wp-json\/wp\/v2\/pages"}],"about":[{"href":"https:\/\/eyli.com.tr\/ru\/wp-json\/wp\/v2\/types\/page"}],"author":[{"embeddable":true,"href":"https:\/\/eyli.com.tr\/ru\/wp-json\/wp\/v2\/users\/1"}],"replies":[{"embeddable":true,"href":"https:\/\/eyli.com.tr\/ru\/wp-json\/wp\/v2\/comments?post=475"}],"version-history":[{"count":4,"href":"https:\/\/eyli.com.tr\/ru\/wp-json\/wp\/v2\/pages\/475\/revisions"}],"predecessor-version":[{"id":1795,"href":"https:\/\/eyli.com.tr\/ru\/wp-json\/wp\/v2\/pages\/475\/revisions\/1795"}],"wp:attachment":[{"href":"https:\/\/eyli.com.tr\/ru\/wp-json\/wp\/v2\/media?parent=475"}],"curies":[{"name":"wp","href":"https:\/\/api.w.org\/{rel}","templated":true}]}}