{"id":437,"date":"2016-05-04T16:40:36","date_gmt":"2016-05-04T13:40:36","guid":{"rendered":"http:\/\/eyli.com.tr\/?page_id=437"},"modified":"2016-05-04T16:40:36","modified_gmt":"2016-05-04T13:40:36","slug":"2-el-volvo-a40d-2006-model-kaya-kamyonu","status":"publish","type":"page","link":"https:\/\/eyli.com.tr\/ru\/2-el-volvo-a40d-2006-model-kaya-kamyonu\/","title":{"rendered":"2. El Volvo A40D 2006 Model Kaya Kamyonu"},"content":{"rendered":"<div style=\"width:100%\"><div class=\"wd_error\"><p><strong>\u0413\u0430\u043b\u0435\u0440\u0435\u044f \u043d\u0435 \u0432\u044b\u0431\u0440\u0430\u043d\u0430 \u0438\u043b\u0438 \u0431\u044b\u043b\u0430 \u0443\u0434\u0430\u043b\u0435\u043d\u0430.<\/strong><\/p><\/div><\/div>\n<p>&nbsp;<\/p>\n<p><strong>MODEL<\/strong><br \/>\n2006<\/p>\n<p><strong>\u00c7ALI\u015eMA SAAT<\/strong><br \/>\n25000 saat<\/p>\n<p><strong>F\u0130YAT<\/strong><br \/>\n96,000 EURO<\/p>\n","protected":false},"excerpt":{"rendered":"<p>&nbsp; MODEL 2006 \u00c7ALI\u015eMA SAAT 25000 saat F\u0130YAT 96,000 EURO<\/p>\n","protected":false},"author":1,"featured_media":0,"parent":0,"menu_order":0,"comment_status":"closed","ping_status":"closed","template":"page-fullwidth.php","meta":{"footnotes":""},"class_list":["post-437","page","type-page","status-publish","hentry"],"yoast_head":"<!-- This site is optimized with the Yoast SEO plugin v26.8 - https:\/\/yoast.com\/product\/yoast-seo-wordpress\/ -->\n<title>2. El Volvo A40D 2006 Model Kaya Kamyonu - Eyli \u0130\u015f Makineleri<\/title>\n<meta name=\"robots\" content=\"index, follow, max-snippet:-1, max-image-preview:large, max-video-preview:-1\" \/>\n<link rel=\"canonical\" href=\"https:\/\/eyli.com.tr\/2-el-volvo-a40d-2006-model-kaya-kamyonu\/\" \/>\n<meta property=\"og:locale\" content=\"ru_RU\" \/>\n<meta property=\"og:type\" content=\"article\" \/>\n<meta property=\"og:title\" content=\"2. El Volvo A40D 2006 Model Kaya Kamyonu - Eyli \u0130\u015f Makineleri\" \/>\n<meta property=\"og:description\" content=\"&nbsp; MODEL 2006 \u00c7ALI\u015eMA SAAT 25000 saat F\u0130YAT 96,000 EURO\" \/>\n<meta property=\"og:url\" content=\"https:\/\/eyli.com.tr\/2-el-volvo-a40d-2006-model-kaya-kamyonu\/\" \/>\n<meta property=\"og:site_name\" content=\"Eyli \u0130\u015f Makineleri\" \/>\n<meta property=\"article:publisher\" content=\"https:\/\/www.facebook.com\/eylicomtr\" \/>\n<meta name=\"twitter:card\" content=\"summary_large_image\" \/>\n<script type=\"application\/ld+json\" class=\"yoast-schema-graph\">{\"@context\":\"https:\/\/schema.org\",\"@graph\":[{\"@type\":\"WebPage\",\"@id\":\"https:\/\/eyli.com.tr\/2-el-volvo-a40d-2006-model-kaya-kamyonu\/\",\"url\":\"https:\/\/eyli.com.tr\/2-el-volvo-a40d-2006-model-kaya-kamyonu\/\",\"name\":\"2. El Volvo A40D 2006 Model Kaya Kamyonu - Eyli \u0130\u015f Makineleri\",\"isPartOf\":{\"@id\":\"https:\/\/eyli.com.tr\/#website\"},\"datePublished\":\"2016-05-04T13:40:36+00:00\",\"breadcrumb\":{\"@id\":\"https:\/\/eyli.com.tr\/2-el-volvo-a40d-2006-model-kaya-kamyonu\/#breadcrumb\"},\"inLanguage\":\"ru-RU\",\"potentialAction\":[{\"@type\":\"ReadAction\",\"target\":[\"https:\/\/eyli.com.tr\/2-el-volvo-a40d-2006-model-kaya-kamyonu\/\"]}]},{\"@type\":\"BreadcrumbList\",\"@id\":\"https:\/\/eyli.com.tr\/2-el-volvo-a40d-2006-model-kaya-kamyonu\/#breadcrumb\",\"itemListElement\":[{\"@type\":\"ListItem\",\"position\":1,\"name\":\"Ana sayfa\",\"item\":\"https:\/\/eyli.com.tr\/\"},{\"@type\":\"ListItem\",\"position\":2,\"name\":\"2. El Volvo A40D 2006 Model Kaya Kamyonu\"}]},{\"@type\":\"WebSite\",\"@id\":\"https:\/\/eyli.com.tr\/#website\",\"url\":\"https:\/\/eyli.com.tr\/\",\"name\":\"Eyli \u0130\u015f Makineleri\",\"description\":\"\",\"publisher\":{\"@id\":\"https:\/\/eyli.com.tr\/#organization\"},\"potentialAction\":[{\"@type\":\"SearchAction\",\"target\":{\"@type\":\"EntryPoint\",\"urlTemplate\":\"https:\/\/eyli.com.tr\/?s={search_term_string}\"},\"query-input\":{\"@type\":\"PropertyValueSpecification\",\"valueRequired\":true,\"valueName\":\"search_term_string\"}}],\"inLanguage\":\"ru-RU\"},{\"@type\":\"Organization\",\"@id\":\"https:\/\/eyli.com.tr\/#organization\",\"name\":\"Eyli \u0130\u015f Makineleri\",\"url\":\"https:\/\/eyli.com.tr\/\",\"logo\":{\"@type\":\"ImageObject\",\"inLanguage\":\"ru-RU\",\"@id\":\"https:\/\/eyli.com.tr\/#\/schema\/logo\/image\/\",\"url\":\"https:\/\/eyli.com.tr\/wp-content\/uploads\/2020\/04\/WhatsApp-Image-2020-04-23-at-03.11.52-e1587829137284.jpeg\",\"contentUrl\":\"https:\/\/eyli.com.tr\/wp-content\/uploads\/2020\/04\/WhatsApp-Image-2020-04-23-at-03.11.52-e1587829137284.jpeg\",\"width\":1600,\"height\":900,\"caption\":\"Eyli \u0130\u015f Makineleri\"},\"image\":{\"@id\":\"https:\/\/eyli.com.tr\/#\/schema\/logo\/image\/\"},\"sameAs\":[\"https:\/\/www.facebook.com\/eylicomtr\"]}]}<\/script>\n<!-- \/ Yoast SEO plugin. -->","yoast_head_json":{"title":"2. El Volvo A40D 2006 Model Kaya Kamyonu - Eyli \u0130\u015f Makineleri","robots":{"index":"index","follow":"follow","max-snippet":"max-snippet:-1","max-image-preview":"max-image-preview:large","max-video-preview":"max-video-preview:-1"},"canonical":"https:\/\/eyli.com.tr\/2-el-volvo-a40d-2006-model-kaya-kamyonu\/","og_locale":"ru_RU","og_type":"article","og_title":"2. El Volvo A40D 2006 Model Kaya Kamyonu - Eyli \u0130\u015f Makineleri","og_description":"&nbsp; MODEL 2006 \u00c7ALI\u015eMA SAAT 25000 saat F\u0130YAT 96,000 EURO","og_url":"https:\/\/eyli.com.tr\/2-el-volvo-a40d-2006-model-kaya-kamyonu\/","og_site_name":"Eyli \u0130\u015f Makineleri","article_publisher":"https:\/\/www.facebook.com\/eylicomtr","twitter_card":"summary_large_image","schema":{"@context":"https:\/\/schema.org","@graph":[{"@type":"WebPage","@id":"https:\/\/eyli.com.tr\/2-el-volvo-a40d-2006-model-kaya-kamyonu\/","url":"https:\/\/eyli.com.tr\/2-el-volvo-a40d-2006-model-kaya-kamyonu\/","name":"2. El Volvo A40D 2006 Model Kaya Kamyonu - Eyli \u0130\u015f Makineleri","isPartOf":{"@id":"https:\/\/eyli.com.tr\/#website"},"datePublished":"2016-05-04T13:40:36+00:00","breadcrumb":{"@id":"https:\/\/eyli.com.tr\/2-el-volvo-a40d-2006-model-kaya-kamyonu\/#breadcrumb"},"inLanguage":"ru-RU","potentialAction":[{"@type":"ReadAction","target":["https:\/\/eyli.com.tr\/2-el-volvo-a40d-2006-model-kaya-kamyonu\/"]}]},{"@type":"BreadcrumbList","@id":"https:\/\/eyli.com.tr\/2-el-volvo-a40d-2006-model-kaya-kamyonu\/#breadcrumb","itemListElement":[{"@type":"ListItem","position":1,"name":"Ana sayfa","item":"https:\/\/eyli.com.tr\/"},{"@type":"ListItem","position":2,"name":"2. El Volvo A40D 2006 Model Kaya Kamyonu"}]},{"@type":"WebSite","@id":"https:\/\/eyli.com.tr\/#website","url":"https:\/\/eyli.com.tr\/","name":"Eyli \u0130\u015f Makineleri","description":"","publisher":{"@id":"https:\/\/eyli.com.tr\/#organization"},"potentialAction":[{"@type":"SearchAction","target":{"@type":"EntryPoint","urlTemplate":"https:\/\/eyli.com.tr\/?s={search_term_string}"},"query-input":{"@type":"PropertyValueSpecification","valueRequired":true,"valueName":"search_term_string"}}],"inLanguage":"ru-RU"},{"@type":"Organization","@id":"https:\/\/eyli.com.tr\/#organization","name":"Eyli \u0130\u015f Makineleri","url":"https:\/\/eyli.com.tr\/","logo":{"@type":"ImageObject","inLanguage":"ru-RU","@id":"https:\/\/eyli.com.tr\/#\/schema\/logo\/image\/","url":"https:\/\/eyli.com.tr\/wp-content\/uploads\/2020\/04\/WhatsApp-Image-2020-04-23-at-03.11.52-e1587829137284.jpeg","contentUrl":"https:\/\/eyli.com.tr\/wp-content\/uploads\/2020\/04\/WhatsApp-Image-2020-04-23-at-03.11.52-e1587829137284.jpeg","width":1600,"height":900,"caption":"Eyli \u0130\u015f Makineleri"},"image":{"@id":"https:\/\/eyli.com.tr\/#\/schema\/logo\/image\/"},"sameAs":["https:\/\/www.facebook.com\/eylicomtr"]}]}},"_links":{"self":[{"href":"https:\/\/eyli.com.tr\/ru\/wp-json\/wp\/v2\/pages\/437","targetHints":{"allow":["GET"]}}],"collection":[{"href":"https:\/\/eyli.com.tr\/ru\/wp-json\/wp\/v2\/pages"}],"about":[{"href":"https:\/\/eyli.com.tr\/ru\/wp-json\/wp\/v2\/types\/page"}],"author":[{"embeddable":true,"href":"https:\/\/eyli.com.tr\/ru\/wp-json\/wp\/v2\/users\/1"}],"replies":[{"embeddable":true,"href":"https:\/\/eyli.com.tr\/ru\/wp-json\/wp\/v2\/comments?post=437"}],"version-history":[{"count":1,"href":"https:\/\/eyli.com.tr\/ru\/wp-json\/wp\/v2\/pages\/437\/revisions"}],"predecessor-version":[{"id":441,"href":"https:\/\/eyli.com.tr\/ru\/wp-json\/wp\/v2\/pages\/437\/revisions\/441"}],"wp:attachment":[{"href":"https:\/\/eyli.com.tr\/ru\/wp-json\/wp\/v2\/media?parent=437"}],"curies":[{"name":"wp","href":"https:\/\/api.w.org\/{rel}","templated":true}]}}