{"id":375,"date":"2016-05-03T13:47:39","date_gmt":"2016-05-03T10:47:39","guid":{"rendered":"http:\/\/eyli.com.tr\/?page_id=375"},"modified":"2016-10-18T14:44:28","modified_gmt":"2016-10-18T11:44:28","slug":"beko-loder-piston-set","status":"publish","type":"page","link":"https:\/\/eyli.com.tr\/ru\/beko-loder-piston-set\/","title":{"rendered":"\u041a\u043e\u043c\u043f\u043b\u0435\u043a\u0442 \u043f\u043e\u0440\u0448\u043d\u0435\u0439 \u044d\u043a\u0441\u043a\u0430\u0432\u0430\u0442\u043e\u0440\u0430-\u043f\u043e\u0433\u0440\u0443\u0437\u0447\u0438\u043a\u0430"},"content":{"rendered":"<p><img loading=\"lazy\" decoding=\"async\" class=\"aligncenter size-full wp-image-376\" src=\"http:\/\/eyli.com.tr\/wp-content\/uploads\/2016\/05\/bekoloder-piston-set.png\" alt=\"bekoloder-piston-set\" width=\"2976\" height=\"2102\" srcset=\"https:\/\/eyli.com.tr\/wp-content\/uploads\/2016\/05\/bekoloder-piston-set.png 2976w, https:\/\/eyli.com.tr\/wp-content\/uploads\/2016\/05\/bekoloder-piston-set-300x212.png 300w, https:\/\/eyli.com.tr\/wp-content\/uploads\/2016\/05\/bekoloder-piston-set-768x542.png 768w, https:\/\/eyli.com.tr\/wp-content\/uploads\/2016\/05\/bekoloder-piston-set-1024x723.png 1024w\" sizes=\"auto, (max-width: 2976px) 100vw, 2976px\" \/><\/p>\n<p>&nbsp;<\/p>\n<p><strong>\u0417\u0410\u041f\u0427\u0410\u0421\u0422\u0418 \u041a\u041e\u041c\u041f\u041b\u0415\u041a\u0422\u0410 \u041f\u041e\u0420\u0428\u041d\u0415\u0419 \u042d\u041a\u0421\u041a\u0410\u0412\u0410\u0422\u041e\u0420\u0410-\u041f\u041e\u0413\u0420\u0423\u0417\u0427\u0418\u041a\u0410 VOLVO<\/strong><\/p>\n<table class=\"table table-bordered\">\n<tbody>\n<tr>\n<td>\u041f\u043e\u0437\u0438\u0446\u0438\u044f<\/td>\n<td>\u041d\u043e\u043c\u0435\u0440 \u0434\u0435\u0442\u0430\u043b\u0438<\/td>\n<td>\u041d\u0430\u0438\u043c\u0435\u043d\u043e\u0432\u0430\u043d\u0438\u0435 \u0437\u0430\u043f\u0447\u0430\u0441\u0442\u0438<\/td>\n<\/tr>\n<tr>\n<td>1<\/td>\n<td>VOE20865990<\/td>\n<td>\u041a\u043e\u043c\u043f\u043b\u0435\u043a\u0442 \u043f\u043e\u0440\u0448\u043d\u0435\u0439-Cyl Liner Kit<\/td>\n<\/tr>\n<tr>\n<td>2<\/td>\n<td>20865990<\/td>\n<td>\u0413\u0438\u043b\u044c\u0437\u0430 \u0446\u0438\u043b\u0438\u043d\u0434\u0440\u0430 -Cylinder Liner<\/td>\n<\/tr>\n<tr>\n<td>3<\/td>\n<td>VOE20412762<\/td>\n<td>\u041a\u043e\u043b\u044c\u0446\u043e \u0432 \u0444\u043e\u0440\u043c\u0435 \u041e &#8212; O-ring<\/td>\n<\/tr>\n<tr>\n<td>4<\/td>\n<td>20865990<\/td>\n<td>\u041f\u043e\u0440\u0448\u0435\u043d\u044c-Piston<\/td>\n<\/tr>\n<tr>\n<td>5<\/td>\n<td>VOE21299547<\/td>\n<td>\u041a\u043e\u043c\u043f\u043b\u0435\u043a\u0442 \u043f\u043e\u0440\u0448\u043d\u0435\u0432\u044b\u0445 \u043a\u043e\u043b\u0435\u0446 &#8212; Piston ring kit<\/td>\n<\/tr>\n<tr>\n<td>6<\/td>\n<td>VOE20405577<\/td>\n<td>\u041f\u043e\u0440\u0448\u043d\u0435\u0432\u043e\u0439 \u043f\u0430\u043b\u0435\u0446 -Gudgeon pin<\/td>\n<\/tr>\n<tr>\n<td>7<\/td>\n<td>VOE20405576<\/td>\n<td>\u0421\u0442\u043e\u043f\u043e\u0440\u043d\u043e\u0435 \u043a\u043e\u043b\u044c\u0446\u043e -Retaining ring<\/td>\n<\/tr>\n<\/tbody>\n<\/table>\n<p>\u0417\u0430\u043f\u0447\u0430\u0441\u0442\u0438 \u0431\u043b\u043e\u043a\u0430 \u0446\u0438\u043b\u0438\u043d\u0434\u0440\u0430 \u044d\u043a\u0441\u043a\u0430\u0432\u0430\u0442\u043e\u0440\u0430-\u043f\u043e\u0433\u0440\u0443\u0437\u0447\u0438\u043a\u0430 VOLVO<\/p>\n<p>\u043e\u0442\u043d\u043e\u0441\u044f\u0442\u0441\u044f \u043a \u0443\u043a\u0430\u0437\u0430\u043d\u043d\u044b\u043c \u043d\u0438\u0436\u0435 \u043c\u043e\u0434\u0435\u043b\u044f\u043c \u0441\u0442\u0440\u043e\u0438\u0442\u0435\u043b\u044c\u043d\u043e\u0439 \u0442\u0435\u0445\u043d\u0438\u043a\u0438 VOLVO:<\/p>\n<p>BL60, BL60B, BL61, BL61 PLUS, BL61B, BL70, BL70B, BL71, BL71 PLUS, BL71B<\/p>","protected":false},"excerpt":{"rendered":"<p>&nbsp; \u0417\u0410\u041f\u0427\u0410\u0421\u0422\u0418 \u041a\u041e\u041c\u041f\u041b\u0415\u041a\u0422\u0410 \u041f\u041e\u0420\u0428\u041d\u0415\u0419 \u042d\u041a\u0421\u041a\u0410\u0412\u0410\u0422\u041e\u0420\u0410-\u041f\u041e\u0413\u0420\u0423\u0417\u0427\u0418\u041a\u0410 VOLVO \u041f\u043e\u0437\u0438\u0446\u0438\u044f \u041d\u043e\u043c\u0435\u0440 \u0434\u0435\u0442\u0430\u043b\u0438 \u041d\u0430\u0438\u043c\u0435\u043d\u043e\u0432\u0430\u043d\u0438\u0435 \u0437\u0430\u043f\u0447\u0430\u0441\u0442\u0438 1 VOE20865990 \u041a\u043e\u043c\u043f\u043b\u0435\u043a\u0442 \u043f\u043e\u0440\u0448\u043d\u0435\u0439-Cyl Liner Kit 2 20865990 \u0413\u0438\u043b\u044c\u0437\u0430 \u0446\u0438\u043b\u0438\u043d\u0434\u0440\u0430 -Cylinder Liner 3 VOE20412762 \u041a\u043e\u043b\u044c\u0446\u043e \u0432 \u0444\u043e\u0440\u043c\u0435 \u041e &#8212; O-ring 4 20865990 \u041f\u043e\u0440\u0448\u0435\u043d\u044c-Piston 5 VOE21299547 \u041a\u043e\u043c\u043f\u043b\u0435\u043a\u0442 \u043f\u043e\u0440\u0448\u043d\u0435\u0432\u044b\u0445 \u043a\u043e\u043b\u0435\u0446 &#8212; Piston ring kit 6 VOE20405577 \u041f\u043e\u0440\u0448\u043d\u0435\u0432\u043e\u0439 \u043f\u0430\u043b\u0435\u0446 -Gudgeon pin 7 VOE20405576 \u0421\u0442\u043e\u043f\u043e\u0440\u043d\u043e\u0435 \u043a\u043e\u043b\u044c\u0446\u043e -Retaining ring [&hellip;]<\/p>\n","protected":false},"author":1,"featured_media":0,"parent":0,"menu_order":0,"comment_status":"closed","ping_status":"closed","template":"page-fullwidth.php","meta":{"footnotes":""},"class_list":["post-375","page","type-page","status-publish","hentry"],"yoast_head":"<!-- This site is optimized with the Yoast SEO plugin v26.8 - https:\/\/yoast.com\/product\/yoast-seo-wordpress\/ -->\n<title>VOLVO BEKO LODER P\u0130STON SET\u0130 YEDEK PAR\u00c7ALARI<\/title>\n<meta name=\"description\" content=\"VOLVO BEKO LODER P\u0130STON SET\u0130 YEDEK PAR\u00c7ALARI a\u015fa\u011f\u0131daki VOLVO \u0130\u015f Makineleri BL60, BL60B, BL61, BL61 PLUS, BL61B, BL70, BL70B, BL71, BL71 PLUS, BL71B\" \/>\n<meta name=\"robots\" content=\"index, follow, max-snippet:-1, max-image-preview:large, max-video-preview:-1\" \/>\n<link rel=\"canonical\" href=\"https:\/\/eyli.com.tr\/beko-loder-piston-set\/\" \/>\n<meta property=\"og:locale\" content=\"ru_RU\" \/>\n<meta property=\"og:type\" content=\"article\" \/>\n<meta property=\"og:title\" content=\"VOLVO BEKO LODER P\u0130STON SET\u0130 YEDEK PAR\u00c7ALARI\" \/>\n<meta property=\"og:description\" content=\"VOLVO BEKO LODER P\u0130STON SET\u0130 YEDEK PAR\u00c7ALARI a\u015fa\u011f\u0131daki VOLVO \u0130\u015f Makineleri BL60, BL60B, BL61, BL61 PLUS, BL61B, BL70, BL70B, BL71, BL71 PLUS, BL71B\" \/>\n<meta property=\"og:url\" content=\"https:\/\/eyli.com.tr\/beko-loder-piston-set\/\" \/>\n<meta property=\"og:site_name\" content=\"Eyli \u0130\u015f Makineleri\" \/>\n<meta property=\"article:publisher\" content=\"https:\/\/www.facebook.com\/eylicomtr\" \/>\n<meta property=\"article:modified_time\" content=\"2016-10-18T11:44:28+00:00\" \/>\n<meta property=\"og:image\" content=\"http:\/\/eyli.com.tr\/wp-content\/uploads\/2016\/05\/bekoloder-piston-set.png\" \/>\n<meta name=\"twitter:card\" content=\"summary_large_image\" \/>\n<meta name=\"twitter:label1\" content=\"\u041f\u0440\u0438\u043c\u0435\u0440\u043d\u043e\u0435 \u0432\u0440\u0435\u043c\u044f \u0434\u043b\u044f \u0447\u0442\u0435\u043d\u0438\u044f\" \/>\n\t<meta name=\"twitter:data1\" content=\"1 \u043c\u0438\u043d\u0443\u0442\u0430\" \/>\n<script type=\"application\/ld+json\" class=\"yoast-schema-graph\">{\"@context\":\"https:\/\/schema.org\",\"@graph\":[{\"@type\":\"WebPage\",\"@id\":\"https:\/\/eyli.com.tr\/beko-loder-piston-set\/\",\"url\":\"https:\/\/eyli.com.tr\/beko-loder-piston-set\/\",\"name\":\"VOLVO BEKO LODER P\u0130STON SET\u0130 YEDEK PAR\u00c7ALARI\",\"isPartOf\":{\"@id\":\"https:\/\/eyli.com.tr\/#website\"},\"primaryImageOfPage\":{\"@id\":\"https:\/\/eyli.com.tr\/beko-loder-piston-set\/#primaryimage\"},\"image\":{\"@id\":\"https:\/\/eyli.com.tr\/beko-loder-piston-set\/#primaryimage\"},\"thumbnailUrl\":\"http:\/\/eyli.com.tr\/wp-content\/uploads\/2016\/05\/bekoloder-piston-set.png\",\"datePublished\":\"2016-05-03T10:47:39+00:00\",\"dateModified\":\"2016-10-18T11:44:28+00:00\",\"description\":\"VOLVO BEKO LODER P\u0130STON SET\u0130 YEDEK PAR\u00c7ALARI a\u015fa\u011f\u0131daki VOLVO \u0130\u015f Makineleri BL60, BL60B, BL61, BL61 PLUS, BL61B, BL70, BL70B, BL71, BL71 PLUS, BL71B\",\"breadcrumb\":{\"@id\":\"https:\/\/eyli.com.tr\/beko-loder-piston-set\/#breadcrumb\"},\"inLanguage\":\"ru-RU\",\"potentialAction\":[{\"@type\":\"ReadAction\",\"target\":[\"https:\/\/eyli.com.tr\/beko-loder-piston-set\/\"]}]},{\"@type\":\"ImageObject\",\"inLanguage\":\"ru-RU\",\"@id\":\"https:\/\/eyli.com.tr\/beko-loder-piston-set\/#primaryimage\",\"url\":\"http:\/\/eyli.com.tr\/wp-content\/uploads\/2016\/05\/bekoloder-piston-set.png\",\"contentUrl\":\"http:\/\/eyli.com.tr\/wp-content\/uploads\/2016\/05\/bekoloder-piston-set.png\"},{\"@type\":\"BreadcrumbList\",\"@id\":\"https:\/\/eyli.com.tr\/beko-loder-piston-set\/#breadcrumb\",\"itemListElement\":[{\"@type\":\"ListItem\",\"position\":1,\"name\":\"Ana sayfa\",\"item\":\"https:\/\/eyli.com.tr\/\"},{\"@type\":\"ListItem\",\"position\":2,\"name\":\"Beko Loder Piston Set\"}]},{\"@type\":\"WebSite\",\"@id\":\"https:\/\/eyli.com.tr\/#website\",\"url\":\"https:\/\/eyli.com.tr\/\",\"name\":\"Eyli \u0130\u015f Makineleri\",\"description\":\"\",\"publisher\":{\"@id\":\"https:\/\/eyli.com.tr\/#organization\"},\"potentialAction\":[{\"@type\":\"SearchAction\",\"target\":{\"@type\":\"EntryPoint\",\"urlTemplate\":\"https:\/\/eyli.com.tr\/?s={search_term_string}\"},\"query-input\":{\"@type\":\"PropertyValueSpecification\",\"valueRequired\":true,\"valueName\":\"search_term_string\"}}],\"inLanguage\":\"ru-RU\"},{\"@type\":\"Organization\",\"@id\":\"https:\/\/eyli.com.tr\/#organization\",\"name\":\"Eyli \u0130\u015f Makineleri\",\"url\":\"https:\/\/eyli.com.tr\/\",\"logo\":{\"@type\":\"ImageObject\",\"inLanguage\":\"ru-RU\",\"@id\":\"https:\/\/eyli.com.tr\/#\/schema\/logo\/image\/\",\"url\":\"https:\/\/eyli.com.tr\/wp-content\/uploads\/2020\/04\/WhatsApp-Image-2020-04-23-at-03.11.52-e1587829137284.jpeg\",\"contentUrl\":\"https:\/\/eyli.com.tr\/wp-content\/uploads\/2020\/04\/WhatsApp-Image-2020-04-23-at-03.11.52-e1587829137284.jpeg\",\"width\":1600,\"height\":900,\"caption\":\"Eyli \u0130\u015f Makineleri\"},\"image\":{\"@id\":\"https:\/\/eyli.com.tr\/#\/schema\/logo\/image\/\"},\"sameAs\":[\"https:\/\/www.facebook.com\/eylicomtr\"]}]}<\/script>\n<!-- \/ Yoast SEO plugin. -->","yoast_head_json":{"title":"VOLVO BEKO LODER P\u0130STON SET\u0130 YEDEK PAR\u00c7ALARI","description":"VOLVO BEKO LODER P\u0130STON SET\u0130 YEDEK PAR\u00c7ALARI a\u015fa\u011f\u0131daki VOLVO \u0130\u015f Makineleri BL60, BL60B, BL61, BL61 PLUS, BL61B, BL70, BL70B, BL71, BL71 PLUS, BL71B","robots":{"index":"index","follow":"follow","max-snippet":"max-snippet:-1","max-image-preview":"max-image-preview:large","max-video-preview":"max-video-preview:-1"},"canonical":"https:\/\/eyli.com.tr\/beko-loder-piston-set\/","og_locale":"ru_RU","og_type":"article","og_title":"VOLVO BEKO LODER P\u0130STON SET\u0130 YEDEK PAR\u00c7ALARI","og_description":"VOLVO BEKO LODER P\u0130STON SET\u0130 YEDEK PAR\u00c7ALARI a\u015fa\u011f\u0131daki VOLVO \u0130\u015f Makineleri BL60, BL60B, BL61, BL61 PLUS, BL61B, BL70, BL70B, BL71, BL71 PLUS, BL71B","og_url":"https:\/\/eyli.com.tr\/beko-loder-piston-set\/","og_site_name":"Eyli \u0130\u015f Makineleri","article_publisher":"https:\/\/www.facebook.com\/eylicomtr","article_modified_time":"2016-10-18T11:44:28+00:00","og_image":[{"url":"http:\/\/eyli.com.tr\/wp-content\/uploads\/2016\/05\/bekoloder-piston-set.png","type":"","width":"","height":""}],"twitter_card":"summary_large_image","twitter_misc":{"\u041f\u0440\u0438\u043c\u0435\u0440\u043d\u043e\u0435 \u0432\u0440\u0435\u043c\u044f \u0434\u043b\u044f \u0447\u0442\u0435\u043d\u0438\u044f":"1 \u043c\u0438\u043d\u0443\u0442\u0430"},"schema":{"@context":"https:\/\/schema.org","@graph":[{"@type":"WebPage","@id":"https:\/\/eyli.com.tr\/beko-loder-piston-set\/","url":"https:\/\/eyli.com.tr\/beko-loder-piston-set\/","name":"VOLVO BEKO LODER P\u0130STON SET\u0130 YEDEK PAR\u00c7ALARI","isPartOf":{"@id":"https:\/\/eyli.com.tr\/#website"},"primaryImageOfPage":{"@id":"https:\/\/eyli.com.tr\/beko-loder-piston-set\/#primaryimage"},"image":{"@id":"https:\/\/eyli.com.tr\/beko-loder-piston-set\/#primaryimage"},"thumbnailUrl":"http:\/\/eyli.com.tr\/wp-content\/uploads\/2016\/05\/bekoloder-piston-set.png","datePublished":"2016-05-03T10:47:39+00:00","dateModified":"2016-10-18T11:44:28+00:00","description":"VOLVO BEKO LODER P\u0130STON SET\u0130 YEDEK PAR\u00c7ALARI a\u015fa\u011f\u0131daki VOLVO \u0130\u015f Makineleri BL60, BL60B, BL61, BL61 PLUS, BL61B, BL70, BL70B, BL71, BL71 PLUS, BL71B","breadcrumb":{"@id":"https:\/\/eyli.com.tr\/beko-loder-piston-set\/#breadcrumb"},"inLanguage":"ru-RU","potentialAction":[{"@type":"ReadAction","target":["https:\/\/eyli.com.tr\/beko-loder-piston-set\/"]}]},{"@type":"ImageObject","inLanguage":"ru-RU","@id":"https:\/\/eyli.com.tr\/beko-loder-piston-set\/#primaryimage","url":"http:\/\/eyli.com.tr\/wp-content\/uploads\/2016\/05\/bekoloder-piston-set.png","contentUrl":"http:\/\/eyli.com.tr\/wp-content\/uploads\/2016\/05\/bekoloder-piston-set.png"},{"@type":"BreadcrumbList","@id":"https:\/\/eyli.com.tr\/beko-loder-piston-set\/#breadcrumb","itemListElement":[{"@type":"ListItem","position":1,"name":"Ana sayfa","item":"https:\/\/eyli.com.tr\/"},{"@type":"ListItem","position":2,"name":"Beko Loder Piston Set"}]},{"@type":"WebSite","@id":"https:\/\/eyli.com.tr\/#website","url":"https:\/\/eyli.com.tr\/","name":"Eyli \u0130\u015f Makineleri","description":"","publisher":{"@id":"https:\/\/eyli.com.tr\/#organization"},"potentialAction":[{"@type":"SearchAction","target":{"@type":"EntryPoint","urlTemplate":"https:\/\/eyli.com.tr\/?s={search_term_string}"},"query-input":{"@type":"PropertyValueSpecification","valueRequired":true,"valueName":"search_term_string"}}],"inLanguage":"ru-RU"},{"@type":"Organization","@id":"https:\/\/eyli.com.tr\/#organization","name":"Eyli \u0130\u015f Makineleri","url":"https:\/\/eyli.com.tr\/","logo":{"@type":"ImageObject","inLanguage":"ru-RU","@id":"https:\/\/eyli.com.tr\/#\/schema\/logo\/image\/","url":"https:\/\/eyli.com.tr\/wp-content\/uploads\/2020\/04\/WhatsApp-Image-2020-04-23-at-03.11.52-e1587829137284.jpeg","contentUrl":"https:\/\/eyli.com.tr\/wp-content\/uploads\/2020\/04\/WhatsApp-Image-2020-04-23-at-03.11.52-e1587829137284.jpeg","width":1600,"height":900,"caption":"Eyli \u0130\u015f Makineleri"},"image":{"@id":"https:\/\/eyli.com.tr\/#\/schema\/logo\/image\/"},"sameAs":["https:\/\/www.facebook.com\/eylicomtr"]}]}},"_links":{"self":[{"href":"https:\/\/eyli.com.tr\/ru\/wp-json\/wp\/v2\/pages\/375","targetHints":{"allow":["GET"]}}],"collection":[{"href":"https:\/\/eyli.com.tr\/ru\/wp-json\/wp\/v2\/pages"}],"about":[{"href":"https:\/\/eyli.com.tr\/ru\/wp-json\/wp\/v2\/types\/page"}],"author":[{"embeddable":true,"href":"https:\/\/eyli.com.tr\/ru\/wp-json\/wp\/v2\/users\/1"}],"replies":[{"embeddable":true,"href":"https:\/\/eyli.com.tr\/ru\/wp-json\/wp\/v2\/comments?post=375"}],"version-history":[{"count":5,"href":"https:\/\/eyli.com.tr\/ru\/wp-json\/wp\/v2\/pages\/375\/revisions"}],"predecessor-version":[{"id":1776,"href":"https:\/\/eyli.com.tr\/ru\/wp-json\/wp\/v2\/pages\/375\/revisions\/1776"}],"wp:attachment":[{"href":"https:\/\/eyli.com.tr\/ru\/wp-json\/wp\/v2\/media?parent=375"}],"curies":[{"name":"wp","href":"https:\/\/api.w.org\/{rel}","templated":true}]}}