{"id":323,"date":"2016-05-02T12:28:18","date_gmt":"2016-05-02T09:28:18","guid":{"rendered":"http:\/\/eyli.com.tr\/?page_id=323"},"modified":"2016-10-18T14:16:15","modified_gmt":"2016-10-18T11:16:15","slug":"beko-loder-motor","status":"publish","type":"page","link":"https:\/\/eyli.com.tr\/ru\/beko-loder-motor\/","title":{"rendered":"\u0414\u0432\u0438\u0433\u0430\u0442\u0435\u043b\u044c \u044d\u043a\u0441\u043a\u0430\u0432\u0430\u0442\u043e\u0440\u0430-\u043f\u043e\u0433\u0440\u0443\u0437\u0447\u0438\u043a\u0430"},"content":{"rendered":"<p><img loading=\"lazy\" decoding=\"async\" class=\"aligncenter wp-image-324 size-full\" src=\"http:\/\/eyli.com.tr\/wp-content\/uploads\/2016\/05\/beko-loder-motor.png\" alt=\"Volvo Beko Loder Motor Yedek Par\u00e7alar\u0131\" width=\"1513\" height=\"1066\" srcset=\"https:\/\/eyli.com.tr\/wp-content\/uploads\/2016\/05\/beko-loder-motor.png 1513w, https:\/\/eyli.com.tr\/wp-content\/uploads\/2016\/05\/beko-loder-motor-300x211.png 300w, https:\/\/eyli.com.tr\/wp-content\/uploads\/2016\/05\/beko-loder-motor-768x541.png 768w, https:\/\/eyli.com.tr\/wp-content\/uploads\/2016\/05\/beko-loder-motor-1024x721.png 1024w\" sizes=\"auto, (max-width: 1513px) 100vw, 1513px\" \/><\/p>\n<p>&nbsp;<\/p>\n<p><strong>\u0417\u0410\u041f\u0427\u0410\u0421\u0422\u0418 \u0414\u0412\u0418\u0413\u0410\u0422\u0415\u041b\u042f \u042d\u041a\u0421\u041a\u0410\u0412\u0410\u0422\u041e\u0420\u0410-\u041f\u041e\u0413\u0420\u0423\u0417\u0427\u0418\u041a\u0410 VOLVO<\/strong><\/p>\n<table class=\"table table-bordered\">\n<tbody>\n<tr>\n<td>\u041f\u043e\u0437\u0438\u0446\u0438\u044f<\/td>\n<td>\u041d\u043e\u043c\u0435\u0440 \u0434\u0435\u0442\u0430\u043b\u0438<\/td>\n<td>\u041d\u0430\u0438\u043c\u0435\u043d\u043e\u0432\u0430\u043d\u0438\u0435 \u0437\u0430\u043f\u0447\u0430\u0441\u0442\u0438<\/td>\n<\/tr>\n<tr>\n<td><\/td>\n<td>VOE15030544<\/td>\n<td>\u0414\u0432\u0438\u0433\u0430\u0442\u0435\u043b\u044c-Engine<\/td>\n<\/tr>\n<tr>\n<td>1<\/td>\n<td>21147059<\/td>\n<td>\u0413\u043e\u043b\u043e\u0432\u043a\u0430 \u0446\u0438\u043b\u0438\u043d\u0434\u0440\u0430-Cylinder head<\/td>\n<\/tr>\n<tr>\n<td>2<\/td>\n<td>20555442<\/td>\n<td>\u041a\u0440\u0438\u0432\u043e\u0448\u0438\u043f\u043d\u0430\u044f \u043a\u043e\u0440\u043e\u0431\u043a\u0430 -Crankcase<\/td>\n<\/tr>\n<tr>\n<td>3<\/td>\n<td>20930510<\/td>\n<td>\u0412\u0435\u043d\u0442\u0438\u043b\u044f\u0446\u0438\u044f \u043a\u0430\u0440\u0442\u0435\u0440\u0430 -Crankcase ventilation<\/td>\n<\/tr>\n<tr>\n<td>4<\/td>\n<td>20865990<\/td>\n<td>\u041f\u043e\u0440\u0448\u0435\u043d\u044c-Piston<\/td>\n<\/tr>\n<tr>\n<td>5<\/td>\n<td>21147012<\/td>\n<td>\u041a\u043b\u0430\u043f\u0430\u043d\u043d\u044b\u0439 \u043f\u0440\u0438\u0432\u043e\u0434 -Valve mechanism<\/td>\n<\/tr>\n<tr>\n<td>6<\/td>\n<td>21155415<\/td>\n<td>\u041a\u0440\u044b\u0448\u043a\u0430 \u0440\u0430\u0441\u043f\u0440\u0435\u0434\u0435\u043b\u0438\u0442\u0435\u043b\u044c\u043d\u044b\u0445 \u0448\u0435\u0441\u0442\u0435\u0440\u0435\u043d -Timing gear casing<\/td>\n<\/tr>\n<tr>\n<td>7<\/td>\n<td>20900811<\/td>\n<td>\u041a\u043e\u043b\u0435\u043d\u0447\u0430\u0442\u044b\u0439 \u0432\u0430\u043b -Crankshaft<\/td>\n<\/tr>\n<tr>\n<td>8<\/td>\n<td>21044436<\/td>\n<td>\u041a\u0430\u0440\u0442\u0435\u0440 \u043c\u0430\u0445\u043e\u0432\u0438\u043a\u0430 -Flywheel Hsg<\/td>\n<\/tr>\n<tr>\n<td>9<\/td>\n<td>21099766<\/td>\n<td>\u041f\u043e\u0434\u0434\u043e\u043d \u043a\u0430\u0440\u0442\u0435\u0440\u0430-Oil sump<\/td>\n<\/tr>\n<tr>\n<td>10<\/td>\n<td>20882047<\/td>\n<td>\u0421\u0438\u0441\u0442\u0435\u043c\u0430 \u0441\u043c\u0430\u0437\u043a\u0438 -Lubricating system<\/td>\n<\/tr>\n<tr>\n<td>11<\/td>\n<td>3831236<\/td>\n<td>\u041c\u0430\u0441\u043b\u044f\u043d\u044b\u0439 \u0444\u0438\u043b\u044c\u0442\u0440-Oil filter<\/td>\n<\/tr>\n<tr>\n<td>12<\/td>\n<td>20715675<\/td>\n<td>\u041c\u0430\u0441\u043b\u044f\u043d\u044b\u0439 \u0440\u0430\u0434\u0438\u0430\u0442\u043e\u0440 -Oil cooler<\/td>\n<\/tr>\n<tr>\n<td>13<\/td>\n<td>20524154<\/td>\n<td>\u041d\u0430\u0441\u043e\u0441 \u043f\u043e\u0434\u0430\u0447\u0438 \u0433\u043e\u0440\u044e\u0447\u0435\u0433\u043e -Fuel pump<\/td>\n<\/tr>\n<tr>\n<td>14<\/td>\n<td>11706667<\/td>\n<td>\u0422\u043e\u043f\u043b\u0438\u0432\u043d\u044b\u0439 \u0444\u0438\u043b\u044c\u0442\u0440 -Fuel Filter<\/td>\n<\/tr>\n<tr>\n<td>15<\/td>\n<td>20550001<\/td>\n<td>\u041d\u0430\u0441\u043e\u0441 \u0440\u0430\u0441\u043f\u044b\u043b\u0438\u0442\u0435\u043b\u044f-Injcection pump<\/td>\n<\/tr>\n<tr>\n<td>16<\/td>\n<td>21178557<\/td>\n<td>\u041d\u0430\u0441\u043e\u0441 \u043f\u043e\u0434\u0430\u0447\u0438 \u0433\u043e\u0440\u044e\u0447\u0435\u0433\u043e-Regulator<\/td>\n<\/tr>\n<tr>\n<td>17<\/td>\n<td>21147288<\/td>\n<td>\u0420\u0430\u0441\u043f\u044b\u043b\u0438\u0442\u0435\u043b\u044c-Injector<\/td>\n<\/tr>\n<tr>\n<td>18<\/td>\n<td>21154932<\/td>\n<td>\u0412\u0441\u0430\u0441\u044b\u0432\u0430\u044e\u0449\u0438\u0439 \u043a\u043e\u043b\u043b\u0435\u043a\u0442\u043e\u0440 -Inlet Manifold<\/td>\n<\/tr>\n<tr>\n<td>19<\/td>\n<td>21153431<\/td>\n<td>\u0412\u044b\u0445\u043b\u043e\u043f\u043d\u0430\u044f \u0442\u0440\u0443\u0431\u0430 -Exhaust pipe<\/td>\n<\/tr>\n<tr>\n<td>20<\/td>\n<td>21236950<\/td>\n<td>\u0422\u0443\u0440\u0431\u043e\u043d\u0430\u0433\u043d\u0435\u0442\u0430\u0442\u0435\u043b\u044c -Turbocharger<\/td>\n<\/tr>\n<tr>\n<td>21<\/td>\n<td>21083292<\/td>\n<td>\u041e\u0445\u043b\u0430\u0434\u0438\u0442\u0435\u043b\u044c\u043d\u044b\u0439 \u043d\u0430\u0441\u043e\u0441 -Coolant Pump<\/td>\n<\/tr>\n<tr>\n<td>22<\/td>\n<td>21259870<\/td>\n<td>\u0420\u0435\u043c\u0435\u043d\u044c-Belt Xmsn<\/td>\n<\/tr>\n<tr>\n<td>23<\/td>\n<td>20460335<\/td>\n<td>\u042d\u043b\u0435\u043a\u0442\u0440\u043e\u043c\u0430\u0433\u043d\u0438\u0442\u043d\u044b\u0439 \u043a\u043b\u0430\u043f\u0430\u043d -Stop solenoid<\/td>\n<\/tr>\n<tr>\n<td>24<\/td>\n<td>20509446<\/td>\n<td>\u0413\u0435\u043d\u0435\u0440\u0430\u0442\u043e\u0440 \u043f\u0435\u0440\u0435\u043c\u0435\u043d\u043d\u043e\u0433\u043e \u0442\u043e\u043a\u0430 -Alternator<\/td>\n<\/tr>\n<tr>\n<td>25<\/td>\n<td>20405828<\/td>\n<td>\u0421\u0442\u0430\u0440\u0442\u0435\u0440\u043d\u044b\u0439 \u0434\u0432\u0438\u0433\u0430\u0442\u0435\u043b\u044c -Starter motor<\/td>\n<\/tr>\n<\/tbody>\n<\/table>\n<p>\u0417\u0430\u043f\u0447\u0430\u0441\u0442\u0438 \u0434\u0432\u0438\u0433\u0430\u0442\u0435\u043b\u044f \u044d\u043a\u0441\u043a\u0430\u0432\u0430\u0442\u043e\u0440\u0430-\u043f\u043e\u0433\u0440\u0443\u0437\u0447\u0438\u043a\u0430 VOLVO<\/p>\n<p>\u043e\u0442\u043d\u043e\u0441\u044f\u0442\u0441\u044f \u043a \u0443\u043a\u0430\u0437\u0430\u043d\u043d\u044b\u043c \u043d\u0438\u0436\u0435 \u043c\u043e\u0434\u0435\u043b\u044f\u043c <strong>\u0441\u0442\u0440\u043e\u0438\u0442\u0435\u043b\u044c\u043d\u043e\u0439 \u0442\u0435\u0445\u043d\u0438\u043a\u0438<\/strong><strong> VOLVO<\/strong>:<\/p>\n<p class=\"p1\">BL60, BL60B, BL61, BL61 PLUS, BL61B, BL70, BL70B, BL71, BL71 PLUS, BL71B<\/p>\n<p><\/p>","protected":false},"excerpt":{"rendered":"<p>&nbsp; \u0417\u0410\u041f\u0427\u0410\u0421\u0422\u0418 \u0414\u0412\u0418\u0413\u0410\u0422\u0415\u041b\u042f \u042d\u041a\u0421\u041a\u0410\u0412\u0410\u0422\u041e\u0420\u0410-\u041f\u041e\u0413\u0420\u0423\u0417\u0427\u0418\u041a\u0410 VOLVO \u041f\u043e\u0437\u0438\u0446\u0438\u044f \u041d\u043e\u043c\u0435\u0440 \u0434\u0435\u0442\u0430\u043b\u0438 \u041d\u0430\u0438\u043c\u0435\u043d\u043e\u0432\u0430\u043d\u0438\u0435 \u0437\u0430\u043f\u0447\u0430\u0441\u0442\u0438 VOE15030544 \u0414\u0432\u0438\u0433\u0430\u0442\u0435\u043b\u044c-Engine 1 21147059 \u0413\u043e\u043b\u043e\u0432\u043a\u0430 \u0446\u0438\u043b\u0438\u043d\u0434\u0440\u0430-Cylinder head 2 20555442 \u041a\u0440\u0438\u0432\u043e\u0448\u0438\u043f\u043d\u0430\u044f \u043a\u043e\u0440\u043e\u0431\u043a\u0430 -Crankcase 3 20930510 \u0412\u0435\u043d\u0442\u0438\u043b\u044f\u0446\u0438\u044f \u043a\u0430\u0440\u0442\u0435\u0440\u0430 -Crankcase ventilation 4 20865990 \u041f\u043e\u0440\u0448\u0435\u043d\u044c-Piston 5 21147012 \u041a\u043b\u0430\u043f\u0430\u043d\u043d\u044b\u0439 \u043f\u0440\u0438\u0432\u043e\u0434 -Valve mechanism 6 21155415 \u041a\u0440\u044b\u0448\u043a\u0430 \u0440\u0430\u0441\u043f\u0440\u0435\u0434\u0435\u043b\u0438\u0442\u0435\u043b\u044c\u043d\u044b\u0445 \u0448\u0435\u0441\u0442\u0435\u0440\u0435\u043d -Timing gear casing 7 20900811 \u041a\u043e\u043b\u0435\u043d\u0447\u0430\u0442\u044b\u0439 \u0432\u0430\u043b -Crankshaft 8 21044436 \u041a\u0430\u0440\u0442\u0435\u0440 \u043c\u0430\u0445\u043e\u0432\u0438\u043a\u0430 -Flywheel [&hellip;]<\/p>\n","protected":false},"author":1,"featured_media":0,"parent":0,"menu_order":0,"comment_status":"closed","ping_status":"closed","template":"page-fullwidth.php","meta":{"footnotes":""},"class_list":["post-323","page","type-page","status-publish","hentry"],"yoast_head":"<!-- This site is optimized with the Yoast SEO plugin v26.8 - https:\/\/yoast.com\/product\/yoast-seo-wordpress\/ -->\n<title>Volvo Beko Loder Motor Yedek Par\u00e7alar\u0131<\/title>\n<meta name=\"description\" content=\"VOLVO BEKO LODER MOTOR YEDEK PAR\u00c7ALARI a\u015fa\u011f\u0131daki VOLVO \u0130\u015f Makineleri Modelleri BL60, BL60B, BL61, BL61 PLUS, BL61B, BL70, BL70B, BL71, BL71 PLUS, BL71B\" \/>\n<meta name=\"robots\" content=\"index, follow, max-snippet:-1, max-image-preview:large, max-video-preview:-1\" \/>\n<link rel=\"canonical\" href=\"https:\/\/eyli.com.tr\/beko-loder-motor\/\" \/>\n<meta property=\"og:locale\" content=\"ru_RU\" \/>\n<meta property=\"og:type\" content=\"article\" \/>\n<meta property=\"og:title\" content=\"Volvo Beko Loder Motor Yedek Par\u00e7alar\u0131\" \/>\n<meta property=\"og:description\" content=\"VOLVO BEKO LODER MOTOR YEDEK PAR\u00c7ALARI a\u015fa\u011f\u0131daki VOLVO \u0130\u015f Makineleri Modelleri BL60, BL60B, BL61, BL61 PLUS, BL61B, BL70, BL70B, BL71, BL71 PLUS, BL71B\" \/>\n<meta property=\"og:url\" content=\"https:\/\/eyli.com.tr\/beko-loder-motor\/\" \/>\n<meta property=\"og:site_name\" content=\"Eyli \u0130\u015f Makineleri\" \/>\n<meta property=\"article:publisher\" content=\"https:\/\/www.facebook.com\/eylicomtr\" \/>\n<meta property=\"article:modified_time\" content=\"2016-10-18T11:16:15+00:00\" \/>\n<meta property=\"og:image\" content=\"http:\/\/eyli.com.tr\/wp-content\/uploads\/2016\/05\/beko-loder-motor.png\" \/>\n<meta name=\"twitter:card\" content=\"summary_large_image\" \/>\n<meta name=\"twitter:label1\" content=\"\u041f\u0440\u0438\u043c\u0435\u0440\u043d\u043e\u0435 \u0432\u0440\u0435\u043c\u044f \u0434\u043b\u044f \u0447\u0442\u0435\u043d\u0438\u044f\" \/>\n\t<meta name=\"twitter:data1\" content=\"1 \u043c\u0438\u043d\u0443\u0442\u0430\" \/>\n<script type=\"application\/ld+json\" class=\"yoast-schema-graph\">{\"@context\":\"https:\/\/schema.org\",\"@graph\":[{\"@type\":\"WebPage\",\"@id\":\"https:\/\/eyli.com.tr\/beko-loder-motor\/\",\"url\":\"https:\/\/eyli.com.tr\/beko-loder-motor\/\",\"name\":\"Volvo Beko Loder Motor Yedek Par\u00e7alar\u0131\",\"isPartOf\":{\"@id\":\"https:\/\/eyli.com.tr\/#website\"},\"primaryImageOfPage\":{\"@id\":\"https:\/\/eyli.com.tr\/beko-loder-motor\/#primaryimage\"},\"image\":{\"@id\":\"https:\/\/eyli.com.tr\/beko-loder-motor\/#primaryimage\"},\"thumbnailUrl\":\"http:\/\/eyli.com.tr\/wp-content\/uploads\/2016\/05\/beko-loder-motor.png\",\"datePublished\":\"2016-05-02T09:28:18+00:00\",\"dateModified\":\"2016-10-18T11:16:15+00:00\",\"description\":\"VOLVO BEKO LODER MOTOR YEDEK PAR\u00c7ALARI a\u015fa\u011f\u0131daki VOLVO \u0130\u015f Makineleri Modelleri BL60, BL60B, BL61, BL61 PLUS, BL61B, BL70, BL70B, BL71, BL71 PLUS, BL71B\",\"breadcrumb\":{\"@id\":\"https:\/\/eyli.com.tr\/beko-loder-motor\/#breadcrumb\"},\"inLanguage\":\"ru-RU\",\"potentialAction\":[{\"@type\":\"ReadAction\",\"target\":[\"https:\/\/eyli.com.tr\/beko-loder-motor\/\"]}]},{\"@type\":\"ImageObject\",\"inLanguage\":\"ru-RU\",\"@id\":\"https:\/\/eyli.com.tr\/beko-loder-motor\/#primaryimage\",\"url\":\"http:\/\/eyli.com.tr\/wp-content\/uploads\/2016\/05\/beko-loder-motor.png\",\"contentUrl\":\"http:\/\/eyli.com.tr\/wp-content\/uploads\/2016\/05\/beko-loder-motor.png\"},{\"@type\":\"BreadcrumbList\",\"@id\":\"https:\/\/eyli.com.tr\/beko-loder-motor\/#breadcrumb\",\"itemListElement\":[{\"@type\":\"ListItem\",\"position\":1,\"name\":\"Ana sayfa\",\"item\":\"https:\/\/eyli.com.tr\/\"},{\"@type\":\"ListItem\",\"position\":2,\"name\":\"Beko Loder Motor\"}]},{\"@type\":\"WebSite\",\"@id\":\"https:\/\/eyli.com.tr\/#website\",\"url\":\"https:\/\/eyli.com.tr\/\",\"name\":\"Eyli \u0130\u015f Makineleri\",\"description\":\"\",\"publisher\":{\"@id\":\"https:\/\/eyli.com.tr\/#organization\"},\"potentialAction\":[{\"@type\":\"SearchAction\",\"target\":{\"@type\":\"EntryPoint\",\"urlTemplate\":\"https:\/\/eyli.com.tr\/?s={search_term_string}\"},\"query-input\":{\"@type\":\"PropertyValueSpecification\",\"valueRequired\":true,\"valueName\":\"search_term_string\"}}],\"inLanguage\":\"ru-RU\"},{\"@type\":\"Organization\",\"@id\":\"https:\/\/eyli.com.tr\/#organization\",\"name\":\"Eyli \u0130\u015f Makineleri\",\"url\":\"https:\/\/eyli.com.tr\/\",\"logo\":{\"@type\":\"ImageObject\",\"inLanguage\":\"ru-RU\",\"@id\":\"https:\/\/eyli.com.tr\/#\/schema\/logo\/image\/\",\"url\":\"https:\/\/eyli.com.tr\/wp-content\/uploads\/2020\/04\/WhatsApp-Image-2020-04-23-at-03.11.52-e1587829137284.jpeg\",\"contentUrl\":\"https:\/\/eyli.com.tr\/wp-content\/uploads\/2020\/04\/WhatsApp-Image-2020-04-23-at-03.11.52-e1587829137284.jpeg\",\"width\":1600,\"height\":900,\"caption\":\"Eyli \u0130\u015f Makineleri\"},\"image\":{\"@id\":\"https:\/\/eyli.com.tr\/#\/schema\/logo\/image\/\"},\"sameAs\":[\"https:\/\/www.facebook.com\/eylicomtr\"]}]}<\/script>\n<!-- \/ Yoast SEO plugin. -->","yoast_head_json":{"title":"Volvo Beko Loder Motor Yedek Par\u00e7alar\u0131","description":"VOLVO BEKO LODER MOTOR YEDEK PAR\u00c7ALARI a\u015fa\u011f\u0131daki VOLVO \u0130\u015f Makineleri Modelleri BL60, BL60B, BL61, BL61 PLUS, BL61B, BL70, BL70B, BL71, BL71 PLUS, BL71B","robots":{"index":"index","follow":"follow","max-snippet":"max-snippet:-1","max-image-preview":"max-image-preview:large","max-video-preview":"max-video-preview:-1"},"canonical":"https:\/\/eyli.com.tr\/beko-loder-motor\/","og_locale":"ru_RU","og_type":"article","og_title":"Volvo Beko Loder Motor Yedek Par\u00e7alar\u0131","og_description":"VOLVO BEKO LODER MOTOR YEDEK PAR\u00c7ALARI a\u015fa\u011f\u0131daki VOLVO \u0130\u015f Makineleri Modelleri BL60, BL60B, BL61, BL61 PLUS, BL61B, BL70, BL70B, BL71, BL71 PLUS, BL71B","og_url":"https:\/\/eyli.com.tr\/beko-loder-motor\/","og_site_name":"Eyli \u0130\u015f Makineleri","article_publisher":"https:\/\/www.facebook.com\/eylicomtr","article_modified_time":"2016-10-18T11:16:15+00:00","og_image":[{"url":"http:\/\/eyli.com.tr\/wp-content\/uploads\/2016\/05\/beko-loder-motor.png","type":"","width":"","height":""}],"twitter_card":"summary_large_image","twitter_misc":{"\u041f\u0440\u0438\u043c\u0435\u0440\u043d\u043e\u0435 \u0432\u0440\u0435\u043c\u044f \u0434\u043b\u044f \u0447\u0442\u0435\u043d\u0438\u044f":"1 \u043c\u0438\u043d\u0443\u0442\u0430"},"schema":{"@context":"https:\/\/schema.org","@graph":[{"@type":"WebPage","@id":"https:\/\/eyli.com.tr\/beko-loder-motor\/","url":"https:\/\/eyli.com.tr\/beko-loder-motor\/","name":"Volvo Beko Loder Motor Yedek Par\u00e7alar\u0131","isPartOf":{"@id":"https:\/\/eyli.com.tr\/#website"},"primaryImageOfPage":{"@id":"https:\/\/eyli.com.tr\/beko-loder-motor\/#primaryimage"},"image":{"@id":"https:\/\/eyli.com.tr\/beko-loder-motor\/#primaryimage"},"thumbnailUrl":"http:\/\/eyli.com.tr\/wp-content\/uploads\/2016\/05\/beko-loder-motor.png","datePublished":"2016-05-02T09:28:18+00:00","dateModified":"2016-10-18T11:16:15+00:00","description":"VOLVO BEKO LODER MOTOR YEDEK PAR\u00c7ALARI a\u015fa\u011f\u0131daki VOLVO \u0130\u015f Makineleri Modelleri BL60, BL60B, BL61, BL61 PLUS, BL61B, BL70, BL70B, BL71, BL71 PLUS, BL71B","breadcrumb":{"@id":"https:\/\/eyli.com.tr\/beko-loder-motor\/#breadcrumb"},"inLanguage":"ru-RU","potentialAction":[{"@type":"ReadAction","target":["https:\/\/eyli.com.tr\/beko-loder-motor\/"]}]},{"@type":"ImageObject","inLanguage":"ru-RU","@id":"https:\/\/eyli.com.tr\/beko-loder-motor\/#primaryimage","url":"http:\/\/eyli.com.tr\/wp-content\/uploads\/2016\/05\/beko-loder-motor.png","contentUrl":"http:\/\/eyli.com.tr\/wp-content\/uploads\/2016\/05\/beko-loder-motor.png"},{"@type":"BreadcrumbList","@id":"https:\/\/eyli.com.tr\/beko-loder-motor\/#breadcrumb","itemListElement":[{"@type":"ListItem","position":1,"name":"Ana sayfa","item":"https:\/\/eyli.com.tr\/"},{"@type":"ListItem","position":2,"name":"Beko Loder Motor"}]},{"@type":"WebSite","@id":"https:\/\/eyli.com.tr\/#website","url":"https:\/\/eyli.com.tr\/","name":"Eyli \u0130\u015f Makineleri","description":"","publisher":{"@id":"https:\/\/eyli.com.tr\/#organization"},"potentialAction":[{"@type":"SearchAction","target":{"@type":"EntryPoint","urlTemplate":"https:\/\/eyli.com.tr\/?s={search_term_string}"},"query-input":{"@type":"PropertyValueSpecification","valueRequired":true,"valueName":"search_term_string"}}],"inLanguage":"ru-RU"},{"@type":"Organization","@id":"https:\/\/eyli.com.tr\/#organization","name":"Eyli \u0130\u015f Makineleri","url":"https:\/\/eyli.com.tr\/","logo":{"@type":"ImageObject","inLanguage":"ru-RU","@id":"https:\/\/eyli.com.tr\/#\/schema\/logo\/image\/","url":"https:\/\/eyli.com.tr\/wp-content\/uploads\/2020\/04\/WhatsApp-Image-2020-04-23-at-03.11.52-e1587829137284.jpeg","contentUrl":"https:\/\/eyli.com.tr\/wp-content\/uploads\/2020\/04\/WhatsApp-Image-2020-04-23-at-03.11.52-e1587829137284.jpeg","width":1600,"height":900,"caption":"Eyli \u0130\u015f Makineleri"},"image":{"@id":"https:\/\/eyli.com.tr\/#\/schema\/logo\/image\/"},"sameAs":["https:\/\/www.facebook.com\/eylicomtr"]}]}},"_links":{"self":[{"href":"https:\/\/eyli.com.tr\/ru\/wp-json\/wp\/v2\/pages\/323","targetHints":{"allow":["GET"]}}],"collection":[{"href":"https:\/\/eyli.com.tr\/ru\/wp-json\/wp\/v2\/pages"}],"about":[{"href":"https:\/\/eyli.com.tr\/ru\/wp-json\/wp\/v2\/types\/page"}],"author":[{"embeddable":true,"href":"https:\/\/eyli.com.tr\/ru\/wp-json\/wp\/v2\/users\/1"}],"replies":[{"embeddable":true,"href":"https:\/\/eyli.com.tr\/ru\/wp-json\/wp\/v2\/comments?post=323"}],"version-history":[{"count":12,"href":"https:\/\/eyli.com.tr\/ru\/wp-json\/wp\/v2\/pages\/323\/revisions"}],"predecessor-version":[{"id":1773,"href":"https:\/\/eyli.com.tr\/ru\/wp-json\/wp\/v2\/pages\/323\/revisions\/1773"}],"wp:attachment":[{"href":"https:\/\/eyli.com.tr\/ru\/wp-json\/wp\/v2\/media?parent=323"}],"curies":[{"name":"wp","href":"https:\/\/api.w.org\/{rel}","templated":true}]}}