{"id":252,"date":"2016-04-23T11:05:21","date_gmt":"2016-04-23T08:05:21","guid":{"rendered":"http:\/\/localhost:85\/sinyol\/?page_id=252"},"modified":"2021-06-17T23:03:00","modified_gmt":"2021-06-17T20:03:00","slug":"yedek-parca","status":"publish","type":"page","link":"https:\/\/eyli.com.tr\/ru\/yedek-parca\/","title":{"rendered":"\u0417\u0430\u043f\u0430\u0441\u043d\u044b\u0435 \u0447\u0430\u0441\u0442\u0438"},"content":{"rendered":"<p><\/p>\n<div class=\"row\">\n<div class=\"col-md-2 col-md-offset-1\">\n<table class=\"table table-bordered\">\n<tbody>\n<tr>\n<td>\n<h2 style=\"text-align: center;\"><a href=\"http:\/\/eyli.com.tr\/volvo-beko-loder\/\">Backhoe Loader<\/a><\/h2>\n<\/td>\n<\/tr>\n<tr>\n<td>\n<ul>\n<li><a href=\"http:\/\/eyli.com.tr\/beko-loder-motor\/\">Engine<\/a><\/li>\n<li><a href=\"http:\/\/eyli.com.tr\/beko-loder-silindir-kapak\/\">Cylinder Head<\/a><\/li>\n<li><a href=\"http:\/\/eyli.com.tr\/beko-loder-silindir-blok\/\">Cylinder Block<\/a><\/li>\n<li><a href=\"http:\/\/eyli.com.tr\/beko-loder-piston-set\/\">Piston set<\/a><\/li>\n<li><a href=\"http:\/\/eyli.com.tr\/beko-loder-motor-yag-sogutucusu\/\">Engine Oil Cooler<\/a><\/li>\n<li><a href=\"http:\/\/eyli.com.tr\/beko-loder-mazot-otomatik\/\">Diesel Hand Primer<\/a><\/li>\n<li><a href=\"http:\/\/eyli.com.tr\/beko-loder-mazot-samandira\/\">Fuel Gauge Sender Unit<\/a><\/li>\n<li><a href=\"http:\/\/eyli.com.tr\/beko-loder-enjektor-pompasi\/\">Injector Pump<\/a><\/li>\n<li><a href=\"http:\/\/eyli.com.tr\/beko-loder-mazot-pompasi\/\">Diesel Fuel Pump<\/a><\/li>\n<li><a href=\"http:\/\/eyli.com.tr\/beko-loder-enjektor-pompasi-2\/\">Injector Pump<\/a><\/li>\n<li><a href=\"http:\/\/eyli.com.tr\/beko-loder-turbo\/\">Turbo<\/a><\/li>\n<li><a href=\"http:\/\/eyli.com.tr\/beko-loder-radyator\/\">Radiator<\/a><\/li>\n<li><a href=\"http:\/\/eyli.com.tr\/beko-loder-su-pompasi\/\">Water Pump<\/a><\/li>\n<li><a href=\"http:\/\/eyli.com.tr\/beko-loder-motor-kayis\/\">Engine Belt<\/a><\/li>\n<li><a href=\"http:\/\/eyli.com.tr\/beko-loder-termostat\/\">Thermostat<\/a><\/li>\n<li><a href=\"http:\/\/eyli.com.tr\/beko-loder-motor-stop-selenoid\/\">Engine Stop Selenoid<\/a><\/li>\n<li><a href=\"http:\/\/eyli.com.tr\/beko-loder-lamba\/\">Lamps<\/a><\/li>\n<li><a href=\"http:\/\/eyli.com.tr\/beko-loder-beyin\/\">Electronic Control Unit<\/a><\/li>\n<li><a href=\"http:\/\/eyli.com.tr\/beko-loder-saft\/\">Shaft<\/a><\/li>\n<li><a href=\"http:\/\/eyli.com.tr\/beko-loder-on-aks\/\">Front Axle<\/a><\/li>\n<li><a href=\"http:\/\/eyli.com.tr\/beko-loder-arka-aks\/\">Rear Axle<\/a><\/li>\n<li><a href=\"http:\/\/eyli.com.tr\/beko-loder-ayna-maruti\/\">Final Drive<\/a><\/li>\n<li><a href=\"http:\/\/eyli.com.tr\/beko-loder-aks\/\">Axle<\/a><\/li>\n<li><a href=\"http:\/\/eyli.com.tr\/beko-loder-cer\/\">Cer<\/a><\/li>\n<li><a href=\"http:\/\/eyli.com.tr\/beko-loder-rot-kolu\/\">Track Rod<\/a><\/li>\n<li><a href=\"http:\/\/eyli.com.tr\/beko-loder-jant\/\">Rim<\/a><\/li>\n<li><a href=\"http:\/\/eyli.com.tr\/beko-loder-kabin-takoz\/\">Cab Tilt Stopper<\/a><\/li>\n<li><a href=\"http:\/\/eyli.com.tr\/beko-loder-on-cam\/\">Windshield<\/a><\/li>\n<li><a href=\"http:\/\/eyli.com.tr\/beko-loder-hidrolik-pompa\/\">Hydraulic Pump<\/a><\/li>\n<li><a href=\"http:\/\/eyli.com.tr\/beko-loder-valf-kit\/\">Valve kit<\/a><\/li>\n<li><a href=\"http:\/\/eyli.com.tr\/beko-loder-hidrolik-silindir\/\">Hydraulic Cylinder<\/a><\/li>\n<li><a href=\"http:\/\/eyli.com.tr\/beko-loder-kece-takimi\/\">Sealing Ring Set<\/a><\/li>\n<li><a href=\"http:\/\/eyli.com.tr\/beko-loder-donus-braket\/\">Turning Bracket<\/a><\/li>\n<li><a href=\"http:\/\/eyli.com.tr\/beko-loder-bom-silindir-kece-takimi\/\">Boom Cylinder Seal Ring Set<\/a><\/li>\n<li><a href=\"http:\/\/eyli.com.tr\/beko-loder-arm-silindir-kece-takimi\/\">Arm Cylinder Seal Set<\/a><\/li>\n<li><a href=\"http:\/\/eyli.com.tr\/beko-loder-donus-silindir-kece-takimi\/\">Turning Cylinder Seal Set<\/a><\/li>\n<\/ul>\n<p>&nbsp;<\/p>\n<ul>\n<li><a href=\"http:\/\/eyli.com.tr\/volvo-beko-loder-bl60-bl60b-yedek-parca\/\">BL60<\/a><\/li>\n<li><a href=\"http:\/\/eyli.com.tr\/volvo-beko-loder-bl60-bl60b-yedek-parca\/\">BL60B<\/a><\/li>\n<li><a href=\"http:\/\/eyli.com.tr\/volvo-beko-loder-bl61-bl61b-bl61-plus\/\">BL61<\/a><\/li>\n<li><a href=\"http:\/\/eyli.com.tr\/volvo-beko-loder-bl61-bl61b-bl61-plus\/\">BL61 PLUS<\/a><\/li>\n<li><a href=\"http:\/\/eyli.com.tr\/volvo-beko-loder-bl61-bl61b-bl61-plus\/\">BL61B<\/a><\/li>\n<li><a href=\"http:\/\/eyli.com.tr\/volvo-beko-loder-bl70-bl70b-yedek-parca\/\">BL70<\/a><\/li>\n<li><a href=\"http:\/\/eyli.com.tr\/volvo-beko-loder-bl70-bl70b-yedek-parca\/\">BL70B<\/a><\/li>\n<li><a href=\"http:\/\/eyli.com.tr\/volvo-beko-loder-bl71-bl71-plus-bl71b-yedek-parca\/\">BL71<\/a><\/li>\n<li><a href=\"http:\/\/eyli.com.tr\/volvo-beko-loder-bl71-bl71-plus-bl71b-yedek-parca\/\">BL71 PLUS<\/a><\/li>\n<li><a href=\"http:\/\/eyli.com.tr\/volvo-beko-loder-bl71-bl71-plus-bl71b-yedek-parca\/\">BL71B<\/a><\/li>\n<\/ul>\n<\/td>\n<\/tr>\n<\/tbody>\n<\/table>\n<\/div>\n<div class=\"col-md-2\"><\/div>\n<div class=\"col-md-2\"><\/div>\n<div class=\"col-md-2\"><\/div>\n<\/div>\n<p>&nbsp;<\/p>\n<p><strong>\u0417\u0430\u043f\u0447\u0430\u0441\u0442\u0438 \u0441\u0442\u0440\u043e\u0438\u0442\u0435\u043b\u044c\u043d\u044b\u0445 \u043c\u0430\u0448\u0438\u043d Volvo<\/strong><\/p>\n<p>\u041a\u043e\u043c\u043f\u0430\u043d\u0438\u044f \u00ab\u0421\u0442\u0440\u043e\u0438\u0442\u0435\u043b\u044c\u043d\u044b\u0435 \u043c\u0430\u0448\u0438\u043d\u044b, \u0437\u0430\u043f\u0430\u0441\u043d\u044b\u0435 \u0447\u0430\u0441\u0442\u0438 \u0438 \u043e\u0431\u043e\u0440\u0443\u0434\u043e\u0432\u0430\u043d\u0438\u0435 \u042d\u0439\u043b\u0438\u00bb \u0437\u0430\u043d\u0438\u043c\u0430\u0435\u0442\u0441\u044f \u0442\u043e\u0440\u0433\u043e\u0432\u043b\u0435\u0439 \u043e\u0440\u0438\u0433\u0438\u043d\u0430\u043b\u044c\u043d\u044b\u0445 \u043d\u043e\u0432\u044b\u0445 \u0438 <u>\u043f\u043e\u0434\u0434\u0435\u0440\u0436\u0430\u043d\u043d\u044b\u0445<\/u> (\u0431\u044b\u0432\u0448\u0438\u0445 \u0432 \u044d\u043a\u0441\u043f\u043b\u0443\u0430\u0442\u0430\u0446\u0438\u0438<u>)<\/u> \u0437\u0430\u043f\u0430\u0441\u043d\u044b\u0445 \u0447\u0430\u0441\u0442\u0435\u0439 Volvo \u0434\u043b\u044f \u0446\u0435\u043b\u043e\u0433\u043e \u0441\u043f\u0435\u043a\u0442\u0440\u0430 <strong><em>\u043c\u043e\u0434\u0435\u043b\u0435\u0439 \u0441\u0442\u0440\u043e\u0438\u0442\u0435\u043b\u044c\u043d\u044b\u0445 \u043c\u0430\u0448\u0438\u043d<\/em><\/strong> <em><strong>Volvo<\/strong><\/em><em><strong>. <\/strong><\/em><em>\u041a\u0440\u043e\u043c\u0435 \u0442\u043e\u0433\u043e, \u0431\u043b\u0430\u0433\u043e\u0434\u0430\u0440\u044f \u043f\u0430\u0440\u0442\u043d\u0435\u0440\u0441\u043a\u0438\u043c \u0441\u0432\u044f\u0437\u044f\u043c, \u043c\u044b \u0438\u043c\u0435\u0435\u043c \u0432\u043e\u0437\u043c\u043e\u0436\u043d\u043e\u0441\u0442\u044c \u043f\u043e\u043b\u0443\u0447\u0435\u043d\u0438\u044f \u0434\u043e\u0441\u0442\u0443\u043f\u0430 \u043a \u0438\u043c\u0435\u044e\u0449\u0435\u043c\u0443\u0441\u044f \u0443 \u043d\u0430\u0441 \u0432 \u043d\u0430\u043b\u0438\u0447\u0438\u0438 \u0431\u043e\u043b\u044c\u0448\u043e\u043c\u0443 \u043a\u043e\u043b\u0438\u0447\u0435\u0441\u0442\u0432\u0443 \u043d\u043e\u0432\u044b\u0445 \u0438 \u043f\u043e\u0434\u0434\u0435\u0440\u0436\u0430\u043d\u043d\u044b\u0445 \u0437\u0430\u043f\u0430\u0441\u043d\u044b\u0445 \u0447\u0430\u0441\u0442\u0435\u0439 \u0434\u043b\u044f \u0441\u0442\u0440\u043e\u0438\u0442\u0435\u043b\u044c\u043d\u044b\u0445 \u043c\u0430\u0448\u0438\u043d <\/em>Volvo.<\/p>\n<p>\u0421 \u043f\u043e\u0441\u043b\u0435\u0434\u043d\u0438\u043c \u043f\u043e\u0441\u0442\u0443\u043f\u043b\u0435\u043d\u0438\u0435\u043c \u043f\u043e\u043b\u0443\u0447\u0435\u043d\u043d\u044b\u0445 \u043d\u043e\u0432\u044b\u0445 \u0438 \u043f\u043e\u0434\u0435\u0440\u0436\u0430\u043d\u043d\u044b\u0445 \u0437\u0430\u043f\u0430\u0441\u043d\u044b\u0445 \u0447\u0430\u0441\u0442\u0435\u0439 \u0434\u043b\u044f \u0441\u0442\u0440\u043e\u0438\u0442\u0435\u043b\u044c\u043d\u044b\u0445 \u043c\u0430\u0448\u0438\u043d Volvo \u043c\u043e\u0436\u043d\u043e \u043e\u0437\u043d\u0430\u043a\u043e\u043c\u0438\u0442\u0441\u044f, \u043e\u0431\u0440\u0430\u0442\u0438\u0432\u0448\u0438\u0441\u044c \u043a \u043d\u0430\u043c, \u0430 \u0442\u0430\u043a\u0436\u0435 \u043f\u043e \u0443\u043a\u0430\u0437\u0430\u043d\u043d\u043e\u0439 \u043d\u0438\u0436\u0435 \u0441\u0441\u044b\u043b\u043a\u0435.<\/p>\n<p>\u2013<a href=\"http:\/\/www.eyli.com.tr\/\">http:\/\/www.eyli.com.tr<\/a><\/p>\n<p>\u0412 \u043d\u0430\u043b\u0438\u0447\u0438\u0438 \u043a\u043e\u043c\u043f\u0430\u043d\u0438\u0438 \u00ab\u0421\u0442\u0440\u043e\u0438\u0442\u0435\u043b\u044c\u043d\u044b\u0435 \u043c\u0430\u0448\u0438\u043d\u044b, \u0437\u0430\u043f\u0430\u0441\u043d\u044b\u0435 \u0447\u0430\u0441\u0442\u0438 \u0438 \u043e\u0431\u043e\u0440\u0443\u0434\u043e\u0432\u0430\u043d\u0438\u0435 \u042d\u0439\u043b\u0438\u00bb \u043d\u0430\u0445\u043e\u0434\u0438\u0442\u0441\u044f \u0431\u043e\u043b\u0435\u0435 3000 \u043d\u043e\u0432\u044b\u0445 \u0438 \u043f\u043e\u0434\u0435\u0440\u0436\u0430\u043d\u043d\u044b\u0445 \u0437\u0430\u043f\u0430\u0441\u043d\u044b\u0445 \u0447\u0430\u0441\u0442\u0435\u0439 Volvo \u0438 \u0434\u0440\u0443\u0433\u0438\u0445 \u0432\u0435\u0434\u0443\u0449\u0438\u0445 \u043f\u0440\u043e\u0438\u0437\u0432\u043e\u0434\u0438\u0442\u0435\u043b\u0435\u0439. \u041c\u044b \u043f\u0440\u043e\u0434\u0430\u0451\u043c <a href=\"http:\/\/eyli.com.tr\/yedek-parca\/\">\u0437\u0430\u043f\u0447\u0430\u0441\u0442\u0438 \u0434\u043b\u044f \u0441\u0442\u0440\u043e\u0438\u0442\u0435\u043b\u044c\u043d\u043e\u0439 \u0442\u0435\u0445\u043d\u0438\u043a\u0438<\/a>\u00a0\u0438 \u043e\u0431\u043e\u0440\u0443\u0434\u043e\u0432\u0430\u043d\u0438\u0435 \u043f\u043e \u043f\u0440\u0438\u0435\u043c\u043b\u0435\u043c\u044b\u043c \u0446\u0435\u043d\u0430\u043c.<\/p>","protected":false},"excerpt":{"rendered":"<p>Backhoe Loader Engine Cylinder Head Cylinder Block Piston set Engine Oil Cooler Diesel Hand Primer Fuel Gauge Sender Unit Injector Pump Diesel Fuel Pump Injector Pump Turbo Radiator Water Pump Engine Belt Thermostat Engine Stop Selenoid Lamps Electronic Control Unit Shaft Front Axle Rear Axle Final Drive Axle Cer Track Rod Rim Cab Tilt Stopper [&hellip;]<\/p>\n","protected":false},"author":1,"featured_media":0,"parent":0,"menu_order":0,"comment_status":"closed","ping_status":"closed","template":"page-fullwidth.php","meta":{"footnotes":""},"class_list":["post-252","page","type-page","status-publish","hentry"],"yoast_head":"<!-- This site is optimized with the Yoast SEO plugin v26.8 - https:\/\/yoast.com\/product\/yoast-seo-wordpress\/ -->\n<title>Volvo \u0130\u015f Makineleri Yedek Par\u00e7a, Kaya Kamyonlar\u0131,Beko Loder ve Y\u00fckleyiciler i\u00e7in Yedek Par\u00e7alar<\/title>\n<meta name=\"description\" content=\"Volvo \u0130\u015f Makineleri Yedek Par\u00e7a, Kaya Kamyonlar\u0131,Beko Loder ve Y\u00fckleyiciler, Greyderler i\u00e7in \u0130\u015f makineleri Yedek Par\u00e7alar\u0131\" \/>\n<meta name=\"robots\" content=\"index, follow, max-snippet:-1, max-image-preview:large, max-video-preview:-1\" \/>\n<link rel=\"canonical\" href=\"https:\/\/eyli.com.tr\/yedek-parca\/\" \/>\n<meta property=\"og:locale\" content=\"ru_RU\" \/>\n<meta property=\"og:type\" content=\"article\" \/>\n<meta property=\"og:title\" content=\"Volvo \u0130\u015f Makineleri Yedek Par\u00e7a, Kaya Kamyonlar\u0131,Beko Loder ve Y\u00fckleyiciler i\u00e7in Yedek Par\u00e7alar\" \/>\n<meta property=\"og:description\" content=\"Volvo \u0130\u015f Makineleri Yedek Par\u00e7a, Kaya Kamyonlar\u0131,Beko Loder ve Y\u00fckleyiciler, Greyderler i\u00e7in \u0130\u015f makineleri Yedek Par\u00e7alar\u0131\" \/>\n<meta property=\"og:url\" content=\"https:\/\/eyli.com.tr\/yedek-parca\/\" \/>\n<meta property=\"og:site_name\" content=\"Eyli \u0130\u015f Makineleri\" \/>\n<meta property=\"article:publisher\" content=\"https:\/\/www.facebook.com\/eylicomtr\" \/>\n<meta property=\"article:modified_time\" content=\"2021-06-17T20:03:00+00:00\" \/>\n<meta name=\"twitter:card\" content=\"summary_large_image\" \/>\n<meta name=\"twitter:label1\" content=\"\u041f\u0440\u0438\u043c\u0435\u0440\u043d\u043e\u0435 \u0432\u0440\u0435\u043c\u044f \u0434\u043b\u044f \u0447\u0442\u0435\u043d\u0438\u044f\" \/>\n\t<meta name=\"twitter:data1\" content=\"3 \u043c\u0438\u043d\u0443\u0442\u044b\" \/>\n<script type=\"application\/ld+json\" class=\"yoast-schema-graph\">{\"@context\":\"https:\/\/schema.org\",\"@graph\":[{\"@type\":\"WebPage\",\"@id\":\"https:\/\/eyli.com.tr\/yedek-parca\/\",\"url\":\"https:\/\/eyli.com.tr\/yedek-parca\/\",\"name\":\"Volvo \u0130\u015f Makineleri Yedek Par\u00e7a, Kaya Kamyonlar\u0131,Beko Loder ve Y\u00fckleyiciler i\u00e7in Yedek Par\u00e7alar\",\"isPartOf\":{\"@id\":\"https:\/\/eyli.com.tr\/#website\"},\"datePublished\":\"2016-04-23T08:05:21+00:00\",\"dateModified\":\"2021-06-17T20:03:00+00:00\",\"description\":\"Volvo \u0130\u015f Makineleri Yedek Par\u00e7a, Kaya Kamyonlar\u0131,Beko Loder ve Y\u00fckleyiciler, Greyderler i\u00e7in \u0130\u015f makineleri Yedek Par\u00e7alar\u0131\",\"breadcrumb\":{\"@id\":\"https:\/\/eyli.com.tr\/yedek-parca\/#breadcrumb\"},\"inLanguage\":\"ru-RU\",\"potentialAction\":[{\"@type\":\"ReadAction\",\"target\":[\"https:\/\/eyli.com.tr\/yedek-parca\/\"]}]},{\"@type\":\"BreadcrumbList\",\"@id\":\"https:\/\/eyli.com.tr\/yedek-parca\/#breadcrumb\",\"itemListElement\":[{\"@type\":\"ListItem\",\"position\":1,\"name\":\"Ana sayfa\",\"item\":\"https:\/\/eyli.com.tr\/\"},{\"@type\":\"ListItem\",\"position\":2,\"name\":\"Yedek Par\u00e7a\"}]},{\"@type\":\"WebSite\",\"@id\":\"https:\/\/eyli.com.tr\/#website\",\"url\":\"https:\/\/eyli.com.tr\/\",\"name\":\"Eyli \u0130\u015f Makineleri\",\"description\":\"\",\"publisher\":{\"@id\":\"https:\/\/eyli.com.tr\/#organization\"},\"potentialAction\":[{\"@type\":\"SearchAction\",\"target\":{\"@type\":\"EntryPoint\",\"urlTemplate\":\"https:\/\/eyli.com.tr\/?s={search_term_string}\"},\"query-input\":{\"@type\":\"PropertyValueSpecification\",\"valueRequired\":true,\"valueName\":\"search_term_string\"}}],\"inLanguage\":\"ru-RU\"},{\"@type\":\"Organization\",\"@id\":\"https:\/\/eyli.com.tr\/#organization\",\"name\":\"Eyli \u0130\u015f Makineleri\",\"url\":\"https:\/\/eyli.com.tr\/\",\"logo\":{\"@type\":\"ImageObject\",\"inLanguage\":\"ru-RU\",\"@id\":\"https:\/\/eyli.com.tr\/#\/schema\/logo\/image\/\",\"url\":\"https:\/\/eyli.com.tr\/wp-content\/uploads\/2020\/04\/WhatsApp-Image-2020-04-23-at-03.11.52-e1587829137284.jpeg\",\"contentUrl\":\"https:\/\/eyli.com.tr\/wp-content\/uploads\/2020\/04\/WhatsApp-Image-2020-04-23-at-03.11.52-e1587829137284.jpeg\",\"width\":1600,\"height\":900,\"caption\":\"Eyli \u0130\u015f Makineleri\"},\"image\":{\"@id\":\"https:\/\/eyli.com.tr\/#\/schema\/logo\/image\/\"},\"sameAs\":[\"https:\/\/www.facebook.com\/eylicomtr\"]}]}<\/script>\n<!-- \/ Yoast SEO plugin. -->","yoast_head_json":{"title":"Volvo \u0130\u015f Makineleri Yedek Par\u00e7a, Kaya Kamyonlar\u0131,Beko Loder ve Y\u00fckleyiciler i\u00e7in Yedek Par\u00e7alar","description":"Volvo \u0130\u015f Makineleri Yedek Par\u00e7a, Kaya Kamyonlar\u0131,Beko Loder ve Y\u00fckleyiciler, Greyderler i\u00e7in \u0130\u015f makineleri Yedek Par\u00e7alar\u0131","robots":{"index":"index","follow":"follow","max-snippet":"max-snippet:-1","max-image-preview":"max-image-preview:large","max-video-preview":"max-video-preview:-1"},"canonical":"https:\/\/eyli.com.tr\/yedek-parca\/","og_locale":"ru_RU","og_type":"article","og_title":"Volvo \u0130\u015f Makineleri Yedek Par\u00e7a, Kaya Kamyonlar\u0131,Beko Loder ve Y\u00fckleyiciler i\u00e7in Yedek Par\u00e7alar","og_description":"Volvo \u0130\u015f Makineleri Yedek Par\u00e7a, Kaya Kamyonlar\u0131,Beko Loder ve Y\u00fckleyiciler, Greyderler i\u00e7in \u0130\u015f makineleri Yedek Par\u00e7alar\u0131","og_url":"https:\/\/eyli.com.tr\/yedek-parca\/","og_site_name":"Eyli \u0130\u015f Makineleri","article_publisher":"https:\/\/www.facebook.com\/eylicomtr","article_modified_time":"2021-06-17T20:03:00+00:00","twitter_card":"summary_large_image","twitter_misc":{"\u041f\u0440\u0438\u043c\u0435\u0440\u043d\u043e\u0435 \u0432\u0440\u0435\u043c\u044f \u0434\u043b\u044f \u0447\u0442\u0435\u043d\u0438\u044f":"3 \u043c\u0438\u043d\u0443\u0442\u044b"},"schema":{"@context":"https:\/\/schema.org","@graph":[{"@type":"WebPage","@id":"https:\/\/eyli.com.tr\/yedek-parca\/","url":"https:\/\/eyli.com.tr\/yedek-parca\/","name":"Volvo \u0130\u015f Makineleri Yedek Par\u00e7a, Kaya Kamyonlar\u0131,Beko Loder ve Y\u00fckleyiciler i\u00e7in Yedek Par\u00e7alar","isPartOf":{"@id":"https:\/\/eyli.com.tr\/#website"},"datePublished":"2016-04-23T08:05:21+00:00","dateModified":"2021-06-17T20:03:00+00:00","description":"Volvo \u0130\u015f Makineleri Yedek Par\u00e7a, Kaya Kamyonlar\u0131,Beko Loder ve Y\u00fckleyiciler, Greyderler i\u00e7in \u0130\u015f makineleri Yedek Par\u00e7alar\u0131","breadcrumb":{"@id":"https:\/\/eyli.com.tr\/yedek-parca\/#breadcrumb"},"inLanguage":"ru-RU","potentialAction":[{"@type":"ReadAction","target":["https:\/\/eyli.com.tr\/yedek-parca\/"]}]},{"@type":"BreadcrumbList","@id":"https:\/\/eyli.com.tr\/yedek-parca\/#breadcrumb","itemListElement":[{"@type":"ListItem","position":1,"name":"Ana sayfa","item":"https:\/\/eyli.com.tr\/"},{"@type":"ListItem","position":2,"name":"Yedek Par\u00e7a"}]},{"@type":"WebSite","@id":"https:\/\/eyli.com.tr\/#website","url":"https:\/\/eyli.com.tr\/","name":"Eyli \u0130\u015f Makineleri","description":"","publisher":{"@id":"https:\/\/eyli.com.tr\/#organization"},"potentialAction":[{"@type":"SearchAction","target":{"@type":"EntryPoint","urlTemplate":"https:\/\/eyli.com.tr\/?s={search_term_string}"},"query-input":{"@type":"PropertyValueSpecification","valueRequired":true,"valueName":"search_term_string"}}],"inLanguage":"ru-RU"},{"@type":"Organization","@id":"https:\/\/eyli.com.tr\/#organization","name":"Eyli \u0130\u015f Makineleri","url":"https:\/\/eyli.com.tr\/","logo":{"@type":"ImageObject","inLanguage":"ru-RU","@id":"https:\/\/eyli.com.tr\/#\/schema\/logo\/image\/","url":"https:\/\/eyli.com.tr\/wp-content\/uploads\/2020\/04\/WhatsApp-Image-2020-04-23-at-03.11.52-e1587829137284.jpeg","contentUrl":"https:\/\/eyli.com.tr\/wp-content\/uploads\/2020\/04\/WhatsApp-Image-2020-04-23-at-03.11.52-e1587829137284.jpeg","width":1600,"height":900,"caption":"Eyli \u0130\u015f Makineleri"},"image":{"@id":"https:\/\/eyli.com.tr\/#\/schema\/logo\/image\/"},"sameAs":["https:\/\/www.facebook.com\/eylicomtr"]}]}},"_links":{"self":[{"href":"https:\/\/eyli.com.tr\/ru\/wp-json\/wp\/v2\/pages\/252","targetHints":{"allow":["GET"]}}],"collection":[{"href":"https:\/\/eyli.com.tr\/ru\/wp-json\/wp\/v2\/pages"}],"about":[{"href":"https:\/\/eyli.com.tr\/ru\/wp-json\/wp\/v2\/types\/page"}],"author":[{"embeddable":true,"href":"https:\/\/eyli.com.tr\/ru\/wp-json\/wp\/v2\/users\/1"}],"replies":[{"embeddable":true,"href":"https:\/\/eyli.com.tr\/ru\/wp-json\/wp\/v2\/comments?post=252"}],"version-history":[{"count":12,"href":"https:\/\/eyli.com.tr\/ru\/wp-json\/wp\/v2\/pages\/252\/revisions"}],"predecessor-version":[{"id":2177,"href":"https:\/\/eyli.com.tr\/ru\/wp-json\/wp\/v2\/pages\/252\/revisions\/2177"}],"wp:attachment":[{"href":"https:\/\/eyli.com.tr\/ru\/wp-json\/wp\/v2\/media?parent=252"}],"curies":[{"name":"wp","href":"https:\/\/api.w.org\/{rel}","templated":true}]}}