{"id":234,"date":"2016-04-23T01:09:51","date_gmt":"2016-04-22T22:09:51","guid":{"rendered":"http:\/\/localhost:85\/sinyol\/?page_id=234"},"modified":"2016-10-16T23:54:35","modified_gmt":"2016-10-16T20:54:35","slug":"volvo-ekskavator","status":"publish","type":"page","link":"https:\/\/eyli.com.tr\/ru\/volvo-ekskavator\/","title":{"rendered":"\u042d\u043a\u0441\u043a\u0430\u0432\u0430\u0442\u043e\u0440\u044b Volvo"},"content":{"rendered":"<p><\/p>\n<table class=\"table table-bordered\">\n<tbody>\n<tr>\n<td rowspan=\"2\">\u00a0 <img loading=\"lazy\" decoding=\"async\" class=\"aligncenter size-large wp-image-235\" src=\"http:\/\/eyli.com.tr\/wp-content\/uploads\/2016\/04\/VOLVO_EC360BLC-1024x768.jpg\" alt=\"VOLVO_EC360BLC\" width=\"640\" height=\"480\" srcset=\"https:\/\/eyli.com.tr\/wp-content\/uploads\/2016\/04\/VOLVO_EC360BLC-1024x768.jpg 1024w, https:\/\/eyli.com.tr\/wp-content\/uploads\/2016\/04\/VOLVO_EC360BLC-300x225.jpg 300w, https:\/\/eyli.com.tr\/wp-content\/uploads\/2016\/04\/VOLVO_EC360BLC.jpg 1843w\" sizes=\"auto, (max-width: 640px) 100vw, 640px\" \/><\/td>\n<td style=\"text-align: center;\">\n<h2><strong>\u041c\u043e\u0434\u0435\u043b\u0438<\/strong><\/h2>\n<\/td>\n<td style=\"text-align: center;\">\n<h2><strong>\u0417\u0430\u043f\u0430\u0441\u043d\u044b\u0435 \u0447\u0430\u0441\u0442\u0438<\/strong><\/h2>\n<\/td>\n<\/tr>\n<tr>\n<td>\n<ul>\n<li><a href=\"http:\/\/eyli.com.tr\/volvo-ekskavator-ec180b-lc\/\">EC180B<\/a><\/li>\n<li><a href=\"http:\/\/eyli.com.tr\/volvo-ekskavator-ec210b-lc\/\">EC210B<\/a><\/li>\n<li><a href=\"http:\/\/eyli.com.tr\/volvo-ekskavator-ec240b-lc\/\">EC240B<\/a><\/li>\n<li><a href=\"http:\/\/eyli.com.tr\/volvo-ekskavator-ec290b-lc\/\">EC290B<\/a><\/li>\n<li><a href=\"http:\/\/eyli.com.tr\/volvo-ekskavator-ec360b-lc\/\">EC360B<\/a><\/li>\n<li><a href=\"http:\/\/eyli.com.tr\/volvo-ekskavator-ec460b-lc\/\">EC460B<\/a><\/li>\n<\/ul>\n<\/td>\n<td>\n<ul>\n<li><a href=\"http:\/\/eyli.com.tr\/ekskavator-motor\/\">\u0414\u0432\u0438\u0433\u0430\u0442\u0435\u043b\u044c<\/a><\/li>\n<li><a href=\"http:\/\/eyli.com.tr\/ekskavator-silindir-kapak\/\">\u0413\u043e\u043b\u043e\u0432\u043a\u0430 \u0446\u0438\u043b\u0438\u043d\u0434\u0440\u0430<\/a><\/li>\n<li><a href=\"http:\/\/eyli.com.tr\/ekskavator-piston\/\">\u041f\u043e\u0440\u0448\u043d\u0438<\/a><\/li>\n<li><a href=\"http:\/\/eyli.com.tr\/ekskavator-krank\/\">\u041a\u043e\u043b\u0435\u043d\u0432\u0430\u043b<\/a><\/li>\n<li><a href=\"http:\/\/eyli.com.tr\/ekskavator-karter\/\">\u041a\u0430\u0440\u0442\u0435\u0440<\/a><\/li>\n<li><a href=\"http:\/\/eyli.com.tr\/ekskavator-takoz\/\">\u041f\u043e\u0434\u0432\u0435\u0441\u043a\u0430<\/a><\/li>\n<li><a href=\"http:\/\/eyli.com.tr\/ekskavator-yag-pompasi\/\">\u041c\u0430\u0441\u043b\u044f\u043d\u044b\u0439 \u043d\u0430\u0441\u043e\u0441<\/a><\/li>\n<li><a href=\"http:\/\/eyli.com.tr\/ekskavator-yag-sogutucu\/\">\u041c\u0430\u0441\u043b\u044f\u043d\u044b\u0439 \u0440\u0430\u0434\u0438\u0430\u0442\u043e\u0440<\/a><\/li>\n<li><a href=\"http:\/\/eyli.com.tr\/ekskavator-mazot-pompasi\/\">\u041d\u0430\u0441\u043e\u0441 \u043f\u043e\u0434\u0430\u0447\u0438 \u0433\u043e\u0440\u044e\u0447\u0435\u0433\u043e<\/a><\/li>\n<li><a href=\"http:\/\/eyli.com.tr\/ekskavator-enjektor\/\">\u0420\u0430\u0441\u043f\u044b\u043b\u0438\u0442\u0435\u043b\u044c<\/a><\/li>\n<li><a href=\"http:\/\/eyli.com.tr\/ekskavator-turbo\/\">\u0422\u0443\u0440\u0431\u0438\u043d\u0430<\/a><\/li>\n<li><a href=\"http:\/\/eyli.com.tr\/ekskavator-radyator\/\">\u0420\u0430\u0434\u0438\u0430\u0442\u043e\u0440<\/a><\/li>\n<li><a href=\"http:\/\/eyli.com.tr\/ekskavator-mars-motoru\/\">\u0421\u0442\u0430\u0440\u0442\u0435\u0440\u043d\u044b\u0439 \u0434\u0432\u0438\u0433\u0430\u0442\u0435\u043b\u044c <\/a><\/li>\n<li><a href=\"http:\/\/eyli.com.tr\/ekskavator-kariyer\/\">\u0422\u044f\u0433\u0430\u0447<\/a><\/li>\n<li><a href=\"http:\/\/eyli.com.tr\/ekskavator-gunes-dislisi\/\">\u0421\u043e\u043b\u043d\u0435\u0447\u043d\u0430\u044f \u0448\u0435\u0441\u0442\u0435\u0440\u043d\u044f<\/a><\/li>\n<li><a href=\"http:\/\/eyli.com.tr\/ekskavator-sanziman\/\">\u041a\u043e\u0440\u043e\u0431\u043a\u0430 \u043f\u0435\u0440\u0435\u0434\u0430\u0447 <\/a><\/li>\n<li><a href=\"http:\/\/eyli.com.tr\/ekskavator-saft\/\">\u041e\u0441\u044c<\/a><\/li>\n<li><a href=\"http:\/\/eyli.com.tr\/ekskavator-kule-donus-motoru\/\">\u0414\u0432\u0438\u0433\u0430\u0442\u0435\u043b\u044c \u043f\u043e\u0432\u043e\u0440\u043e\u0442\u043d\u043e\u0439 \u043f\u043b\u0430\u0442\u0444\u043e\u0440\u043c\u044b <\/a><\/li>\n<li><a href=\"http:\/\/eyli.com.tr\/ekskavator-yuruyus-motoru\/\">\u0425\u043e\u0434\u043e\u0432\u043e\u0439 \u0434\u0432\u0438\u0433\u0430\u0442\u0435\u043b\u044c<\/a><\/li>\n<li><a href=\"http:\/\/eyli.com.tr\/ekskavator-hidrolik-pompa\/\">\u0413\u0438\u0434\u0440\u0430\u0432\u043b\u0438\u0447\u0435\u0441\u043a\u0438\u0439 \u043d\u0430\u0441\u043e\u0441 <\/a><\/li>\n<li><a href=\"http:\/\/eyli.com.tr\/ekskavator-valf\/\">\u041a\u043b\u0430\u043f\u0430\u043d<\/a><\/li>\n<li><a href=\"http:\/\/eyli.com.tr\/ekskavator-mazot-otomatik\/\">\u0410\u0432\u0442\u043e\u043c\u0430\u0442\u0438\u0447\u0435\u0441\u043a\u043e\u0435 \u0433\u043e\u0440\u044e\u0447\u0435\u0435<\/a><\/li>\n<li><a href=\"http:\/\/eyli.com.tr\/ekskavator-hidrolik-silindir\/\">\u0413\u0438\u0434\u0440\u0430\u0432\u043b\u0438\u0447\u0435\u0441\u043a\u0438\u0439 \u0446\u0438\u043b\u0438\u043d\u0434\u0440<\/a><\/li>\n<li><a href=\"http:\/\/eyli.com.tr\/ekskavator-arm-piston\/\">\u041c\u0430\u043d\u0436\u0435\u0442 \u043f\u043e\u0440\u0448\u043d\u044f<\/a><\/li>\n<li><a href=\"http:\/\/eyli.com.tr\/ekskavator-boom-piston\/\">\u0421\u0442\u0440\u0435\u043b\u043e\u0432\u043e\u0439 \u043f\u043e\u0440\u0448\u0435\u043d\u044c<\/a><\/li>\n<li><a href=\"http:\/\/eyli.com.tr\/ekskavator-on-cam\/\">\u041b\u043e\u0431\u043e\u0432\u043e\u0435 \u0441\u0442\u0435\u043a\u043b\u043e<\/a><\/li>\n<li><a href=\"http:\/\/eyli.com.tr\/ekskavator-donus-disli\/\">\u0420\u0435\u0434\u0443\u043a\u0442\u043e\u0440 \u043c\u0435\u0445\u0430\u043d\u0438\u0437\u043c\u0430 \u043f\u043e\u0432\u043e\u0440\u043e\u0442\u0430<\/a><\/li>\n<li><a href=\"http:\/\/eyli.com.tr\/ekskavator-palet-civatalari\/\">\u0411\u043e\u043b\u0442\u044b \u043f\u043e\u0434\u0434\u043e\u043d\u043e\u0432<\/a><\/li>\n<\/ul>\n<\/td>\n<\/tr>\n<\/tbody>\n<\/table>\n<p><strong>\u042d\u043a\u0441\u043a\u0430\u0432\u0430\u0442\u043e\u0440\u044b<\/strong><\/p>\n<p>\u0422\u044f\u0436\u0435\u043b\u0430\u044f \u0441\u0442\u0440\u043e\u0438\u0442\u0435\u043b\u044c\u043d\u0430\u044f \u0442\u0435\u0445\u043d\u0438\u043a\u0430 &#8212; \u044d\u043a\u0441\u043a\u0430\u0432\u0430\u0442\u043e\u0440\u044b. \u042d\u043a\u0441\u043a\u0430\u0432\u0430\u0442\u043e\u0440\u044b \u0438\u0441\u043f\u043e\u043b\u044c\u0437\u0443\u044e\u0442\u0441\u044f \u0434\u043b\u044f \u0440\u0430\u0441\u043a\u0430\u043f\u044b\u0432\u0430\u043d\u0438\u044f, \u043b\u0438\u0431\u043e \u0434\u043b\u044f \u043f\u0435\u0440\u0435\u043c\u0435\u0449\u0435\u043d\u0438\u044f \u043a\u0440\u0443\u043f\u043d\u044b\u0445 \u043e\u0431\u044a\u0435\u043a\u0442\u043e\u0432. \u0412 \u043a\u043e\u0440\u043f\u0443\u0441\u0435 \u043c\u0430\u0448\u0438\u043d\u044b, \u043e\u0431\u044b\u0447\u043d\u043e, \u0438\u043c\u0435\u0435\u0442\u0441\u044f \u0434\u0432\u0430 \u0433\u0443\u0441\u0435\u043d\u0438\u0447\u043d\u044b\u0445 \u043f\u043e\u0434\u0434\u043e\u043d\u0430. \u041e\u043f\u0435\u0440\u0430\u0442\u043e\u0440 \u0441\u0438\u0434\u0438\u0442 \u0432 \u043a\u0430\u0431\u0438\u043d\u0435 \u0438 \u0443\u043f\u0440\u0430\u0432\u043b\u044f\u0435\u0442 \u0440\u0430\u0431\u043e\u0442\u043e\u0439 \u044d\u043a\u0441\u043a\u0430\u0432\u0430\u0442\u043e\u0440\u0430. \u0421\u0432\u0435\u0440\u0445\u0443 \u043f\u043e\u0434\u0434\u043e\u043d\u043e\u0432 \u043d\u0430\u0445\u043e\u0434\u0438\u0442\u0441\u044f \u043a\u0440\u0443\u0442\u044f\u0449\u0430\u044f\u0441\u044f (180\u00b0 \u0438\u043b\u0438 360\u00b0) \u043f\u043b\u0430\u0442\u0444\u043e\u0440\u043c\u0430. \u041e\u0434\u0438\u043d \u0438\u0437 \u043d\u0430\u0431\u043e\u0440\u043e\u0432 \u0443\u043f\u0440\u0430\u0432\u043b\u0435\u043d\u0438\u044f \u0434\u0432\u0438\u0433\u0430\u0435\u0442 \u043c\u0430\u0448\u0438\u043d\u0443 \u0432\u043f\u0435\u0440\u0435\u0434-\u043d\u0430\u0437\u0430\u0434, \u0430 \u0434\u0440\u0443\u0433\u043e\u0439 \u043a\u043e\u043d\u0442\u0440\u043e\u043b\u0438\u0440\u0443\u0435\u0442 \u0440\u0443\u043a\u043e\u044f\u0442\u044c \u0438 \u043f\u0435\u0440\u0435\u0432\u0435\u0440\u043d\u0443\u0442\u044b\u0439 \u043a\u043e\u0432\u0448. \u0413\u0438\u0434\u0440\u0430\u0432\u043b\u0438\u0447\u0435\u0441\u043a\u0438\u0435 \u0436\u0438\u0434\u043a\u043e\u0441\u0442\u0438, \u0433\u0438\u0434\u0440\u0430\u0432\u043b\u0438\u0447\u0435\u0441\u043a\u0438\u0435 \u0446\u0438\u043b\u0438\u043d\u0434\u0440\u044b \u0438 \u0433\u0438\u0434\u0440\u0430\u0432\u043b\u0438\u0447\u0435\u0441\u043a\u0438\u0435 \u0434\u0432\u0438\u0433\u0430\u0442\u0435\u043b\u0438 \u043d\u0435\u043e\u0431\u0445\u043e\u0434\u0438\u043c\u044b \u0434\u043b\u044f \u0443\u043f\u0440\u0430\u0432\u043b\u0435\u043d\u0438\u044f \u043c\u0430\u0448\u0438\u043d\u043e\u0439.<\/p>\n<p class=\"p3\"><b>\u042d\u043a\u0441\u043a\u0430\u0432\u0430\u0442\u043e\u0440\u044b \u043c\u043e\u0433\u0443\u0442 \u0431\u044b\u0442\u044c \u0440\u0430\u0437\u043d\u044b\u0445 \u0440\u0430\u0437\u043c\u0435\u0440\u043e\u0432 \u0432 \u0437\u0430\u0432\u0438\u0441\u0438\u043c\u043e\u0441\u0442\u0438 \u043e\u0442 \u0432\u0438\u0434\u0430 \u0440\u0430\u0431\u043e\u0442. \u041d\u0435\u043a\u043e\u0442\u043e\u0440\u044b\u0435 \u0438\u0437 \u043d\u0438\u0445 \u0438\u0441\u043f\u043e\u043b\u044c\u0437\u0443\u044e\u0442 \u043a\u043e\u043b\u0435\u0441\u0430 \u0432\u043c\u0435\u0441\u0442\u043e \u0433\u0443\u0441\u0435\u043d\u0438\u0446. \u00a0<\/b><\/p>\n<p><\/p>","protected":false},"excerpt":{"rendered":"<p>\u00a0 \u041c\u043e\u0434\u0435\u043b\u0438 \u0417\u0430\u043f\u0430\u0441\u043d\u044b\u0435 \u0447\u0430\u0441\u0442\u0438 EC180B EC210B EC240B EC290B EC360B EC460B \u0414\u0432\u0438\u0433\u0430\u0442\u0435\u043b\u044c \u0413\u043e\u043b\u043e\u0432\u043a\u0430 \u0446\u0438\u043b\u0438\u043d\u0434\u0440\u0430 \u041f\u043e\u0440\u0448\u043d\u0438 \u041a\u043e\u043b\u0435\u043d\u0432\u0430\u043b \u041a\u0430\u0440\u0442\u0435\u0440 \u041f\u043e\u0434\u0432\u0435\u0441\u043a\u0430 \u041c\u0430\u0441\u043b\u044f\u043d\u044b\u0439 \u043d\u0430\u0441\u043e\u0441 \u041c\u0430\u0441\u043b\u044f\u043d\u044b\u0439 \u0440\u0430\u0434\u0438\u0430\u0442\u043e\u0440 \u041d\u0430\u0441\u043e\u0441 \u043f\u043e\u0434\u0430\u0447\u0438 \u0433\u043e\u0440\u044e\u0447\u0435\u0433\u043e \u0420\u0430\u0441\u043f\u044b\u043b\u0438\u0442\u0435\u043b\u044c \u0422\u0443\u0440\u0431\u0438\u043d\u0430 \u0420\u0430\u0434\u0438\u0430\u0442\u043e\u0440 \u0421\u0442\u0430\u0440\u0442\u0435\u0440\u043d\u044b\u0439 \u0434\u0432\u0438\u0433\u0430\u0442\u0435\u043b\u044c \u0422\u044f\u0433\u0430\u0447 \u0421\u043e\u043b\u043d\u0435\u0447\u043d\u0430\u044f \u0448\u0435\u0441\u0442\u0435\u0440\u043d\u044f \u041a\u043e\u0440\u043e\u0431\u043a\u0430 \u043f\u0435\u0440\u0435\u0434\u0430\u0447 \u041e\u0441\u044c \u0414\u0432\u0438\u0433\u0430\u0442\u0435\u043b\u044c \u043f\u043e\u0432\u043e\u0440\u043e\u0442\u043d\u043e\u0439 \u043f\u043b\u0430\u0442\u0444\u043e\u0440\u043c\u044b \u0425\u043e\u0434\u043e\u0432\u043e\u0439 \u0434\u0432\u0438\u0433\u0430\u0442\u0435\u043b\u044c \u0413\u0438\u0434\u0440\u0430\u0432\u043b\u0438\u0447\u0435\u0441\u043a\u0438\u0439 \u043d\u0430\u0441\u043e\u0441 \u041a\u043b\u0430\u043f\u0430\u043d \u0410\u0432\u0442\u043e\u043c\u0430\u0442\u0438\u0447\u0435\u0441\u043a\u043e\u0435 \u0433\u043e\u0440\u044e\u0447\u0435\u0435 \u0413\u0438\u0434\u0440\u0430\u0432\u043b\u0438\u0447\u0435\u0441\u043a\u0438\u0439 \u0446\u0438\u043b\u0438\u043d\u0434\u0440 \u041c\u0430\u043d\u0436\u0435\u0442 \u043f\u043e\u0440\u0448\u043d\u044f \u0421\u0442\u0440\u0435\u043b\u043e\u0432\u043e\u0439 \u043f\u043e\u0440\u0448\u0435\u043d\u044c \u041b\u043e\u0431\u043e\u0432\u043e\u0435 \u0441\u0442\u0435\u043a\u043b\u043e \u0420\u0435\u0434\u0443\u043a\u0442\u043e\u0440 \u043c\u0435\u0445\u0430\u043d\u0438\u0437\u043c\u0430 [&hellip;]<\/p>\n","protected":false},"author":1,"featured_media":0,"parent":0,"menu_order":0,"comment_status":"closed","ping_status":"closed","template":"page-fullwidth.php","meta":{"footnotes":""},"class_list":["post-234","page","type-page","status-publish","hentry"],"yoast_head":"<!-- This site is optimized with the Yoast SEO plugin v26.8 - https:\/\/yoast.com\/product\/yoast-seo-wordpress\/ -->\n<title>Volvo Ekskavat\u00f6r Yedek Par\u00e7alar\u0131, Ekskavat\u00f6r Yedek Par\u00e7as\u0131<\/title>\n<meta name=\"robots\" content=\"index, follow, max-snippet:-1, max-image-preview:large, max-video-preview:-1\" \/>\n<link rel=\"canonical\" href=\"https:\/\/eyli.com.tr\/volvo-ekskavator\/\" \/>\n<meta property=\"og:locale\" content=\"ru_RU\" \/>\n<meta property=\"og:type\" content=\"article\" \/>\n<meta property=\"og:title\" content=\"Volvo Ekskavat\u00f6r Yedek Par\u00e7alar\u0131, Ekskavat\u00f6r Yedek Par\u00e7as\u0131\" \/>\n<meta property=\"og:description\" content=\"\u00a0 \u041c\u043e\u0434\u0435\u043b\u0438 \u0417\u0430\u043f\u0430\u0441\u043d\u044b\u0435 \u0447\u0430\u0441\u0442\u0438 EC180B EC210B EC240B EC290B EC360B EC460B \u0414\u0432\u0438\u0433\u0430\u0442\u0435\u043b\u044c \u0413\u043e\u043b\u043e\u0432\u043a\u0430 \u0446\u0438\u043b\u0438\u043d\u0434\u0440\u0430 \u041f\u043e\u0440\u0448\u043d\u0438 \u041a\u043e\u043b\u0435\u043d\u0432\u0430\u043b \u041a\u0430\u0440\u0442\u0435\u0440 \u041f\u043e\u0434\u0432\u0435\u0441\u043a\u0430 \u041c\u0430\u0441\u043b\u044f\u043d\u044b\u0439 \u043d\u0430\u0441\u043e\u0441 \u041c\u0430\u0441\u043b\u044f\u043d\u044b\u0439 \u0440\u0430\u0434\u0438\u0430\u0442\u043e\u0440 \u041d\u0430\u0441\u043e\u0441 \u043f\u043e\u0434\u0430\u0447\u0438 \u0433\u043e\u0440\u044e\u0447\u0435\u0433\u043e \u0420\u0430\u0441\u043f\u044b\u043b\u0438\u0442\u0435\u043b\u044c \u0422\u0443\u0440\u0431\u0438\u043d\u0430 \u0420\u0430\u0434\u0438\u0430\u0442\u043e\u0440 \u0421\u0442\u0430\u0440\u0442\u0435\u0440\u043d\u044b\u0439 \u0434\u0432\u0438\u0433\u0430\u0442\u0435\u043b\u044c \u0422\u044f\u0433\u0430\u0447 \u0421\u043e\u043b\u043d\u0435\u0447\u043d\u0430\u044f \u0448\u0435\u0441\u0442\u0435\u0440\u043d\u044f \u041a\u043e\u0440\u043e\u0431\u043a\u0430 \u043f\u0435\u0440\u0435\u0434\u0430\u0447 \u041e\u0441\u044c \u0414\u0432\u0438\u0433\u0430\u0442\u0435\u043b\u044c \u043f\u043e\u0432\u043e\u0440\u043e\u0442\u043d\u043e\u0439 \u043f\u043b\u0430\u0442\u0444\u043e\u0440\u043c\u044b \u0425\u043e\u0434\u043e\u0432\u043e\u0439 \u0434\u0432\u0438\u0433\u0430\u0442\u0435\u043b\u044c \u0413\u0438\u0434\u0440\u0430\u0432\u043b\u0438\u0447\u0435\u0441\u043a\u0438\u0439 \u043d\u0430\u0441\u043e\u0441 \u041a\u043b\u0430\u043f\u0430\u043d \u0410\u0432\u0442\u043e\u043c\u0430\u0442\u0438\u0447\u0435\u0441\u043a\u043e\u0435 \u0433\u043e\u0440\u044e\u0447\u0435\u0435 \u0413\u0438\u0434\u0440\u0430\u0432\u043b\u0438\u0447\u0435\u0441\u043a\u0438\u0439 \u0446\u0438\u043b\u0438\u043d\u0434\u0440 \u041c\u0430\u043d\u0436\u0435\u0442 \u043f\u043e\u0440\u0448\u043d\u044f \u0421\u0442\u0440\u0435\u043b\u043e\u0432\u043e\u0439 \u043f\u043e\u0440\u0448\u0435\u043d\u044c \u041b\u043e\u0431\u043e\u0432\u043e\u0435 \u0441\u0442\u0435\u043a\u043b\u043e \u0420\u0435\u0434\u0443\u043a\u0442\u043e\u0440 \u043c\u0435\u0445\u0430\u043d\u0438\u0437\u043c\u0430 [&hellip;]\" \/>\n<meta property=\"og:url\" content=\"https:\/\/eyli.com.tr\/volvo-ekskavator\/\" \/>\n<meta property=\"og:site_name\" content=\"Eyli \u0130\u015f Makineleri\" \/>\n<meta property=\"article:publisher\" content=\"https:\/\/www.facebook.com\/eylicomtr\" \/>\n<meta property=\"article:modified_time\" content=\"2016-10-16T20:54:35+00:00\" \/>\n<meta property=\"og:image\" content=\"http:\/\/eyli.com.tr\/wp-content\/uploads\/2016\/04\/VOLVO_EC360BLC-1024x768.jpg\" \/>\n<meta name=\"twitter:card\" content=\"summary_large_image\" \/>\n<meta name=\"twitter:label1\" content=\"\u041f\u0440\u0438\u043c\u0435\u0440\u043d\u043e\u0435 \u0432\u0440\u0435\u043c\u044f \u0434\u043b\u044f \u0447\u0442\u0435\u043d\u0438\u044f\" \/>\n\t<meta name=\"twitter:data1\" content=\"2 \u043c\u0438\u043d\u0443\u0442\u044b\" \/>\n<script type=\"application\/ld+json\" class=\"yoast-schema-graph\">{\"@context\":\"https:\/\/schema.org\",\"@graph\":[{\"@type\":\"WebPage\",\"@id\":\"https:\/\/eyli.com.tr\/volvo-ekskavator\/\",\"url\":\"https:\/\/eyli.com.tr\/volvo-ekskavator\/\",\"name\":\"Volvo Ekskavat\u00f6r Yedek Par\u00e7alar\u0131, Ekskavat\u00f6r Yedek Par\u00e7as\u0131\",\"isPartOf\":{\"@id\":\"https:\/\/eyli.com.tr\/#website\"},\"primaryImageOfPage\":{\"@id\":\"https:\/\/eyli.com.tr\/volvo-ekskavator\/#primaryimage\"},\"image\":{\"@id\":\"https:\/\/eyli.com.tr\/volvo-ekskavator\/#primaryimage\"},\"thumbnailUrl\":\"http:\/\/eyli.com.tr\/wp-content\/uploads\/2016\/04\/VOLVO_EC360BLC-1024x768.jpg\",\"datePublished\":\"2016-04-22T22:09:51+00:00\",\"dateModified\":\"2016-10-16T20:54:35+00:00\",\"breadcrumb\":{\"@id\":\"https:\/\/eyli.com.tr\/volvo-ekskavator\/#breadcrumb\"},\"inLanguage\":\"ru-RU\",\"potentialAction\":[{\"@type\":\"ReadAction\",\"target\":[\"https:\/\/eyli.com.tr\/volvo-ekskavator\/\"]}]},{\"@type\":\"ImageObject\",\"inLanguage\":\"ru-RU\",\"@id\":\"https:\/\/eyli.com.tr\/volvo-ekskavator\/#primaryimage\",\"url\":\"http:\/\/eyli.com.tr\/wp-content\/uploads\/2016\/04\/VOLVO_EC360BLC-1024x768.jpg\",\"contentUrl\":\"http:\/\/eyli.com.tr\/wp-content\/uploads\/2016\/04\/VOLVO_EC360BLC-1024x768.jpg\"},{\"@type\":\"BreadcrumbList\",\"@id\":\"https:\/\/eyli.com.tr\/volvo-ekskavator\/#breadcrumb\",\"itemListElement\":[{\"@type\":\"ListItem\",\"position\":1,\"name\":\"Ana sayfa\",\"item\":\"https:\/\/eyli.com.tr\/\"},{\"@type\":\"ListItem\",\"position\":2,\"name\":\"Volvo Ekskavat\u00f6r\"}]},{\"@type\":\"WebSite\",\"@id\":\"https:\/\/eyli.com.tr\/#website\",\"url\":\"https:\/\/eyli.com.tr\/\",\"name\":\"Eyli \u0130\u015f Makineleri\",\"description\":\"\",\"publisher\":{\"@id\":\"https:\/\/eyli.com.tr\/#organization\"},\"potentialAction\":[{\"@type\":\"SearchAction\",\"target\":{\"@type\":\"EntryPoint\",\"urlTemplate\":\"https:\/\/eyli.com.tr\/?s={search_term_string}\"},\"query-input\":{\"@type\":\"PropertyValueSpecification\",\"valueRequired\":true,\"valueName\":\"search_term_string\"}}],\"inLanguage\":\"ru-RU\"},{\"@type\":\"Organization\",\"@id\":\"https:\/\/eyli.com.tr\/#organization\",\"name\":\"Eyli \u0130\u015f Makineleri\",\"url\":\"https:\/\/eyli.com.tr\/\",\"logo\":{\"@type\":\"ImageObject\",\"inLanguage\":\"ru-RU\",\"@id\":\"https:\/\/eyli.com.tr\/#\/schema\/logo\/image\/\",\"url\":\"https:\/\/eyli.com.tr\/wp-content\/uploads\/2020\/04\/WhatsApp-Image-2020-04-23-at-03.11.52-e1587829137284.jpeg\",\"contentUrl\":\"https:\/\/eyli.com.tr\/wp-content\/uploads\/2020\/04\/WhatsApp-Image-2020-04-23-at-03.11.52-e1587829137284.jpeg\",\"width\":1600,\"height\":900,\"caption\":\"Eyli \u0130\u015f Makineleri\"},\"image\":{\"@id\":\"https:\/\/eyli.com.tr\/#\/schema\/logo\/image\/\"},\"sameAs\":[\"https:\/\/www.facebook.com\/eylicomtr\"]}]}<\/script>\n<!-- \/ Yoast SEO plugin. -->","yoast_head_json":{"title":"Volvo Ekskavat\u00f6r Yedek Par\u00e7alar\u0131, Ekskavat\u00f6r Yedek Par\u00e7as\u0131","robots":{"index":"index","follow":"follow","max-snippet":"max-snippet:-1","max-image-preview":"max-image-preview:large","max-video-preview":"max-video-preview:-1"},"canonical":"https:\/\/eyli.com.tr\/volvo-ekskavator\/","og_locale":"ru_RU","og_type":"article","og_title":"Volvo Ekskavat\u00f6r Yedek Par\u00e7alar\u0131, Ekskavat\u00f6r Yedek Par\u00e7as\u0131","og_description":"\u00a0 \u041c\u043e\u0434\u0435\u043b\u0438 \u0417\u0430\u043f\u0430\u0441\u043d\u044b\u0435 \u0447\u0430\u0441\u0442\u0438 EC180B EC210B EC240B EC290B EC360B EC460B \u0414\u0432\u0438\u0433\u0430\u0442\u0435\u043b\u044c \u0413\u043e\u043b\u043e\u0432\u043a\u0430 \u0446\u0438\u043b\u0438\u043d\u0434\u0440\u0430 \u041f\u043e\u0440\u0448\u043d\u0438 \u041a\u043e\u043b\u0435\u043d\u0432\u0430\u043b \u041a\u0430\u0440\u0442\u0435\u0440 \u041f\u043e\u0434\u0432\u0435\u0441\u043a\u0430 \u041c\u0430\u0441\u043b\u044f\u043d\u044b\u0439 \u043d\u0430\u0441\u043e\u0441 \u041c\u0430\u0441\u043b\u044f\u043d\u044b\u0439 \u0440\u0430\u0434\u0438\u0430\u0442\u043e\u0440 \u041d\u0430\u0441\u043e\u0441 \u043f\u043e\u0434\u0430\u0447\u0438 \u0433\u043e\u0440\u044e\u0447\u0435\u0433\u043e \u0420\u0430\u0441\u043f\u044b\u043b\u0438\u0442\u0435\u043b\u044c \u0422\u0443\u0440\u0431\u0438\u043d\u0430 \u0420\u0430\u0434\u0438\u0430\u0442\u043e\u0440 \u0421\u0442\u0430\u0440\u0442\u0435\u0440\u043d\u044b\u0439 \u0434\u0432\u0438\u0433\u0430\u0442\u0435\u043b\u044c \u0422\u044f\u0433\u0430\u0447 \u0421\u043e\u043b\u043d\u0435\u0447\u043d\u0430\u044f \u0448\u0435\u0441\u0442\u0435\u0440\u043d\u044f \u041a\u043e\u0440\u043e\u0431\u043a\u0430 \u043f\u0435\u0440\u0435\u0434\u0430\u0447 \u041e\u0441\u044c \u0414\u0432\u0438\u0433\u0430\u0442\u0435\u043b\u044c \u043f\u043e\u0432\u043e\u0440\u043e\u0442\u043d\u043e\u0439 \u043f\u043b\u0430\u0442\u0444\u043e\u0440\u043c\u044b \u0425\u043e\u0434\u043e\u0432\u043e\u0439 \u0434\u0432\u0438\u0433\u0430\u0442\u0435\u043b\u044c \u0413\u0438\u0434\u0440\u0430\u0432\u043b\u0438\u0447\u0435\u0441\u043a\u0438\u0439 \u043d\u0430\u0441\u043e\u0441 \u041a\u043b\u0430\u043f\u0430\u043d \u0410\u0432\u0442\u043e\u043c\u0430\u0442\u0438\u0447\u0435\u0441\u043a\u043e\u0435 \u0433\u043e\u0440\u044e\u0447\u0435\u0435 \u0413\u0438\u0434\u0440\u0430\u0432\u043b\u0438\u0447\u0435\u0441\u043a\u0438\u0439 \u0446\u0438\u043b\u0438\u043d\u0434\u0440 \u041c\u0430\u043d\u0436\u0435\u0442 \u043f\u043e\u0440\u0448\u043d\u044f \u0421\u0442\u0440\u0435\u043b\u043e\u0432\u043e\u0439 \u043f\u043e\u0440\u0448\u0435\u043d\u044c \u041b\u043e\u0431\u043e\u0432\u043e\u0435 \u0441\u0442\u0435\u043a\u043b\u043e \u0420\u0435\u0434\u0443\u043a\u0442\u043e\u0440 \u043c\u0435\u0445\u0430\u043d\u0438\u0437\u043c\u0430 [&hellip;]","og_url":"https:\/\/eyli.com.tr\/volvo-ekskavator\/","og_site_name":"Eyli \u0130\u015f Makineleri","article_publisher":"https:\/\/www.facebook.com\/eylicomtr","article_modified_time":"2016-10-16T20:54:35+00:00","og_image":[{"url":"http:\/\/eyli.com.tr\/wp-content\/uploads\/2016\/04\/VOLVO_EC360BLC-1024x768.jpg","type":"","width":"","height":""}],"twitter_card":"summary_large_image","twitter_misc":{"\u041f\u0440\u0438\u043c\u0435\u0440\u043d\u043e\u0435 \u0432\u0440\u0435\u043c\u044f \u0434\u043b\u044f \u0447\u0442\u0435\u043d\u0438\u044f":"2 \u043c\u0438\u043d\u0443\u0442\u044b"},"schema":{"@context":"https:\/\/schema.org","@graph":[{"@type":"WebPage","@id":"https:\/\/eyli.com.tr\/volvo-ekskavator\/","url":"https:\/\/eyli.com.tr\/volvo-ekskavator\/","name":"Volvo Ekskavat\u00f6r Yedek Par\u00e7alar\u0131, Ekskavat\u00f6r Yedek Par\u00e7as\u0131","isPartOf":{"@id":"https:\/\/eyli.com.tr\/#website"},"primaryImageOfPage":{"@id":"https:\/\/eyli.com.tr\/volvo-ekskavator\/#primaryimage"},"image":{"@id":"https:\/\/eyli.com.tr\/volvo-ekskavator\/#primaryimage"},"thumbnailUrl":"http:\/\/eyli.com.tr\/wp-content\/uploads\/2016\/04\/VOLVO_EC360BLC-1024x768.jpg","datePublished":"2016-04-22T22:09:51+00:00","dateModified":"2016-10-16T20:54:35+00:00","breadcrumb":{"@id":"https:\/\/eyli.com.tr\/volvo-ekskavator\/#breadcrumb"},"inLanguage":"ru-RU","potentialAction":[{"@type":"ReadAction","target":["https:\/\/eyli.com.tr\/volvo-ekskavator\/"]}]},{"@type":"ImageObject","inLanguage":"ru-RU","@id":"https:\/\/eyli.com.tr\/volvo-ekskavator\/#primaryimage","url":"http:\/\/eyli.com.tr\/wp-content\/uploads\/2016\/04\/VOLVO_EC360BLC-1024x768.jpg","contentUrl":"http:\/\/eyli.com.tr\/wp-content\/uploads\/2016\/04\/VOLVO_EC360BLC-1024x768.jpg"},{"@type":"BreadcrumbList","@id":"https:\/\/eyli.com.tr\/volvo-ekskavator\/#breadcrumb","itemListElement":[{"@type":"ListItem","position":1,"name":"Ana sayfa","item":"https:\/\/eyli.com.tr\/"},{"@type":"ListItem","position":2,"name":"Volvo Ekskavat\u00f6r"}]},{"@type":"WebSite","@id":"https:\/\/eyli.com.tr\/#website","url":"https:\/\/eyli.com.tr\/","name":"Eyli \u0130\u015f Makineleri","description":"","publisher":{"@id":"https:\/\/eyli.com.tr\/#organization"},"potentialAction":[{"@type":"SearchAction","target":{"@type":"EntryPoint","urlTemplate":"https:\/\/eyli.com.tr\/?s={search_term_string}"},"query-input":{"@type":"PropertyValueSpecification","valueRequired":true,"valueName":"search_term_string"}}],"inLanguage":"ru-RU"},{"@type":"Organization","@id":"https:\/\/eyli.com.tr\/#organization","name":"Eyli \u0130\u015f Makineleri","url":"https:\/\/eyli.com.tr\/","logo":{"@type":"ImageObject","inLanguage":"ru-RU","@id":"https:\/\/eyli.com.tr\/#\/schema\/logo\/image\/","url":"https:\/\/eyli.com.tr\/wp-content\/uploads\/2020\/04\/WhatsApp-Image-2020-04-23-at-03.11.52-e1587829137284.jpeg","contentUrl":"https:\/\/eyli.com.tr\/wp-content\/uploads\/2020\/04\/WhatsApp-Image-2020-04-23-at-03.11.52-e1587829137284.jpeg","width":1600,"height":900,"caption":"Eyli \u0130\u015f Makineleri"},"image":{"@id":"https:\/\/eyli.com.tr\/#\/schema\/logo\/image\/"},"sameAs":["https:\/\/www.facebook.com\/eylicomtr"]}]}},"_links":{"self":[{"href":"https:\/\/eyli.com.tr\/ru\/wp-json\/wp\/v2\/pages\/234","targetHints":{"allow":["GET"]}}],"collection":[{"href":"https:\/\/eyli.com.tr\/ru\/wp-json\/wp\/v2\/pages"}],"about":[{"href":"https:\/\/eyli.com.tr\/ru\/wp-json\/wp\/v2\/types\/page"}],"author":[{"embeddable":true,"href":"https:\/\/eyli.com.tr\/ru\/wp-json\/wp\/v2\/users\/1"}],"replies":[{"embeddable":true,"href":"https:\/\/eyli.com.tr\/ru\/wp-json\/wp\/v2\/comments?post=234"}],"version-history":[{"count":11,"href":"https:\/\/eyli.com.tr\/ru\/wp-json\/wp\/v2\/pages\/234\/revisions"}],"predecessor-version":[{"id":1729,"href":"https:\/\/eyli.com.tr\/ru\/wp-json\/wp\/v2\/pages\/234\/revisions\/1729"}],"wp:attachment":[{"href":"https:\/\/eyli.com.tr\/ru\/wp-json\/wp\/v2\/media?parent=234"}],"curies":[{"name":"wp","href":"https:\/\/api.w.org\/{rel}","templated":true}]}}