{"id":231,"date":"2016-04-23T01:06:09","date_gmt":"2016-04-22T22:06:09","guid":{"rendered":"http:\/\/localhost:85\/sinyol\/?page_id=231"},"modified":"2016-10-10T15:28:34","modified_gmt":"2016-10-10T12:28:34","slug":"volvo-greyder","status":"publish","type":"page","link":"https:\/\/eyli.com.tr\/ru\/volvo-greyder\/","title":{"rendered":"\u0413\u0440\u0435\u0439\u0434\u0435\u0440\u044b Volvo"},"content":{"rendered":"<p><\/p>\n<table class=\"table table-bordered\">\n<tbody>\n<tr>\n<td rowspan=\"2\">\u00a0 <img loading=\"lazy\" decoding=\"async\" class=\"aligncenter size-full wp-image-232\" src=\"http:\/\/eyli.com.tr\/wp-content\/uploads\/2016\/04\/G940.jpg\" alt=\"G940\" width=\"480\" height=\"360\" srcset=\"https:\/\/eyli.com.tr\/wp-content\/uploads\/2016\/04\/G940.jpg 480w, https:\/\/eyli.com.tr\/wp-content\/uploads\/2016\/04\/G940-300x225.jpg 300w\" sizes=\"auto, (max-width: 480px) 100vw, 480px\" \/><\/td>\n<td style=\"text-align: center;\">\n<h2><strong>\u041c\u043e\u0434\u0435\u043b\u0438<\/strong><\/h2>\n<\/td>\n<td style=\"text-align: center;\">\n<h2><strong>\u0417\u0430\u043f\u0430\u0441\u043d\u044b\u0435 \u0447\u0430\u0441\u0442\u0438<\/strong><\/h2>\n<\/td>\n<\/tr>\n<tr>\n<td>\n<ul>\n<li><a href=\"http:\/\/eyli.com.tr\/volvo-greyder-g710b\/\">G710B<\/a><\/li>\n<li><a href=\"http:\/\/eyli.com.tr\/volvo-greyder-g720b\/\">G720B<\/a><\/li>\n<li><a href=\"http:\/\/eyli.com.tr\/volvo-greyder-g730b\/\">G730B<\/a><\/li>\n<li><a href=\"http:\/\/eyli.com.tr\/volvo-greyder-g740b\/\">G740B<\/a><\/li>\n<li><a href=\"http:\/\/eyli.com.tr\/volvo-greyder-g940b\/\">G940B<\/a><\/li>\n<\/ul>\n<\/td>\n<td>\n<ul>\n<li><a href=\"http:\/\/eyli.com.tr\/greyder-motor\/\">\u0414\u0432\u0438\u0433\u0430\u0442\u0435\u043b\u044c<\/a><\/li>\n<li><a href=\"http:\/\/eyli.com.tr\/greyder-silindir-kapak\/\">\u0413\u043e\u043b\u043e\u0432\u043a\u0430 \u0446\u0438\u043b\u0438\u043d\u0434\u0440\u0430 <\/a><\/li>\n<li><a href=\"http:\/\/eyli.com.tr\/greyder-piston\/\">\u041f\u043e\u0440\u0448\u043d\u0438<\/a><\/li>\n<li><a href=\"http:\/\/eyli.com.tr\/greyder-krank\/\">\u041a\u043e\u043b\u0435\u043d\u0432\u0430\u043b<\/a><\/li>\n<li><a href=\"http:\/\/eyli.com.tr\/greyder-takoz\/\">\u041f\u043e\u0434\u0432\u0435\u0441\u043a\u0430<\/a><\/li>\n<li><a href=\"http:\/\/eyli.com.tr\/greyder-yag-pompasi\/\">\u041c\u0430\u0441\u043b\u044f\u043d\u044b\u0439 \u041d\u0430\u0441\u043e\u0441<\/a><\/li>\n<li><a href=\"http:\/\/eyli.com.tr\/greyder-yag-sogutucusu\/\">\u041c\u0430\u0441\u043b\u044f\u043d\u044b\u0439 \u0420\u0430\u0434\u0438\u0430\u0442\u043e\u0440<\/a><\/li>\n<li><a href=\"http:\/\/eyli.com.tr\/greyder-mazot-pompasi\/\">\u041d\u0430\u0441\u043e\u0441 \u0414\u043b\u044f \u041f\u043e\u0434\u0430\u0447\u0438 \u0413\u043e\u0440\u044e\u0447\u0435\u0433\u043e<\/a><\/li>\n<li><a href=\"http:\/\/eyli.com.tr\/greyder-turbo\/\">\u0422\u0443\u0440\u0431\u0438\u043d\u0430<\/a><\/li>\n<li><a href=\"http:\/\/eyli.com.tr\/greyder-radyator\/\">\u0420\u0430\u0434\u0438\u0430\u0442\u043e\u0440<\/a><\/li>\n<li><a href=\"http:\/\/eyli.com.tr\/greyder-sanziman\/\">\u041a\u043e\u0440\u043e\u0431\u043a\u0430 \u041f\u0435\u0440\u0435\u0434\u0430\u0447<\/a><\/li>\n<li><a href=\"http:\/\/eyli.com.tr\/greyder-on-aks\/\">\u041f\u0435\u0440\u0435\u0434\u043d\u044f\u044f \u041e\u0441\u044c<\/a><\/li>\n<\/ul>\n<\/td>\n<\/tr>\n<\/tbody>\n<\/table>\n<p>&nbsp;<\/p>\n<p><strong>\u0413\u0440\u0435\u0439\u0434\u0435\u0440\u044b <\/strong><strong>Volvo<\/strong><\/p>\n<p><em>\u0421\u0442\u0440\u043e\u0438\u0442\u0435\u043b\u044c\u0442\u0435\u043b\u044c\u043d\u0430\u044f \u043c\u0430\u0448\u0438\u043d\u0430 \u0413\u0440\u0435\u0439\u0434\u0435\u0440 <\/em>\u0441 \u0434\u043b\u0438\u043d\u043d\u044b\u043c \u043d\u043e\u0436\u043e\u043c \u0438\u0441\u043f\u043e\u043b\u044c\u0437\u0443\u0435\u0442\u0441\u044f \u0434\u043b\u044f \u0432\u044b\u0440\u0430\u0432\u043d\u0438\u0432\u0430\u043d\u0438\u044f \u0433\u0440\u0443\u043d\u0442\u0430 \u0432 \u043f\u0440\u043e\u0446\u0435\u0441\u0441\u0435 \u0443\u043f\u043e\u0440\u044f\u0434\u043e\u0447\u0438\u0432\u0430\u043d\u0438\u044f \u0441\u0442\u0440\u043e\u0438\u0442\u0435\u043b\u044c\u043d\u044b\u0445 \u0440\u0430\u0431\u043e\u0442. \u0412 \u0442\u0438\u043f\u0438\u0447\u043d\u044b\u0445 \u043c\u043e\u0434\u0435\u043b\u044f\u0445 \u0434\u0432\u0438\u0433\u0430\u0442\u0435\u043b\u044c \u0438 \u043a\u0430\u0431\u0438\u043d\u0430 \u0440\u0430\u0441\u043f\u043e\u043b\u043e\u0436\u0435\u043d\u044b \u0432 \u0437\u0430\u0434\u043d\u0435\u0439 \u0447\u0430\u0441\u0442\u0438 \u0442\u0440\u0430\u043d\u0441\u043f\u043e\u0440\u0442\u043d\u043e\u0433\u043e \u0441\u0440\u0435\u0434\u0441\u0442\u0432\u0430 \u043d\u0430 \u0434\u0432\u0443\u0445 \u043a\u043e\u043b\u0435\u0441\u043d\u044b\u0445 \u0432\u0430\u043b\u0430\u0445, \u0432 \u043f\u0435\u0440\u0435\u0434\u043d\u0435\u0439 \u0447\u0430\u0441\u0442\u0438 \u0440\u0430\u0441\u043f\u043e\u043b\u043e\u0436\u0435\u043d \u0435\u0449\u0435 \u043e\u0434\u0438\u043d \u043a\u043e\u043b\u0435\u0441\u043d\u044b\u0439 \u0432\u0430\u043b, \u0430 \u043c\u0435\u0436\u0434\u0443 \u0434\u0432\u0443\u043c\u044f \u043f\u0435\u0440\u0435\u0434\u043d\u0438\u043c\u0438 \u043e\u0441\u044f\u043c\u0438 \u043d\u0430\u0445\u043e\u0434\u0438\u0442\u0441\u044f \u043e\u0442\u0432\u0430\u043b \u0441 \u043d\u043e\u0436\u043e\u043c. \u041d\u0435\u043a\u043e\u0442\u043e\u0440\u044b\u0435 \u0438\u0437 \u0440\u0430\u0431\u043e\u0447\u0435\u0433\u043e \u043f\u0435\u0440\u0441\u043e\u043d\u0430\u043b\u0430 \u043d\u0430\u0437\u044b\u0432\u0430\u044e\u0442 \u044d\u0442\u0443 \u043c\u0430\u0448\u0438\u043d\u0443 \u00ab\u043d\u043e\u0436\u043e\u043c\u00bb. \u0421 \u0442\u043e\u0447\u043a\u0438 \u0437\u0440\u0435\u043d\u0438\u044f \u043c\u043e\u0449\u043d\u043e\u0441\u0442\u0438, \u0448\u0438\u0440\u0438\u043d\u0430 \u043d\u043e\u0436\u0435\u0439 \u043c\u0435\u043d\u044f\u0435\u0442\u0441\u044f \u043e\u0442 2,5 \u043c \u0434\u043e 7,3 \u043c, \u043c\u043e\u0449\u043d\u043e\u0441\u0442\u044c \u0434\u0432\u0438\u0433\u0430\u0442\u0435\u043b\u044f \u0432\u0430\u0440\u044c\u0438\u0440\u0443\u0435\u0442\u0441\u044f \u043c\u0435\u0436\u0434\u0443 93 \u2013 373 \u043a\u0412\u0442 (125-500 \u043b\u043e\u0448\u0430\u0434\u0438\u043d\u044b\u0445 \u0441\u0438\u043b). \u041d\u0435\u043a\u043e\u0442\u043e\u0440\u044b\u0435 \u0433\u0440\u0435\u0439\u0434\u0435\u0440\u044b \u0438\u0441\u043f\u043e\u043b\u044c\u0437\u0443\u044e\u0442\u0441\u044f \u0434\u043b\u044f \u0432\u044b\u043f\u043e\u043b\u043d\u0435\u043d\u0438\u044f \u0440\u0430\u0437\u043d\u043e\u0433\u043e \u0440\u043e\u0434\u0430 \u0441\u0442\u0440\u043e\u0438\u0442\u0435\u043b\u044c\u043d\u044b\u0445 \u0440\u0430\u0431\u043e\u0442, \u043b\u0438\u0431\u043e \u0434\u043b\u044f \u0442\u0430\u043a\u0438\u0445 \u0437\u0430\u0434\u0430\u0447, \u043a\u0430\u043a \u043f\u043e\u0434\u0437\u0435\u043c\u043d\u0430\u044f \u0440\u0430\u0437\u0440\u0430\u0431\u043e\u0442\u043a\u0430 \u043c\u0435\u0441\u0442\u043e\u0440\u043e\u0436\u0434\u0435\u043d\u0438\u0439.<\/p>\n<p>\u0412 \u0433\u0440\u0430\u0436\u0434\u0430\u043d\u0441\u043a\u043e\u043c \u0441\u0442\u0440\u043e\u0438\u0442\u0435\u043b\u044c\u0441\u0442\u0432\u0435 \u0433\u043b\u0430\u0432\u043d\u043e\u0439 \u0437\u0430\u0434\u0430\u0447\u0435\u0439 \u0433\u0440\u0435\u0439\u0434\u0435\u0440\u043e\u0432 \u044f\u0432\u043b\u044f\u0435\u0442\u0441\u044f \u0437\u0430\u0432\u0435\u0440\u0448\u0435\u043d\u0438\u0435 \u0441\u0442\u0440\u043e\u0438\u0442\u0435\u043b\u044c\u043d\u044b\u0445 \u0440\u0430\u0431\u043e\u0442. \u0413\u0440\u0443\u0431\u043e\u0435 \u0432\u044b\u0440\u0430\u0432\u043d\u0438\u0432\u0430\u043d\u0438\u0435 \u043e\u0441\u0443\u0449\u0435\u0441\u0442\u0432\u043b\u044f\u0435\u0442\u0441\u044f \u0442\u044f\u0436\u0435\u043b\u043e\u0439 <em>\u0441\u0442\u0440\u043e\u0438\u0442\u0435\u043b\u044c\u043d\u043e\u0439 \u0442\u0435\u0445\u043d\u0438\u043a\u043e\u0439<\/em> \u0438\u043b\u0438 \u0442\u0430\u043a\u0438\u043c\u0438 \u043c\u0430\u0448\u0438\u043d\u0430\u043c\u0438, \u043a\u0430\u043a \u0441\u043a\u0440\u0435\u043f\u0435\u0440\u044b \u0438 \u0431\u0443\u043b\u044c\u0434\u043e\u0437\u0435\u0440\u044b.<\/p>","protected":false},"excerpt":{"rendered":"<p>\u00a0 \u041c\u043e\u0434\u0435\u043b\u0438 \u0417\u0430\u043f\u0430\u0441\u043d\u044b\u0435 \u0447\u0430\u0441\u0442\u0438 G710B G720B G730B G740B G940B \u0414\u0432\u0438\u0433\u0430\u0442\u0435\u043b\u044c \u0413\u043e\u043b\u043e\u0432\u043a\u0430 \u0446\u0438\u043b\u0438\u043d\u0434\u0440\u0430 \u041f\u043e\u0440\u0448\u043d\u0438 \u041a\u043e\u043b\u0435\u043d\u0432\u0430\u043b \u041f\u043e\u0434\u0432\u0435\u0441\u043a\u0430 \u041c\u0430\u0441\u043b\u044f\u043d\u044b\u0439 \u041d\u0430\u0441\u043e\u0441 \u041c\u0430\u0441\u043b\u044f\u043d\u044b\u0439 \u0420\u0430\u0434\u0438\u0430\u0442\u043e\u0440 \u041d\u0430\u0441\u043e\u0441 \u0414\u043b\u044f \u041f\u043e\u0434\u0430\u0447\u0438 \u0413\u043e\u0440\u044e\u0447\u0435\u0433\u043e \u0422\u0443\u0440\u0431\u0438\u043d\u0430 \u0420\u0430\u0434\u0438\u0430\u0442\u043e\u0440 \u041a\u043e\u0440\u043e\u0431\u043a\u0430 \u041f\u0435\u0440\u0435\u0434\u0430\u0447 \u041f\u0435\u0440\u0435\u0434\u043d\u044f\u044f \u041e\u0441\u044c &nbsp; \u0413\u0440\u0435\u0439\u0434\u0435\u0440\u044b Volvo \u0421\u0442\u0440\u043e\u0438\u0442\u0435\u043b\u044c\u0442\u0435\u043b\u044c\u043d\u0430\u044f \u043c\u0430\u0448\u0438\u043d\u0430 \u0413\u0440\u0435\u0439\u0434\u0435\u0440 \u0441 \u0434\u043b\u0438\u043d\u043d\u044b\u043c \u043d\u043e\u0436\u043e\u043c \u0438\u0441\u043f\u043e\u043b\u044c\u0437\u0443\u0435\u0442\u0441\u044f \u0434\u043b\u044f \u0432\u044b\u0440\u0430\u0432\u043d\u0438\u0432\u0430\u043d\u0438\u044f \u0433\u0440\u0443\u043d\u0442\u0430 \u0432 \u043f\u0440\u043e\u0446\u0435\u0441\u0441\u0435 \u0443\u043f\u043e\u0440\u044f\u0434\u043e\u0447\u0438\u0432\u0430\u043d\u0438\u044f \u0441\u0442\u0440\u043e\u0438\u0442\u0435\u043b\u044c\u043d\u044b\u0445 \u0440\u0430\u0431\u043e\u0442. \u0412 \u0442\u0438\u043f\u0438\u0447\u043d\u044b\u0445 \u043c\u043e\u0434\u0435\u043b\u044f\u0445 \u0434\u0432\u0438\u0433\u0430\u0442\u0435\u043b\u044c \u0438 \u043a\u0430\u0431\u0438\u043d\u0430 \u0440\u0430\u0441\u043f\u043e\u043b\u043e\u0436\u0435\u043d\u044b \u0432 [&hellip;]<\/p>\n","protected":false},"author":1,"featured_media":0,"parent":0,"menu_order":0,"comment_status":"closed","ping_status":"closed","template":"page-fullwidth.php","meta":{"footnotes":""},"class_list":["post-231","page","type-page","status-publish","hentry"],"yoast_head":"<!-- This site is optimized with the Yoast SEO plugin v26.8 - https:\/\/yoast.com\/product\/yoast-seo-wordpress\/ -->\n<title>Volvo Greyder Yedek Par\u00e7alar\u0131, Greyder Yedek Par\u00e7a<\/title>\n<meta name=\"robots\" content=\"index, follow, max-snippet:-1, max-image-preview:large, max-video-preview:-1\" \/>\n<link rel=\"canonical\" href=\"https:\/\/eyli.com.tr\/volvo-greyder\/\" \/>\n<meta property=\"og:locale\" content=\"ru_RU\" \/>\n<meta property=\"og:type\" content=\"article\" \/>\n<meta property=\"og:title\" content=\"Volvo Greyder Yedek Par\u00e7alar\u0131, Greyder Yedek Par\u00e7a\" \/>\n<meta property=\"og:description\" content=\"\u00a0 \u041c\u043e\u0434\u0435\u043b\u0438 \u0417\u0430\u043f\u0430\u0441\u043d\u044b\u0435 \u0447\u0430\u0441\u0442\u0438 G710B G720B G730B G740B G940B \u0414\u0432\u0438\u0433\u0430\u0442\u0435\u043b\u044c \u0413\u043e\u043b\u043e\u0432\u043a\u0430 \u0446\u0438\u043b\u0438\u043d\u0434\u0440\u0430 \u041f\u043e\u0440\u0448\u043d\u0438 \u041a\u043e\u043b\u0435\u043d\u0432\u0430\u043b \u041f\u043e\u0434\u0432\u0435\u0441\u043a\u0430 \u041c\u0430\u0441\u043b\u044f\u043d\u044b\u0439 \u041d\u0430\u0441\u043e\u0441 \u041c\u0430\u0441\u043b\u044f\u043d\u044b\u0439 \u0420\u0430\u0434\u0438\u0430\u0442\u043e\u0440 \u041d\u0430\u0441\u043e\u0441 \u0414\u043b\u044f \u041f\u043e\u0434\u0430\u0447\u0438 \u0413\u043e\u0440\u044e\u0447\u0435\u0433\u043e \u0422\u0443\u0440\u0431\u0438\u043d\u0430 \u0420\u0430\u0434\u0438\u0430\u0442\u043e\u0440 \u041a\u043e\u0440\u043e\u0431\u043a\u0430 \u041f\u0435\u0440\u0435\u0434\u0430\u0447 \u041f\u0435\u0440\u0435\u0434\u043d\u044f\u044f \u041e\u0441\u044c &nbsp; \u0413\u0440\u0435\u0439\u0434\u0435\u0440\u044b Volvo \u0421\u0442\u0440\u043e\u0438\u0442\u0435\u043b\u044c\u0442\u0435\u043b\u044c\u043d\u0430\u044f \u043c\u0430\u0448\u0438\u043d\u0430 \u0413\u0440\u0435\u0439\u0434\u0435\u0440 \u0441 \u0434\u043b\u0438\u043d\u043d\u044b\u043c \u043d\u043e\u0436\u043e\u043c \u0438\u0441\u043f\u043e\u043b\u044c\u0437\u0443\u0435\u0442\u0441\u044f \u0434\u043b\u044f \u0432\u044b\u0440\u0430\u0432\u043d\u0438\u0432\u0430\u043d\u0438\u044f \u0433\u0440\u0443\u043d\u0442\u0430 \u0432 \u043f\u0440\u043e\u0446\u0435\u0441\u0441\u0435 \u0443\u043f\u043e\u0440\u044f\u0434\u043e\u0447\u0438\u0432\u0430\u043d\u0438\u044f \u0441\u0442\u0440\u043e\u0438\u0442\u0435\u043b\u044c\u043d\u044b\u0445 \u0440\u0430\u0431\u043e\u0442. \u0412 \u0442\u0438\u043f\u0438\u0447\u043d\u044b\u0445 \u043c\u043e\u0434\u0435\u043b\u044f\u0445 \u0434\u0432\u0438\u0433\u0430\u0442\u0435\u043b\u044c \u0438 \u043a\u0430\u0431\u0438\u043d\u0430 \u0440\u0430\u0441\u043f\u043e\u043b\u043e\u0436\u0435\u043d\u044b \u0432 [&hellip;]\" \/>\n<meta property=\"og:url\" content=\"https:\/\/eyli.com.tr\/volvo-greyder\/\" \/>\n<meta property=\"og:site_name\" content=\"Eyli \u0130\u015f Makineleri\" \/>\n<meta property=\"article:publisher\" content=\"https:\/\/www.facebook.com\/eylicomtr\" \/>\n<meta property=\"article:modified_time\" content=\"2016-10-10T12:28:34+00:00\" \/>\n<meta property=\"og:image\" content=\"http:\/\/eyli.com.tr\/wp-content\/uploads\/2016\/04\/G940.jpg\" \/>\n<meta name=\"twitter:card\" content=\"summary_large_image\" \/>\n<meta name=\"twitter:label1\" content=\"\u041f\u0440\u0438\u043c\u0435\u0440\u043d\u043e\u0435 \u0432\u0440\u0435\u043c\u044f \u0434\u043b\u044f \u0447\u0442\u0435\u043d\u0438\u044f\" \/>\n\t<meta name=\"twitter:data1\" content=\"2 \u043c\u0438\u043d\u0443\u0442\u044b\" \/>\n<script type=\"application\/ld+json\" class=\"yoast-schema-graph\">{\"@context\":\"https:\/\/schema.org\",\"@graph\":[{\"@type\":\"WebPage\",\"@id\":\"https:\/\/eyli.com.tr\/volvo-greyder\/\",\"url\":\"https:\/\/eyli.com.tr\/volvo-greyder\/\",\"name\":\"Volvo Greyder Yedek Par\u00e7alar\u0131, Greyder Yedek Par\u00e7a\",\"isPartOf\":{\"@id\":\"https:\/\/eyli.com.tr\/#website\"},\"primaryImageOfPage\":{\"@id\":\"https:\/\/eyli.com.tr\/volvo-greyder\/#primaryimage\"},\"image\":{\"@id\":\"https:\/\/eyli.com.tr\/volvo-greyder\/#primaryimage\"},\"thumbnailUrl\":\"http:\/\/eyli.com.tr\/wp-content\/uploads\/2016\/04\/G940.jpg\",\"datePublished\":\"2016-04-22T22:06:09+00:00\",\"dateModified\":\"2016-10-10T12:28:34+00:00\",\"breadcrumb\":{\"@id\":\"https:\/\/eyli.com.tr\/volvo-greyder\/#breadcrumb\"},\"inLanguage\":\"ru-RU\",\"potentialAction\":[{\"@type\":\"ReadAction\",\"target\":[\"https:\/\/eyli.com.tr\/volvo-greyder\/\"]}]},{\"@type\":\"ImageObject\",\"inLanguage\":\"ru-RU\",\"@id\":\"https:\/\/eyli.com.tr\/volvo-greyder\/#primaryimage\",\"url\":\"http:\/\/eyli.com.tr\/wp-content\/uploads\/2016\/04\/G940.jpg\",\"contentUrl\":\"http:\/\/eyli.com.tr\/wp-content\/uploads\/2016\/04\/G940.jpg\"},{\"@type\":\"BreadcrumbList\",\"@id\":\"https:\/\/eyli.com.tr\/volvo-greyder\/#breadcrumb\",\"itemListElement\":[{\"@type\":\"ListItem\",\"position\":1,\"name\":\"Ana sayfa\",\"item\":\"https:\/\/eyli.com.tr\/\"},{\"@type\":\"ListItem\",\"position\":2,\"name\":\"Volvo Greyder\"}]},{\"@type\":\"WebSite\",\"@id\":\"https:\/\/eyli.com.tr\/#website\",\"url\":\"https:\/\/eyli.com.tr\/\",\"name\":\"Eyli \u0130\u015f Makineleri\",\"description\":\"\",\"publisher\":{\"@id\":\"https:\/\/eyli.com.tr\/#organization\"},\"potentialAction\":[{\"@type\":\"SearchAction\",\"target\":{\"@type\":\"EntryPoint\",\"urlTemplate\":\"https:\/\/eyli.com.tr\/?s={search_term_string}\"},\"query-input\":{\"@type\":\"PropertyValueSpecification\",\"valueRequired\":true,\"valueName\":\"search_term_string\"}}],\"inLanguage\":\"ru-RU\"},{\"@type\":\"Organization\",\"@id\":\"https:\/\/eyli.com.tr\/#organization\",\"name\":\"Eyli \u0130\u015f Makineleri\",\"url\":\"https:\/\/eyli.com.tr\/\",\"logo\":{\"@type\":\"ImageObject\",\"inLanguage\":\"ru-RU\",\"@id\":\"https:\/\/eyli.com.tr\/#\/schema\/logo\/image\/\",\"url\":\"https:\/\/eyli.com.tr\/wp-content\/uploads\/2020\/04\/WhatsApp-Image-2020-04-23-at-03.11.52-e1587829137284.jpeg\",\"contentUrl\":\"https:\/\/eyli.com.tr\/wp-content\/uploads\/2020\/04\/WhatsApp-Image-2020-04-23-at-03.11.52-e1587829137284.jpeg\",\"width\":1600,\"height\":900,\"caption\":\"Eyli \u0130\u015f Makineleri\"},\"image\":{\"@id\":\"https:\/\/eyli.com.tr\/#\/schema\/logo\/image\/\"},\"sameAs\":[\"https:\/\/www.facebook.com\/eylicomtr\"]}]}<\/script>\n<!-- \/ Yoast SEO plugin. -->","yoast_head_json":{"title":"Volvo Greyder Yedek Par\u00e7alar\u0131, Greyder Yedek Par\u00e7a","robots":{"index":"index","follow":"follow","max-snippet":"max-snippet:-1","max-image-preview":"max-image-preview:large","max-video-preview":"max-video-preview:-1"},"canonical":"https:\/\/eyli.com.tr\/volvo-greyder\/","og_locale":"ru_RU","og_type":"article","og_title":"Volvo Greyder Yedek Par\u00e7alar\u0131, Greyder Yedek Par\u00e7a","og_description":"\u00a0 \u041c\u043e\u0434\u0435\u043b\u0438 \u0417\u0430\u043f\u0430\u0441\u043d\u044b\u0435 \u0447\u0430\u0441\u0442\u0438 G710B G720B G730B G740B G940B \u0414\u0432\u0438\u0433\u0430\u0442\u0435\u043b\u044c \u0413\u043e\u043b\u043e\u0432\u043a\u0430 \u0446\u0438\u043b\u0438\u043d\u0434\u0440\u0430 \u041f\u043e\u0440\u0448\u043d\u0438 \u041a\u043e\u043b\u0435\u043d\u0432\u0430\u043b \u041f\u043e\u0434\u0432\u0435\u0441\u043a\u0430 \u041c\u0430\u0441\u043b\u044f\u043d\u044b\u0439 \u041d\u0430\u0441\u043e\u0441 \u041c\u0430\u0441\u043b\u044f\u043d\u044b\u0439 \u0420\u0430\u0434\u0438\u0430\u0442\u043e\u0440 \u041d\u0430\u0441\u043e\u0441 \u0414\u043b\u044f \u041f\u043e\u0434\u0430\u0447\u0438 \u0413\u043e\u0440\u044e\u0447\u0435\u0433\u043e \u0422\u0443\u0440\u0431\u0438\u043d\u0430 \u0420\u0430\u0434\u0438\u0430\u0442\u043e\u0440 \u041a\u043e\u0440\u043e\u0431\u043a\u0430 \u041f\u0435\u0440\u0435\u0434\u0430\u0447 \u041f\u0435\u0440\u0435\u0434\u043d\u044f\u044f \u041e\u0441\u044c &nbsp; \u0413\u0440\u0435\u0439\u0434\u0435\u0440\u044b Volvo \u0421\u0442\u0440\u043e\u0438\u0442\u0435\u043b\u044c\u0442\u0435\u043b\u044c\u043d\u0430\u044f \u043c\u0430\u0448\u0438\u043d\u0430 \u0413\u0440\u0435\u0439\u0434\u0435\u0440 \u0441 \u0434\u043b\u0438\u043d\u043d\u044b\u043c \u043d\u043e\u0436\u043e\u043c \u0438\u0441\u043f\u043e\u043b\u044c\u0437\u0443\u0435\u0442\u0441\u044f \u0434\u043b\u044f \u0432\u044b\u0440\u0430\u0432\u043d\u0438\u0432\u0430\u043d\u0438\u044f \u0433\u0440\u0443\u043d\u0442\u0430 \u0432 \u043f\u0440\u043e\u0446\u0435\u0441\u0441\u0435 \u0443\u043f\u043e\u0440\u044f\u0434\u043e\u0447\u0438\u0432\u0430\u043d\u0438\u044f \u0441\u0442\u0440\u043e\u0438\u0442\u0435\u043b\u044c\u043d\u044b\u0445 \u0440\u0430\u0431\u043e\u0442. \u0412 \u0442\u0438\u043f\u0438\u0447\u043d\u044b\u0445 \u043c\u043e\u0434\u0435\u043b\u044f\u0445 \u0434\u0432\u0438\u0433\u0430\u0442\u0435\u043b\u044c \u0438 \u043a\u0430\u0431\u0438\u043d\u0430 \u0440\u0430\u0441\u043f\u043e\u043b\u043e\u0436\u0435\u043d\u044b \u0432 [&hellip;]","og_url":"https:\/\/eyli.com.tr\/volvo-greyder\/","og_site_name":"Eyli \u0130\u015f Makineleri","article_publisher":"https:\/\/www.facebook.com\/eylicomtr","article_modified_time":"2016-10-10T12:28:34+00:00","og_image":[{"url":"http:\/\/eyli.com.tr\/wp-content\/uploads\/2016\/04\/G940.jpg","type":"","width":"","height":""}],"twitter_card":"summary_large_image","twitter_misc":{"\u041f\u0440\u0438\u043c\u0435\u0440\u043d\u043e\u0435 \u0432\u0440\u0435\u043c\u044f \u0434\u043b\u044f \u0447\u0442\u0435\u043d\u0438\u044f":"2 \u043c\u0438\u043d\u0443\u0442\u044b"},"schema":{"@context":"https:\/\/schema.org","@graph":[{"@type":"WebPage","@id":"https:\/\/eyli.com.tr\/volvo-greyder\/","url":"https:\/\/eyli.com.tr\/volvo-greyder\/","name":"Volvo Greyder Yedek Par\u00e7alar\u0131, Greyder Yedek Par\u00e7a","isPartOf":{"@id":"https:\/\/eyli.com.tr\/#website"},"primaryImageOfPage":{"@id":"https:\/\/eyli.com.tr\/volvo-greyder\/#primaryimage"},"image":{"@id":"https:\/\/eyli.com.tr\/volvo-greyder\/#primaryimage"},"thumbnailUrl":"http:\/\/eyli.com.tr\/wp-content\/uploads\/2016\/04\/G940.jpg","datePublished":"2016-04-22T22:06:09+00:00","dateModified":"2016-10-10T12:28:34+00:00","breadcrumb":{"@id":"https:\/\/eyli.com.tr\/volvo-greyder\/#breadcrumb"},"inLanguage":"ru-RU","potentialAction":[{"@type":"ReadAction","target":["https:\/\/eyli.com.tr\/volvo-greyder\/"]}]},{"@type":"ImageObject","inLanguage":"ru-RU","@id":"https:\/\/eyli.com.tr\/volvo-greyder\/#primaryimage","url":"http:\/\/eyli.com.tr\/wp-content\/uploads\/2016\/04\/G940.jpg","contentUrl":"http:\/\/eyli.com.tr\/wp-content\/uploads\/2016\/04\/G940.jpg"},{"@type":"BreadcrumbList","@id":"https:\/\/eyli.com.tr\/volvo-greyder\/#breadcrumb","itemListElement":[{"@type":"ListItem","position":1,"name":"Ana sayfa","item":"https:\/\/eyli.com.tr\/"},{"@type":"ListItem","position":2,"name":"Volvo Greyder"}]},{"@type":"WebSite","@id":"https:\/\/eyli.com.tr\/#website","url":"https:\/\/eyli.com.tr\/","name":"Eyli \u0130\u015f Makineleri","description":"","publisher":{"@id":"https:\/\/eyli.com.tr\/#organization"},"potentialAction":[{"@type":"SearchAction","target":{"@type":"EntryPoint","urlTemplate":"https:\/\/eyli.com.tr\/?s={search_term_string}"},"query-input":{"@type":"PropertyValueSpecification","valueRequired":true,"valueName":"search_term_string"}}],"inLanguage":"ru-RU"},{"@type":"Organization","@id":"https:\/\/eyli.com.tr\/#organization","name":"Eyli \u0130\u015f Makineleri","url":"https:\/\/eyli.com.tr\/","logo":{"@type":"ImageObject","inLanguage":"ru-RU","@id":"https:\/\/eyli.com.tr\/#\/schema\/logo\/image\/","url":"https:\/\/eyli.com.tr\/wp-content\/uploads\/2020\/04\/WhatsApp-Image-2020-04-23-at-03.11.52-e1587829137284.jpeg","contentUrl":"https:\/\/eyli.com.tr\/wp-content\/uploads\/2020\/04\/WhatsApp-Image-2020-04-23-at-03.11.52-e1587829137284.jpeg","width":1600,"height":900,"caption":"Eyli \u0130\u015f Makineleri"},"image":{"@id":"https:\/\/eyli.com.tr\/#\/schema\/logo\/image\/"},"sameAs":["https:\/\/www.facebook.com\/eylicomtr"]}]}},"_links":{"self":[{"href":"https:\/\/eyli.com.tr\/ru\/wp-json\/wp\/v2\/pages\/231","targetHints":{"allow":["GET"]}}],"collection":[{"href":"https:\/\/eyli.com.tr\/ru\/wp-json\/wp\/v2\/pages"}],"about":[{"href":"https:\/\/eyli.com.tr\/ru\/wp-json\/wp\/v2\/types\/page"}],"author":[{"embeddable":true,"href":"https:\/\/eyli.com.tr\/ru\/wp-json\/wp\/v2\/users\/1"}],"replies":[{"embeddable":true,"href":"https:\/\/eyli.com.tr\/ru\/wp-json\/wp\/v2\/comments?post=231"}],"version-history":[{"count":8,"href":"https:\/\/eyli.com.tr\/ru\/wp-json\/wp\/v2\/pages\/231\/revisions"}],"predecessor-version":[{"id":1648,"href":"https:\/\/eyli.com.tr\/ru\/wp-json\/wp\/v2\/pages\/231\/revisions\/1648"}],"wp:attachment":[{"href":"https:\/\/eyli.com.tr\/ru\/wp-json\/wp\/v2\/media?parent=231"}],"curies":[{"name":"wp","href":"https:\/\/api.w.org\/{rel}","templated":true}]}}