{"id":228,"date":"2016-04-23T01:03:59","date_gmt":"2016-04-22T22:03:59","guid":{"rendered":"http:\/\/localhost:85\/sinyol\/?page_id=228"},"modified":"2016-10-11T17:27:08","modified_gmt":"2016-10-11T14:27:08","slug":"volvo-tekerlekli-yukleyici","status":"publish","type":"page","link":"https:\/\/eyli.com.tr\/ru\/volvo-tekerlekli-yukleyici\/","title":{"rendered":"\u041a\u043e\u043b\u0451\u0441\u043d\u044b\u0435 \u043f\u043e\u0433\u0440\u0443\u0437\u0447\u0438\u043a\u0438 Volvo"},"content":{"rendered":"<p><\/p>\n<table class=\"table table-bordered\">\n<tbody>\n<tr>\n<td rowspan=\"2\">\u00a0 <img loading=\"lazy\" decoding=\"async\" class=\"aligncenter size-large wp-image-229\" src=\"http:\/\/eyli.com.tr\/wp-content\/uploads\/2016\/04\/Volvo-L350F-1024x768.jpg\" alt=\"Volvo-L350F\" width=\"640\" height=\"480\" srcset=\"https:\/\/eyli.com.tr\/wp-content\/uploads\/2016\/04\/Volvo-L350F-1024x768.jpg 1024w, https:\/\/eyli.com.tr\/wp-content\/uploads\/2016\/04\/Volvo-L350F-300x225.jpg 300w, https:\/\/eyli.com.tr\/wp-content\/uploads\/2016\/04\/Volvo-L350F.jpg 1600w\" sizes=\"auto, (max-width: 640px) 100vw, 640px\" \/><\/td>\n<td style=\"text-align: center;\">\n<h2><strong>\u041c\u043e\u0434\u0435\u043b\u0438<\/strong><\/h2>\n<\/td>\n<td style=\"text-align: center;\">\n<h2><strong>\u0417\u0430\u043f\u0430\u0441\u043d\u044b\u0435 \u0447\u0430\u0441\u0442\u0438<\/strong><\/h2>\n<\/td>\n<\/tr>\n<tr>\n<td>\n<ul>\n<li><a href=\"http:\/\/eyli.com.tr\/volvo-tekerlekli-yukleyici-l120e-l120f-l120g\/\">L120E<\/a><\/li>\n<li><a href=\"http:\/\/eyli.com.tr\/volvo-tekerlekli-yukleyici-l120e-l120f-l120g\/\">L120F<\/a><\/li>\n<li><a href=\"http:\/\/eyli.com.tr\/volvo-tekerlekli-yukleyici-l120e-l120f-l120g\/\">L120G<\/a><\/li>\n<li><a href=\"http:\/\/eyli.com.tr\/volvo-tekerlekli-yukleyici-l150e-l150f-l150g\/\">L150E<\/a><\/li>\n<li><a href=\"http:\/\/eyli.com.tr\/volvo-tekerlekli-yukleyici-l150e-l150f-l150g\/\">L150F<\/a><\/li>\n<li><a href=\"http:\/\/eyli.com.tr\/volvo-tekerlekli-yukleyici-l150e-l150f-l150g\/\">L150G<\/a><\/li>\n<li><a href=\"http:\/\/eyli.com.tr\/volvo-tekerlekli-yukleyici-l180e-l180f-l180g\/\">L180E<\/a><\/li>\n<li><a href=\"http:\/\/eyli.com.tr\/volvo-tekerlekli-yukleyici-l180e-l180f-l180g\/\">L180F<\/a><\/li>\n<li><a href=\"http:\/\/eyli.com.tr\/volvo-tekerlekli-yukleyici-l180e-l180f-l180g\/\">L180G<\/a><\/li>\n<li><a href=\"http:\/\/eyli.com.tr\/volvo-tekerlekli-yukleyici-l220e-l220f-l220g\/\">L220E<\/a><\/li>\n<li><a href=\"http:\/\/eyli.com.tr\/volvo-tekerlekli-yukleyici-l220e-l220f-l220g\/\">L220F<\/a><\/li>\n<li><a href=\"http:\/\/eyli.com.tr\/volvo-tekerlekli-yukleyici-l220e-l220f-l220g\/\">L220G<\/a><\/li>\n<li><a href=\"http:\/\/eyli.com.tr\/tekerlekli-yukleyici-l250g\/\">L250G<\/a><\/li>\n<li><a href=\"http:\/\/eyli.com.tr\/volvo-tekerlekli-yukleyici-l330c\/\">L330C<\/a><\/li>\n<li><a href=\"http:\/\/eyli.com.tr\/volvo-tekerlekli-yukleyici-l350f\/\">L350F<\/a><\/li>\n<\/ul>\n<\/td>\n<td>\n<ul>\n<li><a href=\"http:\/\/eyli.com.tr\/tekerlekli-yukleyici-motor\/\">\u0414\u0432\u0438\u0433\u0430\u0442\u0435\u043b\u044c<\/a><\/li>\n<li><a href=\"http:\/\/eyli.com.tr\/tekerlekli-yukleyici-motor-tamir-kit\/\">\u041a\u043e\u043c\u043f\u043b\u0435\u043a\u0442 \u0438\u043d\u0441\u0442\u0440\u0443\u043c\u0435\u043d\u0442\u043e\u0432 \u0434\u0432\u0438\u0433\u0430\u0442\u0435\u043b\u044f<\/a><\/li>\n<li><a href=\"http:\/\/eyli.com.tr\/tekerlekli-yukleyici-silindir-kapak-contasi\/\">\u041f\u0440\u043e\u043a\u043b\u0430\u0434\u043a\u0430 \u0433\u043e\u043b\u043e\u0432\u043a\u0438 \u0431\u043b\u043e\u043a\u0430 \u0446\u0438\u043b\u0438\u043d\u0434\u0440\u043e\u0432<\/a><\/li>\n<li><a href=\"http:\/\/eyli.com.tr\/tekerlekli-yukleyici-emme-subap\/\">\u0432\u043f\u0443\u0441\u043a\u043d\u043e\u0439 \u043a\u043b\u0430\u043f\u0430\u043d<\/a><\/li>\n<li><a href=\"http:\/\/eyli.com.tr\/tekerlekli-yukleyici-eksoz-subap\/\">\u0432\u044b\u043f\u0443\u0441\u043a\u043d\u043e\u0439 \u043a\u043b\u0430\u043f\u0430\u043d <\/a><\/li>\n<li><a href=\"http:\/\/eyli.com.tr\/tekerlekli-yukleyici-piston-set\/\">\u043a\u043e\u043c\u043f\u043b\u0435\u043a\u0442 \u043f\u043e\u0440\u0448\u043d\u0435\u0439<\/a><\/li>\n<li><a href=\"http:\/\/eyli.com.tr\/tekerlekli-yukleyici-yag-sogutucu\/\">\u043c\u0430\u0441\u043b\u044f\u043d\u044b\u0439 \u0440\u0430\u0434\u0438\u0430\u0442\u043e\u0440 <\/a><\/li>\n<li><a href=\"http:\/\/eyli.com.tr\/tekerlekli-yukleyici-enjektor\/\">\u0440\u0430\u0441\u043f\u044b\u043b\u0438\u0442\u0435\u043b\u044c<\/a><\/li>\n<li><a href=\"http:\/\/eyli.com.tr\/tekerlekli-yukleyici-turbo\/\">\u0442\u0443\u0440\u0431\u0438\u043d\u0430<\/a><\/li>\n<li><a href=\"http:\/\/eyli.com.tr\/tekerlekli-yukleyici-su-pompasi-su-tanki\/\">\u0412\u043e\u0434\u044f\u043d\u043e\u0439 \u043d\u0430\u0441\u043e\u0441 (\u0440\u0435\u0437\u0435\u0440\u0432\u0443\u0430\u0440 \u0434\u043b\u044f \u0432\u043e\u0434\u044b)<\/a><\/li>\n<li><a href=\"http:\/\/eyli.com.tr\/tekerlekli-yukleyici-su-pompasi-devir-daim\/\">\u0412\u043e\u0434\u044f\u043d\u043e\u0439 \u043d\u0430\u0441\u043e\u0441 (\u0446\u0438\u0440\u043a\u0443\u043b\u044f\u0446\u0438\u044f)<\/a><\/li>\n<li><a href=\"http:\/\/eyli.com.tr\/tekerlekli-yukleyici-fan\/\">\u0432\u0435\u043d\u0442\u0438\u043b\u044f\u0442\u043e\u0440<\/a><\/li>\n<li><a href=\"http:\/\/eyli.com.tr\/tekerlekli-yukleyici-tork\/\">\u043a\u0440\u0443\u0442\u044f\u0449\u0438\u0439 \u043c\u043e\u043c\u0435\u043d\u0442<\/a><\/li>\n<li><a href=\"http:\/\/eyli.com.tr\/tekerlekli-yukleyici-sanziman\/\">\u043a\u043e\u0440\u043e\u0431\u043a\u0430 \u043f\u0435\u0440\u0435\u0434\u0430\u0447 <\/a><\/li>\n<li><a href=\"http:\/\/eyli.com.tr\/tekerlekli-yukleyici-saft\/\">\u0432\u0430\u043b<\/a><\/li>\n<li><a href=\"http:\/\/eyli.com.tr\/tekerlekli-yukleyici-ayna-mahruti\/\">\u0431\u043e\u0440\u0442\u043e\u0432\u0430\u044f \u043f\u0435\u0440\u0435\u0434\u0430\u0447\u0430 <\/a><\/li>\n<li><a href=\"http:\/\/eyli.com.tr\/tekerlekli-yukleyici-hidrolik-yag-sogutucu\/\">\u0413\u0438\u0434\u0440\u0430\u0432\u043b\u0438\u0447\u0435\u0441\u043a\u0438\u0439 \u043c\u0430\u0441\u043b\u044f\u043d\u044b\u0439 \u0440\u0430\u0434\u0438\u0430\u0442\u043e\u0440 <\/a><\/li>\n<li><a href=\"http:\/\/eyli.com.tr\/tekerlekli-yukleyici-on-fren-balata\/\">\u043f\u0435\u0440\u0435\u0434\u043d\u0438\u0435 \u0442\u043e\u0440\u043c\u043e\u0437\u043d\u044b\u0435 \u043a\u043e\u043b\u043e\u0434\u043a\u0438<\/a><\/li>\n<li><a href=\"http:\/\/eyli.com.tr\/tekerlekli-yukleyici-arka-fren-balata\/\">\u0437\u0430\u0434\u043d\u0438\u0435 \u0442\u043e\u0440\u043c\u043e\u0437\u043d\u044b\u0435 \u043a\u043e\u043b\u043e\u0434\u043a\u0438 <\/a><\/li>\n<li><a href=\"http:\/\/eyli.com.tr\/tekerlekli-yukleyici-fren-tupleri\/\">\u0442\u043e\u0440\u043c\u043e\u0437\u043d\u044b\u0435 \u0442\u0440\u0443\u0431\u043a\u0438<\/a><\/li>\n<li><a href=\"http:\/\/eyli.com.tr\/tekerlekli-yukleyici-valf\/\">\u043a\u043b\u0430\u043f\u0430\u043d<\/a><\/li>\n<li><a href=\"http:\/\/eyli.com.tr\/tekerlekli-yukleyici-direksiyon-pompasi\/\">\u043d\u0430\u0441\u043e\u0441 \u0440\u0443\u043b\u0435\u0432\u043e\u0433\u043e \u0443\u043f\u0440\u0430\u0432\u043b\u0435\u043d\u0438\u044f<\/a><\/li>\n<li><a href=\"http:\/\/eyli.com.tr\/tekerlekli-yukleyici-kabin-takozlari\/\">\u00a0\u043f\u043e\u0434\u0432\u0435\u0441\u043a\u0430 \u043a\u0430\u0431\u0438\u043d\u044b <\/a><\/li>\n<li><a href=\"http:\/\/eyli.com.tr\/tekerlekli-yukleyici-amortisor\/\">\u0410\u043c\u043e\u0440\u0442\u0438\u0437\u0430\u0442\u043e\u0440<\/a><\/li>\n<li><a href=\"http:\/\/eyli.com.tr\/tekerlekli-yukleyici-hidrolik-pompa\/\">\u0433\u0438\u0434\u0440\u0430\u0432\u043b\u0438\u0447\u0435\u0441\u043a\u0438\u0439 \u043d\u0430\u0441\u043e\u0441<\/a><\/li>\n<li><a href=\"http:\/\/eyli.com.tr\/tekerlekli-yukleyici-cekirge\/\">\u0440\u0435\u0441\u0441\u043e\u0440\u0430<\/a><\/li>\n<li><a href=\"http:\/\/eyli.com.tr\/tekerlekli-yukleyici-hidrolik-silindir\/\">\u0433\u0438\u0434\u0440\u0430\u0432\u043b\u0438\u0447\u0435\u0441\u043a\u0438\u0439 \u0446\u0438\u043b\u0438\u043d\u0434\u0440 <\/a><\/li>\n<\/ul>\n<\/td>\n<\/tr>\n<\/tbody>\n<\/table>\n<p><strong>\u041a\u043e\u043b\u0451\u0441\u043d\u044b\u0435 \u043f\u043e\u0433\u0440\u0443\u0437\u0447\u0438\u043a\u0438<\/strong><\/p>\n<p>\u041a\u043e\u043b\u0451\u0441\u043d\u044b\u0435 \u043f\u043e\u0433\u0440\u0443\u0437\u0447\u0438\u043a\u0438 \u0438\u0441\u043f\u043e\u043b\u044c\u0437\u0443\u044e\u0442\u0441\u044f \u0434\u043b\u044f \u0440\u0430\u0437\u043c\u0435\u0449\u0435\u043d\u0438\u044f \u043c\u0430\u0442\u0435\u0440\u0438\u0430\u043b\u043e\u0432 \u0432 \u0441\u0430\u043c\u043e\u0441\u0432\u0430\u043b\u044b \u0441 \u043f\u043e\u0433\u0440\u0443\u0437\u043e\u0447\u043d\u044b\u043c\u0438 \u043a\u043e\u0432\u0448\u0430\u043c\u0438, \u043d\u0430 \u043a\u043e\u043d\u0432\u0435\u0439\u0435\u0440\u043d\u044b\u0435 \u043b\u0435\u043d\u0442\u044b \u0438\u043b\u0438 \u0437\u0430\u0433\u0440\u0443\u0437\u043e\u0447\u043d\u044b\u0439 \u043a\u043e\u0432\u0448. \u0418\u0441\u043f\u043e\u043b\u044c\u0437\u0443\u0435\u043c\u044b\u0435 \u043c\u0430\u0442\u0435\u0440\u0438\u0430\u043b\u044b &#8212; \u0430\u0441\u0444\u0430\u043b\u044c\u0442, \u043a\u0443\u0441\u043a\u0438 \u043c\u0443\u0441\u043e\u0440\u0430, \u0433\u0440\u044f\u0437\u044c, \u0433\u0440\u0430\u0432\u0438\u0439, \u0431\u0440\u0435\u0432\u043d\u0430, \u0440\u0430\u0437\u043d\u043e\u0433\u043e \u0440\u043e\u0434\u0430 \u0441\u044b\u0440\u044c\u0435, \u043f\u0435\u0440\u0435\u0440\u0430\u0431\u043e\u0442\u0430\u043d\u043d\u044b\u0435 \u043c\u0430\u0442\u0435\u0440\u0438\u0430\u043b\u044b, \u043a\u0430\u043c\u043d\u0438, \u043f\u0435\u0441\u043e\u043a, \u0434\u0440\u0435\u0432\u0435\u0441\u043d\u044b\u0435 \u043e\u043f\u0438\u043b\u043a\u0438. \u041a\u043e\u043b\u0451\u0441\u043d\u044b\u0435 \u043f\u043e\u0433\u0440\u0443\u0437\u0447\u0438\u043a\u0438 \u0431\u044b\u0432\u0430\u044e\u0442 \u0440\u0430\u0437\u043d\u044b\u0445 \u0442\u0438\u043f\u043e\u0432 \u0438 \u043c\u0430\u0440\u043e\u043a. \u0421\u0430\u043c\u044b\u043c\u0438 \u043f\u043e\u043f\u0443\u043b\u044f\u0440\u043d\u044b\u043c\u0438 \u043c\u0430\u0440\u043a\u0430\u043c\u0438 &#8212; \u043f\u0440\u043e\u0438\u0437\u0432\u043e\u0434\u0438\u0442\u0435\u043b\u044f\u043c\u0438 \u044f\u0432\u043b\u044f\u044e\u0442\u0441\u044f Volvo, Caterpillar\u00a0\u0438 Komatsu. \u041d\u0430\u0438\u0431\u043e\u043b\u0435\u0435 \u0440\u0430\u0441\u043f\u0440\u043e\u0441\u0442\u0440\u0430\u043d\u0435\u043d\u043d\u044b\u043c \u0442\u0438\u043f\u043e\u043c \u044f\u0432\u043b\u044e\u0442\u0441\u044f \u0444\u0440\u043e\u043d\u0442\u0430\u043b\u044c\u043d\u044b\u0435 \u043f\u043e\u0433\u0440\u0443\u0437\u0447\u0438\u043a\u0438.<\/p>","protected":false},"excerpt":{"rendered":"<p>\u00a0 \u041c\u043e\u0434\u0435\u043b\u0438 \u0417\u0430\u043f\u0430\u0441\u043d\u044b\u0435 \u0447\u0430\u0441\u0442\u0438 L120E L120F L120G L150E L150F L150G L180E L180F L180G L220E L220F L220G L250G L330C L350F \u0414\u0432\u0438\u0433\u0430\u0442\u0435\u043b\u044c \u041a\u043e\u043c\u043f\u043b\u0435\u043a\u0442 \u0438\u043d\u0441\u0442\u0440\u0443\u043c\u0435\u043d\u0442\u043e\u0432 \u0434\u0432\u0438\u0433\u0430\u0442\u0435\u043b\u044f \u041f\u0440\u043e\u043a\u043b\u0430\u0434\u043a\u0430 \u0433\u043e\u043b\u043e\u0432\u043a\u0438 \u0431\u043b\u043e\u043a\u0430 \u0446\u0438\u043b\u0438\u043d\u0434\u0440\u043e\u0432 \u0432\u043f\u0443\u0441\u043a\u043d\u043e\u0439 \u043a\u043b\u0430\u043f\u0430\u043d \u0432\u044b\u043f\u0443\u0441\u043a\u043d\u043e\u0439 \u043a\u043b\u0430\u043f\u0430\u043d \u043a\u043e\u043c\u043f\u043b\u0435\u043a\u0442 \u043f\u043e\u0440\u0448\u043d\u0435\u0439 \u043c\u0430\u0441\u043b\u044f\u043d\u044b\u0439 \u0440\u0430\u0434\u0438\u0430\u0442\u043e\u0440 \u0440\u0430\u0441\u043f\u044b\u043b\u0438\u0442\u0435\u043b\u044c \u0442\u0443\u0440\u0431\u0438\u043d\u0430 \u0412\u043e\u0434\u044f\u043d\u043e\u0439 \u043d\u0430\u0441\u043e\u0441 (\u0440\u0435\u0437\u0435\u0440\u0432\u0443\u0430\u0440 \u0434\u043b\u044f \u0432\u043e\u0434\u044b) \u0412\u043e\u0434\u044f\u043d\u043e\u0439 \u043d\u0430\u0441\u043e\u0441 (\u0446\u0438\u0440\u043a\u0443\u043b\u044f\u0446\u0438\u044f) \u0432\u0435\u043d\u0442\u0438\u043b\u044f\u0442\u043e\u0440 \u043a\u0440\u0443\u0442\u044f\u0449\u0438\u0439 \u043c\u043e\u043c\u0435\u043d\u0442 \u043a\u043e\u0440\u043e\u0431\u043a\u0430 \u043f\u0435\u0440\u0435\u0434\u0430\u0447 \u0432\u0430\u043b \u0431\u043e\u0440\u0442\u043e\u0432\u0430\u044f \u043f\u0435\u0440\u0435\u0434\u0430\u0447\u0430 \u0413\u0438\u0434\u0440\u0430\u0432\u043b\u0438\u0447\u0435\u0441\u043a\u0438\u0439 \u043c\u0430\u0441\u043b\u044f\u043d\u044b\u0439 [&hellip;]<\/p>\n","protected":false},"author":1,"featured_media":0,"parent":0,"menu_order":0,"comment_status":"closed","ping_status":"closed","template":"page-fullwidth.php","meta":{"footnotes":""},"class_list":["post-228","page","type-page","status-publish","hentry"],"yoast_head":"<!-- This site is optimized with the Yoast SEO plugin v26.8 - https:\/\/yoast.com\/product\/yoast-seo-wordpress\/ -->\n<title>Volvo Tekerlekli Y\u00fckleyici Yedek Par\u00e7alar\u0131<\/title>\n<meta name=\"robots\" content=\"index, follow, max-snippet:-1, max-image-preview:large, max-video-preview:-1\" \/>\n<link rel=\"canonical\" href=\"https:\/\/eyli.com.tr\/volvo-tekerlekli-yukleyici\/\" \/>\n<meta property=\"og:locale\" content=\"ru_RU\" \/>\n<meta property=\"og:type\" content=\"article\" \/>\n<meta property=\"og:title\" content=\"Volvo Tekerlekli Y\u00fckleyici Yedek Par\u00e7alar\u0131\" \/>\n<meta property=\"og:description\" content=\"\u00a0 \u041c\u043e\u0434\u0435\u043b\u0438 \u0417\u0430\u043f\u0430\u0441\u043d\u044b\u0435 \u0447\u0430\u0441\u0442\u0438 L120E L120F L120G L150E L150F L150G L180E L180F L180G L220E L220F L220G L250G L330C L350F \u0414\u0432\u0438\u0433\u0430\u0442\u0435\u043b\u044c \u041a\u043e\u043c\u043f\u043b\u0435\u043a\u0442 \u0438\u043d\u0441\u0442\u0440\u0443\u043c\u0435\u043d\u0442\u043e\u0432 \u0434\u0432\u0438\u0433\u0430\u0442\u0435\u043b\u044f \u041f\u0440\u043e\u043a\u043b\u0430\u0434\u043a\u0430 \u0433\u043e\u043b\u043e\u0432\u043a\u0438 \u0431\u043b\u043e\u043a\u0430 \u0446\u0438\u043b\u0438\u043d\u0434\u0440\u043e\u0432 \u0432\u043f\u0443\u0441\u043a\u043d\u043e\u0439 \u043a\u043b\u0430\u043f\u0430\u043d \u0432\u044b\u043f\u0443\u0441\u043a\u043d\u043e\u0439 \u043a\u043b\u0430\u043f\u0430\u043d \u043a\u043e\u043c\u043f\u043b\u0435\u043a\u0442 \u043f\u043e\u0440\u0448\u043d\u0435\u0439 \u043c\u0430\u0441\u043b\u044f\u043d\u044b\u0439 \u0440\u0430\u0434\u0438\u0430\u0442\u043e\u0440 \u0440\u0430\u0441\u043f\u044b\u043b\u0438\u0442\u0435\u043b\u044c \u0442\u0443\u0440\u0431\u0438\u043d\u0430 \u0412\u043e\u0434\u044f\u043d\u043e\u0439 \u043d\u0430\u0441\u043e\u0441 (\u0440\u0435\u0437\u0435\u0440\u0432\u0443\u0430\u0440 \u0434\u043b\u044f \u0432\u043e\u0434\u044b) \u0412\u043e\u0434\u044f\u043d\u043e\u0439 \u043d\u0430\u0441\u043e\u0441 (\u0446\u0438\u0440\u043a\u0443\u043b\u044f\u0446\u0438\u044f) \u0432\u0435\u043d\u0442\u0438\u043b\u044f\u0442\u043e\u0440 \u043a\u0440\u0443\u0442\u044f\u0449\u0438\u0439 \u043c\u043e\u043c\u0435\u043d\u0442 \u043a\u043e\u0440\u043e\u0431\u043a\u0430 \u043f\u0435\u0440\u0435\u0434\u0430\u0447 \u0432\u0430\u043b \u0431\u043e\u0440\u0442\u043e\u0432\u0430\u044f \u043f\u0435\u0440\u0435\u0434\u0430\u0447\u0430 \u0413\u0438\u0434\u0440\u0430\u0432\u043b\u0438\u0447\u0435\u0441\u043a\u0438\u0439 \u043c\u0430\u0441\u043b\u044f\u043d\u044b\u0439 [&hellip;]\" \/>\n<meta property=\"og:url\" content=\"https:\/\/eyli.com.tr\/volvo-tekerlekli-yukleyici\/\" \/>\n<meta property=\"og:site_name\" content=\"Eyli \u0130\u015f Makineleri\" \/>\n<meta property=\"article:publisher\" content=\"https:\/\/www.facebook.com\/eylicomtr\" \/>\n<meta property=\"article:modified_time\" content=\"2016-10-11T14:27:08+00:00\" \/>\n<meta property=\"og:image\" content=\"http:\/\/eyli.com.tr\/wp-content\/uploads\/2016\/04\/Volvo-L350F-1024x768.jpg\" \/>\n<meta name=\"twitter:card\" content=\"summary_large_image\" \/>\n<meta name=\"twitter:label1\" content=\"\u041f\u0440\u0438\u043c\u0435\u0440\u043d\u043e\u0435 \u0432\u0440\u0435\u043c\u044f \u0434\u043b\u044f \u0447\u0442\u0435\u043d\u0438\u044f\" \/>\n\t<meta name=\"twitter:data1\" content=\"2 \u043c\u0438\u043d\u0443\u0442\u044b\" \/>\n<script type=\"application\/ld+json\" class=\"yoast-schema-graph\">{\"@context\":\"https:\/\/schema.org\",\"@graph\":[{\"@type\":\"WebPage\",\"@id\":\"https:\/\/eyli.com.tr\/volvo-tekerlekli-yukleyici\/\",\"url\":\"https:\/\/eyli.com.tr\/volvo-tekerlekli-yukleyici\/\",\"name\":\"Volvo Tekerlekli Y\u00fckleyici Yedek Par\u00e7alar\u0131\",\"isPartOf\":{\"@id\":\"https:\/\/eyli.com.tr\/#website\"},\"primaryImageOfPage\":{\"@id\":\"https:\/\/eyli.com.tr\/volvo-tekerlekli-yukleyici\/#primaryimage\"},\"image\":{\"@id\":\"https:\/\/eyli.com.tr\/volvo-tekerlekli-yukleyici\/#primaryimage\"},\"thumbnailUrl\":\"http:\/\/eyli.com.tr\/wp-content\/uploads\/2016\/04\/Volvo-L350F-1024x768.jpg\",\"datePublished\":\"2016-04-22T22:03:59+00:00\",\"dateModified\":\"2016-10-11T14:27:08+00:00\",\"breadcrumb\":{\"@id\":\"https:\/\/eyli.com.tr\/volvo-tekerlekli-yukleyici\/#breadcrumb\"},\"inLanguage\":\"ru-RU\",\"potentialAction\":[{\"@type\":\"ReadAction\",\"target\":[\"https:\/\/eyli.com.tr\/volvo-tekerlekli-yukleyici\/\"]}]},{\"@type\":\"ImageObject\",\"inLanguage\":\"ru-RU\",\"@id\":\"https:\/\/eyli.com.tr\/volvo-tekerlekli-yukleyici\/#primaryimage\",\"url\":\"http:\/\/eyli.com.tr\/wp-content\/uploads\/2016\/04\/Volvo-L350F-1024x768.jpg\",\"contentUrl\":\"http:\/\/eyli.com.tr\/wp-content\/uploads\/2016\/04\/Volvo-L350F-1024x768.jpg\"},{\"@type\":\"BreadcrumbList\",\"@id\":\"https:\/\/eyli.com.tr\/volvo-tekerlekli-yukleyici\/#breadcrumb\",\"itemListElement\":[{\"@type\":\"ListItem\",\"position\":1,\"name\":\"Ana sayfa\",\"item\":\"https:\/\/eyli.com.tr\/\"},{\"@type\":\"ListItem\",\"position\":2,\"name\":\"Volvo Tekerlekli Y\u00fckleyici\"}]},{\"@type\":\"WebSite\",\"@id\":\"https:\/\/eyli.com.tr\/#website\",\"url\":\"https:\/\/eyli.com.tr\/\",\"name\":\"Eyli \u0130\u015f Makineleri\",\"description\":\"\",\"publisher\":{\"@id\":\"https:\/\/eyli.com.tr\/#organization\"},\"potentialAction\":[{\"@type\":\"SearchAction\",\"target\":{\"@type\":\"EntryPoint\",\"urlTemplate\":\"https:\/\/eyli.com.tr\/?s={search_term_string}\"},\"query-input\":{\"@type\":\"PropertyValueSpecification\",\"valueRequired\":true,\"valueName\":\"search_term_string\"}}],\"inLanguage\":\"ru-RU\"},{\"@type\":\"Organization\",\"@id\":\"https:\/\/eyli.com.tr\/#organization\",\"name\":\"Eyli \u0130\u015f Makineleri\",\"url\":\"https:\/\/eyli.com.tr\/\",\"logo\":{\"@type\":\"ImageObject\",\"inLanguage\":\"ru-RU\",\"@id\":\"https:\/\/eyli.com.tr\/#\/schema\/logo\/image\/\",\"url\":\"https:\/\/eyli.com.tr\/wp-content\/uploads\/2020\/04\/WhatsApp-Image-2020-04-23-at-03.11.52-e1587829137284.jpeg\",\"contentUrl\":\"https:\/\/eyli.com.tr\/wp-content\/uploads\/2020\/04\/WhatsApp-Image-2020-04-23-at-03.11.52-e1587829137284.jpeg\",\"width\":1600,\"height\":900,\"caption\":\"Eyli \u0130\u015f Makineleri\"},\"image\":{\"@id\":\"https:\/\/eyli.com.tr\/#\/schema\/logo\/image\/\"},\"sameAs\":[\"https:\/\/www.facebook.com\/eylicomtr\"]}]}<\/script>\n<!-- \/ Yoast SEO plugin. -->","yoast_head_json":{"title":"Volvo Tekerlekli Y\u00fckleyici Yedek Par\u00e7alar\u0131","robots":{"index":"index","follow":"follow","max-snippet":"max-snippet:-1","max-image-preview":"max-image-preview:large","max-video-preview":"max-video-preview:-1"},"canonical":"https:\/\/eyli.com.tr\/volvo-tekerlekli-yukleyici\/","og_locale":"ru_RU","og_type":"article","og_title":"Volvo Tekerlekli Y\u00fckleyici Yedek Par\u00e7alar\u0131","og_description":"\u00a0 \u041c\u043e\u0434\u0435\u043b\u0438 \u0417\u0430\u043f\u0430\u0441\u043d\u044b\u0435 \u0447\u0430\u0441\u0442\u0438 L120E L120F L120G L150E L150F L150G L180E L180F L180G L220E L220F L220G L250G L330C L350F \u0414\u0432\u0438\u0433\u0430\u0442\u0435\u043b\u044c \u041a\u043e\u043c\u043f\u043b\u0435\u043a\u0442 \u0438\u043d\u0441\u0442\u0440\u0443\u043c\u0435\u043d\u0442\u043e\u0432 \u0434\u0432\u0438\u0433\u0430\u0442\u0435\u043b\u044f \u041f\u0440\u043e\u043a\u043b\u0430\u0434\u043a\u0430 \u0433\u043e\u043b\u043e\u0432\u043a\u0438 \u0431\u043b\u043e\u043a\u0430 \u0446\u0438\u043b\u0438\u043d\u0434\u0440\u043e\u0432 \u0432\u043f\u0443\u0441\u043a\u043d\u043e\u0439 \u043a\u043b\u0430\u043f\u0430\u043d \u0432\u044b\u043f\u0443\u0441\u043a\u043d\u043e\u0439 \u043a\u043b\u0430\u043f\u0430\u043d \u043a\u043e\u043c\u043f\u043b\u0435\u043a\u0442 \u043f\u043e\u0440\u0448\u043d\u0435\u0439 \u043c\u0430\u0441\u043b\u044f\u043d\u044b\u0439 \u0440\u0430\u0434\u0438\u0430\u0442\u043e\u0440 \u0440\u0430\u0441\u043f\u044b\u043b\u0438\u0442\u0435\u043b\u044c \u0442\u0443\u0440\u0431\u0438\u043d\u0430 \u0412\u043e\u0434\u044f\u043d\u043e\u0439 \u043d\u0430\u0441\u043e\u0441 (\u0440\u0435\u0437\u0435\u0440\u0432\u0443\u0430\u0440 \u0434\u043b\u044f \u0432\u043e\u0434\u044b) \u0412\u043e\u0434\u044f\u043d\u043e\u0439 \u043d\u0430\u0441\u043e\u0441 (\u0446\u0438\u0440\u043a\u0443\u043b\u044f\u0446\u0438\u044f) \u0432\u0435\u043d\u0442\u0438\u043b\u044f\u0442\u043e\u0440 \u043a\u0440\u0443\u0442\u044f\u0449\u0438\u0439 \u043c\u043e\u043c\u0435\u043d\u0442 \u043a\u043e\u0440\u043e\u0431\u043a\u0430 \u043f\u0435\u0440\u0435\u0434\u0430\u0447 \u0432\u0430\u043b \u0431\u043e\u0440\u0442\u043e\u0432\u0430\u044f \u043f\u0435\u0440\u0435\u0434\u0430\u0447\u0430 \u0413\u0438\u0434\u0440\u0430\u0432\u043b\u0438\u0447\u0435\u0441\u043a\u0438\u0439 \u043c\u0430\u0441\u043b\u044f\u043d\u044b\u0439 [&hellip;]","og_url":"https:\/\/eyli.com.tr\/volvo-tekerlekli-yukleyici\/","og_site_name":"Eyli \u0130\u015f Makineleri","article_publisher":"https:\/\/www.facebook.com\/eylicomtr","article_modified_time":"2016-10-11T14:27:08+00:00","og_image":[{"url":"http:\/\/eyli.com.tr\/wp-content\/uploads\/2016\/04\/Volvo-L350F-1024x768.jpg","type":"","width":"","height":""}],"twitter_card":"summary_large_image","twitter_misc":{"\u041f\u0440\u0438\u043c\u0435\u0440\u043d\u043e\u0435 \u0432\u0440\u0435\u043c\u044f \u0434\u043b\u044f \u0447\u0442\u0435\u043d\u0438\u044f":"2 \u043c\u0438\u043d\u0443\u0442\u044b"},"schema":{"@context":"https:\/\/schema.org","@graph":[{"@type":"WebPage","@id":"https:\/\/eyli.com.tr\/volvo-tekerlekli-yukleyici\/","url":"https:\/\/eyli.com.tr\/volvo-tekerlekli-yukleyici\/","name":"Volvo Tekerlekli Y\u00fckleyici Yedek Par\u00e7alar\u0131","isPartOf":{"@id":"https:\/\/eyli.com.tr\/#website"},"primaryImageOfPage":{"@id":"https:\/\/eyli.com.tr\/volvo-tekerlekli-yukleyici\/#primaryimage"},"image":{"@id":"https:\/\/eyli.com.tr\/volvo-tekerlekli-yukleyici\/#primaryimage"},"thumbnailUrl":"http:\/\/eyli.com.tr\/wp-content\/uploads\/2016\/04\/Volvo-L350F-1024x768.jpg","datePublished":"2016-04-22T22:03:59+00:00","dateModified":"2016-10-11T14:27:08+00:00","breadcrumb":{"@id":"https:\/\/eyli.com.tr\/volvo-tekerlekli-yukleyici\/#breadcrumb"},"inLanguage":"ru-RU","potentialAction":[{"@type":"ReadAction","target":["https:\/\/eyli.com.tr\/volvo-tekerlekli-yukleyici\/"]}]},{"@type":"ImageObject","inLanguage":"ru-RU","@id":"https:\/\/eyli.com.tr\/volvo-tekerlekli-yukleyici\/#primaryimage","url":"http:\/\/eyli.com.tr\/wp-content\/uploads\/2016\/04\/Volvo-L350F-1024x768.jpg","contentUrl":"http:\/\/eyli.com.tr\/wp-content\/uploads\/2016\/04\/Volvo-L350F-1024x768.jpg"},{"@type":"BreadcrumbList","@id":"https:\/\/eyli.com.tr\/volvo-tekerlekli-yukleyici\/#breadcrumb","itemListElement":[{"@type":"ListItem","position":1,"name":"Ana sayfa","item":"https:\/\/eyli.com.tr\/"},{"@type":"ListItem","position":2,"name":"Volvo Tekerlekli Y\u00fckleyici"}]},{"@type":"WebSite","@id":"https:\/\/eyli.com.tr\/#website","url":"https:\/\/eyli.com.tr\/","name":"Eyli \u0130\u015f Makineleri","description":"","publisher":{"@id":"https:\/\/eyli.com.tr\/#organization"},"potentialAction":[{"@type":"SearchAction","target":{"@type":"EntryPoint","urlTemplate":"https:\/\/eyli.com.tr\/?s={search_term_string}"},"query-input":{"@type":"PropertyValueSpecification","valueRequired":true,"valueName":"search_term_string"}}],"inLanguage":"ru-RU"},{"@type":"Organization","@id":"https:\/\/eyli.com.tr\/#organization","name":"Eyli \u0130\u015f Makineleri","url":"https:\/\/eyli.com.tr\/","logo":{"@type":"ImageObject","inLanguage":"ru-RU","@id":"https:\/\/eyli.com.tr\/#\/schema\/logo\/image\/","url":"https:\/\/eyli.com.tr\/wp-content\/uploads\/2020\/04\/WhatsApp-Image-2020-04-23-at-03.11.52-e1587829137284.jpeg","contentUrl":"https:\/\/eyli.com.tr\/wp-content\/uploads\/2020\/04\/WhatsApp-Image-2020-04-23-at-03.11.52-e1587829137284.jpeg","width":1600,"height":900,"caption":"Eyli \u0130\u015f Makineleri"},"image":{"@id":"https:\/\/eyli.com.tr\/#\/schema\/logo\/image\/"},"sameAs":["https:\/\/www.facebook.com\/eylicomtr"]}]}},"_links":{"self":[{"href":"https:\/\/eyli.com.tr\/ru\/wp-json\/wp\/v2\/pages\/228","targetHints":{"allow":["GET"]}}],"collection":[{"href":"https:\/\/eyli.com.tr\/ru\/wp-json\/wp\/v2\/pages"}],"about":[{"href":"https:\/\/eyli.com.tr\/ru\/wp-json\/wp\/v2\/types\/page"}],"author":[{"embeddable":true,"href":"https:\/\/eyli.com.tr\/ru\/wp-json\/wp\/v2\/users\/1"}],"replies":[{"embeddable":true,"href":"https:\/\/eyli.com.tr\/ru\/wp-json\/wp\/v2\/comments?post=228"}],"version-history":[{"count":12,"href":"https:\/\/eyli.com.tr\/ru\/wp-json\/wp\/v2\/pages\/228\/revisions"}],"predecessor-version":[{"id":1693,"href":"https:\/\/eyli.com.tr\/ru\/wp-json\/wp\/v2\/pages\/228\/revisions\/1693"}],"wp:attachment":[{"href":"https:\/\/eyli.com.tr\/ru\/wp-json\/wp\/v2\/media?parent=228"}],"curies":[{"name":"wp","href":"https:\/\/api.w.org\/{rel}","templated":true}]}}