{"id":195,"date":"2016-04-20T14:28:24","date_gmt":"2016-04-20T11:28:24","guid":{"rendered":"http:\/\/localhost:85\/sinyol\/?page_id=195"},"modified":"2022-10-10T12:47:35","modified_gmt":"2022-10-10T09:47:35","slug":"%d0%b3%d0%bb%d0%b0%d0%b2%d0%bd%d0%b0%d1%8f","status":"publish","type":"page","link":"https:\/\/eyli.com.tr\/ru\/%d0%b3%d0%bb%d0%b0%d0%b2%d0%bd%d0%b0%d1%8f\/","title":{"rendered":"\u0413\u043b\u0430\u0432\u043d\u0430\u044f"},"content":{"rendered":"<p><\/p>\n<div class=\"row\">\n<div class=\"col-md-2 col-md-offset-1\">\n<p style=\"text-align: center;\"><a href=\"https:\/\/eyli.com.tr\/ru\/foto-galeri\/\"><img loading=\"lazy\" decoding=\"async\" class=\"aligncenter wp-image-2110 size-full\" src=\"http:\/\/eyli.com.tr\/wp-content\/uploads\/2020\/04\/cer-set.jpg\" alt=\"\" width=\"400\" height=\"400\" srcset=\"https:\/\/eyli.com.tr\/wp-content\/uploads\/2020\/04\/cer-set.jpg 400w, https:\/\/eyli.com.tr\/wp-content\/uploads\/2020\/04\/cer-set-300x300.jpg 300w, https:\/\/eyli.com.tr\/wp-content\/uploads\/2020\/04\/cer-set-150x150.jpg 150w, https:\/\/eyli.com.tr\/wp-content\/uploads\/2020\/04\/cer-set-350x350.jpg 350w\" sizes=\"auto, (max-width: 400px) 100vw, 400px\" \/><\/a><\/p>\n<p style=\"text-align: center;\"><a href=\"https:\/\/eyli.com.tr\/ru\/foto-galeri\/\">VOLVO BL71<\/a><\/p>\n<\/div>\n<div class=\"col-md-2\">\n<p style=\"text-align: center;\"><a href=\"https:\/\/eyli.com.tr\/ru\/foto-galeri\/\"><img loading=\"lazy\" decoding=\"async\" class=\"aligncenter wp-image-2111 size-full\" src=\"http:\/\/eyli.com.tr\/wp-content\/uploads\/2020\/04\/ayna-mahruti.jpg\" alt=\"\" width=\"400\" height=\"400\" srcset=\"https:\/\/eyli.com.tr\/wp-content\/uploads\/2020\/04\/ayna-mahruti.jpg 400w, https:\/\/eyli.com.tr\/wp-content\/uploads\/2020\/04\/ayna-mahruti-300x300.jpg 300w, https:\/\/eyli.com.tr\/wp-content\/uploads\/2020\/04\/ayna-mahruti-150x150.jpg 150w, https:\/\/eyli.com.tr\/wp-content\/uploads\/2020\/04\/ayna-mahruti-350x350.jpg 350w\" sizes=\"auto, (max-width: 400px) 100vw, 400px\" \/><\/a><\/p>\n<p style=\"text-align: center;\">VOLVO BL71B<\/p>\n<\/div>\n<div class=\"col-md-2\">\n<p style=\"text-align: center;\"><a href=\"https:\/\/eyli.com.tr\/ru\/foto-galeri\/\"><img loading=\"lazy\" decoding=\"async\" class=\"aligncenter wp-image-2112 size-full\" src=\"http:\/\/eyli.com.tr\/wp-content\/uploads\/2020\/04\/porya-kapak.jpg\" alt=\"\" width=\"400\" height=\"400\" srcset=\"https:\/\/eyli.com.tr\/wp-content\/uploads\/2020\/04\/porya-kapak.jpg 400w, https:\/\/eyli.com.tr\/wp-content\/uploads\/2020\/04\/porya-kapak-300x300.jpg 300w, https:\/\/eyli.com.tr\/wp-content\/uploads\/2020\/04\/porya-kapak-150x150.jpg 150w, https:\/\/eyli.com.tr\/wp-content\/uploads\/2020\/04\/porya-kapak-350x350.jpg 350w\" sizes=\"auto, (max-width: 400px) 100vw, 400px\" \/><\/a><\/p>\n<p style=\"text-align: center;\">VOLVO BL61<\/p>\n<\/div>\n<div class=\"col-md-2\">\n<p><a href=\"https:\/\/eyli.com.tr\/ru\/foto-galeri\/\"><img loading=\"lazy\" decoding=\"async\" class=\"aligncenter wp-image-2113 size-full\" src=\"http:\/\/eyli.com.tr\/wp-content\/uploads\/2020\/04\/rot-kollar\u0131.jpg\" alt=\"\" width=\"400\" height=\"400\" srcset=\"https:\/\/eyli.com.tr\/wp-content\/uploads\/2020\/04\/rot-kollar\u0131.jpg 400w, https:\/\/eyli.com.tr\/wp-content\/uploads\/2020\/04\/rot-kollar\u0131-300x300.jpg 300w, https:\/\/eyli.com.tr\/wp-content\/uploads\/2020\/04\/rot-kollar\u0131-150x150.jpg 150w, https:\/\/eyli.com.tr\/wp-content\/uploads\/2020\/04\/rot-kollar\u0131-350x350.jpg 350w\" sizes=\"auto, (max-width: 400px) 100vw, 400px\" \/><\/a><\/p>\n<p style=\"text-align: center;\">VOLVO BL61B<\/p>\n<\/div>\n<div class=\"col-md-2\">\n<p>&nbsp;<\/p>\n<\/div>\n<\/div>\n<p>&nbsp;<\/p>\n<div class=\"J0lOec\"><strong><span class=\"VIiyi\" lang=\"ru\"><span class=\"JLqJ4b\" data-language-for-alternatives=\"ru\" data-language-to-translate-into=\"en\" data-phrase-index=\"0\">\u041f\u043e\u043b\u0443\u0447\u0438\u0442\u0435 \u0443 \u043d\u0430\u0441 \u0446\u0435\u043d\u0443 \u043d\u0430 \u0437\u0430\u043f\u0447\u0430\u0441\u0442\u0438 \u0434\u043b\u044f \u0441\u0442\u0440\u043e\u0438\u0442\u0435\u043b\u044c\u043d\u043e\u0439 \u0442\u0435\u0445\u043d\u0438\u043a\u0438 VOLVO BL71 \u0438 BL61<\/span><\/span><\/strong><\/div>\n<div class=\"J0lOec\"><span class=\"VIiyi\" lang=\"ru\"><span class=\"JLqJ4b\" data-language-for-alternatives=\"ru\" data-language-to-translate-into=\"en\" data-phrase-index=\"0\"> \u0421 \u0441\u0430\u043c\u043e\u0433\u043e \u043f\u0435\u0440\u0432\u043e\u0433\u043e \u0434\u043d\u044f \u0440\u0430\u0431\u043e\u0442\u044b \u0432 2005 \u0433\u043e\u0434\u0443 \u043c\u044b \u0443\u0434\u0435\u043b\u044f\u0435\u043c \u0431\u043e\u043b\u044c\u0448\u043e\u0435 \u0432\u043d\u0438\u043c\u0430\u043d\u0438\u0435 \u0443\u0434\u043e\u0432\u043b\u0435\u0442\u0432\u043e\u0440\u0435\u043d\u043d\u043e\u0441\u0442\u0438 \u043a\u043b\u0438\u0435\u043d\u0442\u043e\u0432, \u0447\u0442\u043e \u043f\u043e\u0437\u0432\u043e\u043b\u044f\u0435\u0442 \u043d\u0430\u043c \u0431\u044b\u0442\u044c \u043b\u0438\u0434\u0435\u0440\u043e\u043c \u043d\u0430 \u0440\u044b\u043d\u043a\u0435, \u043a\u043e\u0442\u043e\u0440\u044b\u0439 \u043c\u044b \u043e\u0431\u0441\u043b\u0443\u0436\u0438\u0432\u0430\u0435\u043c. \u0421 2015 \u0433\u043e\u0434\u0430 \u043c\u044b \u044d\u043a\u0441\u043f\u043e\u0440\u0442\u0438\u0440\u0443\u0435\u043c \u0437\u0430\u043f\u0430\u0441\u043d\u044b\u0435 \u0447\u0430\u0441\u0442\u0438, \u043f\u0440\u043e\u0438\u0437\u0432\u0435\u0434\u0435\u043d\u043d\u044b\u0435 \u043f\u043e\u0434 \u0431\u0440\u0435\u043d\u0434\u043e\u043c EYLI, \u0432 \u0415\u0432\u0440\u043e\u043f\u0443. \u0417\u0430\u043f\u0430\u0441\u043d\u044b\u0435 \u0447\u0430\u0441\u0442\u0438 \u0438 \u043e\u0431\u043e\u0440\u0443\u0434\u043e\u0432\u0430\u043d\u0438\u0435 \u0434\u043b\u044f \u0441\u0442\u0440\u043e\u0438\u0442\u0435\u043b\u044c\u043d\u043e\u0439 \u0442\u0435\u0445\u043d\u0438\u043a\u0438 Eyli \u0441 \u0433\u043e\u0440\u0434\u043e\u0441\u0442\u044c\u044e \u043e\u0431\u0441\u043b\u0443\u0436\u0438\u0432\u0430\u044e\u0442 \u043f\u0440\u043e\u043c\u044b\u0448\u043b\u0435\u043d\u043d\u044b\u0435 \u0438 \u043c\u0443\u043d\u0438\u0446\u0438\u043f\u0430\u043b\u044c\u043d\u044b\u0435 \u0440\u044b\u043d\u043a\u0438 \u043c\u0440\u0430\u043c\u043e\u0440\u043d\u044b\u0445 \u043a\u0430\u0440\u044c\u0435\u0440\u043e\u0432, \u043a\u0430\u0440\u044c\u0435\u0440\u043e\u0432, \u0448\u0430\u0445\u0442, \u0445\u0440\u043e\u043c\u043e\u0432\u044b\u0445 \u043a\u0430\u0440\u044c\u0435\u0440\u043e\u0432, \u0437\u043e\u043b\u043e\u0442\u044b\u0445 \u0440\u0443\u0434\u043d\u0438\u043a\u043e\u0432, \u0441\u0442\u0440\u043e\u0438\u0442\u0435\u043b\u044c\u0441\u0442\u0432\u0430 \u043f\u043b\u043e\u0442\u0438\u043d, \u0434\u043e\u0440\u043e\u0436\u043d\u043e\u0433\u043e \u0441\u0442\u0440\u043e\u0438\u0442\u0435\u043b\u044c\u0441\u0442\u0432\u0430, \u0441\u0442\u0440\u043e\u0438\u0442\u0435\u043b\u044c\u0441\u0442\u0432\u0430 \u0430\u0441\u0444\u0430\u043b\u044c\u0442\u0430, \u0437\u0435\u043c\u043b\u044f\u043d\u044b\u0445 \u0440\u0430\u0431\u043e\u0442, \u043f\u0440\u043e\u0438\u0437\u0432\u043e\u0434\u0441\u0442\u0432\u0430 \u0433\u0438\u0434\u0440\u043e\u044d\u043b\u0435\u043a\u0442\u0440\u043e\u044d\u043d\u0435\u0440\u0433\u0438\u0438 \u0438 \u0441\u0442\u0440\u043e\u0438\u0442\u0435\u043b\u044c\u043d\u043e\u0433\u043e \u0441\u0435\u043a\u0442\u043e\u0440\u0430. \u041e\u043d \u043f\u0440\u043e\u0438\u0437\u0432\u043e\u0434\u0438\u0442 \u0438 \u044d\u043a\u0441\u043f\u043e\u0440\u0442\u0438\u0440\u0443\u0435\u0442 \u0437\u0430\u043f\u0430\u0441\u043d\u044b\u0435 \u0447\u0430\u0441\u0442\u0438 \u0434\u043b\u044f \u043c\u043e\u0434\u0435\u043b\u0435\u0439 Volvo Bekoloader BL71 \u0438 BL61. \u041f\u0440\u0438\u043c\u0435\u0440\u0430\u043c\u0438 \u043d\u0435\u043a\u043e\u0442\u043e\u0440\u044b\u0445 \u0432\u044b\u0441\u043e\u043a\u043e\u043a\u0430\u0447\u0435\u0441\u0442\u0432\u0435\u043d\u043d\u044b\u0445 \u0437\u0430\u043f\u0430\u0441\u043d\u044b\u0445 \u0447\u0430\u0441\u0442\u0435\u0439, \u043a\u043e\u0442\u043e\u0440\u044b\u0435 \u043c\u044b \u043f\u043e\u0441\u0442\u0430\u0432\u043b\u044f\u0435\u043c, \u044f\u0432\u043b\u044f\u044e\u0442\u0441\u044f \u0434\u0432\u0438\u0433\u0430\u0442\u0435\u043b\u044c, \u0440\u0435\u043c\u043e\u043d\u0442\u043d\u044b\u0439 \u043a\u043e\u043c\u043f\u043b\u0435\u043a\u0442 \u0434\u0432\u0438\u0433\u0430\u0442\u0435\u043b\u044f, \u0433\u043e\u043b\u043e\u0432\u043a\u0430 \u0446\u0438\u043b\u0438\u043d\u0434\u0440\u0430, \u043f\u0440\u043e\u043a\u043b\u0430\u0434\u043a\u0430 \u0433\u043e\u043b\u043e\u0432\u043a\u0438 \u0446\u0438\u043b\u0438\u043d\u0434\u0440\u0430, \u0431\u043b\u043e\u043a \u0434\u0432\u0438\u0433\u0430\u0442\u0435\u043b\u044f, \u0440\u0430\u0441\u043f\u0440\u0435\u0434\u0435\u043b\u0438\u0442\u0435\u043b\u044c\u043d\u044b\u0439 \u0432\u0430\u043b, \u043a\u043e\u043b\u0435\u043d\u0447\u0430\u0442\u044b\u0439 \u0432\u0430\u043b, \u043c\u0430\u0441\u043b\u044f\u043d\u044b\u0439 \u043f\u043e\u0434\u0434\u043e\u043d \u0434\u0432\u0438\u0433\u0430\u0442\u0435\u043b\u044f, \u043e\u043f\u043e\u0440\u0430 \u0434\u0432\u0438\u0433\u0430\u0442\u0435\u043b\u044f, \u043c\u0430\u0441\u043b\u044f\u043d\u044b\u0439 \u043d\u0430\u0441\u043e\u0441, \u0434\u0438\u0437\u0435\u043b\u044c\u043d\u044b\u0439 \u043d\u0430\u0441\u043e\u0441, \u0438\u043d\u0436\u0435\u043a\u0442\u043e\u0440, \u0442\u0443\u0440\u0431\u043e\u043d\u0430\u0433\u043d\u0435\u0442\u0430\u0442\u0435\u043b\u044c, \u0432\u043e\u0437\u0434\u0443\u0445. \u0424\u0438\u043b\u044c\u0442\u0440, \u0420\u0430\u0434\u0438\u0430\u0442\u043e\u0440, \u0412\u043e\u0434\u044f\u043d\u043e\u0439 \u043d\u0430\u0441\u043e\u0441, \u0422\u0440\u0430\u043d\u0441\u043c\u0438\u0441\u0441\u0438\u044f, \u041a\u0440\u0443\u0442\u044f\u0449\u0438\u0439 \u043c\u043e\u043c\u0435\u043d\u0442, \u0420\u0435\u043c\u043a\u043e\u043c\u043f\u043b\u0435\u043a\u0442 \u0442\u0440\u0430\u043d\u0441\u043c\u0438\u0441\u0441\u0438\u0438, \u0412\u0430\u043b, \u043f\u0435\u0440\u0435\u0434\u043d\u0438\u0439 \u0434\u0438\u0444\u0444\u0435\u0440\u0435\u043d\u0446\u0438\u0430\u043b, \u041a\u043e\u043d\u0435\u0447\u043d\u0430\u044f \u043f\u0435\u0440\u0435\u0434\u0430\u0447\u0430, \u041f\u0435\u0440\u0435\u0434\u043d\u0438\u0439 \u0434\u0438\u0444\u0444\u0435\u0440\u0435\u043d\u0446\u0438\u0430\u043b, \u0417\u0430\u0434\u043d\u0438\u0439 \u0434\u0438\u0444\u0444\u0435\u0440\u0435\u043d\u0446\u0438\u0430\u043b, \u0422\u043e\u0440\u043c\u043e\u0437\u043d\u0430\u044f \u043a\u043e\u043b\u043e\u0434\u043a\u0430, \u041c\u0430\u0441\u043b\u043e\u043e\u0445\u043b\u0430\u0434\u0438\u0442\u0435\u043b\u044c, \u041d\u0430\u043a\u043b\u0430\u0434\u043a\u0430 \u0441\u0442\u043e\u044f\u043d\u043e\u0447\u043d\u043e\u0433\u043e \u0442\u043e\u0440\u043c\u043e\u0437\u0430, \u0413\u0438\u0434\u0440\u0430\u0432\u043b\u0438\u0447\u0435\u0441\u043a\u0438\u0439 \u043d\u0430\u0441\u043e\u0441, \u0413\u0438\u0434\u0440\u0430\u0432\u043b\u0438\u0447\u0435\u0441\u043a\u0438\u0439 \u0446\u0438\u043b\u0438\u043d\u0434\u0440, \u041a\u0443\u0437\u043d\u0435\u0447\u0438\u043a, \u0422\u044f\u0433\u0430 \u0438 \u043c\u044b \u043c\u043e\u0436\u0435\u043c \u0434\u0430\u0442\u044c \u0435\u0449\u0435 \u043c\u043d\u043e\u0433\u043e \u0434\u0435\u0442\u0430\u043b\u0435\u0439. \u041c\u044b \u043f\u0440\u0435\u0434\u043b\u0430\u0433\u0430\u0435\u043c \u043a\u0430\u0447\u0435\u0441\u0442\u0432\u0435\u043d\u043d\u044b\u0435 \u0437\u0430\u043f\u0430\u0441\u043d\u044b\u0435 \u0447\u0430\u0441\u0442\u0438: \u0411 \/ \u0443 \u0437\u0430\u043f\u0447\u0430\u0441\u0442\u0438 \u041e\u0440\u0438\u0433\u0438\u043d\u0430\u043b\u044c\u043d\u044b\u0435 \u0437\u0430\u043f\u0447\u0430\u0441\u0442\u0438 OEM \u0420\u0435\u043a\u0442\u0438\u0444\u0438\u0446\u0438\u0440\u043e\u0432\u0430\u043d\u043d\u044b\u0435 (\u0432\u043e\u0441\u0441\u0442\u0430\u043d\u043e\u0432\u043b\u0435\u043d\u043d\u044b\u0435) \u0434\u0435\u0442\u0430\u043b\u0438 \u041d\u043e\u0432\u044b\u0435 \u0430\u043b\u044c\u0442\u0435\u0440\u043d\u0430\u0442\u0438\u0432\u043d\u044b\u0435 \u0437\u0430\u043f\u0447\u0430\u0441\u0442\u0438 \u0438 \u043a\u043e\u043c\u043f\u043b\u0435\u043a\u0442\u0443\u044e\u0449\u0438\u0435 \u0414\u043b\u044f \u043f\u043e\u043b\u0443\u0447\u0435\u043d\u0438\u044f \u0431\u043e\u043b\u0435\u0435 \u043f\u043e\u0434\u0440\u043e\u0431\u043d\u043e\u0439 \u0438\u043d\u0444\u043e\u0440\u043c\u0430\u0446\u0438\u0438 \u0441\u0432\u044f\u0436\u0438\u0442\u0435\u0441\u044c \u0441 \u043d\u0430\u043c\u0438<\/span><\/span><\/div>\n<div class=\"UdTY9 qhIQqf Yb6eTe\" aria-hidden=\"true\" data-location=\"2\">\n<div class=\"kO6q6e\">Poluchite u nas tsenu na zapchasti dlya stroitel&#8217;noy tekhniki VOLVO BL71 i BL61<\/div>\n<\/div>\n<p><\/p>","protected":false},"excerpt":{"rendered":"<p>VOLVO BL71 VOLVO BL71B VOLVO BL61 VOLVO BL61B &nbsp; &nbsp; \u041f\u043e\u043b\u0443\u0447\u0438\u0442\u0435 \u0443 \u043d\u0430\u0441 \u0446\u0435\u043d\u0443 \u043d\u0430 \u0437\u0430\u043f\u0447\u0430\u0441\u0442\u0438 \u0434\u043b\u044f \u0441\u0442\u0440\u043e\u0438\u0442\u0435\u043b\u044c\u043d\u043e\u0439 \u0442\u0435\u0445\u043d\u0438\u043a\u0438 VOLVO BL71 \u0438 BL61 \u0421 \u0441\u0430\u043c\u043e\u0433\u043e \u043f\u0435\u0440\u0432\u043e\u0433\u043e \u0434\u043d\u044f \u0440\u0430\u0431\u043e\u0442\u044b \u0432 2005 \u0433\u043e\u0434\u0443 \u043c\u044b \u0443\u0434\u0435\u043b\u044f\u0435\u043c \u0431\u043e\u043b\u044c\u0448\u043e\u0435 \u0432\u043d\u0438\u043c\u0430\u043d\u0438\u0435 \u0443\u0434\u043e\u0432\u043b\u0435\u0442\u0432\u043e\u0440\u0435\u043d\u043d\u043e\u0441\u0442\u0438 \u043a\u043b\u0438\u0435\u043d\u0442\u043e\u0432, \u0447\u0442\u043e \u043f\u043e\u0437\u0432\u043e\u043b\u044f\u0435\u0442 \u043d\u0430\u043c \u0431\u044b\u0442\u044c \u043b\u0438\u0434\u0435\u0440\u043e\u043c \u043d\u0430 \u0440\u044b\u043d\u043a\u0435, \u043a\u043e\u0442\u043e\u0440\u044b\u0439 \u043c\u044b \u043e\u0431\u0441\u043b\u0443\u0436\u0438\u0432\u0430\u0435\u043c. \u0421 2015 \u0433\u043e\u0434\u0430 \u043c\u044b \u044d\u043a\u0441\u043f\u043e\u0440\u0442\u0438\u0440\u0443\u0435\u043c \u0437\u0430\u043f\u0430\u0441\u043d\u044b\u0435 \u0447\u0430\u0441\u0442\u0438, \u043f\u0440\u043e\u0438\u0437\u0432\u0435\u0434\u0435\u043d\u043d\u044b\u0435 [&hellip;]<\/p>\n","protected":false},"author":1,"featured_media":0,"parent":0,"menu_order":0,"comment_status":"closed","ping_status":"closed","template":"page-notitle.php","meta":{"footnotes":""},"class_list":["post-195","page","type-page","status-publish","hentry"],"yoast_head":"<!-- This site is optimized with the Yoast SEO plugin v26.8 - https:\/\/yoast.com\/product\/yoast-seo-wordpress\/ -->\n<title>Eyli Volvo \u0130\u015f Makineleri Yedek Par\u00e7alar\u0131, \u0130kinci El \u0130\u015f Makineleri<\/title>\n<meta name=\"description\" content=\"Volvo i\u015f makineleri yedek par\u00e7alar\u0131, ikinci el volvo i\u015f makineleri i\u00e7in bizden fiyat al\u0131n\u0131z\" \/>\n<meta name=\"robots\" content=\"index, follow, max-snippet:-1, max-image-preview:large, max-video-preview:-1\" \/>\n<link rel=\"canonical\" href=\"https:\/\/eyli.com.tr\/\" \/>\n<meta property=\"og:locale\" content=\"ru_RU\" \/>\n<meta property=\"og:type\" content=\"article\" \/>\n<meta property=\"og:title\" content=\"Eyli Volvo \u0130\u015f Makineleri Yedek Par\u00e7alar\u0131, \u0130kinci El \u0130\u015f Makineleri\" \/>\n<meta property=\"og:description\" content=\"Volvo i\u015f makineleri yedek par\u00e7alar\u0131, ikinci el volvo i\u015f makineleri i\u00e7in bizden fiyat al\u0131n\u0131z\" \/>\n<meta property=\"og:url\" content=\"https:\/\/eyli.com.tr\/\" \/>\n<meta property=\"og:site_name\" content=\"Eyli \u0130\u015f Makineleri\" \/>\n<meta property=\"article:publisher\" content=\"https:\/\/www.facebook.com\/eylicomtr\" \/>\n<meta property=\"article:modified_time\" content=\"2022-10-10T09:47:35+00:00\" \/>\n<meta property=\"og:image\" content=\"http:\/\/eyli.com.tr\/wp-content\/uploads\/2020\/04\/cer-set.jpg\" \/>\n<meta name=\"twitter:card\" content=\"summary_large_image\" \/>\n<meta name=\"twitter:label1\" content=\"\u041f\u0440\u0438\u043c\u0435\u0440\u043d\u043e\u0435 \u0432\u0440\u0435\u043c\u044f \u0434\u043b\u044f \u0447\u0442\u0435\u043d\u0438\u044f\" \/>\n\t<meta name=\"twitter:data1\" content=\"3 \u043c\u0438\u043d\u0443\u0442\u044b\" \/>\n<script type=\"application\/ld+json\" class=\"yoast-schema-graph\">{\"@context\":\"https:\/\/schema.org\",\"@graph\":[{\"@type\":\"WebPage\",\"@id\":\"https:\/\/eyli.com.tr\/\",\"url\":\"https:\/\/eyli.com.tr\/\",\"name\":\"Eyli Volvo \u0130\u015f Makineleri Yedek Par\u00e7alar\u0131, \u0130kinci El \u0130\u015f Makineleri\",\"isPartOf\":{\"@id\":\"https:\/\/eyli.com.tr\/#website\"},\"primaryImageOfPage\":{\"@id\":\"https:\/\/eyli.com.tr\/#primaryimage\"},\"image\":{\"@id\":\"https:\/\/eyli.com.tr\/#primaryimage\"},\"thumbnailUrl\":\"http:\/\/eyli.com.tr\/wp-content\/uploads\/2020\/04\/cer-set.jpg\",\"datePublished\":\"2016-04-20T11:28:24+00:00\",\"dateModified\":\"2022-10-10T09:47:35+00:00\",\"description\":\"Volvo i\u015f makineleri yedek par\u00e7alar\u0131, ikinci el volvo i\u015f makineleri i\u00e7in bizden fiyat al\u0131n\u0131z\",\"breadcrumb\":{\"@id\":\"https:\/\/eyli.com.tr\/#breadcrumb\"},\"inLanguage\":\"ru-RU\",\"potentialAction\":[{\"@type\":\"ReadAction\",\"target\":[\"https:\/\/eyli.com.tr\/\"]}]},{\"@type\":\"ImageObject\",\"inLanguage\":\"ru-RU\",\"@id\":\"https:\/\/eyli.com.tr\/#primaryimage\",\"url\":\"http:\/\/eyli.com.tr\/wp-content\/uploads\/2020\/04\/cer-set.jpg\",\"contentUrl\":\"http:\/\/eyli.com.tr\/wp-content\/uploads\/2020\/04\/cer-set.jpg\"},{\"@type\":\"BreadcrumbList\",\"@id\":\"https:\/\/eyli.com.tr\/#breadcrumb\",\"itemListElement\":[{\"@type\":\"ListItem\",\"position\":1,\"name\":\"Ana sayfa\",\"item\":\"https:\/\/eyli.com.tr\/\"},{\"@type\":\"ListItem\",\"position\":2,\"name\":\"Anasayfa\"}]},{\"@type\":\"WebSite\",\"@id\":\"https:\/\/eyli.com.tr\/#website\",\"url\":\"https:\/\/eyli.com.tr\/\",\"name\":\"Eyli \u0130\u015f Makineleri\",\"description\":\"\",\"publisher\":{\"@id\":\"https:\/\/eyli.com.tr\/#organization\"},\"potentialAction\":[{\"@type\":\"SearchAction\",\"target\":{\"@type\":\"EntryPoint\",\"urlTemplate\":\"https:\/\/eyli.com.tr\/?s={search_term_string}\"},\"query-input\":{\"@type\":\"PropertyValueSpecification\",\"valueRequired\":true,\"valueName\":\"search_term_string\"}}],\"inLanguage\":\"ru-RU\"},{\"@type\":\"Organization\",\"@id\":\"https:\/\/eyli.com.tr\/#organization\",\"name\":\"Eyli \u0130\u015f Makineleri\",\"url\":\"https:\/\/eyli.com.tr\/\",\"logo\":{\"@type\":\"ImageObject\",\"inLanguage\":\"ru-RU\",\"@id\":\"https:\/\/eyli.com.tr\/#\/schema\/logo\/image\/\",\"url\":\"https:\/\/eyli.com.tr\/wp-content\/uploads\/2020\/04\/WhatsApp-Image-2020-04-23-at-03.11.52-e1587829137284.jpeg\",\"contentUrl\":\"https:\/\/eyli.com.tr\/wp-content\/uploads\/2020\/04\/WhatsApp-Image-2020-04-23-at-03.11.52-e1587829137284.jpeg\",\"width\":1600,\"height\":900,\"caption\":\"Eyli \u0130\u015f Makineleri\"},\"image\":{\"@id\":\"https:\/\/eyli.com.tr\/#\/schema\/logo\/image\/\"},\"sameAs\":[\"https:\/\/www.facebook.com\/eylicomtr\"]}]}<\/script>\n<!-- \/ Yoast SEO plugin. -->","yoast_head_json":{"title":"Eyli Volvo \u0130\u015f Makineleri Yedek Par\u00e7alar\u0131, \u0130kinci El \u0130\u015f Makineleri","description":"Volvo i\u015f makineleri yedek par\u00e7alar\u0131, ikinci el volvo i\u015f makineleri i\u00e7in bizden fiyat al\u0131n\u0131z","robots":{"index":"index","follow":"follow","max-snippet":"max-snippet:-1","max-image-preview":"max-image-preview:large","max-video-preview":"max-video-preview:-1"},"canonical":"https:\/\/eyli.com.tr\/","og_locale":"ru_RU","og_type":"article","og_title":"Eyli Volvo \u0130\u015f Makineleri Yedek Par\u00e7alar\u0131, \u0130kinci El \u0130\u015f Makineleri","og_description":"Volvo i\u015f makineleri yedek par\u00e7alar\u0131, ikinci el volvo i\u015f makineleri i\u00e7in bizden fiyat al\u0131n\u0131z","og_url":"https:\/\/eyli.com.tr\/","og_site_name":"Eyli \u0130\u015f Makineleri","article_publisher":"https:\/\/www.facebook.com\/eylicomtr","article_modified_time":"2022-10-10T09:47:35+00:00","og_image":[{"url":"http:\/\/eyli.com.tr\/wp-content\/uploads\/2020\/04\/cer-set.jpg","type":"","width":"","height":""}],"twitter_card":"summary_large_image","twitter_misc":{"\u041f\u0440\u0438\u043c\u0435\u0440\u043d\u043e\u0435 \u0432\u0440\u0435\u043c\u044f \u0434\u043b\u044f \u0447\u0442\u0435\u043d\u0438\u044f":"3 \u043c\u0438\u043d\u0443\u0442\u044b"},"schema":{"@context":"https:\/\/schema.org","@graph":[{"@type":"WebPage","@id":"https:\/\/eyli.com.tr\/","url":"https:\/\/eyli.com.tr\/","name":"Eyli Volvo \u0130\u015f Makineleri Yedek Par\u00e7alar\u0131, \u0130kinci El \u0130\u015f Makineleri","isPartOf":{"@id":"https:\/\/eyli.com.tr\/#website"},"primaryImageOfPage":{"@id":"https:\/\/eyli.com.tr\/#primaryimage"},"image":{"@id":"https:\/\/eyli.com.tr\/#primaryimage"},"thumbnailUrl":"http:\/\/eyli.com.tr\/wp-content\/uploads\/2020\/04\/cer-set.jpg","datePublished":"2016-04-20T11:28:24+00:00","dateModified":"2022-10-10T09:47:35+00:00","description":"Volvo i\u015f makineleri yedek par\u00e7alar\u0131, ikinci el volvo i\u015f makineleri i\u00e7in bizden fiyat al\u0131n\u0131z","breadcrumb":{"@id":"https:\/\/eyli.com.tr\/#breadcrumb"},"inLanguage":"ru-RU","potentialAction":[{"@type":"ReadAction","target":["https:\/\/eyli.com.tr\/"]}]},{"@type":"ImageObject","inLanguage":"ru-RU","@id":"https:\/\/eyli.com.tr\/#primaryimage","url":"http:\/\/eyli.com.tr\/wp-content\/uploads\/2020\/04\/cer-set.jpg","contentUrl":"http:\/\/eyli.com.tr\/wp-content\/uploads\/2020\/04\/cer-set.jpg"},{"@type":"BreadcrumbList","@id":"https:\/\/eyli.com.tr\/#breadcrumb","itemListElement":[{"@type":"ListItem","position":1,"name":"Ana sayfa","item":"https:\/\/eyli.com.tr\/"},{"@type":"ListItem","position":2,"name":"Anasayfa"}]},{"@type":"WebSite","@id":"https:\/\/eyli.com.tr\/#website","url":"https:\/\/eyli.com.tr\/","name":"Eyli \u0130\u015f Makineleri","description":"","publisher":{"@id":"https:\/\/eyli.com.tr\/#organization"},"potentialAction":[{"@type":"SearchAction","target":{"@type":"EntryPoint","urlTemplate":"https:\/\/eyli.com.tr\/?s={search_term_string}"},"query-input":{"@type":"PropertyValueSpecification","valueRequired":true,"valueName":"search_term_string"}}],"inLanguage":"ru-RU"},{"@type":"Organization","@id":"https:\/\/eyli.com.tr\/#organization","name":"Eyli \u0130\u015f Makineleri","url":"https:\/\/eyli.com.tr\/","logo":{"@type":"ImageObject","inLanguage":"ru-RU","@id":"https:\/\/eyli.com.tr\/#\/schema\/logo\/image\/","url":"https:\/\/eyli.com.tr\/wp-content\/uploads\/2020\/04\/WhatsApp-Image-2020-04-23-at-03.11.52-e1587829137284.jpeg","contentUrl":"https:\/\/eyli.com.tr\/wp-content\/uploads\/2020\/04\/WhatsApp-Image-2020-04-23-at-03.11.52-e1587829137284.jpeg","width":1600,"height":900,"caption":"Eyli \u0130\u015f Makineleri"},"image":{"@id":"https:\/\/eyli.com.tr\/#\/schema\/logo\/image\/"},"sameAs":["https:\/\/www.facebook.com\/eylicomtr"]}]}},"_links":{"self":[{"href":"https:\/\/eyli.com.tr\/ru\/wp-json\/wp\/v2\/pages\/195","targetHints":{"allow":["GET"]}}],"collection":[{"href":"https:\/\/eyli.com.tr\/ru\/wp-json\/wp\/v2\/pages"}],"about":[{"href":"https:\/\/eyli.com.tr\/ru\/wp-json\/wp\/v2\/types\/page"}],"author":[{"embeddable":true,"href":"https:\/\/eyli.com.tr\/ru\/wp-json\/wp\/v2\/users\/1"}],"replies":[{"embeddable":true,"href":"https:\/\/eyli.com.tr\/ru\/wp-json\/wp\/v2\/comments?post=195"}],"version-history":[{"count":57,"href":"https:\/\/eyli.com.tr\/ru\/wp-json\/wp\/v2\/pages\/195\/revisions"}],"predecessor-version":[{"id":2231,"href":"https:\/\/eyli.com.tr\/ru\/wp-json\/wp\/v2\/pages\/195\/revisions\/2231"}],"wp:attachment":[{"href":"https:\/\/eyli.com.tr\/ru\/wp-json\/wp\/v2\/media?parent=195"}],"curies":[{"name":"wp","href":"https:\/\/api.w.org\/{rel}","templated":true}]}}