{"id":1408,"date":"2016-06-22T18:36:16","date_gmt":"2016-06-22T15:36:16","guid":{"rendered":"http:\/\/eyli.com.tr\/?page_id=1408"},"modified":"2016-06-22T18:38:04","modified_gmt":"2016-06-22T15:38:04","slug":"2-el-2000-model-volvo-a30c-kaya-kamyonu","status":"publish","type":"page","link":"https:\/\/eyli.com.tr\/ru\/2-el-2000-model-volvo-a30c-kaya-kamyonu\/","title":{"rendered":"2. El 2000 Model Volvo A30C Kaya Kamyonu"},"content":{"rendered":"<div style=\"width:100%\"><div class=\"wd_error\"><p><strong>\u0413\u0430\u043b\u0435\u0440\u0435\u044f \u043d\u0435 \u0432\u044b\u0431\u0440\u0430\u043d\u0430 \u0438\u043b\u0438 \u0431\u044b\u043b\u0430 \u0443\u0434\u0430\u043b\u0435\u043d\u0430.<\/strong><\/p><\/div><\/div>\n<p>&nbsp;<\/p>\n<p><strong>MARKA\u00a0<\/strong><\/p>\n<p>Volvo A30C<\/p>\n<p><strong>MODEL\u00a0<\/strong><\/p>\n<p>2000<\/p>\n<p><strong>\u00c7ALI\u015eMA SAAT<\/strong><\/p>\n<p>20.000<\/p>\n<p><strong>\u00c7EK\u0130\u015e<\/strong><\/p>\n<p>\u2014\u2014<\/p>\n<p><strong>BO\u015e A\u011eIRLIK<\/strong><\/p>\n<p>\u2014\u2014<\/p>\n<p><strong>Y\u00dcKL\u00dc A\u011eIRLIK<\/strong><\/p>\n<p>\u2014\u2014<\/p>\n<p><strong>MAKS\u0130MUM HIZ<\/strong><\/p>\n<p>\u2014\u2014<\/p>\n<p><strong>MAZOT TANK<\/strong><\/p>\n<p>\u2014\u2014<\/p>\n<p><strong>SO\u011eUTMA SUYU<\/strong><\/p>\n<p>\u2014\u2014<\/p>\n<p><strong>\u015eANZUMAN YA\u011e<\/strong><\/p>\n<p>\u2014\u2014<\/p>\n<p><strong>H\u0130DROLIK TANK<\/strong><\/p>\n<p>\u2014\u2014<\/p>\n<p><strong>F\u0130YAT<\/strong><br \/>\n39.000\u00a0<strong>EURO<\/strong><\/p>\n","protected":false},"excerpt":{"rendered":"<p>&nbsp; MARKA\u00a0 Volvo A30C MODEL\u00a0 2000 \u00c7ALI\u015eMA SAAT 20.000 \u00c7EK\u0130\u015e \u2014\u2014 BO\u015e A\u011eIRLIK \u2014\u2014 Y\u00dcKL\u00dc A\u011eIRLIK \u2014\u2014 MAKS\u0130MUM HIZ \u2014\u2014 MAZOT TANK \u2014\u2014 SO\u011eUTMA SUYU \u2014\u2014 \u015eANZUMAN YA\u011e \u2014\u2014 H\u0130DROLIK TANK \u2014\u2014 F\u0130YAT 39.000\u00a0EURO<\/p>\n","protected":false},"author":1,"featured_media":0,"parent":0,"menu_order":0,"comment_status":"closed","ping_status":"closed","template":"page-fullwidth.php","meta":{"footnotes":""},"class_list":["post-1408","page","type-page","status-publish","hentry"],"yoast_head":"<!-- This site is optimized with the Yoast SEO plugin v26.8 - https:\/\/yoast.com\/product\/yoast-seo-wordpress\/ -->\n<title>2. El 2000 Model Volvo A30C Kaya Kamyonu - Eyli \u0130\u015f Makineleri<\/title>\n<meta name=\"robots\" content=\"index, follow, max-snippet:-1, max-image-preview:large, max-video-preview:-1\" \/>\n<link rel=\"canonical\" href=\"https:\/\/eyli.com.tr\/2-el-2000-model-volvo-a30c-kaya-kamyonu\/\" \/>\n<meta property=\"og:locale\" content=\"ru_RU\" \/>\n<meta property=\"og:type\" content=\"article\" \/>\n<meta property=\"og:title\" content=\"2. El 2000 Model Volvo A30C Kaya Kamyonu - Eyli \u0130\u015f Makineleri\" \/>\n<meta property=\"og:description\" content=\"&nbsp; MARKA\u00a0 Volvo A30C MODEL\u00a0 2000 \u00c7ALI\u015eMA SAAT 20.000 \u00c7EK\u0130\u015e \u2014\u2014 BO\u015e A\u011eIRLIK \u2014\u2014 Y\u00dcKL\u00dc A\u011eIRLIK \u2014\u2014 MAKS\u0130MUM HIZ \u2014\u2014 MAZOT TANK \u2014\u2014 SO\u011eUTMA SUYU \u2014\u2014 \u015eANZUMAN YA\u011e \u2014\u2014 H\u0130DROLIK TANK \u2014\u2014 F\u0130YAT 39.000\u00a0EURO\" \/>\n<meta property=\"og:url\" content=\"https:\/\/eyli.com.tr\/2-el-2000-model-volvo-a30c-kaya-kamyonu\/\" \/>\n<meta property=\"og:site_name\" content=\"Eyli \u0130\u015f Makineleri\" \/>\n<meta property=\"article:publisher\" content=\"https:\/\/www.facebook.com\/eylicomtr\" \/>\n<meta property=\"article:modified_time\" content=\"2016-06-22T15:38:04+00:00\" \/>\n<meta name=\"twitter:card\" content=\"summary_large_image\" \/>\n<script type=\"application\/ld+json\" class=\"yoast-schema-graph\">{\"@context\":\"https:\/\/schema.org\",\"@graph\":[{\"@type\":\"WebPage\",\"@id\":\"https:\/\/eyli.com.tr\/2-el-2000-model-volvo-a30c-kaya-kamyonu\/\",\"url\":\"https:\/\/eyli.com.tr\/2-el-2000-model-volvo-a30c-kaya-kamyonu\/\",\"name\":\"2. El 2000 Model Volvo A30C Kaya Kamyonu - Eyli \u0130\u015f Makineleri\",\"isPartOf\":{\"@id\":\"https:\/\/eyli.com.tr\/#website\"},\"datePublished\":\"2016-06-22T15:36:16+00:00\",\"dateModified\":\"2016-06-22T15:38:04+00:00\",\"breadcrumb\":{\"@id\":\"https:\/\/eyli.com.tr\/2-el-2000-model-volvo-a30c-kaya-kamyonu\/#breadcrumb\"},\"inLanguage\":\"ru-RU\",\"potentialAction\":[{\"@type\":\"ReadAction\",\"target\":[\"https:\/\/eyli.com.tr\/2-el-2000-model-volvo-a30c-kaya-kamyonu\/\"]}]},{\"@type\":\"BreadcrumbList\",\"@id\":\"https:\/\/eyli.com.tr\/2-el-2000-model-volvo-a30c-kaya-kamyonu\/#breadcrumb\",\"itemListElement\":[{\"@type\":\"ListItem\",\"position\":1,\"name\":\"Ana sayfa\",\"item\":\"https:\/\/eyli.com.tr\/\"},{\"@type\":\"ListItem\",\"position\":2,\"name\":\"2. El 2000 Model Volvo A30C Kaya Kamyonu\"}]},{\"@type\":\"WebSite\",\"@id\":\"https:\/\/eyli.com.tr\/#website\",\"url\":\"https:\/\/eyli.com.tr\/\",\"name\":\"Eyli \u0130\u015f Makineleri\",\"description\":\"\",\"publisher\":{\"@id\":\"https:\/\/eyli.com.tr\/#organization\"},\"potentialAction\":[{\"@type\":\"SearchAction\",\"target\":{\"@type\":\"EntryPoint\",\"urlTemplate\":\"https:\/\/eyli.com.tr\/?s={search_term_string}\"},\"query-input\":{\"@type\":\"PropertyValueSpecification\",\"valueRequired\":true,\"valueName\":\"search_term_string\"}}],\"inLanguage\":\"ru-RU\"},{\"@type\":\"Organization\",\"@id\":\"https:\/\/eyli.com.tr\/#organization\",\"name\":\"Eyli \u0130\u015f Makineleri\",\"url\":\"https:\/\/eyli.com.tr\/\",\"logo\":{\"@type\":\"ImageObject\",\"inLanguage\":\"ru-RU\",\"@id\":\"https:\/\/eyli.com.tr\/#\/schema\/logo\/image\/\",\"url\":\"https:\/\/eyli.com.tr\/wp-content\/uploads\/2020\/04\/WhatsApp-Image-2020-04-23-at-03.11.52-e1587829137284.jpeg\",\"contentUrl\":\"https:\/\/eyli.com.tr\/wp-content\/uploads\/2020\/04\/WhatsApp-Image-2020-04-23-at-03.11.52-e1587829137284.jpeg\",\"width\":1600,\"height\":900,\"caption\":\"Eyli \u0130\u015f Makineleri\"},\"image\":{\"@id\":\"https:\/\/eyli.com.tr\/#\/schema\/logo\/image\/\"},\"sameAs\":[\"https:\/\/www.facebook.com\/eylicomtr\"]}]}<\/script>\n<!-- \/ Yoast SEO plugin. -->","yoast_head_json":{"title":"2. El 2000 Model Volvo A30C Kaya Kamyonu - Eyli \u0130\u015f Makineleri","robots":{"index":"index","follow":"follow","max-snippet":"max-snippet:-1","max-image-preview":"max-image-preview:large","max-video-preview":"max-video-preview:-1"},"canonical":"https:\/\/eyli.com.tr\/2-el-2000-model-volvo-a30c-kaya-kamyonu\/","og_locale":"ru_RU","og_type":"article","og_title":"2. El 2000 Model Volvo A30C Kaya Kamyonu - Eyli \u0130\u015f Makineleri","og_description":"&nbsp; MARKA\u00a0 Volvo A30C MODEL\u00a0 2000 \u00c7ALI\u015eMA SAAT 20.000 \u00c7EK\u0130\u015e \u2014\u2014 BO\u015e A\u011eIRLIK \u2014\u2014 Y\u00dcKL\u00dc A\u011eIRLIK \u2014\u2014 MAKS\u0130MUM HIZ \u2014\u2014 MAZOT TANK \u2014\u2014 SO\u011eUTMA SUYU \u2014\u2014 \u015eANZUMAN YA\u011e \u2014\u2014 H\u0130DROLIK TANK \u2014\u2014 F\u0130YAT 39.000\u00a0EURO","og_url":"https:\/\/eyli.com.tr\/2-el-2000-model-volvo-a30c-kaya-kamyonu\/","og_site_name":"Eyli \u0130\u015f Makineleri","article_publisher":"https:\/\/www.facebook.com\/eylicomtr","article_modified_time":"2016-06-22T15:38:04+00:00","twitter_card":"summary_large_image","schema":{"@context":"https:\/\/schema.org","@graph":[{"@type":"WebPage","@id":"https:\/\/eyli.com.tr\/2-el-2000-model-volvo-a30c-kaya-kamyonu\/","url":"https:\/\/eyli.com.tr\/2-el-2000-model-volvo-a30c-kaya-kamyonu\/","name":"2. El 2000 Model Volvo A30C Kaya Kamyonu - Eyli \u0130\u015f Makineleri","isPartOf":{"@id":"https:\/\/eyli.com.tr\/#website"},"datePublished":"2016-06-22T15:36:16+00:00","dateModified":"2016-06-22T15:38:04+00:00","breadcrumb":{"@id":"https:\/\/eyli.com.tr\/2-el-2000-model-volvo-a30c-kaya-kamyonu\/#breadcrumb"},"inLanguage":"ru-RU","potentialAction":[{"@type":"ReadAction","target":["https:\/\/eyli.com.tr\/2-el-2000-model-volvo-a30c-kaya-kamyonu\/"]}]},{"@type":"BreadcrumbList","@id":"https:\/\/eyli.com.tr\/2-el-2000-model-volvo-a30c-kaya-kamyonu\/#breadcrumb","itemListElement":[{"@type":"ListItem","position":1,"name":"Ana sayfa","item":"https:\/\/eyli.com.tr\/"},{"@type":"ListItem","position":2,"name":"2. El 2000 Model Volvo A30C Kaya Kamyonu"}]},{"@type":"WebSite","@id":"https:\/\/eyli.com.tr\/#website","url":"https:\/\/eyli.com.tr\/","name":"Eyli \u0130\u015f Makineleri","description":"","publisher":{"@id":"https:\/\/eyli.com.tr\/#organization"},"potentialAction":[{"@type":"SearchAction","target":{"@type":"EntryPoint","urlTemplate":"https:\/\/eyli.com.tr\/?s={search_term_string}"},"query-input":{"@type":"PropertyValueSpecification","valueRequired":true,"valueName":"search_term_string"}}],"inLanguage":"ru-RU"},{"@type":"Organization","@id":"https:\/\/eyli.com.tr\/#organization","name":"Eyli \u0130\u015f Makineleri","url":"https:\/\/eyli.com.tr\/","logo":{"@type":"ImageObject","inLanguage":"ru-RU","@id":"https:\/\/eyli.com.tr\/#\/schema\/logo\/image\/","url":"https:\/\/eyli.com.tr\/wp-content\/uploads\/2020\/04\/WhatsApp-Image-2020-04-23-at-03.11.52-e1587829137284.jpeg","contentUrl":"https:\/\/eyli.com.tr\/wp-content\/uploads\/2020\/04\/WhatsApp-Image-2020-04-23-at-03.11.52-e1587829137284.jpeg","width":1600,"height":900,"caption":"Eyli \u0130\u015f Makineleri"},"image":{"@id":"https:\/\/eyli.com.tr\/#\/schema\/logo\/image\/"},"sameAs":["https:\/\/www.facebook.com\/eylicomtr"]}]}},"_links":{"self":[{"href":"https:\/\/eyli.com.tr\/ru\/wp-json\/wp\/v2\/pages\/1408","targetHints":{"allow":["GET"]}}],"collection":[{"href":"https:\/\/eyli.com.tr\/ru\/wp-json\/wp\/v2\/pages"}],"about":[{"href":"https:\/\/eyli.com.tr\/ru\/wp-json\/wp\/v2\/types\/page"}],"author":[{"embeddable":true,"href":"https:\/\/eyli.com.tr\/ru\/wp-json\/wp\/v2\/users\/1"}],"replies":[{"embeddable":true,"href":"https:\/\/eyli.com.tr\/ru\/wp-json\/wp\/v2\/comments?post=1408"}],"version-history":[{"count":1,"href":"https:\/\/eyli.com.tr\/ru\/wp-json\/wp\/v2\/pages\/1408\/revisions"}],"predecessor-version":[{"id":1412,"href":"https:\/\/eyli.com.tr\/ru\/wp-json\/wp\/v2\/pages\/1408\/revisions\/1412"}],"wp:attachment":[{"href":"https:\/\/eyli.com.tr\/ru\/wp-json\/wp\/v2\/media?parent=1408"}],"curies":[{"name":"wp","href":"https:\/\/api.w.org\/{rel}","templated":true}]}}