{"id":129,"date":"2016-02-26T02:15:13","date_gmt":"2016-02-26T00:15:13","guid":{"rendered":"http:\/\/eyli.com.tr\/?page_id=129"},"modified":"2016-10-18T12:20:35","modified_gmt":"2016-10-18T09:20:35","slug":"volvo-beko-loder","status":"publish","type":"page","link":"https:\/\/eyli.com.tr\/ru\/volvo-beko-loder\/","title":{"rendered":"\u042d\u043a\u0441\u043a\u0430\u0432\u0430\u0442\u043e\u0440-\u043f\u043e\u0433\u0440\u0443\u0437\u0447\u0438\u043a Volvo"},"content":{"rendered":"<p><\/p>\n<table class=\"table table-bordered\">\n<tbody>\n<tr>\n<td rowspan=\"2\">\u00a0 <img loading=\"lazy\" decoding=\"async\" class=\"aligncenter size-full wp-image-220\" src=\"http:\/\/eyli.com.tr\/wp-content\/uploads\/2016\/02\/BL60.jpg\" alt=\"BL60\" width=\"475\" height=\"246\" srcset=\"https:\/\/eyli.com.tr\/wp-content\/uploads\/2016\/02\/BL60.jpg 475w, https:\/\/eyli.com.tr\/wp-content\/uploads\/2016\/02\/BL60-300x155.jpg 300w\" sizes=\"auto, (max-width: 475px) 100vw, 475px\" \/><\/td>\n<td style=\"text-align: center;\">\n<h2><strong>\u041c\u043e\u0434\u0435\u043b\u0438<\/strong><\/h2>\n<\/td>\n<td style=\"text-align: center;\">\n<h2><strong>\u0417\u0430\u043f\u0430\u0441\u043d\u044b\u0435 \u0447\u0430\u0441\u0442\u0438<\/strong><\/h2>\n<\/td>\n<\/tr>\n<tr>\n<td>\n<ul>\n<li><a href=\"http:\/\/eyli.com.tr\/volvo-beko-loder-bl60-bl60b\/\">BL60<\/a><\/li>\n<li><a href=\"http:\/\/eyli.com.tr\/volvo-beko-loder-bl60-bl60b\/\">BL60B<\/a><\/li>\n<li><a href=\"http:\/\/eyli.com.tr\/volvo-beko-loder-bl61-bl61b-bl61-plus\/\">BL61<\/a><\/li>\n<li><a href=\"http:\/\/eyli.com.tr\/volvo-beko-loder-bl61-bl61b-bl61-plus\/\">BL61 PLUS<\/a><\/li>\n<li><a href=\"http:\/\/eyli.com.tr\/volvo-beko-loder-bl61-bl61b-bl61-plus\/\">BL61B<\/a><\/li>\n<li><a href=\"http:\/\/eyli.com.tr\/volvo-beko-loder-bl70-bl70b\/\">BL70<\/a><\/li>\n<li><a href=\"http:\/\/eyli.com.tr\/volvo-beko-loder-bl70-bl70b\/\">BL70B<\/a><\/li>\n<li><a href=\"http:\/\/eyli.com.tr\/volvo-beko-loder-bl71-bl71-plus-bl71b\/\">BL71<\/a><\/li>\n<li><a href=\"http:\/\/eyli.com.tr\/volvo-beko-loder-bl71-bl71-plus-bl71b\/\">BL71 PLUS<\/a><\/li>\n<li><a href=\"http:\/\/eyli.com.tr\/volvo-beko-loder-bl71-bl71-plus-bl71b\/\">BL71B<\/a><\/li>\n<\/ul>\n<\/td>\n<td>\n<ul>\n<li><a href=\"http:\/\/eyli.com.tr\/beko-loder-motor\/\">\u0414\u0432\u0438\u0433\u0430\u0442\u0435\u043b\u044c<\/a><\/li>\n<li><a href=\"http:\/\/eyli.com.tr\/beko-loder-silindir-kapak\/\">\u0413\u043e\u043b\u043e\u0432\u043a\u0430 \u0446\u0438\u043b\u0438\u043d\u0434\u0440\u0430<\/a><\/li>\n<li><a href=\"http:\/\/eyli.com.tr\/beko-loder-silindir-blok\/\">\u0411\u043b\u043e\u043a \u0446\u0438\u043b\u0438\u043d\u0434\u0440\u0430<\/a><\/li>\n<li><a href=\"http:\/\/eyli.com.tr\/beko-loder-piston-set\/\">\u041a\u043e\u043c\u043f\u043b\u0435\u043a\u0442 \u043f\u043e\u0440\u0448\u043d\u0435\u0439<\/a><\/li>\n<li><a href=\"http:\/\/eyli.com.tr\/beko-loder-motor-yag-sogutucusu\/\">\u041c\u0430\u0441\u043b\u044f\u043d\u044b\u0439 \u0440\u0430\u0434\u0438\u0430\u0442\u043e\u0440 \u0434\u0432\u0438\u0433\u0430\u0442\u0435\u043b\u044f <\/a><\/li>\n<li><a href=\"http:\/\/eyli.com.tr\/beko-loder-mazot-otomatik\/\">\u0410\u0432\u0442\u043e\u043c\u0430\u0442\u0438\u0447\u0435\u0441\u043a\u043e\u0435 \u0433\u043e\u0440\u044e\u0447\u0435\u0435<\/a><\/li>\n<li><a href=\"http:\/\/eyli.com.tr\/beko-loder-mazot-samandira\/\">\u0423\u043a\u0430\u0437\u0430\u0442\u0435\u043b\u044c \u0443\u0440\u043e\u0432\u043d\u044f \u0433\u043e\u0440\u044e\u0447\u0435\u0433\u043e<\/a><\/li>\n<li><a href=\"http:\/\/eyli.com.tr\/beko-loder-enjektor-pompasi\/\">\u041d\u0430\u0441\u043e\u0441 \u0440\u0430\u0441\u043f\u044b\u043b\u0438\u0442\u0435\u043b\u044f<\/a><\/li>\n<li><a href=\"http:\/\/eyli.com.tr\/beko-loder-mazot-pompasi\/\">\u0411\u0435\u043d\u0437\u043e\u043d\u0430\u0441\u043e\u0441<\/a><\/li>\n<li><a href=\"http:\/\/eyli.com.tr\/beko-loder-enjektor-pompasi-2\/\">\u041d\u0430\u0441\u043e\u0441 \u0440\u0430\u0441\u043f\u044b\u043b\u0438\u0442\u0435\u043b\u044f <\/a><\/li>\n<li><a href=\"http:\/\/eyli.com.tr\/beko-loder-turbo\/\">\u0422\u0443\u0440\u0431\u0438\u043d\u0430<\/a><\/li>\n<li><a href=\"http:\/\/eyli.com.tr\/beko-loder-radyator\/\">\u0420\u0430\u0434\u0438\u0430\u0442\u043e\u0440<\/a><\/li>\n<li><a href=\"http:\/\/eyli.com.tr\/beko-loder-su-pompasi\/\">\u0412\u043e\u0434\u044f\u043d\u043e\u0439 \u043d\u0430\u0441\u043e\u0441<\/a><\/li>\n<li><a href=\"http:\/\/eyli.com.tr\/beko-loder-motor-kayis\/\">\u0420\u0435\u043c\u043d\u0438 \u0434\u0432\u0438\u0433\u0430\u0442\u0435\u043b\u044f<\/a><\/li>\n<li><a href=\"http:\/\/eyli.com.tr\/beko-loder-termostat\/\">\u0422\u0435\u0440\u043c\u043e\u0441\u0442\u0430\u0442<\/a><\/li>\n<li><a href=\"http:\/\/eyli.com.tr\/beko-loder-motor-stop-selenoid\/\">\u0421\u0435\u043b\u0435\u043d\u043e\u0438\u0434 \u043e\u0441\u0442\u0430\u043d\u043e\u0432\u043a\u0438 \u0434\u0432\u0438\u0433\u0430\u0442\u0435\u043b\u044f<\/a><\/li>\n<li><a href=\"http:\/\/eyli.com.tr\/beko-loder-lamba\/\">\u041b\u0430\u043c\u043f\u043e\u0447\u043a\u0430<\/a><\/li>\n<li><a href=\"http:\/\/eyli.com.tr\/beko-loder-beyin\/\">\u042d\u043b\u0435\u043a\u0442\u0440\u043e\u043d\u043d\u043e\u0435 \u043a\u043e\u043d\u0442\u0440\u043e\u043b\u044c\u043d\u043e\u0435 \u0443\u0441\u0442\u0440\u043e\u0439\u0441\u0442\u0432\u043e<\/a><\/li>\n<li><a href=\"http:\/\/eyli.com.tr\/beko-loder-saft\/\">\u0412\u0430\u043b<\/a><\/li>\n<li><a href=\"http:\/\/eyli.com.tr\/beko-loder-on-aks\/\">\u041f\u0435\u0440\u0435\u0434\u043d\u044f\u044f \u043e\u0441\u044c<\/a><\/li>\n<li><a href=\"http:\/\/eyli.com.tr\/beko-loder-arka-aks\/\">\u0417\u0430\u0434\u043d\u044f\u044f \u043e\u0441\u044c<\/a><\/li>\n<li><a href=\"http:\/\/eyli.com.tr\/beko-loder-ayna-maruti\/\">\u0411\u043e\u0440\u0442\u043e\u0432\u0430\u044f \u043f\u0435\u0440\u0435\u0434\u0430\u0447\u0430<\/a><\/li>\n<li><a href=\"http:\/\/eyli.com.tr\/beko-loder-aks\/\">\u041e\u0441\u044c<\/a><\/li>\n<li><a href=\"http:\/\/eyli.com.tr\/beko-loder-cer\/\">\u0425\u043e\u0434\u043e\u0432\u043e\u0439 \u0434\u0432\u0438\u0433\u0430\u0442\u0435\u043b\u044c<\/a><\/li>\n<li><a href=\"http:\/\/eyli.com.tr\/beko-loder-arka-aks\/\">\u0420\u0443\u043b\u0435\u0432\u0430\u044f \u0442\u044f\u0433\u0430<\/a><\/li>\n<li><a href=\"http:\/\/eyli.com.tr\/beko-loder-jant\/\">\u041e\u0431\u043e\u0434 \u043a\u043e\u043b\u0435\u0441\u0430<\/a><\/li>\n<li><a href=\"http:\/\/eyli.com.tr\/beko-loder-kabin-takoz\/\">\u041f\u043e\u0434\u0432\u0435\u0441\u043a\u0430 \u043a\u0430\u0431\u0438\u043d\u044b<\/a><\/li>\n<li><a href=\"http:\/\/eyli.com.tr\/beko-loder-on-cam\/\">\u041b\u043e\u0431\u043e\u0432\u043e\u0435 \u0441\u0442\u0435\u043a\u043b\u043e<\/a><\/li>\n<li><a href=\"http:\/\/eyli.com.tr\/beko-loder-hidrolik-pompa\/\">\u0413\u0438\u0434\u0440\u0430\u0432\u043b\u0438\u0447\u0435\u0441\u043a\u0438\u0439 \u043d\u0430\u0441\u043e\u0441<\/a><\/li>\n<li><a href=\"http:\/\/eyli.com.tr\/beko-loder-valf-kit\/\">\u041a\u043e\u043c\u043f\u043b\u0435\u043a\u0442 \u043a\u043b\u0430\u043f\u0430\u043d\u043e\u0432<\/a><\/li>\n<li><a href=\"http:\/\/eyli.com.tr\/beko-loder-hidrolik-silindir\/\">\u0413\u0438\u0434\u0440\u0430\u0432\u043b\u0438\u0447\u0435\u0441\u043a\u0438\u0439 \u0446\u0438\u043b\u0438\u043d\u0434\u0440 <\/a><\/li>\n<li><a href=\"http:\/\/eyli.com.tr\/beko-loder-kece-takimi\/\">\u041d\u0430\u0431\u043e\u0440 \u0443\u043f\u043b\u043e\u0442\u043d\u0438\u0442\u0435\u043b\u0435\u0439<\/a><\/li>\n<li><a href=\"http:\/\/eyli.com.tr\/beko-loder-donus-braket\/\">\u041f\u043e\u0432\u043e\u0440\u043e\u0442\u043d\u044b\u0439 \u0440\u044b\u0447\u0430\u0433<\/a><\/li>\n<li><a href=\"http:\/\/eyli.com.tr\/beko-loder-bom-silindir-kece-takimi\/\">\u041d\u0430\u0431\u043e\u0440 \u0443\u043f\u043b\u043e\u0442\u043d\u0438\u0442\u0435\u043b\u0435\u0439 \u0441\u0442\u0440\u0435\u043b\u044b \u0446\u0438\u043b\u0438\u043d\u0434\u0440\u0430<\/a><\/li>\n<li><a href=\"http:\/\/eyli.com.tr\/beko-loder-arm-silindir-kece-takimi\/\">\u041d\u0430\u0431\u043e\u0440 \u0443\u043f\u043b\u043e\u0442\u043d\u0438\u0442\u0435\u043b\u0435\u0439 \u0440\u0443\u043a\u043e\u044f\u0442\u0438 \u0446\u0438\u043b\u0438\u043d\u0434\u0440\u0430 <\/a><\/li>\n<li><a href=\"http:\/\/eyli.com.tr\/beko-loder-donus-silindir-kece-takimi\/\">\u041d\u0430\u0431\u043e\u0440 \u0443\u043f\u043b\u043e\u0442\u043d\u0438\u0442\u0435\u043b\u0435\u0439 \u043f\u043e\u0432\u043e\u0440\u043e\u0442\u043d\u043e\u0433\u043e \u0446\u0438\u043b\u0438\u043d\u0434\u0440\u0430<\/a><\/li>\n<\/ul>\n<\/td>\n<\/tr>\n<\/tbody>\n<\/table>\n<p><strong>\u042d\u043a\u0441\u043a\u0430\u0432\u0430\u0442\u043e\u0440-\u043f\u043e\u0433\u0440\u0443\u0437\u0447\u0438\u043a<\/strong><\/p>\n<p>\u042d\u043a\u0441\u043a\u0430\u0432\u0430\u0442\u043e\u0440\u044b-\u043f\u043e\u0433\u0440\u0443\u0437\u0447\u0438\u043a\u0438 \u0438\u043b\u0438, \u043a\u0430\u043a \u043d\u0430\u0437\u044b\u0432\u0430\u044e\u0442 \u0438\u0445 \u0432 \u043d\u0430\u0440\u043e\u0434\u0435, \u043f\u043e\u0433\u0440\u0443\u0437\u0447\u0438\u043a\u0438 \u0441 \u043f\u0435\u0440\u0435\u0432\u0435\u0440\u043d\u0443\u0442\u044b\u043c \u043a\u043e\u0432\u0448\u043e\u043c, \u044f\u0432\u043b\u044f\u044e\u0442\u0441\u044f <strong><em>\u0441\u0442\u0440\u043e\u0438\u0442\u0435\u043b\u044c\u043d\u044b\u043c\u0438 \u043c\u0430\u0448\u0438\u043d\u0430\u043c\u0438<\/em><\/strong> \u043d\u0430 \u043f\u043e\u0434\u043e\u0431\u0438\u0438 \u0442\u0440\u0430\u043a\u0442\u043e\u0440\u0430, \u0432\u043f\u0435\u0440\u0435\u0434\u0438 \u043a\u043e\u0442\u043e\u0440\u044b\u0445 \u0440\u0430\u0441\u043f\u043e\u043b\u043e\u0436\u0435\u043d \u0431\u043e\u043b\u044c\u0448\u043e\u0439 \u043a\u043e\u0432\u0448, \u0441\u0437\u0430\u0434\u0438 \u2013 \u043f\u0435\u0440\u0435\u0432\u0435\u0440\u043d\u0443\u0442\u044b\u0439 \u043c\u0430\u043b\u0435\u043d\u044c\u043a\u0438\u0439 \u043a\u043e\u0432\u0448.\u00a0 \u0423\u0447\u0438\u0442\u044b\u0432\u0430\u044f \u043e\u0442\u043d\u043e\u0441\u0438\u0442\u0435\u043b\u044c\u043d\u043e \u043d\u0435\u0431\u043e\u043b\u044c\u0448\u0443\u044e \u0438 \u0443\u043d\u0438\u0432\u0435\u0440\u0441\u0430\u043b\u044c\u043d\u0443\u044e \u0441\u0442\u0440\u0443\u043a\u0442\u0443\u0440\u0443, \u0438\u0441\u043f\u043e\u043b\u044c\u0437\u043e\u0432\u0430\u043d\u0438\u0435 \u044d\u043a\u0441\u043a\u0430\u0432\u0430\u0442\u043e\u0440\u043e\u0432-\u043f\u043e\u0433\u0440\u0443\u0437\u0447\u0438\u043a\u043e\u0432 \u0432 \u0433\u0440\u0430\u0436\u0434\u0430\u043d\u0441\u043a\u043e\u043c \u0441\u0442\u0440\u043e\u0438\u0442\u0435\u043b\u044c\u0441\u0442\u0432\u0435 \u0438 \u0432 \u043d\u0435\u0431\u043e\u043b\u044c\u0448\u0438\u0445 \u0441\u0442\u0440\u043e\u0438\u0442\u0435\u043b\u044c\u043d\u044b\u0445 \u043f\u0440\u043e\u0435\u043a\u0442\u0430\u0445 (\u043d\u0430\u043f\u0440\u0438\u043c\u0435\u0440, \u0441\u0442\u0440\u043e\u0438\u0442\u0435\u043b\u044c\u0441\u0442\u0432\u043e \u0434\u043e\u043c\u043e\u0432, \u0440\u0435\u043c\u043e\u043d\u0442 \u0433\u043e\u0440\u043e\u0434\u0441\u043a\u0438\u0445 \u0434\u043e\u0440\u043e\u0433) \u044f\u0432\u043b\u044f\u0435\u0442\u0441\u044f \u043e\u0447\u0435\u043d\u044c \u0440\u0430\u0441\u043f\u0440\u043e\u0441\u0442\u0440\u0430\u043d\u0435\u043d\u043d\u044b\u043c \u044f\u0432\u043b\u0435\u043d\u0438\u0435\u043c. \u042d\u0442\u043e\u0442 \u0442\u0438\u043f \u043c\u0430\u0448\u0438\u043d \u043f\u043e\u0445\u043e\u0436 \u043d\u0430 \u0441\u0435\u043b\u044c\u0441\u043a\u043e\u0445\u043e\u0437\u044f\u0439\u0441\u0442\u0432\u0435\u043d\u043d\u044b\u0435 \u0442\u0440\u0430\u043a\u0442\u043e\u0440\u044b \u0441 \u043f\u0435\u0440\u0435\u0434\u043d\u0438\u043c \u043f\u043e\u0433\u0440\u0443\u0437\u0447\u0438\u043a\u043e\u043c \u0438 \u043f\u0440\u0438\u0441\u0442\u0430\u0432\u043a\u043e\u0439 \u043a\u043e\u0432\u0448\u0430 \u0441\u0437\u0430\u0434\u0438.<\/p>\n<p class=\"p1\">\u0414\u043b\u044f \u043f\u0435\u0440\u0438\u043e\u0434\u0438\u0447\u0435\u0441\u043a\u043e\u0433\u043e \u0442\u0435\u0445\u043d\u0438\u0447\u0435\u0441\u043a\u043e\u0433\u043e \u043e\u0431\u0441\u043b\u0443\u0436\u0438\u0432\u0430\u043d\u0438\u044f \u044d\u043a\u0441\u043a\u0430\u0432\u0430\u0442\u043e\u0440\u0430-\u043f\u043e\u0433\u0440\u0443\u0437\u0447\u0438\u043a\u0430, <a href=\"http:\/\/eyli.com.tr\/beko-loder-periyodik-bakimi\/\">\u0436\u043c\u0438\u0442\u0435<\/a> \u0441\u044e\u0434\u0430.<\/p>\n<p><\/p>","protected":false},"excerpt":{"rendered":"<p>\u00a0 \u041c\u043e\u0434\u0435\u043b\u0438 \u0417\u0430\u043f\u0430\u0441\u043d\u044b\u0435 \u0447\u0430\u0441\u0442\u0438 BL60 BL60B BL61 BL61 PLUS BL61B BL70 BL70B BL71 BL71 PLUS BL71B \u0414\u0432\u0438\u0433\u0430\u0442\u0435\u043b\u044c \u0413\u043e\u043b\u043e\u0432\u043a\u0430 \u0446\u0438\u043b\u0438\u043d\u0434\u0440\u0430 \u0411\u043b\u043e\u043a \u0446\u0438\u043b\u0438\u043d\u0434\u0440\u0430 \u041a\u043e\u043c\u043f\u043b\u0435\u043a\u0442 \u043f\u043e\u0440\u0448\u043d\u0435\u0439 \u041c\u0430\u0441\u043b\u044f\u043d\u044b\u0439 \u0440\u0430\u0434\u0438\u0430\u0442\u043e\u0440 \u0434\u0432\u0438\u0433\u0430\u0442\u0435\u043b\u044f \u0410\u0432\u0442\u043e\u043c\u0430\u0442\u0438\u0447\u0435\u0441\u043a\u043e\u0435 \u0433\u043e\u0440\u044e\u0447\u0435\u0435 \u0423\u043a\u0430\u0437\u0430\u0442\u0435\u043b\u044c \u0443\u0440\u043e\u0432\u043d\u044f \u0433\u043e\u0440\u044e\u0447\u0435\u0433\u043e \u041d\u0430\u0441\u043e\u0441 \u0440\u0430\u0441\u043f\u044b\u043b\u0438\u0442\u0435\u043b\u044f \u0411\u0435\u043d\u0437\u043e\u043d\u0430\u0441\u043e\u0441 \u041d\u0430\u0441\u043e\u0441 \u0440\u0430\u0441\u043f\u044b\u043b\u0438\u0442\u0435\u043b\u044f \u0422\u0443\u0440\u0431\u0438\u043d\u0430 \u0420\u0430\u0434\u0438\u0430\u0442\u043e\u0440 \u0412\u043e\u0434\u044f\u043d\u043e\u0439 \u043d\u0430\u0441\u043e\u0441 \u0420\u0435\u043c\u043d\u0438 \u0434\u0432\u0438\u0433\u0430\u0442\u0435\u043b\u044f \u0422\u0435\u0440\u043c\u043e\u0441\u0442\u0430\u0442 \u0421\u0435\u043b\u0435\u043d\u043e\u0438\u0434 \u043e\u0441\u0442\u0430\u043d\u043e\u0432\u043a\u0438 \u0434\u0432\u0438\u0433\u0430\u0442\u0435\u043b\u044f \u041b\u0430\u043c\u043f\u043e\u0447\u043a\u0430 \u042d\u043b\u0435\u043a\u0442\u0440\u043e\u043d\u043d\u043e\u0435 \u043a\u043e\u043d\u0442\u0440\u043e\u043b\u044c\u043d\u043e\u0435 \u0443\u0441\u0442\u0440\u043e\u0439\u0441\u0442\u0432\u043e \u0412\u0430\u043b \u041f\u0435\u0440\u0435\u0434\u043d\u044f\u044f \u043e\u0441\u044c \u0417\u0430\u0434\u043d\u044f\u044f \u043e\u0441\u044c [&hellip;]<\/p>\n","protected":false},"author":1,"featured_media":0,"parent":0,"menu_order":0,"comment_status":"closed","ping_status":"closed","template":"page-fullwidth.php","meta":{"footnotes":""},"class_list":["post-129","page","type-page","status-publish","hentry"],"yoast_head":"<!-- This site is optimized with the Yoast SEO plugin v26.8 - https:\/\/yoast.com\/product\/yoast-seo-wordpress\/ -->\n<title>Volvo Beko Loder Yedek Par\u00e7alar\u0131, Beko Loder Yedek Par\u00e7a<\/title>\n<meta name=\"robots\" content=\"index, follow, max-snippet:-1, max-image-preview:large, max-video-preview:-1\" \/>\n<link rel=\"canonical\" href=\"https:\/\/eyli.com.tr\/volvo-beko-loder\/\" \/>\n<meta property=\"og:locale\" content=\"ru_RU\" \/>\n<meta property=\"og:type\" content=\"article\" \/>\n<meta property=\"og:title\" content=\"Volvo Beko Loder Yedek Par\u00e7alar\u0131, Beko Loder Yedek Par\u00e7a\" \/>\n<meta property=\"og:description\" content=\"\u00a0 \u041c\u043e\u0434\u0435\u043b\u0438 \u0417\u0430\u043f\u0430\u0441\u043d\u044b\u0435 \u0447\u0430\u0441\u0442\u0438 BL60 BL60B BL61 BL61 PLUS BL61B BL70 BL70B BL71 BL71 PLUS BL71B \u0414\u0432\u0438\u0433\u0430\u0442\u0435\u043b\u044c \u0413\u043e\u043b\u043e\u0432\u043a\u0430 \u0446\u0438\u043b\u0438\u043d\u0434\u0440\u0430 \u0411\u043b\u043e\u043a \u0446\u0438\u043b\u0438\u043d\u0434\u0440\u0430 \u041a\u043e\u043c\u043f\u043b\u0435\u043a\u0442 \u043f\u043e\u0440\u0448\u043d\u0435\u0439 \u041c\u0430\u0441\u043b\u044f\u043d\u044b\u0439 \u0440\u0430\u0434\u0438\u0430\u0442\u043e\u0440 \u0434\u0432\u0438\u0433\u0430\u0442\u0435\u043b\u044f \u0410\u0432\u0442\u043e\u043c\u0430\u0442\u0438\u0447\u0435\u0441\u043a\u043e\u0435 \u0433\u043e\u0440\u044e\u0447\u0435\u0435 \u0423\u043a\u0430\u0437\u0430\u0442\u0435\u043b\u044c \u0443\u0440\u043e\u0432\u043d\u044f \u0433\u043e\u0440\u044e\u0447\u0435\u0433\u043e \u041d\u0430\u0441\u043e\u0441 \u0440\u0430\u0441\u043f\u044b\u043b\u0438\u0442\u0435\u043b\u044f \u0411\u0435\u043d\u0437\u043e\u043d\u0430\u0441\u043e\u0441 \u041d\u0430\u0441\u043e\u0441 \u0440\u0430\u0441\u043f\u044b\u043b\u0438\u0442\u0435\u043b\u044f \u0422\u0443\u0440\u0431\u0438\u043d\u0430 \u0420\u0430\u0434\u0438\u0430\u0442\u043e\u0440 \u0412\u043e\u0434\u044f\u043d\u043e\u0439 \u043d\u0430\u0441\u043e\u0441 \u0420\u0435\u043c\u043d\u0438 \u0434\u0432\u0438\u0433\u0430\u0442\u0435\u043b\u044f \u0422\u0435\u0440\u043c\u043e\u0441\u0442\u0430\u0442 \u0421\u0435\u043b\u0435\u043d\u043e\u0438\u0434 \u043e\u0441\u0442\u0430\u043d\u043e\u0432\u043a\u0438 \u0434\u0432\u0438\u0433\u0430\u0442\u0435\u043b\u044f \u041b\u0430\u043c\u043f\u043e\u0447\u043a\u0430 \u042d\u043b\u0435\u043a\u0442\u0440\u043e\u043d\u043d\u043e\u0435 \u043a\u043e\u043d\u0442\u0440\u043e\u043b\u044c\u043d\u043e\u0435 \u0443\u0441\u0442\u0440\u043e\u0439\u0441\u0442\u0432\u043e \u0412\u0430\u043b \u041f\u0435\u0440\u0435\u0434\u043d\u044f\u044f \u043e\u0441\u044c \u0417\u0430\u0434\u043d\u044f\u044f \u043e\u0441\u044c [&hellip;]\" \/>\n<meta property=\"og:url\" content=\"https:\/\/eyli.com.tr\/volvo-beko-loder\/\" \/>\n<meta property=\"og:site_name\" content=\"Eyli \u0130\u015f Makineleri\" \/>\n<meta property=\"article:publisher\" content=\"https:\/\/www.facebook.com\/eylicomtr\" \/>\n<meta property=\"article:modified_time\" content=\"2016-10-18T09:20:35+00:00\" \/>\n<meta property=\"og:image\" content=\"http:\/\/eyli.com.tr\/wp-content\/uploads\/2016\/02\/BL60.jpg\" \/>\n<meta name=\"twitter:card\" content=\"summary_large_image\" \/>\n<meta name=\"twitter:label1\" content=\"\u041f\u0440\u0438\u043c\u0435\u0440\u043d\u043e\u0435 \u0432\u0440\u0435\u043c\u044f \u0434\u043b\u044f \u0447\u0442\u0435\u043d\u0438\u044f\" \/>\n\t<meta name=\"twitter:data1\" content=\"2 \u043c\u0438\u043d\u0443\u0442\u044b\" \/>\n<script type=\"application\/ld+json\" class=\"yoast-schema-graph\">{\"@context\":\"https:\/\/schema.org\",\"@graph\":[{\"@type\":\"WebPage\",\"@id\":\"https:\/\/eyli.com.tr\/volvo-beko-loder\/\",\"url\":\"https:\/\/eyli.com.tr\/volvo-beko-loder\/\",\"name\":\"Volvo Beko Loder Yedek Par\u00e7alar\u0131, Beko Loder Yedek Par\u00e7a\",\"isPartOf\":{\"@id\":\"https:\/\/eyli.com.tr\/#website\"},\"primaryImageOfPage\":{\"@id\":\"https:\/\/eyli.com.tr\/volvo-beko-loder\/#primaryimage\"},\"image\":{\"@id\":\"https:\/\/eyli.com.tr\/volvo-beko-loder\/#primaryimage\"},\"thumbnailUrl\":\"http:\/\/eyli.com.tr\/wp-content\/uploads\/2016\/02\/BL60.jpg\",\"datePublished\":\"2016-02-26T00:15:13+00:00\",\"dateModified\":\"2016-10-18T09:20:35+00:00\",\"breadcrumb\":{\"@id\":\"https:\/\/eyli.com.tr\/volvo-beko-loder\/#breadcrumb\"},\"inLanguage\":\"ru-RU\",\"potentialAction\":[{\"@type\":\"ReadAction\",\"target\":[\"https:\/\/eyli.com.tr\/volvo-beko-loder\/\"]}]},{\"@type\":\"ImageObject\",\"inLanguage\":\"ru-RU\",\"@id\":\"https:\/\/eyli.com.tr\/volvo-beko-loder\/#primaryimage\",\"url\":\"http:\/\/eyli.com.tr\/wp-content\/uploads\/2016\/02\/BL60.jpg\",\"contentUrl\":\"http:\/\/eyli.com.tr\/wp-content\/uploads\/2016\/02\/BL60.jpg\"},{\"@type\":\"BreadcrumbList\",\"@id\":\"https:\/\/eyli.com.tr\/volvo-beko-loder\/#breadcrumb\",\"itemListElement\":[{\"@type\":\"ListItem\",\"position\":1,\"name\":\"Ana sayfa\",\"item\":\"https:\/\/eyli.com.tr\/\"},{\"@type\":\"ListItem\",\"position\":2,\"name\":\"Volvo Beko Loder\"}]},{\"@type\":\"WebSite\",\"@id\":\"https:\/\/eyli.com.tr\/#website\",\"url\":\"https:\/\/eyli.com.tr\/\",\"name\":\"Eyli \u0130\u015f Makineleri\",\"description\":\"\",\"publisher\":{\"@id\":\"https:\/\/eyli.com.tr\/#organization\"},\"potentialAction\":[{\"@type\":\"SearchAction\",\"target\":{\"@type\":\"EntryPoint\",\"urlTemplate\":\"https:\/\/eyli.com.tr\/?s={search_term_string}\"},\"query-input\":{\"@type\":\"PropertyValueSpecification\",\"valueRequired\":true,\"valueName\":\"search_term_string\"}}],\"inLanguage\":\"ru-RU\"},{\"@type\":\"Organization\",\"@id\":\"https:\/\/eyli.com.tr\/#organization\",\"name\":\"Eyli \u0130\u015f Makineleri\",\"url\":\"https:\/\/eyli.com.tr\/\",\"logo\":{\"@type\":\"ImageObject\",\"inLanguage\":\"ru-RU\",\"@id\":\"https:\/\/eyli.com.tr\/#\/schema\/logo\/image\/\",\"url\":\"https:\/\/eyli.com.tr\/wp-content\/uploads\/2020\/04\/WhatsApp-Image-2020-04-23-at-03.11.52-e1587829137284.jpeg\",\"contentUrl\":\"https:\/\/eyli.com.tr\/wp-content\/uploads\/2020\/04\/WhatsApp-Image-2020-04-23-at-03.11.52-e1587829137284.jpeg\",\"width\":1600,\"height\":900,\"caption\":\"Eyli \u0130\u015f Makineleri\"},\"image\":{\"@id\":\"https:\/\/eyli.com.tr\/#\/schema\/logo\/image\/\"},\"sameAs\":[\"https:\/\/www.facebook.com\/eylicomtr\"]}]}<\/script>\n<!-- \/ Yoast SEO plugin. -->","yoast_head_json":{"title":"Volvo Beko Loder Yedek Par\u00e7alar\u0131, Beko Loder Yedek Par\u00e7a","robots":{"index":"index","follow":"follow","max-snippet":"max-snippet:-1","max-image-preview":"max-image-preview:large","max-video-preview":"max-video-preview:-1"},"canonical":"https:\/\/eyli.com.tr\/volvo-beko-loder\/","og_locale":"ru_RU","og_type":"article","og_title":"Volvo Beko Loder Yedek Par\u00e7alar\u0131, Beko Loder Yedek Par\u00e7a","og_description":"\u00a0 \u041c\u043e\u0434\u0435\u043b\u0438 \u0417\u0430\u043f\u0430\u0441\u043d\u044b\u0435 \u0447\u0430\u0441\u0442\u0438 BL60 BL60B BL61 BL61 PLUS BL61B BL70 BL70B BL71 BL71 PLUS BL71B \u0414\u0432\u0438\u0433\u0430\u0442\u0435\u043b\u044c \u0413\u043e\u043b\u043e\u0432\u043a\u0430 \u0446\u0438\u043b\u0438\u043d\u0434\u0440\u0430 \u0411\u043b\u043e\u043a \u0446\u0438\u043b\u0438\u043d\u0434\u0440\u0430 \u041a\u043e\u043c\u043f\u043b\u0435\u043a\u0442 \u043f\u043e\u0440\u0448\u043d\u0435\u0439 \u041c\u0430\u0441\u043b\u044f\u043d\u044b\u0439 \u0440\u0430\u0434\u0438\u0430\u0442\u043e\u0440 \u0434\u0432\u0438\u0433\u0430\u0442\u0435\u043b\u044f \u0410\u0432\u0442\u043e\u043c\u0430\u0442\u0438\u0447\u0435\u0441\u043a\u043e\u0435 \u0433\u043e\u0440\u044e\u0447\u0435\u0435 \u0423\u043a\u0430\u0437\u0430\u0442\u0435\u043b\u044c \u0443\u0440\u043e\u0432\u043d\u044f \u0433\u043e\u0440\u044e\u0447\u0435\u0433\u043e \u041d\u0430\u0441\u043e\u0441 \u0440\u0430\u0441\u043f\u044b\u043b\u0438\u0442\u0435\u043b\u044f \u0411\u0435\u043d\u0437\u043e\u043d\u0430\u0441\u043e\u0441 \u041d\u0430\u0441\u043e\u0441 \u0440\u0430\u0441\u043f\u044b\u043b\u0438\u0442\u0435\u043b\u044f \u0422\u0443\u0440\u0431\u0438\u043d\u0430 \u0420\u0430\u0434\u0438\u0430\u0442\u043e\u0440 \u0412\u043e\u0434\u044f\u043d\u043e\u0439 \u043d\u0430\u0441\u043e\u0441 \u0420\u0435\u043c\u043d\u0438 \u0434\u0432\u0438\u0433\u0430\u0442\u0435\u043b\u044f \u0422\u0435\u0440\u043c\u043e\u0441\u0442\u0430\u0442 \u0421\u0435\u043b\u0435\u043d\u043e\u0438\u0434 \u043e\u0441\u0442\u0430\u043d\u043e\u0432\u043a\u0438 \u0434\u0432\u0438\u0433\u0430\u0442\u0435\u043b\u044f \u041b\u0430\u043c\u043f\u043e\u0447\u043a\u0430 \u042d\u043b\u0435\u043a\u0442\u0440\u043e\u043d\u043d\u043e\u0435 \u043a\u043e\u043d\u0442\u0440\u043e\u043b\u044c\u043d\u043e\u0435 \u0443\u0441\u0442\u0440\u043e\u0439\u0441\u0442\u0432\u043e \u0412\u0430\u043b \u041f\u0435\u0440\u0435\u0434\u043d\u044f\u044f \u043e\u0441\u044c \u0417\u0430\u0434\u043d\u044f\u044f \u043e\u0441\u044c [&hellip;]","og_url":"https:\/\/eyli.com.tr\/volvo-beko-loder\/","og_site_name":"Eyli \u0130\u015f Makineleri","article_publisher":"https:\/\/www.facebook.com\/eylicomtr","article_modified_time":"2016-10-18T09:20:35+00:00","og_image":[{"url":"http:\/\/eyli.com.tr\/wp-content\/uploads\/2016\/02\/BL60.jpg","type":"","width":"","height":""}],"twitter_card":"summary_large_image","twitter_misc":{"\u041f\u0440\u0438\u043c\u0435\u0440\u043d\u043e\u0435 \u0432\u0440\u0435\u043c\u044f \u0434\u043b\u044f \u0447\u0442\u0435\u043d\u0438\u044f":"2 \u043c\u0438\u043d\u0443\u0442\u044b"},"schema":{"@context":"https:\/\/schema.org","@graph":[{"@type":"WebPage","@id":"https:\/\/eyli.com.tr\/volvo-beko-loder\/","url":"https:\/\/eyli.com.tr\/volvo-beko-loder\/","name":"Volvo Beko Loder Yedek Par\u00e7alar\u0131, Beko Loder Yedek Par\u00e7a","isPartOf":{"@id":"https:\/\/eyli.com.tr\/#website"},"primaryImageOfPage":{"@id":"https:\/\/eyli.com.tr\/volvo-beko-loder\/#primaryimage"},"image":{"@id":"https:\/\/eyli.com.tr\/volvo-beko-loder\/#primaryimage"},"thumbnailUrl":"http:\/\/eyli.com.tr\/wp-content\/uploads\/2016\/02\/BL60.jpg","datePublished":"2016-02-26T00:15:13+00:00","dateModified":"2016-10-18T09:20:35+00:00","breadcrumb":{"@id":"https:\/\/eyli.com.tr\/volvo-beko-loder\/#breadcrumb"},"inLanguage":"ru-RU","potentialAction":[{"@type":"ReadAction","target":["https:\/\/eyli.com.tr\/volvo-beko-loder\/"]}]},{"@type":"ImageObject","inLanguage":"ru-RU","@id":"https:\/\/eyli.com.tr\/volvo-beko-loder\/#primaryimage","url":"http:\/\/eyli.com.tr\/wp-content\/uploads\/2016\/02\/BL60.jpg","contentUrl":"http:\/\/eyli.com.tr\/wp-content\/uploads\/2016\/02\/BL60.jpg"},{"@type":"BreadcrumbList","@id":"https:\/\/eyli.com.tr\/volvo-beko-loder\/#breadcrumb","itemListElement":[{"@type":"ListItem","position":1,"name":"Ana sayfa","item":"https:\/\/eyli.com.tr\/"},{"@type":"ListItem","position":2,"name":"Volvo Beko Loder"}]},{"@type":"WebSite","@id":"https:\/\/eyli.com.tr\/#website","url":"https:\/\/eyli.com.tr\/","name":"Eyli \u0130\u015f Makineleri","description":"","publisher":{"@id":"https:\/\/eyli.com.tr\/#organization"},"potentialAction":[{"@type":"SearchAction","target":{"@type":"EntryPoint","urlTemplate":"https:\/\/eyli.com.tr\/?s={search_term_string}"},"query-input":{"@type":"PropertyValueSpecification","valueRequired":true,"valueName":"search_term_string"}}],"inLanguage":"ru-RU"},{"@type":"Organization","@id":"https:\/\/eyli.com.tr\/#organization","name":"Eyli \u0130\u015f Makineleri","url":"https:\/\/eyli.com.tr\/","logo":{"@type":"ImageObject","inLanguage":"ru-RU","@id":"https:\/\/eyli.com.tr\/#\/schema\/logo\/image\/","url":"https:\/\/eyli.com.tr\/wp-content\/uploads\/2020\/04\/WhatsApp-Image-2020-04-23-at-03.11.52-e1587829137284.jpeg","contentUrl":"https:\/\/eyli.com.tr\/wp-content\/uploads\/2020\/04\/WhatsApp-Image-2020-04-23-at-03.11.52-e1587829137284.jpeg","width":1600,"height":900,"caption":"Eyli \u0130\u015f Makineleri"},"image":{"@id":"https:\/\/eyli.com.tr\/#\/schema\/logo\/image\/"},"sameAs":["https:\/\/www.facebook.com\/eylicomtr"]}]}},"_links":{"self":[{"href":"https:\/\/eyli.com.tr\/ru\/wp-json\/wp\/v2\/pages\/129","targetHints":{"allow":["GET"]}}],"collection":[{"href":"https:\/\/eyli.com.tr\/ru\/wp-json\/wp\/v2\/pages"}],"about":[{"href":"https:\/\/eyli.com.tr\/ru\/wp-json\/wp\/v2\/types\/page"}],"author":[{"embeddable":true,"href":"https:\/\/eyli.com.tr\/ru\/wp-json\/wp\/v2\/users\/1"}],"replies":[{"embeddable":true,"href":"https:\/\/eyli.com.tr\/ru\/wp-json\/wp\/v2\/comments?post=129"}],"version-history":[{"count":40,"href":"https:\/\/eyli.com.tr\/ru\/wp-json\/wp\/v2\/pages\/129\/revisions"}],"predecessor-version":[{"id":1768,"href":"https:\/\/eyli.com.tr\/ru\/wp-json\/wp\/v2\/pages\/129\/revisions\/1768"}],"wp:attachment":[{"href":"https:\/\/eyli.com.tr\/ru\/wp-json\/wp\/v2\/media?parent=129"}],"curies":[{"name":"wp","href":"https:\/\/api.w.org\/{rel}","templated":true}]}}