{"id":1217,"date":"2016-05-21T11:06:15","date_gmt":"2016-05-21T08:06:15","guid":{"rendered":"http:\/\/eyli.com.tr\/?page_id=1217"},"modified":"2016-05-21T11:06:43","modified_gmt":"2016-05-21T08:06:43","slug":"a40g-volvo-kaya-kamyonlari-500-saat-sonrasi-yag-degistirme-islemi","status":"publish","type":"page","link":"https:\/\/eyli.com.tr\/ru\/a40g-volvo-kaya-kamyonlari-500-saat-sonrasi-yag-degistirme-islemi\/","title":{"rendered":"A40G Volvo Kaya kamyonlar\u0131 500 saat sonras\u0131 ya\u011f de\u011fi\u015ftirme i\u015flemi"},"content":{"rendered":"<div class=\"embed-responsive embed-responsive-16by9 index-img\"><iframe loading=\"lazy\" class=\"embed-responsive-item\" src=\"https:\/\/www.youtube.com\/embed\/IR916A5coPs\" width=\"300\" height=\"150\" frameborder=\"0\" allowfullscreen=\"allowfullscreen\"><\/iframe><\/div>\n<p>&nbsp;<\/p>\n<p><strong>A40G Volvo Kaya kamyonlar\u0131<\/strong> 500 saat sonras\u0131 ya\u011f de\u011fi\u015ftirme i\u015flemi. \u00d6n \u0131zgaray\u0131 a\u00e7ar\u0131z, Doldurma ve bo\u015faltma kaplar\u0131 kar\u015f\u0131n\u0131za \u00e7\u0131kar. Arac\u0131n yap\u0131s\u0131 gere\u011fi ya\u011f de\u011fi\u015ftirme i\u015flemi son derece basit ve pratiktir.Ana kaput kapa\u011f\u0131 90 derece yatabilir. Dolay\u0131s\u0131 ile <a href=\"http:\/\/eyli.com.tr\/kaya-kamyonu-motor\/\">motor<\/a>, so\u011futucu vs gibi par\u00e7alar \u00fczerinde \u00e7al\u0131\u015fmakta, bu par\u00e7alara eri\u015fim de kolayd\u0131r. Bu arac\u0131n bak\u0131m\u0131n\u0131 ve servisini de son derece kolayla\u015ft\u0131rmaktad\u0131r. Dorse ile y\u00fck kabini aras\u0131ndaki mekanizma stabilite sa\u011flamaktad\u0131r. Bu par\u00e7a servis gerektirmeyen kapal\u0131 bir par\u00e7ad\u0131r. Par\u00e7a \u00f6m\u00fcr boyu garanti alt\u0131ndad\u0131r.<\/p>\n","protected":false},"excerpt":{"rendered":"<p>&nbsp; A40G Volvo Kaya kamyonlar\u0131 500 saat sonras\u0131 ya\u011f de\u011fi\u015ftirme i\u015flemi. \u00d6n \u0131zgaray\u0131 a\u00e7ar\u0131z, Doldurma ve bo\u015faltma kaplar\u0131 kar\u015f\u0131n\u0131za \u00e7\u0131kar. Arac\u0131n yap\u0131s\u0131 gere\u011fi ya\u011f de\u011fi\u015ftirme i\u015flemi son derece basit ve pratiktir.Ana kaput kapa\u011f\u0131 90 derece yatabilir. Dolay\u0131s\u0131 ile motor, so\u011futucu vs gibi par\u00e7alar \u00fczerinde \u00e7al\u0131\u015fmakta, bu par\u00e7alara eri\u015fim de kolayd\u0131r. Bu arac\u0131n bak\u0131m\u0131n\u0131 ve servisini [&hellip;]<\/p>\n","protected":false},"author":1,"featured_media":0,"parent":0,"menu_order":0,"comment_status":"closed","ping_status":"closed","template":"page-fullwidth.php","meta":{"footnotes":""},"class_list":["post-1217","page","type-page","status-publish","hentry"],"yoast_head":"<!-- This site is optimized with the Yoast SEO plugin v26.8 - https:\/\/yoast.com\/product\/yoast-seo-wordpress\/ -->\n<title>A40G Volvo Kaya kamyonlar\u0131 500 saat sonras\u0131 ya\u011f de\u011fi\u015ftirme i\u015flemi - Eyli \u0130\u015f Makineleri<\/title>\n<meta name=\"robots\" content=\"index, follow, max-snippet:-1, max-image-preview:large, max-video-preview:-1\" \/>\n<link rel=\"canonical\" href=\"https:\/\/eyli.com.tr\/a40g-volvo-kaya-kamyonlari-500-saat-sonrasi-yag-degistirme-islemi\/\" \/>\n<meta property=\"og:locale\" content=\"ru_RU\" \/>\n<meta property=\"og:type\" content=\"article\" \/>\n<meta property=\"og:title\" content=\"A40G Volvo Kaya kamyonlar\u0131 500 saat sonras\u0131 ya\u011f de\u011fi\u015ftirme i\u015flemi - Eyli \u0130\u015f Makineleri\" \/>\n<meta property=\"og:description\" content=\"&nbsp; A40G Volvo Kaya kamyonlar\u0131 500 saat sonras\u0131 ya\u011f de\u011fi\u015ftirme i\u015flemi. \u00d6n \u0131zgaray\u0131 a\u00e7ar\u0131z, Doldurma ve bo\u015faltma kaplar\u0131 kar\u015f\u0131n\u0131za \u00e7\u0131kar. Arac\u0131n yap\u0131s\u0131 gere\u011fi ya\u011f de\u011fi\u015ftirme i\u015flemi son derece basit ve pratiktir.Ana kaput kapa\u011f\u0131 90 derece yatabilir. Dolay\u0131s\u0131 ile motor, so\u011futucu vs gibi par\u00e7alar \u00fczerinde \u00e7al\u0131\u015fmakta, bu par\u00e7alara eri\u015fim de kolayd\u0131r. Bu arac\u0131n bak\u0131m\u0131n\u0131 ve servisini [&hellip;]\" \/>\n<meta property=\"og:url\" content=\"https:\/\/eyli.com.tr\/a40g-volvo-kaya-kamyonlari-500-saat-sonrasi-yag-degistirme-islemi\/\" \/>\n<meta property=\"og:site_name\" content=\"Eyli \u0130\u015f Makineleri\" \/>\n<meta property=\"article:publisher\" content=\"https:\/\/www.facebook.com\/eylicomtr\" \/>\n<meta property=\"article:modified_time\" content=\"2016-05-21T08:06:43+00:00\" \/>\n<meta name=\"twitter:card\" content=\"summary_large_image\" \/>\n<meta name=\"twitter:label1\" content=\"\u041f\u0440\u0438\u043c\u0435\u0440\u043d\u043e\u0435 \u0432\u0440\u0435\u043c\u044f \u0434\u043b\u044f \u0447\u0442\u0435\u043d\u0438\u044f\" \/>\n\t<meta name=\"twitter:data1\" content=\"1 \u043c\u0438\u043d\u0443\u0442\u0430\" \/>\n<script type=\"application\/ld+json\" class=\"yoast-schema-graph\">{\"@context\":\"https:\/\/schema.org\",\"@graph\":[{\"@type\":\"WebPage\",\"@id\":\"https:\/\/eyli.com.tr\/a40g-volvo-kaya-kamyonlari-500-saat-sonrasi-yag-degistirme-islemi\/\",\"url\":\"https:\/\/eyli.com.tr\/a40g-volvo-kaya-kamyonlari-500-saat-sonrasi-yag-degistirme-islemi\/\",\"name\":\"A40G Volvo Kaya kamyonlar\u0131 500 saat sonras\u0131 ya\u011f de\u011fi\u015ftirme i\u015flemi - Eyli \u0130\u015f Makineleri\",\"isPartOf\":{\"@id\":\"https:\/\/eyli.com.tr\/#website\"},\"datePublished\":\"2016-05-21T08:06:15+00:00\",\"dateModified\":\"2016-05-21T08:06:43+00:00\",\"breadcrumb\":{\"@id\":\"https:\/\/eyli.com.tr\/a40g-volvo-kaya-kamyonlari-500-saat-sonrasi-yag-degistirme-islemi\/#breadcrumb\"},\"inLanguage\":\"ru-RU\",\"potentialAction\":[{\"@type\":\"ReadAction\",\"target\":[\"https:\/\/eyli.com.tr\/a40g-volvo-kaya-kamyonlari-500-saat-sonrasi-yag-degistirme-islemi\/\"]}]},{\"@type\":\"BreadcrumbList\",\"@id\":\"https:\/\/eyli.com.tr\/a40g-volvo-kaya-kamyonlari-500-saat-sonrasi-yag-degistirme-islemi\/#breadcrumb\",\"itemListElement\":[{\"@type\":\"ListItem\",\"position\":1,\"name\":\"Ana sayfa\",\"item\":\"https:\/\/eyli.com.tr\/\"},{\"@type\":\"ListItem\",\"position\":2,\"name\":\"A40G Volvo Kaya kamyonlar\u0131 500 saat sonras\u0131 ya\u011f de\u011fi\u015ftirme i\u015flemi\"}]},{\"@type\":\"WebSite\",\"@id\":\"https:\/\/eyli.com.tr\/#website\",\"url\":\"https:\/\/eyli.com.tr\/\",\"name\":\"Eyli \u0130\u015f Makineleri\",\"description\":\"\",\"publisher\":{\"@id\":\"https:\/\/eyli.com.tr\/#organization\"},\"potentialAction\":[{\"@type\":\"SearchAction\",\"target\":{\"@type\":\"EntryPoint\",\"urlTemplate\":\"https:\/\/eyli.com.tr\/?s={search_term_string}\"},\"query-input\":{\"@type\":\"PropertyValueSpecification\",\"valueRequired\":true,\"valueName\":\"search_term_string\"}}],\"inLanguage\":\"ru-RU\"},{\"@type\":\"Organization\",\"@id\":\"https:\/\/eyli.com.tr\/#organization\",\"name\":\"Eyli \u0130\u015f Makineleri\",\"url\":\"https:\/\/eyli.com.tr\/\",\"logo\":{\"@type\":\"ImageObject\",\"inLanguage\":\"ru-RU\",\"@id\":\"https:\/\/eyli.com.tr\/#\/schema\/logo\/image\/\",\"url\":\"https:\/\/eyli.com.tr\/wp-content\/uploads\/2020\/04\/WhatsApp-Image-2020-04-23-at-03.11.52-e1587829137284.jpeg\",\"contentUrl\":\"https:\/\/eyli.com.tr\/wp-content\/uploads\/2020\/04\/WhatsApp-Image-2020-04-23-at-03.11.52-e1587829137284.jpeg\",\"width\":1600,\"height\":900,\"caption\":\"Eyli \u0130\u015f Makineleri\"},\"image\":{\"@id\":\"https:\/\/eyli.com.tr\/#\/schema\/logo\/image\/\"},\"sameAs\":[\"https:\/\/www.facebook.com\/eylicomtr\"]}]}<\/script>\n<!-- \/ Yoast SEO plugin. -->","yoast_head_json":{"title":"A40G Volvo Kaya kamyonlar\u0131 500 saat sonras\u0131 ya\u011f de\u011fi\u015ftirme i\u015flemi - Eyli \u0130\u015f Makineleri","robots":{"index":"index","follow":"follow","max-snippet":"max-snippet:-1","max-image-preview":"max-image-preview:large","max-video-preview":"max-video-preview:-1"},"canonical":"https:\/\/eyli.com.tr\/a40g-volvo-kaya-kamyonlari-500-saat-sonrasi-yag-degistirme-islemi\/","og_locale":"ru_RU","og_type":"article","og_title":"A40G Volvo Kaya kamyonlar\u0131 500 saat sonras\u0131 ya\u011f de\u011fi\u015ftirme i\u015flemi - Eyli \u0130\u015f Makineleri","og_description":"&nbsp; A40G Volvo Kaya kamyonlar\u0131 500 saat sonras\u0131 ya\u011f de\u011fi\u015ftirme i\u015flemi. \u00d6n \u0131zgaray\u0131 a\u00e7ar\u0131z, Doldurma ve bo\u015faltma kaplar\u0131 kar\u015f\u0131n\u0131za \u00e7\u0131kar. Arac\u0131n yap\u0131s\u0131 gere\u011fi ya\u011f de\u011fi\u015ftirme i\u015flemi son derece basit ve pratiktir.Ana kaput kapa\u011f\u0131 90 derece yatabilir. Dolay\u0131s\u0131 ile motor, so\u011futucu vs gibi par\u00e7alar \u00fczerinde \u00e7al\u0131\u015fmakta, bu par\u00e7alara eri\u015fim de kolayd\u0131r. Bu arac\u0131n bak\u0131m\u0131n\u0131 ve servisini [&hellip;]","og_url":"https:\/\/eyli.com.tr\/a40g-volvo-kaya-kamyonlari-500-saat-sonrasi-yag-degistirme-islemi\/","og_site_name":"Eyli \u0130\u015f Makineleri","article_publisher":"https:\/\/www.facebook.com\/eylicomtr","article_modified_time":"2016-05-21T08:06:43+00:00","twitter_card":"summary_large_image","twitter_misc":{"\u041f\u0440\u0438\u043c\u0435\u0440\u043d\u043e\u0435 \u0432\u0440\u0435\u043c\u044f \u0434\u043b\u044f \u0447\u0442\u0435\u043d\u0438\u044f":"1 \u043c\u0438\u043d\u0443\u0442\u0430"},"schema":{"@context":"https:\/\/schema.org","@graph":[{"@type":"WebPage","@id":"https:\/\/eyli.com.tr\/a40g-volvo-kaya-kamyonlari-500-saat-sonrasi-yag-degistirme-islemi\/","url":"https:\/\/eyli.com.tr\/a40g-volvo-kaya-kamyonlari-500-saat-sonrasi-yag-degistirme-islemi\/","name":"A40G Volvo Kaya kamyonlar\u0131 500 saat sonras\u0131 ya\u011f de\u011fi\u015ftirme i\u015flemi - Eyli \u0130\u015f Makineleri","isPartOf":{"@id":"https:\/\/eyli.com.tr\/#website"},"datePublished":"2016-05-21T08:06:15+00:00","dateModified":"2016-05-21T08:06:43+00:00","breadcrumb":{"@id":"https:\/\/eyli.com.tr\/a40g-volvo-kaya-kamyonlari-500-saat-sonrasi-yag-degistirme-islemi\/#breadcrumb"},"inLanguage":"ru-RU","potentialAction":[{"@type":"ReadAction","target":["https:\/\/eyli.com.tr\/a40g-volvo-kaya-kamyonlari-500-saat-sonrasi-yag-degistirme-islemi\/"]}]},{"@type":"BreadcrumbList","@id":"https:\/\/eyli.com.tr\/a40g-volvo-kaya-kamyonlari-500-saat-sonrasi-yag-degistirme-islemi\/#breadcrumb","itemListElement":[{"@type":"ListItem","position":1,"name":"Ana sayfa","item":"https:\/\/eyli.com.tr\/"},{"@type":"ListItem","position":2,"name":"A40G Volvo Kaya kamyonlar\u0131 500 saat sonras\u0131 ya\u011f de\u011fi\u015ftirme i\u015flemi"}]},{"@type":"WebSite","@id":"https:\/\/eyli.com.tr\/#website","url":"https:\/\/eyli.com.tr\/","name":"Eyli \u0130\u015f Makineleri","description":"","publisher":{"@id":"https:\/\/eyli.com.tr\/#organization"},"potentialAction":[{"@type":"SearchAction","target":{"@type":"EntryPoint","urlTemplate":"https:\/\/eyli.com.tr\/?s={search_term_string}"},"query-input":{"@type":"PropertyValueSpecification","valueRequired":true,"valueName":"search_term_string"}}],"inLanguage":"ru-RU"},{"@type":"Organization","@id":"https:\/\/eyli.com.tr\/#organization","name":"Eyli \u0130\u015f Makineleri","url":"https:\/\/eyli.com.tr\/","logo":{"@type":"ImageObject","inLanguage":"ru-RU","@id":"https:\/\/eyli.com.tr\/#\/schema\/logo\/image\/","url":"https:\/\/eyli.com.tr\/wp-content\/uploads\/2020\/04\/WhatsApp-Image-2020-04-23-at-03.11.52-e1587829137284.jpeg","contentUrl":"https:\/\/eyli.com.tr\/wp-content\/uploads\/2020\/04\/WhatsApp-Image-2020-04-23-at-03.11.52-e1587829137284.jpeg","width":1600,"height":900,"caption":"Eyli \u0130\u015f Makineleri"},"image":{"@id":"https:\/\/eyli.com.tr\/#\/schema\/logo\/image\/"},"sameAs":["https:\/\/www.facebook.com\/eylicomtr"]}]}},"_links":{"self":[{"href":"https:\/\/eyli.com.tr\/ru\/wp-json\/wp\/v2\/pages\/1217","targetHints":{"allow":["GET"]}}],"collection":[{"href":"https:\/\/eyli.com.tr\/ru\/wp-json\/wp\/v2\/pages"}],"about":[{"href":"https:\/\/eyli.com.tr\/ru\/wp-json\/wp\/v2\/types\/page"}],"author":[{"embeddable":true,"href":"https:\/\/eyli.com.tr\/ru\/wp-json\/wp\/v2\/users\/1"}],"replies":[{"embeddable":true,"href":"https:\/\/eyli.com.tr\/ru\/wp-json\/wp\/v2\/comments?post=1217"}],"version-history":[{"count":2,"href":"https:\/\/eyli.com.tr\/ru\/wp-json\/wp\/v2\/pages\/1217\/revisions"}],"predecessor-version":[{"id":1242,"href":"https:\/\/eyli.com.tr\/ru\/wp-json\/wp\/v2\/pages\/1217\/revisions\/1242"}],"wp:attachment":[{"href":"https:\/\/eyli.com.tr\/ru\/wp-json\/wp\/v2\/media?parent=1217"}],"curies":[{"name":"wp","href":"https:\/\/api.w.org\/{rel}","templated":true}]}}