{"id":1216,"date":"2016-05-22T22:42:03","date_gmt":"2016-05-22T19:42:03","guid":{"rendered":"http:\/\/eyli.com.tr\/?page_id=1216"},"modified":"2016-05-22T22:42:03","modified_gmt":"2016-05-22T19:42:03","slug":"a40g-volvo-kaya-kamyonlari-gerektigi-yer-zamanda-guc-saglamak","status":"publish","type":"page","link":"https:\/\/eyli.com.tr\/ru\/a40g-volvo-kaya-kamyonlari-gerektigi-yer-zamanda-guc-saglamak\/","title":{"rendered":"A40G Volvo Kaya kamyonlar\u0131 gerekti\u011fi yer ve zamanda g\u00fc\u00e7 sa\u011flamak"},"content":{"rendered":"<div class=\"embed-responsive embed-responsive-16by9 index-img\"><iframe loading=\"lazy\" class=\"embed-responsive-item\" src=\"https:\/\/www.youtube.com\/embed\/MsqIn-NDgso\" width=\"300\" height=\"150\" frameborder=\"0\" allowfullscreen=\"allowfullscreen\"><\/iframe><\/div>\n<p>&nbsp;<\/p>\n<p>Gerekti\u011fi yer ve zamanda g\u00fc\u00e7 sa\u011flamak. Bu, pek \u00e7ok mafsall\u0131 y\u00fck arac\u0131 i\u00e7in en \u00f6nemli \u00f6zelliktir. Operat\u00f6r, durumun gerektirdi\u011fi s\u00fcr\u00fc\u015f konfig\u00fcrasyonunu se\u00e7ebilmelidir. EN zorlu ko\u015fullar i\u00e7in en uygun s\u00fcr\u00fc\u015f konfig\u00fcrasyonu t\u00fcm tekerleklere g\u00fc\u00e7 iletildi\u011fi ve tekerleklerin bo\u015fa d\u00f6nmesine izin vermeyen %100 diferansiyel kilit sistemidir. \u00c7apraz Diferansiyel Kilitli \u00f6n aks 6&#215;6 konfig\u00fcrasyonunda t\u00fcm tekerleklere g\u00fc\u00e7 iletimi vard\u0131r ancak diferansiyel kilidi \u00f6n ve arka tekerlekler aras\u0131nda ve \u00f6n aksta aktiftir. Bu, kaygan zeminlerde \u00e7eki\u015f kabiliyetini artt\u0131r\u0131r ve bazen yoku\u015f yukar\u0131 bo\u015falt\u0131m yaparken veya derin ve e\u011fimli yoku\u015flar\u0131 \u00e7\u0131karken gereklidir.\u00c7apraz diferansiyel kilidini \u00f6n aksta kullanmak, bir \u00f6nceki konfig\u00fcrasyona benzer. Burada diferansiyel kilidi sadece \u00f6n aksta aktiftir ve 6&#215;4 lerde uygulan\u0131r. Yine kaygan zeminlerde daha iyi \u00e7eki\u015f elde etmek i\u00e7in kullan\u0131l\u0131r. 6&#215;6 modda t\u00fcm difransiyel kilitleri akslar aras\u0131nda aktiftir ancak akslar boyunca aktif de\u011fildirler. Bu modda t\u00fcm tekerleklere g\u00fc\u00e7 gitmektedir. Bu kademeli t\u0131rman\u0131\u015flar ve yoku\u015f a\u015fa\u011f\u0131 operasyonlar i\u00e7in uygundur. \u00a0Son olarak Volvoya has bir mod; hi\u00e7bir diferansiyel kilidinin aktif olmad\u0131\u011f\u0131 6&#215;4 modu. Bu mod, \u00f6zellikle iyi durumdaki veya asfalt kapl\u0131 yollarda kullan\u0131labilecek h\u0131zl\u0131 ta\u015f\u0131ma modudur. Bu mod ayn\u0131 zamanda en son tekerlek setinin a\u015f\u0131nmas\u0131n\u0131 engeller \u00e7\u00fcnk\u00fc bu set aktif de\u011fildir. Opsiyonel ATC sistemi, Volvo&#8217; nun 6&#215;4 ve 6&#215;6 aktarma organlar\u0131nda s\u00fcrekli olarak h\u0131z farkl\u0131l\u0131klar\u0131n\u0131 \u00f6l\u00e7en pek \u00e7ok sens\u00f6rden olu\u015fmaktad\u0131r. Sistem, zemine uyum sa\u011flamak amac\u0131 ile \u00f6l\u00e7\u00fcm sonu\u00e7lar\u0131na ba\u011fl\u0131 olarak en uygun s\u00fcr\u00fc\u015f modunu se\u00e7mektedir. Bu operat\u00f6re arac\u0131 g\u00fcvenle bir \u015fekilde kullanmaya konsantre olma \u015fans\u0131 sunmaktad\u0131r.<\/p>\n","protected":false},"excerpt":{"rendered":"<p>&nbsp; Gerekti\u011fi yer ve zamanda g\u00fc\u00e7 sa\u011flamak. Bu, pek \u00e7ok mafsall\u0131 y\u00fck arac\u0131 i\u00e7in en \u00f6nemli \u00f6zelliktir. Operat\u00f6r, durumun gerektirdi\u011fi s\u00fcr\u00fc\u015f konfig\u00fcrasyonunu se\u00e7ebilmelidir. EN zorlu ko\u015fullar i\u00e7in en uygun s\u00fcr\u00fc\u015f konfig\u00fcrasyonu t\u00fcm tekerleklere g\u00fc\u00e7 iletildi\u011fi ve tekerleklerin bo\u015fa d\u00f6nmesine izin vermeyen %100 diferansiyel kilit sistemidir. \u00c7apraz Diferansiyel Kilitli \u00f6n aks 6&#215;6 konfig\u00fcrasyonunda t\u00fcm tekerleklere g\u00fc\u00e7 [&hellip;]<\/p>\n","protected":false},"author":1,"featured_media":0,"parent":0,"menu_order":0,"comment_status":"closed","ping_status":"closed","template":"page-fullwidth.php","meta":{"footnotes":""},"class_list":["post-1216","page","type-page","status-publish","hentry"],"yoast_head":"<!-- This site is optimized with the Yoast SEO plugin v26.8 - https:\/\/yoast.com\/product\/yoast-seo-wordpress\/ -->\n<title>A40G Volvo Kaya kamyonlar\u0131 gerekti\u011fi yer ve zamanda g\u00fc\u00e7 sa\u011flamak - Eyli \u0130\u015f Makineleri<\/title>\n<meta name=\"robots\" content=\"index, follow, max-snippet:-1, max-image-preview:large, max-video-preview:-1\" \/>\n<link rel=\"canonical\" href=\"https:\/\/eyli.com.tr\/a40g-volvo-kaya-kamyonlari-gerektigi-yer-zamanda-guc-saglamak\/\" \/>\n<meta property=\"og:locale\" content=\"ru_RU\" \/>\n<meta property=\"og:type\" content=\"article\" \/>\n<meta property=\"og:title\" content=\"A40G Volvo Kaya kamyonlar\u0131 gerekti\u011fi yer ve zamanda g\u00fc\u00e7 sa\u011flamak - Eyli \u0130\u015f Makineleri\" \/>\n<meta property=\"og:description\" content=\"&nbsp; Gerekti\u011fi yer ve zamanda g\u00fc\u00e7 sa\u011flamak. Bu, pek \u00e7ok mafsall\u0131 y\u00fck arac\u0131 i\u00e7in en \u00f6nemli \u00f6zelliktir. Operat\u00f6r, durumun gerektirdi\u011fi s\u00fcr\u00fc\u015f konfig\u00fcrasyonunu se\u00e7ebilmelidir. EN zorlu ko\u015fullar i\u00e7in en uygun s\u00fcr\u00fc\u015f konfig\u00fcrasyonu t\u00fcm tekerleklere g\u00fc\u00e7 iletildi\u011fi ve tekerleklerin bo\u015fa d\u00f6nmesine izin vermeyen %100 diferansiyel kilit sistemidir. \u00c7apraz Diferansiyel Kilitli \u00f6n aks 6&#215;6 konfig\u00fcrasyonunda t\u00fcm tekerleklere g\u00fc\u00e7 [&hellip;]\" \/>\n<meta property=\"og:url\" content=\"https:\/\/eyli.com.tr\/a40g-volvo-kaya-kamyonlari-gerektigi-yer-zamanda-guc-saglamak\/\" \/>\n<meta property=\"og:site_name\" content=\"Eyli \u0130\u015f Makineleri\" \/>\n<meta property=\"article:publisher\" content=\"https:\/\/www.facebook.com\/eylicomtr\" \/>\n<meta name=\"twitter:card\" content=\"summary_large_image\" \/>\n<meta name=\"twitter:label1\" content=\"\u041f\u0440\u0438\u043c\u0435\u0440\u043d\u043e\u0435 \u0432\u0440\u0435\u043c\u044f \u0434\u043b\u044f \u0447\u0442\u0435\u043d\u0438\u044f\" \/>\n\t<meta name=\"twitter:data1\" content=\"1 \u043c\u0438\u043d\u0443\u0442\u0430\" \/>\n<script type=\"application\/ld+json\" class=\"yoast-schema-graph\">{\"@context\":\"https:\/\/schema.org\",\"@graph\":[{\"@type\":\"WebPage\",\"@id\":\"https:\/\/eyli.com.tr\/a40g-volvo-kaya-kamyonlari-gerektigi-yer-zamanda-guc-saglamak\/\",\"url\":\"https:\/\/eyli.com.tr\/a40g-volvo-kaya-kamyonlari-gerektigi-yer-zamanda-guc-saglamak\/\",\"name\":\"A40G Volvo Kaya kamyonlar\u0131 gerekti\u011fi yer ve zamanda g\u00fc\u00e7 sa\u011flamak - Eyli \u0130\u015f Makineleri\",\"isPartOf\":{\"@id\":\"https:\/\/eyli.com.tr\/#website\"},\"datePublished\":\"2016-05-22T19:42:03+00:00\",\"breadcrumb\":{\"@id\":\"https:\/\/eyli.com.tr\/a40g-volvo-kaya-kamyonlari-gerektigi-yer-zamanda-guc-saglamak\/#breadcrumb\"},\"inLanguage\":\"ru-RU\",\"potentialAction\":[{\"@type\":\"ReadAction\",\"target\":[\"https:\/\/eyli.com.tr\/a40g-volvo-kaya-kamyonlari-gerektigi-yer-zamanda-guc-saglamak\/\"]}]},{\"@type\":\"BreadcrumbList\",\"@id\":\"https:\/\/eyli.com.tr\/a40g-volvo-kaya-kamyonlari-gerektigi-yer-zamanda-guc-saglamak\/#breadcrumb\",\"itemListElement\":[{\"@type\":\"ListItem\",\"position\":1,\"name\":\"Ana sayfa\",\"item\":\"https:\/\/eyli.com.tr\/\"},{\"@type\":\"ListItem\",\"position\":2,\"name\":\"A40G Volvo Kaya kamyonlar\u0131 gerekti\u011fi yer ve zamanda g\u00fc\u00e7 sa\u011flamak\"}]},{\"@type\":\"WebSite\",\"@id\":\"https:\/\/eyli.com.tr\/#website\",\"url\":\"https:\/\/eyli.com.tr\/\",\"name\":\"Eyli \u0130\u015f Makineleri\",\"description\":\"\",\"publisher\":{\"@id\":\"https:\/\/eyli.com.tr\/#organization\"},\"potentialAction\":[{\"@type\":\"SearchAction\",\"target\":{\"@type\":\"EntryPoint\",\"urlTemplate\":\"https:\/\/eyli.com.tr\/?s={search_term_string}\"},\"query-input\":{\"@type\":\"PropertyValueSpecification\",\"valueRequired\":true,\"valueName\":\"search_term_string\"}}],\"inLanguage\":\"ru-RU\"},{\"@type\":\"Organization\",\"@id\":\"https:\/\/eyli.com.tr\/#organization\",\"name\":\"Eyli \u0130\u015f Makineleri\",\"url\":\"https:\/\/eyli.com.tr\/\",\"logo\":{\"@type\":\"ImageObject\",\"inLanguage\":\"ru-RU\",\"@id\":\"https:\/\/eyli.com.tr\/#\/schema\/logo\/image\/\",\"url\":\"https:\/\/eyli.com.tr\/wp-content\/uploads\/2020\/04\/WhatsApp-Image-2020-04-23-at-03.11.52-e1587829137284.jpeg\",\"contentUrl\":\"https:\/\/eyli.com.tr\/wp-content\/uploads\/2020\/04\/WhatsApp-Image-2020-04-23-at-03.11.52-e1587829137284.jpeg\",\"width\":1600,\"height\":900,\"caption\":\"Eyli \u0130\u015f Makineleri\"},\"image\":{\"@id\":\"https:\/\/eyli.com.tr\/#\/schema\/logo\/image\/\"},\"sameAs\":[\"https:\/\/www.facebook.com\/eylicomtr\"]}]}<\/script>\n<!-- \/ Yoast SEO plugin. -->","yoast_head_json":{"title":"A40G Volvo Kaya kamyonlar\u0131 gerekti\u011fi yer ve zamanda g\u00fc\u00e7 sa\u011flamak - Eyli \u0130\u015f Makineleri","robots":{"index":"index","follow":"follow","max-snippet":"max-snippet:-1","max-image-preview":"max-image-preview:large","max-video-preview":"max-video-preview:-1"},"canonical":"https:\/\/eyli.com.tr\/a40g-volvo-kaya-kamyonlari-gerektigi-yer-zamanda-guc-saglamak\/","og_locale":"ru_RU","og_type":"article","og_title":"A40G Volvo Kaya kamyonlar\u0131 gerekti\u011fi yer ve zamanda g\u00fc\u00e7 sa\u011flamak - Eyli \u0130\u015f Makineleri","og_description":"&nbsp; Gerekti\u011fi yer ve zamanda g\u00fc\u00e7 sa\u011flamak. Bu, pek \u00e7ok mafsall\u0131 y\u00fck arac\u0131 i\u00e7in en \u00f6nemli \u00f6zelliktir. Operat\u00f6r, durumun gerektirdi\u011fi s\u00fcr\u00fc\u015f konfig\u00fcrasyonunu se\u00e7ebilmelidir. EN zorlu ko\u015fullar i\u00e7in en uygun s\u00fcr\u00fc\u015f konfig\u00fcrasyonu t\u00fcm tekerleklere g\u00fc\u00e7 iletildi\u011fi ve tekerleklerin bo\u015fa d\u00f6nmesine izin vermeyen %100 diferansiyel kilit sistemidir. \u00c7apraz Diferansiyel Kilitli \u00f6n aks 6&#215;6 konfig\u00fcrasyonunda t\u00fcm tekerleklere g\u00fc\u00e7 [&hellip;]","og_url":"https:\/\/eyli.com.tr\/a40g-volvo-kaya-kamyonlari-gerektigi-yer-zamanda-guc-saglamak\/","og_site_name":"Eyli \u0130\u015f Makineleri","article_publisher":"https:\/\/www.facebook.com\/eylicomtr","twitter_card":"summary_large_image","twitter_misc":{"\u041f\u0440\u0438\u043c\u0435\u0440\u043d\u043e\u0435 \u0432\u0440\u0435\u043c\u044f \u0434\u043b\u044f \u0447\u0442\u0435\u043d\u0438\u044f":"1 \u043c\u0438\u043d\u0443\u0442\u0430"},"schema":{"@context":"https:\/\/schema.org","@graph":[{"@type":"WebPage","@id":"https:\/\/eyli.com.tr\/a40g-volvo-kaya-kamyonlari-gerektigi-yer-zamanda-guc-saglamak\/","url":"https:\/\/eyli.com.tr\/a40g-volvo-kaya-kamyonlari-gerektigi-yer-zamanda-guc-saglamak\/","name":"A40G Volvo Kaya kamyonlar\u0131 gerekti\u011fi yer ve zamanda g\u00fc\u00e7 sa\u011flamak - Eyli \u0130\u015f Makineleri","isPartOf":{"@id":"https:\/\/eyli.com.tr\/#website"},"datePublished":"2016-05-22T19:42:03+00:00","breadcrumb":{"@id":"https:\/\/eyli.com.tr\/a40g-volvo-kaya-kamyonlari-gerektigi-yer-zamanda-guc-saglamak\/#breadcrumb"},"inLanguage":"ru-RU","potentialAction":[{"@type":"ReadAction","target":["https:\/\/eyli.com.tr\/a40g-volvo-kaya-kamyonlari-gerektigi-yer-zamanda-guc-saglamak\/"]}]},{"@type":"BreadcrumbList","@id":"https:\/\/eyli.com.tr\/a40g-volvo-kaya-kamyonlari-gerektigi-yer-zamanda-guc-saglamak\/#breadcrumb","itemListElement":[{"@type":"ListItem","position":1,"name":"Ana sayfa","item":"https:\/\/eyli.com.tr\/"},{"@type":"ListItem","position":2,"name":"A40G Volvo Kaya kamyonlar\u0131 gerekti\u011fi yer ve zamanda g\u00fc\u00e7 sa\u011flamak"}]},{"@type":"WebSite","@id":"https:\/\/eyli.com.tr\/#website","url":"https:\/\/eyli.com.tr\/","name":"Eyli \u0130\u015f Makineleri","description":"","publisher":{"@id":"https:\/\/eyli.com.tr\/#organization"},"potentialAction":[{"@type":"SearchAction","target":{"@type":"EntryPoint","urlTemplate":"https:\/\/eyli.com.tr\/?s={search_term_string}"},"query-input":{"@type":"PropertyValueSpecification","valueRequired":true,"valueName":"search_term_string"}}],"inLanguage":"ru-RU"},{"@type":"Organization","@id":"https:\/\/eyli.com.tr\/#organization","name":"Eyli \u0130\u015f Makineleri","url":"https:\/\/eyli.com.tr\/","logo":{"@type":"ImageObject","inLanguage":"ru-RU","@id":"https:\/\/eyli.com.tr\/#\/schema\/logo\/image\/","url":"https:\/\/eyli.com.tr\/wp-content\/uploads\/2020\/04\/WhatsApp-Image-2020-04-23-at-03.11.52-e1587829137284.jpeg","contentUrl":"https:\/\/eyli.com.tr\/wp-content\/uploads\/2020\/04\/WhatsApp-Image-2020-04-23-at-03.11.52-e1587829137284.jpeg","width":1600,"height":900,"caption":"Eyli \u0130\u015f Makineleri"},"image":{"@id":"https:\/\/eyli.com.tr\/#\/schema\/logo\/image\/"},"sameAs":["https:\/\/www.facebook.com\/eylicomtr"]}]}},"_links":{"self":[{"href":"https:\/\/eyli.com.tr\/ru\/wp-json\/wp\/v2\/pages\/1216","targetHints":{"allow":["GET"]}}],"collection":[{"href":"https:\/\/eyli.com.tr\/ru\/wp-json\/wp\/v2\/pages"}],"about":[{"href":"https:\/\/eyli.com.tr\/ru\/wp-json\/wp\/v2\/types\/page"}],"author":[{"embeddable":true,"href":"https:\/\/eyli.com.tr\/ru\/wp-json\/wp\/v2\/users\/1"}],"replies":[{"embeddable":true,"href":"https:\/\/eyli.com.tr\/ru\/wp-json\/wp\/v2\/comments?post=1216"}],"version-history":[{"count":1,"href":"https:\/\/eyli.com.tr\/ru\/wp-json\/wp\/v2\/pages\/1216\/revisions"}],"predecessor-version":[{"id":1225,"href":"https:\/\/eyli.com.tr\/ru\/wp-json\/wp\/v2\/pages\/1216\/revisions\/1225"}],"wp:attachment":[{"href":"https:\/\/eyli.com.tr\/ru\/wp-json\/wp\/v2\/media?parent=1216"}],"curies":[{"name":"wp","href":"https:\/\/api.w.org\/{rel}","templated":true}]}}