{"id":1214,"date":"2016-05-22T22:43:48","date_gmt":"2016-05-22T19:43:48","guid":{"rendered":"http:\/\/eyli.com.tr\/?page_id=1214"},"modified":"2016-05-22T22:43:48","modified_gmt":"2016-05-22T19:43:48","slug":"a40f-yuk-kamyonlari-agir-sartlarda-verimli-bir-sonuc-sunar","status":"publish","type":"page","link":"https:\/\/eyli.com.tr\/ru\/a40f-yuk-kamyonlari-agir-sartlarda-verimli-bir-sonuc-sunar\/","title":{"rendered":"A40F y\u00fck kamyonlar\u0131 a\u011f\u0131r \u015fartlarda verimli bir sonu\u00e7 sunar"},"content":{"rendered":"<div class=\"embed-responsive embed-responsive-16by9 index-img\"><iframe loading=\"lazy\" class=\"embed-responsive-item\" src=\"https:\/\/www.youtube.com\/embed\/nQ_drtYWtec\" width=\"300\" height=\"150\" frameborder=\"0\" allowfullscreen=\"allowfullscreen\"><\/iframe><\/div>\n<p>&nbsp;<\/p>\n<p>Lastik se\u00e7imlerine ba\u011fl\u0131 olarak <strong>A40F y\u00fck kamyonlar\u0131<\/strong> en sert ko\u015fullarda, normal ara\u00e7lar\u0131n hareket etmesinin bile m\u00fcmk\u00fcn olmad\u0131\u011f\u0131 yollarda tam y\u00fckl\u00fc olarak \u00e7al\u0131\u015fabilir. Y\u00fcksek performans\u0131, \u0131slak zeminlerde ve dik a\u00e7\u0131larda tutunma sa\u011flar. A\u011f\u0131r \u015fartlarda verimli bir sonu\u00e7 sunar.<\/p>\n","protected":false},"excerpt":{"rendered":"<p>&nbsp; Lastik se\u00e7imlerine ba\u011fl\u0131 olarak A40F y\u00fck kamyonlar\u0131 en sert ko\u015fullarda, normal ara\u00e7lar\u0131n hareket etmesinin bile m\u00fcmk\u00fcn olmad\u0131\u011f\u0131 yollarda tam y\u00fckl\u00fc olarak \u00e7al\u0131\u015fabilir. Y\u00fcksek performans\u0131, \u0131slak zeminlerde ve dik a\u00e7\u0131larda tutunma sa\u011flar. A\u011f\u0131r \u015fartlarda verimli bir sonu\u00e7 sunar.<\/p>\n","protected":false},"author":1,"featured_media":0,"parent":0,"menu_order":0,"comment_status":"closed","ping_status":"closed","template":"page-fullwidth.php","meta":{"footnotes":""},"class_list":["post-1214","page","type-page","status-publish","hentry"],"yoast_head":"<!-- This site is optimized with the Yoast SEO plugin v26.8 - https:\/\/yoast.com\/product\/yoast-seo-wordpress\/ -->\n<title>A40F y\u00fck kamyonlar\u0131 a\u011f\u0131r \u015fartlarda verimli bir sonu\u00e7 sunar - Eyli \u0130\u015f Makineleri<\/title>\n<meta name=\"robots\" content=\"index, follow, max-snippet:-1, max-image-preview:large, max-video-preview:-1\" \/>\n<link rel=\"canonical\" href=\"https:\/\/eyli.com.tr\/a40f-yuk-kamyonlari-agir-sartlarda-verimli-bir-sonuc-sunar\/\" \/>\n<meta property=\"og:locale\" content=\"ru_RU\" \/>\n<meta property=\"og:type\" content=\"article\" \/>\n<meta property=\"og:title\" content=\"A40F y\u00fck kamyonlar\u0131 a\u011f\u0131r \u015fartlarda verimli bir sonu\u00e7 sunar - Eyli \u0130\u015f Makineleri\" \/>\n<meta property=\"og:description\" content=\"&nbsp; Lastik se\u00e7imlerine ba\u011fl\u0131 olarak A40F y\u00fck kamyonlar\u0131 en sert ko\u015fullarda, normal ara\u00e7lar\u0131n hareket etmesinin bile m\u00fcmk\u00fcn olmad\u0131\u011f\u0131 yollarda tam y\u00fckl\u00fc olarak \u00e7al\u0131\u015fabilir. Y\u00fcksek performans\u0131, \u0131slak zeminlerde ve dik a\u00e7\u0131larda tutunma sa\u011flar. A\u011f\u0131r \u015fartlarda verimli bir sonu\u00e7 sunar.\" \/>\n<meta property=\"og:url\" content=\"https:\/\/eyli.com.tr\/a40f-yuk-kamyonlari-agir-sartlarda-verimli-bir-sonuc-sunar\/\" \/>\n<meta property=\"og:site_name\" content=\"Eyli \u0130\u015f Makineleri\" \/>\n<meta property=\"article:publisher\" content=\"https:\/\/www.facebook.com\/eylicomtr\" \/>\n<meta name=\"twitter:card\" content=\"summary_large_image\" \/>\n<script type=\"application\/ld+json\" class=\"yoast-schema-graph\">{\"@context\":\"https:\/\/schema.org\",\"@graph\":[{\"@type\":\"WebPage\",\"@id\":\"https:\/\/eyli.com.tr\/a40f-yuk-kamyonlari-agir-sartlarda-verimli-bir-sonuc-sunar\/\",\"url\":\"https:\/\/eyli.com.tr\/a40f-yuk-kamyonlari-agir-sartlarda-verimli-bir-sonuc-sunar\/\",\"name\":\"A40F y\u00fck kamyonlar\u0131 a\u011f\u0131r \u015fartlarda verimli bir sonu\u00e7 sunar - Eyli \u0130\u015f Makineleri\",\"isPartOf\":{\"@id\":\"https:\/\/eyli.com.tr\/#website\"},\"datePublished\":\"2016-05-22T19:43:48+00:00\",\"breadcrumb\":{\"@id\":\"https:\/\/eyli.com.tr\/a40f-yuk-kamyonlari-agir-sartlarda-verimli-bir-sonuc-sunar\/#breadcrumb\"},\"inLanguage\":\"ru-RU\",\"potentialAction\":[{\"@type\":\"ReadAction\",\"target\":[\"https:\/\/eyli.com.tr\/a40f-yuk-kamyonlari-agir-sartlarda-verimli-bir-sonuc-sunar\/\"]}]},{\"@type\":\"BreadcrumbList\",\"@id\":\"https:\/\/eyli.com.tr\/a40f-yuk-kamyonlari-agir-sartlarda-verimli-bir-sonuc-sunar\/#breadcrumb\",\"itemListElement\":[{\"@type\":\"ListItem\",\"position\":1,\"name\":\"Ana sayfa\",\"item\":\"https:\/\/eyli.com.tr\/\"},{\"@type\":\"ListItem\",\"position\":2,\"name\":\"A40F y\u00fck kamyonlar\u0131 a\u011f\u0131r \u015fartlarda verimli bir sonu\u00e7 sunar\"}]},{\"@type\":\"WebSite\",\"@id\":\"https:\/\/eyli.com.tr\/#website\",\"url\":\"https:\/\/eyli.com.tr\/\",\"name\":\"Eyli \u0130\u015f Makineleri\",\"description\":\"\",\"publisher\":{\"@id\":\"https:\/\/eyli.com.tr\/#organization\"},\"potentialAction\":[{\"@type\":\"SearchAction\",\"target\":{\"@type\":\"EntryPoint\",\"urlTemplate\":\"https:\/\/eyli.com.tr\/?s={search_term_string}\"},\"query-input\":{\"@type\":\"PropertyValueSpecification\",\"valueRequired\":true,\"valueName\":\"search_term_string\"}}],\"inLanguage\":\"ru-RU\"},{\"@type\":\"Organization\",\"@id\":\"https:\/\/eyli.com.tr\/#organization\",\"name\":\"Eyli \u0130\u015f Makineleri\",\"url\":\"https:\/\/eyli.com.tr\/\",\"logo\":{\"@type\":\"ImageObject\",\"inLanguage\":\"ru-RU\",\"@id\":\"https:\/\/eyli.com.tr\/#\/schema\/logo\/image\/\",\"url\":\"https:\/\/eyli.com.tr\/wp-content\/uploads\/2020\/04\/WhatsApp-Image-2020-04-23-at-03.11.52-e1587829137284.jpeg\",\"contentUrl\":\"https:\/\/eyli.com.tr\/wp-content\/uploads\/2020\/04\/WhatsApp-Image-2020-04-23-at-03.11.52-e1587829137284.jpeg\",\"width\":1600,\"height\":900,\"caption\":\"Eyli \u0130\u015f Makineleri\"},\"image\":{\"@id\":\"https:\/\/eyli.com.tr\/#\/schema\/logo\/image\/\"},\"sameAs\":[\"https:\/\/www.facebook.com\/eylicomtr\"]}]}<\/script>\n<!-- \/ Yoast SEO plugin. -->","yoast_head_json":{"title":"A40F y\u00fck kamyonlar\u0131 a\u011f\u0131r \u015fartlarda verimli bir sonu\u00e7 sunar - Eyli \u0130\u015f Makineleri","robots":{"index":"index","follow":"follow","max-snippet":"max-snippet:-1","max-image-preview":"max-image-preview:large","max-video-preview":"max-video-preview:-1"},"canonical":"https:\/\/eyli.com.tr\/a40f-yuk-kamyonlari-agir-sartlarda-verimli-bir-sonuc-sunar\/","og_locale":"ru_RU","og_type":"article","og_title":"A40F y\u00fck kamyonlar\u0131 a\u011f\u0131r \u015fartlarda verimli bir sonu\u00e7 sunar - Eyli \u0130\u015f Makineleri","og_description":"&nbsp; Lastik se\u00e7imlerine ba\u011fl\u0131 olarak A40F y\u00fck kamyonlar\u0131 en sert ko\u015fullarda, normal ara\u00e7lar\u0131n hareket etmesinin bile m\u00fcmk\u00fcn olmad\u0131\u011f\u0131 yollarda tam y\u00fckl\u00fc olarak \u00e7al\u0131\u015fabilir. Y\u00fcksek performans\u0131, \u0131slak zeminlerde ve dik a\u00e7\u0131larda tutunma sa\u011flar. A\u011f\u0131r \u015fartlarda verimli bir sonu\u00e7 sunar.","og_url":"https:\/\/eyli.com.tr\/a40f-yuk-kamyonlari-agir-sartlarda-verimli-bir-sonuc-sunar\/","og_site_name":"Eyli \u0130\u015f Makineleri","article_publisher":"https:\/\/www.facebook.com\/eylicomtr","twitter_card":"summary_large_image","schema":{"@context":"https:\/\/schema.org","@graph":[{"@type":"WebPage","@id":"https:\/\/eyli.com.tr\/a40f-yuk-kamyonlari-agir-sartlarda-verimli-bir-sonuc-sunar\/","url":"https:\/\/eyli.com.tr\/a40f-yuk-kamyonlari-agir-sartlarda-verimli-bir-sonuc-sunar\/","name":"A40F y\u00fck kamyonlar\u0131 a\u011f\u0131r \u015fartlarda verimli bir sonu\u00e7 sunar - Eyli \u0130\u015f Makineleri","isPartOf":{"@id":"https:\/\/eyli.com.tr\/#website"},"datePublished":"2016-05-22T19:43:48+00:00","breadcrumb":{"@id":"https:\/\/eyli.com.tr\/a40f-yuk-kamyonlari-agir-sartlarda-verimli-bir-sonuc-sunar\/#breadcrumb"},"inLanguage":"ru-RU","potentialAction":[{"@type":"ReadAction","target":["https:\/\/eyli.com.tr\/a40f-yuk-kamyonlari-agir-sartlarda-verimli-bir-sonuc-sunar\/"]}]},{"@type":"BreadcrumbList","@id":"https:\/\/eyli.com.tr\/a40f-yuk-kamyonlari-agir-sartlarda-verimli-bir-sonuc-sunar\/#breadcrumb","itemListElement":[{"@type":"ListItem","position":1,"name":"Ana sayfa","item":"https:\/\/eyli.com.tr\/"},{"@type":"ListItem","position":2,"name":"A40F y\u00fck kamyonlar\u0131 a\u011f\u0131r \u015fartlarda verimli bir sonu\u00e7 sunar"}]},{"@type":"WebSite","@id":"https:\/\/eyli.com.tr\/#website","url":"https:\/\/eyli.com.tr\/","name":"Eyli \u0130\u015f Makineleri","description":"","publisher":{"@id":"https:\/\/eyli.com.tr\/#organization"},"potentialAction":[{"@type":"SearchAction","target":{"@type":"EntryPoint","urlTemplate":"https:\/\/eyli.com.tr\/?s={search_term_string}"},"query-input":{"@type":"PropertyValueSpecification","valueRequired":true,"valueName":"search_term_string"}}],"inLanguage":"ru-RU"},{"@type":"Organization","@id":"https:\/\/eyli.com.tr\/#organization","name":"Eyli \u0130\u015f Makineleri","url":"https:\/\/eyli.com.tr\/","logo":{"@type":"ImageObject","inLanguage":"ru-RU","@id":"https:\/\/eyli.com.tr\/#\/schema\/logo\/image\/","url":"https:\/\/eyli.com.tr\/wp-content\/uploads\/2020\/04\/WhatsApp-Image-2020-04-23-at-03.11.52-e1587829137284.jpeg","contentUrl":"https:\/\/eyli.com.tr\/wp-content\/uploads\/2020\/04\/WhatsApp-Image-2020-04-23-at-03.11.52-e1587829137284.jpeg","width":1600,"height":900,"caption":"Eyli \u0130\u015f Makineleri"},"image":{"@id":"https:\/\/eyli.com.tr\/#\/schema\/logo\/image\/"},"sameAs":["https:\/\/www.facebook.com\/eylicomtr"]}]}},"_links":{"self":[{"href":"https:\/\/eyli.com.tr\/ru\/wp-json\/wp\/v2\/pages\/1214","targetHints":{"allow":["GET"]}}],"collection":[{"href":"https:\/\/eyli.com.tr\/ru\/wp-json\/wp\/v2\/pages"}],"about":[{"href":"https:\/\/eyli.com.tr\/ru\/wp-json\/wp\/v2\/types\/page"}],"author":[{"embeddable":true,"href":"https:\/\/eyli.com.tr\/ru\/wp-json\/wp\/v2\/users\/1"}],"replies":[{"embeddable":true,"href":"https:\/\/eyli.com.tr\/ru\/wp-json\/wp\/v2\/comments?post=1214"}],"version-history":[{"count":2,"href":"https:\/\/eyli.com.tr\/ru\/wp-json\/wp\/v2\/pages\/1214\/revisions"}],"predecessor-version":[{"id":1247,"href":"https:\/\/eyli.com.tr\/ru\/wp-json\/wp\/v2\/pages\/1214\/revisions\/1247"}],"wp:attachment":[{"href":"https:\/\/eyli.com.tr\/ru\/wp-json\/wp\/v2\/media?parent=1214"}],"curies":[{"name":"wp","href":"https:\/\/api.w.org\/{rel}","templated":true}]}}