{"id":1213,"date":"2016-05-22T22:44:52","date_gmt":"2016-05-22T19:44:52","guid":{"rendered":"http:\/\/eyli.com.tr\/?page_id=1213"},"modified":"2016-05-22T22:44:52","modified_gmt":"2016-05-22T19:44:52","slug":"volvo-a40f-kaya-kamyonlari-size-performansin-yaninda-verimlilik-de-saglar","status":"publish","type":"page","link":"https:\/\/eyli.com.tr\/ru\/volvo-a40f-kaya-kamyonlari-size-performansin-yaninda-verimlilik-de-saglar\/","title":{"rendered":"Volvo A40F kaya kamyonlar\u0131 size performans\u0131n yan\u0131nda verimlilik de sa\u011flar"},"content":{"rendered":"<div class=\"embed-responsive embed-responsive-16by9 index-img\"><iframe loading=\"lazy\" class=\"embed-responsive-item\" src=\"https:\/\/www.youtube.com\/embed\/c6JYbb_zkao\" width=\"300\" height=\"150\" frameborder=\"0\" allowfullscreen=\"allowfullscreen\"><\/iframe><\/div>\n<p>&nbsp;<\/p>\n<p>Volvo A40F kaya kamyonlar\u0131 sadece konvansiyonel ko\u015fullar i\u00e7in tasarlanmam\u0131\u015flard\u0131r. A40F serisi ara\u00e7lar motor hizas\u0131na kadar suya girebilir, ileri veya geri tam y\u00fck ta\u015f\u0131yabilir. Yol tutu\u015flar\u0131n\u0131n benzersizli\u011fi, s\u00f6z konusu ko\u015fullarda yan a\u00e7\u0131larda bile s\u00fcr\u00fc\u015f sa\u011flamaktad\u0131r. En a\u011f\u0131r i\u015flerin bile \u00fcstesinden gelebilen A40F, size performans\u0131n yan\u0131nda verimlilikte sa\u011flar.<\/p>\n","protected":false},"excerpt":{"rendered":"<p>&nbsp; Volvo A40F kaya kamyonlar\u0131 sadece konvansiyonel ko\u015fullar i\u00e7in tasarlanmam\u0131\u015flard\u0131r. A40F serisi ara\u00e7lar motor hizas\u0131na kadar suya girebilir, ileri veya geri tam y\u00fck ta\u015f\u0131yabilir. Yol tutu\u015flar\u0131n\u0131n benzersizli\u011fi, s\u00f6z konusu ko\u015fullarda yan a\u00e7\u0131larda bile s\u00fcr\u00fc\u015f sa\u011flamaktad\u0131r. En a\u011f\u0131r i\u015flerin bile \u00fcstesinden gelebilen A40F, size performans\u0131n yan\u0131nda verimlilikte sa\u011flar.<\/p>\n","protected":false},"author":1,"featured_media":0,"parent":0,"menu_order":0,"comment_status":"closed","ping_status":"closed","template":"page-fullwidth.php","meta":{"footnotes":""},"class_list":["post-1213","page","type-page","status-publish","hentry"],"yoast_head":"<!-- This site is optimized with the Yoast SEO plugin v26.8 - https:\/\/yoast.com\/product\/yoast-seo-wordpress\/ -->\n<title>Volvo A40F kaya kamyonlar\u0131 size performans\u0131n yan\u0131nda verimlilik de sa\u011flar - Eyli \u0130\u015f Makineleri<\/title>\n<meta name=\"robots\" content=\"index, follow, max-snippet:-1, max-image-preview:large, max-video-preview:-1\" \/>\n<link rel=\"canonical\" href=\"https:\/\/eyli.com.tr\/volvo-a40f-kaya-kamyonlari-size-performansin-yaninda-verimlilik-de-saglar\/\" \/>\n<meta property=\"og:locale\" content=\"ru_RU\" \/>\n<meta property=\"og:type\" content=\"article\" \/>\n<meta property=\"og:title\" content=\"Volvo A40F kaya kamyonlar\u0131 size performans\u0131n yan\u0131nda verimlilik de sa\u011flar - Eyli \u0130\u015f Makineleri\" \/>\n<meta property=\"og:description\" content=\"&nbsp; Volvo A40F kaya kamyonlar\u0131 sadece konvansiyonel ko\u015fullar i\u00e7in tasarlanmam\u0131\u015flard\u0131r. A40F serisi ara\u00e7lar motor hizas\u0131na kadar suya girebilir, ileri veya geri tam y\u00fck ta\u015f\u0131yabilir. Yol tutu\u015flar\u0131n\u0131n benzersizli\u011fi, s\u00f6z konusu ko\u015fullarda yan a\u00e7\u0131larda bile s\u00fcr\u00fc\u015f sa\u011flamaktad\u0131r. En a\u011f\u0131r i\u015flerin bile \u00fcstesinden gelebilen A40F, size performans\u0131n yan\u0131nda verimlilikte sa\u011flar.\" \/>\n<meta property=\"og:url\" content=\"https:\/\/eyli.com.tr\/volvo-a40f-kaya-kamyonlari-size-performansin-yaninda-verimlilik-de-saglar\/\" \/>\n<meta property=\"og:site_name\" content=\"Eyli \u0130\u015f Makineleri\" \/>\n<meta property=\"article:publisher\" content=\"https:\/\/www.facebook.com\/eylicomtr\" \/>\n<meta name=\"twitter:card\" content=\"summary_large_image\" \/>\n<script type=\"application\/ld+json\" class=\"yoast-schema-graph\">{\"@context\":\"https:\/\/schema.org\",\"@graph\":[{\"@type\":\"WebPage\",\"@id\":\"https:\/\/eyli.com.tr\/volvo-a40f-kaya-kamyonlari-size-performansin-yaninda-verimlilik-de-saglar\/\",\"url\":\"https:\/\/eyli.com.tr\/volvo-a40f-kaya-kamyonlari-size-performansin-yaninda-verimlilik-de-saglar\/\",\"name\":\"Volvo A40F kaya kamyonlar\u0131 size performans\u0131n yan\u0131nda verimlilik de sa\u011flar - Eyli \u0130\u015f Makineleri\",\"isPartOf\":{\"@id\":\"https:\/\/eyli.com.tr\/#website\"},\"datePublished\":\"2016-05-22T19:44:52+00:00\",\"breadcrumb\":{\"@id\":\"https:\/\/eyli.com.tr\/volvo-a40f-kaya-kamyonlari-size-performansin-yaninda-verimlilik-de-saglar\/#breadcrumb\"},\"inLanguage\":\"ru-RU\",\"potentialAction\":[{\"@type\":\"ReadAction\",\"target\":[\"https:\/\/eyli.com.tr\/volvo-a40f-kaya-kamyonlari-size-performansin-yaninda-verimlilik-de-saglar\/\"]}]},{\"@type\":\"BreadcrumbList\",\"@id\":\"https:\/\/eyli.com.tr\/volvo-a40f-kaya-kamyonlari-size-performansin-yaninda-verimlilik-de-saglar\/#breadcrumb\",\"itemListElement\":[{\"@type\":\"ListItem\",\"position\":1,\"name\":\"Ana sayfa\",\"item\":\"https:\/\/eyli.com.tr\/\"},{\"@type\":\"ListItem\",\"position\":2,\"name\":\"Volvo A40F kaya kamyonlar\u0131 size performans\u0131n yan\u0131nda verimlilik de sa\u011flar\"}]},{\"@type\":\"WebSite\",\"@id\":\"https:\/\/eyli.com.tr\/#website\",\"url\":\"https:\/\/eyli.com.tr\/\",\"name\":\"Eyli \u0130\u015f Makineleri\",\"description\":\"\",\"publisher\":{\"@id\":\"https:\/\/eyli.com.tr\/#organization\"},\"potentialAction\":[{\"@type\":\"SearchAction\",\"target\":{\"@type\":\"EntryPoint\",\"urlTemplate\":\"https:\/\/eyli.com.tr\/?s={search_term_string}\"},\"query-input\":{\"@type\":\"PropertyValueSpecification\",\"valueRequired\":true,\"valueName\":\"search_term_string\"}}],\"inLanguage\":\"ru-RU\"},{\"@type\":\"Organization\",\"@id\":\"https:\/\/eyli.com.tr\/#organization\",\"name\":\"Eyli \u0130\u015f Makineleri\",\"url\":\"https:\/\/eyli.com.tr\/\",\"logo\":{\"@type\":\"ImageObject\",\"inLanguage\":\"ru-RU\",\"@id\":\"https:\/\/eyli.com.tr\/#\/schema\/logo\/image\/\",\"url\":\"https:\/\/eyli.com.tr\/wp-content\/uploads\/2020\/04\/WhatsApp-Image-2020-04-23-at-03.11.52-e1587829137284.jpeg\",\"contentUrl\":\"https:\/\/eyli.com.tr\/wp-content\/uploads\/2020\/04\/WhatsApp-Image-2020-04-23-at-03.11.52-e1587829137284.jpeg\",\"width\":1600,\"height\":900,\"caption\":\"Eyli \u0130\u015f Makineleri\"},\"image\":{\"@id\":\"https:\/\/eyli.com.tr\/#\/schema\/logo\/image\/\"},\"sameAs\":[\"https:\/\/www.facebook.com\/eylicomtr\"]}]}<\/script>\n<!-- \/ Yoast SEO plugin. -->","yoast_head_json":{"title":"Volvo A40F kaya kamyonlar\u0131 size performans\u0131n yan\u0131nda verimlilik de sa\u011flar - Eyli \u0130\u015f Makineleri","robots":{"index":"index","follow":"follow","max-snippet":"max-snippet:-1","max-image-preview":"max-image-preview:large","max-video-preview":"max-video-preview:-1"},"canonical":"https:\/\/eyli.com.tr\/volvo-a40f-kaya-kamyonlari-size-performansin-yaninda-verimlilik-de-saglar\/","og_locale":"ru_RU","og_type":"article","og_title":"Volvo A40F kaya kamyonlar\u0131 size performans\u0131n yan\u0131nda verimlilik de sa\u011flar - Eyli \u0130\u015f Makineleri","og_description":"&nbsp; Volvo A40F kaya kamyonlar\u0131 sadece konvansiyonel ko\u015fullar i\u00e7in tasarlanmam\u0131\u015flard\u0131r. A40F serisi ara\u00e7lar motor hizas\u0131na kadar suya girebilir, ileri veya geri tam y\u00fck ta\u015f\u0131yabilir. Yol tutu\u015flar\u0131n\u0131n benzersizli\u011fi, s\u00f6z konusu ko\u015fullarda yan a\u00e7\u0131larda bile s\u00fcr\u00fc\u015f sa\u011flamaktad\u0131r. En a\u011f\u0131r i\u015flerin bile \u00fcstesinden gelebilen A40F, size performans\u0131n yan\u0131nda verimlilikte sa\u011flar.","og_url":"https:\/\/eyli.com.tr\/volvo-a40f-kaya-kamyonlari-size-performansin-yaninda-verimlilik-de-saglar\/","og_site_name":"Eyli \u0130\u015f Makineleri","article_publisher":"https:\/\/www.facebook.com\/eylicomtr","twitter_card":"summary_large_image","schema":{"@context":"https:\/\/schema.org","@graph":[{"@type":"WebPage","@id":"https:\/\/eyli.com.tr\/volvo-a40f-kaya-kamyonlari-size-performansin-yaninda-verimlilik-de-saglar\/","url":"https:\/\/eyli.com.tr\/volvo-a40f-kaya-kamyonlari-size-performansin-yaninda-verimlilik-de-saglar\/","name":"Volvo A40F kaya kamyonlar\u0131 size performans\u0131n yan\u0131nda verimlilik de sa\u011flar - Eyli \u0130\u015f Makineleri","isPartOf":{"@id":"https:\/\/eyli.com.tr\/#website"},"datePublished":"2016-05-22T19:44:52+00:00","breadcrumb":{"@id":"https:\/\/eyli.com.tr\/volvo-a40f-kaya-kamyonlari-size-performansin-yaninda-verimlilik-de-saglar\/#breadcrumb"},"inLanguage":"ru-RU","potentialAction":[{"@type":"ReadAction","target":["https:\/\/eyli.com.tr\/volvo-a40f-kaya-kamyonlari-size-performansin-yaninda-verimlilik-de-saglar\/"]}]},{"@type":"BreadcrumbList","@id":"https:\/\/eyli.com.tr\/volvo-a40f-kaya-kamyonlari-size-performansin-yaninda-verimlilik-de-saglar\/#breadcrumb","itemListElement":[{"@type":"ListItem","position":1,"name":"Ana sayfa","item":"https:\/\/eyli.com.tr\/"},{"@type":"ListItem","position":2,"name":"Volvo A40F kaya kamyonlar\u0131 size performans\u0131n yan\u0131nda verimlilik de sa\u011flar"}]},{"@type":"WebSite","@id":"https:\/\/eyli.com.tr\/#website","url":"https:\/\/eyli.com.tr\/","name":"Eyli \u0130\u015f Makineleri","description":"","publisher":{"@id":"https:\/\/eyli.com.tr\/#organization"},"potentialAction":[{"@type":"SearchAction","target":{"@type":"EntryPoint","urlTemplate":"https:\/\/eyli.com.tr\/?s={search_term_string}"},"query-input":{"@type":"PropertyValueSpecification","valueRequired":true,"valueName":"search_term_string"}}],"inLanguage":"ru-RU"},{"@type":"Organization","@id":"https:\/\/eyli.com.tr\/#organization","name":"Eyli \u0130\u015f Makineleri","url":"https:\/\/eyli.com.tr\/","logo":{"@type":"ImageObject","inLanguage":"ru-RU","@id":"https:\/\/eyli.com.tr\/#\/schema\/logo\/image\/","url":"https:\/\/eyli.com.tr\/wp-content\/uploads\/2020\/04\/WhatsApp-Image-2020-04-23-at-03.11.52-e1587829137284.jpeg","contentUrl":"https:\/\/eyli.com.tr\/wp-content\/uploads\/2020\/04\/WhatsApp-Image-2020-04-23-at-03.11.52-e1587829137284.jpeg","width":1600,"height":900,"caption":"Eyli \u0130\u015f Makineleri"},"image":{"@id":"https:\/\/eyli.com.tr\/#\/schema\/logo\/image\/"},"sameAs":["https:\/\/www.facebook.com\/eylicomtr"]}]}},"_links":{"self":[{"href":"https:\/\/eyli.com.tr\/ru\/wp-json\/wp\/v2\/pages\/1213","targetHints":{"allow":["GET"]}}],"collection":[{"href":"https:\/\/eyli.com.tr\/ru\/wp-json\/wp\/v2\/pages"}],"about":[{"href":"https:\/\/eyli.com.tr\/ru\/wp-json\/wp\/v2\/types\/page"}],"author":[{"embeddable":true,"href":"https:\/\/eyli.com.tr\/ru\/wp-json\/wp\/v2\/users\/1"}],"replies":[{"embeddable":true,"href":"https:\/\/eyli.com.tr\/ru\/wp-json\/wp\/v2\/comments?post=1213"}],"version-history":[{"count":2,"href":"https:\/\/eyli.com.tr\/ru\/wp-json\/wp\/v2\/pages\/1213\/revisions"}],"predecessor-version":[{"id":1248,"href":"https:\/\/eyli.com.tr\/ru\/wp-json\/wp\/v2\/pages\/1213\/revisions\/1248"}],"wp:attachment":[{"href":"https:\/\/eyli.com.tr\/ru\/wp-json\/wp\/v2\/media?parent=1213"}],"curies":[{"name":"wp","href":"https:\/\/api.w.org\/{rel}","templated":true}]}}