{"id":1212,"date":"2016-05-22T22:45:24","date_gmt":"2016-05-22T19:45:24","guid":{"rendered":"http:\/\/eyli.com.tr\/?page_id=1212"},"modified":"2016-05-22T22:45:24","modified_gmt":"2016-05-22T19:45:24","slug":"basariya-giden-yol","status":"publish","type":"page","link":"https:\/\/eyli.com.tr\/ru\/basariya-giden-yol\/","title":{"rendered":"Ba\u015far\u0131ya giden yol"},"content":{"rendered":"<div class=\"embed-responsive embed-responsive-16by9 index-img\"><iframe loading=\"lazy\" class=\"embed-responsive-item\" src=\"https:\/\/www.youtube.com\/embed\/42wx5L8UnAg\" width=\"300\" height=\"150\" frameborder=\"0\" allowfullscreen=\"allowfullscreen\"><\/iframe><\/div>\n<p>&nbsp;<\/p>\n<p>Ba\u015far\u0131ya giden yol. Norve\u00e7te yol yapmak, bu i\u015fi pek \u00e7ok yerde yapmaktan zordur. Bazen bu i\u015f i\u00e7in da\u011flar\u0131 yerinden oynatmak gerekebilir. Bunu en iyi bilenlerden biri Norve\u00e7te 1949 y\u0131l\u0131ndan beri zemin haz\u0131rl\u0131k i\u015fleri ile u\u011fra\u015fan Josh J Shilton \u015firketidir. Grimstad ve Kristiansand aras\u0131ndaki 40 kilometrelik I18 karayolunun \u00fc\u00e7 kilometresinin yap\u0131m\u0131n\u0131 bu \u015firket \u00fcstlenmi\u015ftir. yol ger\u00e7ekte d\u00f6\u015fenmeden \u00f6nce 800.000 metrek\u00fcp kayan\u0131n bo\u015falt\u0131lmas\u0131 gerekmi\u015ftir. Zaman burada belirleyici fakt\u00f6rd\u00fcr. \u0130\u015fin 6 ay i\u00e7erisinde bitirilmesi gerekme ancak daha yapacak \u00e7ok i\u015f var. Normal olarak yolun ve zeminin durumu ile ne kadar y\u00fck ta\u015f\u0131yabilece\u011fi aras\u0131nda yak\u0131n bir ili\u015fki vard\u0131r. Ancak bu \u015fantiyede bu ili\u015fki normalden biraz farkl\u0131. (FS kamyonlar\u0131n\u0131 kullanmak \u00f6zel bir deneyim. Ara\u00e7 size alt\u0131ndaki yolun y\u00fck yolu oldu\u011funu hissettirmiyor. Y\u00fck kamyonunun engebe ve y\u00fckseltilere ne kadar tolerans g\u00f6sterdi\u011fine g\u00f6re \u015fartlar biraz daha zorlu olabilir. \u00d6zellikle bo\u015fken ara\u00e7 \u00e7ok konforlu, s\u00fcspansiyonu eski ara\u00e7lara g\u00f6re daha fazla emilim sa\u011fl\u0131yor.) (Bu yollar ara\u00e7lar a\u00e7\u0131s\u0131ndan asl\u0131nda \u00e7ok y\u0131prat\u0131c\u0131. Y\u00fck kamyonlar\u0131n\u0131n ko\u015fullara dayanabilece\u011fini bilmemiz gerekiyor. \u00a0Bu kamyonlar ayn\u0131 zamanda g\u00fcnl\u00fck \u00fcretim seviyelerimize de yeti\u015fmek zorundaki FS serisi i\u015fte tam burada devreye giriyor. Rakiplerinden farkl\u0131 olmak isteyen ve \u00f6zellikle ekonomik avantajlar pe\u015finde ko\u015fan Syletrn gibi \u015firketler i\u00e7in Volvonun sundu\u011fu teklifler \u00e7ok cazip oluyor. (2 y\u0131l kadar \u00f6nce daha kuzeydeki in\u015faat sahalar\u0131m\u0131zda kullanmak \u00fczere 2 adet A40FS prototipi edindik. Klasik y\u00fck kamyonlar\u0131 ile k\u0131yasland\u0131\u011f\u0131nda FS leri kullanmak devrimsel bir nitelikteydi. Verimlilik artt\u0131, komfor seviyeleri \u00f6nemli \u00f6l\u00e7\u00fcde y\u00fckseldi.) Firma, bu ara\u00e7lar\u0131 3 y\u0131ld\u0131r etkin \u015fekilde kullanmakta ve ara\u00e7lar\u0131n s\u0131n\u0131rlar\u0131n\u0131 zorlamakta. (iki prototipten \u00e7ok memnun kald\u0131k. Standart y\u00fck ara\u00e7lar\u0131na g\u00f6re %30 luk bir kapasite art\u0131\u015f\u0131 saptad\u0131k. ) Geleneksel s\u00fcspansiyanlara sahip bir y\u00fck kamyonu ile Volvo Full Suspension modeli aras\u0131ndaki fark, Volvonun her bir tekerle\u011finin kendine ait hidrolik olarak kontrol edilen s\u00fcspansiyonlara sahip olmas\u0131d\u0131r. \u00a0(Volvonun y\u00fck kamyonunun daha rahat bir kontrol sunmas\u0131ndan \u00f6t\u00fcr\u00fc Volvolar\u0131 daha h\u0131zl\u0131 kullanabiliyoruz. Yol daha yumu\u015fak, operat\u00f6r daha h\u0131zl\u0131 bir \u015fekilde arac\u0131 kullan\u0131yor ve bunu da g\u00fcven i\u00e7erisinde yap\u0131yor. \u00a0G\u00fcvenilirlik a\u00e7\u0131s\u0131ndan volvo prototiplerinde pek az sorun ile kar\u015f\u0131la\u015ft\u0131k dolay\u0131s\u0131 ile g\u00fcvenilir ara\u00e7lar. Seri \u00fcretime ge\u00e7tiklerinde d\u00f6rt adet full suspension modeli y\u00fck kamyonu ald\u0131k. ) G\u00fcn i\u00e7erisinde s\u00fcrekli olarak y\u00fck kamyonu kullanan operat\u00f6rler a\u00e7\u0131s\u0131ndan geleneksel kamyonlar ile olan fark \u00e7ok belirgin. Yorgunluktaki azalma bariz. Operat\u00f6rlerin \u00e7al\u0131\u015ft\u0131klar\u0131 ortam\u0131 nas\u0131l deneyimledikleri, y\u00fck kamyonlar\u0131n\u0131n verimlili\u011fi ile birlikte ba\u015far\u0131n\u0131n form\u00fcl\u00fcn\u00fc te\u015fkil etmekte. Da\u011flar\u0131n yerinden oynat\u0131lmas\u0131 gerekti\u011finde Volvonun Full Suspension Modeli g\u00f6reve haz\u0131rd\u0131r.<\/p>\n","protected":false},"excerpt":{"rendered":"<p>&nbsp; Ba\u015far\u0131ya giden yol. Norve\u00e7te yol yapmak, bu i\u015fi pek \u00e7ok yerde yapmaktan zordur. Bazen bu i\u015f i\u00e7in da\u011flar\u0131 yerinden oynatmak gerekebilir. Bunu en iyi bilenlerden biri Norve\u00e7te 1949 y\u0131l\u0131ndan beri zemin haz\u0131rl\u0131k i\u015fleri ile u\u011fra\u015fan Josh J Shilton \u015firketidir. Grimstad ve Kristiansand aras\u0131ndaki 40 kilometrelik I18 karayolunun \u00fc\u00e7 kilometresinin yap\u0131m\u0131n\u0131 bu \u015firket \u00fcstlenmi\u015ftir. yol [&hellip;]<\/p>\n","protected":false},"author":1,"featured_media":0,"parent":0,"menu_order":0,"comment_status":"closed","ping_status":"closed","template":"page-fullwidth.php","meta":{"footnotes":""},"class_list":["post-1212","page","type-page","status-publish","hentry"],"yoast_head":"<!-- This site is optimized with the Yoast SEO plugin v26.8 - https:\/\/yoast.com\/product\/yoast-seo-wordpress\/ -->\n<title>Ba\u015far\u0131ya giden yol - Eyli \u0130\u015f Makineleri<\/title>\n<meta name=\"robots\" content=\"index, follow, max-snippet:-1, max-image-preview:large, max-video-preview:-1\" \/>\n<link rel=\"canonical\" href=\"https:\/\/eyli.com.tr\/basariya-giden-yol\/\" \/>\n<meta property=\"og:locale\" content=\"ru_RU\" \/>\n<meta property=\"og:type\" content=\"article\" \/>\n<meta property=\"og:title\" content=\"Ba\u015far\u0131ya giden yol - Eyli \u0130\u015f Makineleri\" \/>\n<meta property=\"og:description\" content=\"&nbsp; Ba\u015far\u0131ya giden yol. Norve\u00e7te yol yapmak, bu i\u015fi pek \u00e7ok yerde yapmaktan zordur. Bazen bu i\u015f i\u00e7in da\u011flar\u0131 yerinden oynatmak gerekebilir. Bunu en iyi bilenlerden biri Norve\u00e7te 1949 y\u0131l\u0131ndan beri zemin haz\u0131rl\u0131k i\u015fleri ile u\u011fra\u015fan Josh J Shilton \u015firketidir. Grimstad ve Kristiansand aras\u0131ndaki 40 kilometrelik I18 karayolunun \u00fc\u00e7 kilometresinin yap\u0131m\u0131n\u0131 bu \u015firket \u00fcstlenmi\u015ftir. yol [&hellip;]\" \/>\n<meta property=\"og:url\" content=\"https:\/\/eyli.com.tr\/basariya-giden-yol\/\" \/>\n<meta property=\"og:site_name\" content=\"Eyli \u0130\u015f Makineleri\" \/>\n<meta property=\"article:publisher\" content=\"https:\/\/www.facebook.com\/eylicomtr\" \/>\n<meta name=\"twitter:card\" content=\"summary_large_image\" \/>\n<meta name=\"twitter:label1\" content=\"\u041f\u0440\u0438\u043c\u0435\u0440\u043d\u043e\u0435 \u0432\u0440\u0435\u043c\u044f \u0434\u043b\u044f \u0447\u0442\u0435\u043d\u0438\u044f\" \/>\n\t<meta name=\"twitter:data1\" content=\"3 \u043c\u0438\u043d\u0443\u0442\u044b\" \/>\n<script type=\"application\/ld+json\" class=\"yoast-schema-graph\">{\"@context\":\"https:\/\/schema.org\",\"@graph\":[{\"@type\":\"WebPage\",\"@id\":\"https:\/\/eyli.com.tr\/basariya-giden-yol\/\",\"url\":\"https:\/\/eyli.com.tr\/basariya-giden-yol\/\",\"name\":\"Ba\u015far\u0131ya giden yol - Eyli \u0130\u015f Makineleri\",\"isPartOf\":{\"@id\":\"https:\/\/eyli.com.tr\/#website\"},\"datePublished\":\"2016-05-22T19:45:24+00:00\",\"breadcrumb\":{\"@id\":\"https:\/\/eyli.com.tr\/basariya-giden-yol\/#breadcrumb\"},\"inLanguage\":\"ru-RU\",\"potentialAction\":[{\"@type\":\"ReadAction\",\"target\":[\"https:\/\/eyli.com.tr\/basariya-giden-yol\/\"]}]},{\"@type\":\"BreadcrumbList\",\"@id\":\"https:\/\/eyli.com.tr\/basariya-giden-yol\/#breadcrumb\",\"itemListElement\":[{\"@type\":\"ListItem\",\"position\":1,\"name\":\"Ana sayfa\",\"item\":\"https:\/\/eyli.com.tr\/\"},{\"@type\":\"ListItem\",\"position\":2,\"name\":\"Ba\u015far\u0131ya giden yol\"}]},{\"@type\":\"WebSite\",\"@id\":\"https:\/\/eyli.com.tr\/#website\",\"url\":\"https:\/\/eyli.com.tr\/\",\"name\":\"Eyli \u0130\u015f Makineleri\",\"description\":\"\",\"publisher\":{\"@id\":\"https:\/\/eyli.com.tr\/#organization\"},\"potentialAction\":[{\"@type\":\"SearchAction\",\"target\":{\"@type\":\"EntryPoint\",\"urlTemplate\":\"https:\/\/eyli.com.tr\/?s={search_term_string}\"},\"query-input\":{\"@type\":\"PropertyValueSpecification\",\"valueRequired\":true,\"valueName\":\"search_term_string\"}}],\"inLanguage\":\"ru-RU\"},{\"@type\":\"Organization\",\"@id\":\"https:\/\/eyli.com.tr\/#organization\",\"name\":\"Eyli \u0130\u015f Makineleri\",\"url\":\"https:\/\/eyli.com.tr\/\",\"logo\":{\"@type\":\"ImageObject\",\"inLanguage\":\"ru-RU\",\"@id\":\"https:\/\/eyli.com.tr\/#\/schema\/logo\/image\/\",\"url\":\"https:\/\/eyli.com.tr\/wp-content\/uploads\/2020\/04\/WhatsApp-Image-2020-04-23-at-03.11.52-e1587829137284.jpeg\",\"contentUrl\":\"https:\/\/eyli.com.tr\/wp-content\/uploads\/2020\/04\/WhatsApp-Image-2020-04-23-at-03.11.52-e1587829137284.jpeg\",\"width\":1600,\"height\":900,\"caption\":\"Eyli \u0130\u015f Makineleri\"},\"image\":{\"@id\":\"https:\/\/eyli.com.tr\/#\/schema\/logo\/image\/\"},\"sameAs\":[\"https:\/\/www.facebook.com\/eylicomtr\"]}]}<\/script>\n<!-- \/ Yoast SEO plugin. -->","yoast_head_json":{"title":"Ba\u015far\u0131ya giden yol - Eyli \u0130\u015f Makineleri","robots":{"index":"index","follow":"follow","max-snippet":"max-snippet:-1","max-image-preview":"max-image-preview:large","max-video-preview":"max-video-preview:-1"},"canonical":"https:\/\/eyli.com.tr\/basariya-giden-yol\/","og_locale":"ru_RU","og_type":"article","og_title":"Ba\u015far\u0131ya giden yol - Eyli \u0130\u015f Makineleri","og_description":"&nbsp; Ba\u015far\u0131ya giden yol. Norve\u00e7te yol yapmak, bu i\u015fi pek \u00e7ok yerde yapmaktan zordur. Bazen bu i\u015f i\u00e7in da\u011flar\u0131 yerinden oynatmak gerekebilir. Bunu en iyi bilenlerden biri Norve\u00e7te 1949 y\u0131l\u0131ndan beri zemin haz\u0131rl\u0131k i\u015fleri ile u\u011fra\u015fan Josh J Shilton \u015firketidir. Grimstad ve Kristiansand aras\u0131ndaki 40 kilometrelik I18 karayolunun \u00fc\u00e7 kilometresinin yap\u0131m\u0131n\u0131 bu \u015firket \u00fcstlenmi\u015ftir. yol [&hellip;]","og_url":"https:\/\/eyli.com.tr\/basariya-giden-yol\/","og_site_name":"Eyli \u0130\u015f Makineleri","article_publisher":"https:\/\/www.facebook.com\/eylicomtr","twitter_card":"summary_large_image","twitter_misc":{"\u041f\u0440\u0438\u043c\u0435\u0440\u043d\u043e\u0435 \u0432\u0440\u0435\u043c\u044f \u0434\u043b\u044f \u0447\u0442\u0435\u043d\u0438\u044f":"3 \u043c\u0438\u043d\u0443\u0442\u044b"},"schema":{"@context":"https:\/\/schema.org","@graph":[{"@type":"WebPage","@id":"https:\/\/eyli.com.tr\/basariya-giden-yol\/","url":"https:\/\/eyli.com.tr\/basariya-giden-yol\/","name":"Ba\u015far\u0131ya giden yol - Eyli \u0130\u015f Makineleri","isPartOf":{"@id":"https:\/\/eyli.com.tr\/#website"},"datePublished":"2016-05-22T19:45:24+00:00","breadcrumb":{"@id":"https:\/\/eyli.com.tr\/basariya-giden-yol\/#breadcrumb"},"inLanguage":"ru-RU","potentialAction":[{"@type":"ReadAction","target":["https:\/\/eyli.com.tr\/basariya-giden-yol\/"]}]},{"@type":"BreadcrumbList","@id":"https:\/\/eyli.com.tr\/basariya-giden-yol\/#breadcrumb","itemListElement":[{"@type":"ListItem","position":1,"name":"Ana sayfa","item":"https:\/\/eyli.com.tr\/"},{"@type":"ListItem","position":2,"name":"Ba\u015far\u0131ya giden yol"}]},{"@type":"WebSite","@id":"https:\/\/eyli.com.tr\/#website","url":"https:\/\/eyli.com.tr\/","name":"Eyli \u0130\u015f Makineleri","description":"","publisher":{"@id":"https:\/\/eyli.com.tr\/#organization"},"potentialAction":[{"@type":"SearchAction","target":{"@type":"EntryPoint","urlTemplate":"https:\/\/eyli.com.tr\/?s={search_term_string}"},"query-input":{"@type":"PropertyValueSpecification","valueRequired":true,"valueName":"search_term_string"}}],"inLanguage":"ru-RU"},{"@type":"Organization","@id":"https:\/\/eyli.com.tr\/#organization","name":"Eyli \u0130\u015f Makineleri","url":"https:\/\/eyli.com.tr\/","logo":{"@type":"ImageObject","inLanguage":"ru-RU","@id":"https:\/\/eyli.com.tr\/#\/schema\/logo\/image\/","url":"https:\/\/eyli.com.tr\/wp-content\/uploads\/2020\/04\/WhatsApp-Image-2020-04-23-at-03.11.52-e1587829137284.jpeg","contentUrl":"https:\/\/eyli.com.tr\/wp-content\/uploads\/2020\/04\/WhatsApp-Image-2020-04-23-at-03.11.52-e1587829137284.jpeg","width":1600,"height":900,"caption":"Eyli \u0130\u015f Makineleri"},"image":{"@id":"https:\/\/eyli.com.tr\/#\/schema\/logo\/image\/"},"sameAs":["https:\/\/www.facebook.com\/eylicomtr"]}]}},"_links":{"self":[{"href":"https:\/\/eyli.com.tr\/ru\/wp-json\/wp\/v2\/pages\/1212","targetHints":{"allow":["GET"]}}],"collection":[{"href":"https:\/\/eyli.com.tr\/ru\/wp-json\/wp\/v2\/pages"}],"about":[{"href":"https:\/\/eyli.com.tr\/ru\/wp-json\/wp\/v2\/types\/page"}],"author":[{"embeddable":true,"href":"https:\/\/eyli.com.tr\/ru\/wp-json\/wp\/v2\/users\/1"}],"replies":[{"embeddable":true,"href":"https:\/\/eyli.com.tr\/ru\/wp-json\/wp\/v2\/comments?post=1212"}],"version-history":[{"count":1,"href":"https:\/\/eyli.com.tr\/ru\/wp-json\/wp\/v2\/pages\/1212\/revisions"}],"predecessor-version":[{"id":1221,"href":"https:\/\/eyli.com.tr\/ru\/wp-json\/wp\/v2\/pages\/1212\/revisions\/1221"}],"wp:attachment":[{"href":"https:\/\/eyli.com.tr\/ru\/wp-json\/wp\/v2\/media?parent=1212"}],"curies":[{"name":"wp","href":"https:\/\/api.w.org\/{rel}","templated":true}]}}