{"id":1211,"date":"2016-05-22T22:46:24","date_gmt":"2016-05-22T19:46:24","guid":{"rendered":"http:\/\/eyli.com.tr\/?page_id=1211"},"modified":"2016-05-22T22:49:21","modified_gmt":"2016-05-22T19:49:21","slug":"volvo-a40e-belden-kirmali-yuk-kamyonu","status":"publish","type":"page","link":"https:\/\/eyli.com.tr\/ru\/volvo-a40e-belden-kirmali-yuk-kamyonu\/","title":{"rendered":"Volvo A40E Belden K\u0131rmal\u0131 Kaya Kamyonu"},"content":{"rendered":"<div class=\"embed-responsive embed-responsive-16by9 index-img\"><iframe loading=\"lazy\" class=\"embed-responsive-item\" src=\"https:\/\/www.youtube.com\/embed\/6zZoni1upck\" width=\"300\" height=\"150\" frameborder=\"0\" allowfullscreen=\"allowfullscreen\"><\/iframe><\/div>\n<p>&nbsp;<\/p>\n<p>Bu Volvo A40E Belden k\u0131rmal\u0131 kaya\u00a0Kamyonu. Verdi\u011finiz i\u015fin verimlilikle, h\u0131zla, d\u00fczg\u00fcn bir bi\u00e7imde ve de en g\u00fcvenli bir \u015fekilde yap\u0131lmas\u0131n\u0131 sa\u011flayacak bir ara\u00e7. Hemde y\u0131llarca. A40E, ince ayarlanm\u0131\u015f bir g\u00fc\u00e7 paketidir. En zorlu uygulamalar i\u00e7in en \u00e7etin ko\u015fullarda size en y\u00fcksek verimlili\u011fi vermek i\u00e7in tasarlanm\u0131\u015ft\u0131r. Yeni, Turbolu 16 litrelik motoru ile kaslar\u0131n\u0131 g\u00f6stermektedir. Yeni Motoru, Volvo&#8217; nun sadece \u00e7evre dostu olmakla kalmayan, ayn\u0131 zamanda sizin karl\u0131l\u0131\u011f\u0131n\u0131z\u0131 da y\u00fckselten geli\u015fmi\u015f yanma teknolojisine sahiptir. Volvo D16 motoru, her bir damla yak\u0131t ile daha fazla y\u00fck ta\u015f\u0131maya olanak sa\u011flamaktad\u0131r. EN \u00f6nemlisi de bu motor size g\u00fc\u00e7 sa\u011flar, en fazla y\u00fck\u00fc en \u00e7etin ko\u015fullarda ta\u015f\u0131man\u0131z i\u00e7in gereken g\u00fcc\u00fc. Arac\u0131n kalbi olan motor ve transmisyon, saf Volvo. Hemde de en ufak detaya kadar. Her bir par\u00e7a bir di\u011feri ile m\u00fckemel bir uyum i\u00e7erisinde \u00e7al\u0131\u015fmak \u00fczere tasarlanm\u0131\u015ft\u0131r ve bu da optimum performans sonucu vermektedir. G\u00fc\u00e7l\u00fc motor, Volvonun y\u0131llarca deneyiminin bir sonucu olarak rafine etti\u011fi transmisyon ile birle\u015ftirilmi\u015f ve ortaya y\u00fcksek tork \u00fcreten bir makine \u00e7\u0131km\u0131\u015ft\u0131r. Transmisyon, h\u0131zl\u0131 ve yumu\u015fak vites ge\u00e7i\u015fleri ile y\u00fcksek miktarda y\u00fck\u00fc rahat ve verimli bir \u015fekilde ta\u015f\u0131man\u0131za olanak sa\u011flar. Bo\u015faltma sepeti ve akslar gibi di\u011fer par\u00e7alar da yeni gerekliliklere uymak \u00fczere geli\u015ftirilmi\u015ftir. Yeni akslar ve h\u0131z kesiciler daha iyi frenleme ve kolay kontrol olana\u011f\u0131 verir. 23 m3 ve 39 tona varan y\u00fck kapasitesine sahiptir. Bu ve bunun gibi sebepler, gittik\u00e7e daha fazla y\u00fcklenicinin, zorlu g\u00f6revler i\u00e7in A40E yi se\u00e7mesini sa\u011flamaktad\u0131r. Sonu\u00e7ta \u00f6nemli olan karl\u0131l\u0131kt\u0131r ve daha fazla \u015feyi daha d\u00fc\u015f\u00fck maliyet ile ta\u015f\u0131mak, Volvo A40E yi neden geli\u015ftirdi\u011fimiz sorusunun yan\u0131t\u0131d\u0131r.<\/p>\n","protected":false},"excerpt":{"rendered":"<p>&nbsp; Bu Volvo A40E Belden k\u0131rmal\u0131 kaya\u00a0Kamyonu. Verdi\u011finiz i\u015fin verimlilikle, h\u0131zla, d\u00fczg\u00fcn bir bi\u00e7imde ve de en g\u00fcvenli bir \u015fekilde yap\u0131lmas\u0131n\u0131 sa\u011flayacak bir ara\u00e7. Hemde y\u0131llarca. A40E, ince ayarlanm\u0131\u015f bir g\u00fc\u00e7 paketidir. En zorlu uygulamalar i\u00e7in en \u00e7etin ko\u015fullarda size en y\u00fcksek verimlili\u011fi vermek i\u00e7in tasarlanm\u0131\u015ft\u0131r. Yeni, Turbolu 16 litrelik motoru ile kaslar\u0131n\u0131 g\u00f6stermektedir. Yeni [&hellip;]<\/p>\n","protected":false},"author":1,"featured_media":0,"parent":0,"menu_order":0,"comment_status":"closed","ping_status":"closed","template":"page-fullwidth.php","meta":{"footnotes":""},"class_list":["post-1211","page","type-page","status-publish","hentry"],"yoast_head":"<!-- This site is optimized with the Yoast SEO plugin v26.8 - https:\/\/yoast.com\/product\/yoast-seo-wordpress\/ -->\n<title>Volvo A40E Belden K\u0131rmal\u0131 Kaya Kamyonu - Eyli \u0130\u015f Makineleri<\/title>\n<meta name=\"robots\" content=\"index, follow, max-snippet:-1, max-image-preview:large, max-video-preview:-1\" \/>\n<link rel=\"canonical\" href=\"https:\/\/eyli.com.tr\/volvo-a40e-belden-kirmali-yuk-kamyonu\/\" \/>\n<meta property=\"og:locale\" content=\"ru_RU\" \/>\n<meta property=\"og:type\" content=\"article\" \/>\n<meta property=\"og:title\" content=\"Volvo A40E Belden K\u0131rmal\u0131 Kaya Kamyonu - Eyli \u0130\u015f Makineleri\" \/>\n<meta property=\"og:description\" content=\"&nbsp; Bu Volvo A40E Belden k\u0131rmal\u0131 kaya\u00a0Kamyonu. Verdi\u011finiz i\u015fin verimlilikle, h\u0131zla, d\u00fczg\u00fcn bir bi\u00e7imde ve de en g\u00fcvenli bir \u015fekilde yap\u0131lmas\u0131n\u0131 sa\u011flayacak bir ara\u00e7. Hemde y\u0131llarca. A40E, ince ayarlanm\u0131\u015f bir g\u00fc\u00e7 paketidir. En zorlu uygulamalar i\u00e7in en \u00e7etin ko\u015fullarda size en y\u00fcksek verimlili\u011fi vermek i\u00e7in tasarlanm\u0131\u015ft\u0131r. Yeni, Turbolu 16 litrelik motoru ile kaslar\u0131n\u0131 g\u00f6stermektedir. Yeni [&hellip;]\" \/>\n<meta property=\"og:url\" content=\"https:\/\/eyli.com.tr\/volvo-a40e-belden-kirmali-yuk-kamyonu\/\" \/>\n<meta property=\"og:site_name\" content=\"Eyli \u0130\u015f Makineleri\" \/>\n<meta property=\"article:publisher\" content=\"https:\/\/www.facebook.com\/eylicomtr\" \/>\n<meta property=\"article:modified_time\" content=\"2016-05-22T19:49:21+00:00\" \/>\n<meta name=\"twitter:card\" content=\"summary_large_image\" \/>\n<meta name=\"twitter:label1\" content=\"\u041f\u0440\u0438\u043c\u0435\u0440\u043d\u043e\u0435 \u0432\u0440\u0435\u043c\u044f \u0434\u043b\u044f \u0447\u0442\u0435\u043d\u0438\u044f\" \/>\n\t<meta name=\"twitter:data1\" content=\"2 \u043c\u0438\u043d\u0443\u0442\u044b\" \/>\n<script type=\"application\/ld+json\" class=\"yoast-schema-graph\">{\"@context\":\"https:\/\/schema.org\",\"@graph\":[{\"@type\":\"WebPage\",\"@id\":\"https:\/\/eyli.com.tr\/volvo-a40e-belden-kirmali-yuk-kamyonu\/\",\"url\":\"https:\/\/eyli.com.tr\/volvo-a40e-belden-kirmali-yuk-kamyonu\/\",\"name\":\"Volvo A40E Belden K\u0131rmal\u0131 Kaya Kamyonu - Eyli \u0130\u015f Makineleri\",\"isPartOf\":{\"@id\":\"https:\/\/eyli.com.tr\/#website\"},\"datePublished\":\"2016-05-22T19:46:24+00:00\",\"dateModified\":\"2016-05-22T19:49:21+00:00\",\"breadcrumb\":{\"@id\":\"https:\/\/eyli.com.tr\/volvo-a40e-belden-kirmali-yuk-kamyonu\/#breadcrumb\"},\"inLanguage\":\"ru-RU\",\"potentialAction\":[{\"@type\":\"ReadAction\",\"target\":[\"https:\/\/eyli.com.tr\/volvo-a40e-belden-kirmali-yuk-kamyonu\/\"]}]},{\"@type\":\"BreadcrumbList\",\"@id\":\"https:\/\/eyli.com.tr\/volvo-a40e-belden-kirmali-yuk-kamyonu\/#breadcrumb\",\"itemListElement\":[{\"@type\":\"ListItem\",\"position\":1,\"name\":\"Ana sayfa\",\"item\":\"https:\/\/eyli.com.tr\/\"},{\"@type\":\"ListItem\",\"position\":2,\"name\":\"Volvo A40E Belden K\u0131rmal\u0131 Kaya Kamyonu\"}]},{\"@type\":\"WebSite\",\"@id\":\"https:\/\/eyli.com.tr\/#website\",\"url\":\"https:\/\/eyli.com.tr\/\",\"name\":\"Eyli \u0130\u015f Makineleri\",\"description\":\"\",\"publisher\":{\"@id\":\"https:\/\/eyli.com.tr\/#organization\"},\"potentialAction\":[{\"@type\":\"SearchAction\",\"target\":{\"@type\":\"EntryPoint\",\"urlTemplate\":\"https:\/\/eyli.com.tr\/?s={search_term_string}\"},\"query-input\":{\"@type\":\"PropertyValueSpecification\",\"valueRequired\":true,\"valueName\":\"search_term_string\"}}],\"inLanguage\":\"ru-RU\"},{\"@type\":\"Organization\",\"@id\":\"https:\/\/eyli.com.tr\/#organization\",\"name\":\"Eyli \u0130\u015f Makineleri\",\"url\":\"https:\/\/eyli.com.tr\/\",\"logo\":{\"@type\":\"ImageObject\",\"inLanguage\":\"ru-RU\",\"@id\":\"https:\/\/eyli.com.tr\/#\/schema\/logo\/image\/\",\"url\":\"https:\/\/eyli.com.tr\/wp-content\/uploads\/2020\/04\/WhatsApp-Image-2020-04-23-at-03.11.52-e1587829137284.jpeg\",\"contentUrl\":\"https:\/\/eyli.com.tr\/wp-content\/uploads\/2020\/04\/WhatsApp-Image-2020-04-23-at-03.11.52-e1587829137284.jpeg\",\"width\":1600,\"height\":900,\"caption\":\"Eyli \u0130\u015f Makineleri\"},\"image\":{\"@id\":\"https:\/\/eyli.com.tr\/#\/schema\/logo\/image\/\"},\"sameAs\":[\"https:\/\/www.facebook.com\/eylicomtr\"]}]}<\/script>\n<!-- \/ Yoast SEO plugin. -->","yoast_head_json":{"title":"Volvo A40E Belden K\u0131rmal\u0131 Kaya Kamyonu - Eyli \u0130\u015f Makineleri","robots":{"index":"index","follow":"follow","max-snippet":"max-snippet:-1","max-image-preview":"max-image-preview:large","max-video-preview":"max-video-preview:-1"},"canonical":"https:\/\/eyli.com.tr\/volvo-a40e-belden-kirmali-yuk-kamyonu\/","og_locale":"ru_RU","og_type":"article","og_title":"Volvo A40E Belden K\u0131rmal\u0131 Kaya Kamyonu - Eyli \u0130\u015f Makineleri","og_description":"&nbsp; Bu Volvo A40E Belden k\u0131rmal\u0131 kaya\u00a0Kamyonu. Verdi\u011finiz i\u015fin verimlilikle, h\u0131zla, d\u00fczg\u00fcn bir bi\u00e7imde ve de en g\u00fcvenli bir \u015fekilde yap\u0131lmas\u0131n\u0131 sa\u011flayacak bir ara\u00e7. Hemde y\u0131llarca. A40E, ince ayarlanm\u0131\u015f bir g\u00fc\u00e7 paketidir. En zorlu uygulamalar i\u00e7in en \u00e7etin ko\u015fullarda size en y\u00fcksek verimlili\u011fi vermek i\u00e7in tasarlanm\u0131\u015ft\u0131r. Yeni, Turbolu 16 litrelik motoru ile kaslar\u0131n\u0131 g\u00f6stermektedir. Yeni [&hellip;]","og_url":"https:\/\/eyli.com.tr\/volvo-a40e-belden-kirmali-yuk-kamyonu\/","og_site_name":"Eyli \u0130\u015f Makineleri","article_publisher":"https:\/\/www.facebook.com\/eylicomtr","article_modified_time":"2016-05-22T19:49:21+00:00","twitter_card":"summary_large_image","twitter_misc":{"\u041f\u0440\u0438\u043c\u0435\u0440\u043d\u043e\u0435 \u0432\u0440\u0435\u043c\u044f \u0434\u043b\u044f \u0447\u0442\u0435\u043d\u0438\u044f":"2 \u043c\u0438\u043d\u0443\u0442\u044b"},"schema":{"@context":"https:\/\/schema.org","@graph":[{"@type":"WebPage","@id":"https:\/\/eyli.com.tr\/volvo-a40e-belden-kirmali-yuk-kamyonu\/","url":"https:\/\/eyli.com.tr\/volvo-a40e-belden-kirmali-yuk-kamyonu\/","name":"Volvo A40E Belden K\u0131rmal\u0131 Kaya Kamyonu - Eyli \u0130\u015f Makineleri","isPartOf":{"@id":"https:\/\/eyli.com.tr\/#website"},"datePublished":"2016-05-22T19:46:24+00:00","dateModified":"2016-05-22T19:49:21+00:00","breadcrumb":{"@id":"https:\/\/eyli.com.tr\/volvo-a40e-belden-kirmali-yuk-kamyonu\/#breadcrumb"},"inLanguage":"ru-RU","potentialAction":[{"@type":"ReadAction","target":["https:\/\/eyli.com.tr\/volvo-a40e-belden-kirmali-yuk-kamyonu\/"]}]},{"@type":"BreadcrumbList","@id":"https:\/\/eyli.com.tr\/volvo-a40e-belden-kirmali-yuk-kamyonu\/#breadcrumb","itemListElement":[{"@type":"ListItem","position":1,"name":"Ana sayfa","item":"https:\/\/eyli.com.tr\/"},{"@type":"ListItem","position":2,"name":"Volvo A40E Belden K\u0131rmal\u0131 Kaya Kamyonu"}]},{"@type":"WebSite","@id":"https:\/\/eyli.com.tr\/#website","url":"https:\/\/eyli.com.tr\/","name":"Eyli \u0130\u015f Makineleri","description":"","publisher":{"@id":"https:\/\/eyli.com.tr\/#organization"},"potentialAction":[{"@type":"SearchAction","target":{"@type":"EntryPoint","urlTemplate":"https:\/\/eyli.com.tr\/?s={search_term_string}"},"query-input":{"@type":"PropertyValueSpecification","valueRequired":true,"valueName":"search_term_string"}}],"inLanguage":"ru-RU"},{"@type":"Organization","@id":"https:\/\/eyli.com.tr\/#organization","name":"Eyli \u0130\u015f Makineleri","url":"https:\/\/eyli.com.tr\/","logo":{"@type":"ImageObject","inLanguage":"ru-RU","@id":"https:\/\/eyli.com.tr\/#\/schema\/logo\/image\/","url":"https:\/\/eyli.com.tr\/wp-content\/uploads\/2020\/04\/WhatsApp-Image-2020-04-23-at-03.11.52-e1587829137284.jpeg","contentUrl":"https:\/\/eyli.com.tr\/wp-content\/uploads\/2020\/04\/WhatsApp-Image-2020-04-23-at-03.11.52-e1587829137284.jpeg","width":1600,"height":900,"caption":"Eyli \u0130\u015f Makineleri"},"image":{"@id":"https:\/\/eyli.com.tr\/#\/schema\/logo\/image\/"},"sameAs":["https:\/\/www.facebook.com\/eylicomtr"]}]}},"_links":{"self":[{"href":"https:\/\/eyli.com.tr\/ru\/wp-json\/wp\/v2\/pages\/1211","targetHints":{"allow":["GET"]}}],"collection":[{"href":"https:\/\/eyli.com.tr\/ru\/wp-json\/wp\/v2\/pages"}],"about":[{"href":"https:\/\/eyli.com.tr\/ru\/wp-json\/wp\/v2\/types\/page"}],"author":[{"embeddable":true,"href":"https:\/\/eyli.com.tr\/ru\/wp-json\/wp\/v2\/users\/1"}],"replies":[{"embeddable":true,"href":"https:\/\/eyli.com.tr\/ru\/wp-json\/wp\/v2\/comments?post=1211"}],"version-history":[{"count":2,"href":"https:\/\/eyli.com.tr\/ru\/wp-json\/wp\/v2\/pages\/1211\/revisions"}],"predecessor-version":[{"id":1249,"href":"https:\/\/eyli.com.tr\/ru\/wp-json\/wp\/v2\/pages\/1211\/revisions\/1249"}],"wp:attachment":[{"href":"https:\/\/eyli.com.tr\/ru\/wp-json\/wp\/v2\/media?parent=1211"}],"curies":[{"name":"wp","href":"https:\/\/api.w.org\/{rel}","templated":true}]}}