{"id":1185,"date":"2016-05-22T22:50:02","date_gmt":"2016-05-22T19:50:02","guid":{"rendered":"http:\/\/eyli.com.tr\/?page_id=1185"},"modified":"2016-05-22T22:50:02","modified_gmt":"2016-05-22T19:50:02","slug":"volvo-a40e-yuklu-halde-bile-yuksek-egimleri-tirmanabilir-cekis-gucunu-koruyabilir","status":"publish","type":"page","link":"https:\/\/eyli.com.tr\/ru\/volvo-a40e-yuklu-halde-bile-yuksek-egimleri-tirmanabilir-cekis-gucunu-koruyabilir\/","title":{"rendered":"Volvo A40E y\u00fckl\u00fc halde bile y\u00fcksek e\u011fimleri t\u0131rmanabilir ve \u00e7eki\u015f g\u00fcc\u00fcn\u00fc koruyabilir"},"content":{"rendered":"<div class=\"embed-responsive embed-responsive-16by9 index-img\"><iframe loading=\"lazy\" class=\"embed-responsive-item\" src=\"https:\/\/www.youtube.com\/embed\/EppajW2whp8\" width=\"300\" height=\"150\" frameborder=\"0\" allowfullscreen=\"allowfullscreen\"><\/iframe><\/div>\n<p>&nbsp;<\/p>\n<p>Volvo taraf\u0131ndan geli\u015ftirilen Motor ve transmisyon sistemleri, Kaya kamyonlar\u0131n\u0131n faaliyette oldu\u011fu \u00e7etin ve s\u00fcrekli de\u011fi\u015fen ko\u015fullar ile uyum sa\u011flayabilmek i\u00e7in tasarlanm\u0131\u015ft\u0131r. Bu sayede Volvo A40E y\u00fckl\u00fc halde bile y\u00fcksek e\u011fimleri t\u0131rmanabilir ve \u00e7eki\u015f g\u00fcc\u00fcn\u00fc koruyabilir. T\u00fcm bunlar\u0131 kayal\u0131k zeminlerde, \u00e7amurlu arazilerde yapabilir.<\/p>\n","protected":false},"excerpt":{"rendered":"<p>&nbsp; Volvo taraf\u0131ndan geli\u015ftirilen Motor ve transmisyon sistemleri, Kaya kamyonlar\u0131n\u0131n faaliyette oldu\u011fu \u00e7etin ve s\u00fcrekli de\u011fi\u015fen ko\u015fullar ile uyum sa\u011flayabilmek i\u00e7in tasarlanm\u0131\u015ft\u0131r. Bu sayede Volvo A40E y\u00fckl\u00fc halde bile y\u00fcksek e\u011fimleri t\u0131rmanabilir ve \u00e7eki\u015f g\u00fcc\u00fcn\u00fc koruyabilir. T\u00fcm bunlar\u0131 kayal\u0131k zeminlerde, \u00e7amurlu arazilerde yapabilir.<\/p>\n","protected":false},"author":1,"featured_media":0,"parent":0,"menu_order":0,"comment_status":"closed","ping_status":"closed","template":"page-fullwidth.php","meta":{"footnotes":""},"class_list":["post-1185","page","type-page","status-publish","hentry"],"yoast_head":"<!-- This site is optimized with the Yoast SEO plugin v26.8 - https:\/\/yoast.com\/product\/yoast-seo-wordpress\/ -->\n<title>Volvo A40E y\u00fckl\u00fc halde bile y\u00fcksek e\u011fimleri t\u0131rmanabilir ve \u00e7eki\u015f g\u00fcc\u00fcn\u00fc koruyabilir - Eyli \u0130\u015f Makineleri<\/title>\n<meta name=\"robots\" content=\"index, follow, max-snippet:-1, max-image-preview:large, max-video-preview:-1\" \/>\n<link rel=\"canonical\" href=\"https:\/\/eyli.com.tr\/volvo-a40e-yuklu-halde-bile-yuksek-egimleri-tirmanabilir-cekis-gucunu-koruyabilir\/\" \/>\n<meta property=\"og:locale\" content=\"ru_RU\" \/>\n<meta property=\"og:type\" content=\"article\" \/>\n<meta property=\"og:title\" content=\"Volvo A40E y\u00fckl\u00fc halde bile y\u00fcksek e\u011fimleri t\u0131rmanabilir ve \u00e7eki\u015f g\u00fcc\u00fcn\u00fc koruyabilir - Eyli \u0130\u015f Makineleri\" \/>\n<meta property=\"og:description\" content=\"&nbsp; Volvo taraf\u0131ndan geli\u015ftirilen Motor ve transmisyon sistemleri, Kaya kamyonlar\u0131n\u0131n faaliyette oldu\u011fu \u00e7etin ve s\u00fcrekli de\u011fi\u015fen ko\u015fullar ile uyum sa\u011flayabilmek i\u00e7in tasarlanm\u0131\u015ft\u0131r. Bu sayede Volvo A40E y\u00fckl\u00fc halde bile y\u00fcksek e\u011fimleri t\u0131rmanabilir ve \u00e7eki\u015f g\u00fcc\u00fcn\u00fc koruyabilir. T\u00fcm bunlar\u0131 kayal\u0131k zeminlerde, \u00e7amurlu arazilerde yapabilir.\" \/>\n<meta property=\"og:url\" content=\"https:\/\/eyli.com.tr\/volvo-a40e-yuklu-halde-bile-yuksek-egimleri-tirmanabilir-cekis-gucunu-koruyabilir\/\" \/>\n<meta property=\"og:site_name\" content=\"Eyli \u0130\u015f Makineleri\" \/>\n<meta property=\"article:publisher\" content=\"https:\/\/www.facebook.com\/eylicomtr\" \/>\n<meta name=\"twitter:card\" content=\"summary_large_image\" \/>\n<script type=\"application\/ld+json\" class=\"yoast-schema-graph\">{\"@context\":\"https:\/\/schema.org\",\"@graph\":[{\"@type\":\"WebPage\",\"@id\":\"https:\/\/eyli.com.tr\/volvo-a40e-yuklu-halde-bile-yuksek-egimleri-tirmanabilir-cekis-gucunu-koruyabilir\/\",\"url\":\"https:\/\/eyli.com.tr\/volvo-a40e-yuklu-halde-bile-yuksek-egimleri-tirmanabilir-cekis-gucunu-koruyabilir\/\",\"name\":\"Volvo A40E y\u00fckl\u00fc halde bile y\u00fcksek e\u011fimleri t\u0131rmanabilir ve \u00e7eki\u015f g\u00fcc\u00fcn\u00fc koruyabilir - Eyli \u0130\u015f Makineleri\",\"isPartOf\":{\"@id\":\"https:\/\/eyli.com.tr\/#website\"},\"datePublished\":\"2016-05-22T19:50:02+00:00\",\"breadcrumb\":{\"@id\":\"https:\/\/eyli.com.tr\/volvo-a40e-yuklu-halde-bile-yuksek-egimleri-tirmanabilir-cekis-gucunu-koruyabilir\/#breadcrumb\"},\"inLanguage\":\"ru-RU\",\"potentialAction\":[{\"@type\":\"ReadAction\",\"target\":[\"https:\/\/eyli.com.tr\/volvo-a40e-yuklu-halde-bile-yuksek-egimleri-tirmanabilir-cekis-gucunu-koruyabilir\/\"]}]},{\"@type\":\"BreadcrumbList\",\"@id\":\"https:\/\/eyli.com.tr\/volvo-a40e-yuklu-halde-bile-yuksek-egimleri-tirmanabilir-cekis-gucunu-koruyabilir\/#breadcrumb\",\"itemListElement\":[{\"@type\":\"ListItem\",\"position\":1,\"name\":\"Ana sayfa\",\"item\":\"https:\/\/eyli.com.tr\/\"},{\"@type\":\"ListItem\",\"position\":2,\"name\":\"Volvo A40E y\u00fckl\u00fc halde bile y\u00fcksek e\u011fimleri t\u0131rmanabilir ve \u00e7eki\u015f g\u00fcc\u00fcn\u00fc koruyabilir\"}]},{\"@type\":\"WebSite\",\"@id\":\"https:\/\/eyli.com.tr\/#website\",\"url\":\"https:\/\/eyli.com.tr\/\",\"name\":\"Eyli \u0130\u015f Makineleri\",\"description\":\"\",\"publisher\":{\"@id\":\"https:\/\/eyli.com.tr\/#organization\"},\"potentialAction\":[{\"@type\":\"SearchAction\",\"target\":{\"@type\":\"EntryPoint\",\"urlTemplate\":\"https:\/\/eyli.com.tr\/?s={search_term_string}\"},\"query-input\":{\"@type\":\"PropertyValueSpecification\",\"valueRequired\":true,\"valueName\":\"search_term_string\"}}],\"inLanguage\":\"ru-RU\"},{\"@type\":\"Organization\",\"@id\":\"https:\/\/eyli.com.tr\/#organization\",\"name\":\"Eyli \u0130\u015f Makineleri\",\"url\":\"https:\/\/eyli.com.tr\/\",\"logo\":{\"@type\":\"ImageObject\",\"inLanguage\":\"ru-RU\",\"@id\":\"https:\/\/eyli.com.tr\/#\/schema\/logo\/image\/\",\"url\":\"https:\/\/eyli.com.tr\/wp-content\/uploads\/2020\/04\/WhatsApp-Image-2020-04-23-at-03.11.52-e1587829137284.jpeg\",\"contentUrl\":\"https:\/\/eyli.com.tr\/wp-content\/uploads\/2020\/04\/WhatsApp-Image-2020-04-23-at-03.11.52-e1587829137284.jpeg\",\"width\":1600,\"height\":900,\"caption\":\"Eyli \u0130\u015f Makineleri\"},\"image\":{\"@id\":\"https:\/\/eyli.com.tr\/#\/schema\/logo\/image\/\"},\"sameAs\":[\"https:\/\/www.facebook.com\/eylicomtr\"]}]}<\/script>\n<!-- \/ Yoast SEO plugin. -->","yoast_head_json":{"title":"Volvo A40E y\u00fckl\u00fc halde bile y\u00fcksek e\u011fimleri t\u0131rmanabilir ve \u00e7eki\u015f g\u00fcc\u00fcn\u00fc koruyabilir - Eyli \u0130\u015f Makineleri","robots":{"index":"index","follow":"follow","max-snippet":"max-snippet:-1","max-image-preview":"max-image-preview:large","max-video-preview":"max-video-preview:-1"},"canonical":"https:\/\/eyli.com.tr\/volvo-a40e-yuklu-halde-bile-yuksek-egimleri-tirmanabilir-cekis-gucunu-koruyabilir\/","og_locale":"ru_RU","og_type":"article","og_title":"Volvo A40E y\u00fckl\u00fc halde bile y\u00fcksek e\u011fimleri t\u0131rmanabilir ve \u00e7eki\u015f g\u00fcc\u00fcn\u00fc koruyabilir - Eyli \u0130\u015f Makineleri","og_description":"&nbsp; Volvo taraf\u0131ndan geli\u015ftirilen Motor ve transmisyon sistemleri, Kaya kamyonlar\u0131n\u0131n faaliyette oldu\u011fu \u00e7etin ve s\u00fcrekli de\u011fi\u015fen ko\u015fullar ile uyum sa\u011flayabilmek i\u00e7in tasarlanm\u0131\u015ft\u0131r. Bu sayede Volvo A40E y\u00fckl\u00fc halde bile y\u00fcksek e\u011fimleri t\u0131rmanabilir ve \u00e7eki\u015f g\u00fcc\u00fcn\u00fc koruyabilir. T\u00fcm bunlar\u0131 kayal\u0131k zeminlerde, \u00e7amurlu arazilerde yapabilir.","og_url":"https:\/\/eyli.com.tr\/volvo-a40e-yuklu-halde-bile-yuksek-egimleri-tirmanabilir-cekis-gucunu-koruyabilir\/","og_site_name":"Eyli \u0130\u015f Makineleri","article_publisher":"https:\/\/www.facebook.com\/eylicomtr","twitter_card":"summary_large_image","schema":{"@context":"https:\/\/schema.org","@graph":[{"@type":"WebPage","@id":"https:\/\/eyli.com.tr\/volvo-a40e-yuklu-halde-bile-yuksek-egimleri-tirmanabilir-cekis-gucunu-koruyabilir\/","url":"https:\/\/eyli.com.tr\/volvo-a40e-yuklu-halde-bile-yuksek-egimleri-tirmanabilir-cekis-gucunu-koruyabilir\/","name":"Volvo A40E y\u00fckl\u00fc halde bile y\u00fcksek e\u011fimleri t\u0131rmanabilir ve \u00e7eki\u015f g\u00fcc\u00fcn\u00fc koruyabilir - Eyli \u0130\u015f Makineleri","isPartOf":{"@id":"https:\/\/eyli.com.tr\/#website"},"datePublished":"2016-05-22T19:50:02+00:00","breadcrumb":{"@id":"https:\/\/eyli.com.tr\/volvo-a40e-yuklu-halde-bile-yuksek-egimleri-tirmanabilir-cekis-gucunu-koruyabilir\/#breadcrumb"},"inLanguage":"ru-RU","potentialAction":[{"@type":"ReadAction","target":["https:\/\/eyli.com.tr\/volvo-a40e-yuklu-halde-bile-yuksek-egimleri-tirmanabilir-cekis-gucunu-koruyabilir\/"]}]},{"@type":"BreadcrumbList","@id":"https:\/\/eyli.com.tr\/volvo-a40e-yuklu-halde-bile-yuksek-egimleri-tirmanabilir-cekis-gucunu-koruyabilir\/#breadcrumb","itemListElement":[{"@type":"ListItem","position":1,"name":"Ana sayfa","item":"https:\/\/eyli.com.tr\/"},{"@type":"ListItem","position":2,"name":"Volvo A40E y\u00fckl\u00fc halde bile y\u00fcksek e\u011fimleri t\u0131rmanabilir ve \u00e7eki\u015f g\u00fcc\u00fcn\u00fc koruyabilir"}]},{"@type":"WebSite","@id":"https:\/\/eyli.com.tr\/#website","url":"https:\/\/eyli.com.tr\/","name":"Eyli \u0130\u015f Makineleri","description":"","publisher":{"@id":"https:\/\/eyli.com.tr\/#organization"},"potentialAction":[{"@type":"SearchAction","target":{"@type":"EntryPoint","urlTemplate":"https:\/\/eyli.com.tr\/?s={search_term_string}"},"query-input":{"@type":"PropertyValueSpecification","valueRequired":true,"valueName":"search_term_string"}}],"inLanguage":"ru-RU"},{"@type":"Organization","@id":"https:\/\/eyli.com.tr\/#organization","name":"Eyli \u0130\u015f Makineleri","url":"https:\/\/eyli.com.tr\/","logo":{"@type":"ImageObject","inLanguage":"ru-RU","@id":"https:\/\/eyli.com.tr\/#\/schema\/logo\/image\/","url":"https:\/\/eyli.com.tr\/wp-content\/uploads\/2020\/04\/WhatsApp-Image-2020-04-23-at-03.11.52-e1587829137284.jpeg","contentUrl":"https:\/\/eyli.com.tr\/wp-content\/uploads\/2020\/04\/WhatsApp-Image-2020-04-23-at-03.11.52-e1587829137284.jpeg","width":1600,"height":900,"caption":"Eyli \u0130\u015f Makineleri"},"image":{"@id":"https:\/\/eyli.com.tr\/#\/schema\/logo\/image\/"},"sameAs":["https:\/\/www.facebook.com\/eylicomtr"]}]}},"_links":{"self":[{"href":"https:\/\/eyli.com.tr\/ru\/wp-json\/wp\/v2\/pages\/1185","targetHints":{"allow":["GET"]}}],"collection":[{"href":"https:\/\/eyli.com.tr\/ru\/wp-json\/wp\/v2\/pages"}],"about":[{"href":"https:\/\/eyli.com.tr\/ru\/wp-json\/wp\/v2\/types\/page"}],"author":[{"embeddable":true,"href":"https:\/\/eyli.com.tr\/ru\/wp-json\/wp\/v2\/users\/1"}],"replies":[{"embeddable":true,"href":"https:\/\/eyli.com.tr\/ru\/wp-json\/wp\/v2\/comments?post=1185"}],"version-history":[{"count":1,"href":"https:\/\/eyli.com.tr\/ru\/wp-json\/wp\/v2\/pages\/1185\/revisions"}],"predecessor-version":[{"id":1194,"href":"https:\/\/eyli.com.tr\/ru\/wp-json\/wp\/v2\/pages\/1185\/revisions\/1194"}],"wp:attachment":[{"href":"https:\/\/eyli.com.tr\/ru\/wp-json\/wp\/v2\/media?parent=1185"}],"curies":[{"name":"wp","href":"https:\/\/api.w.org\/{rel}","templated":true}]}}