{"id":1176,"date":"2016-05-22T22:57:09","date_gmt":"2016-05-22T19:57:09","guid":{"rendered":"http:\/\/eyli.com.tr\/?page_id=1176"},"modified":"2016-05-22T22:57:41","modified_gmt":"2016-05-22T19:57:41","slug":"volvo-a30e-kaya-kamyonu-yuksek-yuk-tasima-kapasitesine-sahip-bir-aractir","status":"publish","type":"page","link":"https:\/\/eyli.com.tr\/ru\/volvo-a30e-kaya-kamyonu-yuksek-yuk-tasima-kapasitesine-sahip-bir-aractir\/","title":{"rendered":"Volvo A30E Kaya kamyonu y\u00fcksek y\u00fck ta\u015f\u0131ma kapasitesine sahip bir ara\u00e7t\u0131r"},"content":{"rendered":"<div class=\"embed-responsive embed-responsive-16by9 index-img\"><iframe loading=\"lazy\" class=\"embed-responsive-item\" src=\"https:\/\/www.youtube.com\/embed\/wgg2eUSFQvM\" width=\"300\" height=\"150\" frameborder=\"0\" allowfullscreen=\"allowfullscreen\"><\/iframe><\/div>\n<p>&nbsp;<\/p>\n<p>Volvo A30E Kaya kamyonu y\u00fcksek y\u00fck ta\u015f\u0131ma kapasitesine sahip bir ara\u00e7t\u0131r. Damper tasar\u0131m\u0131 kolay y\u00fckleme ve bo\u015faltma olana\u011f\u0131 sunar. A30E, tam dolu halde bile y\u00fcksek e\u011fimde performans g\u00f6stermektedir.<\/p>\n","protected":false},"excerpt":{"rendered":"<p>&nbsp; Volvo A30E Kaya kamyonu y\u00fcksek y\u00fck ta\u015f\u0131ma kapasitesine sahip bir ara\u00e7t\u0131r. Damper tasar\u0131m\u0131 kolay y\u00fckleme ve bo\u015faltma olana\u011f\u0131 sunar. A30E, tam dolu halde bile y\u00fcksek e\u011fimde performans g\u00f6stermektedir.<\/p>\n","protected":false},"author":1,"featured_media":0,"parent":0,"menu_order":0,"comment_status":"closed","ping_status":"closed","template":"page-fullwidth.php","meta":{"footnotes":""},"class_list":["post-1176","page","type-page","status-publish","hentry"],"yoast_head":"<!-- This site is optimized with the Yoast SEO plugin v26.8 - https:\/\/yoast.com\/product\/yoast-seo-wordpress\/ -->\n<title>Volvo A30E Kaya kamyonu y\u00fcksek y\u00fck ta\u015f\u0131ma kapasitesine sahip bir ara\u00e7t\u0131r - Eyli \u0130\u015f Makineleri<\/title>\n<meta name=\"robots\" content=\"index, follow, max-snippet:-1, max-image-preview:large, max-video-preview:-1\" \/>\n<link rel=\"canonical\" href=\"https:\/\/eyli.com.tr\/volvo-a30e-kaya-kamyonu-yuksek-yuk-tasima-kapasitesine-sahip-bir-aractir\/\" \/>\n<meta property=\"og:locale\" content=\"ru_RU\" \/>\n<meta property=\"og:type\" content=\"article\" \/>\n<meta property=\"og:title\" content=\"Volvo A30E Kaya kamyonu y\u00fcksek y\u00fck ta\u015f\u0131ma kapasitesine sahip bir ara\u00e7t\u0131r - Eyli \u0130\u015f Makineleri\" \/>\n<meta property=\"og:description\" content=\"&nbsp; Volvo A30E Kaya kamyonu y\u00fcksek y\u00fck ta\u015f\u0131ma kapasitesine sahip bir ara\u00e7t\u0131r. Damper tasar\u0131m\u0131 kolay y\u00fckleme ve bo\u015faltma olana\u011f\u0131 sunar. A30E, tam dolu halde bile y\u00fcksek e\u011fimde performans g\u00f6stermektedir.\" \/>\n<meta property=\"og:url\" content=\"https:\/\/eyli.com.tr\/volvo-a30e-kaya-kamyonu-yuksek-yuk-tasima-kapasitesine-sahip-bir-aractir\/\" \/>\n<meta property=\"og:site_name\" content=\"Eyli \u0130\u015f Makineleri\" \/>\n<meta property=\"article:publisher\" content=\"https:\/\/www.facebook.com\/eylicomtr\" \/>\n<meta property=\"article:modified_time\" content=\"2016-05-22T19:57:41+00:00\" \/>\n<meta name=\"twitter:card\" content=\"summary_large_image\" \/>\n<script type=\"application\/ld+json\" class=\"yoast-schema-graph\">{\"@context\":\"https:\/\/schema.org\",\"@graph\":[{\"@type\":\"WebPage\",\"@id\":\"https:\/\/eyli.com.tr\/volvo-a30e-kaya-kamyonu-yuksek-yuk-tasima-kapasitesine-sahip-bir-aractir\/\",\"url\":\"https:\/\/eyli.com.tr\/volvo-a30e-kaya-kamyonu-yuksek-yuk-tasima-kapasitesine-sahip-bir-aractir\/\",\"name\":\"Volvo A30E Kaya kamyonu y\u00fcksek y\u00fck ta\u015f\u0131ma kapasitesine sahip bir ara\u00e7t\u0131r - Eyli \u0130\u015f Makineleri\",\"isPartOf\":{\"@id\":\"https:\/\/eyli.com.tr\/#website\"},\"datePublished\":\"2016-05-22T19:57:09+00:00\",\"dateModified\":\"2016-05-22T19:57:41+00:00\",\"breadcrumb\":{\"@id\":\"https:\/\/eyli.com.tr\/volvo-a30e-kaya-kamyonu-yuksek-yuk-tasima-kapasitesine-sahip-bir-aractir\/#breadcrumb\"},\"inLanguage\":\"ru-RU\",\"potentialAction\":[{\"@type\":\"ReadAction\",\"target\":[\"https:\/\/eyli.com.tr\/volvo-a30e-kaya-kamyonu-yuksek-yuk-tasima-kapasitesine-sahip-bir-aractir\/\"]}]},{\"@type\":\"BreadcrumbList\",\"@id\":\"https:\/\/eyli.com.tr\/volvo-a30e-kaya-kamyonu-yuksek-yuk-tasima-kapasitesine-sahip-bir-aractir\/#breadcrumb\",\"itemListElement\":[{\"@type\":\"ListItem\",\"position\":1,\"name\":\"Ana sayfa\",\"item\":\"https:\/\/eyli.com.tr\/\"},{\"@type\":\"ListItem\",\"position\":2,\"name\":\"Volvo A30E Kaya kamyonu y\u00fcksek y\u00fck ta\u015f\u0131ma kapasitesine sahip bir ara\u00e7t\u0131r\"}]},{\"@type\":\"WebSite\",\"@id\":\"https:\/\/eyli.com.tr\/#website\",\"url\":\"https:\/\/eyli.com.tr\/\",\"name\":\"Eyli \u0130\u015f Makineleri\",\"description\":\"\",\"publisher\":{\"@id\":\"https:\/\/eyli.com.tr\/#organization\"},\"potentialAction\":[{\"@type\":\"SearchAction\",\"target\":{\"@type\":\"EntryPoint\",\"urlTemplate\":\"https:\/\/eyli.com.tr\/?s={search_term_string}\"},\"query-input\":{\"@type\":\"PropertyValueSpecification\",\"valueRequired\":true,\"valueName\":\"search_term_string\"}}],\"inLanguage\":\"ru-RU\"},{\"@type\":\"Organization\",\"@id\":\"https:\/\/eyli.com.tr\/#organization\",\"name\":\"Eyli \u0130\u015f Makineleri\",\"url\":\"https:\/\/eyli.com.tr\/\",\"logo\":{\"@type\":\"ImageObject\",\"inLanguage\":\"ru-RU\",\"@id\":\"https:\/\/eyli.com.tr\/#\/schema\/logo\/image\/\",\"url\":\"https:\/\/eyli.com.tr\/wp-content\/uploads\/2020\/04\/WhatsApp-Image-2020-04-23-at-03.11.52-e1587829137284.jpeg\",\"contentUrl\":\"https:\/\/eyli.com.tr\/wp-content\/uploads\/2020\/04\/WhatsApp-Image-2020-04-23-at-03.11.52-e1587829137284.jpeg\",\"width\":1600,\"height\":900,\"caption\":\"Eyli \u0130\u015f Makineleri\"},\"image\":{\"@id\":\"https:\/\/eyli.com.tr\/#\/schema\/logo\/image\/\"},\"sameAs\":[\"https:\/\/www.facebook.com\/eylicomtr\"]}]}<\/script>\n<!-- \/ Yoast SEO plugin. -->","yoast_head_json":{"title":"Volvo A30E Kaya kamyonu y\u00fcksek y\u00fck ta\u015f\u0131ma kapasitesine sahip bir ara\u00e7t\u0131r - Eyli \u0130\u015f Makineleri","robots":{"index":"index","follow":"follow","max-snippet":"max-snippet:-1","max-image-preview":"max-image-preview:large","max-video-preview":"max-video-preview:-1"},"canonical":"https:\/\/eyli.com.tr\/volvo-a30e-kaya-kamyonu-yuksek-yuk-tasima-kapasitesine-sahip-bir-aractir\/","og_locale":"ru_RU","og_type":"article","og_title":"Volvo A30E Kaya kamyonu y\u00fcksek y\u00fck ta\u015f\u0131ma kapasitesine sahip bir ara\u00e7t\u0131r - Eyli \u0130\u015f Makineleri","og_description":"&nbsp; Volvo A30E Kaya kamyonu y\u00fcksek y\u00fck ta\u015f\u0131ma kapasitesine sahip bir ara\u00e7t\u0131r. Damper tasar\u0131m\u0131 kolay y\u00fckleme ve bo\u015faltma olana\u011f\u0131 sunar. A30E, tam dolu halde bile y\u00fcksek e\u011fimde performans g\u00f6stermektedir.","og_url":"https:\/\/eyli.com.tr\/volvo-a30e-kaya-kamyonu-yuksek-yuk-tasima-kapasitesine-sahip-bir-aractir\/","og_site_name":"Eyli \u0130\u015f Makineleri","article_publisher":"https:\/\/www.facebook.com\/eylicomtr","article_modified_time":"2016-05-22T19:57:41+00:00","twitter_card":"summary_large_image","schema":{"@context":"https:\/\/schema.org","@graph":[{"@type":"WebPage","@id":"https:\/\/eyli.com.tr\/volvo-a30e-kaya-kamyonu-yuksek-yuk-tasima-kapasitesine-sahip-bir-aractir\/","url":"https:\/\/eyli.com.tr\/volvo-a30e-kaya-kamyonu-yuksek-yuk-tasima-kapasitesine-sahip-bir-aractir\/","name":"Volvo A30E Kaya kamyonu y\u00fcksek y\u00fck ta\u015f\u0131ma kapasitesine sahip bir ara\u00e7t\u0131r - Eyli \u0130\u015f Makineleri","isPartOf":{"@id":"https:\/\/eyli.com.tr\/#website"},"datePublished":"2016-05-22T19:57:09+00:00","dateModified":"2016-05-22T19:57:41+00:00","breadcrumb":{"@id":"https:\/\/eyli.com.tr\/volvo-a30e-kaya-kamyonu-yuksek-yuk-tasima-kapasitesine-sahip-bir-aractir\/#breadcrumb"},"inLanguage":"ru-RU","potentialAction":[{"@type":"ReadAction","target":["https:\/\/eyli.com.tr\/volvo-a30e-kaya-kamyonu-yuksek-yuk-tasima-kapasitesine-sahip-bir-aractir\/"]}]},{"@type":"BreadcrumbList","@id":"https:\/\/eyli.com.tr\/volvo-a30e-kaya-kamyonu-yuksek-yuk-tasima-kapasitesine-sahip-bir-aractir\/#breadcrumb","itemListElement":[{"@type":"ListItem","position":1,"name":"Ana sayfa","item":"https:\/\/eyli.com.tr\/"},{"@type":"ListItem","position":2,"name":"Volvo A30E Kaya kamyonu y\u00fcksek y\u00fck ta\u015f\u0131ma kapasitesine sahip bir ara\u00e7t\u0131r"}]},{"@type":"WebSite","@id":"https:\/\/eyli.com.tr\/#website","url":"https:\/\/eyli.com.tr\/","name":"Eyli \u0130\u015f Makineleri","description":"","publisher":{"@id":"https:\/\/eyli.com.tr\/#organization"},"potentialAction":[{"@type":"SearchAction","target":{"@type":"EntryPoint","urlTemplate":"https:\/\/eyli.com.tr\/?s={search_term_string}"},"query-input":{"@type":"PropertyValueSpecification","valueRequired":true,"valueName":"search_term_string"}}],"inLanguage":"ru-RU"},{"@type":"Organization","@id":"https:\/\/eyli.com.tr\/#organization","name":"Eyli \u0130\u015f Makineleri","url":"https:\/\/eyli.com.tr\/","logo":{"@type":"ImageObject","inLanguage":"ru-RU","@id":"https:\/\/eyli.com.tr\/#\/schema\/logo\/image\/","url":"https:\/\/eyli.com.tr\/wp-content\/uploads\/2020\/04\/WhatsApp-Image-2020-04-23-at-03.11.52-e1587829137284.jpeg","contentUrl":"https:\/\/eyli.com.tr\/wp-content\/uploads\/2020\/04\/WhatsApp-Image-2020-04-23-at-03.11.52-e1587829137284.jpeg","width":1600,"height":900,"caption":"Eyli \u0130\u015f Makineleri"},"image":{"@id":"https:\/\/eyli.com.tr\/#\/schema\/logo\/image\/"},"sameAs":["https:\/\/www.facebook.com\/eylicomtr"]}]}},"_links":{"self":[{"href":"https:\/\/eyli.com.tr\/ru\/wp-json\/wp\/v2\/pages\/1176","targetHints":{"allow":["GET"]}}],"collection":[{"href":"https:\/\/eyli.com.tr\/ru\/wp-json\/wp\/v2\/pages"}],"about":[{"href":"https:\/\/eyli.com.tr\/ru\/wp-json\/wp\/v2\/types\/page"}],"author":[{"embeddable":true,"href":"https:\/\/eyli.com.tr\/ru\/wp-json\/wp\/v2\/users\/1"}],"replies":[{"embeddable":true,"href":"https:\/\/eyli.com.tr\/ru\/wp-json\/wp\/v2\/comments?post=1176"}],"version-history":[{"count":2,"href":"https:\/\/eyli.com.tr\/ru\/wp-json\/wp\/v2\/pages\/1176\/revisions"}],"predecessor-version":[{"id":1254,"href":"https:\/\/eyli.com.tr\/ru\/wp-json\/wp\/v2\/pages\/1176\/revisions\/1254"}],"wp:attachment":[{"href":"https:\/\/eyli.com.tr\/ru\/wp-json\/wp\/v2\/media?parent=1176"}],"curies":[{"name":"wp","href":"https:\/\/api.w.org\/{rel}","templated":true}]}}