{"id":1162,"date":"2016-05-22T23:00:32","date_gmt":"2016-05-22T20:00:32","guid":{"rendered":"http:\/\/eyli.com.tr\/?page_id=1162"},"modified":"2016-05-22T23:00:32","modified_gmt":"2016-05-22T20:00:32","slug":"volvo-a30dnin-kabini-surus-kolayligi-saglayacak-sekilde-tasarlanmistir","status":"publish","type":"page","link":"https:\/\/eyli.com.tr\/ru\/volvo-a30dnin-kabini-surus-kolayligi-saglayacak-sekilde-tasarlanmistir\/","title":{"rendered":"Volvo A30D&#8217;nin Kabini S\u00fcr\u00fc\u015f Kolayl\u0131\u011f\u0131 Sa\u011flayacak \u015eekilde Tasarlanm\u0131\u015ft\u0131r"},"content":{"rendered":"<div class=\"embed-responsive embed-responsive-16by9 index-img\"><iframe loading=\"lazy\" class=\"embed-responsive-item\" src=\"https:\/\/www.youtube.com\/embed\/QSnQt0oHdU0\" width=\"300\" height=\"150\" frameborder=\"0\" allowfullscreen=\"allowfullscreen\"><\/iframe><\/div>\n<p>&nbsp;<\/p>\n<p>Volvo A30D nin kabini s\u00fcr\u00fc\u015f kolayl\u0131\u011f\u0131 sa\u011flayacak \u015fekilde tasarlanm\u0131\u015ft\u0131r. Geni\u015f a\u00e7\u0131l\u0131 panoramik g\u00f6r\u00fcnt\u00fc, g\u00f6r\u00fc\u015f\u00fc ve dolay\u0131s\u0131 ile fark\u0131ndal\u0131\u011f\u0131 en y\u00fcksek seviyede tutar. Sade ve konforlu tasar\u0131m bu konuda s\u00fcr\u00fcc\u00fc ve operat\u00f6rlere destek olmaktad\u0131r.<\/p>\n","protected":false},"excerpt":{"rendered":"<p>&nbsp; Volvo A30D nin kabini s\u00fcr\u00fc\u015f kolayl\u0131\u011f\u0131 sa\u011flayacak \u015fekilde tasarlanm\u0131\u015ft\u0131r. Geni\u015f a\u00e7\u0131l\u0131 panoramik g\u00f6r\u00fcnt\u00fc, g\u00f6r\u00fc\u015f\u00fc ve dolay\u0131s\u0131 ile fark\u0131ndal\u0131\u011f\u0131 en y\u00fcksek seviyede tutar. Sade ve konforlu tasar\u0131m bu konuda s\u00fcr\u00fcc\u00fc ve operat\u00f6rlere destek olmaktad\u0131r.<\/p>\n","protected":false},"author":1,"featured_media":0,"parent":0,"menu_order":0,"comment_status":"closed","ping_status":"closed","template":"page-fullwidth.php","meta":{"footnotes":""},"class_list":["post-1162","page","type-page","status-publish","hentry"],"yoast_head":"<!-- This site is optimized with the Yoast SEO plugin v26.8 - https:\/\/yoast.com\/product\/yoast-seo-wordpress\/ -->\n<title>Volvo A30D&#039;nin Kabini S\u00fcr\u00fc\u015f Kolayl\u0131\u011f\u0131 Sa\u011flayacak \u015eekilde Tasarlanm\u0131\u015ft\u0131r - Eyli \u0130\u015f Makineleri<\/title>\n<meta name=\"robots\" content=\"index, follow, max-snippet:-1, max-image-preview:large, max-video-preview:-1\" \/>\n<link rel=\"canonical\" href=\"https:\/\/eyli.com.tr\/volvo-a30dnin-kabini-surus-kolayligi-saglayacak-sekilde-tasarlanmistir\/\" \/>\n<meta property=\"og:locale\" content=\"ru_RU\" \/>\n<meta property=\"og:type\" content=\"article\" \/>\n<meta property=\"og:title\" content=\"Volvo A30D&#039;nin Kabini S\u00fcr\u00fc\u015f Kolayl\u0131\u011f\u0131 Sa\u011flayacak \u015eekilde Tasarlanm\u0131\u015ft\u0131r - Eyli \u0130\u015f Makineleri\" \/>\n<meta property=\"og:description\" content=\"&nbsp; Volvo A30D nin kabini s\u00fcr\u00fc\u015f kolayl\u0131\u011f\u0131 sa\u011flayacak \u015fekilde tasarlanm\u0131\u015ft\u0131r. Geni\u015f a\u00e7\u0131l\u0131 panoramik g\u00f6r\u00fcnt\u00fc, g\u00f6r\u00fc\u015f\u00fc ve dolay\u0131s\u0131 ile fark\u0131ndal\u0131\u011f\u0131 en y\u00fcksek seviyede tutar. Sade ve konforlu tasar\u0131m bu konuda s\u00fcr\u00fcc\u00fc ve operat\u00f6rlere destek olmaktad\u0131r.\" \/>\n<meta property=\"og:url\" content=\"https:\/\/eyli.com.tr\/volvo-a30dnin-kabini-surus-kolayligi-saglayacak-sekilde-tasarlanmistir\/\" \/>\n<meta property=\"og:site_name\" content=\"Eyli \u0130\u015f Makineleri\" \/>\n<meta property=\"article:publisher\" content=\"https:\/\/www.facebook.com\/eylicomtr\" \/>\n<meta name=\"twitter:card\" content=\"summary_large_image\" \/>\n<script type=\"application\/ld+json\" class=\"yoast-schema-graph\">{\"@context\":\"https:\/\/schema.org\",\"@graph\":[{\"@type\":\"WebPage\",\"@id\":\"https:\/\/eyli.com.tr\/volvo-a30dnin-kabini-surus-kolayligi-saglayacak-sekilde-tasarlanmistir\/\",\"url\":\"https:\/\/eyli.com.tr\/volvo-a30dnin-kabini-surus-kolayligi-saglayacak-sekilde-tasarlanmistir\/\",\"name\":\"Volvo A30D'nin Kabini S\u00fcr\u00fc\u015f Kolayl\u0131\u011f\u0131 Sa\u011flayacak \u015eekilde Tasarlanm\u0131\u015ft\u0131r - Eyli \u0130\u015f Makineleri\",\"isPartOf\":{\"@id\":\"https:\/\/eyli.com.tr\/#website\"},\"datePublished\":\"2016-05-22T20:00:32+00:00\",\"breadcrumb\":{\"@id\":\"https:\/\/eyli.com.tr\/volvo-a30dnin-kabini-surus-kolayligi-saglayacak-sekilde-tasarlanmistir\/#breadcrumb\"},\"inLanguage\":\"ru-RU\",\"potentialAction\":[{\"@type\":\"ReadAction\",\"target\":[\"https:\/\/eyli.com.tr\/volvo-a30dnin-kabini-surus-kolayligi-saglayacak-sekilde-tasarlanmistir\/\"]}]},{\"@type\":\"BreadcrumbList\",\"@id\":\"https:\/\/eyli.com.tr\/volvo-a30dnin-kabini-surus-kolayligi-saglayacak-sekilde-tasarlanmistir\/#breadcrumb\",\"itemListElement\":[{\"@type\":\"ListItem\",\"position\":1,\"name\":\"Ana sayfa\",\"item\":\"https:\/\/eyli.com.tr\/\"},{\"@type\":\"ListItem\",\"position\":2,\"name\":\"Volvo A30D&#8217;nin Kabini S\u00fcr\u00fc\u015f Kolayl\u0131\u011f\u0131 Sa\u011flayacak \u015eekilde Tasarlanm\u0131\u015ft\u0131r\"}]},{\"@type\":\"WebSite\",\"@id\":\"https:\/\/eyli.com.tr\/#website\",\"url\":\"https:\/\/eyli.com.tr\/\",\"name\":\"Eyli \u0130\u015f Makineleri\",\"description\":\"\",\"publisher\":{\"@id\":\"https:\/\/eyli.com.tr\/#organization\"},\"potentialAction\":[{\"@type\":\"SearchAction\",\"target\":{\"@type\":\"EntryPoint\",\"urlTemplate\":\"https:\/\/eyli.com.tr\/?s={search_term_string}\"},\"query-input\":{\"@type\":\"PropertyValueSpecification\",\"valueRequired\":true,\"valueName\":\"search_term_string\"}}],\"inLanguage\":\"ru-RU\"},{\"@type\":\"Organization\",\"@id\":\"https:\/\/eyli.com.tr\/#organization\",\"name\":\"Eyli \u0130\u015f Makineleri\",\"url\":\"https:\/\/eyli.com.tr\/\",\"logo\":{\"@type\":\"ImageObject\",\"inLanguage\":\"ru-RU\",\"@id\":\"https:\/\/eyli.com.tr\/#\/schema\/logo\/image\/\",\"url\":\"https:\/\/eyli.com.tr\/wp-content\/uploads\/2020\/04\/WhatsApp-Image-2020-04-23-at-03.11.52-e1587829137284.jpeg\",\"contentUrl\":\"https:\/\/eyli.com.tr\/wp-content\/uploads\/2020\/04\/WhatsApp-Image-2020-04-23-at-03.11.52-e1587829137284.jpeg\",\"width\":1600,\"height\":900,\"caption\":\"Eyli \u0130\u015f Makineleri\"},\"image\":{\"@id\":\"https:\/\/eyli.com.tr\/#\/schema\/logo\/image\/\"},\"sameAs\":[\"https:\/\/www.facebook.com\/eylicomtr\"]}]}<\/script>\n<!-- \/ Yoast SEO plugin. -->","yoast_head_json":{"title":"Volvo A30D'nin Kabini S\u00fcr\u00fc\u015f Kolayl\u0131\u011f\u0131 Sa\u011flayacak \u015eekilde Tasarlanm\u0131\u015ft\u0131r - Eyli \u0130\u015f Makineleri","robots":{"index":"index","follow":"follow","max-snippet":"max-snippet:-1","max-image-preview":"max-image-preview:large","max-video-preview":"max-video-preview:-1"},"canonical":"https:\/\/eyli.com.tr\/volvo-a30dnin-kabini-surus-kolayligi-saglayacak-sekilde-tasarlanmistir\/","og_locale":"ru_RU","og_type":"article","og_title":"Volvo A30D'nin Kabini S\u00fcr\u00fc\u015f Kolayl\u0131\u011f\u0131 Sa\u011flayacak \u015eekilde Tasarlanm\u0131\u015ft\u0131r - Eyli \u0130\u015f Makineleri","og_description":"&nbsp; Volvo A30D nin kabini s\u00fcr\u00fc\u015f kolayl\u0131\u011f\u0131 sa\u011flayacak \u015fekilde tasarlanm\u0131\u015ft\u0131r. Geni\u015f a\u00e7\u0131l\u0131 panoramik g\u00f6r\u00fcnt\u00fc, g\u00f6r\u00fc\u015f\u00fc ve dolay\u0131s\u0131 ile fark\u0131ndal\u0131\u011f\u0131 en y\u00fcksek seviyede tutar. Sade ve konforlu tasar\u0131m bu konuda s\u00fcr\u00fcc\u00fc ve operat\u00f6rlere destek olmaktad\u0131r.","og_url":"https:\/\/eyli.com.tr\/volvo-a30dnin-kabini-surus-kolayligi-saglayacak-sekilde-tasarlanmistir\/","og_site_name":"Eyli \u0130\u015f Makineleri","article_publisher":"https:\/\/www.facebook.com\/eylicomtr","twitter_card":"summary_large_image","schema":{"@context":"https:\/\/schema.org","@graph":[{"@type":"WebPage","@id":"https:\/\/eyli.com.tr\/volvo-a30dnin-kabini-surus-kolayligi-saglayacak-sekilde-tasarlanmistir\/","url":"https:\/\/eyli.com.tr\/volvo-a30dnin-kabini-surus-kolayligi-saglayacak-sekilde-tasarlanmistir\/","name":"Volvo A30D'nin Kabini S\u00fcr\u00fc\u015f Kolayl\u0131\u011f\u0131 Sa\u011flayacak \u015eekilde Tasarlanm\u0131\u015ft\u0131r - Eyli \u0130\u015f Makineleri","isPartOf":{"@id":"https:\/\/eyli.com.tr\/#website"},"datePublished":"2016-05-22T20:00:32+00:00","breadcrumb":{"@id":"https:\/\/eyli.com.tr\/volvo-a30dnin-kabini-surus-kolayligi-saglayacak-sekilde-tasarlanmistir\/#breadcrumb"},"inLanguage":"ru-RU","potentialAction":[{"@type":"ReadAction","target":["https:\/\/eyli.com.tr\/volvo-a30dnin-kabini-surus-kolayligi-saglayacak-sekilde-tasarlanmistir\/"]}]},{"@type":"BreadcrumbList","@id":"https:\/\/eyli.com.tr\/volvo-a30dnin-kabini-surus-kolayligi-saglayacak-sekilde-tasarlanmistir\/#breadcrumb","itemListElement":[{"@type":"ListItem","position":1,"name":"Ana sayfa","item":"https:\/\/eyli.com.tr\/"},{"@type":"ListItem","position":2,"name":"Volvo A30D&#8217;nin Kabini S\u00fcr\u00fc\u015f Kolayl\u0131\u011f\u0131 Sa\u011flayacak \u015eekilde Tasarlanm\u0131\u015ft\u0131r"}]},{"@type":"WebSite","@id":"https:\/\/eyli.com.tr\/#website","url":"https:\/\/eyli.com.tr\/","name":"Eyli \u0130\u015f Makineleri","description":"","publisher":{"@id":"https:\/\/eyli.com.tr\/#organization"},"potentialAction":[{"@type":"SearchAction","target":{"@type":"EntryPoint","urlTemplate":"https:\/\/eyli.com.tr\/?s={search_term_string}"},"query-input":{"@type":"PropertyValueSpecification","valueRequired":true,"valueName":"search_term_string"}}],"inLanguage":"ru-RU"},{"@type":"Organization","@id":"https:\/\/eyli.com.tr\/#organization","name":"Eyli \u0130\u015f Makineleri","url":"https:\/\/eyli.com.tr\/","logo":{"@type":"ImageObject","inLanguage":"ru-RU","@id":"https:\/\/eyli.com.tr\/#\/schema\/logo\/image\/","url":"https:\/\/eyli.com.tr\/wp-content\/uploads\/2020\/04\/WhatsApp-Image-2020-04-23-at-03.11.52-e1587829137284.jpeg","contentUrl":"https:\/\/eyli.com.tr\/wp-content\/uploads\/2020\/04\/WhatsApp-Image-2020-04-23-at-03.11.52-e1587829137284.jpeg","width":1600,"height":900,"caption":"Eyli \u0130\u015f Makineleri"},"image":{"@id":"https:\/\/eyli.com.tr\/#\/schema\/logo\/image\/"},"sameAs":["https:\/\/www.facebook.com\/eylicomtr"]}]}},"_links":{"self":[{"href":"https:\/\/eyli.com.tr\/ru\/wp-json\/wp\/v2\/pages\/1162","targetHints":{"allow":["GET"]}}],"collection":[{"href":"https:\/\/eyli.com.tr\/ru\/wp-json\/wp\/v2\/pages"}],"about":[{"href":"https:\/\/eyli.com.tr\/ru\/wp-json\/wp\/v2\/types\/page"}],"author":[{"embeddable":true,"href":"https:\/\/eyli.com.tr\/ru\/wp-json\/wp\/v2\/users\/1"}],"replies":[{"embeddable":true,"href":"https:\/\/eyli.com.tr\/ru\/wp-json\/wp\/v2\/comments?post=1162"}],"version-history":[{"count":1,"href":"https:\/\/eyli.com.tr\/ru\/wp-json\/wp\/v2\/pages\/1162\/revisions"}],"predecessor-version":[{"id":1172,"href":"https:\/\/eyli.com.tr\/ru\/wp-json\/wp\/v2\/pages\/1162\/revisions\/1172"}],"wp:attachment":[{"href":"https:\/\/eyli.com.tr\/ru\/wp-json\/wp\/v2\/media?parent=1162"}],"curies":[{"name":"wp","href":"https:\/\/api.w.org\/{rel}","templated":true}]}}