{"id":1067,"date":"2016-05-16T21:12:02","date_gmt":"2016-05-16T18:12:02","guid":{"rendered":"http:\/\/eyli.com.tr\/?page_id=1067"},"modified":"2016-10-10T17:51:03","modified_gmt":"2016-10-10T14:51:03","slug":"greyder-silindir-kapak","status":"publish","type":"page","link":"https:\/\/eyli.com.tr\/ru\/greyder-silindir-kapak\/","title":{"rendered":"\u0413\u043e\u043b\u043e\u0432\u043a\u0430 \u0446\u0438\u043b\u0438\u043d\u0434\u0440\u0430 \u0433\u0440\u0435\u0439\u0434\u0435\u0440\u0430"},"content":{"rendered":"<p><img loading=\"lazy\" decoding=\"async\" class=\"aligncenter size-full wp-image-1078\" src=\"http:\/\/eyli.com.tr\/wp-content\/uploads\/2016\/05\/greyder-silindir-kapak.png\" alt=\"greyder-silindir-kapak\" width=\"2976\" height=\"2102\" srcset=\"https:\/\/eyli.com.tr\/wp-content\/uploads\/2016\/05\/greyder-silindir-kapak.png 2976w, https:\/\/eyli.com.tr\/wp-content\/uploads\/2016\/05\/greyder-silindir-kapak-300x212.png 300w, https:\/\/eyli.com.tr\/wp-content\/uploads\/2016\/05\/greyder-silindir-kapak-768x542.png 768w, https:\/\/eyli.com.tr\/wp-content\/uploads\/2016\/05\/greyder-silindir-kapak-1024x723.png 1024w\" sizes=\"auto, (max-width: 2976px) 100vw, 2976px\" \/><\/p>\n<p>&nbsp;<\/p>\n<p>\u0417\u0430\u043f\u0447\u0430\u0441\u0442\u0438 \u0433\u043e\u043b\u043e\u0432\u043a\u0438 \u0446\u0438\u043b\u0438\u043d\u0434\u0440\u0430 \u0441\u0430\u043c\u043e\u0445\u043e\u0434\u043d\u043e\u0433\u043e \u0433\u0440\u0435\u0439\u0434\u0435\u0440\u0430 VOLVO<\/p>\n<table class=\"table table-bordered\">\n<tbody>\n<tr>\n<td>\u041f\u043e\u0437\u0438\u0446\u0438\u044f<\/td>\n<td>\u041d\u043e\u043c\u0435\u0440 \u0434\u0435\u0442\u0430\u043b\u0438<\/td>\n<td>\u041d\u0430\u0438\u043c\u0435\u043d\u043e\u0432\u0430\u043d\u0438\u0435 \u0437\u0430\u043f\u0447\u0430\u0441\u0442\u0438<\/td>\n<\/tr>\n<tr>\n<td><\/td>\n<td>VOE20489008<\/td>\n<td>\u0413\u043e\u043b\u043e\u0432\u043a\u0430 \u0446\u0438\u043b\u0438\u043d\u0434\u0440\u0430 -Cylinder head<\/td>\n<\/tr>\n<tr>\n<td>1<\/td>\n<td>VOE20459962<\/td>\n<td>\u2022Valve seat<\/td>\n<\/tr>\n<tr>\n<td>2<\/td>\n<td>VOE20459963<\/td>\n<td>\u2022Valve seat<\/td>\n<\/tr>\n<tr>\n<td>3<\/td>\n<td>VOE20412745<\/td>\n<td>\u2022Core Plug<\/td>\n<\/tr>\n<tr>\n<td>4<\/td>\n<td>VOE20412733<\/td>\n<td>\u2022Core Plug<\/td>\n<\/tr>\n<tr>\n<td>5<\/td>\n<td>VOE20405897<\/td>\n<td>\u2022Valve Guide<\/td>\n<\/tr>\n<tr>\n<td>6<\/td>\n<td>VOE11700348<\/td>\n<td>\u2022O-ring<\/td>\n<\/tr>\n<tr>\n<td>7<\/td>\n<td>VOE11700347<\/td>\n<td>\u2022Valve Spring<\/td>\n<\/tr>\n<tr>\n<td>8<\/td>\n<td>VOE11700346<\/td>\n<td>\u2022Washer<\/td>\n<\/tr>\n<\/tbody>\n<\/table>\n<p>\u0417\u0430\u043f\u0447\u0430\u0441\u0442\u0438 \u0433\u043e\u043b\u043e\u0432\u043a\u0438 \u0446\u0438\u043b\u0438\u043d\u0434\u0440\u0430 \u0441\u0430\u043c\u043e\u0445\u043e\u0434\u043d\u043e\u0433\u043e \u0433\u0440\u0435\u0439\u0434\u0435\u0440\u0430 VOLVO<\/p>\n<p>\u043e\u0442\u043d\u043e\u0441\u044f\u0442\u0441\u044f \u043a \u0443\u043a\u0430\u0437\u0430\u043d\u043d\u044b\u043c \u043d\u0438\u0436\u0435 \u043c\u043e\u0434\u0435\u043b\u044f\u043c <strong>\u0441\u0442\u0440\u043e\u0438\u0442\u0435\u043b\u044c\u043d\u043e\u0439 \u0442\u0435\u0445\u043d\u0438\u043a\u0438 VOLVO<\/strong>:<\/p>\n<p>G710B, G720B, G730B, G740B, G940B<\/p>","protected":false},"excerpt":{"rendered":"<p>&nbsp; \u0417\u0430\u043f\u0447\u0430\u0441\u0442\u0438 \u0433\u043e\u043b\u043e\u0432\u043a\u0438 \u0446\u0438\u043b\u0438\u043d\u0434\u0440\u0430 \u0441\u0430\u043c\u043e\u0445\u043e\u0434\u043d\u043e\u0433\u043e \u0433\u0440\u0435\u0439\u0434\u0435\u0440\u0430 VOLVO \u041f\u043e\u0437\u0438\u0446\u0438\u044f \u041d\u043e\u043c\u0435\u0440 \u0434\u0435\u0442\u0430\u043b\u0438 \u041d\u0430\u0438\u043c\u0435\u043d\u043e\u0432\u0430\u043d\u0438\u0435 \u0437\u0430\u043f\u0447\u0430\u0441\u0442\u0438 VOE20489008 \u0413\u043e\u043b\u043e\u0432\u043a\u0430 \u0446\u0438\u043b\u0438\u043d\u0434\u0440\u0430 -Cylinder head 1 VOE20459962 \u2022Valve seat 2 VOE20459963 \u2022Valve seat 3 VOE20412745 \u2022Core Plug 4 VOE20412733 \u2022Core Plug 5 VOE20405897 \u2022Valve Guide 6 VOE11700348 \u2022O-ring 7 VOE11700347 \u2022Valve Spring 8 VOE11700346 \u2022Washer \u0417\u0430\u043f\u0447\u0430\u0441\u0442\u0438 \u0433\u043e\u043b\u043e\u0432\u043a\u0438 \u0446\u0438\u043b\u0438\u043d\u0434\u0440\u0430 \u0441\u0430\u043c\u043e\u0445\u043e\u0434\u043d\u043e\u0433\u043e \u0433\u0440\u0435\u0439\u0434\u0435\u0440\u0430 VOLVO \u043e\u0442\u043d\u043e\u0441\u044f\u0442\u0441\u044f \u043a [&hellip;]<\/p>\n","protected":false},"author":1,"featured_media":0,"parent":0,"menu_order":0,"comment_status":"closed","ping_status":"closed","template":"page-fullwidth.php","meta":{"footnotes":""},"class_list":["post-1067","page","type-page","status-publish","hentry"],"yoast_head":"<!-- This site is optimized with the Yoast SEO plugin v26.8 - https:\/\/yoast.com\/product\/yoast-seo-wordpress\/ -->\n<title>VOLVO MOTORLU GREYDER S\u0130L\u0130ND\u0130R KAPAK YEDEK PAR\u00c7ALARI<\/title>\n<meta name=\"robots\" content=\"index, follow, max-snippet:-1, max-image-preview:large, max-video-preview:-1\" \/>\n<link rel=\"canonical\" href=\"https:\/\/eyli.com.tr\/greyder-silindir-kapak\/\" \/>\n<meta property=\"og:locale\" content=\"ru_RU\" \/>\n<meta property=\"og:type\" content=\"article\" \/>\n<meta property=\"og:title\" content=\"VOLVO MOTORLU GREYDER S\u0130L\u0130ND\u0130R KAPAK YEDEK PAR\u00c7ALARI\" \/>\n<meta property=\"og:description\" content=\"&nbsp; \u0417\u0430\u043f\u0447\u0430\u0441\u0442\u0438 \u0433\u043e\u043b\u043e\u0432\u043a\u0438 \u0446\u0438\u043b\u0438\u043d\u0434\u0440\u0430 \u0441\u0430\u043c\u043e\u0445\u043e\u0434\u043d\u043e\u0433\u043e \u0433\u0440\u0435\u0439\u0434\u0435\u0440\u0430 VOLVO \u041f\u043e\u0437\u0438\u0446\u0438\u044f \u041d\u043e\u043c\u0435\u0440 \u0434\u0435\u0442\u0430\u043b\u0438 \u041d\u0430\u0438\u043c\u0435\u043d\u043e\u0432\u0430\u043d\u0438\u0435 \u0437\u0430\u043f\u0447\u0430\u0441\u0442\u0438 VOE20489008 \u0413\u043e\u043b\u043e\u0432\u043a\u0430 \u0446\u0438\u043b\u0438\u043d\u0434\u0440\u0430 -Cylinder head 1 VOE20459962 \u2022Valve seat 2 VOE20459963 \u2022Valve seat 3 VOE20412745 \u2022Core Plug 4 VOE20412733 \u2022Core Plug 5 VOE20405897 \u2022Valve Guide 6 VOE11700348 \u2022O-ring 7 VOE11700347 \u2022Valve Spring 8 VOE11700346 \u2022Washer \u0417\u0430\u043f\u0447\u0430\u0441\u0442\u0438 \u0433\u043e\u043b\u043e\u0432\u043a\u0438 \u0446\u0438\u043b\u0438\u043d\u0434\u0440\u0430 \u0441\u0430\u043c\u043e\u0445\u043e\u0434\u043d\u043e\u0433\u043e \u0433\u0440\u0435\u0439\u0434\u0435\u0440\u0430 VOLVO \u043e\u0442\u043d\u043e\u0441\u044f\u0442\u0441\u044f \u043a [&hellip;]\" \/>\n<meta property=\"og:url\" content=\"https:\/\/eyli.com.tr\/greyder-silindir-kapak\/\" \/>\n<meta property=\"og:site_name\" content=\"Eyli \u0130\u015f Makineleri\" \/>\n<meta property=\"article:publisher\" content=\"https:\/\/www.facebook.com\/eylicomtr\" \/>\n<meta property=\"article:modified_time\" content=\"2016-10-10T14:51:03+00:00\" \/>\n<meta property=\"og:image\" content=\"http:\/\/eyli.com.tr\/wp-content\/uploads\/2016\/05\/greyder-silindir-kapak.png\" \/>\n<meta name=\"twitter:card\" content=\"summary_large_image\" \/>\n<meta name=\"twitter:label1\" content=\"\u041f\u0440\u0438\u043c\u0435\u0440\u043d\u043e\u0435 \u0432\u0440\u0435\u043c\u044f \u0434\u043b\u044f \u0447\u0442\u0435\u043d\u0438\u044f\" \/>\n\t<meta name=\"twitter:data1\" content=\"1 \u043c\u0438\u043d\u0443\u0442\u0430\" \/>\n<script type=\"application\/ld+json\" class=\"yoast-schema-graph\">{\"@context\":\"https:\/\/schema.org\",\"@graph\":[{\"@type\":\"WebPage\",\"@id\":\"https:\/\/eyli.com.tr\/greyder-silindir-kapak\/\",\"url\":\"https:\/\/eyli.com.tr\/greyder-silindir-kapak\/\",\"name\":\"VOLVO MOTORLU GREYDER S\u0130L\u0130ND\u0130R KAPAK YEDEK PAR\u00c7ALARI\",\"isPartOf\":{\"@id\":\"https:\/\/eyli.com.tr\/#website\"},\"primaryImageOfPage\":{\"@id\":\"https:\/\/eyli.com.tr\/greyder-silindir-kapak\/#primaryimage\"},\"image\":{\"@id\":\"https:\/\/eyli.com.tr\/greyder-silindir-kapak\/#primaryimage\"},\"thumbnailUrl\":\"http:\/\/eyli.com.tr\/wp-content\/uploads\/2016\/05\/greyder-silindir-kapak.png\",\"datePublished\":\"2016-05-16T18:12:02+00:00\",\"dateModified\":\"2016-10-10T14:51:03+00:00\",\"breadcrumb\":{\"@id\":\"https:\/\/eyli.com.tr\/greyder-silindir-kapak\/#breadcrumb\"},\"inLanguage\":\"ru-RU\",\"potentialAction\":[{\"@type\":\"ReadAction\",\"target\":[\"https:\/\/eyli.com.tr\/greyder-silindir-kapak\/\"]}]},{\"@type\":\"ImageObject\",\"inLanguage\":\"ru-RU\",\"@id\":\"https:\/\/eyli.com.tr\/greyder-silindir-kapak\/#primaryimage\",\"url\":\"http:\/\/eyli.com.tr\/wp-content\/uploads\/2016\/05\/greyder-silindir-kapak.png\",\"contentUrl\":\"http:\/\/eyli.com.tr\/wp-content\/uploads\/2016\/05\/greyder-silindir-kapak.png\"},{\"@type\":\"BreadcrumbList\",\"@id\":\"https:\/\/eyli.com.tr\/greyder-silindir-kapak\/#breadcrumb\",\"itemListElement\":[{\"@type\":\"ListItem\",\"position\":1,\"name\":\"Ana sayfa\",\"item\":\"https:\/\/eyli.com.tr\/\"},{\"@type\":\"ListItem\",\"position\":2,\"name\":\"Greyder Silindir Kapak\"}]},{\"@type\":\"WebSite\",\"@id\":\"https:\/\/eyli.com.tr\/#website\",\"url\":\"https:\/\/eyli.com.tr\/\",\"name\":\"Eyli \u0130\u015f Makineleri\",\"description\":\"\",\"publisher\":{\"@id\":\"https:\/\/eyli.com.tr\/#organization\"},\"potentialAction\":[{\"@type\":\"SearchAction\",\"target\":{\"@type\":\"EntryPoint\",\"urlTemplate\":\"https:\/\/eyli.com.tr\/?s={search_term_string}\"},\"query-input\":{\"@type\":\"PropertyValueSpecification\",\"valueRequired\":true,\"valueName\":\"search_term_string\"}}],\"inLanguage\":\"ru-RU\"},{\"@type\":\"Organization\",\"@id\":\"https:\/\/eyli.com.tr\/#organization\",\"name\":\"Eyli \u0130\u015f Makineleri\",\"url\":\"https:\/\/eyli.com.tr\/\",\"logo\":{\"@type\":\"ImageObject\",\"inLanguage\":\"ru-RU\",\"@id\":\"https:\/\/eyli.com.tr\/#\/schema\/logo\/image\/\",\"url\":\"https:\/\/eyli.com.tr\/wp-content\/uploads\/2020\/04\/WhatsApp-Image-2020-04-23-at-03.11.52-e1587829137284.jpeg\",\"contentUrl\":\"https:\/\/eyli.com.tr\/wp-content\/uploads\/2020\/04\/WhatsApp-Image-2020-04-23-at-03.11.52-e1587829137284.jpeg\",\"width\":1600,\"height\":900,\"caption\":\"Eyli \u0130\u015f Makineleri\"},\"image\":{\"@id\":\"https:\/\/eyli.com.tr\/#\/schema\/logo\/image\/\"},\"sameAs\":[\"https:\/\/www.facebook.com\/eylicomtr\"]}]}<\/script>\n<!-- \/ Yoast SEO plugin. -->","yoast_head_json":{"title":"VOLVO MOTORLU GREYDER S\u0130L\u0130ND\u0130R KAPAK YEDEK PAR\u00c7ALARI","robots":{"index":"index","follow":"follow","max-snippet":"max-snippet:-1","max-image-preview":"max-image-preview:large","max-video-preview":"max-video-preview:-1"},"canonical":"https:\/\/eyli.com.tr\/greyder-silindir-kapak\/","og_locale":"ru_RU","og_type":"article","og_title":"VOLVO MOTORLU GREYDER S\u0130L\u0130ND\u0130R KAPAK YEDEK PAR\u00c7ALARI","og_description":"&nbsp; \u0417\u0430\u043f\u0447\u0430\u0441\u0442\u0438 \u0433\u043e\u043b\u043e\u0432\u043a\u0438 \u0446\u0438\u043b\u0438\u043d\u0434\u0440\u0430 \u0441\u0430\u043c\u043e\u0445\u043e\u0434\u043d\u043e\u0433\u043e \u0433\u0440\u0435\u0439\u0434\u0435\u0440\u0430 VOLVO \u041f\u043e\u0437\u0438\u0446\u0438\u044f \u041d\u043e\u043c\u0435\u0440 \u0434\u0435\u0442\u0430\u043b\u0438 \u041d\u0430\u0438\u043c\u0435\u043d\u043e\u0432\u0430\u043d\u0438\u0435 \u0437\u0430\u043f\u0447\u0430\u0441\u0442\u0438 VOE20489008 \u0413\u043e\u043b\u043e\u0432\u043a\u0430 \u0446\u0438\u043b\u0438\u043d\u0434\u0440\u0430 -Cylinder head 1 VOE20459962 \u2022Valve seat 2 VOE20459963 \u2022Valve seat 3 VOE20412745 \u2022Core Plug 4 VOE20412733 \u2022Core Plug 5 VOE20405897 \u2022Valve Guide 6 VOE11700348 \u2022O-ring 7 VOE11700347 \u2022Valve Spring 8 VOE11700346 \u2022Washer \u0417\u0430\u043f\u0447\u0430\u0441\u0442\u0438 \u0433\u043e\u043b\u043e\u0432\u043a\u0438 \u0446\u0438\u043b\u0438\u043d\u0434\u0440\u0430 \u0441\u0430\u043c\u043e\u0445\u043e\u0434\u043d\u043e\u0433\u043e \u0433\u0440\u0435\u0439\u0434\u0435\u0440\u0430 VOLVO \u043e\u0442\u043d\u043e\u0441\u044f\u0442\u0441\u044f \u043a [&hellip;]","og_url":"https:\/\/eyli.com.tr\/greyder-silindir-kapak\/","og_site_name":"Eyli \u0130\u015f Makineleri","article_publisher":"https:\/\/www.facebook.com\/eylicomtr","article_modified_time":"2016-10-10T14:51:03+00:00","og_image":[{"url":"http:\/\/eyli.com.tr\/wp-content\/uploads\/2016\/05\/greyder-silindir-kapak.png","type":"","width":"","height":""}],"twitter_card":"summary_large_image","twitter_misc":{"\u041f\u0440\u0438\u043c\u0435\u0440\u043d\u043e\u0435 \u0432\u0440\u0435\u043c\u044f \u0434\u043b\u044f \u0447\u0442\u0435\u043d\u0438\u044f":"1 \u043c\u0438\u043d\u0443\u0442\u0430"},"schema":{"@context":"https:\/\/schema.org","@graph":[{"@type":"WebPage","@id":"https:\/\/eyli.com.tr\/greyder-silindir-kapak\/","url":"https:\/\/eyli.com.tr\/greyder-silindir-kapak\/","name":"VOLVO MOTORLU GREYDER S\u0130L\u0130ND\u0130R KAPAK YEDEK PAR\u00c7ALARI","isPartOf":{"@id":"https:\/\/eyli.com.tr\/#website"},"primaryImageOfPage":{"@id":"https:\/\/eyli.com.tr\/greyder-silindir-kapak\/#primaryimage"},"image":{"@id":"https:\/\/eyli.com.tr\/greyder-silindir-kapak\/#primaryimage"},"thumbnailUrl":"http:\/\/eyli.com.tr\/wp-content\/uploads\/2016\/05\/greyder-silindir-kapak.png","datePublished":"2016-05-16T18:12:02+00:00","dateModified":"2016-10-10T14:51:03+00:00","breadcrumb":{"@id":"https:\/\/eyli.com.tr\/greyder-silindir-kapak\/#breadcrumb"},"inLanguage":"ru-RU","potentialAction":[{"@type":"ReadAction","target":["https:\/\/eyli.com.tr\/greyder-silindir-kapak\/"]}]},{"@type":"ImageObject","inLanguage":"ru-RU","@id":"https:\/\/eyli.com.tr\/greyder-silindir-kapak\/#primaryimage","url":"http:\/\/eyli.com.tr\/wp-content\/uploads\/2016\/05\/greyder-silindir-kapak.png","contentUrl":"http:\/\/eyli.com.tr\/wp-content\/uploads\/2016\/05\/greyder-silindir-kapak.png"},{"@type":"BreadcrumbList","@id":"https:\/\/eyli.com.tr\/greyder-silindir-kapak\/#breadcrumb","itemListElement":[{"@type":"ListItem","position":1,"name":"Ana sayfa","item":"https:\/\/eyli.com.tr\/"},{"@type":"ListItem","position":2,"name":"Greyder Silindir Kapak"}]},{"@type":"WebSite","@id":"https:\/\/eyli.com.tr\/#website","url":"https:\/\/eyli.com.tr\/","name":"Eyli \u0130\u015f Makineleri","description":"","publisher":{"@id":"https:\/\/eyli.com.tr\/#organization"},"potentialAction":[{"@type":"SearchAction","target":{"@type":"EntryPoint","urlTemplate":"https:\/\/eyli.com.tr\/?s={search_term_string}"},"query-input":{"@type":"PropertyValueSpecification","valueRequired":true,"valueName":"search_term_string"}}],"inLanguage":"ru-RU"},{"@type":"Organization","@id":"https:\/\/eyli.com.tr\/#organization","name":"Eyli \u0130\u015f Makineleri","url":"https:\/\/eyli.com.tr\/","logo":{"@type":"ImageObject","inLanguage":"ru-RU","@id":"https:\/\/eyli.com.tr\/#\/schema\/logo\/image\/","url":"https:\/\/eyli.com.tr\/wp-content\/uploads\/2020\/04\/WhatsApp-Image-2020-04-23-at-03.11.52-e1587829137284.jpeg","contentUrl":"https:\/\/eyli.com.tr\/wp-content\/uploads\/2020\/04\/WhatsApp-Image-2020-04-23-at-03.11.52-e1587829137284.jpeg","width":1600,"height":900,"caption":"Eyli \u0130\u015f Makineleri"},"image":{"@id":"https:\/\/eyli.com.tr\/#\/schema\/logo\/image\/"},"sameAs":["https:\/\/www.facebook.com\/eylicomtr"]}]}},"_links":{"self":[{"href":"https:\/\/eyli.com.tr\/ru\/wp-json\/wp\/v2\/pages\/1067","targetHints":{"allow":["GET"]}}],"collection":[{"href":"https:\/\/eyli.com.tr\/ru\/wp-json\/wp\/v2\/pages"}],"about":[{"href":"https:\/\/eyli.com.tr\/ru\/wp-json\/wp\/v2\/types\/page"}],"author":[{"embeddable":true,"href":"https:\/\/eyli.com.tr\/ru\/wp-json\/wp\/v2\/users\/1"}],"replies":[{"embeddable":true,"href":"https:\/\/eyli.com.tr\/ru\/wp-json\/wp\/v2\/comments?post=1067"}],"version-history":[{"count":4,"href":"https:\/\/eyli.com.tr\/ru\/wp-json\/wp\/v2\/pages\/1067\/revisions"}],"predecessor-version":[{"id":1655,"href":"https:\/\/eyli.com.tr\/ru\/wp-json\/wp\/v2\/pages\/1067\/revisions\/1655"}],"wp:attachment":[{"href":"https:\/\/eyli.com.tr\/ru\/wp-json\/wp\/v2\/media?parent=1067"}],"curies":[{"name":"wp","href":"https:\/\/api.w.org\/{rel}","templated":true}]}}