{"id":997,"date":"2016-05-14T16:25:36","date_gmt":"2016-05-14T13:25:36","guid":{"rendered":"http:\/\/eyli.com.tr\/?page_id=997"},"modified":"2016-10-12T23:30:31","modified_gmt":"2016-10-12T20:30:31","slug":"tekerlekli-yukleyici-turbo","status":"publish","type":"page","link":"https:\/\/eyli.com.tr\/en\/tekerlekli-yukleyici-turbo\/","title":{"rendered":"Wheeled Loader Turbo"},"content":{"rendered":"<p><img loading=\"lazy\" decoding=\"async\" class=\"aligncenter size-full wp-image-1024\" src=\"http:\/\/eyli.com.tr\/wp-content\/uploads\/2016\/05\/tekerlekli-yukleyici-turbo.png\" alt=\"tekerlekli-yukleyici-turbo\" width=\"2977\" height=\"2103\" srcset=\"https:\/\/eyli.com.tr\/wp-content\/uploads\/2016\/05\/tekerlekli-yukleyici-turbo.png 2977w, https:\/\/eyli.com.tr\/wp-content\/uploads\/2016\/05\/tekerlekli-yukleyici-turbo-300x212.png 300w, https:\/\/eyli.com.tr\/wp-content\/uploads\/2016\/05\/tekerlekli-yukleyici-turbo-768x543.png 768w, https:\/\/eyli.com.tr\/wp-content\/uploads\/2016\/05\/tekerlekli-yukleyici-turbo-1024x723.png 1024w\" sizes=\"auto, (max-width: 2977px) 100vw, 2977px\" \/><\/p>\n<p>&nbsp;<\/p>\n<p><strong>Volvo Wheeled Loader Turbo Spare Parts<\/strong><\/p>\n<table class=\"table table-bordered\">\n<tbody>\n<tr>\n<td>Pos<\/td>\n<td>Parts\u00a0No<\/td>\n<td>Spare Parts Name<\/td>\n<\/tr>\n<tr>\n<td>1<\/td>\n<td>VOE15173201<\/td>\n<td>Turbo-Turbocharger<\/td>\n<\/tr>\n<tr>\n<td>2<\/td>\n<td>VOE15186777<\/td>\n<td>Pipe set<\/td>\n<\/tr>\n<tr>\n<td>3<\/td>\n<td>VOE13975269<\/td>\n<td>Clamp<\/td>\n<\/tr>\n<tr>\n<td>4<\/td>\n<td>VOE7018368<\/td>\n<td>Clamp<\/td>\n<\/tr>\n<tr>\n<td>5<\/td>\n<td>VOE946440<\/td>\n<td>Flange screw<\/td>\n<\/tr>\n<tr>\n<td>6<\/td>\n<td><\/td>\n<td>Manifold-Exh Manifold<\/td>\n<\/tr>\n<tr>\n<td>7<\/td>\n<td>VOE20784537<\/td>\n<td>Gasket<\/td>\n<\/tr>\n<tr>\n<td>8<\/td>\n<td>VOE21345127<\/td>\n<td>Stud<\/td>\n<\/tr>\n<tr>\n<td>9<\/td>\n<td>VOE20573472<\/td>\n<td>Spacer sleeve<\/td>\n<\/tr>\n<tr>\n<td>10<\/td>\n<td>VOE1543499<\/td>\n<td>Flange nut<\/td>\n<\/tr>\n<tr>\n<td>11<\/td>\n<td>VOE15125329<\/td>\n<td>Pressure hose<\/td>\n<\/tr>\n<tr>\n<td>12<\/td>\n<td>VOE190714<\/td>\n<td>\u2022Hollow screw<\/td>\n<\/tr>\n<tr>\n<td>13<\/td>\n<td>VOE977935<\/td>\n<td>\u2022Gasket<\/td>\n<\/tr>\n<tr>\n<td>14<\/td>\n<td>VOE1636309<\/td>\n<td>\u2022Sealing ring<\/td>\n<\/tr>\n<tr>\n<td>15<\/td>\n<td>VOE13949853<\/td>\n<td>Flange screw<\/td>\n<\/tr>\n<tr>\n<td>16<\/td>\n<td>VOE15183075<\/td>\n<td>Oil return pipe<\/td>\n<\/tr>\n<tr>\n<td>17<\/td>\n<td>VOE470993<\/td>\n<td>Gasket<\/td>\n<\/tr>\n<tr>\n<td>18<\/td>\n<td>VOE13949853<\/td>\n<td>Flange screw<\/td>\n<\/tr>\n<tr>\n<td>19<\/td>\n<td>VOE21092243<\/td>\n<td>Sealing ring<\/td>\n<\/tr>\n<tr>\n<td>20<\/td>\n<td>VOE945444<\/td>\n<td>Flange screw<\/td>\n<\/tr>\n<tr>\n<td>21<\/td>\n<td>VOE15186953<\/td>\n<td>Diffuser<\/td>\n<\/tr>\n<tr>\n<td>22<\/td>\n<td>VOE21211715<\/td>\n<td>V-clamp<\/td>\n<\/tr>\n<tr>\n<td>23<\/td>\n<td>VOE13973924<\/td>\n<td>Flange screw<\/td>\n<\/tr>\n<tr>\n<td>24<\/td>\n<td>VOE948645<\/td>\n<td>Flange lock nut<\/td>\n<\/tr>\n<tr>\n<td>25<\/td>\n<td>VOE15086771<\/td>\n<td>Charge air pipe<\/td>\n<\/tr>\n<tr>\n<td>26<\/td>\n<td>VOE15185096<\/td>\n<td>Charge air hose<\/td>\n<\/tr>\n<tr>\n<td>27<\/td>\n<td>VOE20592787<\/td>\n<td>Clamp<\/td>\n<\/tr>\n<tr>\n<td>28<\/td>\n<td>VOE993471<\/td>\n<td>Flange screw<\/td>\n<\/tr>\n<\/tbody>\n<\/table>\n<p><strong>Volvo Wheeled Loader Turbo Spare Parts are applicable to the Volvo Construction Machines, indicated below;<\/strong><\/p>\n<p>L120E, L120F, L120G,L150E, L150F,L150G,L180E,L180F,L180G,L220E,L220F,L220G,L250G,L330C,L350F<\/p>","protected":false},"excerpt":{"rendered":"<p>&nbsp; Volvo Wheeled Loader Turbo Spare Parts Pos Parts\u00a0No Spare Parts Name 1 VOE15173201 Turbo-Turbocharger 2 VOE15186777 Pipe set 3 VOE13975269 Clamp 4 VOE7018368 Clamp 5 VOE946440 Flange screw 6 Manifold-Exh Manifold 7 VOE20784537 Gasket 8 VOE21345127 Stud 9 VOE20573472 Spacer sleeve 10 VOE1543499 Flange nut 11 VOE15125329 Pressure hose 12 VOE190714 \u2022Hollow screw 13 [&hellip;]<\/p>\n","protected":false},"author":1,"featured_media":0,"parent":0,"menu_order":0,"comment_status":"closed","ping_status":"closed","template":"page-fullwidth.php","meta":{"footnotes":""},"class_list":["post-997","page","type-page","status-publish","hentry"],"yoast_head":"<!-- This site is optimized with the Yoast SEO plugin v26.8 - https:\/\/yoast.com\/product\/yoast-seo-wordpress\/ -->\n<title>VOLVO TEKERLEKL\u0130 Y\u00dcKLEY\u0130C\u0130 TURBO YEDEK PAR\u00c7ALARI<\/title>\n<meta name=\"robots\" content=\"index, follow, max-snippet:-1, max-image-preview:large, max-video-preview:-1\" \/>\n<link rel=\"canonical\" href=\"https:\/\/eyli.com.tr\/tekerlekli-yukleyici-turbo\/\" \/>\n<meta property=\"og:locale\" content=\"en_US\" \/>\n<meta property=\"og:type\" content=\"article\" \/>\n<meta property=\"og:title\" content=\"VOLVO TEKERLEKL\u0130 Y\u00dcKLEY\u0130C\u0130 TURBO YEDEK PAR\u00c7ALARI\" \/>\n<meta property=\"og:description\" content=\"&nbsp; Volvo Wheeled Loader Turbo Spare Parts Pos Parts\u00a0No Spare Parts Name 1 VOE15173201 Turbo-Turbocharger 2 VOE15186777 Pipe set 3 VOE13975269 Clamp 4 VOE7018368 Clamp 5 VOE946440 Flange screw 6 Manifold-Exh Manifold 7 VOE20784537 Gasket 8 VOE21345127 Stud 9 VOE20573472 Spacer sleeve 10 VOE1543499 Flange nut 11 VOE15125329 Pressure hose 12 VOE190714 \u2022Hollow screw 13 [&hellip;]\" \/>\n<meta property=\"og:url\" content=\"https:\/\/eyli.com.tr\/tekerlekli-yukleyici-turbo\/\" \/>\n<meta property=\"og:site_name\" content=\"Eyli \u0130\u015f Makineleri\" \/>\n<meta property=\"article:publisher\" content=\"https:\/\/www.facebook.com\/eylicomtr\" \/>\n<meta property=\"article:modified_time\" content=\"2016-10-12T20:30:31+00:00\" \/>\n<meta property=\"og:image\" content=\"http:\/\/eyli.com.tr\/wp-content\/uploads\/2016\/05\/tekerlekli-yukleyici-turbo.png\" \/>\n<meta name=\"twitter:card\" content=\"summary_large_image\" \/>\n<meta name=\"twitter:label1\" content=\"Est. reading time\" \/>\n\t<meta name=\"twitter:data1\" content=\"2 minutes\" \/>\n<script type=\"application\/ld+json\" class=\"yoast-schema-graph\">{\"@context\":\"https:\/\/schema.org\",\"@graph\":[{\"@type\":\"WebPage\",\"@id\":\"https:\/\/eyli.com.tr\/tekerlekli-yukleyici-turbo\/\",\"url\":\"https:\/\/eyli.com.tr\/tekerlekli-yukleyici-turbo\/\",\"name\":\"VOLVO TEKERLEKL\u0130 Y\u00dcKLEY\u0130C\u0130 TURBO YEDEK PAR\u00c7ALARI\",\"isPartOf\":{\"@id\":\"https:\/\/eyli.com.tr\/#website\"},\"primaryImageOfPage\":{\"@id\":\"https:\/\/eyli.com.tr\/tekerlekli-yukleyici-turbo\/#primaryimage\"},\"image\":{\"@id\":\"https:\/\/eyli.com.tr\/tekerlekli-yukleyici-turbo\/#primaryimage\"},\"thumbnailUrl\":\"http:\/\/eyli.com.tr\/wp-content\/uploads\/2016\/05\/tekerlekli-yukleyici-turbo.png\",\"datePublished\":\"2016-05-14T13:25:36+00:00\",\"dateModified\":\"2016-10-12T20:30:31+00:00\",\"breadcrumb\":{\"@id\":\"https:\/\/eyli.com.tr\/tekerlekli-yukleyici-turbo\/#breadcrumb\"},\"inLanguage\":\"en-US\",\"potentialAction\":[{\"@type\":\"ReadAction\",\"target\":[\"https:\/\/eyli.com.tr\/tekerlekli-yukleyici-turbo\/\"]}]},{\"@type\":\"ImageObject\",\"inLanguage\":\"en-US\",\"@id\":\"https:\/\/eyli.com.tr\/tekerlekli-yukleyici-turbo\/#primaryimage\",\"url\":\"http:\/\/eyli.com.tr\/wp-content\/uploads\/2016\/05\/tekerlekli-yukleyici-turbo.png\",\"contentUrl\":\"http:\/\/eyli.com.tr\/wp-content\/uploads\/2016\/05\/tekerlekli-yukleyici-turbo.png\"},{\"@type\":\"BreadcrumbList\",\"@id\":\"https:\/\/eyli.com.tr\/tekerlekli-yukleyici-turbo\/#breadcrumb\",\"itemListElement\":[{\"@type\":\"ListItem\",\"position\":1,\"name\":\"Ana sayfa\",\"item\":\"https:\/\/eyli.com.tr\/\"},{\"@type\":\"ListItem\",\"position\":2,\"name\":\"Tekerlekli Y\u00fckleyici Turbo\"}]},{\"@type\":\"WebSite\",\"@id\":\"https:\/\/eyli.com.tr\/#website\",\"url\":\"https:\/\/eyli.com.tr\/\",\"name\":\"Eyli \u0130\u015f Makineleri\",\"description\":\"\",\"publisher\":{\"@id\":\"https:\/\/eyli.com.tr\/#organization\"},\"potentialAction\":[{\"@type\":\"SearchAction\",\"target\":{\"@type\":\"EntryPoint\",\"urlTemplate\":\"https:\/\/eyli.com.tr\/?s={search_term_string}\"},\"query-input\":{\"@type\":\"PropertyValueSpecification\",\"valueRequired\":true,\"valueName\":\"search_term_string\"}}],\"inLanguage\":\"en-US\"},{\"@type\":\"Organization\",\"@id\":\"https:\/\/eyli.com.tr\/#organization\",\"name\":\"Eyli \u0130\u015f Makineleri\",\"url\":\"https:\/\/eyli.com.tr\/\",\"logo\":{\"@type\":\"ImageObject\",\"inLanguage\":\"en-US\",\"@id\":\"https:\/\/eyli.com.tr\/#\/schema\/logo\/image\/\",\"url\":\"https:\/\/eyli.com.tr\/wp-content\/uploads\/2020\/04\/WhatsApp-Image-2020-04-23-at-03.11.52-e1587829137284.jpeg\",\"contentUrl\":\"https:\/\/eyli.com.tr\/wp-content\/uploads\/2020\/04\/WhatsApp-Image-2020-04-23-at-03.11.52-e1587829137284.jpeg\",\"width\":1600,\"height\":900,\"caption\":\"Eyli \u0130\u015f Makineleri\"},\"image\":{\"@id\":\"https:\/\/eyli.com.tr\/#\/schema\/logo\/image\/\"},\"sameAs\":[\"https:\/\/www.facebook.com\/eylicomtr\"]}]}<\/script>\n<!-- \/ Yoast SEO plugin. -->","yoast_head_json":{"title":"VOLVO TEKERLEKL\u0130 Y\u00dcKLEY\u0130C\u0130 TURBO YEDEK PAR\u00c7ALARI","robots":{"index":"index","follow":"follow","max-snippet":"max-snippet:-1","max-image-preview":"max-image-preview:large","max-video-preview":"max-video-preview:-1"},"canonical":"https:\/\/eyli.com.tr\/tekerlekli-yukleyici-turbo\/","og_locale":"en_US","og_type":"article","og_title":"VOLVO TEKERLEKL\u0130 Y\u00dcKLEY\u0130C\u0130 TURBO YEDEK PAR\u00c7ALARI","og_description":"&nbsp; Volvo Wheeled Loader Turbo Spare Parts Pos Parts\u00a0No Spare Parts Name 1 VOE15173201 Turbo-Turbocharger 2 VOE15186777 Pipe set 3 VOE13975269 Clamp 4 VOE7018368 Clamp 5 VOE946440 Flange screw 6 Manifold-Exh Manifold 7 VOE20784537 Gasket 8 VOE21345127 Stud 9 VOE20573472 Spacer sleeve 10 VOE1543499 Flange nut 11 VOE15125329 Pressure hose 12 VOE190714 \u2022Hollow screw 13 [&hellip;]","og_url":"https:\/\/eyli.com.tr\/tekerlekli-yukleyici-turbo\/","og_site_name":"Eyli \u0130\u015f Makineleri","article_publisher":"https:\/\/www.facebook.com\/eylicomtr","article_modified_time":"2016-10-12T20:30:31+00:00","og_image":[{"url":"http:\/\/eyli.com.tr\/wp-content\/uploads\/2016\/05\/tekerlekli-yukleyici-turbo.png","type":"","width":"","height":""}],"twitter_card":"summary_large_image","twitter_misc":{"Est. reading time":"2 minutes"},"schema":{"@context":"https:\/\/schema.org","@graph":[{"@type":"WebPage","@id":"https:\/\/eyli.com.tr\/tekerlekli-yukleyici-turbo\/","url":"https:\/\/eyli.com.tr\/tekerlekli-yukleyici-turbo\/","name":"VOLVO TEKERLEKL\u0130 Y\u00dcKLEY\u0130C\u0130 TURBO YEDEK PAR\u00c7ALARI","isPartOf":{"@id":"https:\/\/eyli.com.tr\/#website"},"primaryImageOfPage":{"@id":"https:\/\/eyli.com.tr\/tekerlekli-yukleyici-turbo\/#primaryimage"},"image":{"@id":"https:\/\/eyli.com.tr\/tekerlekli-yukleyici-turbo\/#primaryimage"},"thumbnailUrl":"http:\/\/eyli.com.tr\/wp-content\/uploads\/2016\/05\/tekerlekli-yukleyici-turbo.png","datePublished":"2016-05-14T13:25:36+00:00","dateModified":"2016-10-12T20:30:31+00:00","breadcrumb":{"@id":"https:\/\/eyli.com.tr\/tekerlekli-yukleyici-turbo\/#breadcrumb"},"inLanguage":"en-US","potentialAction":[{"@type":"ReadAction","target":["https:\/\/eyli.com.tr\/tekerlekli-yukleyici-turbo\/"]}]},{"@type":"ImageObject","inLanguage":"en-US","@id":"https:\/\/eyli.com.tr\/tekerlekli-yukleyici-turbo\/#primaryimage","url":"http:\/\/eyli.com.tr\/wp-content\/uploads\/2016\/05\/tekerlekli-yukleyici-turbo.png","contentUrl":"http:\/\/eyli.com.tr\/wp-content\/uploads\/2016\/05\/tekerlekli-yukleyici-turbo.png"},{"@type":"BreadcrumbList","@id":"https:\/\/eyli.com.tr\/tekerlekli-yukleyici-turbo\/#breadcrumb","itemListElement":[{"@type":"ListItem","position":1,"name":"Ana sayfa","item":"https:\/\/eyli.com.tr\/"},{"@type":"ListItem","position":2,"name":"Tekerlekli Y\u00fckleyici Turbo"}]},{"@type":"WebSite","@id":"https:\/\/eyli.com.tr\/#website","url":"https:\/\/eyli.com.tr\/","name":"Eyli \u0130\u015f Makineleri","description":"","publisher":{"@id":"https:\/\/eyli.com.tr\/#organization"},"potentialAction":[{"@type":"SearchAction","target":{"@type":"EntryPoint","urlTemplate":"https:\/\/eyli.com.tr\/?s={search_term_string}"},"query-input":{"@type":"PropertyValueSpecification","valueRequired":true,"valueName":"search_term_string"}}],"inLanguage":"en-US"},{"@type":"Organization","@id":"https:\/\/eyli.com.tr\/#organization","name":"Eyli \u0130\u015f Makineleri","url":"https:\/\/eyli.com.tr\/","logo":{"@type":"ImageObject","inLanguage":"en-US","@id":"https:\/\/eyli.com.tr\/#\/schema\/logo\/image\/","url":"https:\/\/eyli.com.tr\/wp-content\/uploads\/2020\/04\/WhatsApp-Image-2020-04-23-at-03.11.52-e1587829137284.jpeg","contentUrl":"https:\/\/eyli.com.tr\/wp-content\/uploads\/2020\/04\/WhatsApp-Image-2020-04-23-at-03.11.52-e1587829137284.jpeg","width":1600,"height":900,"caption":"Eyli \u0130\u015f Makineleri"},"image":{"@id":"https:\/\/eyli.com.tr\/#\/schema\/logo\/image\/"},"sameAs":["https:\/\/www.facebook.com\/eylicomtr"]}]}},"_links":{"self":[{"href":"https:\/\/eyli.com.tr\/en\/wp-json\/wp\/v2\/pages\/997","targetHints":{"allow":["GET"]}}],"collection":[{"href":"https:\/\/eyli.com.tr\/en\/wp-json\/wp\/v2\/pages"}],"about":[{"href":"https:\/\/eyli.com.tr\/en\/wp-json\/wp\/v2\/types\/page"}],"author":[{"embeddable":true,"href":"https:\/\/eyli.com.tr\/en\/wp-json\/wp\/v2\/users\/1"}],"replies":[{"embeddable":true,"href":"https:\/\/eyli.com.tr\/en\/wp-json\/wp\/v2\/comments?post=997"}],"version-history":[{"count":5,"href":"https:\/\/eyli.com.tr\/en\/wp-json\/wp\/v2\/pages\/997\/revisions"}],"predecessor-version":[{"id":1709,"href":"https:\/\/eyli.com.tr\/en\/wp-json\/wp\/v2\/pages\/997\/revisions\/1709"}],"wp:attachment":[{"href":"https:\/\/eyli.com.tr\/en\/wp-json\/wp\/v2\/media?parent=997"}],"curies":[{"name":"wp","href":"https:\/\/api.w.org\/{rel}","templated":true}]}}