{"id":993,"date":"2016-05-14T16:29:45","date_gmt":"2016-05-14T13:29:45","guid":{"rendered":"http:\/\/eyli.com.tr\/?page_id=993"},"modified":"2016-10-12T20:56:30","modified_gmt":"2016-10-12T17:56:30","slug":"tekerlekli-yukleyici-silindir-kapak-contasi","status":"publish","type":"page","link":"https:\/\/eyli.com.tr\/en\/tekerlekli-yukleyici-silindir-kapak-contasi\/","title":{"rendered":"Wheeled Loader Cylinder Head Gasket"},"content":{"rendered":"<p><img loading=\"lazy\" decoding=\"async\" class=\"aligncenter size-full wp-image-1020\" src=\"http:\/\/eyli.com.tr\/wp-content\/uploads\/2016\/05\/tekerlekli-yukleyici-silindir-kapak-contasi.png\" alt=\"tekerlekli-yukleyici-silindir-kapak-contasi\" width=\"2977\" height=\"2103\" srcset=\"https:\/\/eyli.com.tr\/wp-content\/uploads\/2016\/05\/tekerlekli-yukleyici-silindir-kapak-contasi.png 2977w, https:\/\/eyli.com.tr\/wp-content\/uploads\/2016\/05\/tekerlekli-yukleyici-silindir-kapak-contasi-300x212.png 300w, https:\/\/eyli.com.tr\/wp-content\/uploads\/2016\/05\/tekerlekli-yukleyici-silindir-kapak-contasi-768x543.png 768w, https:\/\/eyli.com.tr\/wp-content\/uploads\/2016\/05\/tekerlekli-yukleyici-silindir-kapak-contasi-1024x723.png 1024w\" sizes=\"auto, (max-width: 2977px) 100vw, 2977px\" \/><\/p>\n<p>&nbsp;<\/p>\n<p><strong>VOLVO WHEELED LOADER CYLINDER HEAD GASKET SPARE PARTS<\/strong><\/p>\n<table class=\"table table-bordered\">\n<tbody>\n<tr>\n<td>Pos<\/td>\n<td>Parts\u00a0No<\/td>\n<td>Spare Parts Name<\/td>\n<\/tr>\n<tr>\n<td><\/td>\n<td>VOE15173113<\/td>\n<td>Engine<\/td>\n<\/tr>\n<tr>\n<td>1<\/td>\n<td><\/td>\n<td>Cylinder head<\/td>\n<\/tr>\n<tr>\n<td>2<\/td>\n<td><\/td>\n<td>Cylinder block<\/td>\n<\/tr>\n<tr>\n<td>3<\/td>\n<td><\/td>\n<td>Valve mechanism<\/td>\n<\/tr>\n<tr>\n<td>4<\/td>\n<td><\/td>\n<td>Timing gears<\/td>\n<\/tr>\n<tr>\n<td>5<\/td>\n<td><\/td>\n<td>Crankshaft<\/td>\n<\/tr>\n<tr>\n<td>6<\/td>\n<td><\/td>\n<td>Flywheel Hsg<\/td>\n<\/tr>\n<tr>\n<td>7<\/td>\n<td><\/td>\n<td>Oil sump<\/td>\n<\/tr>\n<tr>\n<td>8<\/td>\n<td><\/td>\n<td>Oil Dipstick<\/td>\n<\/tr>\n<tr>\n<td>9<\/td>\n<td><\/td>\n<td>Lubricating system<\/td>\n<\/tr>\n<tr>\n<td>10<\/td>\n<td><\/td>\n<td>Oil filter<\/td>\n<\/tr>\n<tr>\n<td>11<\/td>\n<td><\/td>\n<td>Fuel system<\/td>\n<\/tr>\n<tr>\n<td>12<\/td>\n<td><\/td>\n<td>Inlet Manifold<\/td>\n<\/tr>\n<tr>\n<td>13<\/td>\n<td><\/td>\n<td>Manifold-Exhaust Manifol<\/td>\n<\/tr>\n<tr>\n<td>14<\/td>\n<td><\/td>\n<td>Turbo-Turbocharger<\/td>\n<\/tr>\n<tr>\n<td>15<\/td>\n<td><\/td>\n<td>Crankcase Venti<\/td>\n<\/tr>\n<tr>\n<td>16<\/td>\n<td><\/td>\n<td>Coolant pump<\/td>\n<\/tr>\n<tr>\n<td>17<\/td>\n<td><\/td>\n<td>Belt Xmsn<\/td>\n<\/tr>\n<tr>\n<td>18<\/td>\n<td><\/td>\n<td>E-ECU<\/td>\n<\/tr>\n<tr>\n<td>19<\/td>\n<td><\/td>\n<td>Cable harness<\/td>\n<\/tr>\n<tr>\n<td>20<\/td>\n<td><\/td>\n<td>Egr Cooler<\/td>\n<\/tr>\n<tr>\n<td>21<\/td>\n<td><\/td>\n<td>Starter Motor<\/td>\n<\/tr>\n<tr>\n<td>22<\/td>\n<td><\/td>\n<td>Starter Element<\/td>\n<\/tr>\n<\/tbody>\n<\/table>\n<p><strong>Volvo Wheeled Loader Cylinder Head Gasket Spare Parts are applicable to the Volvo Construction Machines, indicated below;<\/strong><\/p>\n<p>L120E, L120F, L120G,L150E, L150F,L150G,L180E,L180F,L180G,L220E,L220F,L220G,L250G,L330C,L350F<\/p>","protected":false},"excerpt":{"rendered":"<p>&nbsp; VOLVO WHEELED LOADER CYLINDER HEAD GASKET SPARE PARTS Pos Parts\u00a0No Spare Parts Name VOE15173113 Engine 1 Cylinder head 2 Cylinder block 3 Valve mechanism 4 Timing gears 5 Crankshaft 6 Flywheel Hsg 7 Oil sump 8 Oil Dipstick 9 Lubricating system 10 Oil filter 11 Fuel system 12 Inlet Manifold 13 Manifold-Exhaust Manifol 14 [&hellip;]<\/p>\n","protected":false},"author":1,"featured_media":0,"parent":0,"menu_order":0,"comment_status":"closed","ping_status":"closed","template":"page-fullwidth.php","meta":{"footnotes":""},"class_list":["post-993","page","type-page","status-publish","hentry"],"yoast_head":"<!-- This site is optimized with the Yoast SEO plugin v26.8 - https:\/\/yoast.com\/product\/yoast-seo-wordpress\/ -->\n<title>VOLVO TEKERLEKL\u0130 Y\u00dcKLEY\u0130C\u0130 S\u0130L\u0130ND\u0130R KAPAK CONTASI YEDEK PAR\u00c7ALARI<\/title>\n<meta name=\"robots\" content=\"index, follow, max-snippet:-1, max-image-preview:large, max-video-preview:-1\" \/>\n<link rel=\"canonical\" href=\"https:\/\/eyli.com.tr\/tekerlekli-yukleyici-silindir-kapak-contasi\/\" \/>\n<meta property=\"og:locale\" content=\"en_US\" \/>\n<meta property=\"og:type\" content=\"article\" \/>\n<meta property=\"og:title\" content=\"VOLVO TEKERLEKL\u0130 Y\u00dcKLEY\u0130C\u0130 S\u0130L\u0130ND\u0130R KAPAK CONTASI YEDEK PAR\u00c7ALARI\" \/>\n<meta property=\"og:description\" content=\"&nbsp; VOLVO WHEELED LOADER CYLINDER HEAD GASKET SPARE PARTS Pos Parts\u00a0No Spare Parts Name VOE15173113 Engine 1 Cylinder head 2 Cylinder block 3 Valve mechanism 4 Timing gears 5 Crankshaft 6 Flywheel Hsg 7 Oil sump 8 Oil Dipstick 9 Lubricating system 10 Oil filter 11 Fuel system 12 Inlet Manifold 13 Manifold-Exhaust Manifol 14 [&hellip;]\" \/>\n<meta property=\"og:url\" content=\"https:\/\/eyli.com.tr\/tekerlekli-yukleyici-silindir-kapak-contasi\/\" \/>\n<meta property=\"og:site_name\" content=\"Eyli \u0130\u015f Makineleri\" \/>\n<meta property=\"article:publisher\" content=\"https:\/\/www.facebook.com\/eylicomtr\" \/>\n<meta property=\"article:modified_time\" content=\"2016-10-12T17:56:30+00:00\" \/>\n<meta property=\"og:image\" content=\"http:\/\/eyli.com.tr\/wp-content\/uploads\/2016\/05\/tekerlekli-yukleyici-silindir-kapak-contasi.png\" \/>\n<meta name=\"twitter:card\" content=\"summary_large_image\" \/>\n<meta name=\"twitter:label1\" content=\"Est. reading time\" \/>\n\t<meta name=\"twitter:data1\" content=\"2 minutes\" \/>\n<script type=\"application\/ld+json\" class=\"yoast-schema-graph\">{\"@context\":\"https:\/\/schema.org\",\"@graph\":[{\"@type\":\"WebPage\",\"@id\":\"https:\/\/eyli.com.tr\/tekerlekli-yukleyici-silindir-kapak-contasi\/\",\"url\":\"https:\/\/eyli.com.tr\/tekerlekli-yukleyici-silindir-kapak-contasi\/\",\"name\":\"VOLVO TEKERLEKL\u0130 Y\u00dcKLEY\u0130C\u0130 S\u0130L\u0130ND\u0130R KAPAK CONTASI YEDEK PAR\u00c7ALARI\",\"isPartOf\":{\"@id\":\"https:\/\/eyli.com.tr\/#website\"},\"primaryImageOfPage\":{\"@id\":\"https:\/\/eyli.com.tr\/tekerlekli-yukleyici-silindir-kapak-contasi\/#primaryimage\"},\"image\":{\"@id\":\"https:\/\/eyli.com.tr\/tekerlekli-yukleyici-silindir-kapak-contasi\/#primaryimage\"},\"thumbnailUrl\":\"http:\/\/eyli.com.tr\/wp-content\/uploads\/2016\/05\/tekerlekli-yukleyici-silindir-kapak-contasi.png\",\"datePublished\":\"2016-05-14T13:29:45+00:00\",\"dateModified\":\"2016-10-12T17:56:30+00:00\",\"breadcrumb\":{\"@id\":\"https:\/\/eyli.com.tr\/tekerlekli-yukleyici-silindir-kapak-contasi\/#breadcrumb\"},\"inLanguage\":\"en-US\",\"potentialAction\":[{\"@type\":\"ReadAction\",\"target\":[\"https:\/\/eyli.com.tr\/tekerlekli-yukleyici-silindir-kapak-contasi\/\"]}]},{\"@type\":\"ImageObject\",\"inLanguage\":\"en-US\",\"@id\":\"https:\/\/eyli.com.tr\/tekerlekli-yukleyici-silindir-kapak-contasi\/#primaryimage\",\"url\":\"http:\/\/eyli.com.tr\/wp-content\/uploads\/2016\/05\/tekerlekli-yukleyici-silindir-kapak-contasi.png\",\"contentUrl\":\"http:\/\/eyli.com.tr\/wp-content\/uploads\/2016\/05\/tekerlekli-yukleyici-silindir-kapak-contasi.png\"},{\"@type\":\"BreadcrumbList\",\"@id\":\"https:\/\/eyli.com.tr\/tekerlekli-yukleyici-silindir-kapak-contasi\/#breadcrumb\",\"itemListElement\":[{\"@type\":\"ListItem\",\"position\":1,\"name\":\"Ana sayfa\",\"item\":\"https:\/\/eyli.com.tr\/\"},{\"@type\":\"ListItem\",\"position\":2,\"name\":\"Tekerlekli Y\u00fckleyici Silindir Kapak Contas\u0131\"}]},{\"@type\":\"WebSite\",\"@id\":\"https:\/\/eyli.com.tr\/#website\",\"url\":\"https:\/\/eyli.com.tr\/\",\"name\":\"Eyli \u0130\u015f Makineleri\",\"description\":\"\",\"publisher\":{\"@id\":\"https:\/\/eyli.com.tr\/#organization\"},\"potentialAction\":[{\"@type\":\"SearchAction\",\"target\":{\"@type\":\"EntryPoint\",\"urlTemplate\":\"https:\/\/eyli.com.tr\/?s={search_term_string}\"},\"query-input\":{\"@type\":\"PropertyValueSpecification\",\"valueRequired\":true,\"valueName\":\"search_term_string\"}}],\"inLanguage\":\"en-US\"},{\"@type\":\"Organization\",\"@id\":\"https:\/\/eyli.com.tr\/#organization\",\"name\":\"Eyli \u0130\u015f Makineleri\",\"url\":\"https:\/\/eyli.com.tr\/\",\"logo\":{\"@type\":\"ImageObject\",\"inLanguage\":\"en-US\",\"@id\":\"https:\/\/eyli.com.tr\/#\/schema\/logo\/image\/\",\"url\":\"https:\/\/eyli.com.tr\/wp-content\/uploads\/2020\/04\/WhatsApp-Image-2020-04-23-at-03.11.52-e1587829137284.jpeg\",\"contentUrl\":\"https:\/\/eyli.com.tr\/wp-content\/uploads\/2020\/04\/WhatsApp-Image-2020-04-23-at-03.11.52-e1587829137284.jpeg\",\"width\":1600,\"height\":900,\"caption\":\"Eyli \u0130\u015f Makineleri\"},\"image\":{\"@id\":\"https:\/\/eyli.com.tr\/#\/schema\/logo\/image\/\"},\"sameAs\":[\"https:\/\/www.facebook.com\/eylicomtr\"]}]}<\/script>\n<!-- \/ Yoast SEO plugin. -->","yoast_head_json":{"title":"VOLVO TEKERLEKL\u0130 Y\u00dcKLEY\u0130C\u0130 S\u0130L\u0130ND\u0130R KAPAK CONTASI YEDEK PAR\u00c7ALARI","robots":{"index":"index","follow":"follow","max-snippet":"max-snippet:-1","max-image-preview":"max-image-preview:large","max-video-preview":"max-video-preview:-1"},"canonical":"https:\/\/eyli.com.tr\/tekerlekli-yukleyici-silindir-kapak-contasi\/","og_locale":"en_US","og_type":"article","og_title":"VOLVO TEKERLEKL\u0130 Y\u00dcKLEY\u0130C\u0130 S\u0130L\u0130ND\u0130R KAPAK CONTASI YEDEK PAR\u00c7ALARI","og_description":"&nbsp; VOLVO WHEELED LOADER CYLINDER HEAD GASKET SPARE PARTS Pos Parts\u00a0No Spare Parts Name VOE15173113 Engine 1 Cylinder head 2 Cylinder block 3 Valve mechanism 4 Timing gears 5 Crankshaft 6 Flywheel Hsg 7 Oil sump 8 Oil Dipstick 9 Lubricating system 10 Oil filter 11 Fuel system 12 Inlet Manifold 13 Manifold-Exhaust Manifol 14 [&hellip;]","og_url":"https:\/\/eyli.com.tr\/tekerlekli-yukleyici-silindir-kapak-contasi\/","og_site_name":"Eyli \u0130\u015f Makineleri","article_publisher":"https:\/\/www.facebook.com\/eylicomtr","article_modified_time":"2016-10-12T17:56:30+00:00","og_image":[{"url":"http:\/\/eyli.com.tr\/wp-content\/uploads\/2016\/05\/tekerlekli-yukleyici-silindir-kapak-contasi.png","type":"","width":"","height":""}],"twitter_card":"summary_large_image","twitter_misc":{"Est. reading time":"2 minutes"},"schema":{"@context":"https:\/\/schema.org","@graph":[{"@type":"WebPage","@id":"https:\/\/eyli.com.tr\/tekerlekli-yukleyici-silindir-kapak-contasi\/","url":"https:\/\/eyli.com.tr\/tekerlekli-yukleyici-silindir-kapak-contasi\/","name":"VOLVO TEKERLEKL\u0130 Y\u00dcKLEY\u0130C\u0130 S\u0130L\u0130ND\u0130R KAPAK CONTASI YEDEK PAR\u00c7ALARI","isPartOf":{"@id":"https:\/\/eyli.com.tr\/#website"},"primaryImageOfPage":{"@id":"https:\/\/eyli.com.tr\/tekerlekli-yukleyici-silindir-kapak-contasi\/#primaryimage"},"image":{"@id":"https:\/\/eyli.com.tr\/tekerlekli-yukleyici-silindir-kapak-contasi\/#primaryimage"},"thumbnailUrl":"http:\/\/eyli.com.tr\/wp-content\/uploads\/2016\/05\/tekerlekli-yukleyici-silindir-kapak-contasi.png","datePublished":"2016-05-14T13:29:45+00:00","dateModified":"2016-10-12T17:56:30+00:00","breadcrumb":{"@id":"https:\/\/eyli.com.tr\/tekerlekli-yukleyici-silindir-kapak-contasi\/#breadcrumb"},"inLanguage":"en-US","potentialAction":[{"@type":"ReadAction","target":["https:\/\/eyli.com.tr\/tekerlekli-yukleyici-silindir-kapak-contasi\/"]}]},{"@type":"ImageObject","inLanguage":"en-US","@id":"https:\/\/eyli.com.tr\/tekerlekli-yukleyici-silindir-kapak-contasi\/#primaryimage","url":"http:\/\/eyli.com.tr\/wp-content\/uploads\/2016\/05\/tekerlekli-yukleyici-silindir-kapak-contasi.png","contentUrl":"http:\/\/eyli.com.tr\/wp-content\/uploads\/2016\/05\/tekerlekli-yukleyici-silindir-kapak-contasi.png"},{"@type":"BreadcrumbList","@id":"https:\/\/eyli.com.tr\/tekerlekli-yukleyici-silindir-kapak-contasi\/#breadcrumb","itemListElement":[{"@type":"ListItem","position":1,"name":"Ana sayfa","item":"https:\/\/eyli.com.tr\/"},{"@type":"ListItem","position":2,"name":"Tekerlekli Y\u00fckleyici Silindir Kapak Contas\u0131"}]},{"@type":"WebSite","@id":"https:\/\/eyli.com.tr\/#website","url":"https:\/\/eyli.com.tr\/","name":"Eyli \u0130\u015f Makineleri","description":"","publisher":{"@id":"https:\/\/eyli.com.tr\/#organization"},"potentialAction":[{"@type":"SearchAction","target":{"@type":"EntryPoint","urlTemplate":"https:\/\/eyli.com.tr\/?s={search_term_string}"},"query-input":{"@type":"PropertyValueSpecification","valueRequired":true,"valueName":"search_term_string"}}],"inLanguage":"en-US"},{"@type":"Organization","@id":"https:\/\/eyli.com.tr\/#organization","name":"Eyli \u0130\u015f Makineleri","url":"https:\/\/eyli.com.tr\/","logo":{"@type":"ImageObject","inLanguage":"en-US","@id":"https:\/\/eyli.com.tr\/#\/schema\/logo\/image\/","url":"https:\/\/eyli.com.tr\/wp-content\/uploads\/2020\/04\/WhatsApp-Image-2020-04-23-at-03.11.52-e1587829137284.jpeg","contentUrl":"https:\/\/eyli.com.tr\/wp-content\/uploads\/2020\/04\/WhatsApp-Image-2020-04-23-at-03.11.52-e1587829137284.jpeg","width":1600,"height":900,"caption":"Eyli \u0130\u015f Makineleri"},"image":{"@id":"https:\/\/eyli.com.tr\/#\/schema\/logo\/image\/"},"sameAs":["https:\/\/www.facebook.com\/eylicomtr"]}]}},"_links":{"self":[{"href":"https:\/\/eyli.com.tr\/en\/wp-json\/wp\/v2\/pages\/993","targetHints":{"allow":["GET"]}}],"collection":[{"href":"https:\/\/eyli.com.tr\/en\/wp-json\/wp\/v2\/pages"}],"about":[{"href":"https:\/\/eyli.com.tr\/en\/wp-json\/wp\/v2\/types\/page"}],"author":[{"embeddable":true,"href":"https:\/\/eyli.com.tr\/en\/wp-json\/wp\/v2\/users\/1"}],"replies":[{"embeddable":true,"href":"https:\/\/eyli.com.tr\/en\/wp-json\/wp\/v2\/comments?post=993"}],"version-history":[{"count":6,"href":"https:\/\/eyli.com.tr\/en\/wp-json\/wp\/v2\/pages\/993\/revisions"}],"predecessor-version":[{"id":1703,"href":"https:\/\/eyli.com.tr\/en\/wp-json\/wp\/v2\/pages\/993\/revisions\/1703"}],"wp:attachment":[{"href":"https:\/\/eyli.com.tr\/en\/wp-json\/wp\/v2\/media?parent=993"}],"curies":[{"name":"wp","href":"https:\/\/api.w.org\/{rel}","templated":true}]}}