{"id":989,"date":"2016-05-14T16:33:06","date_gmt":"2016-05-14T13:33:06","guid":{"rendered":"http:\/\/eyli.com.tr\/?page_id=989"},"modified":"2016-10-13T00:14:42","modified_gmt":"2016-10-12T21:14:42","slug":"tekerlekli-yukleyici-on-fren-balata","status":"publish","type":"page","link":"https:\/\/eyli.com.tr\/en\/tekerlekli-yukleyici-on-fren-balata\/","title":{"rendered":"Wheeled Loader Frontal Brake Pads"},"content":{"rendered":"<p><img loading=\"lazy\" decoding=\"async\" class=\"aligncenter size-full wp-image-1016\" src=\"http:\/\/eyli.com.tr\/wp-content\/uploads\/2016\/05\/tekerlekli-yukleyici-on-fren-balata.png\" alt=\"tekerlekli-yukleyici-on-fren-balata\" width=\"2977\" height=\"2103\" srcset=\"https:\/\/eyli.com.tr\/wp-content\/uploads\/2016\/05\/tekerlekli-yukleyici-on-fren-balata.png 2977w, https:\/\/eyli.com.tr\/wp-content\/uploads\/2016\/05\/tekerlekli-yukleyici-on-fren-balata-300x212.png 300w, https:\/\/eyli.com.tr\/wp-content\/uploads\/2016\/05\/tekerlekli-yukleyici-on-fren-balata-768x543.png 768w, https:\/\/eyli.com.tr\/wp-content\/uploads\/2016\/05\/tekerlekli-yukleyici-on-fren-balata-1024x723.png 1024w\" sizes=\"auto, (max-width: 2977px) 100vw, 2977px\" \/><\/p>\n<p>&nbsp;<\/p>\n<p><strong>VOLVO WHEELED LOADER FRONTAL BRAKE PAD SPARE PARTS<\/strong><\/p>\n<table class=\"table table-bordered\">\n<tbody>\n<tr>\n<td>Pos<\/td>\n<td>Parts\u00a0No<\/td>\n<td>Description<\/td>\n<\/tr>\n<tr>\n<td>1<\/td>\n<td>VOE11102221<\/td>\n<td>\u2022Pin<\/td>\n<\/tr>\n<tr>\n<td>2<\/td>\n<td>VOE15011847<\/td>\n<td>\u2022Brake Piston<\/td>\n<\/tr>\n<tr>\n<td>3<\/td>\n<td>VOE15022738<\/td>\n<td>\u2022Sealing ring<\/td>\n<\/tr>\n<tr>\n<td>4<\/td>\n<td>VOE15022736<\/td>\n<td>\u2022Sealing ring<\/td>\n<\/tr>\n<tr>\n<td>5<\/td>\n<td>VOE11102182<\/td>\n<td>\u2022Brake plate<\/td>\n<\/tr>\n<tr>\n<td>6<\/td>\n<td>VOE11102181<\/td>\n<td>\u2022Brake plate<\/td>\n<\/tr>\n<tr>\n<td>7<\/td>\n<td>VOE13965190<\/td>\n<td>\u2022Screw<\/td>\n<\/tr>\n<tr>\n<td>8<\/td>\n<td>VOE15117528<\/td>\n<td>\u2022Spacer<\/td>\n<\/tr>\n<tr>\n<td>9<\/td>\n<td>VOE15052429<\/td>\n<td>\u2022Sleeve<\/td>\n<\/tr>\n<tr>\n<td>10<\/td>\n<td>VOE15052428<\/td>\n<td>\u2022Spring<\/td>\n<\/tr>\n<tr>\n<td>11<\/td>\n<td>VOE15052426<\/td>\n<td>\u2022Sleeve<\/td>\n<\/tr>\n<tr>\n<td>12<\/td>\n<td>VOE15052425<\/td>\n<td>\u2022Spacer<\/td>\n<\/tr>\n<tr>\n<td>13<\/td>\n<td>VOE11143389<\/td>\n<td>\u2022Ring<\/td>\n<\/tr>\n<tr>\n<td>14<\/td>\n<td>VOE14506922<\/td>\n<td>\u2022Ring<\/td>\n<\/tr>\n<tr>\n<td>15<\/td>\n<td>VOE15011913<\/td>\n<td>\u2022Spacer<\/td>\n<\/tr>\n<tr>\n<td>16<\/td>\n<td>VOE15010615<\/td>\n<td>\u2022Brake Disc<\/td>\n<\/tr>\n<tr>\n<td>17<\/td>\n<td>VOE11102445<\/td>\n<td>\u2022Wear Indicator<\/td>\n<\/tr>\n<tr>\n<td><\/td>\n<td>VOE976970<\/td>\n<td>\u2022\u2022O-ring<\/td>\n<\/tr>\n<\/tbody>\n<\/table>\n<p><strong>Volvo Wheeled Loader Frontal Brake Pads Spare Parts are applicable to the Volvo Construction Machines, indicated below;<\/strong><\/p>\n<p>L120E, L120F, L120G,L150E, L150F,L150G,L180E,L180F,L180G,L220E,L220F,L220G,L250G,L330C,L350F<\/p>","protected":false},"excerpt":{"rendered":"<p>&nbsp; VOLVO WHEELED LOADER FRONTAL BRAKE PAD SPARE PARTS Pos Parts\u00a0No Description 1 VOE11102221 \u2022Pin 2 VOE15011847 \u2022Brake Piston 3 VOE15022738 \u2022Sealing ring 4 VOE15022736 \u2022Sealing ring 5 VOE11102182 \u2022Brake plate 6 VOE11102181 \u2022Brake plate 7 VOE13965190 \u2022Screw 8 VOE15117528 \u2022Spacer 9 VOE15052429 \u2022Sleeve 10 VOE15052428 \u2022Spring 11 VOE15052426 \u2022Sleeve 12 VOE15052425 \u2022Spacer 13 VOE11143389 [&hellip;]<\/p>\n","protected":false},"author":1,"featured_media":0,"parent":0,"menu_order":0,"comment_status":"closed","ping_status":"closed","template":"page-fullwidth.php","meta":{"footnotes":""},"class_list":["post-989","page","type-page","status-publish","hentry"],"yoast_head":"<!-- This site is optimized with the Yoast SEO plugin v26.8 - https:\/\/yoast.com\/product\/yoast-seo-wordpress\/ -->\n<title>VOLVO TEKERLEKL\u0130 Y\u00dcKLEY\u0130C\u0130 \u00d6N FREN BALATA YEDEK PAR\u00c7ALARI<\/title>\n<meta name=\"robots\" content=\"index, follow, max-snippet:-1, max-image-preview:large, max-video-preview:-1\" \/>\n<link rel=\"canonical\" href=\"https:\/\/eyli.com.tr\/tekerlekli-yukleyici-on-fren-balata\/\" \/>\n<meta property=\"og:locale\" content=\"en_US\" \/>\n<meta property=\"og:type\" content=\"article\" \/>\n<meta property=\"og:title\" content=\"VOLVO TEKERLEKL\u0130 Y\u00dcKLEY\u0130C\u0130 \u00d6N FREN BALATA YEDEK PAR\u00c7ALARI\" \/>\n<meta property=\"og:description\" content=\"&nbsp; VOLVO WHEELED LOADER FRONTAL BRAKE PAD SPARE PARTS Pos Parts\u00a0No Description 1 VOE11102221 \u2022Pin 2 VOE15011847 \u2022Brake Piston 3 VOE15022738 \u2022Sealing ring 4 VOE15022736 \u2022Sealing ring 5 VOE11102182 \u2022Brake plate 6 VOE11102181 \u2022Brake plate 7 VOE13965190 \u2022Screw 8 VOE15117528 \u2022Spacer 9 VOE15052429 \u2022Sleeve 10 VOE15052428 \u2022Spring 11 VOE15052426 \u2022Sleeve 12 VOE15052425 \u2022Spacer 13 VOE11143389 [&hellip;]\" \/>\n<meta property=\"og:url\" content=\"https:\/\/eyli.com.tr\/tekerlekli-yukleyici-on-fren-balata\/\" \/>\n<meta property=\"og:site_name\" content=\"Eyli \u0130\u015f Makineleri\" \/>\n<meta property=\"article:publisher\" content=\"https:\/\/www.facebook.com\/eylicomtr\" \/>\n<meta property=\"article:modified_time\" content=\"2016-10-12T21:14:42+00:00\" \/>\n<meta property=\"og:image\" content=\"http:\/\/eyli.com.tr\/wp-content\/uploads\/2016\/05\/tekerlekli-yukleyici-on-fren-balata.png\" \/>\n<meta name=\"twitter:card\" content=\"summary_large_image\" \/>\n<meta name=\"twitter:label1\" content=\"Est. reading time\" \/>\n\t<meta name=\"twitter:data1\" content=\"1 minute\" \/>\n<script type=\"application\/ld+json\" class=\"yoast-schema-graph\">{\"@context\":\"https:\/\/schema.org\",\"@graph\":[{\"@type\":\"WebPage\",\"@id\":\"https:\/\/eyli.com.tr\/tekerlekli-yukleyici-on-fren-balata\/\",\"url\":\"https:\/\/eyli.com.tr\/tekerlekli-yukleyici-on-fren-balata\/\",\"name\":\"VOLVO TEKERLEKL\u0130 Y\u00dcKLEY\u0130C\u0130 \u00d6N FREN BALATA YEDEK PAR\u00c7ALARI\",\"isPartOf\":{\"@id\":\"https:\/\/eyli.com.tr\/#website\"},\"primaryImageOfPage\":{\"@id\":\"https:\/\/eyli.com.tr\/tekerlekli-yukleyici-on-fren-balata\/#primaryimage\"},\"image\":{\"@id\":\"https:\/\/eyli.com.tr\/tekerlekli-yukleyici-on-fren-balata\/#primaryimage\"},\"thumbnailUrl\":\"http:\/\/eyli.com.tr\/wp-content\/uploads\/2016\/05\/tekerlekli-yukleyici-on-fren-balata.png\",\"datePublished\":\"2016-05-14T13:33:06+00:00\",\"dateModified\":\"2016-10-12T21:14:42+00:00\",\"breadcrumb\":{\"@id\":\"https:\/\/eyli.com.tr\/tekerlekli-yukleyici-on-fren-balata\/#breadcrumb\"},\"inLanguage\":\"en-US\",\"potentialAction\":[{\"@type\":\"ReadAction\",\"target\":[\"https:\/\/eyli.com.tr\/tekerlekli-yukleyici-on-fren-balata\/\"]}]},{\"@type\":\"ImageObject\",\"inLanguage\":\"en-US\",\"@id\":\"https:\/\/eyli.com.tr\/tekerlekli-yukleyici-on-fren-balata\/#primaryimage\",\"url\":\"http:\/\/eyli.com.tr\/wp-content\/uploads\/2016\/05\/tekerlekli-yukleyici-on-fren-balata.png\",\"contentUrl\":\"http:\/\/eyli.com.tr\/wp-content\/uploads\/2016\/05\/tekerlekli-yukleyici-on-fren-balata.png\"},{\"@type\":\"BreadcrumbList\",\"@id\":\"https:\/\/eyli.com.tr\/tekerlekli-yukleyici-on-fren-balata\/#breadcrumb\",\"itemListElement\":[{\"@type\":\"ListItem\",\"position\":1,\"name\":\"Ana sayfa\",\"item\":\"https:\/\/eyli.com.tr\/\"},{\"@type\":\"ListItem\",\"position\":2,\"name\":\"Tekerlekli Y\u00fckleyici \u00d6n Fren Balata\"}]},{\"@type\":\"WebSite\",\"@id\":\"https:\/\/eyli.com.tr\/#website\",\"url\":\"https:\/\/eyli.com.tr\/\",\"name\":\"Eyli \u0130\u015f Makineleri\",\"description\":\"\",\"publisher\":{\"@id\":\"https:\/\/eyli.com.tr\/#organization\"},\"potentialAction\":[{\"@type\":\"SearchAction\",\"target\":{\"@type\":\"EntryPoint\",\"urlTemplate\":\"https:\/\/eyli.com.tr\/?s={search_term_string}\"},\"query-input\":{\"@type\":\"PropertyValueSpecification\",\"valueRequired\":true,\"valueName\":\"search_term_string\"}}],\"inLanguage\":\"en-US\"},{\"@type\":\"Organization\",\"@id\":\"https:\/\/eyli.com.tr\/#organization\",\"name\":\"Eyli \u0130\u015f Makineleri\",\"url\":\"https:\/\/eyli.com.tr\/\",\"logo\":{\"@type\":\"ImageObject\",\"inLanguage\":\"en-US\",\"@id\":\"https:\/\/eyli.com.tr\/#\/schema\/logo\/image\/\",\"url\":\"https:\/\/eyli.com.tr\/wp-content\/uploads\/2020\/04\/WhatsApp-Image-2020-04-23-at-03.11.52-e1587829137284.jpeg\",\"contentUrl\":\"https:\/\/eyli.com.tr\/wp-content\/uploads\/2020\/04\/WhatsApp-Image-2020-04-23-at-03.11.52-e1587829137284.jpeg\",\"width\":1600,\"height\":900,\"caption\":\"Eyli \u0130\u015f Makineleri\"},\"image\":{\"@id\":\"https:\/\/eyli.com.tr\/#\/schema\/logo\/image\/\"},\"sameAs\":[\"https:\/\/www.facebook.com\/eylicomtr\"]}]}<\/script>\n<!-- \/ Yoast SEO plugin. -->","yoast_head_json":{"title":"VOLVO TEKERLEKL\u0130 Y\u00dcKLEY\u0130C\u0130 \u00d6N FREN BALATA YEDEK PAR\u00c7ALARI","robots":{"index":"index","follow":"follow","max-snippet":"max-snippet:-1","max-image-preview":"max-image-preview:large","max-video-preview":"max-video-preview:-1"},"canonical":"https:\/\/eyli.com.tr\/tekerlekli-yukleyici-on-fren-balata\/","og_locale":"en_US","og_type":"article","og_title":"VOLVO TEKERLEKL\u0130 Y\u00dcKLEY\u0130C\u0130 \u00d6N FREN BALATA YEDEK PAR\u00c7ALARI","og_description":"&nbsp; VOLVO WHEELED LOADER FRONTAL BRAKE PAD SPARE PARTS Pos Parts\u00a0No Description 1 VOE11102221 \u2022Pin 2 VOE15011847 \u2022Brake Piston 3 VOE15022738 \u2022Sealing ring 4 VOE15022736 \u2022Sealing ring 5 VOE11102182 \u2022Brake plate 6 VOE11102181 \u2022Brake plate 7 VOE13965190 \u2022Screw 8 VOE15117528 \u2022Spacer 9 VOE15052429 \u2022Sleeve 10 VOE15052428 \u2022Spring 11 VOE15052426 \u2022Sleeve 12 VOE15052425 \u2022Spacer 13 VOE11143389 [&hellip;]","og_url":"https:\/\/eyli.com.tr\/tekerlekli-yukleyici-on-fren-balata\/","og_site_name":"Eyli \u0130\u015f Makineleri","article_publisher":"https:\/\/www.facebook.com\/eylicomtr","article_modified_time":"2016-10-12T21:14:42+00:00","og_image":[{"url":"http:\/\/eyli.com.tr\/wp-content\/uploads\/2016\/05\/tekerlekli-yukleyici-on-fren-balata.png","type":"","width":"","height":""}],"twitter_card":"summary_large_image","twitter_misc":{"Est. reading time":"1 minute"},"schema":{"@context":"https:\/\/schema.org","@graph":[{"@type":"WebPage","@id":"https:\/\/eyli.com.tr\/tekerlekli-yukleyici-on-fren-balata\/","url":"https:\/\/eyli.com.tr\/tekerlekli-yukleyici-on-fren-balata\/","name":"VOLVO TEKERLEKL\u0130 Y\u00dcKLEY\u0130C\u0130 \u00d6N FREN BALATA YEDEK PAR\u00c7ALARI","isPartOf":{"@id":"https:\/\/eyli.com.tr\/#website"},"primaryImageOfPage":{"@id":"https:\/\/eyli.com.tr\/tekerlekli-yukleyici-on-fren-balata\/#primaryimage"},"image":{"@id":"https:\/\/eyli.com.tr\/tekerlekli-yukleyici-on-fren-balata\/#primaryimage"},"thumbnailUrl":"http:\/\/eyli.com.tr\/wp-content\/uploads\/2016\/05\/tekerlekli-yukleyici-on-fren-balata.png","datePublished":"2016-05-14T13:33:06+00:00","dateModified":"2016-10-12T21:14:42+00:00","breadcrumb":{"@id":"https:\/\/eyli.com.tr\/tekerlekli-yukleyici-on-fren-balata\/#breadcrumb"},"inLanguage":"en-US","potentialAction":[{"@type":"ReadAction","target":["https:\/\/eyli.com.tr\/tekerlekli-yukleyici-on-fren-balata\/"]}]},{"@type":"ImageObject","inLanguage":"en-US","@id":"https:\/\/eyli.com.tr\/tekerlekli-yukleyici-on-fren-balata\/#primaryimage","url":"http:\/\/eyli.com.tr\/wp-content\/uploads\/2016\/05\/tekerlekli-yukleyici-on-fren-balata.png","contentUrl":"http:\/\/eyli.com.tr\/wp-content\/uploads\/2016\/05\/tekerlekli-yukleyici-on-fren-balata.png"},{"@type":"BreadcrumbList","@id":"https:\/\/eyli.com.tr\/tekerlekli-yukleyici-on-fren-balata\/#breadcrumb","itemListElement":[{"@type":"ListItem","position":1,"name":"Ana sayfa","item":"https:\/\/eyli.com.tr\/"},{"@type":"ListItem","position":2,"name":"Tekerlekli Y\u00fckleyici \u00d6n Fren Balata"}]},{"@type":"WebSite","@id":"https:\/\/eyli.com.tr\/#website","url":"https:\/\/eyli.com.tr\/","name":"Eyli \u0130\u015f Makineleri","description":"","publisher":{"@id":"https:\/\/eyli.com.tr\/#organization"},"potentialAction":[{"@type":"SearchAction","target":{"@type":"EntryPoint","urlTemplate":"https:\/\/eyli.com.tr\/?s={search_term_string}"},"query-input":{"@type":"PropertyValueSpecification","valueRequired":true,"valueName":"search_term_string"}}],"inLanguage":"en-US"},{"@type":"Organization","@id":"https:\/\/eyli.com.tr\/#organization","name":"Eyli \u0130\u015f Makineleri","url":"https:\/\/eyli.com.tr\/","logo":{"@type":"ImageObject","inLanguage":"en-US","@id":"https:\/\/eyli.com.tr\/#\/schema\/logo\/image\/","url":"https:\/\/eyli.com.tr\/wp-content\/uploads\/2020\/04\/WhatsApp-Image-2020-04-23-at-03.11.52-e1587829137284.jpeg","contentUrl":"https:\/\/eyli.com.tr\/wp-content\/uploads\/2020\/04\/WhatsApp-Image-2020-04-23-at-03.11.52-e1587829137284.jpeg","width":1600,"height":900,"caption":"Eyli \u0130\u015f Makineleri"},"image":{"@id":"https:\/\/eyli.com.tr\/#\/schema\/logo\/image\/"},"sameAs":["https:\/\/www.facebook.com\/eylicomtr"]}]}},"_links":{"self":[{"href":"https:\/\/eyli.com.tr\/en\/wp-json\/wp\/v2\/pages\/989","targetHints":{"allow":["GET"]}}],"collection":[{"href":"https:\/\/eyli.com.tr\/en\/wp-json\/wp\/v2\/pages"}],"about":[{"href":"https:\/\/eyli.com.tr\/en\/wp-json\/wp\/v2\/types\/page"}],"author":[{"embeddable":true,"href":"https:\/\/eyli.com.tr\/en\/wp-json\/wp\/v2\/users\/1"}],"replies":[{"embeddable":true,"href":"https:\/\/eyli.com.tr\/en\/wp-json\/wp\/v2\/comments?post=989"}],"version-history":[{"count":5,"href":"https:\/\/eyli.com.tr\/en\/wp-json\/wp\/v2\/pages\/989\/revisions"}],"predecessor-version":[{"id":1718,"href":"https:\/\/eyli.com.tr\/en\/wp-json\/wp\/v2\/pages\/989\/revisions\/1718"}],"wp:attachment":[{"href":"https:\/\/eyli.com.tr\/en\/wp-json\/wp\/v2\/media?parent=989"}],"curies":[{"name":"wp","href":"https:\/\/api.w.org\/{rel}","templated":true}]}}