{"id":984,"date":"2016-05-14T16:45:26","date_gmt":"2016-05-14T13:45:26","guid":{"rendered":"http:\/\/eyli.com.tr\/?page_id=984"},"modified":"2016-10-13T00:29:02","modified_gmt":"2016-10-12T21:29:02","slug":"tekerlekli-yukleyici-amortisor","status":"publish","type":"page","link":"https:\/\/eyli.com.tr\/en\/tekerlekli-yukleyici-amortisor\/","title":{"rendered":"Wheeled Loader Shock Absorber"},"content":{"rendered":"<p><img loading=\"lazy\" decoding=\"async\" class=\"aligncenter size-full wp-image-1000\" src=\"http:\/\/eyli.com.tr\/wp-content\/uploads\/2016\/05\/tekerlekli-yukleyici-amortisor.png\" alt=\"tekerlekli-yukleyici-amortisor\" width=\"2977\" height=\"2103\" srcset=\"https:\/\/eyli.com.tr\/wp-content\/uploads\/2016\/05\/tekerlekli-yukleyici-amortisor.png 2977w, https:\/\/eyli.com.tr\/wp-content\/uploads\/2016\/05\/tekerlekli-yukleyici-amortisor-300x212.png 300w, https:\/\/eyli.com.tr\/wp-content\/uploads\/2016\/05\/tekerlekli-yukleyici-amortisor-768x543.png 768w, https:\/\/eyli.com.tr\/wp-content\/uploads\/2016\/05\/tekerlekli-yukleyici-amortisor-1024x723.png 1024w\" sizes=\"auto, (max-width: 2977px) 100vw, 2977px\" \/><\/p>\n<p>&nbsp;<\/p>\n<p><strong>Volvo Wheeled Loader Shock Absorber Spare Parts<\/strong><\/p>\n<table class=\"table table-bordered\">\n<tbody>\n<tr>\n<td>Pos<\/td>\n<td>Parts\u00a0No<\/td>\n<td>Spare Parts Name<\/td>\n<\/tr>\n<tr>\n<td>1<\/td>\n<td>VOE15010224<\/td>\n<td>\u2022Brake plate<\/td>\n<\/tr>\n<tr>\n<td>2<\/td>\n<td>VOE15047926<\/td>\n<td>Brake disc<\/td>\n<\/tr>\n<tr>\n<td>3<\/td>\n<td>VOE15010424<\/td>\n<td>\u2022Adjusting device<\/td>\n<\/tr>\n<tr>\n<td>4<\/td>\n<td>VOE15124593<\/td>\n<td>\u2022\u2022Screw<\/td>\n<\/tr>\n<tr>\n<td>5<\/td>\n<td>VOE11103469<\/td>\n<td>\u2022\u2022Spring<\/td>\n<\/tr>\n<tr>\n<td>6<\/td>\n<td>VOE15120117<\/td>\n<td>\u2022\u2022Spacer<\/td>\n<\/tr>\n<tr>\n<td>7<\/td>\n<td>VOE11103468<\/td>\n<td>\u2022\u2022Sleeve<\/td>\n<\/tr>\n<tr>\n<td>8<\/td>\n<td>VOE946035<\/td>\n<td>\u2022\u2022Lock nut<\/td>\n<\/tr>\n<tr>\n<td>9<\/td>\n<td>VOE1523278<\/td>\n<td>\u2022Selector rail<\/td>\n<\/tr>\n<tr>\n<td>10<\/td>\n<td>VOE11103386<\/td>\n<td>Sealing ring<\/td>\n<\/tr>\n<tr>\n<td>11<\/td>\n<td>VOE11103387<\/td>\n<td>Kit-Seal<\/td>\n<\/tr>\n<tr>\n<td>12<\/td>\n<td>VOE11103471<\/td>\n<td>\u2022Brake piston<\/td>\n<\/tr>\n<\/tbody>\n<\/table>\n<p><strong>Volvo Wheeled Loader Shock Absorber Spare Parts are applicable to the Volvo Construction Machines, indicated below;<\/strong><\/p>\n<p>L120E, L120F, L120G,L150E, L150F,L150G,L180E,L180F,L180G,L220E,L220F,L220G,L250G,L330C,L350F<\/p>","protected":false},"excerpt":{"rendered":"<p>&nbsp; Volvo Wheeled Loader Shock Absorber Spare Parts Pos Parts\u00a0No Spare Parts Name 1 VOE15010224 \u2022Brake plate 2 VOE15047926 Brake disc 3 VOE15010424 \u2022Adjusting device 4 VOE15124593 \u2022\u2022Screw 5 VOE11103469 \u2022\u2022Spring 6 VOE15120117 \u2022\u2022Spacer 7 VOE11103468 \u2022\u2022Sleeve 8 VOE946035 \u2022\u2022Lock nut 9 VOE1523278 \u2022Selector rail 10 VOE11103386 Sealing ring 11 VOE11103387 Kit-Seal 12 VOE11103471 \u2022Brake [&hellip;]<\/p>\n","protected":false},"author":1,"featured_media":0,"parent":0,"menu_order":0,"comment_status":"closed","ping_status":"closed","template":"page-fullwidth.php","meta":{"footnotes":""},"class_list":["post-984","page","type-page","status-publish","hentry"],"yoast_head":"<!-- This site is optimized with the Yoast SEO plugin v26.8 - https:\/\/yoast.com\/product\/yoast-seo-wordpress\/ -->\n<title>VOLVO TEKERLEKL\u0130 Y\u00dcKLEY\u0130C\u0130 AMORT\u0130S\u00d6R YEDEK PAR\u00c7ALARI<\/title>\n<meta name=\"robots\" content=\"index, follow, max-snippet:-1, max-image-preview:large, max-video-preview:-1\" \/>\n<link rel=\"canonical\" href=\"https:\/\/eyli.com.tr\/tekerlekli-yukleyici-amortisor\/\" \/>\n<meta property=\"og:locale\" content=\"en_US\" \/>\n<meta property=\"og:type\" content=\"article\" \/>\n<meta property=\"og:title\" content=\"VOLVO TEKERLEKL\u0130 Y\u00dcKLEY\u0130C\u0130 AMORT\u0130S\u00d6R YEDEK PAR\u00c7ALARI\" \/>\n<meta property=\"og:description\" content=\"&nbsp; Volvo Wheeled Loader Shock Absorber Spare Parts Pos Parts\u00a0No Spare Parts Name 1 VOE15010224 \u2022Brake plate 2 VOE15047926 Brake disc 3 VOE15010424 \u2022Adjusting device 4 VOE15124593 \u2022\u2022Screw 5 VOE11103469 \u2022\u2022Spring 6 VOE15120117 \u2022\u2022Spacer 7 VOE11103468 \u2022\u2022Sleeve 8 VOE946035 \u2022\u2022Lock nut 9 VOE1523278 \u2022Selector rail 10 VOE11103386 Sealing ring 11 VOE11103387 Kit-Seal 12 VOE11103471 \u2022Brake [&hellip;]\" \/>\n<meta property=\"og:url\" content=\"https:\/\/eyli.com.tr\/tekerlekli-yukleyici-amortisor\/\" \/>\n<meta property=\"og:site_name\" content=\"Eyli \u0130\u015f Makineleri\" \/>\n<meta property=\"article:publisher\" content=\"https:\/\/www.facebook.com\/eylicomtr\" \/>\n<meta property=\"article:modified_time\" content=\"2016-10-12T21:29:02+00:00\" \/>\n<meta property=\"og:image\" content=\"http:\/\/eyli.com.tr\/wp-content\/uploads\/2016\/05\/tekerlekli-yukleyici-amortisor.png\" \/>\n<meta name=\"twitter:card\" content=\"summary_large_image\" \/>\n<meta name=\"twitter:label1\" content=\"Est. reading time\" \/>\n\t<meta name=\"twitter:data1\" content=\"1 minute\" \/>\n<script type=\"application\/ld+json\" class=\"yoast-schema-graph\">{\"@context\":\"https:\/\/schema.org\",\"@graph\":[{\"@type\":\"WebPage\",\"@id\":\"https:\/\/eyli.com.tr\/tekerlekli-yukleyici-amortisor\/\",\"url\":\"https:\/\/eyli.com.tr\/tekerlekli-yukleyici-amortisor\/\",\"name\":\"VOLVO TEKERLEKL\u0130 Y\u00dcKLEY\u0130C\u0130 AMORT\u0130S\u00d6R YEDEK PAR\u00c7ALARI\",\"isPartOf\":{\"@id\":\"https:\/\/eyli.com.tr\/#website\"},\"primaryImageOfPage\":{\"@id\":\"https:\/\/eyli.com.tr\/tekerlekli-yukleyici-amortisor\/#primaryimage\"},\"image\":{\"@id\":\"https:\/\/eyli.com.tr\/tekerlekli-yukleyici-amortisor\/#primaryimage\"},\"thumbnailUrl\":\"http:\/\/eyli.com.tr\/wp-content\/uploads\/2016\/05\/tekerlekli-yukleyici-amortisor.png\",\"datePublished\":\"2016-05-14T13:45:26+00:00\",\"dateModified\":\"2016-10-12T21:29:02+00:00\",\"breadcrumb\":{\"@id\":\"https:\/\/eyli.com.tr\/tekerlekli-yukleyici-amortisor\/#breadcrumb\"},\"inLanguage\":\"en-US\",\"potentialAction\":[{\"@type\":\"ReadAction\",\"target\":[\"https:\/\/eyli.com.tr\/tekerlekli-yukleyici-amortisor\/\"]}]},{\"@type\":\"ImageObject\",\"inLanguage\":\"en-US\",\"@id\":\"https:\/\/eyli.com.tr\/tekerlekli-yukleyici-amortisor\/#primaryimage\",\"url\":\"http:\/\/eyli.com.tr\/wp-content\/uploads\/2016\/05\/tekerlekli-yukleyici-amortisor.png\",\"contentUrl\":\"http:\/\/eyli.com.tr\/wp-content\/uploads\/2016\/05\/tekerlekli-yukleyici-amortisor.png\"},{\"@type\":\"BreadcrumbList\",\"@id\":\"https:\/\/eyli.com.tr\/tekerlekli-yukleyici-amortisor\/#breadcrumb\",\"itemListElement\":[{\"@type\":\"ListItem\",\"position\":1,\"name\":\"Ana sayfa\",\"item\":\"https:\/\/eyli.com.tr\/\"},{\"@type\":\"ListItem\",\"position\":2,\"name\":\"Tekerlekli Y\u00fckleyici Amortis\u00f6r\"}]},{\"@type\":\"WebSite\",\"@id\":\"https:\/\/eyli.com.tr\/#website\",\"url\":\"https:\/\/eyli.com.tr\/\",\"name\":\"Eyli \u0130\u015f Makineleri\",\"description\":\"\",\"publisher\":{\"@id\":\"https:\/\/eyli.com.tr\/#organization\"},\"potentialAction\":[{\"@type\":\"SearchAction\",\"target\":{\"@type\":\"EntryPoint\",\"urlTemplate\":\"https:\/\/eyli.com.tr\/?s={search_term_string}\"},\"query-input\":{\"@type\":\"PropertyValueSpecification\",\"valueRequired\":true,\"valueName\":\"search_term_string\"}}],\"inLanguage\":\"en-US\"},{\"@type\":\"Organization\",\"@id\":\"https:\/\/eyli.com.tr\/#organization\",\"name\":\"Eyli \u0130\u015f Makineleri\",\"url\":\"https:\/\/eyli.com.tr\/\",\"logo\":{\"@type\":\"ImageObject\",\"inLanguage\":\"en-US\",\"@id\":\"https:\/\/eyli.com.tr\/#\/schema\/logo\/image\/\",\"url\":\"https:\/\/eyli.com.tr\/wp-content\/uploads\/2020\/04\/WhatsApp-Image-2020-04-23-at-03.11.52-e1587829137284.jpeg\",\"contentUrl\":\"https:\/\/eyli.com.tr\/wp-content\/uploads\/2020\/04\/WhatsApp-Image-2020-04-23-at-03.11.52-e1587829137284.jpeg\",\"width\":1600,\"height\":900,\"caption\":\"Eyli \u0130\u015f Makineleri\"},\"image\":{\"@id\":\"https:\/\/eyli.com.tr\/#\/schema\/logo\/image\/\"},\"sameAs\":[\"https:\/\/www.facebook.com\/eylicomtr\"]}]}<\/script>\n<!-- \/ Yoast SEO plugin. -->","yoast_head_json":{"title":"VOLVO TEKERLEKL\u0130 Y\u00dcKLEY\u0130C\u0130 AMORT\u0130S\u00d6R YEDEK PAR\u00c7ALARI","robots":{"index":"index","follow":"follow","max-snippet":"max-snippet:-1","max-image-preview":"max-image-preview:large","max-video-preview":"max-video-preview:-1"},"canonical":"https:\/\/eyli.com.tr\/tekerlekli-yukleyici-amortisor\/","og_locale":"en_US","og_type":"article","og_title":"VOLVO TEKERLEKL\u0130 Y\u00dcKLEY\u0130C\u0130 AMORT\u0130S\u00d6R YEDEK PAR\u00c7ALARI","og_description":"&nbsp; Volvo Wheeled Loader Shock Absorber Spare Parts Pos Parts\u00a0No Spare Parts Name 1 VOE15010224 \u2022Brake plate 2 VOE15047926 Brake disc 3 VOE15010424 \u2022Adjusting device 4 VOE15124593 \u2022\u2022Screw 5 VOE11103469 \u2022\u2022Spring 6 VOE15120117 \u2022\u2022Spacer 7 VOE11103468 \u2022\u2022Sleeve 8 VOE946035 \u2022\u2022Lock nut 9 VOE1523278 \u2022Selector rail 10 VOE11103386 Sealing ring 11 VOE11103387 Kit-Seal 12 VOE11103471 \u2022Brake [&hellip;]","og_url":"https:\/\/eyli.com.tr\/tekerlekli-yukleyici-amortisor\/","og_site_name":"Eyli \u0130\u015f Makineleri","article_publisher":"https:\/\/www.facebook.com\/eylicomtr","article_modified_time":"2016-10-12T21:29:02+00:00","og_image":[{"url":"http:\/\/eyli.com.tr\/wp-content\/uploads\/2016\/05\/tekerlekli-yukleyici-amortisor.png","type":"","width":"","height":""}],"twitter_card":"summary_large_image","twitter_misc":{"Est. reading time":"1 minute"},"schema":{"@context":"https:\/\/schema.org","@graph":[{"@type":"WebPage","@id":"https:\/\/eyli.com.tr\/tekerlekli-yukleyici-amortisor\/","url":"https:\/\/eyli.com.tr\/tekerlekli-yukleyici-amortisor\/","name":"VOLVO TEKERLEKL\u0130 Y\u00dcKLEY\u0130C\u0130 AMORT\u0130S\u00d6R YEDEK PAR\u00c7ALARI","isPartOf":{"@id":"https:\/\/eyli.com.tr\/#website"},"primaryImageOfPage":{"@id":"https:\/\/eyli.com.tr\/tekerlekli-yukleyici-amortisor\/#primaryimage"},"image":{"@id":"https:\/\/eyli.com.tr\/tekerlekli-yukleyici-amortisor\/#primaryimage"},"thumbnailUrl":"http:\/\/eyli.com.tr\/wp-content\/uploads\/2016\/05\/tekerlekli-yukleyici-amortisor.png","datePublished":"2016-05-14T13:45:26+00:00","dateModified":"2016-10-12T21:29:02+00:00","breadcrumb":{"@id":"https:\/\/eyli.com.tr\/tekerlekli-yukleyici-amortisor\/#breadcrumb"},"inLanguage":"en-US","potentialAction":[{"@type":"ReadAction","target":["https:\/\/eyli.com.tr\/tekerlekli-yukleyici-amortisor\/"]}]},{"@type":"ImageObject","inLanguage":"en-US","@id":"https:\/\/eyli.com.tr\/tekerlekli-yukleyici-amortisor\/#primaryimage","url":"http:\/\/eyli.com.tr\/wp-content\/uploads\/2016\/05\/tekerlekli-yukleyici-amortisor.png","contentUrl":"http:\/\/eyli.com.tr\/wp-content\/uploads\/2016\/05\/tekerlekli-yukleyici-amortisor.png"},{"@type":"BreadcrumbList","@id":"https:\/\/eyli.com.tr\/tekerlekli-yukleyici-amortisor\/#breadcrumb","itemListElement":[{"@type":"ListItem","position":1,"name":"Ana sayfa","item":"https:\/\/eyli.com.tr\/"},{"@type":"ListItem","position":2,"name":"Tekerlekli Y\u00fckleyici Amortis\u00f6r"}]},{"@type":"WebSite","@id":"https:\/\/eyli.com.tr\/#website","url":"https:\/\/eyli.com.tr\/","name":"Eyli \u0130\u015f Makineleri","description":"","publisher":{"@id":"https:\/\/eyli.com.tr\/#organization"},"potentialAction":[{"@type":"SearchAction","target":{"@type":"EntryPoint","urlTemplate":"https:\/\/eyli.com.tr\/?s={search_term_string}"},"query-input":{"@type":"PropertyValueSpecification","valueRequired":true,"valueName":"search_term_string"}}],"inLanguage":"en-US"},{"@type":"Organization","@id":"https:\/\/eyli.com.tr\/#organization","name":"Eyli \u0130\u015f Makineleri","url":"https:\/\/eyli.com.tr\/","logo":{"@type":"ImageObject","inLanguage":"en-US","@id":"https:\/\/eyli.com.tr\/#\/schema\/logo\/image\/","url":"https:\/\/eyli.com.tr\/wp-content\/uploads\/2020\/04\/WhatsApp-Image-2020-04-23-at-03.11.52-e1587829137284.jpeg","contentUrl":"https:\/\/eyli.com.tr\/wp-content\/uploads\/2020\/04\/WhatsApp-Image-2020-04-23-at-03.11.52-e1587829137284.jpeg","width":1600,"height":900,"caption":"Eyli \u0130\u015f Makineleri"},"image":{"@id":"https:\/\/eyli.com.tr\/#\/schema\/logo\/image\/"},"sameAs":["https:\/\/www.facebook.com\/eylicomtr"]}]}},"_links":{"self":[{"href":"https:\/\/eyli.com.tr\/en\/wp-json\/wp\/v2\/pages\/984","targetHints":{"allow":["GET"]}}],"collection":[{"href":"https:\/\/eyli.com.tr\/en\/wp-json\/wp\/v2\/pages"}],"about":[{"href":"https:\/\/eyli.com.tr\/en\/wp-json\/wp\/v2\/types\/page"}],"author":[{"embeddable":true,"href":"https:\/\/eyli.com.tr\/en\/wp-json\/wp\/v2\/users\/1"}],"replies":[{"embeddable":true,"href":"https:\/\/eyli.com.tr\/en\/wp-json\/wp\/v2\/comments?post=984"}],"version-history":[{"count":5,"href":"https:\/\/eyli.com.tr\/en\/wp-json\/wp\/v2\/pages\/984\/revisions"}],"predecessor-version":[{"id":1724,"href":"https:\/\/eyli.com.tr\/en\/wp-json\/wp\/v2\/pages\/984\/revisions\/1724"}],"wp:attachment":[{"href":"https:\/\/eyli.com.tr\/en\/wp-json\/wp\/v2\/media?parent=984"}],"curies":[{"name":"wp","href":"https:\/\/api.w.org\/{rel}","templated":true}]}}