{"id":859,"date":"2016-05-12T17:44:06","date_gmt":"2016-05-12T14:44:06","guid":{"rendered":"http:\/\/eyli.com.tr\/?page_id=859"},"modified":"2016-10-10T13:47:01","modified_gmt":"2016-10-10T10:47:01","slug":"ihracatta-buyume","status":"publish","type":"page","link":"https:\/\/eyli.com.tr\/en\/ihracatta-buyume\/","title":{"rendered":"EXPENDING AT EXPORT"},"content":{"rendered":"<p><img loading=\"lazy\" decoding=\"async\" class=\"wp-image-864 size-full alignleft\" src=\"http:\/\/eyli.com.tr\/wp-content\/uploads\/2016\/05\/ihracatta-buyume.jpg\" alt=\"ihracatta-buyume\" width=\"600\" height=\"400\" srcset=\"https:\/\/eyli.com.tr\/wp-content\/uploads\/2016\/05\/ihracatta-buyume.jpg 600w, https:\/\/eyli.com.tr\/wp-content\/uploads\/2016\/05\/ihracatta-buyume-300x200.jpg 300w\" sizes=\"auto, (max-width: 600px) 100vw, 600px\" \/><\/p>\n<p>Our company, in order to broaden its payment options such as L\/C, wire transfers, check etc, for the purpose of reaching to more countries for its export operations, began working with EXIMBANK. We believe that within this scope, by undertaking larger scale exports, both countries would provide a long term and reliable trade approach to each other.<\/p>","protected":false},"excerpt":{"rendered":"<p>Our company, in order to broaden its payment options such as L\/C, wire transfers, check etc, for the purpose of reaching to more countries for its export operations, began working with EXIMBANK. We believe that within this scope, by undertaking larger scale exports, both countries would provide a long term and reliable trade approach to [&hellip;]<\/p>\n","protected":false},"author":1,"featured_media":0,"parent":0,"menu_order":0,"comment_status":"closed","ping_status":"closed","template":"page-fullwidth.php","meta":{"footnotes":""},"class_list":["post-859","page","type-page","status-publish","hentry"],"yoast_head":"<!-- This site is optimized with the Yoast SEO plugin v26.8 - https:\/\/yoast.com\/product\/yoast-seo-wordpress\/ -->\n<title>EXPENDING AT EXPORT - Eyli \u0130\u015f Makineleri<\/title>\n<meta name=\"robots\" content=\"index, follow, max-snippet:-1, max-image-preview:large, max-video-preview:-1\" \/>\n<link rel=\"canonical\" href=\"https:\/\/eyli.com.tr\/ihracatta-buyume\/\" \/>\n<meta property=\"og:locale\" content=\"en_US\" \/>\n<meta property=\"og:type\" content=\"article\" \/>\n<meta property=\"og:title\" content=\"[:tr]\u0130HRACATTA B\u00dcY\u00dcME[:en]EXPENDING AT EXPORT[:ru]\u0420\u043e\u0441\u0442 \u044d\u043a\u0441\u043f\u043e\u0440\u0442\u0430[:] - Eyli \u0130\u015f Makineleri\" \/>\n<meta property=\"og:description\" content=\"Our company, in order to broaden its payment options such as L\/C, wire transfers, check etc, for the purpose of reaching to more countries for its export operations, began working with EXIMBANK. We believe that within this scope, by undertaking larger scale exports, both countries would provide a long term and reliable trade approach to [&hellip;]\" \/>\n<meta property=\"og:url\" content=\"https:\/\/eyli.com.tr\/ihracatta-buyume\/\" \/>\n<meta property=\"og:site_name\" content=\"Eyli \u0130\u015f Makineleri\" \/>\n<meta property=\"article:publisher\" content=\"https:\/\/www.facebook.com\/eylicomtr\" \/>\n<meta property=\"article:modified_time\" content=\"2016-10-10T10:47:01+00:00\" \/>\n<meta property=\"og:image\" content=\"http:\/\/eyli.com.tr\/wp-content\/uploads\/2016\/05\/ihracatta-buyume.jpg\" \/>\n<meta name=\"twitter:card\" content=\"summary_large_image\" \/>\n<meta name=\"twitter:label1\" content=\"Est. reading time\" \/>\n\t<meta name=\"twitter:data1\" content=\"1 minute\" \/>\n<script type=\"application\/ld+json\" class=\"yoast-schema-graph\">{\"@context\":\"https:\/\/schema.org\",\"@graph\":[{\"@type\":\"WebPage\",\"@id\":\"https:\/\/eyli.com.tr\/ihracatta-buyume\/\",\"url\":\"https:\/\/eyli.com.tr\/ihracatta-buyume\/\",\"name\":\"[:tr]\u0130HRACATTA B\u00dcY\u00dcME[:en]EXPENDING AT EXPORT[:ru]\u0420\u043e\u0441\u0442 \u044d\u043a\u0441\u043f\u043e\u0440\u0442\u0430[:] - Eyli \u0130\u015f Makineleri\",\"isPartOf\":{\"@id\":\"https:\/\/eyli.com.tr\/#website\"},\"primaryImageOfPage\":{\"@id\":\"https:\/\/eyli.com.tr\/ihracatta-buyume\/#primaryimage\"},\"image\":{\"@id\":\"https:\/\/eyli.com.tr\/ihracatta-buyume\/#primaryimage\"},\"thumbnailUrl\":\"http:\/\/eyli.com.tr\/wp-content\/uploads\/2016\/05\/ihracatta-buyume.jpg\",\"datePublished\":\"2016-05-12T14:44:06+00:00\",\"dateModified\":\"2016-10-10T10:47:01+00:00\",\"breadcrumb\":{\"@id\":\"https:\/\/eyli.com.tr\/ihracatta-buyume\/#breadcrumb\"},\"inLanguage\":\"en-US\",\"potentialAction\":[{\"@type\":\"ReadAction\",\"target\":[\"https:\/\/eyli.com.tr\/ihracatta-buyume\/\"]}]},{\"@type\":\"ImageObject\",\"inLanguage\":\"en-US\",\"@id\":\"https:\/\/eyli.com.tr\/ihracatta-buyume\/#primaryimage\",\"url\":\"http:\/\/eyli.com.tr\/wp-content\/uploads\/2016\/05\/ihracatta-buyume.jpg\",\"contentUrl\":\"http:\/\/eyli.com.tr\/wp-content\/uploads\/2016\/05\/ihracatta-buyume.jpg\"},{\"@type\":\"BreadcrumbList\",\"@id\":\"https:\/\/eyli.com.tr\/ihracatta-buyume\/#breadcrumb\",\"itemListElement\":[{\"@type\":\"ListItem\",\"position\":1,\"name\":\"Ana sayfa\",\"item\":\"https:\/\/eyli.com.tr\/\"},{\"@type\":\"ListItem\",\"position\":2,\"name\":\"\u0130HRACATTA B\u00dcY\u00dcME\"}]},{\"@type\":\"WebSite\",\"@id\":\"https:\/\/eyli.com.tr\/#website\",\"url\":\"https:\/\/eyli.com.tr\/\",\"name\":\"Eyli \u0130\u015f Makineleri\",\"description\":\"\",\"publisher\":{\"@id\":\"https:\/\/eyli.com.tr\/#organization\"},\"potentialAction\":[{\"@type\":\"SearchAction\",\"target\":{\"@type\":\"EntryPoint\",\"urlTemplate\":\"https:\/\/eyli.com.tr\/?s={search_term_string}\"},\"query-input\":{\"@type\":\"PropertyValueSpecification\",\"valueRequired\":true,\"valueName\":\"search_term_string\"}}],\"inLanguage\":\"en-US\"},{\"@type\":\"Organization\",\"@id\":\"https:\/\/eyli.com.tr\/#organization\",\"name\":\"Eyli \u0130\u015f Makineleri\",\"url\":\"https:\/\/eyli.com.tr\/\",\"logo\":{\"@type\":\"ImageObject\",\"inLanguage\":\"en-US\",\"@id\":\"https:\/\/eyli.com.tr\/#\/schema\/logo\/image\/\",\"url\":\"https:\/\/eyli.com.tr\/wp-content\/uploads\/2020\/04\/WhatsApp-Image-2020-04-23-at-03.11.52-e1587829137284.jpeg\",\"contentUrl\":\"https:\/\/eyli.com.tr\/wp-content\/uploads\/2020\/04\/WhatsApp-Image-2020-04-23-at-03.11.52-e1587829137284.jpeg\",\"width\":1600,\"height\":900,\"caption\":\"Eyli \u0130\u015f Makineleri\"},\"image\":{\"@id\":\"https:\/\/eyli.com.tr\/#\/schema\/logo\/image\/\"},\"sameAs\":[\"https:\/\/www.facebook.com\/eylicomtr\"]}]}<\/script>\n<!-- \/ Yoast SEO plugin. -->","yoast_head_json":{"title":"[:tr]\u0130HRACATTA B\u00dcY\u00dcME[:en]EXPENDING AT EXPORT[:ru]\u0420\u043e\u0441\u0442 \u044d\u043a\u0441\u043f\u043e\u0440\u0442\u0430[:] - Eyli \u0130\u015f Makineleri","robots":{"index":"index","follow":"follow","max-snippet":"max-snippet:-1","max-image-preview":"max-image-preview:large","max-video-preview":"max-video-preview:-1"},"canonical":"https:\/\/eyli.com.tr\/ihracatta-buyume\/","og_locale":"en_US","og_type":"article","og_title":"[:tr]\u0130HRACATTA B\u00dcY\u00dcME[:en]EXPENDING AT EXPORT[:ru]\u0420\u043e\u0441\u0442 \u044d\u043a\u0441\u043f\u043e\u0440\u0442\u0430[:] - Eyli \u0130\u015f Makineleri","og_description":"Our company, in order to broaden its payment options such as L\/C, wire transfers, check etc, for the purpose of reaching to more countries for its export operations, began working with EXIMBANK. We believe that within this scope, by undertaking larger scale exports, both countries would provide a long term and reliable trade approach to [&hellip;]","og_url":"https:\/\/eyli.com.tr\/ihracatta-buyume\/","og_site_name":"Eyli \u0130\u015f Makineleri","article_publisher":"https:\/\/www.facebook.com\/eylicomtr","article_modified_time":"2016-10-10T10:47:01+00:00","og_image":[{"url":"http:\/\/eyli.com.tr\/wp-content\/uploads\/2016\/05\/ihracatta-buyume.jpg","type":"","width":"","height":""}],"twitter_card":"summary_large_image","twitter_misc":{"Est. reading time":"1 minute"},"schema":{"@context":"https:\/\/schema.org","@graph":[{"@type":"WebPage","@id":"https:\/\/eyli.com.tr\/ihracatta-buyume\/","url":"https:\/\/eyli.com.tr\/ihracatta-buyume\/","name":"[:tr]\u0130HRACATTA B\u00dcY\u00dcME[:en]EXPENDING AT EXPORT[:ru]\u0420\u043e\u0441\u0442 \u044d\u043a\u0441\u043f\u043e\u0440\u0442\u0430[:] - Eyli \u0130\u015f Makineleri","isPartOf":{"@id":"https:\/\/eyli.com.tr\/#website"},"primaryImageOfPage":{"@id":"https:\/\/eyli.com.tr\/ihracatta-buyume\/#primaryimage"},"image":{"@id":"https:\/\/eyli.com.tr\/ihracatta-buyume\/#primaryimage"},"thumbnailUrl":"http:\/\/eyli.com.tr\/wp-content\/uploads\/2016\/05\/ihracatta-buyume.jpg","datePublished":"2016-05-12T14:44:06+00:00","dateModified":"2016-10-10T10:47:01+00:00","breadcrumb":{"@id":"https:\/\/eyli.com.tr\/ihracatta-buyume\/#breadcrumb"},"inLanguage":"en-US","potentialAction":[{"@type":"ReadAction","target":["https:\/\/eyli.com.tr\/ihracatta-buyume\/"]}]},{"@type":"ImageObject","inLanguage":"en-US","@id":"https:\/\/eyli.com.tr\/ihracatta-buyume\/#primaryimage","url":"http:\/\/eyli.com.tr\/wp-content\/uploads\/2016\/05\/ihracatta-buyume.jpg","contentUrl":"http:\/\/eyli.com.tr\/wp-content\/uploads\/2016\/05\/ihracatta-buyume.jpg"},{"@type":"BreadcrumbList","@id":"https:\/\/eyli.com.tr\/ihracatta-buyume\/#breadcrumb","itemListElement":[{"@type":"ListItem","position":1,"name":"Ana sayfa","item":"https:\/\/eyli.com.tr\/"},{"@type":"ListItem","position":2,"name":"\u0130HRACATTA B\u00dcY\u00dcME"}]},{"@type":"WebSite","@id":"https:\/\/eyli.com.tr\/#website","url":"https:\/\/eyli.com.tr\/","name":"Eyli \u0130\u015f Makineleri","description":"","publisher":{"@id":"https:\/\/eyli.com.tr\/#organization"},"potentialAction":[{"@type":"SearchAction","target":{"@type":"EntryPoint","urlTemplate":"https:\/\/eyli.com.tr\/?s={search_term_string}"},"query-input":{"@type":"PropertyValueSpecification","valueRequired":true,"valueName":"search_term_string"}}],"inLanguage":"en-US"},{"@type":"Organization","@id":"https:\/\/eyli.com.tr\/#organization","name":"Eyli \u0130\u015f Makineleri","url":"https:\/\/eyli.com.tr\/","logo":{"@type":"ImageObject","inLanguage":"en-US","@id":"https:\/\/eyli.com.tr\/#\/schema\/logo\/image\/","url":"https:\/\/eyli.com.tr\/wp-content\/uploads\/2020\/04\/WhatsApp-Image-2020-04-23-at-03.11.52-e1587829137284.jpeg","contentUrl":"https:\/\/eyli.com.tr\/wp-content\/uploads\/2020\/04\/WhatsApp-Image-2020-04-23-at-03.11.52-e1587829137284.jpeg","width":1600,"height":900,"caption":"Eyli \u0130\u015f Makineleri"},"image":{"@id":"https:\/\/eyli.com.tr\/#\/schema\/logo\/image\/"},"sameAs":["https:\/\/www.facebook.com\/eylicomtr"]}]}},"_links":{"self":[{"href":"https:\/\/eyli.com.tr\/en\/wp-json\/wp\/v2\/pages\/859","targetHints":{"allow":["GET"]}}],"collection":[{"href":"https:\/\/eyli.com.tr\/en\/wp-json\/wp\/v2\/pages"}],"about":[{"href":"https:\/\/eyli.com.tr\/en\/wp-json\/wp\/v2\/types\/page"}],"author":[{"embeddable":true,"href":"https:\/\/eyli.com.tr\/en\/wp-json\/wp\/v2\/users\/1"}],"replies":[{"embeddable":true,"href":"https:\/\/eyli.com.tr\/en\/wp-json\/wp\/v2\/comments?post=859"}],"version-history":[{"count":4,"href":"https:\/\/eyli.com.tr\/en\/wp-json\/wp\/v2\/pages\/859\/revisions"}],"predecessor-version":[{"id":1643,"href":"https:\/\/eyli.com.tr\/en\/wp-json\/wp\/v2\/pages\/859\/revisions\/1643"}],"wp:attachment":[{"href":"https:\/\/eyli.com.tr\/en\/wp-json\/wp\/v2\/media?parent=859"}],"curies":[{"name":"wp","href":"https:\/\/api.w.org\/{rel}","templated":true}]}}