{"id":823,"date":"2016-05-10T15:31:27","date_gmt":"2016-05-10T12:31:27","guid":{"rendered":"http:\/\/eyli.com.tr\/?page_id=823"},"modified":"2016-05-11T12:04:25","modified_gmt":"2016-05-11T09:04:25","slug":"2-el-volvo-a40d-kaya-kamyonu-2006-model","status":"publish","type":"page","link":"https:\/\/eyli.com.tr\/en\/2-el-volvo-a40d-kaya-kamyonu-2006-model\/","title":{"rendered":"2. El Volvo A40D Kaya Kamyonu 2006 Model"},"content":{"rendered":"<div style=\"width:100%\"><div class=\"wd_error\"><p><strong>There is no gallery selected or the gallery was deleted.<\/strong><\/p><\/div><\/div>\n<p>&nbsp;<\/p>\n<p><strong>MARKA\u00a0<\/strong><\/p>\n<p>Volvo A40D<\/p>\n<p><strong>MODEL\u00a0<\/strong><\/p>\n<p>2006<\/p>\n<p><strong>\u00c7ALI\u015eMA SAAT<\/strong><\/p>\n<p>11.000<\/p>\n<p><strong>\u00c7EK\u0130\u015e<\/strong><\/p>\n<p>6\u00d76<\/p>\n<p><strong>BO\u015e A\u011eIRLIK<\/strong><\/p>\n<p>37,0 ton<\/p>\n<p><strong>Y\u00dcKL\u00dc A\u011eIRLIK<\/strong><\/p>\n<p>68,2 ton<\/p>\n<p><strong>MAKS\u0130MUM HIZ<\/strong><\/p>\n<p>55 km<\/p>\n<p><strong>MAZOT TANK<\/strong><\/p>\n<p>\u2014\u2014\u2014<\/p>\n<p><strong>SO\u011eUTMA SUYU<\/strong><\/p>\n<p>\u2014\u2014\u2014<\/p>\n<p><strong>\u015eANZUMAN YA\u011e<\/strong><\/p>\n<p>\u2014\u2014\u2014<\/p>\n<p><strong>H\u0130DROLIK TANK<\/strong><\/p>\n<p>\u2014\u2014\u2013<\/p>\n<p><strong>F\u0130YAT<\/strong><br \/>\n88.000<strong> EURO<\/strong><\/p>\n","protected":false},"excerpt":{"rendered":"<p>&nbsp; MARKA\u00a0 Volvo A40D MODEL\u00a0 2006 \u00c7ALI\u015eMA SAAT 11.000 \u00c7EK\u0130\u015e 6\u00d76 BO\u015e A\u011eIRLIK 37,0 ton Y\u00dcKL\u00dc A\u011eIRLIK 68,2 ton MAKS\u0130MUM HIZ 55 km MAZOT TANK \u2014\u2014\u2014 SO\u011eUTMA SUYU \u2014\u2014\u2014 \u015eANZUMAN YA\u011e \u2014\u2014\u2014 H\u0130DROLIK TANK \u2014\u2014\u2013 F\u0130YAT 88.000 EURO<\/p>\n","protected":false},"author":1,"featured_media":0,"parent":0,"menu_order":0,"comment_status":"closed","ping_status":"closed","template":"page-fullwidth.php","meta":{"footnotes":""},"class_list":["post-823","page","type-page","status-publish","hentry"],"yoast_head":"<!-- This site is optimized with the Yoast SEO plugin v26.8 - https:\/\/yoast.com\/product\/yoast-seo-wordpress\/ -->\n<title>2. El Volvo A40D Kaya Kamyonu 2006 Model - Eyli \u0130\u015f Makineleri<\/title>\n<meta name=\"robots\" content=\"index, follow, max-snippet:-1, max-image-preview:large, max-video-preview:-1\" \/>\n<link rel=\"canonical\" href=\"https:\/\/eyli.com.tr\/2-el-volvo-a40d-kaya-kamyonu-2006-model\/\" \/>\n<meta property=\"og:locale\" content=\"en_US\" \/>\n<meta property=\"og:type\" content=\"article\" \/>\n<meta property=\"og:title\" content=\"2. El Volvo A40D Kaya Kamyonu 2006 Model - Eyli \u0130\u015f Makineleri\" \/>\n<meta property=\"og:description\" content=\"&nbsp; MARKA\u00a0 Volvo A40D MODEL\u00a0 2006 \u00c7ALI\u015eMA SAAT 11.000 \u00c7EK\u0130\u015e 6\u00d76 BO\u015e A\u011eIRLIK 37,0 ton Y\u00dcKL\u00dc A\u011eIRLIK 68,2 ton MAKS\u0130MUM HIZ 55 km MAZOT TANK \u2014\u2014\u2014 SO\u011eUTMA SUYU \u2014\u2014\u2014 \u015eANZUMAN YA\u011e \u2014\u2014\u2014 H\u0130DROLIK TANK \u2014\u2014\u2013 F\u0130YAT 88.000 EURO\" \/>\n<meta property=\"og:url\" content=\"https:\/\/eyli.com.tr\/2-el-volvo-a40d-kaya-kamyonu-2006-model\/\" \/>\n<meta property=\"og:site_name\" content=\"Eyli \u0130\u015f Makineleri\" \/>\n<meta property=\"article:publisher\" content=\"https:\/\/www.facebook.com\/eylicomtr\" \/>\n<meta property=\"article:modified_time\" content=\"2016-05-11T09:04:25+00:00\" \/>\n<meta name=\"twitter:card\" content=\"summary_large_image\" \/>\n<script type=\"application\/ld+json\" class=\"yoast-schema-graph\">{\"@context\":\"https:\/\/schema.org\",\"@graph\":[{\"@type\":\"WebPage\",\"@id\":\"https:\/\/eyli.com.tr\/2-el-volvo-a40d-kaya-kamyonu-2006-model\/\",\"url\":\"https:\/\/eyli.com.tr\/2-el-volvo-a40d-kaya-kamyonu-2006-model\/\",\"name\":\"2. El Volvo A40D Kaya Kamyonu 2006 Model - Eyli \u0130\u015f Makineleri\",\"isPartOf\":{\"@id\":\"https:\/\/eyli.com.tr\/#website\"},\"datePublished\":\"2016-05-10T12:31:27+00:00\",\"dateModified\":\"2016-05-11T09:04:25+00:00\",\"breadcrumb\":{\"@id\":\"https:\/\/eyli.com.tr\/2-el-volvo-a40d-kaya-kamyonu-2006-model\/#breadcrumb\"},\"inLanguage\":\"en-US\",\"potentialAction\":[{\"@type\":\"ReadAction\",\"target\":[\"https:\/\/eyli.com.tr\/2-el-volvo-a40d-kaya-kamyonu-2006-model\/\"]}]},{\"@type\":\"BreadcrumbList\",\"@id\":\"https:\/\/eyli.com.tr\/2-el-volvo-a40d-kaya-kamyonu-2006-model\/#breadcrumb\",\"itemListElement\":[{\"@type\":\"ListItem\",\"position\":1,\"name\":\"Ana sayfa\",\"item\":\"https:\/\/eyli.com.tr\/\"},{\"@type\":\"ListItem\",\"position\":2,\"name\":\"2. El Volvo A40D Kaya Kamyonu 2006 Model\"}]},{\"@type\":\"WebSite\",\"@id\":\"https:\/\/eyli.com.tr\/#website\",\"url\":\"https:\/\/eyli.com.tr\/\",\"name\":\"Eyli \u0130\u015f Makineleri\",\"description\":\"\",\"publisher\":{\"@id\":\"https:\/\/eyli.com.tr\/#organization\"},\"potentialAction\":[{\"@type\":\"SearchAction\",\"target\":{\"@type\":\"EntryPoint\",\"urlTemplate\":\"https:\/\/eyli.com.tr\/?s={search_term_string}\"},\"query-input\":{\"@type\":\"PropertyValueSpecification\",\"valueRequired\":true,\"valueName\":\"search_term_string\"}}],\"inLanguage\":\"en-US\"},{\"@type\":\"Organization\",\"@id\":\"https:\/\/eyli.com.tr\/#organization\",\"name\":\"Eyli \u0130\u015f Makineleri\",\"url\":\"https:\/\/eyli.com.tr\/\",\"logo\":{\"@type\":\"ImageObject\",\"inLanguage\":\"en-US\",\"@id\":\"https:\/\/eyli.com.tr\/#\/schema\/logo\/image\/\",\"url\":\"https:\/\/eyli.com.tr\/wp-content\/uploads\/2020\/04\/WhatsApp-Image-2020-04-23-at-03.11.52-e1587829137284.jpeg\",\"contentUrl\":\"https:\/\/eyli.com.tr\/wp-content\/uploads\/2020\/04\/WhatsApp-Image-2020-04-23-at-03.11.52-e1587829137284.jpeg\",\"width\":1600,\"height\":900,\"caption\":\"Eyli \u0130\u015f Makineleri\"},\"image\":{\"@id\":\"https:\/\/eyli.com.tr\/#\/schema\/logo\/image\/\"},\"sameAs\":[\"https:\/\/www.facebook.com\/eylicomtr\"]}]}<\/script>\n<!-- \/ Yoast SEO plugin. -->","yoast_head_json":{"title":"2. El Volvo A40D Kaya Kamyonu 2006 Model - Eyli \u0130\u015f Makineleri","robots":{"index":"index","follow":"follow","max-snippet":"max-snippet:-1","max-image-preview":"max-image-preview:large","max-video-preview":"max-video-preview:-1"},"canonical":"https:\/\/eyli.com.tr\/2-el-volvo-a40d-kaya-kamyonu-2006-model\/","og_locale":"en_US","og_type":"article","og_title":"2. El Volvo A40D Kaya Kamyonu 2006 Model - Eyli \u0130\u015f Makineleri","og_description":"&nbsp; MARKA\u00a0 Volvo A40D MODEL\u00a0 2006 \u00c7ALI\u015eMA SAAT 11.000 \u00c7EK\u0130\u015e 6\u00d76 BO\u015e A\u011eIRLIK 37,0 ton Y\u00dcKL\u00dc A\u011eIRLIK 68,2 ton MAKS\u0130MUM HIZ 55 km MAZOT TANK \u2014\u2014\u2014 SO\u011eUTMA SUYU \u2014\u2014\u2014 \u015eANZUMAN YA\u011e \u2014\u2014\u2014 H\u0130DROLIK TANK \u2014\u2014\u2013 F\u0130YAT 88.000 EURO","og_url":"https:\/\/eyli.com.tr\/2-el-volvo-a40d-kaya-kamyonu-2006-model\/","og_site_name":"Eyli \u0130\u015f Makineleri","article_publisher":"https:\/\/www.facebook.com\/eylicomtr","article_modified_time":"2016-05-11T09:04:25+00:00","twitter_card":"summary_large_image","schema":{"@context":"https:\/\/schema.org","@graph":[{"@type":"WebPage","@id":"https:\/\/eyli.com.tr\/2-el-volvo-a40d-kaya-kamyonu-2006-model\/","url":"https:\/\/eyli.com.tr\/2-el-volvo-a40d-kaya-kamyonu-2006-model\/","name":"2. El Volvo A40D Kaya Kamyonu 2006 Model - Eyli \u0130\u015f Makineleri","isPartOf":{"@id":"https:\/\/eyli.com.tr\/#website"},"datePublished":"2016-05-10T12:31:27+00:00","dateModified":"2016-05-11T09:04:25+00:00","breadcrumb":{"@id":"https:\/\/eyli.com.tr\/2-el-volvo-a40d-kaya-kamyonu-2006-model\/#breadcrumb"},"inLanguage":"en-US","potentialAction":[{"@type":"ReadAction","target":["https:\/\/eyli.com.tr\/2-el-volvo-a40d-kaya-kamyonu-2006-model\/"]}]},{"@type":"BreadcrumbList","@id":"https:\/\/eyli.com.tr\/2-el-volvo-a40d-kaya-kamyonu-2006-model\/#breadcrumb","itemListElement":[{"@type":"ListItem","position":1,"name":"Ana sayfa","item":"https:\/\/eyli.com.tr\/"},{"@type":"ListItem","position":2,"name":"2. El Volvo A40D Kaya Kamyonu 2006 Model"}]},{"@type":"WebSite","@id":"https:\/\/eyli.com.tr\/#website","url":"https:\/\/eyli.com.tr\/","name":"Eyli \u0130\u015f Makineleri","description":"","publisher":{"@id":"https:\/\/eyli.com.tr\/#organization"},"potentialAction":[{"@type":"SearchAction","target":{"@type":"EntryPoint","urlTemplate":"https:\/\/eyli.com.tr\/?s={search_term_string}"},"query-input":{"@type":"PropertyValueSpecification","valueRequired":true,"valueName":"search_term_string"}}],"inLanguage":"en-US"},{"@type":"Organization","@id":"https:\/\/eyli.com.tr\/#organization","name":"Eyli \u0130\u015f Makineleri","url":"https:\/\/eyli.com.tr\/","logo":{"@type":"ImageObject","inLanguage":"en-US","@id":"https:\/\/eyli.com.tr\/#\/schema\/logo\/image\/","url":"https:\/\/eyli.com.tr\/wp-content\/uploads\/2020\/04\/WhatsApp-Image-2020-04-23-at-03.11.52-e1587829137284.jpeg","contentUrl":"https:\/\/eyli.com.tr\/wp-content\/uploads\/2020\/04\/WhatsApp-Image-2020-04-23-at-03.11.52-e1587829137284.jpeg","width":1600,"height":900,"caption":"Eyli \u0130\u015f Makineleri"},"image":{"@id":"https:\/\/eyli.com.tr\/#\/schema\/logo\/image\/"},"sameAs":["https:\/\/www.facebook.com\/eylicomtr"]}]}},"_links":{"self":[{"href":"https:\/\/eyli.com.tr\/en\/wp-json\/wp\/v2\/pages\/823","targetHints":{"allow":["GET"]}}],"collection":[{"href":"https:\/\/eyli.com.tr\/en\/wp-json\/wp\/v2\/pages"}],"about":[{"href":"https:\/\/eyli.com.tr\/en\/wp-json\/wp\/v2\/types\/page"}],"author":[{"embeddable":true,"href":"https:\/\/eyli.com.tr\/en\/wp-json\/wp\/v2\/users\/1"}],"replies":[{"embeddable":true,"href":"https:\/\/eyli.com.tr\/en\/wp-json\/wp\/v2\/comments?post=823"}],"version-history":[{"count":2,"href":"https:\/\/eyli.com.tr\/en\/wp-json\/wp\/v2\/pages\/823\/revisions"}],"predecessor-version":[{"id":836,"href":"https:\/\/eyli.com.tr\/en\/wp-json\/wp\/v2\/pages\/823\/revisions\/836"}],"wp:attachment":[{"href":"https:\/\/eyli.com.tr\/en\/wp-json\/wp\/v2\/media?parent=823"}],"curies":[{"name":"wp","href":"https:\/\/api.w.org\/{rel}","templated":true}]}}