{"id":749,"date":"2016-05-09T19:36:54","date_gmt":"2016-05-09T16:36:54","guid":{"rendered":"http:\/\/eyli.com.tr\/?page_id=749"},"modified":"2016-10-17T17:27:50","modified_gmt":"2016-10-17T14:27:50","slug":"ekskavator-radyator","status":"publish","type":"page","link":"https:\/\/eyli.com.tr\/en\/ekskavator-radyator\/","title":{"rendered":"Excavator Radiator"},"content":{"rendered":"<p><img loading=\"lazy\" decoding=\"async\" class=\"aligncenter size-full wp-image-750\" src=\"http:\/\/eyli.com.tr\/wp-content\/uploads\/2016\/05\/ekskavator-radyator.png\" alt=\"ekskavator-radyator\" width=\"2976\" height=\"2102\" srcset=\"https:\/\/eyli.com.tr\/wp-content\/uploads\/2016\/05\/ekskavator-radyator.png 2976w, https:\/\/eyli.com.tr\/wp-content\/uploads\/2016\/05\/ekskavator-radyator-300x212.png 300w, https:\/\/eyli.com.tr\/wp-content\/uploads\/2016\/05\/ekskavator-radyator-768x542.png 768w, https:\/\/eyli.com.tr\/wp-content\/uploads\/2016\/05\/ekskavator-radyator-1024x723.png 1024w\" sizes=\"auto, (max-width: 2976px) 100vw, 2976px\" \/><\/p>\n<p>&nbsp;<\/p>\n<p><strong>VOLVO EXCAVATOR RADIATOR SPARE PARTS<\/strong><\/p>\n<table class=\"table table-bordered\">\n<tbody>\n<tr>\n<td>Pos<\/td>\n<td>Parts<\/td>\n<td>Description<\/td>\n<\/tr>\n<tr>\n<td><\/td>\n<td>VOE14533173<\/td>\n<td>Radiator<\/td>\n<\/tr>\n<tr>\n<td>1<\/td>\n<td>VOE11110752<\/td>\n<td>Cooling unit<\/td>\n<\/tr>\n<tr>\n<td>2<\/td>\n<td>VOE11110696<\/td>\n<td>Radiator<\/td>\n<\/tr>\n<tr>\n<td>3<\/td>\n<td>VOE11110753<\/td>\n<td>Charge air cooler<\/td>\n<\/tr>\n<tr>\n<td>4<\/td>\n<td>VOE11110754<\/td>\n<td>\u2022\u2022Frame<\/td>\n<\/tr>\n<tr>\n<td>5<\/td>\n<td>VOE11110624<\/td>\n<td>\u2022\u2022Bleeder nipple<\/td>\n<\/tr>\n<tr>\n<td>6<\/td>\n<td>VOE11110646<\/td>\n<td>\u2022\u2022Rubber damper<\/td>\n<\/tr>\n<tr>\n<td>7<\/td>\n<td>VOE11110755<\/td>\n<td>Plate<\/td>\n<\/tr>\n<tr>\n<td>8<\/td>\n<td>VOE11110712<\/td>\n<td>Valve<\/td>\n<\/tr>\n<tr>\n<td>9<\/td>\n<td>VOE14533831<\/td>\n<td>\u2022Fan shroud<\/td>\n<\/tr>\n<tr>\n<td>10<\/td>\n<td>VOE14533832<\/td>\n<td>\u2022Net<\/td>\n<\/tr>\n<tr>\n<td>11<\/td>\n<td>VOE14541915<\/td>\n<td>\u2022Net<\/td>\n<\/tr>\n<tr>\n<td>12<\/td>\n<td>VOE14533833<\/td>\n<td>Sponge<\/td>\n<\/tr>\n<tr>\n<td>13<\/td>\n<td>VOE14533834<\/td>\n<td>Sponge<\/td>\n<\/tr>\n<tr>\n<td>14<\/td>\n<td>VOE14533835<\/td>\n<td>Sponge<\/td>\n<\/tr>\n<tr>\n<td>15<\/td>\n<td>VOE14533836<\/td>\n<td>Sponge<\/td>\n<\/tr>\n<tr>\n<td>16<\/td>\n<td>VOE14533837<\/td>\n<td>Sponge<\/td>\n<\/tr>\n<tr>\n<td>17<\/td>\n<td>VOE978938<\/td>\n<td>Hexagon screw<\/td>\n<\/tr>\n<tr>\n<td>18<\/td>\n<td>VOE955926<\/td>\n<td>Spring washer<\/td>\n<\/tr>\n<tr>\n<td>19<\/td>\n<td>VOE14533881<\/td>\n<td>Washer<\/td>\n<\/tr>\n<\/tbody>\n<\/table>\n<p>Volvo Excavator Radiator Spare Parts are applicable for the Volvo Excavator Models, indicated below;<\/p>\n<p>EC180B ,\u00a0EC210B,\u00a0EC240B,\u00a0EC290B,\u00a0EC360B,\u00a0EC460B<\/p>","protected":false},"excerpt":{"rendered":"<p>&nbsp; VOLVO EXCAVATOR RADIATOR SPARE PARTS Pos Parts Description VOE14533173 Radiator 1 VOE11110752 Cooling unit 2 VOE11110696 Radiator 3 VOE11110753 Charge air cooler 4 VOE11110754 \u2022\u2022Frame 5 VOE11110624 \u2022\u2022Bleeder nipple 6 VOE11110646 \u2022\u2022Rubber damper 7 VOE11110755 Plate 8 VOE11110712 Valve 9 VOE14533831 \u2022Fan shroud 10 VOE14533832 \u2022Net 11 VOE14541915 \u2022Net 12 VOE14533833 Sponge 13 VOE14533834 [&hellip;]<\/p>\n","protected":false},"author":1,"featured_media":0,"parent":0,"menu_order":0,"comment_status":"closed","ping_status":"closed","template":"page-fullwidth.php","meta":{"footnotes":""},"class_list":["post-749","page","type-page","status-publish","hentry"],"yoast_head":"<!-- This site is optimized with the Yoast SEO plugin v26.8 - https:\/\/yoast.com\/product\/yoast-seo-wordpress\/ -->\n<title>VOLVO EKSKAVAT\u00d6R RADYAT\u00d6R YEDEK PAR\u00c7ALARI<\/title>\n<meta name=\"robots\" content=\"index, follow, max-snippet:-1, max-image-preview:large, max-video-preview:-1\" \/>\n<link rel=\"canonical\" href=\"https:\/\/eyli.com.tr\/ekskavator-radyator\/\" \/>\n<meta property=\"og:locale\" content=\"en_US\" \/>\n<meta property=\"og:type\" content=\"article\" \/>\n<meta property=\"og:title\" content=\"VOLVO EKSKAVAT\u00d6R RADYAT\u00d6R YEDEK PAR\u00c7ALARI\" \/>\n<meta property=\"og:description\" content=\"&nbsp; VOLVO EXCAVATOR RADIATOR SPARE PARTS Pos Parts Description VOE14533173 Radiator 1 VOE11110752 Cooling unit 2 VOE11110696 Radiator 3 VOE11110753 Charge air cooler 4 VOE11110754 \u2022\u2022Frame 5 VOE11110624 \u2022\u2022Bleeder nipple 6 VOE11110646 \u2022\u2022Rubber damper 7 VOE11110755 Plate 8 VOE11110712 Valve 9 VOE14533831 \u2022Fan shroud 10 VOE14533832 \u2022Net 11 VOE14541915 \u2022Net 12 VOE14533833 Sponge 13 VOE14533834 [&hellip;]\" \/>\n<meta property=\"og:url\" content=\"https:\/\/eyli.com.tr\/ekskavator-radyator\/\" \/>\n<meta property=\"og:site_name\" content=\"Eyli \u0130\u015f Makineleri\" \/>\n<meta property=\"article:publisher\" content=\"https:\/\/www.facebook.com\/eylicomtr\" \/>\n<meta property=\"article:modified_time\" content=\"2016-10-17T14:27:50+00:00\" \/>\n<meta property=\"og:image\" content=\"http:\/\/eyli.com.tr\/wp-content\/uploads\/2016\/05\/ekskavator-radyator.png\" \/>\n<meta name=\"twitter:card\" content=\"summary_large_image\" \/>\n<meta name=\"twitter:label1\" content=\"Est. reading time\" \/>\n\t<meta name=\"twitter:data1\" content=\"1 minute\" \/>\n<script type=\"application\/ld+json\" class=\"yoast-schema-graph\">{\"@context\":\"https:\/\/schema.org\",\"@graph\":[{\"@type\":\"WebPage\",\"@id\":\"https:\/\/eyli.com.tr\/ekskavator-radyator\/\",\"url\":\"https:\/\/eyli.com.tr\/ekskavator-radyator\/\",\"name\":\"VOLVO EKSKAVAT\u00d6R RADYAT\u00d6R YEDEK PAR\u00c7ALARI\",\"isPartOf\":{\"@id\":\"https:\/\/eyli.com.tr\/#website\"},\"primaryImageOfPage\":{\"@id\":\"https:\/\/eyli.com.tr\/ekskavator-radyator\/#primaryimage\"},\"image\":{\"@id\":\"https:\/\/eyli.com.tr\/ekskavator-radyator\/#primaryimage\"},\"thumbnailUrl\":\"http:\/\/eyli.com.tr\/wp-content\/uploads\/2016\/05\/ekskavator-radyator.png\",\"datePublished\":\"2016-05-09T16:36:54+00:00\",\"dateModified\":\"2016-10-17T14:27:50+00:00\",\"breadcrumb\":{\"@id\":\"https:\/\/eyli.com.tr\/ekskavator-radyator\/#breadcrumb\"},\"inLanguage\":\"en-US\",\"potentialAction\":[{\"@type\":\"ReadAction\",\"target\":[\"https:\/\/eyli.com.tr\/ekskavator-radyator\/\"]}]},{\"@type\":\"ImageObject\",\"inLanguage\":\"en-US\",\"@id\":\"https:\/\/eyli.com.tr\/ekskavator-radyator\/#primaryimage\",\"url\":\"http:\/\/eyli.com.tr\/wp-content\/uploads\/2016\/05\/ekskavator-radyator.png\",\"contentUrl\":\"http:\/\/eyli.com.tr\/wp-content\/uploads\/2016\/05\/ekskavator-radyator.png\"},{\"@type\":\"BreadcrumbList\",\"@id\":\"https:\/\/eyli.com.tr\/ekskavator-radyator\/#breadcrumb\",\"itemListElement\":[{\"@type\":\"ListItem\",\"position\":1,\"name\":\"Ana sayfa\",\"item\":\"https:\/\/eyli.com.tr\/\"},{\"@type\":\"ListItem\",\"position\":2,\"name\":\"Ekskavat\u00f6r Radyat\u00f6r\"}]},{\"@type\":\"WebSite\",\"@id\":\"https:\/\/eyli.com.tr\/#website\",\"url\":\"https:\/\/eyli.com.tr\/\",\"name\":\"Eyli \u0130\u015f Makineleri\",\"description\":\"\",\"publisher\":{\"@id\":\"https:\/\/eyli.com.tr\/#organization\"},\"potentialAction\":[{\"@type\":\"SearchAction\",\"target\":{\"@type\":\"EntryPoint\",\"urlTemplate\":\"https:\/\/eyli.com.tr\/?s={search_term_string}\"},\"query-input\":{\"@type\":\"PropertyValueSpecification\",\"valueRequired\":true,\"valueName\":\"search_term_string\"}}],\"inLanguage\":\"en-US\"},{\"@type\":\"Organization\",\"@id\":\"https:\/\/eyli.com.tr\/#organization\",\"name\":\"Eyli \u0130\u015f Makineleri\",\"url\":\"https:\/\/eyli.com.tr\/\",\"logo\":{\"@type\":\"ImageObject\",\"inLanguage\":\"en-US\",\"@id\":\"https:\/\/eyli.com.tr\/#\/schema\/logo\/image\/\",\"url\":\"https:\/\/eyli.com.tr\/wp-content\/uploads\/2020\/04\/WhatsApp-Image-2020-04-23-at-03.11.52-e1587829137284.jpeg\",\"contentUrl\":\"https:\/\/eyli.com.tr\/wp-content\/uploads\/2020\/04\/WhatsApp-Image-2020-04-23-at-03.11.52-e1587829137284.jpeg\",\"width\":1600,\"height\":900,\"caption\":\"Eyli \u0130\u015f Makineleri\"},\"image\":{\"@id\":\"https:\/\/eyli.com.tr\/#\/schema\/logo\/image\/\"},\"sameAs\":[\"https:\/\/www.facebook.com\/eylicomtr\"]}]}<\/script>\n<!-- \/ Yoast SEO plugin. -->","yoast_head_json":{"title":"VOLVO EKSKAVAT\u00d6R RADYAT\u00d6R YEDEK PAR\u00c7ALARI","robots":{"index":"index","follow":"follow","max-snippet":"max-snippet:-1","max-image-preview":"max-image-preview:large","max-video-preview":"max-video-preview:-1"},"canonical":"https:\/\/eyli.com.tr\/ekskavator-radyator\/","og_locale":"en_US","og_type":"article","og_title":"VOLVO EKSKAVAT\u00d6R RADYAT\u00d6R YEDEK PAR\u00c7ALARI","og_description":"&nbsp; VOLVO EXCAVATOR RADIATOR SPARE PARTS Pos Parts Description VOE14533173 Radiator 1 VOE11110752 Cooling unit 2 VOE11110696 Radiator 3 VOE11110753 Charge air cooler 4 VOE11110754 \u2022\u2022Frame 5 VOE11110624 \u2022\u2022Bleeder nipple 6 VOE11110646 \u2022\u2022Rubber damper 7 VOE11110755 Plate 8 VOE11110712 Valve 9 VOE14533831 \u2022Fan shroud 10 VOE14533832 \u2022Net 11 VOE14541915 \u2022Net 12 VOE14533833 Sponge 13 VOE14533834 [&hellip;]","og_url":"https:\/\/eyli.com.tr\/ekskavator-radyator\/","og_site_name":"Eyli \u0130\u015f Makineleri","article_publisher":"https:\/\/www.facebook.com\/eylicomtr","article_modified_time":"2016-10-17T14:27:50+00:00","og_image":[{"url":"http:\/\/eyli.com.tr\/wp-content\/uploads\/2016\/05\/ekskavator-radyator.png","type":"","width":"","height":""}],"twitter_card":"summary_large_image","twitter_misc":{"Est. reading time":"1 minute"},"schema":{"@context":"https:\/\/schema.org","@graph":[{"@type":"WebPage","@id":"https:\/\/eyli.com.tr\/ekskavator-radyator\/","url":"https:\/\/eyli.com.tr\/ekskavator-radyator\/","name":"VOLVO EKSKAVAT\u00d6R RADYAT\u00d6R YEDEK PAR\u00c7ALARI","isPartOf":{"@id":"https:\/\/eyli.com.tr\/#website"},"primaryImageOfPage":{"@id":"https:\/\/eyli.com.tr\/ekskavator-radyator\/#primaryimage"},"image":{"@id":"https:\/\/eyli.com.tr\/ekskavator-radyator\/#primaryimage"},"thumbnailUrl":"http:\/\/eyli.com.tr\/wp-content\/uploads\/2016\/05\/ekskavator-radyator.png","datePublished":"2016-05-09T16:36:54+00:00","dateModified":"2016-10-17T14:27:50+00:00","breadcrumb":{"@id":"https:\/\/eyli.com.tr\/ekskavator-radyator\/#breadcrumb"},"inLanguage":"en-US","potentialAction":[{"@type":"ReadAction","target":["https:\/\/eyli.com.tr\/ekskavator-radyator\/"]}]},{"@type":"ImageObject","inLanguage":"en-US","@id":"https:\/\/eyli.com.tr\/ekskavator-radyator\/#primaryimage","url":"http:\/\/eyli.com.tr\/wp-content\/uploads\/2016\/05\/ekskavator-radyator.png","contentUrl":"http:\/\/eyli.com.tr\/wp-content\/uploads\/2016\/05\/ekskavator-radyator.png"},{"@type":"BreadcrumbList","@id":"https:\/\/eyli.com.tr\/ekskavator-radyator\/#breadcrumb","itemListElement":[{"@type":"ListItem","position":1,"name":"Ana sayfa","item":"https:\/\/eyli.com.tr\/"},{"@type":"ListItem","position":2,"name":"Ekskavat\u00f6r Radyat\u00f6r"}]},{"@type":"WebSite","@id":"https:\/\/eyli.com.tr\/#website","url":"https:\/\/eyli.com.tr\/","name":"Eyli \u0130\u015f Makineleri","description":"","publisher":{"@id":"https:\/\/eyli.com.tr\/#organization"},"potentialAction":[{"@type":"SearchAction","target":{"@type":"EntryPoint","urlTemplate":"https:\/\/eyli.com.tr\/?s={search_term_string}"},"query-input":{"@type":"PropertyValueSpecification","valueRequired":true,"valueName":"search_term_string"}}],"inLanguage":"en-US"},{"@type":"Organization","@id":"https:\/\/eyli.com.tr\/#organization","name":"Eyli \u0130\u015f Makineleri","url":"https:\/\/eyli.com.tr\/","logo":{"@type":"ImageObject","inLanguage":"en-US","@id":"https:\/\/eyli.com.tr\/#\/schema\/logo\/image\/","url":"https:\/\/eyli.com.tr\/wp-content\/uploads\/2020\/04\/WhatsApp-Image-2020-04-23-at-03.11.52-e1587829137284.jpeg","contentUrl":"https:\/\/eyli.com.tr\/wp-content\/uploads\/2020\/04\/WhatsApp-Image-2020-04-23-at-03.11.52-e1587829137284.jpeg","width":1600,"height":900,"caption":"Eyli \u0130\u015f Makineleri"},"image":{"@id":"https:\/\/eyli.com.tr\/#\/schema\/logo\/image\/"},"sameAs":["https:\/\/www.facebook.com\/eylicomtr"]}]}},"_links":{"self":[{"href":"https:\/\/eyli.com.tr\/en\/wp-json\/wp\/v2\/pages\/749","targetHints":{"allow":["GET"]}}],"collection":[{"href":"https:\/\/eyli.com.tr\/en\/wp-json\/wp\/v2\/pages"}],"about":[{"href":"https:\/\/eyli.com.tr\/en\/wp-json\/wp\/v2\/types\/page"}],"author":[{"embeddable":true,"href":"https:\/\/eyli.com.tr\/en\/wp-json\/wp\/v2\/users\/1"}],"replies":[{"embeddable":true,"href":"https:\/\/eyli.com.tr\/en\/wp-json\/wp\/v2\/comments?post=749"}],"version-history":[{"count":5,"href":"https:\/\/eyli.com.tr\/en\/wp-json\/wp\/v2\/pages\/749\/revisions"}],"predecessor-version":[{"id":1751,"href":"https:\/\/eyli.com.tr\/en\/wp-json\/wp\/v2\/pages\/749\/revisions\/1751"}],"wp:attachment":[{"href":"https:\/\/eyli.com.tr\/en\/wp-json\/wp\/v2\/media?parent=749"}],"curies":[{"name":"wp","href":"https:\/\/api.w.org\/{rel}","templated":true}]}}