{"id":743,"date":"2016-05-09T19:25:39","date_gmt":"2016-05-09T16:25:39","guid":{"rendered":"http:\/\/eyli.com.tr\/?page_id=743"},"modified":"2016-10-17T17:35:44","modified_gmt":"2016-10-17T14:35:44","slug":"ekskavator-kariyer","status":"publish","type":"page","link":"https:\/\/eyli.com.tr\/en\/ekskavator-kariyer\/","title":{"rendered":"Excavator Carrier"},"content":{"rendered":"<p><img loading=\"lazy\" decoding=\"async\" class=\"aligncenter size-full wp-image-744\" src=\"http:\/\/eyli.com.tr\/wp-content\/uploads\/2016\/05\/ekskavator-kariyer.png\" alt=\"ekskavator-kariyer\" width=\"2977\" height=\"2103\" srcset=\"https:\/\/eyli.com.tr\/wp-content\/uploads\/2016\/05\/ekskavator-kariyer.png 2977w, https:\/\/eyli.com.tr\/wp-content\/uploads\/2016\/05\/ekskavator-kariyer-300x212.png 300w, https:\/\/eyli.com.tr\/wp-content\/uploads\/2016\/05\/ekskavator-kariyer-768x543.png 768w, https:\/\/eyli.com.tr\/wp-content\/uploads\/2016\/05\/ekskavator-kariyer-1024x723.png 1024w\" sizes=\"auto, (max-width: 2977px) 100vw, 2977px\" \/><\/p>\n<p>&nbsp;<\/p>\n<p><strong>VOLVO EXCAVATOR CARRIER SPARE PARTS<\/strong><\/p>\n<table class=\"table table-bordered\">\n<tbody>\n<tr>\n<td>Pos<\/td>\n<td>Parts<\/td>\n<td>Description<\/td>\n<\/tr>\n<tr>\n<td><\/td>\n<td>VOE14566401<\/td>\n<td>Gearbox<\/td>\n<\/tr>\n<tr>\n<td>1<\/td>\n<td>VOE14566402<\/td>\n<td>Housing<\/td>\n<\/tr>\n<tr>\n<td>2<\/td>\n<td>VOE14566409<\/td>\n<td>Gear<\/td>\n<\/tr>\n<tr>\n<td>3<\/td>\n<td>SA7117-38230<\/td>\n<td>\u2022Bearing<\/td>\n<\/tr>\n<tr>\n<td>4<\/td>\n<td>VOE14566404<\/td>\n<td>\u2022Shim<\/td>\n<\/tr>\n<tr>\n<td>5<\/td>\n<td>VOE14566403<\/td>\n<td>\u2022Retainer<\/td>\n<\/tr>\n<tr>\n<td>6<\/td>\n<td>VOE14566410<\/td>\n<td>-Gear<\/td>\n<\/tr>\n<tr>\n<td>7<\/td>\n<td>VOE14566411<\/td>\n<td>Carrier<\/td>\n<\/tr>\n<tr>\n<td>8<\/td>\n<td>VOE14566415<\/td>\n<td>Pim-Pin<\/td>\n<\/tr>\n<tr>\n<td>9<\/td>\n<td>VOE14566413<\/td>\n<td>Planetary gear<\/td>\n<\/tr>\n<tr>\n<td>10<\/td>\n<td>VOE14566414<\/td>\n<td>Pul-Washer<\/td>\n<\/tr>\n<tr>\n<td>11<\/td>\n<td>SA9325-06012<\/td>\n<td>Spring pin<\/td>\n<\/tr>\n<tr>\n<td>12<\/td>\n<td>SA8230-21020<\/td>\n<td>Thrust ring<\/td>\n<\/tr>\n<tr>\n<td>13<\/td>\n<td>VOE14566412<\/td>\n<td>Rulman-Needle bearing<\/td>\n<\/tr>\n<tr>\n<td>14<\/td>\n<td>VOE984088<\/td>\n<td>\u2022Bolt<\/td>\n<\/tr>\n<tr>\n<td>15<\/td>\n<td>VOE14566416<\/td>\n<td>Gear<\/td>\n<\/tr>\n<tr>\n<td>16<\/td>\n<td>VOE14566418<\/td>\n<td>\u2022Gear<\/td>\n<\/tr>\n<tr>\n<td>17<\/td>\n<td>VOE14566423<\/td>\n<td>Pim-Pin<\/td>\n<\/tr>\n<tr>\n<td>18<\/td>\n<td>VOE14566419<\/td>\n<td>\u2022\u2022Carrier<\/td>\n<\/tr>\n<tr>\n<td>19<\/td>\n<td>VOE14566421<\/td>\n<td>\u2022\u2022Planetary gear<\/td>\n<\/tr>\n<tr>\n<td>20<\/td>\n<td>VOE14566422<\/td>\n<td>Pul-Washer<\/td>\n<\/tr>\n<tr>\n<td>21<\/td>\n<td>SA9325-06012<\/td>\n<td>\u2022\u2022Spring pin<\/td>\n<\/tr>\n<tr>\n<td>22<\/td>\n<td>VOE14566420<\/td>\n<td>Rulman-Needle bearing<\/td>\n<\/tr>\n<tr>\n<td>23<\/td>\n<td>VOE14566433<\/td>\n<td>\u2022Plate<\/td>\n<\/tr>\n<tr>\n<td>24<\/td>\n<td>VOE14566424<\/td>\n<td>\u2022Gear<\/td>\n<\/tr>\n<tr>\n<td>25<\/td>\n<td>VOE14566425<\/td>\n<td>\u2022Gear<\/td>\n<\/tr>\n<tr>\n<td>26<\/td>\n<td>VOE14566426<\/td>\n<td>Carrier<\/td>\n<\/tr>\n<tr>\n<td>27<\/td>\n<td>VOE14566428<\/td>\n<td>Planetary gear<\/td>\n<\/tr>\n<tr>\n<td>28<\/td>\n<td>VOE14566429<\/td>\n<td>Pul-Washer<\/td>\n<\/tr>\n<tr>\n<td>29<\/td>\n<td>VOE14566430<\/td>\n<td>Pin-pin<\/td>\n<\/tr>\n<tr>\n<td>30<\/td>\n<td>SA9325-06012<\/td>\n<td>\u2022\u2022Spring pin<\/td>\n<\/tr>\n<tr>\n<td>31<\/td>\n<td>VOE14566427<\/td>\n<td>\u2022\u2022Needle bearing<\/td>\n<\/tr>\n<tr>\n<td>32<\/td>\n<td>VOE14569232<\/td>\n<td>\u2022\u2022Ring<\/td>\n<\/tr>\n<tr>\n<td>33<\/td>\n<td>VOE14566417<\/td>\n<td>\u2022Ring<\/td>\n<\/tr>\n<tr>\n<td>34<\/td>\n<td>VOE14566431<\/td>\n<td>\u2022Gear<\/td>\n<\/tr>\n<tr>\n<td>35<\/td>\n<td>VOE914467<\/td>\n<td>\u2022Retaining ring<\/td>\n<\/tr>\n<tr>\n<td>36<\/td>\n<td>VOE14566432<\/td>\n<td>Cover<\/td>\n<\/tr>\n<tr>\n<td>37<\/td>\n<td>SA9011-22028<\/td>\n<td>\u2022Bolt<\/td>\n<\/tr>\n<tr>\n<td>38<\/td>\n<td>SA9213-20000<\/td>\n<td>\u2022Spring Washer<\/td>\n<\/tr>\n<tr>\n<td>39<\/td>\n<td>SA9415-11042<\/td>\n<td>\u2022Plug<\/td>\n<\/tr>\n<tr>\n<td>40<\/td>\n<td>VOE990557<\/td>\n<td>\u2022O-ring<\/td>\n<\/tr>\n<tr>\n<td>41<\/td>\n<td>VOE950677<\/td>\n<td>\u2022Pin<\/td>\n<\/tr>\n<tr>\n<td>42<\/td>\n<td>VOE14579901<\/td>\n<td>\u2022Sealing<\/td>\n<\/tr>\n<\/tbody>\n<\/table>\n<p>Volvo Excavator Carrier Spare Parts are applicable for the Volvo Excavator Models, indicated below;<\/p>\n<p>EC180B ,\u00a0EC210B,\u00a0EC240B,\u00a0EC290B,\u00a0EC360B,\u00a0EC460B<\/p>","protected":false},"excerpt":{"rendered":"<p>&nbsp; VOLVO EXCAVATOR CARRIER SPARE PARTS Pos Parts Description VOE14566401 Gearbox 1 VOE14566402 Housing 2 VOE14566409 Gear 3 SA7117-38230 \u2022Bearing 4 VOE14566404 \u2022Shim 5 VOE14566403 \u2022Retainer 6 VOE14566410 -Gear 7 VOE14566411 Carrier 8 VOE14566415 Pim-Pin 9 VOE14566413 Planetary gear 10 VOE14566414 Pul-Washer 11 SA9325-06012 Spring pin 12 SA8230-21020 Thrust ring 13 VOE14566412 Rulman-Needle bearing 14 [&hellip;]<\/p>\n","protected":false},"author":1,"featured_media":0,"parent":0,"menu_order":0,"comment_status":"closed","ping_status":"closed","template":"page-fullwidth.php","meta":{"footnotes":""},"class_list":["post-743","page","type-page","status-publish","hentry"],"yoast_head":"<!-- This site is optimized with the Yoast SEO plugin v26.8 - https:\/\/yoast.com\/product\/yoast-seo-wordpress\/ -->\n<title>VOLVO EKSKAVAT\u00d6R KAR\u0130YER YEDEK PAR\u00c7ALARI<\/title>\n<meta name=\"robots\" content=\"index, follow, max-snippet:-1, max-image-preview:large, max-video-preview:-1\" \/>\n<link rel=\"canonical\" href=\"https:\/\/eyli.com.tr\/ekskavator-kariyer\/\" \/>\n<meta property=\"og:locale\" content=\"en_US\" \/>\n<meta property=\"og:type\" content=\"article\" \/>\n<meta property=\"og:title\" content=\"VOLVO EKSKAVAT\u00d6R KAR\u0130YER YEDEK PAR\u00c7ALARI\" \/>\n<meta property=\"og:description\" content=\"&nbsp; VOLVO EXCAVATOR CARRIER SPARE PARTS Pos Parts Description VOE14566401 Gearbox 1 VOE14566402 Housing 2 VOE14566409 Gear 3 SA7117-38230 \u2022Bearing 4 VOE14566404 \u2022Shim 5 VOE14566403 \u2022Retainer 6 VOE14566410 -Gear 7 VOE14566411 Carrier 8 VOE14566415 Pim-Pin 9 VOE14566413 Planetary gear 10 VOE14566414 Pul-Washer 11 SA9325-06012 Spring pin 12 SA8230-21020 Thrust ring 13 VOE14566412 Rulman-Needle bearing 14 [&hellip;]\" \/>\n<meta property=\"og:url\" content=\"https:\/\/eyli.com.tr\/ekskavator-kariyer\/\" \/>\n<meta property=\"og:site_name\" content=\"Eyli \u0130\u015f Makineleri\" \/>\n<meta property=\"article:publisher\" content=\"https:\/\/www.facebook.com\/eylicomtr\" \/>\n<meta property=\"article:modified_time\" content=\"2016-10-17T14:35:44+00:00\" \/>\n<meta property=\"og:image\" content=\"http:\/\/eyli.com.tr\/wp-content\/uploads\/2016\/05\/ekskavator-kariyer.png\" \/>\n<meta name=\"twitter:card\" content=\"summary_large_image\" \/>\n<meta name=\"twitter:label1\" content=\"Est. reading time\" \/>\n\t<meta name=\"twitter:data1\" content=\"2 minutes\" \/>\n<script type=\"application\/ld+json\" class=\"yoast-schema-graph\">{\"@context\":\"https:\/\/schema.org\",\"@graph\":[{\"@type\":\"WebPage\",\"@id\":\"https:\/\/eyli.com.tr\/ekskavator-kariyer\/\",\"url\":\"https:\/\/eyli.com.tr\/ekskavator-kariyer\/\",\"name\":\"VOLVO EKSKAVAT\u00d6R KAR\u0130YER YEDEK PAR\u00c7ALARI\",\"isPartOf\":{\"@id\":\"https:\/\/eyli.com.tr\/#website\"},\"primaryImageOfPage\":{\"@id\":\"https:\/\/eyli.com.tr\/ekskavator-kariyer\/#primaryimage\"},\"image\":{\"@id\":\"https:\/\/eyli.com.tr\/ekskavator-kariyer\/#primaryimage\"},\"thumbnailUrl\":\"http:\/\/eyli.com.tr\/wp-content\/uploads\/2016\/05\/ekskavator-kariyer.png\",\"datePublished\":\"2016-05-09T16:25:39+00:00\",\"dateModified\":\"2016-10-17T14:35:44+00:00\",\"breadcrumb\":{\"@id\":\"https:\/\/eyli.com.tr\/ekskavator-kariyer\/#breadcrumb\"},\"inLanguage\":\"en-US\",\"potentialAction\":[{\"@type\":\"ReadAction\",\"target\":[\"https:\/\/eyli.com.tr\/ekskavator-kariyer\/\"]}]},{\"@type\":\"ImageObject\",\"inLanguage\":\"en-US\",\"@id\":\"https:\/\/eyli.com.tr\/ekskavator-kariyer\/#primaryimage\",\"url\":\"http:\/\/eyli.com.tr\/wp-content\/uploads\/2016\/05\/ekskavator-kariyer.png\",\"contentUrl\":\"http:\/\/eyli.com.tr\/wp-content\/uploads\/2016\/05\/ekskavator-kariyer.png\"},{\"@type\":\"BreadcrumbList\",\"@id\":\"https:\/\/eyli.com.tr\/ekskavator-kariyer\/#breadcrumb\",\"itemListElement\":[{\"@type\":\"ListItem\",\"position\":1,\"name\":\"Ana sayfa\",\"item\":\"https:\/\/eyli.com.tr\/\"},{\"@type\":\"ListItem\",\"position\":2,\"name\":\"Ekskavat\u00f6r Kariyer\"}]},{\"@type\":\"WebSite\",\"@id\":\"https:\/\/eyli.com.tr\/#website\",\"url\":\"https:\/\/eyli.com.tr\/\",\"name\":\"Eyli \u0130\u015f Makineleri\",\"description\":\"\",\"publisher\":{\"@id\":\"https:\/\/eyli.com.tr\/#organization\"},\"potentialAction\":[{\"@type\":\"SearchAction\",\"target\":{\"@type\":\"EntryPoint\",\"urlTemplate\":\"https:\/\/eyli.com.tr\/?s={search_term_string}\"},\"query-input\":{\"@type\":\"PropertyValueSpecification\",\"valueRequired\":true,\"valueName\":\"search_term_string\"}}],\"inLanguage\":\"en-US\"},{\"@type\":\"Organization\",\"@id\":\"https:\/\/eyli.com.tr\/#organization\",\"name\":\"Eyli \u0130\u015f Makineleri\",\"url\":\"https:\/\/eyli.com.tr\/\",\"logo\":{\"@type\":\"ImageObject\",\"inLanguage\":\"en-US\",\"@id\":\"https:\/\/eyli.com.tr\/#\/schema\/logo\/image\/\",\"url\":\"https:\/\/eyli.com.tr\/wp-content\/uploads\/2020\/04\/WhatsApp-Image-2020-04-23-at-03.11.52-e1587829137284.jpeg\",\"contentUrl\":\"https:\/\/eyli.com.tr\/wp-content\/uploads\/2020\/04\/WhatsApp-Image-2020-04-23-at-03.11.52-e1587829137284.jpeg\",\"width\":1600,\"height\":900,\"caption\":\"Eyli \u0130\u015f Makineleri\"},\"image\":{\"@id\":\"https:\/\/eyli.com.tr\/#\/schema\/logo\/image\/\"},\"sameAs\":[\"https:\/\/www.facebook.com\/eylicomtr\"]}]}<\/script>\n<!-- \/ Yoast SEO plugin. -->","yoast_head_json":{"title":"VOLVO EKSKAVAT\u00d6R KAR\u0130YER YEDEK PAR\u00c7ALARI","robots":{"index":"index","follow":"follow","max-snippet":"max-snippet:-1","max-image-preview":"max-image-preview:large","max-video-preview":"max-video-preview:-1"},"canonical":"https:\/\/eyli.com.tr\/ekskavator-kariyer\/","og_locale":"en_US","og_type":"article","og_title":"VOLVO EKSKAVAT\u00d6R KAR\u0130YER YEDEK PAR\u00c7ALARI","og_description":"&nbsp; VOLVO EXCAVATOR CARRIER SPARE PARTS Pos Parts Description VOE14566401 Gearbox 1 VOE14566402 Housing 2 VOE14566409 Gear 3 SA7117-38230 \u2022Bearing 4 VOE14566404 \u2022Shim 5 VOE14566403 \u2022Retainer 6 VOE14566410 -Gear 7 VOE14566411 Carrier 8 VOE14566415 Pim-Pin 9 VOE14566413 Planetary gear 10 VOE14566414 Pul-Washer 11 SA9325-06012 Spring pin 12 SA8230-21020 Thrust ring 13 VOE14566412 Rulman-Needle bearing 14 [&hellip;]","og_url":"https:\/\/eyli.com.tr\/ekskavator-kariyer\/","og_site_name":"Eyli \u0130\u015f Makineleri","article_publisher":"https:\/\/www.facebook.com\/eylicomtr","article_modified_time":"2016-10-17T14:35:44+00:00","og_image":[{"url":"http:\/\/eyli.com.tr\/wp-content\/uploads\/2016\/05\/ekskavator-kariyer.png","type":"","width":"","height":""}],"twitter_card":"summary_large_image","twitter_misc":{"Est. reading time":"2 minutes"},"schema":{"@context":"https:\/\/schema.org","@graph":[{"@type":"WebPage","@id":"https:\/\/eyli.com.tr\/ekskavator-kariyer\/","url":"https:\/\/eyli.com.tr\/ekskavator-kariyer\/","name":"VOLVO EKSKAVAT\u00d6R KAR\u0130YER YEDEK PAR\u00c7ALARI","isPartOf":{"@id":"https:\/\/eyli.com.tr\/#website"},"primaryImageOfPage":{"@id":"https:\/\/eyli.com.tr\/ekskavator-kariyer\/#primaryimage"},"image":{"@id":"https:\/\/eyli.com.tr\/ekskavator-kariyer\/#primaryimage"},"thumbnailUrl":"http:\/\/eyli.com.tr\/wp-content\/uploads\/2016\/05\/ekskavator-kariyer.png","datePublished":"2016-05-09T16:25:39+00:00","dateModified":"2016-10-17T14:35:44+00:00","breadcrumb":{"@id":"https:\/\/eyli.com.tr\/ekskavator-kariyer\/#breadcrumb"},"inLanguage":"en-US","potentialAction":[{"@type":"ReadAction","target":["https:\/\/eyli.com.tr\/ekskavator-kariyer\/"]}]},{"@type":"ImageObject","inLanguage":"en-US","@id":"https:\/\/eyli.com.tr\/ekskavator-kariyer\/#primaryimage","url":"http:\/\/eyli.com.tr\/wp-content\/uploads\/2016\/05\/ekskavator-kariyer.png","contentUrl":"http:\/\/eyli.com.tr\/wp-content\/uploads\/2016\/05\/ekskavator-kariyer.png"},{"@type":"BreadcrumbList","@id":"https:\/\/eyli.com.tr\/ekskavator-kariyer\/#breadcrumb","itemListElement":[{"@type":"ListItem","position":1,"name":"Ana sayfa","item":"https:\/\/eyli.com.tr\/"},{"@type":"ListItem","position":2,"name":"Ekskavat\u00f6r Kariyer"}]},{"@type":"WebSite","@id":"https:\/\/eyli.com.tr\/#website","url":"https:\/\/eyli.com.tr\/","name":"Eyli \u0130\u015f Makineleri","description":"","publisher":{"@id":"https:\/\/eyli.com.tr\/#organization"},"potentialAction":[{"@type":"SearchAction","target":{"@type":"EntryPoint","urlTemplate":"https:\/\/eyli.com.tr\/?s={search_term_string}"},"query-input":{"@type":"PropertyValueSpecification","valueRequired":true,"valueName":"search_term_string"}}],"inLanguage":"en-US"},{"@type":"Organization","@id":"https:\/\/eyli.com.tr\/#organization","name":"Eyli \u0130\u015f Makineleri","url":"https:\/\/eyli.com.tr\/","logo":{"@type":"ImageObject","inLanguage":"en-US","@id":"https:\/\/eyli.com.tr\/#\/schema\/logo\/image\/","url":"https:\/\/eyli.com.tr\/wp-content\/uploads\/2020\/04\/WhatsApp-Image-2020-04-23-at-03.11.52-e1587829137284.jpeg","contentUrl":"https:\/\/eyli.com.tr\/wp-content\/uploads\/2020\/04\/WhatsApp-Image-2020-04-23-at-03.11.52-e1587829137284.jpeg","width":1600,"height":900,"caption":"Eyli \u0130\u015f Makineleri"},"image":{"@id":"https:\/\/eyli.com.tr\/#\/schema\/logo\/image\/"},"sameAs":["https:\/\/www.facebook.com\/eylicomtr"]}]}},"_links":{"self":[{"href":"https:\/\/eyli.com.tr\/en\/wp-json\/wp\/v2\/pages\/743","targetHints":{"allow":["GET"]}}],"collection":[{"href":"https:\/\/eyli.com.tr\/en\/wp-json\/wp\/v2\/pages"}],"about":[{"href":"https:\/\/eyli.com.tr\/en\/wp-json\/wp\/v2\/types\/page"}],"author":[{"embeddable":true,"href":"https:\/\/eyli.com.tr\/en\/wp-json\/wp\/v2\/users\/1"}],"replies":[{"embeddable":true,"href":"https:\/\/eyli.com.tr\/en\/wp-json\/wp\/v2\/comments?post=743"}],"version-history":[{"count":5,"href":"https:\/\/eyli.com.tr\/en\/wp-json\/wp\/v2\/pages\/743\/revisions"}],"predecessor-version":[{"id":1753,"href":"https:\/\/eyli.com.tr\/en\/wp-json\/wp\/v2\/pages\/743\/revisions\/1753"}],"wp:attachment":[{"href":"https:\/\/eyli.com.tr\/en\/wp-json\/wp\/v2\/media?parent=743"}],"curies":[{"name":"wp","href":"https:\/\/api.w.org\/{rel}","templated":true}]}}