{"id":726,"date":"2016-05-09T19:00:01","date_gmt":"2016-05-09T16:00:01","guid":{"rendered":"http:\/\/eyli.com.tr\/?page_id=726"},"modified":"2016-10-17T18:15:24","modified_gmt":"2016-10-17T15:15:24","slug":"ekskavator-yuruyus-motoru","status":"publish","type":"page","link":"https:\/\/eyli.com.tr\/en\/ekskavator-yuruyus-motoru\/","title":{"rendered":"Excavator Drive Train Engine"},"content":{"rendered":"<p><img loading=\"lazy\" decoding=\"async\" class=\"aligncenter size-full wp-image-727\" src=\"http:\/\/eyli.com.tr\/wp-content\/uploads\/2016\/05\/ekskavator-yuruyus-motoru.png\" alt=\"ekskavator-yuruyus-motoru\" width=\"2977\" height=\"2103\" srcset=\"https:\/\/eyli.com.tr\/wp-content\/uploads\/2016\/05\/ekskavator-yuruyus-motoru.png 2977w, https:\/\/eyli.com.tr\/wp-content\/uploads\/2016\/05\/ekskavator-yuruyus-motoru-300x212.png 300w, https:\/\/eyli.com.tr\/wp-content\/uploads\/2016\/05\/ekskavator-yuruyus-motoru-768x543.png 768w, https:\/\/eyli.com.tr\/wp-content\/uploads\/2016\/05\/ekskavator-yuruyus-motoru-1024x723.png 1024w\" sizes=\"auto, (max-width: 2977px) 100vw, 2977px\" \/><\/p>\n<p>&nbsp;<\/p>\n<p><strong>VOLVO EXCAVATOR DRIVE TRAIN ENGINE SPARE PARTS<\/strong><\/p>\n<table class=\"table table-bordered\">\n<tbody>\n<tr>\n<td>Pos<\/td>\n<td>Part<\/td>\n<td>Description<\/td>\n<\/tr>\n<tr>\n<td>1<\/td>\n<td>VOE14566400<\/td>\n<td>Drive unit<\/td>\n<\/tr>\n<tr>\n<td>2<\/td>\n<td>VOE14566401<\/td>\n<td>\u2022Gearbox<\/td>\n<\/tr>\n<tr>\n<td>3<\/td>\n<td>VOE14551802<\/td>\n<td>Travel\u00a0engine<\/td>\n<\/tr>\n<tr>\n<td>4<\/td>\n<td>VOE992047<\/td>\n<td>Plain washer<\/td>\n<\/tr>\n<tr>\n<td>5<\/td>\n<td>VOE978950<\/td>\n<td>Hexagon screw<\/td>\n<\/tr>\n<tr>\n<td>6<\/td>\n<td>VOE978949<\/td>\n<td>Hexagon screw<\/td>\n<\/tr>\n<\/tbody>\n<\/table>\n<p>Volvo Excavator Drive Train Engine Spare Parts are applicable for the Volvo Excavator Models, indicated below;<\/p>\n<p>EC180B ,\u00a0EC210B,\u00a0EC240B,\u00a0EC290B,\u00a0EC360B,\u00a0EC460B<\/p>","protected":false},"excerpt":{"rendered":"<p>&nbsp; VOLVO EXCAVATOR DRIVE TRAIN ENGINE SPARE PARTS Pos Part Description 1 VOE14566400 Drive unit 2 VOE14566401 \u2022Gearbox 3 VOE14551802 Travel\u00a0engine 4 VOE992047 Plain washer 5 VOE978950 Hexagon screw 6 VOE978949 Hexagon screw Volvo Excavator Drive Train Engine Spare Parts are applicable for the Volvo Excavator Models, indicated below; EC180B ,\u00a0EC210B,\u00a0EC240B,\u00a0EC290B,\u00a0EC360B,\u00a0EC460B<\/p>\n","protected":false},"author":1,"featured_media":0,"parent":0,"menu_order":0,"comment_status":"closed","ping_status":"closed","template":"page-fullwidth.php","meta":{"footnotes":""},"class_list":["post-726","page","type-page","status-publish","hentry"],"yoast_head":"<!-- This site is optimized with the Yoast SEO plugin v26.8 - https:\/\/yoast.com\/product\/yoast-seo-wordpress\/ -->\n<title>VOLVO EKSKAVAT\u00d6R Y\u00dcR\u00dcY\u00dc\u015e MOTORU YEDEK PAR\u00c7ALARI<\/title>\n<meta name=\"robots\" content=\"index, follow, max-snippet:-1, max-image-preview:large, max-video-preview:-1\" \/>\n<link rel=\"canonical\" href=\"https:\/\/eyli.com.tr\/ekskavator-yuruyus-motoru\/\" \/>\n<meta property=\"og:locale\" content=\"en_US\" \/>\n<meta property=\"og:type\" content=\"article\" \/>\n<meta property=\"og:title\" content=\"VOLVO EKSKAVAT\u00d6R Y\u00dcR\u00dcY\u00dc\u015e MOTORU YEDEK PAR\u00c7ALARI\" \/>\n<meta property=\"og:description\" content=\"&nbsp; VOLVO EXCAVATOR DRIVE TRAIN ENGINE SPARE PARTS Pos Part Description 1 VOE14566400 Drive unit 2 VOE14566401 \u2022Gearbox 3 VOE14551802 Travel\u00a0engine 4 VOE992047 Plain washer 5 VOE978950 Hexagon screw 6 VOE978949 Hexagon screw Volvo Excavator Drive Train Engine Spare Parts are applicable for the Volvo Excavator Models, indicated below; EC180B ,\u00a0EC210B,\u00a0EC240B,\u00a0EC290B,\u00a0EC360B,\u00a0EC460B\" \/>\n<meta property=\"og:url\" content=\"https:\/\/eyli.com.tr\/ekskavator-yuruyus-motoru\/\" \/>\n<meta property=\"og:site_name\" content=\"Eyli \u0130\u015f Makineleri\" \/>\n<meta property=\"article:publisher\" content=\"https:\/\/www.facebook.com\/eylicomtr\" \/>\n<meta property=\"article:modified_time\" content=\"2016-10-17T15:15:24+00:00\" \/>\n<meta property=\"og:image\" content=\"http:\/\/eyli.com.tr\/wp-content\/uploads\/2016\/05\/ekskavator-yuruyus-motoru.png\" \/>\n<meta name=\"twitter:card\" content=\"summary_large_image\" \/>\n<meta name=\"twitter:label1\" content=\"Est. reading time\" \/>\n\t<meta name=\"twitter:data1\" content=\"1 minute\" \/>\n<script type=\"application\/ld+json\" class=\"yoast-schema-graph\">{\"@context\":\"https:\/\/schema.org\",\"@graph\":[{\"@type\":\"WebPage\",\"@id\":\"https:\/\/eyli.com.tr\/ekskavator-yuruyus-motoru\/\",\"url\":\"https:\/\/eyli.com.tr\/ekskavator-yuruyus-motoru\/\",\"name\":\"VOLVO EKSKAVAT\u00d6R Y\u00dcR\u00dcY\u00dc\u015e MOTORU YEDEK PAR\u00c7ALARI\",\"isPartOf\":{\"@id\":\"https:\/\/eyli.com.tr\/#website\"},\"primaryImageOfPage\":{\"@id\":\"https:\/\/eyli.com.tr\/ekskavator-yuruyus-motoru\/#primaryimage\"},\"image\":{\"@id\":\"https:\/\/eyli.com.tr\/ekskavator-yuruyus-motoru\/#primaryimage\"},\"thumbnailUrl\":\"http:\/\/eyli.com.tr\/wp-content\/uploads\/2016\/05\/ekskavator-yuruyus-motoru.png\",\"datePublished\":\"2016-05-09T16:00:01+00:00\",\"dateModified\":\"2016-10-17T15:15:24+00:00\",\"breadcrumb\":{\"@id\":\"https:\/\/eyli.com.tr\/ekskavator-yuruyus-motoru\/#breadcrumb\"},\"inLanguage\":\"en-US\",\"potentialAction\":[{\"@type\":\"ReadAction\",\"target\":[\"https:\/\/eyli.com.tr\/ekskavator-yuruyus-motoru\/\"]}]},{\"@type\":\"ImageObject\",\"inLanguage\":\"en-US\",\"@id\":\"https:\/\/eyli.com.tr\/ekskavator-yuruyus-motoru\/#primaryimage\",\"url\":\"http:\/\/eyli.com.tr\/wp-content\/uploads\/2016\/05\/ekskavator-yuruyus-motoru.png\",\"contentUrl\":\"http:\/\/eyli.com.tr\/wp-content\/uploads\/2016\/05\/ekskavator-yuruyus-motoru.png\"},{\"@type\":\"BreadcrumbList\",\"@id\":\"https:\/\/eyli.com.tr\/ekskavator-yuruyus-motoru\/#breadcrumb\",\"itemListElement\":[{\"@type\":\"ListItem\",\"position\":1,\"name\":\"Ana sayfa\",\"item\":\"https:\/\/eyli.com.tr\/\"},{\"@type\":\"ListItem\",\"position\":2,\"name\":\"Ekskavat\u00f6r Y\u00fcr\u00fcy\u00fc\u015f Motoru\"}]},{\"@type\":\"WebSite\",\"@id\":\"https:\/\/eyli.com.tr\/#website\",\"url\":\"https:\/\/eyli.com.tr\/\",\"name\":\"Eyli \u0130\u015f Makineleri\",\"description\":\"\",\"publisher\":{\"@id\":\"https:\/\/eyli.com.tr\/#organization\"},\"potentialAction\":[{\"@type\":\"SearchAction\",\"target\":{\"@type\":\"EntryPoint\",\"urlTemplate\":\"https:\/\/eyli.com.tr\/?s={search_term_string}\"},\"query-input\":{\"@type\":\"PropertyValueSpecification\",\"valueRequired\":true,\"valueName\":\"search_term_string\"}}],\"inLanguage\":\"en-US\"},{\"@type\":\"Organization\",\"@id\":\"https:\/\/eyli.com.tr\/#organization\",\"name\":\"Eyli \u0130\u015f Makineleri\",\"url\":\"https:\/\/eyli.com.tr\/\",\"logo\":{\"@type\":\"ImageObject\",\"inLanguage\":\"en-US\",\"@id\":\"https:\/\/eyli.com.tr\/#\/schema\/logo\/image\/\",\"url\":\"https:\/\/eyli.com.tr\/wp-content\/uploads\/2020\/04\/WhatsApp-Image-2020-04-23-at-03.11.52-e1587829137284.jpeg\",\"contentUrl\":\"https:\/\/eyli.com.tr\/wp-content\/uploads\/2020\/04\/WhatsApp-Image-2020-04-23-at-03.11.52-e1587829137284.jpeg\",\"width\":1600,\"height\":900,\"caption\":\"Eyli \u0130\u015f Makineleri\"},\"image\":{\"@id\":\"https:\/\/eyli.com.tr\/#\/schema\/logo\/image\/\"},\"sameAs\":[\"https:\/\/www.facebook.com\/eylicomtr\"]}]}<\/script>\n<!-- \/ Yoast SEO plugin. -->","yoast_head_json":{"title":"VOLVO EKSKAVAT\u00d6R Y\u00dcR\u00dcY\u00dc\u015e MOTORU YEDEK PAR\u00c7ALARI","robots":{"index":"index","follow":"follow","max-snippet":"max-snippet:-1","max-image-preview":"max-image-preview:large","max-video-preview":"max-video-preview:-1"},"canonical":"https:\/\/eyli.com.tr\/ekskavator-yuruyus-motoru\/","og_locale":"en_US","og_type":"article","og_title":"VOLVO EKSKAVAT\u00d6R Y\u00dcR\u00dcY\u00dc\u015e MOTORU YEDEK PAR\u00c7ALARI","og_description":"&nbsp; VOLVO EXCAVATOR DRIVE TRAIN ENGINE SPARE PARTS Pos Part Description 1 VOE14566400 Drive unit 2 VOE14566401 \u2022Gearbox 3 VOE14551802 Travel\u00a0engine 4 VOE992047 Plain washer 5 VOE978950 Hexagon screw 6 VOE978949 Hexagon screw Volvo Excavator Drive Train Engine Spare Parts are applicable for the Volvo Excavator Models, indicated below; EC180B ,\u00a0EC210B,\u00a0EC240B,\u00a0EC290B,\u00a0EC360B,\u00a0EC460B","og_url":"https:\/\/eyli.com.tr\/ekskavator-yuruyus-motoru\/","og_site_name":"Eyli \u0130\u015f Makineleri","article_publisher":"https:\/\/www.facebook.com\/eylicomtr","article_modified_time":"2016-10-17T15:15:24+00:00","og_image":[{"url":"http:\/\/eyli.com.tr\/wp-content\/uploads\/2016\/05\/ekskavator-yuruyus-motoru.png","type":"","width":"","height":""}],"twitter_card":"summary_large_image","twitter_misc":{"Est. reading time":"1 minute"},"schema":{"@context":"https:\/\/schema.org","@graph":[{"@type":"WebPage","@id":"https:\/\/eyli.com.tr\/ekskavator-yuruyus-motoru\/","url":"https:\/\/eyli.com.tr\/ekskavator-yuruyus-motoru\/","name":"VOLVO EKSKAVAT\u00d6R Y\u00dcR\u00dcY\u00dc\u015e MOTORU YEDEK PAR\u00c7ALARI","isPartOf":{"@id":"https:\/\/eyli.com.tr\/#website"},"primaryImageOfPage":{"@id":"https:\/\/eyli.com.tr\/ekskavator-yuruyus-motoru\/#primaryimage"},"image":{"@id":"https:\/\/eyli.com.tr\/ekskavator-yuruyus-motoru\/#primaryimage"},"thumbnailUrl":"http:\/\/eyli.com.tr\/wp-content\/uploads\/2016\/05\/ekskavator-yuruyus-motoru.png","datePublished":"2016-05-09T16:00:01+00:00","dateModified":"2016-10-17T15:15:24+00:00","breadcrumb":{"@id":"https:\/\/eyli.com.tr\/ekskavator-yuruyus-motoru\/#breadcrumb"},"inLanguage":"en-US","potentialAction":[{"@type":"ReadAction","target":["https:\/\/eyli.com.tr\/ekskavator-yuruyus-motoru\/"]}]},{"@type":"ImageObject","inLanguage":"en-US","@id":"https:\/\/eyli.com.tr\/ekskavator-yuruyus-motoru\/#primaryimage","url":"http:\/\/eyli.com.tr\/wp-content\/uploads\/2016\/05\/ekskavator-yuruyus-motoru.png","contentUrl":"http:\/\/eyli.com.tr\/wp-content\/uploads\/2016\/05\/ekskavator-yuruyus-motoru.png"},{"@type":"BreadcrumbList","@id":"https:\/\/eyli.com.tr\/ekskavator-yuruyus-motoru\/#breadcrumb","itemListElement":[{"@type":"ListItem","position":1,"name":"Ana sayfa","item":"https:\/\/eyli.com.tr\/"},{"@type":"ListItem","position":2,"name":"Ekskavat\u00f6r Y\u00fcr\u00fcy\u00fc\u015f Motoru"}]},{"@type":"WebSite","@id":"https:\/\/eyli.com.tr\/#website","url":"https:\/\/eyli.com.tr\/","name":"Eyli \u0130\u015f Makineleri","description":"","publisher":{"@id":"https:\/\/eyli.com.tr\/#organization"},"potentialAction":[{"@type":"SearchAction","target":{"@type":"EntryPoint","urlTemplate":"https:\/\/eyli.com.tr\/?s={search_term_string}"},"query-input":{"@type":"PropertyValueSpecification","valueRequired":true,"valueName":"search_term_string"}}],"inLanguage":"en-US"},{"@type":"Organization","@id":"https:\/\/eyli.com.tr\/#organization","name":"Eyli \u0130\u015f Makineleri","url":"https:\/\/eyli.com.tr\/","logo":{"@type":"ImageObject","inLanguage":"en-US","@id":"https:\/\/eyli.com.tr\/#\/schema\/logo\/image\/","url":"https:\/\/eyli.com.tr\/wp-content\/uploads\/2020\/04\/WhatsApp-Image-2020-04-23-at-03.11.52-e1587829137284.jpeg","contentUrl":"https:\/\/eyli.com.tr\/wp-content\/uploads\/2020\/04\/WhatsApp-Image-2020-04-23-at-03.11.52-e1587829137284.jpeg","width":1600,"height":900,"caption":"Eyli \u0130\u015f Makineleri"},"image":{"@id":"https:\/\/eyli.com.tr\/#\/schema\/logo\/image\/"},"sameAs":["https:\/\/www.facebook.com\/eylicomtr"]}]}},"_links":{"self":[{"href":"https:\/\/eyli.com.tr\/en\/wp-json\/wp\/v2\/pages\/726","targetHints":{"allow":["GET"]}}],"collection":[{"href":"https:\/\/eyli.com.tr\/en\/wp-json\/wp\/v2\/pages"}],"about":[{"href":"https:\/\/eyli.com.tr\/en\/wp-json\/wp\/v2\/types\/page"}],"author":[{"embeddable":true,"href":"https:\/\/eyli.com.tr\/en\/wp-json\/wp\/v2\/users\/1"}],"replies":[{"embeddable":true,"href":"https:\/\/eyli.com.tr\/en\/wp-json\/wp\/v2\/comments?post=726"}],"version-history":[{"count":5,"href":"https:\/\/eyli.com.tr\/en\/wp-json\/wp\/v2\/pages\/726\/revisions"}],"predecessor-version":[{"id":1758,"href":"https:\/\/eyli.com.tr\/en\/wp-json\/wp\/v2\/pages\/726\/revisions\/1758"}],"wp:attachment":[{"href":"https:\/\/eyli.com.tr\/en\/wp-json\/wp\/v2\/media?parent=726"}],"curies":[{"name":"wp","href":"https:\/\/api.w.org\/{rel}","templated":true}]}}