{"id":701,"date":"2016-05-09T18:15:36","date_gmt":"2016-05-09T15:15:36","guid":{"rendered":"http:\/\/eyli.com.tr\/?page_id=701"},"modified":"2016-10-17T18:25:25","modified_gmt":"2016-10-17T15:25:25","slug":"ekskavator-arm-piston","status":"publish","type":"page","link":"https:\/\/eyli.com.tr\/en\/ekskavator-arm-piston\/","title":{"rendered":"Excavator Arm Piston"},"content":{"rendered":"<p><img loading=\"lazy\" decoding=\"async\" class=\"aligncenter size-full wp-image-702\" src=\"http:\/\/eyli.com.tr\/wp-content\/uploads\/2016\/05\/ekskavator-arm-piston.png\" alt=\"ekskavator-arm-piston\" width=\"2976\" height=\"2100\" srcset=\"https:\/\/eyli.com.tr\/wp-content\/uploads\/2016\/05\/ekskavator-arm-piston.png 2976w, https:\/\/eyli.com.tr\/wp-content\/uploads\/2016\/05\/ekskavator-arm-piston-300x212.png 300w, https:\/\/eyli.com.tr\/wp-content\/uploads\/2016\/05\/ekskavator-arm-piston-768x542.png 768w, https:\/\/eyli.com.tr\/wp-content\/uploads\/2016\/05\/ekskavator-arm-piston-1024x723.png 1024w\" sizes=\"auto, (max-width: 2976px) 100vw, 2976px\" \/><\/p>\n<p>&nbsp;<\/p>\n<p><strong>VOLVO EXCAVATOR ARM PISTON SPARE PARTS<\/strong><\/p>\n<table class=\"table table-bordered\">\n<tbody>\n<tr>\n<td>Pos<\/td>\n<td>Part<\/td>\n<td>Description<\/td>\n<\/tr>\n<tr>\n<td>1<\/td>\n<td>VOE14543943<\/td>\n<td>Lock<\/td>\n<\/tr>\n<tr>\n<td>2<\/td>\n<td>VOE14549084<\/td>\n<td>Shim<\/td>\n<\/tr>\n<tr>\n<td>3<\/td>\n<td>VOE14549085<\/td>\n<td>Shim<\/td>\n<\/tr>\n<tr>\n<td>4<\/td>\n<td>VOE14549393<\/td>\n<td>Shim<\/td>\n<\/tr>\n<tr>\n<td>5<\/td>\n<td>VOE14549394<\/td>\n<td>Shim<\/td>\n<\/tr>\n<tr>\n<td>6<\/td>\n<td>VOE14560209<\/td>\n<td>Sealing ring<\/td>\n<\/tr>\n<tr>\n<td>7<\/td>\n<td>VOE14560213<\/td>\n<td>Seal<\/td>\n<\/tr>\n<tr>\n<td>8<\/td>\n<td>VOE14548916<\/td>\n<td>Pin<\/td>\n<\/tr>\n<\/tbody>\n<\/table>\n<p>Volvo Excavator Arm Piston Spare Parts are applicable for the Volvo Excavator Models, indicated below;<\/p>\n<p>EC180B ,\u00a0EC210B,\u00a0EC240B,\u00a0EC290B,\u00a0EC360B,\u00a0EC460B<\/p>","protected":false},"excerpt":{"rendered":"<p>&nbsp; VOLVO EXCAVATOR ARM PISTON SPARE PARTS Pos Part Description 1 VOE14543943 Lock 2 VOE14549084 Shim 3 VOE14549085 Shim 4 VOE14549393 Shim 5 VOE14549394 Shim 6 VOE14560209 Sealing ring 7 VOE14560213 Seal 8 VOE14548916 Pin Volvo Excavator Arm Piston Spare Parts are applicable for the Volvo Excavator Models, indicated below; EC180B ,\u00a0EC210B,\u00a0EC240B,\u00a0EC290B,\u00a0EC360B,\u00a0EC460B<\/p>\n","protected":false},"author":1,"featured_media":0,"parent":0,"menu_order":0,"comment_status":"closed","ping_status":"closed","template":"page-fullwidth.php","meta":{"footnotes":""},"class_list":["post-701","page","type-page","status-publish","hentry"],"yoast_head":"<!-- This site is optimized with the Yoast SEO plugin v26.8 - https:\/\/yoast.com\/product\/yoast-seo-wordpress\/ -->\n<title>VOLVO EKSKAVAT\u00d6R ARM P\u0130STON YEDEK PAR\u00c7ALARI<\/title>\n<meta name=\"robots\" content=\"index, follow, max-snippet:-1, max-image-preview:large, max-video-preview:-1\" \/>\n<link rel=\"canonical\" href=\"https:\/\/eyli.com.tr\/ekskavator-arm-piston\/\" \/>\n<meta property=\"og:locale\" content=\"en_US\" \/>\n<meta property=\"og:type\" content=\"article\" \/>\n<meta property=\"og:title\" content=\"VOLVO EKSKAVAT\u00d6R ARM P\u0130STON YEDEK PAR\u00c7ALARI\" \/>\n<meta property=\"og:description\" content=\"&nbsp; VOLVO EXCAVATOR ARM PISTON SPARE PARTS Pos Part Description 1 VOE14543943 Lock 2 VOE14549084 Shim 3 VOE14549085 Shim 4 VOE14549393 Shim 5 VOE14549394 Shim 6 VOE14560209 Sealing ring 7 VOE14560213 Seal 8 VOE14548916 Pin Volvo Excavator Arm Piston Spare Parts are applicable for the Volvo Excavator Models, indicated below; EC180B ,\u00a0EC210B,\u00a0EC240B,\u00a0EC290B,\u00a0EC360B,\u00a0EC460B\" \/>\n<meta property=\"og:url\" content=\"https:\/\/eyli.com.tr\/ekskavator-arm-piston\/\" \/>\n<meta property=\"og:site_name\" content=\"Eyli \u0130\u015f Makineleri\" \/>\n<meta property=\"article:publisher\" content=\"https:\/\/www.facebook.com\/eylicomtr\" \/>\n<meta property=\"article:modified_time\" content=\"2016-10-17T15:25:25+00:00\" \/>\n<meta property=\"og:image\" content=\"http:\/\/eyli.com.tr\/wp-content\/uploads\/2016\/05\/ekskavator-arm-piston.png\" \/>\n<meta name=\"twitter:card\" content=\"summary_large_image\" \/>\n<meta name=\"twitter:label1\" content=\"Est. reading time\" \/>\n\t<meta name=\"twitter:data1\" content=\"1 minute\" \/>\n<script type=\"application\/ld+json\" class=\"yoast-schema-graph\">{\"@context\":\"https:\/\/schema.org\",\"@graph\":[{\"@type\":\"WebPage\",\"@id\":\"https:\/\/eyli.com.tr\/ekskavator-arm-piston\/\",\"url\":\"https:\/\/eyli.com.tr\/ekskavator-arm-piston\/\",\"name\":\"VOLVO EKSKAVAT\u00d6R ARM P\u0130STON YEDEK PAR\u00c7ALARI\",\"isPartOf\":{\"@id\":\"https:\/\/eyli.com.tr\/#website\"},\"primaryImageOfPage\":{\"@id\":\"https:\/\/eyli.com.tr\/ekskavator-arm-piston\/#primaryimage\"},\"image\":{\"@id\":\"https:\/\/eyli.com.tr\/ekskavator-arm-piston\/#primaryimage\"},\"thumbnailUrl\":\"http:\/\/eyli.com.tr\/wp-content\/uploads\/2016\/05\/ekskavator-arm-piston.png\",\"datePublished\":\"2016-05-09T15:15:36+00:00\",\"dateModified\":\"2016-10-17T15:25:25+00:00\",\"breadcrumb\":{\"@id\":\"https:\/\/eyli.com.tr\/ekskavator-arm-piston\/#breadcrumb\"},\"inLanguage\":\"en-US\",\"potentialAction\":[{\"@type\":\"ReadAction\",\"target\":[\"https:\/\/eyli.com.tr\/ekskavator-arm-piston\/\"]}]},{\"@type\":\"ImageObject\",\"inLanguage\":\"en-US\",\"@id\":\"https:\/\/eyli.com.tr\/ekskavator-arm-piston\/#primaryimage\",\"url\":\"http:\/\/eyli.com.tr\/wp-content\/uploads\/2016\/05\/ekskavator-arm-piston.png\",\"contentUrl\":\"http:\/\/eyli.com.tr\/wp-content\/uploads\/2016\/05\/ekskavator-arm-piston.png\"},{\"@type\":\"BreadcrumbList\",\"@id\":\"https:\/\/eyli.com.tr\/ekskavator-arm-piston\/#breadcrumb\",\"itemListElement\":[{\"@type\":\"ListItem\",\"position\":1,\"name\":\"Ana sayfa\",\"item\":\"https:\/\/eyli.com.tr\/\"},{\"@type\":\"ListItem\",\"position\":2,\"name\":\"Ekskavat\u00f6r Arm Piston\"}]},{\"@type\":\"WebSite\",\"@id\":\"https:\/\/eyli.com.tr\/#website\",\"url\":\"https:\/\/eyli.com.tr\/\",\"name\":\"Eyli \u0130\u015f Makineleri\",\"description\":\"\",\"publisher\":{\"@id\":\"https:\/\/eyli.com.tr\/#organization\"},\"potentialAction\":[{\"@type\":\"SearchAction\",\"target\":{\"@type\":\"EntryPoint\",\"urlTemplate\":\"https:\/\/eyli.com.tr\/?s={search_term_string}\"},\"query-input\":{\"@type\":\"PropertyValueSpecification\",\"valueRequired\":true,\"valueName\":\"search_term_string\"}}],\"inLanguage\":\"en-US\"},{\"@type\":\"Organization\",\"@id\":\"https:\/\/eyli.com.tr\/#organization\",\"name\":\"Eyli \u0130\u015f Makineleri\",\"url\":\"https:\/\/eyli.com.tr\/\",\"logo\":{\"@type\":\"ImageObject\",\"inLanguage\":\"en-US\",\"@id\":\"https:\/\/eyli.com.tr\/#\/schema\/logo\/image\/\",\"url\":\"https:\/\/eyli.com.tr\/wp-content\/uploads\/2020\/04\/WhatsApp-Image-2020-04-23-at-03.11.52-e1587829137284.jpeg\",\"contentUrl\":\"https:\/\/eyli.com.tr\/wp-content\/uploads\/2020\/04\/WhatsApp-Image-2020-04-23-at-03.11.52-e1587829137284.jpeg\",\"width\":1600,\"height\":900,\"caption\":\"Eyli \u0130\u015f Makineleri\"},\"image\":{\"@id\":\"https:\/\/eyli.com.tr\/#\/schema\/logo\/image\/\"},\"sameAs\":[\"https:\/\/www.facebook.com\/eylicomtr\"]}]}<\/script>\n<!-- \/ Yoast SEO plugin. -->","yoast_head_json":{"title":"VOLVO EKSKAVAT\u00d6R ARM P\u0130STON YEDEK PAR\u00c7ALARI","robots":{"index":"index","follow":"follow","max-snippet":"max-snippet:-1","max-image-preview":"max-image-preview:large","max-video-preview":"max-video-preview:-1"},"canonical":"https:\/\/eyli.com.tr\/ekskavator-arm-piston\/","og_locale":"en_US","og_type":"article","og_title":"VOLVO EKSKAVAT\u00d6R ARM P\u0130STON YEDEK PAR\u00c7ALARI","og_description":"&nbsp; VOLVO EXCAVATOR ARM PISTON SPARE PARTS Pos Part Description 1 VOE14543943 Lock 2 VOE14549084 Shim 3 VOE14549085 Shim 4 VOE14549393 Shim 5 VOE14549394 Shim 6 VOE14560209 Sealing ring 7 VOE14560213 Seal 8 VOE14548916 Pin Volvo Excavator Arm Piston Spare Parts are applicable for the Volvo Excavator Models, indicated below; EC180B ,\u00a0EC210B,\u00a0EC240B,\u00a0EC290B,\u00a0EC360B,\u00a0EC460B","og_url":"https:\/\/eyli.com.tr\/ekskavator-arm-piston\/","og_site_name":"Eyli \u0130\u015f Makineleri","article_publisher":"https:\/\/www.facebook.com\/eylicomtr","article_modified_time":"2016-10-17T15:25:25+00:00","og_image":[{"url":"http:\/\/eyli.com.tr\/wp-content\/uploads\/2016\/05\/ekskavator-arm-piston.png","type":"","width":"","height":""}],"twitter_card":"summary_large_image","twitter_misc":{"Est. reading time":"1 minute"},"schema":{"@context":"https:\/\/schema.org","@graph":[{"@type":"WebPage","@id":"https:\/\/eyli.com.tr\/ekskavator-arm-piston\/","url":"https:\/\/eyli.com.tr\/ekskavator-arm-piston\/","name":"VOLVO EKSKAVAT\u00d6R ARM P\u0130STON YEDEK PAR\u00c7ALARI","isPartOf":{"@id":"https:\/\/eyli.com.tr\/#website"},"primaryImageOfPage":{"@id":"https:\/\/eyli.com.tr\/ekskavator-arm-piston\/#primaryimage"},"image":{"@id":"https:\/\/eyli.com.tr\/ekskavator-arm-piston\/#primaryimage"},"thumbnailUrl":"http:\/\/eyli.com.tr\/wp-content\/uploads\/2016\/05\/ekskavator-arm-piston.png","datePublished":"2016-05-09T15:15:36+00:00","dateModified":"2016-10-17T15:25:25+00:00","breadcrumb":{"@id":"https:\/\/eyli.com.tr\/ekskavator-arm-piston\/#breadcrumb"},"inLanguage":"en-US","potentialAction":[{"@type":"ReadAction","target":["https:\/\/eyli.com.tr\/ekskavator-arm-piston\/"]}]},{"@type":"ImageObject","inLanguage":"en-US","@id":"https:\/\/eyli.com.tr\/ekskavator-arm-piston\/#primaryimage","url":"http:\/\/eyli.com.tr\/wp-content\/uploads\/2016\/05\/ekskavator-arm-piston.png","contentUrl":"http:\/\/eyli.com.tr\/wp-content\/uploads\/2016\/05\/ekskavator-arm-piston.png"},{"@type":"BreadcrumbList","@id":"https:\/\/eyli.com.tr\/ekskavator-arm-piston\/#breadcrumb","itemListElement":[{"@type":"ListItem","position":1,"name":"Ana sayfa","item":"https:\/\/eyli.com.tr\/"},{"@type":"ListItem","position":2,"name":"Ekskavat\u00f6r Arm Piston"}]},{"@type":"WebSite","@id":"https:\/\/eyli.com.tr\/#website","url":"https:\/\/eyli.com.tr\/","name":"Eyli \u0130\u015f Makineleri","description":"","publisher":{"@id":"https:\/\/eyli.com.tr\/#organization"},"potentialAction":[{"@type":"SearchAction","target":{"@type":"EntryPoint","urlTemplate":"https:\/\/eyli.com.tr\/?s={search_term_string}"},"query-input":{"@type":"PropertyValueSpecification","valueRequired":true,"valueName":"search_term_string"}}],"inLanguage":"en-US"},{"@type":"Organization","@id":"https:\/\/eyli.com.tr\/#organization","name":"Eyli \u0130\u015f Makineleri","url":"https:\/\/eyli.com.tr\/","logo":{"@type":"ImageObject","inLanguage":"en-US","@id":"https:\/\/eyli.com.tr\/#\/schema\/logo\/image\/","url":"https:\/\/eyli.com.tr\/wp-content\/uploads\/2020\/04\/WhatsApp-Image-2020-04-23-at-03.11.52-e1587829137284.jpeg","contentUrl":"https:\/\/eyli.com.tr\/wp-content\/uploads\/2020\/04\/WhatsApp-Image-2020-04-23-at-03.11.52-e1587829137284.jpeg","width":1600,"height":900,"caption":"Eyli \u0130\u015f Makineleri"},"image":{"@id":"https:\/\/eyli.com.tr\/#\/schema\/logo\/image\/"},"sameAs":["https:\/\/www.facebook.com\/eylicomtr"]}]}},"_links":{"self":[{"href":"https:\/\/eyli.com.tr\/en\/wp-json\/wp\/v2\/pages\/701","targetHints":{"allow":["GET"]}}],"collection":[{"href":"https:\/\/eyli.com.tr\/en\/wp-json\/wp\/v2\/pages"}],"about":[{"href":"https:\/\/eyli.com.tr\/en\/wp-json\/wp\/v2\/types\/page"}],"author":[{"embeddable":true,"href":"https:\/\/eyli.com.tr\/en\/wp-json\/wp\/v2\/users\/1"}],"replies":[{"embeddable":true,"href":"https:\/\/eyli.com.tr\/en\/wp-json\/wp\/v2\/comments?post=701"}],"version-history":[{"count":5,"href":"https:\/\/eyli.com.tr\/en\/wp-json\/wp\/v2\/pages\/701\/revisions"}],"predecessor-version":[{"id":1763,"href":"https:\/\/eyli.com.tr\/en\/wp-json\/wp\/v2\/pages\/701\/revisions\/1763"}],"wp:attachment":[{"href":"https:\/\/eyli.com.tr\/en\/wp-json\/wp\/v2\/media?parent=701"}],"curies":[{"name":"wp","href":"https:\/\/api.w.org\/{rel}","templated":true}]}}