{"id":698,"date":"2016-05-09T14:42:27","date_gmt":"2016-05-09T11:42:27","guid":{"rendered":"http:\/\/eyli.com.tr\/?page_id=698"},"modified":"2016-10-17T18:39:40","modified_gmt":"2016-10-17T15:39:40","slug":"ekskavator-palet-civatalari","status":"publish","type":"page","link":"https:\/\/eyli.com.tr\/en\/ekskavator-palet-civatalari\/","title":{"rendered":"Excavator  Track Bolts"},"content":{"rendered":"<p><strong>VOLVO EXCAVATOR TRACK BOLT SPARE PARTS<\/strong><\/p>\n<table class=\"table table-bordered\">\n<tbody>\n<tr>\n<td><\/td>\n<td><strong><u>\u00d6L\u00c7\u00dc<\/u><\/strong><\/td>\n<td><strong><u>C\u0130NS\u0130<\/u><\/strong><\/td>\n<\/tr>\n<tr>\n<td><\/td>\n<td><strong>\u00a0<\/strong><\/td>\n<td><strong>\u00a0<\/strong><\/td>\n<\/tr>\n<tr>\n<td><\/td>\n<td><strong>M 12 X 40<\/strong><\/td>\n<td><strong>PALET C\u0130VATASI 12,9K SOMUNLU<\/strong><\/td>\n<\/tr>\n<tr>\n<td><\/td>\n<td><strong>M 12X 47<\/strong><\/td>\n<td><strong>PALET C\u0130VATASI 12,9K SOMUNLU<\/strong><\/td>\n<\/tr>\n<tr>\n<td><\/td>\n<td><strong>M 18 X 60<\/strong><\/td>\n<td><strong>PALET C\u0130VATASI 12,9K SOMUNLU<\/strong><\/td>\n<\/tr>\n<tr>\n<td><\/td>\n<td><strong>M 20 X 55<\/strong><\/td>\n<td><strong>PALET C\u0130VATASI 12,9K SOMUNLU<\/strong><\/td>\n<\/tr>\n<tr>\n<td><\/td>\n<td><strong>M 20 X 56<\/strong><\/td>\n<td><strong>\u00a0\u00a0\u00a0\u00a0\u00a0\u00a0\u00a0\u00a0\u00a0\u00a0\u00a0\u00a0 PALET C\u0130VATASI 12,9K PULLU SOMUNLU<\/strong><\/td>\n<\/tr>\n<tr>\n<td><strong>EC210 B<\/strong><\/td>\n<td><strong>M 20 X 60<\/strong><\/td>\n<td><strong>PALET C\u0130VATASI 12,9K SOMUNLU<\/strong><\/td>\n<\/tr>\n<tr>\n<td><\/td>\n<td><strong>M 20 X 62<\/strong><\/td>\n<td><strong>\u00a0\u00a0\u00a0\u00a0\u00a0\u00a0\u00a0\u00a0\u00a0\u00a0\u00a0 PALET C\u0130VATASI 12,9K PULLU SOMUNLU<\/strong><\/td>\n<\/tr>\n<tr>\n<td><\/td>\n<td><strong>M 20 X 65<\/strong><\/td>\n<td><strong>PALET C\u0130VATASI 12,9K SOMUNLU<\/strong><\/td>\n<\/tr>\n<tr>\n<td><\/td>\n<td><strong>M 20 X 68<\/strong><\/td>\n<td><strong>PALET C\u0130VATASI 12,9K SOMUNLU<\/strong><\/td>\n<\/tr>\n<tr>\n<td><\/td>\n<td><strong>M 22 X 55<\/strong><\/td>\n<td><strong>PALET C\u0130VATASI 12,9K SOMUNLU<\/strong><\/td>\n<\/tr>\n<tr>\n<td><\/td>\n<td><strong>M 22 X 59<\/strong><\/td>\n<td><strong>PALET C\u0130VATASI 12,9K SOMUNLU<\/strong><\/td>\n<\/tr>\n<tr>\n<td><strong>EC360 B<\/strong><\/td>\n<td><strong>M 22 X 62<\/strong><\/td>\n<td><strong>\u00a0\u00a0\u00a0\u00a0\u00a0\u00a0\u00a0\u00a0\u00a0\u00a0\u00a0 PALET C\u0130VATASI 12,9K PULLU SOMUNLU<\/strong><\/td>\n<\/tr>\n<tr>\n<td><\/td>\n<td><strong>M 22 X 65<\/strong><\/td>\n<td><strong>PALET C\u0130VATASI 12,9K SOMUNLU<\/strong><\/td>\n<\/tr>\n<tr>\n<td><\/td>\n<td><strong>M 22 X 70<\/strong><\/td>\n<td><strong>PALET C\u0130VATASI 12,9K SOMUNLU<\/strong><\/td>\n<\/tr>\n<tr>\n<td><\/td>\n<td><strong>M 22 X 75<\/strong><\/td>\n<td><strong>PALET C\u0130VATASI 12,9K SOMUNLU<\/strong><\/td>\n<\/tr>\n<tr>\n<td><\/td>\n<td><strong>M 24 X 67<\/strong><\/td>\n<td><strong>\u00a0\u00a0\u00a0\u00a0\u00a0\u00a0\u00a0\u00a0\u00a0 PALET C\u0130VATASI 12,9K PULLU SOMUNLU<\/strong><\/td>\n<\/tr>\n<tr>\n<td><strong>EC460 B<\/strong><\/td>\n<td><strong>M 24 X 76<\/strong><\/td>\n<td><strong>PALET C\u0130VATASI 12,9K SOMUNLU<\/strong><\/td>\n<\/tr>\n<tr>\n<td><\/td>\n<td><strong>M 24 X 65 <\/strong><\/td>\n<td><strong>PALET C\u0130VATASI 12,9K SOMUNLU<\/strong><\/td>\n<\/tr>\n<tr>\n<td><\/td>\n<td><strong>M 27 X 86<\/strong><\/td>\n<td><strong>PALET C\u0130VATASI 12,9K SOMUNLU<\/strong><\/td>\n<\/tr>\n<tr>\n<td><\/td>\n<td><strong>M 27 X 95<\/strong><\/td>\n<td><strong>PALET C\u0130VATASI 12,9K SOMUNLU<\/strong><\/td>\n<\/tr>\n<tr>\n<td><\/td>\n<td><strong>\u00a0<\/strong><\/td>\n<td><strong>\u00a0<\/strong><\/td>\n<\/tr>\n<tr>\n<td><\/td>\n<td><strong>\u00a0<\/strong><\/td>\n<td><strong>\u00a0<\/strong><\/td>\n<\/tr>\n<tr>\n<td><\/td>\n<td><strong>\u00a0<\/strong><\/td>\n<td><strong>\u00a0<\/strong><\/td>\n<\/tr>\n<tr>\n<td><\/td>\n<td><strong>\u00a0<\/strong><\/td>\n<td><strong>\u00a0<\/strong><\/td>\n<\/tr>\n<tr>\n<td><\/td>\n<td><\/td>\n<td><\/td>\n<\/tr>\n<\/tbody>\n<\/table>\n<p>Volvo Excavator Track Bolts Spare Parts are applicable for the Volvo Excavator Models, indicated below;<\/p>\n<p>EC180B ,\u00a0EC210B,\u00a0EC240B,\u00a0EC290B,\u00a0EC360B,\u00a0EC460B<\/p>","protected":false},"excerpt":{"rendered":"<p>VOLVO EXCAVATOR TRACK BOLT SPARE PARTS \u00d6L\u00c7\u00dc C\u0130NS\u0130 \u00a0 \u00a0 M 12 X 40 PALET C\u0130VATASI 12,9K SOMUNLU M 12X 47 PALET C\u0130VATASI 12,9K SOMUNLU M 18 X 60 PALET C\u0130VATASI 12,9K SOMUNLU M 20 X 55 PALET C\u0130VATASI 12,9K SOMUNLU M 20 X 56 \u00a0\u00a0\u00a0\u00a0\u00a0\u00a0\u00a0\u00a0\u00a0\u00a0\u00a0\u00a0 PALET C\u0130VATASI 12,9K PULLU SOMUNLU EC210 B M 20 [&hellip;]<\/p>\n","protected":false},"author":1,"featured_media":0,"parent":0,"menu_order":0,"comment_status":"closed","ping_status":"closed","template":"page-fullwidth.php","meta":{"footnotes":""},"class_list":["post-698","page","type-page","status-publish","hentry"],"yoast_head":"<!-- This site is optimized with the Yoast SEO plugin v26.8 - https:\/\/yoast.com\/product\/yoast-seo-wordpress\/ -->\n<title>VOLVO EKSKAVAT\u00d6R PALET C\u0130VATALARI YEDEK PAR\u00c7ALARI<\/title>\n<meta name=\"robots\" content=\"index, follow, max-snippet:-1, max-image-preview:large, max-video-preview:-1\" \/>\n<link rel=\"canonical\" href=\"https:\/\/eyli.com.tr\/ekskavator-palet-civatalari\/\" \/>\n<meta property=\"og:locale\" content=\"en_US\" \/>\n<meta property=\"og:type\" content=\"article\" \/>\n<meta property=\"og:title\" content=\"VOLVO EKSKAVAT\u00d6R PALET C\u0130VATALARI YEDEK PAR\u00c7ALARI\" \/>\n<meta property=\"og:description\" content=\"VOLVO EXCAVATOR TRACK BOLT SPARE PARTS \u00d6L\u00c7\u00dc C\u0130NS\u0130 \u00a0 \u00a0 M 12 X 40 PALET C\u0130VATASI 12,9K SOMUNLU M 12X 47 PALET C\u0130VATASI 12,9K SOMUNLU M 18 X 60 PALET C\u0130VATASI 12,9K SOMUNLU M 20 X 55 PALET C\u0130VATASI 12,9K SOMUNLU M 20 X 56 \u00a0\u00a0\u00a0\u00a0\u00a0\u00a0\u00a0\u00a0\u00a0\u00a0\u00a0\u00a0 PALET C\u0130VATASI 12,9K PULLU SOMUNLU EC210 B M 20 [&hellip;]\" \/>\n<meta property=\"og:url\" content=\"https:\/\/eyli.com.tr\/ekskavator-palet-civatalari\/\" \/>\n<meta property=\"og:site_name\" content=\"Eyli \u0130\u015f Makineleri\" \/>\n<meta property=\"article:publisher\" content=\"https:\/\/www.facebook.com\/eylicomtr\" \/>\n<meta property=\"article:modified_time\" content=\"2016-10-17T15:39:40+00:00\" \/>\n<meta name=\"twitter:card\" content=\"summary_large_image\" \/>\n<meta name=\"twitter:label1\" content=\"Est. reading time\" \/>\n\t<meta name=\"twitter:data1\" content=\"2 minutes\" \/>\n<script type=\"application\/ld+json\" class=\"yoast-schema-graph\">{\"@context\":\"https:\/\/schema.org\",\"@graph\":[{\"@type\":\"WebPage\",\"@id\":\"https:\/\/eyli.com.tr\/ekskavator-palet-civatalari\/\",\"url\":\"https:\/\/eyli.com.tr\/ekskavator-palet-civatalari\/\",\"name\":\"VOLVO EKSKAVAT\u00d6R PALET C\u0130VATALARI YEDEK PAR\u00c7ALARI\",\"isPartOf\":{\"@id\":\"https:\/\/eyli.com.tr\/#website\"},\"datePublished\":\"2016-05-09T11:42:27+00:00\",\"dateModified\":\"2016-10-17T15:39:40+00:00\",\"breadcrumb\":{\"@id\":\"https:\/\/eyli.com.tr\/ekskavator-palet-civatalari\/#breadcrumb\"},\"inLanguage\":\"en-US\",\"potentialAction\":[{\"@type\":\"ReadAction\",\"target\":[\"https:\/\/eyli.com.tr\/ekskavator-palet-civatalari\/\"]}]},{\"@type\":\"BreadcrumbList\",\"@id\":\"https:\/\/eyli.com.tr\/ekskavator-palet-civatalari\/#breadcrumb\",\"itemListElement\":[{\"@type\":\"ListItem\",\"position\":1,\"name\":\"Ana sayfa\",\"item\":\"https:\/\/eyli.com.tr\/\"},{\"@type\":\"ListItem\",\"position\":2,\"name\":\"Ekskavat\u00f6r Palet Civatalar\u0131\"}]},{\"@type\":\"WebSite\",\"@id\":\"https:\/\/eyli.com.tr\/#website\",\"url\":\"https:\/\/eyli.com.tr\/\",\"name\":\"Eyli \u0130\u015f Makineleri\",\"description\":\"\",\"publisher\":{\"@id\":\"https:\/\/eyli.com.tr\/#organization\"},\"potentialAction\":[{\"@type\":\"SearchAction\",\"target\":{\"@type\":\"EntryPoint\",\"urlTemplate\":\"https:\/\/eyli.com.tr\/?s={search_term_string}\"},\"query-input\":{\"@type\":\"PropertyValueSpecification\",\"valueRequired\":true,\"valueName\":\"search_term_string\"}}],\"inLanguage\":\"en-US\"},{\"@type\":\"Organization\",\"@id\":\"https:\/\/eyli.com.tr\/#organization\",\"name\":\"Eyli \u0130\u015f Makineleri\",\"url\":\"https:\/\/eyli.com.tr\/\",\"logo\":{\"@type\":\"ImageObject\",\"inLanguage\":\"en-US\",\"@id\":\"https:\/\/eyli.com.tr\/#\/schema\/logo\/image\/\",\"url\":\"https:\/\/eyli.com.tr\/wp-content\/uploads\/2020\/04\/WhatsApp-Image-2020-04-23-at-03.11.52-e1587829137284.jpeg\",\"contentUrl\":\"https:\/\/eyli.com.tr\/wp-content\/uploads\/2020\/04\/WhatsApp-Image-2020-04-23-at-03.11.52-e1587829137284.jpeg\",\"width\":1600,\"height\":900,\"caption\":\"Eyli \u0130\u015f Makineleri\"},\"image\":{\"@id\":\"https:\/\/eyli.com.tr\/#\/schema\/logo\/image\/\"},\"sameAs\":[\"https:\/\/www.facebook.com\/eylicomtr\"]}]}<\/script>\n<!-- \/ Yoast SEO plugin. -->","yoast_head_json":{"title":"VOLVO EKSKAVAT\u00d6R PALET C\u0130VATALARI YEDEK PAR\u00c7ALARI","robots":{"index":"index","follow":"follow","max-snippet":"max-snippet:-1","max-image-preview":"max-image-preview:large","max-video-preview":"max-video-preview:-1"},"canonical":"https:\/\/eyli.com.tr\/ekskavator-palet-civatalari\/","og_locale":"en_US","og_type":"article","og_title":"VOLVO EKSKAVAT\u00d6R PALET C\u0130VATALARI YEDEK PAR\u00c7ALARI","og_description":"VOLVO EXCAVATOR TRACK BOLT SPARE PARTS \u00d6L\u00c7\u00dc C\u0130NS\u0130 \u00a0 \u00a0 M 12 X 40 PALET C\u0130VATASI 12,9K SOMUNLU M 12X 47 PALET C\u0130VATASI 12,9K SOMUNLU M 18 X 60 PALET C\u0130VATASI 12,9K SOMUNLU M 20 X 55 PALET C\u0130VATASI 12,9K SOMUNLU M 20 X 56 \u00a0\u00a0\u00a0\u00a0\u00a0\u00a0\u00a0\u00a0\u00a0\u00a0\u00a0\u00a0 PALET C\u0130VATASI 12,9K PULLU SOMUNLU EC210 B M 20 [&hellip;]","og_url":"https:\/\/eyli.com.tr\/ekskavator-palet-civatalari\/","og_site_name":"Eyli \u0130\u015f Makineleri","article_publisher":"https:\/\/www.facebook.com\/eylicomtr","article_modified_time":"2016-10-17T15:39:40+00:00","twitter_card":"summary_large_image","twitter_misc":{"Est. reading time":"2 minutes"},"schema":{"@context":"https:\/\/schema.org","@graph":[{"@type":"WebPage","@id":"https:\/\/eyli.com.tr\/ekskavator-palet-civatalari\/","url":"https:\/\/eyli.com.tr\/ekskavator-palet-civatalari\/","name":"VOLVO EKSKAVAT\u00d6R PALET C\u0130VATALARI YEDEK PAR\u00c7ALARI","isPartOf":{"@id":"https:\/\/eyli.com.tr\/#website"},"datePublished":"2016-05-09T11:42:27+00:00","dateModified":"2016-10-17T15:39:40+00:00","breadcrumb":{"@id":"https:\/\/eyli.com.tr\/ekskavator-palet-civatalari\/#breadcrumb"},"inLanguage":"en-US","potentialAction":[{"@type":"ReadAction","target":["https:\/\/eyli.com.tr\/ekskavator-palet-civatalari\/"]}]},{"@type":"BreadcrumbList","@id":"https:\/\/eyli.com.tr\/ekskavator-palet-civatalari\/#breadcrumb","itemListElement":[{"@type":"ListItem","position":1,"name":"Ana sayfa","item":"https:\/\/eyli.com.tr\/"},{"@type":"ListItem","position":2,"name":"Ekskavat\u00f6r Palet Civatalar\u0131"}]},{"@type":"WebSite","@id":"https:\/\/eyli.com.tr\/#website","url":"https:\/\/eyli.com.tr\/","name":"Eyli \u0130\u015f Makineleri","description":"","publisher":{"@id":"https:\/\/eyli.com.tr\/#organization"},"potentialAction":[{"@type":"SearchAction","target":{"@type":"EntryPoint","urlTemplate":"https:\/\/eyli.com.tr\/?s={search_term_string}"},"query-input":{"@type":"PropertyValueSpecification","valueRequired":true,"valueName":"search_term_string"}}],"inLanguage":"en-US"},{"@type":"Organization","@id":"https:\/\/eyli.com.tr\/#organization","name":"Eyli \u0130\u015f Makineleri","url":"https:\/\/eyli.com.tr\/","logo":{"@type":"ImageObject","inLanguage":"en-US","@id":"https:\/\/eyli.com.tr\/#\/schema\/logo\/image\/","url":"https:\/\/eyli.com.tr\/wp-content\/uploads\/2020\/04\/WhatsApp-Image-2020-04-23-at-03.11.52-e1587829137284.jpeg","contentUrl":"https:\/\/eyli.com.tr\/wp-content\/uploads\/2020\/04\/WhatsApp-Image-2020-04-23-at-03.11.52-e1587829137284.jpeg","width":1600,"height":900,"caption":"Eyli \u0130\u015f Makineleri"},"image":{"@id":"https:\/\/eyli.com.tr\/#\/schema\/logo\/image\/"},"sameAs":["https:\/\/www.facebook.com\/eylicomtr"]}]}},"_links":{"self":[{"href":"https:\/\/eyli.com.tr\/en\/wp-json\/wp\/v2\/pages\/698","targetHints":{"allow":["GET"]}}],"collection":[{"href":"https:\/\/eyli.com.tr\/en\/wp-json\/wp\/v2\/pages"}],"about":[{"href":"https:\/\/eyli.com.tr\/en\/wp-json\/wp\/v2\/types\/page"}],"author":[{"embeddable":true,"href":"https:\/\/eyli.com.tr\/en\/wp-json\/wp\/v2\/users\/1"}],"replies":[{"embeddable":true,"href":"https:\/\/eyli.com.tr\/en\/wp-json\/wp\/v2\/comments?post=698"}],"version-history":[{"count":5,"href":"https:\/\/eyli.com.tr\/en\/wp-json\/wp\/v2\/pages\/698\/revisions"}],"predecessor-version":[{"id":1767,"href":"https:\/\/eyli.com.tr\/en\/wp-json\/wp\/v2\/pages\/698\/revisions\/1767"}],"wp:attachment":[{"href":"https:\/\/eyli.com.tr\/en\/wp-json\/wp\/v2\/media?parent=698"}],"curies":[{"name":"wp","href":"https:\/\/api.w.org\/{rel}","templated":true}]}}