{"id":600,"date":"2016-05-06T17:16:44","date_gmt":"2016-05-06T14:16:44","guid":{"rendered":"http:\/\/eyli.com.tr\/?page_id=600"},"modified":"2016-10-11T16:09:29","modified_gmt":"2016-10-11T13:09:29","slug":"kaya-kamyonu-motor-tamir-kit","status":"publish","type":"page","link":"https:\/\/eyli.com.tr\/en\/kaya-kamyonu-motor-tamir-kit\/","title":{"rendered":"Haulers Engine Repair Kits"},"content":{"rendered":"<p><img loading=\"lazy\" decoding=\"async\" class=\"aligncenter size-full wp-image-619\" src=\"http:\/\/eyli.com.tr\/wp-content\/uploads\/2016\/05\/kaya-kamyonu-motor-tamir-kit.png\" alt=\"kaya-kamyonu-motor-tamir-kit\" width=\"1499\" height=\"1719\" srcset=\"https:\/\/eyli.com.tr\/wp-content\/uploads\/2016\/05\/kaya-kamyonu-motor-tamir-kit.png 1499w, https:\/\/eyli.com.tr\/wp-content\/uploads\/2016\/05\/kaya-kamyonu-motor-tamir-kit-262x300.png 262w, https:\/\/eyli.com.tr\/wp-content\/uploads\/2016\/05\/kaya-kamyonu-motor-tamir-kit-768x881.png 768w, https:\/\/eyli.com.tr\/wp-content\/uploads\/2016\/05\/kaya-kamyonu-motor-tamir-kit-893x1024.png 893w\" sizes=\"auto, (max-width: 1499px) 100vw, 1499px\" \/><\/p>\n<p>&nbsp;<\/p>\n<p><strong>VOLVO HAULER ENGINE REPAIR KIT SPARE PARTS<\/strong><\/p>\n<table class=\"table table-bordered\">\n<tbody>\n<tr>\n<td>Pos<\/td>\n<td>Parts\u00a0No<\/td>\n<td>Spare Parts Name<\/td>\n<\/tr>\n<tr>\n<td><\/td>\n<td>VOE3099100<\/td>\n<td>Gasket Kit<\/td>\n<\/tr>\n<tr>\n<td><\/td>\n<td>VOE3165309<\/td>\n<td>Bearing Housing<\/td>\n<\/tr>\n<tr>\n<td><\/td>\n<td>VOE276921<\/td>\n<td>Cylinder liner kit<\/td>\n<\/tr>\n<tr>\n<td><\/td>\n<td>VOE270950<\/td>\n<td>Sealing Kit<\/td>\n<\/tr>\n<tr>\n<td><\/td>\n<td>VOE276949<\/td>\n<td>Piston Ring Kit<\/td>\n<\/tr>\n<\/tbody>\n<\/table>\n<p>Volvo Hauler Engine Repair Kit Spare Parts are applicable for the Volvo Hauler Models, indicated below<\/p>\n<p>A25D, \u00a0A25E, A30D , A30E,\u00a0A35D,\u00a0A35E,\u00a0A35F,\u00a0A40D,\u00a0A40E,\u00a0A40F,\u00a0A40G<\/p>","protected":false},"excerpt":{"rendered":"<p>&nbsp; VOLVO HAULER ENGINE REPAIR KIT SPARE PARTS Pos Parts\u00a0No Spare Parts Name VOE3099100 Gasket Kit VOE3165309 Bearing Housing VOE276921 Cylinder liner kit VOE270950 Sealing Kit VOE276949 Piston Ring Kit Volvo Hauler Engine Repair Kit Spare Parts are applicable for the Volvo Hauler Models, indicated below A25D, \u00a0A25E, A30D , A30E,\u00a0A35D,\u00a0A35E,\u00a0A35F,\u00a0A40D,\u00a0A40E,\u00a0A40F,\u00a0A40G<\/p>\n","protected":false},"author":1,"featured_media":0,"parent":0,"menu_order":0,"comment_status":"closed","ping_status":"closed","template":"page-fullwidth.php","meta":{"footnotes":""},"class_list":["post-600","page","type-page","status-publish","hentry"],"yoast_head":"<!-- This site is optimized with the Yoast SEO plugin v26.8 - https:\/\/yoast.com\/product\/yoast-seo-wordpress\/ -->\n<title>VOLVO KAYA KAMYONU MOTOR TAM\u0130R K\u0130T\u0130 YEDEK PAR\u00c7ALARI<\/title>\n<meta name=\"robots\" content=\"index, follow, max-snippet:-1, max-image-preview:large, max-video-preview:-1\" \/>\n<link rel=\"canonical\" href=\"https:\/\/eyli.com.tr\/kaya-kamyonu-motor-tamir-kit\/\" \/>\n<meta property=\"og:locale\" content=\"en_US\" \/>\n<meta property=\"og:type\" content=\"article\" \/>\n<meta property=\"og:title\" content=\"VOLVO KAYA KAMYONU MOTOR TAM\u0130R K\u0130T\u0130 YEDEK PAR\u00c7ALARI\" \/>\n<meta property=\"og:description\" content=\"&nbsp; VOLVO HAULER ENGINE REPAIR KIT SPARE PARTS Pos Parts\u00a0No Spare Parts Name VOE3099100 Gasket Kit VOE3165309 Bearing Housing VOE276921 Cylinder liner kit VOE270950 Sealing Kit VOE276949 Piston Ring Kit Volvo Hauler Engine Repair Kit Spare Parts are applicable for the Volvo Hauler Models, indicated below A25D, \u00a0A25E, A30D , A30E,\u00a0A35D,\u00a0A35E,\u00a0A35F,\u00a0A40D,\u00a0A40E,\u00a0A40F,\u00a0A40G\" \/>\n<meta property=\"og:url\" content=\"https:\/\/eyli.com.tr\/kaya-kamyonu-motor-tamir-kit\/\" \/>\n<meta property=\"og:site_name\" content=\"Eyli \u0130\u015f Makineleri\" \/>\n<meta property=\"article:publisher\" content=\"https:\/\/www.facebook.com\/eylicomtr\" \/>\n<meta property=\"article:modified_time\" content=\"2016-10-11T13:09:29+00:00\" \/>\n<meta property=\"og:image\" content=\"http:\/\/eyli.com.tr\/wp-content\/uploads\/2016\/05\/kaya-kamyonu-motor-tamir-kit.png\" \/>\n<meta name=\"twitter:card\" content=\"summary_large_image\" \/>\n<meta name=\"twitter:label1\" content=\"Est. reading time\" \/>\n\t<meta name=\"twitter:data1\" content=\"1 minute\" \/>\n<script type=\"application\/ld+json\" class=\"yoast-schema-graph\">{\"@context\":\"https:\/\/schema.org\",\"@graph\":[{\"@type\":\"WebPage\",\"@id\":\"https:\/\/eyli.com.tr\/kaya-kamyonu-motor-tamir-kit\/\",\"url\":\"https:\/\/eyli.com.tr\/kaya-kamyonu-motor-tamir-kit\/\",\"name\":\"VOLVO KAYA KAMYONU MOTOR TAM\u0130R K\u0130T\u0130 YEDEK PAR\u00c7ALARI\",\"isPartOf\":{\"@id\":\"https:\/\/eyli.com.tr\/#website\"},\"primaryImageOfPage\":{\"@id\":\"https:\/\/eyli.com.tr\/kaya-kamyonu-motor-tamir-kit\/#primaryimage\"},\"image\":{\"@id\":\"https:\/\/eyli.com.tr\/kaya-kamyonu-motor-tamir-kit\/#primaryimage\"},\"thumbnailUrl\":\"http:\/\/eyli.com.tr\/wp-content\/uploads\/2016\/05\/kaya-kamyonu-motor-tamir-kit.png\",\"datePublished\":\"2016-05-06T14:16:44+00:00\",\"dateModified\":\"2016-10-11T13:09:29+00:00\",\"breadcrumb\":{\"@id\":\"https:\/\/eyli.com.tr\/kaya-kamyonu-motor-tamir-kit\/#breadcrumb\"},\"inLanguage\":\"en-US\",\"potentialAction\":[{\"@type\":\"ReadAction\",\"target\":[\"https:\/\/eyli.com.tr\/kaya-kamyonu-motor-tamir-kit\/\"]}]},{\"@type\":\"ImageObject\",\"inLanguage\":\"en-US\",\"@id\":\"https:\/\/eyli.com.tr\/kaya-kamyonu-motor-tamir-kit\/#primaryimage\",\"url\":\"http:\/\/eyli.com.tr\/wp-content\/uploads\/2016\/05\/kaya-kamyonu-motor-tamir-kit.png\",\"contentUrl\":\"http:\/\/eyli.com.tr\/wp-content\/uploads\/2016\/05\/kaya-kamyonu-motor-tamir-kit.png\"},{\"@type\":\"BreadcrumbList\",\"@id\":\"https:\/\/eyli.com.tr\/kaya-kamyonu-motor-tamir-kit\/#breadcrumb\",\"itemListElement\":[{\"@type\":\"ListItem\",\"position\":1,\"name\":\"Ana sayfa\",\"item\":\"https:\/\/eyli.com.tr\/\"},{\"@type\":\"ListItem\",\"position\":2,\"name\":\"Kaya Kamyonu Motor tamir kit\"}]},{\"@type\":\"WebSite\",\"@id\":\"https:\/\/eyli.com.tr\/#website\",\"url\":\"https:\/\/eyli.com.tr\/\",\"name\":\"Eyli \u0130\u015f Makineleri\",\"description\":\"\",\"publisher\":{\"@id\":\"https:\/\/eyli.com.tr\/#organization\"},\"potentialAction\":[{\"@type\":\"SearchAction\",\"target\":{\"@type\":\"EntryPoint\",\"urlTemplate\":\"https:\/\/eyli.com.tr\/?s={search_term_string}\"},\"query-input\":{\"@type\":\"PropertyValueSpecification\",\"valueRequired\":true,\"valueName\":\"search_term_string\"}}],\"inLanguage\":\"en-US\"},{\"@type\":\"Organization\",\"@id\":\"https:\/\/eyli.com.tr\/#organization\",\"name\":\"Eyli \u0130\u015f Makineleri\",\"url\":\"https:\/\/eyli.com.tr\/\",\"logo\":{\"@type\":\"ImageObject\",\"inLanguage\":\"en-US\",\"@id\":\"https:\/\/eyli.com.tr\/#\/schema\/logo\/image\/\",\"url\":\"https:\/\/eyli.com.tr\/wp-content\/uploads\/2020\/04\/WhatsApp-Image-2020-04-23-at-03.11.52-e1587829137284.jpeg\",\"contentUrl\":\"https:\/\/eyli.com.tr\/wp-content\/uploads\/2020\/04\/WhatsApp-Image-2020-04-23-at-03.11.52-e1587829137284.jpeg\",\"width\":1600,\"height\":900,\"caption\":\"Eyli \u0130\u015f Makineleri\"},\"image\":{\"@id\":\"https:\/\/eyli.com.tr\/#\/schema\/logo\/image\/\"},\"sameAs\":[\"https:\/\/www.facebook.com\/eylicomtr\"]}]}<\/script>\n<!-- \/ Yoast SEO plugin. -->","yoast_head_json":{"title":"VOLVO KAYA KAMYONU MOTOR TAM\u0130R K\u0130T\u0130 YEDEK PAR\u00c7ALARI","robots":{"index":"index","follow":"follow","max-snippet":"max-snippet:-1","max-image-preview":"max-image-preview:large","max-video-preview":"max-video-preview:-1"},"canonical":"https:\/\/eyli.com.tr\/kaya-kamyonu-motor-tamir-kit\/","og_locale":"en_US","og_type":"article","og_title":"VOLVO KAYA KAMYONU MOTOR TAM\u0130R K\u0130T\u0130 YEDEK PAR\u00c7ALARI","og_description":"&nbsp; VOLVO HAULER ENGINE REPAIR KIT SPARE PARTS Pos Parts\u00a0No Spare Parts Name VOE3099100 Gasket Kit VOE3165309 Bearing Housing VOE276921 Cylinder liner kit VOE270950 Sealing Kit VOE276949 Piston Ring Kit Volvo Hauler Engine Repair Kit Spare Parts are applicable for the Volvo Hauler Models, indicated below A25D, \u00a0A25E, A30D , A30E,\u00a0A35D,\u00a0A35E,\u00a0A35F,\u00a0A40D,\u00a0A40E,\u00a0A40F,\u00a0A40G","og_url":"https:\/\/eyli.com.tr\/kaya-kamyonu-motor-tamir-kit\/","og_site_name":"Eyli \u0130\u015f Makineleri","article_publisher":"https:\/\/www.facebook.com\/eylicomtr","article_modified_time":"2016-10-11T13:09:29+00:00","og_image":[{"url":"http:\/\/eyli.com.tr\/wp-content\/uploads\/2016\/05\/kaya-kamyonu-motor-tamir-kit.png","type":"","width":"","height":""}],"twitter_card":"summary_large_image","twitter_misc":{"Est. reading time":"1 minute"},"schema":{"@context":"https:\/\/schema.org","@graph":[{"@type":"WebPage","@id":"https:\/\/eyli.com.tr\/kaya-kamyonu-motor-tamir-kit\/","url":"https:\/\/eyli.com.tr\/kaya-kamyonu-motor-tamir-kit\/","name":"VOLVO KAYA KAMYONU MOTOR TAM\u0130R K\u0130T\u0130 YEDEK PAR\u00c7ALARI","isPartOf":{"@id":"https:\/\/eyli.com.tr\/#website"},"primaryImageOfPage":{"@id":"https:\/\/eyli.com.tr\/kaya-kamyonu-motor-tamir-kit\/#primaryimage"},"image":{"@id":"https:\/\/eyli.com.tr\/kaya-kamyonu-motor-tamir-kit\/#primaryimage"},"thumbnailUrl":"http:\/\/eyli.com.tr\/wp-content\/uploads\/2016\/05\/kaya-kamyonu-motor-tamir-kit.png","datePublished":"2016-05-06T14:16:44+00:00","dateModified":"2016-10-11T13:09:29+00:00","breadcrumb":{"@id":"https:\/\/eyli.com.tr\/kaya-kamyonu-motor-tamir-kit\/#breadcrumb"},"inLanguage":"en-US","potentialAction":[{"@type":"ReadAction","target":["https:\/\/eyli.com.tr\/kaya-kamyonu-motor-tamir-kit\/"]}]},{"@type":"ImageObject","inLanguage":"en-US","@id":"https:\/\/eyli.com.tr\/kaya-kamyonu-motor-tamir-kit\/#primaryimage","url":"http:\/\/eyli.com.tr\/wp-content\/uploads\/2016\/05\/kaya-kamyonu-motor-tamir-kit.png","contentUrl":"http:\/\/eyli.com.tr\/wp-content\/uploads\/2016\/05\/kaya-kamyonu-motor-tamir-kit.png"},{"@type":"BreadcrumbList","@id":"https:\/\/eyli.com.tr\/kaya-kamyonu-motor-tamir-kit\/#breadcrumb","itemListElement":[{"@type":"ListItem","position":1,"name":"Ana sayfa","item":"https:\/\/eyli.com.tr\/"},{"@type":"ListItem","position":2,"name":"Kaya Kamyonu Motor tamir kit"}]},{"@type":"WebSite","@id":"https:\/\/eyli.com.tr\/#website","url":"https:\/\/eyli.com.tr\/","name":"Eyli \u0130\u015f Makineleri","description":"","publisher":{"@id":"https:\/\/eyli.com.tr\/#organization"},"potentialAction":[{"@type":"SearchAction","target":{"@type":"EntryPoint","urlTemplate":"https:\/\/eyli.com.tr\/?s={search_term_string}"},"query-input":{"@type":"PropertyValueSpecification","valueRequired":true,"valueName":"search_term_string"}}],"inLanguage":"en-US"},{"@type":"Organization","@id":"https:\/\/eyli.com.tr\/#organization","name":"Eyli \u0130\u015f Makineleri","url":"https:\/\/eyli.com.tr\/","logo":{"@type":"ImageObject","inLanguage":"en-US","@id":"https:\/\/eyli.com.tr\/#\/schema\/logo\/image\/","url":"https:\/\/eyli.com.tr\/wp-content\/uploads\/2020\/04\/WhatsApp-Image-2020-04-23-at-03.11.52-e1587829137284.jpeg","contentUrl":"https:\/\/eyli.com.tr\/wp-content\/uploads\/2020\/04\/WhatsApp-Image-2020-04-23-at-03.11.52-e1587829137284.jpeg","width":1600,"height":900,"caption":"Eyli \u0130\u015f Makineleri"},"image":{"@id":"https:\/\/eyli.com.tr\/#\/schema\/logo\/image\/"},"sameAs":["https:\/\/www.facebook.com\/eylicomtr"]}]}},"_links":{"self":[{"href":"https:\/\/eyli.com.tr\/en\/wp-json\/wp\/v2\/pages\/600","targetHints":{"allow":["GET"]}}],"collection":[{"href":"https:\/\/eyli.com.tr\/en\/wp-json\/wp\/v2\/pages"}],"about":[{"href":"https:\/\/eyli.com.tr\/en\/wp-json\/wp\/v2\/types\/page"}],"author":[{"embeddable":true,"href":"https:\/\/eyli.com.tr\/en\/wp-json\/wp\/v2\/users\/1"}],"replies":[{"embeddable":true,"href":"https:\/\/eyli.com.tr\/en\/wp-json\/wp\/v2\/comments?post=600"}],"version-history":[{"count":5,"href":"https:\/\/eyli.com.tr\/en\/wp-json\/wp\/v2\/pages\/600\/revisions"}],"predecessor-version":[{"id":1679,"href":"https:\/\/eyli.com.tr\/en\/wp-json\/wp\/v2\/pages\/600\/revisions\/1679"}],"wp:attachment":[{"href":"https:\/\/eyli.com.tr\/en\/wp-json\/wp\/v2\/media?parent=600"}],"curies":[{"name":"wp","href":"https:\/\/api.w.org\/{rel}","templated":true}]}}