{"id":590,"date":"2016-05-06T12:32:29","date_gmt":"2016-05-06T09:32:29","guid":{"rendered":"http:\/\/eyli.com.tr\/?page_id=590"},"modified":"2016-05-06T12:34:18","modified_gmt":"2016-05-06T09:34:18","slug":"huzurlarinizda-yeni-volvo-a60h-videosu","status":"publish","type":"page","link":"https:\/\/eyli.com.tr\/en\/huzurlarinizda-yeni-volvo-a60h-videosu\/","title":{"rendered":"Huzurlar\u0131n\u0131zda Yeni Volvo A60H Videosu"},"content":{"rendered":"<div class=\"embed-responsive embed-responsive-16by9 index-img\"><iframe loading=\"lazy\" class=\"embed-responsive-item\" src=\"https:\/\/www.youtube.com\/embed\/aXNXisq3eX4\" width=\"300\" height=\"150\" frameborder=\"0\" allowfullscreen=\"allowfullscreen\"><\/iframe><\/div>\n<p>&nbsp;<\/p>\n<p class=\"ecxp1\">A60H\u00a0 &#8211; En iyisi<\/p>\n<p class=\"ecxp1\">%40 fazla \u00fcretkenlik<\/p>\n<p class=\"ecxp1\">Volvo in\u015faat ekipmanlar\u0131<\/p>\n<p class=\"ecxp1\">Atalar\u0131m\u0131z\u0131n yapt\u0131\u011f\u0131 gibi zorlu \u00e7evre ko\u015fullar\u0131na uyum sa\u011flamak zorunda de\u011filiz. Ko\u015fullar nas\u0131l olursa olsun her zaman i\u015fin \u00fcstesinden geliriz. Mafsall\u0131 Y\u00fck Ta\u015f\u0131c\u0131s\u0131 kavram\u0131n\u0131 biz yaratt\u0131k. Bu tip makineleri 50 y\u0131ldan uzun bir s\u00fcredir geli\u015ftiren de biziz dolay\u0131s\u0131 ile rekabet etmemiz gereken \u015fey kendi canavarlar\u0131m\u0131z.<\/p>\n<p class=\"ecxp1\">Huzurlar\u0131n\u0131zda Yeni Volvo A60H<\/p>\n","protected":false},"excerpt":{"rendered":"<p>&nbsp; A60H\u00a0 &#8211; En iyisi %40 fazla \u00fcretkenlik Volvo in\u015faat ekipmanlar\u0131 Atalar\u0131m\u0131z\u0131n yapt\u0131\u011f\u0131 gibi zorlu \u00e7evre ko\u015fullar\u0131na uyum sa\u011flamak zorunda de\u011filiz. Ko\u015fullar nas\u0131l olursa olsun her zaman i\u015fin \u00fcstesinden geliriz. Mafsall\u0131 Y\u00fck Ta\u015f\u0131c\u0131s\u0131 kavram\u0131n\u0131 biz yaratt\u0131k. Bu tip makineleri 50 y\u0131ldan uzun bir s\u00fcredir geli\u015ftiren de biziz dolay\u0131s\u0131 ile rekabet etmemiz gereken \u015fey kendi canavarlar\u0131m\u0131z. [&hellip;]<\/p>\n","protected":false},"author":1,"featured_media":0,"parent":0,"menu_order":0,"comment_status":"closed","ping_status":"closed","template":"page-fullwidth.php","meta":{"footnotes":""},"class_list":["post-590","page","type-page","status-publish","hentry"],"yoast_head":"<!-- This site is optimized with the Yoast SEO plugin v26.8 - https:\/\/yoast.com\/product\/yoast-seo-wordpress\/ -->\n<title>Huzurlar\u0131n\u0131zda Yeni Volvo A60H Videosu - Eyli \u0130\u015f Makineleri<\/title>\n<meta name=\"robots\" content=\"index, follow, max-snippet:-1, max-image-preview:large, max-video-preview:-1\" \/>\n<link rel=\"canonical\" href=\"https:\/\/eyli.com.tr\/huzurlarinizda-yeni-volvo-a60h-videosu\/\" \/>\n<meta property=\"og:locale\" content=\"en_US\" \/>\n<meta property=\"og:type\" content=\"article\" \/>\n<meta property=\"og:title\" content=\"Huzurlar\u0131n\u0131zda Yeni Volvo A60H Videosu - Eyli \u0130\u015f Makineleri\" \/>\n<meta property=\"og:description\" content=\"&nbsp; A60H\u00a0 &#8211; En iyisi %40 fazla \u00fcretkenlik Volvo in\u015faat ekipmanlar\u0131 Atalar\u0131m\u0131z\u0131n yapt\u0131\u011f\u0131 gibi zorlu \u00e7evre ko\u015fullar\u0131na uyum sa\u011flamak zorunda de\u011filiz. Ko\u015fullar nas\u0131l olursa olsun her zaman i\u015fin \u00fcstesinden geliriz. Mafsall\u0131 Y\u00fck Ta\u015f\u0131c\u0131s\u0131 kavram\u0131n\u0131 biz yaratt\u0131k. Bu tip makineleri 50 y\u0131ldan uzun bir s\u00fcredir geli\u015ftiren de biziz dolay\u0131s\u0131 ile rekabet etmemiz gereken \u015fey kendi canavarlar\u0131m\u0131z. [&hellip;]\" \/>\n<meta property=\"og:url\" content=\"https:\/\/eyli.com.tr\/huzurlarinizda-yeni-volvo-a60h-videosu\/\" \/>\n<meta property=\"og:site_name\" content=\"Eyli \u0130\u015f Makineleri\" \/>\n<meta property=\"article:publisher\" content=\"https:\/\/www.facebook.com\/eylicomtr\" \/>\n<meta property=\"article:modified_time\" content=\"2016-05-06T09:34:18+00:00\" \/>\n<meta name=\"twitter:card\" content=\"summary_large_image\" \/>\n<script type=\"application\/ld+json\" class=\"yoast-schema-graph\">{\"@context\":\"https:\/\/schema.org\",\"@graph\":[{\"@type\":\"WebPage\",\"@id\":\"https:\/\/eyli.com.tr\/huzurlarinizda-yeni-volvo-a60h-videosu\/\",\"url\":\"https:\/\/eyli.com.tr\/huzurlarinizda-yeni-volvo-a60h-videosu\/\",\"name\":\"Huzurlar\u0131n\u0131zda Yeni Volvo A60H Videosu - Eyli \u0130\u015f Makineleri\",\"isPartOf\":{\"@id\":\"https:\/\/eyli.com.tr\/#website\"},\"datePublished\":\"2016-05-06T09:32:29+00:00\",\"dateModified\":\"2016-05-06T09:34:18+00:00\",\"breadcrumb\":{\"@id\":\"https:\/\/eyli.com.tr\/huzurlarinizda-yeni-volvo-a60h-videosu\/#breadcrumb\"},\"inLanguage\":\"en-US\",\"potentialAction\":[{\"@type\":\"ReadAction\",\"target\":[\"https:\/\/eyli.com.tr\/huzurlarinizda-yeni-volvo-a60h-videosu\/\"]}]},{\"@type\":\"BreadcrumbList\",\"@id\":\"https:\/\/eyli.com.tr\/huzurlarinizda-yeni-volvo-a60h-videosu\/#breadcrumb\",\"itemListElement\":[{\"@type\":\"ListItem\",\"position\":1,\"name\":\"Ana sayfa\",\"item\":\"https:\/\/eyli.com.tr\/\"},{\"@type\":\"ListItem\",\"position\":2,\"name\":\"Huzurlar\u0131n\u0131zda Yeni Volvo A60H Videosu\"}]},{\"@type\":\"WebSite\",\"@id\":\"https:\/\/eyli.com.tr\/#website\",\"url\":\"https:\/\/eyli.com.tr\/\",\"name\":\"Eyli \u0130\u015f Makineleri\",\"description\":\"\",\"publisher\":{\"@id\":\"https:\/\/eyli.com.tr\/#organization\"},\"potentialAction\":[{\"@type\":\"SearchAction\",\"target\":{\"@type\":\"EntryPoint\",\"urlTemplate\":\"https:\/\/eyli.com.tr\/?s={search_term_string}\"},\"query-input\":{\"@type\":\"PropertyValueSpecification\",\"valueRequired\":true,\"valueName\":\"search_term_string\"}}],\"inLanguage\":\"en-US\"},{\"@type\":\"Organization\",\"@id\":\"https:\/\/eyli.com.tr\/#organization\",\"name\":\"Eyli \u0130\u015f Makineleri\",\"url\":\"https:\/\/eyli.com.tr\/\",\"logo\":{\"@type\":\"ImageObject\",\"inLanguage\":\"en-US\",\"@id\":\"https:\/\/eyli.com.tr\/#\/schema\/logo\/image\/\",\"url\":\"https:\/\/eyli.com.tr\/wp-content\/uploads\/2020\/04\/WhatsApp-Image-2020-04-23-at-03.11.52-e1587829137284.jpeg\",\"contentUrl\":\"https:\/\/eyli.com.tr\/wp-content\/uploads\/2020\/04\/WhatsApp-Image-2020-04-23-at-03.11.52-e1587829137284.jpeg\",\"width\":1600,\"height\":900,\"caption\":\"Eyli \u0130\u015f Makineleri\"},\"image\":{\"@id\":\"https:\/\/eyli.com.tr\/#\/schema\/logo\/image\/\"},\"sameAs\":[\"https:\/\/www.facebook.com\/eylicomtr\"]}]}<\/script>\n<!-- \/ Yoast SEO plugin. -->","yoast_head_json":{"title":"Huzurlar\u0131n\u0131zda Yeni Volvo A60H Videosu - Eyli \u0130\u015f Makineleri","robots":{"index":"index","follow":"follow","max-snippet":"max-snippet:-1","max-image-preview":"max-image-preview:large","max-video-preview":"max-video-preview:-1"},"canonical":"https:\/\/eyli.com.tr\/huzurlarinizda-yeni-volvo-a60h-videosu\/","og_locale":"en_US","og_type":"article","og_title":"Huzurlar\u0131n\u0131zda Yeni Volvo A60H Videosu - Eyli \u0130\u015f Makineleri","og_description":"&nbsp; A60H\u00a0 &#8211; En iyisi %40 fazla \u00fcretkenlik Volvo in\u015faat ekipmanlar\u0131 Atalar\u0131m\u0131z\u0131n yapt\u0131\u011f\u0131 gibi zorlu \u00e7evre ko\u015fullar\u0131na uyum sa\u011flamak zorunda de\u011filiz. Ko\u015fullar nas\u0131l olursa olsun her zaman i\u015fin \u00fcstesinden geliriz. Mafsall\u0131 Y\u00fck Ta\u015f\u0131c\u0131s\u0131 kavram\u0131n\u0131 biz yaratt\u0131k. Bu tip makineleri 50 y\u0131ldan uzun bir s\u00fcredir geli\u015ftiren de biziz dolay\u0131s\u0131 ile rekabet etmemiz gereken \u015fey kendi canavarlar\u0131m\u0131z. [&hellip;]","og_url":"https:\/\/eyli.com.tr\/huzurlarinizda-yeni-volvo-a60h-videosu\/","og_site_name":"Eyli \u0130\u015f Makineleri","article_publisher":"https:\/\/www.facebook.com\/eylicomtr","article_modified_time":"2016-05-06T09:34:18+00:00","twitter_card":"summary_large_image","schema":{"@context":"https:\/\/schema.org","@graph":[{"@type":"WebPage","@id":"https:\/\/eyli.com.tr\/huzurlarinizda-yeni-volvo-a60h-videosu\/","url":"https:\/\/eyli.com.tr\/huzurlarinizda-yeni-volvo-a60h-videosu\/","name":"Huzurlar\u0131n\u0131zda Yeni Volvo A60H Videosu - Eyli \u0130\u015f Makineleri","isPartOf":{"@id":"https:\/\/eyli.com.tr\/#website"},"datePublished":"2016-05-06T09:32:29+00:00","dateModified":"2016-05-06T09:34:18+00:00","breadcrumb":{"@id":"https:\/\/eyli.com.tr\/huzurlarinizda-yeni-volvo-a60h-videosu\/#breadcrumb"},"inLanguage":"en-US","potentialAction":[{"@type":"ReadAction","target":["https:\/\/eyli.com.tr\/huzurlarinizda-yeni-volvo-a60h-videosu\/"]}]},{"@type":"BreadcrumbList","@id":"https:\/\/eyli.com.tr\/huzurlarinizda-yeni-volvo-a60h-videosu\/#breadcrumb","itemListElement":[{"@type":"ListItem","position":1,"name":"Ana sayfa","item":"https:\/\/eyli.com.tr\/"},{"@type":"ListItem","position":2,"name":"Huzurlar\u0131n\u0131zda Yeni Volvo A60H Videosu"}]},{"@type":"WebSite","@id":"https:\/\/eyli.com.tr\/#website","url":"https:\/\/eyli.com.tr\/","name":"Eyli \u0130\u015f Makineleri","description":"","publisher":{"@id":"https:\/\/eyli.com.tr\/#organization"},"potentialAction":[{"@type":"SearchAction","target":{"@type":"EntryPoint","urlTemplate":"https:\/\/eyli.com.tr\/?s={search_term_string}"},"query-input":{"@type":"PropertyValueSpecification","valueRequired":true,"valueName":"search_term_string"}}],"inLanguage":"en-US"},{"@type":"Organization","@id":"https:\/\/eyli.com.tr\/#organization","name":"Eyli \u0130\u015f Makineleri","url":"https:\/\/eyli.com.tr\/","logo":{"@type":"ImageObject","inLanguage":"en-US","@id":"https:\/\/eyli.com.tr\/#\/schema\/logo\/image\/","url":"https:\/\/eyli.com.tr\/wp-content\/uploads\/2020\/04\/WhatsApp-Image-2020-04-23-at-03.11.52-e1587829137284.jpeg","contentUrl":"https:\/\/eyli.com.tr\/wp-content\/uploads\/2020\/04\/WhatsApp-Image-2020-04-23-at-03.11.52-e1587829137284.jpeg","width":1600,"height":900,"caption":"Eyli \u0130\u015f Makineleri"},"image":{"@id":"https:\/\/eyli.com.tr\/#\/schema\/logo\/image\/"},"sameAs":["https:\/\/www.facebook.com\/eylicomtr"]}]}},"_links":{"self":[{"href":"https:\/\/eyli.com.tr\/en\/wp-json\/wp\/v2\/pages\/590","targetHints":{"allow":["GET"]}}],"collection":[{"href":"https:\/\/eyli.com.tr\/en\/wp-json\/wp\/v2\/pages"}],"about":[{"href":"https:\/\/eyli.com.tr\/en\/wp-json\/wp\/v2\/types\/page"}],"author":[{"embeddable":true,"href":"https:\/\/eyli.com.tr\/en\/wp-json\/wp\/v2\/users\/1"}],"replies":[{"embeddable":true,"href":"https:\/\/eyli.com.tr\/en\/wp-json\/wp\/v2\/comments?post=590"}],"version-history":[{"count":4,"href":"https:\/\/eyli.com.tr\/en\/wp-json\/wp\/v2\/pages\/590\/revisions"}],"predecessor-version":[{"id":596,"href":"https:\/\/eyli.com.tr\/en\/wp-json\/wp\/v2\/pages\/590\/revisions\/596"}],"wp:attachment":[{"href":"https:\/\/eyli.com.tr\/en\/wp-json\/wp\/v2\/media?parent=590"}],"curies":[{"name":"wp","href":"https:\/\/api.w.org\/{rel}","templated":true}]}}