{"id":496,"date":"2016-05-05T15:31:42","date_gmt":"2016-05-05T12:31:42","guid":{"rendered":"http:\/\/eyli.com.tr\/?page_id=496"},"modified":"2016-10-18T18:10:06","modified_gmt":"2016-10-18T15:10:06","slug":"beko-loder-kece-takimi","status":"publish","type":"page","link":"https:\/\/eyli.com.tr\/en\/beko-loder-kece-takimi\/","title":{"rendered":"Backhoe Loader Sealing Ring Set"},"content":{"rendered":"<p><img loading=\"lazy\" decoding=\"async\" class=\"aligncenter size-full wp-image-521\" src=\"http:\/\/eyli.com.tr\/wp-content\/uploads\/2016\/05\/bekoloder-kece-takimi.png\" alt=\"bekoloder-kece-takimi\" width=\"1513\" height=\"922\" srcset=\"https:\/\/eyli.com.tr\/wp-content\/uploads\/2016\/05\/bekoloder-kece-takimi.png 1513w, https:\/\/eyli.com.tr\/wp-content\/uploads\/2016\/05\/bekoloder-kece-takimi-300x183.png 300w, https:\/\/eyli.com.tr\/wp-content\/uploads\/2016\/05\/bekoloder-kece-takimi-768x468.png 768w, https:\/\/eyli.com.tr\/wp-content\/uploads\/2016\/05\/bekoloder-kece-takimi-1024x624.png 1024w\" sizes=\"auto, (max-width: 1513px) 100vw, 1513px\" \/><\/p>\n<p>&nbsp;<\/p>\n<p><strong>BACKHOE LOADER SEALING RING SET SPARE PARTS<\/strong><\/p>\n<table class=\"table table-bordered\">\n<tbody>\n<tr>\n<td>Pos<\/td>\n<td>Parts\u00a0No<\/td>\n<td>Spare Parts Name<\/td>\n<\/tr>\n<tr>\n<td><\/td>\n<td>VOE11885484<\/td>\n<td>Cylinder<\/td>\n<\/tr>\n<tr>\n<td>1<\/td>\n<td>VOE11988259<\/td>\n<td>Piston rod<\/td>\n<\/tr>\n<tr>\n<td>4<\/td>\n<td>VOE11709619<\/td>\n<td>\u2022Piston rod guide<\/td>\n<\/tr>\n<tr>\n<td>10<\/td>\n<td>VOE11709620<\/td>\n<td>\u2022Piston<\/td>\n<\/tr>\n<tr>\n<td>16<\/td>\n<td>VOE11988260<\/td>\n<td>\u2022Bushing<\/td>\n<\/tr>\n<tr>\n<td>17<\/td>\n<td>VOE11711134<\/td>\n<td>\u2022Bushing<\/td>\n<\/tr>\n<tr>\n<td>18<\/td>\n<td>VOE11883675<\/td>\n<td>Scraper<\/td>\n<\/tr>\n<tr>\n<td>19<\/td>\n<td>VOE11883937<\/td>\n<td>Scraper<\/td>\n<\/tr>\n<tr>\n<td><\/td>\n<td>VOE11709624<\/td>\n<td>Sealing kit<\/td>\n<\/tr>\n<\/tbody>\n<\/table>\n<p><strong>Volvo Backhoe Loader Sealing Ring Set Spare Parts are applicable for the Volvo construction machines, given below<\/strong><\/p>\n<p>BL60, BL60B, BL61, BL61 PLUS, BL61B, BL70, BL70B, BL71, BL71 PLUS, BL71B<\/p>","protected":false},"excerpt":{"rendered":"<p>&nbsp; BACKHOE LOADER SEALING RING SET SPARE PARTS Pos Parts\u00a0No Spare Parts Name VOE11885484 Cylinder 1 VOE11988259 Piston rod 4 VOE11709619 \u2022Piston rod guide 10 VOE11709620 \u2022Piston 16 VOE11988260 \u2022Bushing 17 VOE11711134 \u2022Bushing 18 VOE11883675 Scraper 19 VOE11883937 Scraper VOE11709624 Sealing kit Volvo Backhoe Loader Sealing Ring Set Spare Parts are applicable for the Volvo [&hellip;]<\/p>\n","protected":false},"author":1,"featured_media":0,"parent":0,"menu_order":0,"comment_status":"closed","ping_status":"closed","template":"page-fullwidth.php","meta":{"footnotes":""},"class_list":["post-496","page","type-page","status-publish","hentry"],"yoast_head":"<!-- This site is optimized with the Yoast SEO plugin v26.8 - https:\/\/yoast.com\/product\/yoast-seo-wordpress\/ -->\n<title>VOLVO BEKO LODER KE\u00c7E TAKIMI YEDEK PAR\u00c7ALARI<\/title>\n<meta name=\"robots\" content=\"index, follow, max-snippet:-1, max-image-preview:large, max-video-preview:-1\" \/>\n<link rel=\"canonical\" href=\"https:\/\/eyli.com.tr\/beko-loder-kece-takimi\/\" \/>\n<meta property=\"og:locale\" content=\"en_US\" \/>\n<meta property=\"og:type\" content=\"article\" \/>\n<meta property=\"og:title\" content=\"VOLVO BEKO LODER KE\u00c7E TAKIMI YEDEK PAR\u00c7ALARI\" \/>\n<meta property=\"og:description\" content=\"&nbsp; BACKHOE LOADER SEALING RING SET SPARE PARTS Pos Parts\u00a0No Spare Parts Name VOE11885484 Cylinder 1 VOE11988259 Piston rod 4 VOE11709619 \u2022Piston rod guide 10 VOE11709620 \u2022Piston 16 VOE11988260 \u2022Bushing 17 VOE11711134 \u2022Bushing 18 VOE11883675 Scraper 19 VOE11883937 Scraper VOE11709624 Sealing kit Volvo Backhoe Loader Sealing Ring Set Spare Parts are applicable for the Volvo [&hellip;]\" \/>\n<meta property=\"og:url\" content=\"https:\/\/eyli.com.tr\/beko-loder-kece-takimi\/\" \/>\n<meta property=\"og:site_name\" content=\"Eyli \u0130\u015f Makineleri\" \/>\n<meta property=\"article:publisher\" content=\"https:\/\/www.facebook.com\/eylicomtr\" \/>\n<meta property=\"article:modified_time\" content=\"2016-10-18T15:10:06+00:00\" \/>\n<meta property=\"og:image\" content=\"http:\/\/eyli.com.tr\/wp-content\/uploads\/2016\/05\/bekoloder-kece-takimi.png\" \/>\n<meta name=\"twitter:card\" content=\"summary_large_image\" \/>\n<meta name=\"twitter:label1\" content=\"Est. reading time\" \/>\n\t<meta name=\"twitter:data1\" content=\"1 minute\" \/>\n<script type=\"application\/ld+json\" class=\"yoast-schema-graph\">{\"@context\":\"https:\/\/schema.org\",\"@graph\":[{\"@type\":\"WebPage\",\"@id\":\"https:\/\/eyli.com.tr\/beko-loder-kece-takimi\/\",\"url\":\"https:\/\/eyli.com.tr\/beko-loder-kece-takimi\/\",\"name\":\"VOLVO BEKO LODER KE\u00c7E TAKIMI YEDEK PAR\u00c7ALARI\",\"isPartOf\":{\"@id\":\"https:\/\/eyli.com.tr\/#website\"},\"primaryImageOfPage\":{\"@id\":\"https:\/\/eyli.com.tr\/beko-loder-kece-takimi\/#primaryimage\"},\"image\":{\"@id\":\"https:\/\/eyli.com.tr\/beko-loder-kece-takimi\/#primaryimage\"},\"thumbnailUrl\":\"http:\/\/eyli.com.tr\/wp-content\/uploads\/2016\/05\/bekoloder-kece-takimi.png\",\"datePublished\":\"2016-05-05T12:31:42+00:00\",\"dateModified\":\"2016-10-18T15:10:06+00:00\",\"breadcrumb\":{\"@id\":\"https:\/\/eyli.com.tr\/beko-loder-kece-takimi\/#breadcrumb\"},\"inLanguage\":\"en-US\",\"potentialAction\":[{\"@type\":\"ReadAction\",\"target\":[\"https:\/\/eyli.com.tr\/beko-loder-kece-takimi\/\"]}]},{\"@type\":\"ImageObject\",\"inLanguage\":\"en-US\",\"@id\":\"https:\/\/eyli.com.tr\/beko-loder-kece-takimi\/#primaryimage\",\"url\":\"http:\/\/eyli.com.tr\/wp-content\/uploads\/2016\/05\/bekoloder-kece-takimi.png\",\"contentUrl\":\"http:\/\/eyli.com.tr\/wp-content\/uploads\/2016\/05\/bekoloder-kece-takimi.png\"},{\"@type\":\"BreadcrumbList\",\"@id\":\"https:\/\/eyli.com.tr\/beko-loder-kece-takimi\/#breadcrumb\",\"itemListElement\":[{\"@type\":\"ListItem\",\"position\":1,\"name\":\"Ana sayfa\",\"item\":\"https:\/\/eyli.com.tr\/\"},{\"@type\":\"ListItem\",\"position\":2,\"name\":\"Beko Loder Ke\u00e7e tak\u0131m\u0131\"}]},{\"@type\":\"WebSite\",\"@id\":\"https:\/\/eyli.com.tr\/#website\",\"url\":\"https:\/\/eyli.com.tr\/\",\"name\":\"Eyli \u0130\u015f Makineleri\",\"description\":\"\",\"publisher\":{\"@id\":\"https:\/\/eyli.com.tr\/#organization\"},\"potentialAction\":[{\"@type\":\"SearchAction\",\"target\":{\"@type\":\"EntryPoint\",\"urlTemplate\":\"https:\/\/eyli.com.tr\/?s={search_term_string}\"},\"query-input\":{\"@type\":\"PropertyValueSpecification\",\"valueRequired\":true,\"valueName\":\"search_term_string\"}}],\"inLanguage\":\"en-US\"},{\"@type\":\"Organization\",\"@id\":\"https:\/\/eyli.com.tr\/#organization\",\"name\":\"Eyli \u0130\u015f Makineleri\",\"url\":\"https:\/\/eyli.com.tr\/\",\"logo\":{\"@type\":\"ImageObject\",\"inLanguage\":\"en-US\",\"@id\":\"https:\/\/eyli.com.tr\/#\/schema\/logo\/image\/\",\"url\":\"https:\/\/eyli.com.tr\/wp-content\/uploads\/2020\/04\/WhatsApp-Image-2020-04-23-at-03.11.52-e1587829137284.jpeg\",\"contentUrl\":\"https:\/\/eyli.com.tr\/wp-content\/uploads\/2020\/04\/WhatsApp-Image-2020-04-23-at-03.11.52-e1587829137284.jpeg\",\"width\":1600,\"height\":900,\"caption\":\"Eyli \u0130\u015f Makineleri\"},\"image\":{\"@id\":\"https:\/\/eyli.com.tr\/#\/schema\/logo\/image\/\"},\"sameAs\":[\"https:\/\/www.facebook.com\/eylicomtr\"]}]}<\/script>\n<!-- \/ Yoast SEO plugin. -->","yoast_head_json":{"title":"VOLVO BEKO LODER KE\u00c7E TAKIMI YEDEK PAR\u00c7ALARI","robots":{"index":"index","follow":"follow","max-snippet":"max-snippet:-1","max-image-preview":"max-image-preview:large","max-video-preview":"max-video-preview:-1"},"canonical":"https:\/\/eyli.com.tr\/beko-loder-kece-takimi\/","og_locale":"en_US","og_type":"article","og_title":"VOLVO BEKO LODER KE\u00c7E TAKIMI YEDEK PAR\u00c7ALARI","og_description":"&nbsp; BACKHOE LOADER SEALING RING SET SPARE PARTS Pos Parts\u00a0No Spare Parts Name VOE11885484 Cylinder 1 VOE11988259 Piston rod 4 VOE11709619 \u2022Piston rod guide 10 VOE11709620 \u2022Piston 16 VOE11988260 \u2022Bushing 17 VOE11711134 \u2022Bushing 18 VOE11883675 Scraper 19 VOE11883937 Scraper VOE11709624 Sealing kit Volvo Backhoe Loader Sealing Ring Set Spare Parts are applicable for the Volvo [&hellip;]","og_url":"https:\/\/eyli.com.tr\/beko-loder-kece-takimi\/","og_site_name":"Eyli \u0130\u015f Makineleri","article_publisher":"https:\/\/www.facebook.com\/eylicomtr","article_modified_time":"2016-10-18T15:10:06+00:00","og_image":[{"url":"http:\/\/eyli.com.tr\/wp-content\/uploads\/2016\/05\/bekoloder-kece-takimi.png","type":"","width":"","height":""}],"twitter_card":"summary_large_image","twitter_misc":{"Est. reading time":"1 minute"},"schema":{"@context":"https:\/\/schema.org","@graph":[{"@type":"WebPage","@id":"https:\/\/eyli.com.tr\/beko-loder-kece-takimi\/","url":"https:\/\/eyli.com.tr\/beko-loder-kece-takimi\/","name":"VOLVO BEKO LODER KE\u00c7E TAKIMI YEDEK PAR\u00c7ALARI","isPartOf":{"@id":"https:\/\/eyli.com.tr\/#website"},"primaryImageOfPage":{"@id":"https:\/\/eyli.com.tr\/beko-loder-kece-takimi\/#primaryimage"},"image":{"@id":"https:\/\/eyli.com.tr\/beko-loder-kece-takimi\/#primaryimage"},"thumbnailUrl":"http:\/\/eyli.com.tr\/wp-content\/uploads\/2016\/05\/bekoloder-kece-takimi.png","datePublished":"2016-05-05T12:31:42+00:00","dateModified":"2016-10-18T15:10:06+00:00","breadcrumb":{"@id":"https:\/\/eyli.com.tr\/beko-loder-kece-takimi\/#breadcrumb"},"inLanguage":"en-US","potentialAction":[{"@type":"ReadAction","target":["https:\/\/eyli.com.tr\/beko-loder-kece-takimi\/"]}]},{"@type":"ImageObject","inLanguage":"en-US","@id":"https:\/\/eyli.com.tr\/beko-loder-kece-takimi\/#primaryimage","url":"http:\/\/eyli.com.tr\/wp-content\/uploads\/2016\/05\/bekoloder-kece-takimi.png","contentUrl":"http:\/\/eyli.com.tr\/wp-content\/uploads\/2016\/05\/bekoloder-kece-takimi.png"},{"@type":"BreadcrumbList","@id":"https:\/\/eyli.com.tr\/beko-loder-kece-takimi\/#breadcrumb","itemListElement":[{"@type":"ListItem","position":1,"name":"Ana sayfa","item":"https:\/\/eyli.com.tr\/"},{"@type":"ListItem","position":2,"name":"Beko Loder Ke\u00e7e tak\u0131m\u0131"}]},{"@type":"WebSite","@id":"https:\/\/eyli.com.tr\/#website","url":"https:\/\/eyli.com.tr\/","name":"Eyli \u0130\u015f Makineleri","description":"","publisher":{"@id":"https:\/\/eyli.com.tr\/#organization"},"potentialAction":[{"@type":"SearchAction","target":{"@type":"EntryPoint","urlTemplate":"https:\/\/eyli.com.tr\/?s={search_term_string}"},"query-input":{"@type":"PropertyValueSpecification","valueRequired":true,"valueName":"search_term_string"}}],"inLanguage":"en-US"},{"@type":"Organization","@id":"https:\/\/eyli.com.tr\/#organization","name":"Eyli \u0130\u015f Makineleri","url":"https:\/\/eyli.com.tr\/","logo":{"@type":"ImageObject","inLanguage":"en-US","@id":"https:\/\/eyli.com.tr\/#\/schema\/logo\/image\/","url":"https:\/\/eyli.com.tr\/wp-content\/uploads\/2020\/04\/WhatsApp-Image-2020-04-23-at-03.11.52-e1587829137284.jpeg","contentUrl":"https:\/\/eyli.com.tr\/wp-content\/uploads\/2020\/04\/WhatsApp-Image-2020-04-23-at-03.11.52-e1587829137284.jpeg","width":1600,"height":900,"caption":"Eyli \u0130\u015f Makineleri"},"image":{"@id":"https:\/\/eyli.com.tr\/#\/schema\/logo\/image\/"},"sameAs":["https:\/\/www.facebook.com\/eylicomtr"]}]}},"_links":{"self":[{"href":"https:\/\/eyli.com.tr\/en\/wp-json\/wp\/v2\/pages\/496","targetHints":{"allow":["GET"]}}],"collection":[{"href":"https:\/\/eyli.com.tr\/en\/wp-json\/wp\/v2\/pages"}],"about":[{"href":"https:\/\/eyli.com.tr\/en\/wp-json\/wp\/v2\/types\/page"}],"author":[{"embeddable":true,"href":"https:\/\/eyli.com.tr\/en\/wp-json\/wp\/v2\/users\/1"}],"replies":[{"embeddable":true,"href":"https:\/\/eyli.com.tr\/en\/wp-json\/wp\/v2\/comments?post=496"}],"version-history":[{"count":5,"href":"https:\/\/eyli.com.tr\/en\/wp-json\/wp\/v2\/pages\/496\/revisions"}],"predecessor-version":[{"id":1804,"href":"https:\/\/eyli.com.tr\/en\/wp-json\/wp\/v2\/pages\/496\/revisions\/1804"}],"wp:attachment":[{"href":"https:\/\/eyli.com.tr\/en\/wp-json\/wp\/v2\/media?parent=496"}],"curies":[{"name":"wp","href":"https:\/\/api.w.org\/{rel}","templated":true}]}}