{"id":495,"date":"2016-05-05T15:26:16","date_gmt":"2016-05-05T12:26:16","guid":{"rendered":"http:\/\/eyli.com.tr\/?page_id=495"},"modified":"2016-10-18T18:07:53","modified_gmt":"2016-10-18T15:07:53","slug":"beko-loder-hidrolik-silindir","status":"publish","type":"page","link":"https:\/\/eyli.com.tr\/en\/beko-loder-hidrolik-silindir\/","title":{"rendered":"Backhoe Loader Hydraulic Cylinder"},"content":{"rendered":"<p><img loading=\"lazy\" decoding=\"async\" class=\"aligncenter size-full wp-image-516\" src=\"http:\/\/eyli.com.tr\/wp-content\/uploads\/2016\/05\/bekoloder-hidrolik-silindir.png\" alt=\"bekoloder-hidrolik-silindir\" width=\"1512\" height=\"1066\" srcset=\"https:\/\/eyli.com.tr\/wp-content\/uploads\/2016\/05\/bekoloder-hidrolik-silindir.png 1512w, https:\/\/eyli.com.tr\/wp-content\/uploads\/2016\/05\/bekoloder-hidrolik-silindir-300x212.png 300w, https:\/\/eyli.com.tr\/wp-content\/uploads\/2016\/05\/bekoloder-hidrolik-silindir-768x541.png 768w, https:\/\/eyli.com.tr\/wp-content\/uploads\/2016\/05\/bekoloder-hidrolik-silindir-1024x722.png 1024w\" sizes=\"auto, (max-width: 1512px) 100vw, 1512px\" \/><\/p>\n<p>&nbsp;<\/p>\n<p><strong>BACKHOE LOADER HYDRAULIC CYLINDER SPARE PARTS<\/strong><\/p>\n<table width=\"576\">\n<tbody>\n<tr>\n<td width=\"35\">Pos<\/td>\n<td width=\"100\">Parts\u00a0No<\/td>\n<td width=\"441\">Spare Parts Name<\/td>\n<\/tr>\n<tr>\n<td width=\"35\">1<\/td>\n<td width=\"100\">VOE11157115<\/td>\n<td width=\"441\">Hydraulic cylinder<\/td>\n<\/tr>\n<tr>\n<td width=\"35\">2<\/td>\n<td width=\"100\">VOE11999364<\/td>\n<td width=\"441\">Piston rod<\/td>\n<\/tr>\n<tr>\n<td width=\"35\">3<\/td>\n<td width=\"100\">VOE11999363<\/td>\n<td width=\"441\">Piston rod guide<\/td>\n<\/tr>\n<tr>\n<td width=\"35\">4<\/td>\n<td width=\"100\">VOE4784040<\/td>\n<td width=\"441\">\u2022Piston rod seal<\/td>\n<\/tr>\n<tr>\n<td width=\"35\">5<\/td>\n<td width=\"100\">VOE11708612<\/td>\n<td width=\"441\">\u2022Spacer<\/td>\n<\/tr>\n<tr>\n<td width=\"35\">6<\/td>\n<td width=\"100\">VOE914519<\/td>\n<td width=\"441\">Retaining ring<\/td>\n<\/tr>\n<tr>\n<td width=\"35\">7<\/td>\n<td width=\"100\">VOE11999360<\/td>\n<td width=\"441\">\u2022Scraper<\/td>\n<\/tr>\n<tr>\n<td width=\"35\">8<\/td>\n<td width=\"100\">VOE925067<\/td>\n<td width=\"441\">\u2022O-ring<\/td>\n<\/tr>\n<tr>\n<td width=\"35\">9<\/td>\n<td width=\"100\">VOE13962550<\/td>\n<td width=\"441\">\u2022Back-up ring<\/td>\n<\/tr>\n<tr>\n<td width=\"35\">10<\/td>\n<td width=\"100\">VOE13960215<\/td>\n<td width=\"441\">\u2022O-ring<\/td>\n<\/tr>\n<tr>\n<td width=\"35\">11<\/td>\n<td width=\"100\">VOE11999361<\/td>\n<td width=\"441\">\u2022Piston seal<\/td>\n<\/tr>\n<tr>\n<td width=\"35\">12<\/td>\n<td width=\"100\">VOE11999365<\/td>\n<td width=\"441\">\u2022Piston<\/td>\n<\/tr>\n<tr>\n<td width=\"35\">13<\/td>\n<td width=\"100\">VOE13962970<\/td>\n<td width=\"441\">Screw<\/td>\n<\/tr>\n<tr>\n<td width=\"35\">14<\/td>\n<td width=\"100\">VOE11999362<\/td>\n<td width=\"441\">Sealing kit<\/td>\n<\/tr>\n<\/tbody>\n<\/table>\n<p><strong>Volvo Backhoe Loader Hydraulic Cylinder Spare Parts are applicable for the Volvo construction machines, given below<\/strong><\/p>\n<p>BL60, BL60B, BL61, BL61 PLUS, BL61B, BL70, BL70B, BL71, BL71 PLUS, BL71B<\/p>","protected":false},"excerpt":{"rendered":"<p>&nbsp; BACKHOE LOADER HYDRAULIC CYLINDER SPARE PARTS Pos Parts\u00a0No Spare Parts Name 1 VOE11157115 Hydraulic cylinder 2 VOE11999364 Piston rod 3 VOE11999363 Piston rod guide 4 VOE4784040 \u2022Piston rod seal 5 VOE11708612 \u2022Spacer 6 VOE914519 Retaining ring 7 VOE11999360 \u2022Scraper 8 VOE925067 \u2022O-ring 9 VOE13962550 \u2022Back-up ring 10 VOE13960215 \u2022O-ring 11 VOE11999361 \u2022Piston seal 12 [&hellip;]<\/p>\n","protected":false},"author":1,"featured_media":0,"parent":0,"menu_order":0,"comment_status":"closed","ping_status":"closed","template":"page-fullwidth.php","meta":{"footnotes":""},"class_list":["post-495","page","type-page","status-publish","hentry"],"yoast_head":"<!-- This site is optimized with the Yoast SEO plugin v26.8 - https:\/\/yoast.com\/product\/yoast-seo-wordpress\/ -->\n<title>VOLVO BEKO LODER H\u0130DROL\u0130K S\u0130L\u0130ND\u0130R YEDEK PAR\u00c7ALARI<\/title>\n<meta name=\"robots\" content=\"index, follow, max-snippet:-1, max-image-preview:large, max-video-preview:-1\" \/>\n<link rel=\"canonical\" href=\"https:\/\/eyli.com.tr\/beko-loder-hidrolik-silindir\/\" \/>\n<meta property=\"og:locale\" content=\"en_US\" \/>\n<meta property=\"og:type\" content=\"article\" \/>\n<meta property=\"og:title\" content=\"VOLVO BEKO LODER H\u0130DROL\u0130K S\u0130L\u0130ND\u0130R YEDEK PAR\u00c7ALARI\" \/>\n<meta property=\"og:description\" content=\"&nbsp; BACKHOE LOADER HYDRAULIC CYLINDER SPARE PARTS Pos Parts\u00a0No Spare Parts Name 1 VOE11157115 Hydraulic cylinder 2 VOE11999364 Piston rod 3 VOE11999363 Piston rod guide 4 VOE4784040 \u2022Piston rod seal 5 VOE11708612 \u2022Spacer 6 VOE914519 Retaining ring 7 VOE11999360 \u2022Scraper 8 VOE925067 \u2022O-ring 9 VOE13962550 \u2022Back-up ring 10 VOE13960215 \u2022O-ring 11 VOE11999361 \u2022Piston seal 12 [&hellip;]\" \/>\n<meta property=\"og:url\" content=\"https:\/\/eyli.com.tr\/beko-loder-hidrolik-silindir\/\" \/>\n<meta property=\"og:site_name\" content=\"Eyli \u0130\u015f Makineleri\" \/>\n<meta property=\"article:publisher\" content=\"https:\/\/www.facebook.com\/eylicomtr\" \/>\n<meta property=\"article:modified_time\" content=\"2016-10-18T15:07:53+00:00\" \/>\n<meta property=\"og:image\" content=\"http:\/\/eyli.com.tr\/wp-content\/uploads\/2016\/05\/bekoloder-hidrolik-silindir.png\" \/>\n<meta name=\"twitter:card\" content=\"summary_large_image\" \/>\n<meta name=\"twitter:label1\" content=\"Est. reading time\" \/>\n\t<meta name=\"twitter:data1\" content=\"1 minute\" \/>\n<script type=\"application\/ld+json\" class=\"yoast-schema-graph\">{\"@context\":\"https:\/\/schema.org\",\"@graph\":[{\"@type\":\"WebPage\",\"@id\":\"https:\/\/eyli.com.tr\/beko-loder-hidrolik-silindir\/\",\"url\":\"https:\/\/eyli.com.tr\/beko-loder-hidrolik-silindir\/\",\"name\":\"VOLVO BEKO LODER H\u0130DROL\u0130K S\u0130L\u0130ND\u0130R YEDEK PAR\u00c7ALARI\",\"isPartOf\":{\"@id\":\"https:\/\/eyli.com.tr\/#website\"},\"primaryImageOfPage\":{\"@id\":\"https:\/\/eyli.com.tr\/beko-loder-hidrolik-silindir\/#primaryimage\"},\"image\":{\"@id\":\"https:\/\/eyli.com.tr\/beko-loder-hidrolik-silindir\/#primaryimage\"},\"thumbnailUrl\":\"http:\/\/eyli.com.tr\/wp-content\/uploads\/2016\/05\/bekoloder-hidrolik-silindir.png\",\"datePublished\":\"2016-05-05T12:26:16+00:00\",\"dateModified\":\"2016-10-18T15:07:53+00:00\",\"breadcrumb\":{\"@id\":\"https:\/\/eyli.com.tr\/beko-loder-hidrolik-silindir\/#breadcrumb\"},\"inLanguage\":\"en-US\",\"potentialAction\":[{\"@type\":\"ReadAction\",\"target\":[\"https:\/\/eyli.com.tr\/beko-loder-hidrolik-silindir\/\"]}]},{\"@type\":\"ImageObject\",\"inLanguage\":\"en-US\",\"@id\":\"https:\/\/eyli.com.tr\/beko-loder-hidrolik-silindir\/#primaryimage\",\"url\":\"http:\/\/eyli.com.tr\/wp-content\/uploads\/2016\/05\/bekoloder-hidrolik-silindir.png\",\"contentUrl\":\"http:\/\/eyli.com.tr\/wp-content\/uploads\/2016\/05\/bekoloder-hidrolik-silindir.png\"},{\"@type\":\"BreadcrumbList\",\"@id\":\"https:\/\/eyli.com.tr\/beko-loder-hidrolik-silindir\/#breadcrumb\",\"itemListElement\":[{\"@type\":\"ListItem\",\"position\":1,\"name\":\"Ana sayfa\",\"item\":\"https:\/\/eyli.com.tr\/\"},{\"@type\":\"ListItem\",\"position\":2,\"name\":\"Beko Loder Hidrolik Silindir\"}]},{\"@type\":\"WebSite\",\"@id\":\"https:\/\/eyli.com.tr\/#website\",\"url\":\"https:\/\/eyli.com.tr\/\",\"name\":\"Eyli \u0130\u015f Makineleri\",\"description\":\"\",\"publisher\":{\"@id\":\"https:\/\/eyli.com.tr\/#organization\"},\"potentialAction\":[{\"@type\":\"SearchAction\",\"target\":{\"@type\":\"EntryPoint\",\"urlTemplate\":\"https:\/\/eyli.com.tr\/?s={search_term_string}\"},\"query-input\":{\"@type\":\"PropertyValueSpecification\",\"valueRequired\":true,\"valueName\":\"search_term_string\"}}],\"inLanguage\":\"en-US\"},{\"@type\":\"Organization\",\"@id\":\"https:\/\/eyli.com.tr\/#organization\",\"name\":\"Eyli \u0130\u015f Makineleri\",\"url\":\"https:\/\/eyli.com.tr\/\",\"logo\":{\"@type\":\"ImageObject\",\"inLanguage\":\"en-US\",\"@id\":\"https:\/\/eyli.com.tr\/#\/schema\/logo\/image\/\",\"url\":\"https:\/\/eyli.com.tr\/wp-content\/uploads\/2020\/04\/WhatsApp-Image-2020-04-23-at-03.11.52-e1587829137284.jpeg\",\"contentUrl\":\"https:\/\/eyli.com.tr\/wp-content\/uploads\/2020\/04\/WhatsApp-Image-2020-04-23-at-03.11.52-e1587829137284.jpeg\",\"width\":1600,\"height\":900,\"caption\":\"Eyli \u0130\u015f Makineleri\"},\"image\":{\"@id\":\"https:\/\/eyli.com.tr\/#\/schema\/logo\/image\/\"},\"sameAs\":[\"https:\/\/www.facebook.com\/eylicomtr\"]}]}<\/script>\n<!-- \/ Yoast SEO plugin. -->","yoast_head_json":{"title":"VOLVO BEKO LODER H\u0130DROL\u0130K S\u0130L\u0130ND\u0130R YEDEK PAR\u00c7ALARI","robots":{"index":"index","follow":"follow","max-snippet":"max-snippet:-1","max-image-preview":"max-image-preview:large","max-video-preview":"max-video-preview:-1"},"canonical":"https:\/\/eyli.com.tr\/beko-loder-hidrolik-silindir\/","og_locale":"en_US","og_type":"article","og_title":"VOLVO BEKO LODER H\u0130DROL\u0130K S\u0130L\u0130ND\u0130R YEDEK PAR\u00c7ALARI","og_description":"&nbsp; BACKHOE LOADER HYDRAULIC CYLINDER SPARE PARTS Pos Parts\u00a0No Spare Parts Name 1 VOE11157115 Hydraulic cylinder 2 VOE11999364 Piston rod 3 VOE11999363 Piston rod guide 4 VOE4784040 \u2022Piston rod seal 5 VOE11708612 \u2022Spacer 6 VOE914519 Retaining ring 7 VOE11999360 \u2022Scraper 8 VOE925067 \u2022O-ring 9 VOE13962550 \u2022Back-up ring 10 VOE13960215 \u2022O-ring 11 VOE11999361 \u2022Piston seal 12 [&hellip;]","og_url":"https:\/\/eyli.com.tr\/beko-loder-hidrolik-silindir\/","og_site_name":"Eyli \u0130\u015f Makineleri","article_publisher":"https:\/\/www.facebook.com\/eylicomtr","article_modified_time":"2016-10-18T15:07:53+00:00","og_image":[{"url":"http:\/\/eyli.com.tr\/wp-content\/uploads\/2016\/05\/bekoloder-hidrolik-silindir.png","type":"","width":"","height":""}],"twitter_card":"summary_large_image","twitter_misc":{"Est. reading time":"1 minute"},"schema":{"@context":"https:\/\/schema.org","@graph":[{"@type":"WebPage","@id":"https:\/\/eyli.com.tr\/beko-loder-hidrolik-silindir\/","url":"https:\/\/eyli.com.tr\/beko-loder-hidrolik-silindir\/","name":"VOLVO BEKO LODER H\u0130DROL\u0130K S\u0130L\u0130ND\u0130R YEDEK PAR\u00c7ALARI","isPartOf":{"@id":"https:\/\/eyli.com.tr\/#website"},"primaryImageOfPage":{"@id":"https:\/\/eyli.com.tr\/beko-loder-hidrolik-silindir\/#primaryimage"},"image":{"@id":"https:\/\/eyli.com.tr\/beko-loder-hidrolik-silindir\/#primaryimage"},"thumbnailUrl":"http:\/\/eyli.com.tr\/wp-content\/uploads\/2016\/05\/bekoloder-hidrolik-silindir.png","datePublished":"2016-05-05T12:26:16+00:00","dateModified":"2016-10-18T15:07:53+00:00","breadcrumb":{"@id":"https:\/\/eyli.com.tr\/beko-loder-hidrolik-silindir\/#breadcrumb"},"inLanguage":"en-US","potentialAction":[{"@type":"ReadAction","target":["https:\/\/eyli.com.tr\/beko-loder-hidrolik-silindir\/"]}]},{"@type":"ImageObject","inLanguage":"en-US","@id":"https:\/\/eyli.com.tr\/beko-loder-hidrolik-silindir\/#primaryimage","url":"http:\/\/eyli.com.tr\/wp-content\/uploads\/2016\/05\/bekoloder-hidrolik-silindir.png","contentUrl":"http:\/\/eyli.com.tr\/wp-content\/uploads\/2016\/05\/bekoloder-hidrolik-silindir.png"},{"@type":"BreadcrumbList","@id":"https:\/\/eyli.com.tr\/beko-loder-hidrolik-silindir\/#breadcrumb","itemListElement":[{"@type":"ListItem","position":1,"name":"Ana sayfa","item":"https:\/\/eyli.com.tr\/"},{"@type":"ListItem","position":2,"name":"Beko Loder Hidrolik Silindir"}]},{"@type":"WebSite","@id":"https:\/\/eyli.com.tr\/#website","url":"https:\/\/eyli.com.tr\/","name":"Eyli \u0130\u015f Makineleri","description":"","publisher":{"@id":"https:\/\/eyli.com.tr\/#organization"},"potentialAction":[{"@type":"SearchAction","target":{"@type":"EntryPoint","urlTemplate":"https:\/\/eyli.com.tr\/?s={search_term_string}"},"query-input":{"@type":"PropertyValueSpecification","valueRequired":true,"valueName":"search_term_string"}}],"inLanguage":"en-US"},{"@type":"Organization","@id":"https:\/\/eyli.com.tr\/#organization","name":"Eyli \u0130\u015f Makineleri","url":"https:\/\/eyli.com.tr\/","logo":{"@type":"ImageObject","inLanguage":"en-US","@id":"https:\/\/eyli.com.tr\/#\/schema\/logo\/image\/","url":"https:\/\/eyli.com.tr\/wp-content\/uploads\/2020\/04\/WhatsApp-Image-2020-04-23-at-03.11.52-e1587829137284.jpeg","contentUrl":"https:\/\/eyli.com.tr\/wp-content\/uploads\/2020\/04\/WhatsApp-Image-2020-04-23-at-03.11.52-e1587829137284.jpeg","width":1600,"height":900,"caption":"Eyli \u0130\u015f Makineleri"},"image":{"@id":"https:\/\/eyli.com.tr\/#\/schema\/logo\/image\/"},"sameAs":["https:\/\/www.facebook.com\/eylicomtr"]}]}},"_links":{"self":[{"href":"https:\/\/eyli.com.tr\/en\/wp-json\/wp\/v2\/pages\/495","targetHints":{"allow":["GET"]}}],"collection":[{"href":"https:\/\/eyli.com.tr\/en\/wp-json\/wp\/v2\/pages"}],"about":[{"href":"https:\/\/eyli.com.tr\/en\/wp-json\/wp\/v2\/types\/page"}],"author":[{"embeddable":true,"href":"https:\/\/eyli.com.tr\/en\/wp-json\/wp\/v2\/users\/1"}],"replies":[{"embeddable":true,"href":"https:\/\/eyli.com.tr\/en\/wp-json\/wp\/v2\/comments?post=495"}],"version-history":[{"count":6,"href":"https:\/\/eyli.com.tr\/en\/wp-json\/wp\/v2\/pages\/495\/revisions"}],"predecessor-version":[{"id":1803,"href":"https:\/\/eyli.com.tr\/en\/wp-json\/wp\/v2\/pages\/495\/revisions\/1803"}],"wp:attachment":[{"href":"https:\/\/eyli.com.tr\/en\/wp-json\/wp\/v2\/media?parent=495"}],"curies":[{"name":"wp","href":"https:\/\/api.w.org\/{rel}","templated":true}]}}