{"id":398,"date":"2016-05-03T16:23:48","date_gmt":"2016-05-03T13:23:48","guid":{"rendered":"http:\/\/eyli.com.tr\/?page_id=398"},"modified":"2016-10-18T15:46:22","modified_gmt":"2016-10-18T12:46:22","slug":"beko-loder-turbo","status":"publish","type":"page","link":"https:\/\/eyli.com.tr\/en\/beko-loder-turbo\/","title":{"rendered":"Backhoe Loader Turbo"},"content":{"rendered":"<p><img loading=\"lazy\" decoding=\"async\" class=\"aligncenter size-full wp-image-399\" src=\"http:\/\/eyli.com.tr\/wp-content\/uploads\/2016\/05\/bekoloder-turbo.png\" alt=\"bekoloder-turbo\" width=\"2977\" height=\"2103\" srcset=\"https:\/\/eyli.com.tr\/wp-content\/uploads\/2016\/05\/bekoloder-turbo.png 2977w, https:\/\/eyli.com.tr\/wp-content\/uploads\/2016\/05\/bekoloder-turbo-300x212.png 300w, https:\/\/eyli.com.tr\/wp-content\/uploads\/2016\/05\/bekoloder-turbo-768x543.png 768w, https:\/\/eyli.com.tr\/wp-content\/uploads\/2016\/05\/bekoloder-turbo-1024x723.png 1024w\" sizes=\"auto, (max-width: 2977px) 100vw, 2977px\" \/><\/p>\n<p>&nbsp;<\/p>\n<p><strong>BACKHOE LOADER TURBO SPARE PARTS<\/strong><\/p>\n<table class=\"table table-bordered\">\n<tbody>\n<tr>\n<td>Pos<\/td>\n<td>Parts\u00a0No<\/td>\n<td>Spare Parts Name<\/td>\n<\/tr>\n<tr>\n<td>1<\/td>\n<td>VOE21147467<\/td>\n<td>Turbocharger<\/td>\n<\/tr>\n<tr>\n<td>2<\/td>\n<td>VOE21179026<\/td>\n<td>Tube<\/td>\n<\/tr>\n<tr>\n<td>3<\/td>\n<td>VOE888767<\/td>\n<td>Hollow screw<\/td>\n<\/tr>\n<tr>\n<td>4<\/td>\n<td>VOE20971248<\/td>\n<td>Sealing ring<\/td>\n<\/tr>\n<tr>\n<td>5<\/td>\n<td>VOE20405568<\/td>\n<td>\u2022Clip<\/td>\n<\/tr>\n<tr>\n<td>6<\/td>\n<td>VOE21327635<\/td>\n<td>Rubber hose<\/td>\n<\/tr>\n<tr>\n<td>7<\/td>\n<td>VOE21027478<\/td>\n<td>\u2022Conn Flange<\/td>\n<\/tr>\n<tr>\n<td>7<\/td>\n<td>VOE21483408<\/td>\n<td>\u2022Plug<\/td>\n<\/tr>\n<tr>\n<td>8<\/td>\n<td>VOE21027485<\/td>\n<td>\u2022Gasket<\/td>\n<\/tr>\n<tr>\n<td>9<\/td>\n<td>VOE13949578<\/td>\n<td>\u2022Screw<\/td>\n<\/tr>\n<tr>\n<td>10<\/td>\n<td>VOE20459172<\/td>\n<td>\u2022Sealing ring<\/td>\n<\/tr>\n<tr>\n<td>11<\/td>\n<td>VOE21291114<\/td>\n<td>Return line<\/td>\n<\/tr>\n<tr>\n<td>11<\/td>\n<td>VOE21483353<\/td>\n<td>Return line<\/td>\n<\/tr>\n<tr>\n<td>12<\/td>\n<td>VOE20405822<\/td>\n<td>Sealing ring<\/td>\n<\/tr>\n<tr>\n<td>13<\/td>\n<td>VOE20405789<\/td>\n<td>Retainer<\/td>\n<\/tr>\n<tr>\n<td>14<\/td>\n<td>VOE20405792<\/td>\n<td>Screw<\/td>\n<\/tr>\n<tr>\n<td>15<\/td>\n<td>VOE21469621<\/td>\n<td>Oil line<\/td>\n<\/tr>\n<tr>\n<td>16<\/td>\n<td>VOE7025167<\/td>\n<td>Hollow screw<\/td>\n<\/tr>\n<tr>\n<td>17<\/td>\n<td>VOE13947621<\/td>\n<td>Plane gasket<\/td>\n<\/tr>\n<tr>\n<td>18<\/td>\n<td>VOE20795867<\/td>\n<td>Hollow Screw<\/td>\n<\/tr>\n<tr>\n<td>19<\/td>\n<td>VOE13947281<\/td>\n<td>Gasket<\/td>\n<\/tr>\n<tr>\n<td>20<\/td>\n<td>VOE20450728<\/td>\n<td>Bolt<\/td>\n<\/tr>\n<\/tbody>\n<\/table>\n<p><strong>Volvo Backhoe Loader<\/strong> <strong>Turbo Spare Parts are applicable for the Volvo construction machines, given below<\/strong><\/p>\n<p>BL60, BL60B, BL61, BL61 PLUS, BL61B, BL70, BL70B, BL71, BL71 PLUS, BL71B<\/p>","protected":false},"excerpt":{"rendered":"<p>&nbsp; BACKHOE LOADER TURBO SPARE PARTS Pos Parts\u00a0No Spare Parts Name 1 VOE21147467 Turbocharger 2 VOE21179026 Tube 3 VOE888767 Hollow screw 4 VOE20971248 Sealing ring 5 VOE20405568 \u2022Clip 6 VOE21327635 Rubber hose 7 VOE21027478 \u2022Conn Flange 7 VOE21483408 \u2022Plug 8 VOE21027485 \u2022Gasket 9 VOE13949578 \u2022Screw 10 VOE20459172 \u2022Sealing ring 11 VOE21291114 Return line 11 VOE21483353 [&hellip;]<\/p>\n","protected":false},"author":1,"featured_media":0,"parent":0,"menu_order":0,"comment_status":"closed","ping_status":"closed","template":"page-fullwidth.php","meta":{"footnotes":""},"class_list":["post-398","page","type-page","status-publish","hentry"],"yoast_head":"<!-- This site is optimized with the Yoast SEO plugin v26.8 - https:\/\/yoast.com\/product\/yoast-seo-wordpress\/ -->\n<title>VOLVO BEKO LODER TURBO YEDEK PAR\u00c7ALARI<\/title>\n<meta name=\"description\" content=\"VOLVO BEKO LODER TURBO YEDEK PAR\u00c7ALARI a\u015fa\u011f\u0131daki VOLVO \u0130\u015f Makineleri BL60, BL60B, BL61, BL61 PLUS, BL61B, BL70, BL70B, BL71, BL71 PLUS, BL71B i\u00e7indir\" \/>\n<meta name=\"robots\" content=\"index, follow, max-snippet:-1, max-image-preview:large, max-video-preview:-1\" \/>\n<link rel=\"canonical\" href=\"https:\/\/eyli.com.tr\/beko-loder-turbo\/\" \/>\n<meta property=\"og:locale\" content=\"en_US\" \/>\n<meta property=\"og:type\" content=\"article\" \/>\n<meta property=\"og:title\" content=\"VOLVO BEKO LODER TURBO YEDEK PAR\u00c7ALARI\" \/>\n<meta property=\"og:description\" content=\"VOLVO BEKO LODER TURBO YEDEK PAR\u00c7ALARI a\u015fa\u011f\u0131daki VOLVO \u0130\u015f Makineleri BL60, BL60B, BL61, BL61 PLUS, BL61B, BL70, BL70B, BL71, BL71 PLUS, BL71B i\u00e7indir\" \/>\n<meta property=\"og:url\" content=\"https:\/\/eyli.com.tr\/beko-loder-turbo\/\" \/>\n<meta property=\"og:site_name\" content=\"Eyli \u0130\u015f Makineleri\" \/>\n<meta property=\"article:publisher\" content=\"https:\/\/www.facebook.com\/eylicomtr\" \/>\n<meta property=\"article:modified_time\" content=\"2016-10-18T12:46:22+00:00\" \/>\n<meta property=\"og:image\" content=\"http:\/\/eyli.com.tr\/wp-content\/uploads\/2016\/05\/bekoloder-turbo.png\" \/>\n<meta name=\"twitter:card\" content=\"summary_large_image\" \/>\n<meta name=\"twitter:label1\" content=\"Est. reading time\" \/>\n\t<meta name=\"twitter:data1\" content=\"1 minute\" \/>\n<script type=\"application\/ld+json\" class=\"yoast-schema-graph\">{\"@context\":\"https:\/\/schema.org\",\"@graph\":[{\"@type\":\"WebPage\",\"@id\":\"https:\/\/eyli.com.tr\/beko-loder-turbo\/\",\"url\":\"https:\/\/eyli.com.tr\/beko-loder-turbo\/\",\"name\":\"VOLVO BEKO LODER TURBO YEDEK PAR\u00c7ALARI\",\"isPartOf\":{\"@id\":\"https:\/\/eyli.com.tr\/#website\"},\"primaryImageOfPage\":{\"@id\":\"https:\/\/eyli.com.tr\/beko-loder-turbo\/#primaryimage\"},\"image\":{\"@id\":\"https:\/\/eyli.com.tr\/beko-loder-turbo\/#primaryimage\"},\"thumbnailUrl\":\"http:\/\/eyli.com.tr\/wp-content\/uploads\/2016\/05\/bekoloder-turbo.png\",\"datePublished\":\"2016-05-03T13:23:48+00:00\",\"dateModified\":\"2016-10-18T12:46:22+00:00\",\"description\":\"VOLVO BEKO LODER TURBO YEDEK PAR\u00c7ALARI a\u015fa\u011f\u0131daki VOLVO \u0130\u015f Makineleri BL60, BL60B, BL61, BL61 PLUS, BL61B, BL70, BL70B, BL71, BL71 PLUS, BL71B i\u00e7indir\",\"breadcrumb\":{\"@id\":\"https:\/\/eyli.com.tr\/beko-loder-turbo\/#breadcrumb\"},\"inLanguage\":\"en-US\",\"potentialAction\":[{\"@type\":\"ReadAction\",\"target\":[\"https:\/\/eyli.com.tr\/beko-loder-turbo\/\"]}]},{\"@type\":\"ImageObject\",\"inLanguage\":\"en-US\",\"@id\":\"https:\/\/eyli.com.tr\/beko-loder-turbo\/#primaryimage\",\"url\":\"http:\/\/eyli.com.tr\/wp-content\/uploads\/2016\/05\/bekoloder-turbo.png\",\"contentUrl\":\"http:\/\/eyli.com.tr\/wp-content\/uploads\/2016\/05\/bekoloder-turbo.png\"},{\"@type\":\"BreadcrumbList\",\"@id\":\"https:\/\/eyli.com.tr\/beko-loder-turbo\/#breadcrumb\",\"itemListElement\":[{\"@type\":\"ListItem\",\"position\":1,\"name\":\"Ana sayfa\",\"item\":\"https:\/\/eyli.com.tr\/\"},{\"@type\":\"ListItem\",\"position\":2,\"name\":\"Beko Loder Turbo\"}]},{\"@type\":\"WebSite\",\"@id\":\"https:\/\/eyli.com.tr\/#website\",\"url\":\"https:\/\/eyli.com.tr\/\",\"name\":\"Eyli \u0130\u015f Makineleri\",\"description\":\"\",\"publisher\":{\"@id\":\"https:\/\/eyli.com.tr\/#organization\"},\"potentialAction\":[{\"@type\":\"SearchAction\",\"target\":{\"@type\":\"EntryPoint\",\"urlTemplate\":\"https:\/\/eyli.com.tr\/?s={search_term_string}\"},\"query-input\":{\"@type\":\"PropertyValueSpecification\",\"valueRequired\":true,\"valueName\":\"search_term_string\"}}],\"inLanguage\":\"en-US\"},{\"@type\":\"Organization\",\"@id\":\"https:\/\/eyli.com.tr\/#organization\",\"name\":\"Eyli \u0130\u015f Makineleri\",\"url\":\"https:\/\/eyli.com.tr\/\",\"logo\":{\"@type\":\"ImageObject\",\"inLanguage\":\"en-US\",\"@id\":\"https:\/\/eyli.com.tr\/#\/schema\/logo\/image\/\",\"url\":\"https:\/\/eyli.com.tr\/wp-content\/uploads\/2020\/04\/WhatsApp-Image-2020-04-23-at-03.11.52-e1587829137284.jpeg\",\"contentUrl\":\"https:\/\/eyli.com.tr\/wp-content\/uploads\/2020\/04\/WhatsApp-Image-2020-04-23-at-03.11.52-e1587829137284.jpeg\",\"width\":1600,\"height\":900,\"caption\":\"Eyli \u0130\u015f Makineleri\"},\"image\":{\"@id\":\"https:\/\/eyli.com.tr\/#\/schema\/logo\/image\/\"},\"sameAs\":[\"https:\/\/www.facebook.com\/eylicomtr\"]}]}<\/script>\n<!-- \/ Yoast SEO plugin. -->","yoast_head_json":{"title":"VOLVO BEKO LODER TURBO YEDEK PAR\u00c7ALARI","description":"VOLVO BEKO LODER TURBO YEDEK PAR\u00c7ALARI a\u015fa\u011f\u0131daki VOLVO \u0130\u015f Makineleri BL60, BL60B, BL61, BL61 PLUS, BL61B, BL70, BL70B, BL71, BL71 PLUS, BL71B i\u00e7indir","robots":{"index":"index","follow":"follow","max-snippet":"max-snippet:-1","max-image-preview":"max-image-preview:large","max-video-preview":"max-video-preview:-1"},"canonical":"https:\/\/eyli.com.tr\/beko-loder-turbo\/","og_locale":"en_US","og_type":"article","og_title":"VOLVO BEKO LODER TURBO YEDEK PAR\u00c7ALARI","og_description":"VOLVO BEKO LODER TURBO YEDEK PAR\u00c7ALARI a\u015fa\u011f\u0131daki VOLVO \u0130\u015f Makineleri BL60, BL60B, BL61, BL61 PLUS, BL61B, BL70, BL70B, BL71, BL71 PLUS, BL71B i\u00e7indir","og_url":"https:\/\/eyli.com.tr\/beko-loder-turbo\/","og_site_name":"Eyli \u0130\u015f Makineleri","article_publisher":"https:\/\/www.facebook.com\/eylicomtr","article_modified_time":"2016-10-18T12:46:22+00:00","og_image":[{"url":"http:\/\/eyli.com.tr\/wp-content\/uploads\/2016\/05\/bekoloder-turbo.png","type":"","width":"","height":""}],"twitter_card":"summary_large_image","twitter_misc":{"Est. reading time":"1 minute"},"schema":{"@context":"https:\/\/schema.org","@graph":[{"@type":"WebPage","@id":"https:\/\/eyli.com.tr\/beko-loder-turbo\/","url":"https:\/\/eyli.com.tr\/beko-loder-turbo\/","name":"VOLVO BEKO LODER TURBO YEDEK PAR\u00c7ALARI","isPartOf":{"@id":"https:\/\/eyli.com.tr\/#website"},"primaryImageOfPage":{"@id":"https:\/\/eyli.com.tr\/beko-loder-turbo\/#primaryimage"},"image":{"@id":"https:\/\/eyli.com.tr\/beko-loder-turbo\/#primaryimage"},"thumbnailUrl":"http:\/\/eyli.com.tr\/wp-content\/uploads\/2016\/05\/bekoloder-turbo.png","datePublished":"2016-05-03T13:23:48+00:00","dateModified":"2016-10-18T12:46:22+00:00","description":"VOLVO BEKO LODER TURBO YEDEK PAR\u00c7ALARI a\u015fa\u011f\u0131daki VOLVO \u0130\u015f Makineleri BL60, BL60B, BL61, BL61 PLUS, BL61B, BL70, BL70B, BL71, BL71 PLUS, BL71B i\u00e7indir","breadcrumb":{"@id":"https:\/\/eyli.com.tr\/beko-loder-turbo\/#breadcrumb"},"inLanguage":"en-US","potentialAction":[{"@type":"ReadAction","target":["https:\/\/eyli.com.tr\/beko-loder-turbo\/"]}]},{"@type":"ImageObject","inLanguage":"en-US","@id":"https:\/\/eyli.com.tr\/beko-loder-turbo\/#primaryimage","url":"http:\/\/eyli.com.tr\/wp-content\/uploads\/2016\/05\/bekoloder-turbo.png","contentUrl":"http:\/\/eyli.com.tr\/wp-content\/uploads\/2016\/05\/bekoloder-turbo.png"},{"@type":"BreadcrumbList","@id":"https:\/\/eyli.com.tr\/beko-loder-turbo\/#breadcrumb","itemListElement":[{"@type":"ListItem","position":1,"name":"Ana sayfa","item":"https:\/\/eyli.com.tr\/"},{"@type":"ListItem","position":2,"name":"Beko Loder Turbo"}]},{"@type":"WebSite","@id":"https:\/\/eyli.com.tr\/#website","url":"https:\/\/eyli.com.tr\/","name":"Eyli \u0130\u015f Makineleri","description":"","publisher":{"@id":"https:\/\/eyli.com.tr\/#organization"},"potentialAction":[{"@type":"SearchAction","target":{"@type":"EntryPoint","urlTemplate":"https:\/\/eyli.com.tr\/?s={search_term_string}"},"query-input":{"@type":"PropertyValueSpecification","valueRequired":true,"valueName":"search_term_string"}}],"inLanguage":"en-US"},{"@type":"Organization","@id":"https:\/\/eyli.com.tr\/#organization","name":"Eyli \u0130\u015f Makineleri","url":"https:\/\/eyli.com.tr\/","logo":{"@type":"ImageObject","inLanguage":"en-US","@id":"https:\/\/eyli.com.tr\/#\/schema\/logo\/image\/","url":"https:\/\/eyli.com.tr\/wp-content\/uploads\/2020\/04\/WhatsApp-Image-2020-04-23-at-03.11.52-e1587829137284.jpeg","contentUrl":"https:\/\/eyli.com.tr\/wp-content\/uploads\/2020\/04\/WhatsApp-Image-2020-04-23-at-03.11.52-e1587829137284.jpeg","width":1600,"height":900,"caption":"Eyli \u0130\u015f Makineleri"},"image":{"@id":"https:\/\/eyli.com.tr\/#\/schema\/logo\/image\/"},"sameAs":["https:\/\/www.facebook.com\/eylicomtr"]}]}},"_links":{"self":[{"href":"https:\/\/eyli.com.tr\/en\/wp-json\/wp\/v2\/pages\/398","targetHints":{"allow":["GET"]}}],"collection":[{"href":"https:\/\/eyli.com.tr\/en\/wp-json\/wp\/v2\/pages"}],"about":[{"href":"https:\/\/eyli.com.tr\/en\/wp-json\/wp\/v2\/types\/page"}],"author":[{"embeddable":true,"href":"https:\/\/eyli.com.tr\/en\/wp-json\/wp\/v2\/users\/1"}],"replies":[{"embeddable":true,"href":"https:\/\/eyli.com.tr\/en\/wp-json\/wp\/v2\/comments?post=398"}],"version-history":[{"count":6,"href":"https:\/\/eyli.com.tr\/en\/wp-json\/wp\/v2\/pages\/398\/revisions"}],"predecessor-version":[{"id":1783,"href":"https:\/\/eyli.com.tr\/en\/wp-json\/wp\/v2\/pages\/398\/revisions\/1783"}],"wp:attachment":[{"href":"https:\/\/eyli.com.tr\/en\/wp-json\/wp\/v2\/media?parent=398"}],"curies":[{"name":"wp","href":"https:\/\/api.w.org\/{rel}","templated":true}]}}