{"id":394,"date":"2016-05-03T14:20:28","date_gmt":"2016-05-03T11:20:28","guid":{"rendered":"http:\/\/eyli.com.tr\/?page_id=394"},"modified":"2016-10-18T15:39:59","modified_gmt":"2016-10-18T12:39:59","slug":"beko-loder-enjektor-pompasi-2","status":"publish","type":"page","link":"https:\/\/eyli.com.tr\/en\/beko-loder-enjektor-pompasi-2\/","title":{"rendered":"Backhoe Loader Injector Pump"},"content":{"rendered":"<p><img loading=\"lazy\" decoding=\"async\" class=\"aligncenter size-full wp-image-395\" src=\"http:\/\/eyli.com.tr\/wp-content\/uploads\/2016\/05\/Beko-loder-enjektor-pompasi.png\" alt=\"Beko-loder-enjektor-pompasi\" width=\"2977\" height=\"2103\" srcset=\"https:\/\/eyli.com.tr\/wp-content\/uploads\/2016\/05\/Beko-loder-enjektor-pompasi.png 2977w, https:\/\/eyli.com.tr\/wp-content\/uploads\/2016\/05\/Beko-loder-enjektor-pompasi-300x212.png 300w, https:\/\/eyli.com.tr\/wp-content\/uploads\/2016\/05\/Beko-loder-enjektor-pompasi-768x543.png 768w, https:\/\/eyli.com.tr\/wp-content\/uploads\/2016\/05\/Beko-loder-enjektor-pompasi-1024x723.png 1024w\" sizes=\"auto, (max-width: 2977px) 100vw, 2977px\" \/><\/p>\n<p>&nbsp;<\/p>\n<p><strong>BACKHOE LOADER INJECTOR PUMP SPARE PARTS<\/strong><\/p>\n<table class=\"table table-bordered\">\n<tbody>\n<tr>\n<td>Pos<\/td>\n<td>Parts\u00a0No<\/td>\n<td>Spare Parts Name<\/td>\n<\/tr>\n<tr>\n<td>1<\/td>\n<td>VOE21147288<\/td>\n<td>Injector<\/td>\n<\/tr>\n<tr>\n<td>2<\/td>\n<td>VOE21153397<\/td>\n<td>Nozzle<\/td>\n<\/tr>\n<tr>\n<td>3<\/td>\n<td>VOE20729227<\/td>\n<td>\u2022Sealing ring<\/td>\n<\/tr>\n<tr>\n<td>4<\/td>\n<td>VOE11700426<\/td>\n<td>Sealing ring<\/td>\n<\/tr>\n<tr>\n<td>5<\/td>\n<td>VOE21153407<\/td>\n<td>Claw<\/td>\n<\/tr>\n<tr>\n<td>6<\/td>\n<td>VOE20799719<\/td>\n<td>Bolt<\/td>\n<\/tr>\n<tr>\n<td>7<\/td>\n<td>VOE20405567<\/td>\n<td>Delivery pipe<\/td>\n<\/tr>\n<tr>\n<td>8<\/td>\n<td>20405567<\/td>\n<td>Rubber Seal<\/td>\n<\/tr>\n<\/tbody>\n<\/table>\n<p><strong>Volvo Backhoe Loader<\/strong> <strong>Injector Pump Spare Parts are applicable for the Volvo construction machines, given below<\/strong><\/p>\n<p>BL60, BL60B, BL61, BL61 PLUS, BL61B, BL70, BL70B, BL71, BL71 PLUS, BL71B<\/p>","protected":false},"excerpt":{"rendered":"<p>&nbsp; BACKHOE LOADER INJECTOR PUMP SPARE PARTS Pos Parts\u00a0No Spare Parts Name 1 VOE21147288 Injector 2 VOE21153397 Nozzle 3 VOE20729227 \u2022Sealing ring 4 VOE11700426 Sealing ring 5 VOE21153407 Claw 6 VOE20799719 Bolt 7 VOE20405567 Delivery pipe 8 20405567 Rubber Seal Volvo Backhoe Loader Injector Pump Spare Parts are applicable for the Volvo construction machines, given [&hellip;]<\/p>\n","protected":false},"author":1,"featured_media":0,"parent":0,"menu_order":0,"comment_status":"closed","ping_status":"closed","template":"page-fullwidth.php","meta":{"footnotes":""},"class_list":["post-394","page","type-page","status-publish","hentry"],"yoast_head":"<!-- This site is optimized with the Yoast SEO plugin v26.8 - https:\/\/yoast.com\/product\/yoast-seo-wordpress\/ -->\n<title>VOLVO BEKO LODER ENJEKT\u00d6R POMPASI YEDEK PAR\u00c7ALARI<\/title>\n<meta name=\"description\" content=\"VOLVO BEKO LODER ENJEKT\u00d6R POMPASI YEDEK PAR\u00c7ALARI VOLVO \u0130\u015f Makineleri Modelleri BL60, BL60B, BL61, BL61 PLUS, BL61B, BL70, BL70B, BL71, BL71 PLUS, BL71B\" \/>\n<meta name=\"robots\" content=\"index, follow, max-snippet:-1, max-image-preview:large, max-video-preview:-1\" \/>\n<link rel=\"canonical\" href=\"https:\/\/eyli.com.tr\/beko-loder-enjektor-pompasi-2\/\" \/>\n<meta property=\"og:locale\" content=\"en_US\" \/>\n<meta property=\"og:type\" content=\"article\" \/>\n<meta property=\"og:title\" content=\"VOLVO BEKO LODER ENJEKT\u00d6R POMPASI YEDEK PAR\u00c7ALARI\" \/>\n<meta property=\"og:description\" content=\"VOLVO BEKO LODER ENJEKT\u00d6R POMPASI YEDEK PAR\u00c7ALARI VOLVO \u0130\u015f Makineleri Modelleri BL60, BL60B, BL61, BL61 PLUS, BL61B, BL70, BL70B, BL71, BL71 PLUS, BL71B\" \/>\n<meta property=\"og:url\" content=\"https:\/\/eyli.com.tr\/beko-loder-enjektor-pompasi-2\/\" \/>\n<meta property=\"og:site_name\" content=\"Eyli \u0130\u015f Makineleri\" \/>\n<meta property=\"article:publisher\" content=\"https:\/\/www.facebook.com\/eylicomtr\" \/>\n<meta property=\"article:modified_time\" content=\"2016-10-18T12:39:59+00:00\" \/>\n<meta property=\"og:image\" content=\"http:\/\/eyli.com.tr\/wp-content\/uploads\/2016\/05\/Beko-loder-enjektor-pompasi.png\" \/>\n<meta name=\"twitter:card\" content=\"summary_large_image\" \/>\n<meta name=\"twitter:label1\" content=\"Est. reading time\" \/>\n\t<meta name=\"twitter:data1\" content=\"1 minute\" \/>\n<script type=\"application\/ld+json\" class=\"yoast-schema-graph\">{\"@context\":\"https:\/\/schema.org\",\"@graph\":[{\"@type\":\"WebPage\",\"@id\":\"https:\/\/eyli.com.tr\/beko-loder-enjektor-pompasi-2\/\",\"url\":\"https:\/\/eyli.com.tr\/beko-loder-enjektor-pompasi-2\/\",\"name\":\"VOLVO BEKO LODER ENJEKT\u00d6R POMPASI YEDEK PAR\u00c7ALARI\",\"isPartOf\":{\"@id\":\"https:\/\/eyli.com.tr\/#website\"},\"primaryImageOfPage\":{\"@id\":\"https:\/\/eyli.com.tr\/beko-loder-enjektor-pompasi-2\/#primaryimage\"},\"image\":{\"@id\":\"https:\/\/eyli.com.tr\/beko-loder-enjektor-pompasi-2\/#primaryimage\"},\"thumbnailUrl\":\"http:\/\/eyli.com.tr\/wp-content\/uploads\/2016\/05\/Beko-loder-enjektor-pompasi.png\",\"datePublished\":\"2016-05-03T11:20:28+00:00\",\"dateModified\":\"2016-10-18T12:39:59+00:00\",\"description\":\"VOLVO BEKO LODER ENJEKT\u00d6R POMPASI YEDEK PAR\u00c7ALARI VOLVO \u0130\u015f Makineleri Modelleri BL60, BL60B, BL61, BL61 PLUS, BL61B, BL70, BL70B, BL71, BL71 PLUS, BL71B\",\"breadcrumb\":{\"@id\":\"https:\/\/eyli.com.tr\/beko-loder-enjektor-pompasi-2\/#breadcrumb\"},\"inLanguage\":\"en-US\",\"potentialAction\":[{\"@type\":\"ReadAction\",\"target\":[\"https:\/\/eyli.com.tr\/beko-loder-enjektor-pompasi-2\/\"]}]},{\"@type\":\"ImageObject\",\"inLanguage\":\"en-US\",\"@id\":\"https:\/\/eyli.com.tr\/beko-loder-enjektor-pompasi-2\/#primaryimage\",\"url\":\"http:\/\/eyli.com.tr\/wp-content\/uploads\/2016\/05\/Beko-loder-enjektor-pompasi.png\",\"contentUrl\":\"http:\/\/eyli.com.tr\/wp-content\/uploads\/2016\/05\/Beko-loder-enjektor-pompasi.png\"},{\"@type\":\"BreadcrumbList\",\"@id\":\"https:\/\/eyli.com.tr\/beko-loder-enjektor-pompasi-2\/#breadcrumb\",\"itemListElement\":[{\"@type\":\"ListItem\",\"position\":1,\"name\":\"Ana sayfa\",\"item\":\"https:\/\/eyli.com.tr\/\"},{\"@type\":\"ListItem\",\"position\":2,\"name\":\"Beko Loder Enjekt\u00f6r Pompas\u0131\"}]},{\"@type\":\"WebSite\",\"@id\":\"https:\/\/eyli.com.tr\/#website\",\"url\":\"https:\/\/eyli.com.tr\/\",\"name\":\"Eyli \u0130\u015f Makineleri\",\"description\":\"\",\"publisher\":{\"@id\":\"https:\/\/eyli.com.tr\/#organization\"},\"potentialAction\":[{\"@type\":\"SearchAction\",\"target\":{\"@type\":\"EntryPoint\",\"urlTemplate\":\"https:\/\/eyli.com.tr\/?s={search_term_string}\"},\"query-input\":{\"@type\":\"PropertyValueSpecification\",\"valueRequired\":true,\"valueName\":\"search_term_string\"}}],\"inLanguage\":\"en-US\"},{\"@type\":\"Organization\",\"@id\":\"https:\/\/eyli.com.tr\/#organization\",\"name\":\"Eyli \u0130\u015f Makineleri\",\"url\":\"https:\/\/eyli.com.tr\/\",\"logo\":{\"@type\":\"ImageObject\",\"inLanguage\":\"en-US\",\"@id\":\"https:\/\/eyli.com.tr\/#\/schema\/logo\/image\/\",\"url\":\"https:\/\/eyli.com.tr\/wp-content\/uploads\/2020\/04\/WhatsApp-Image-2020-04-23-at-03.11.52-e1587829137284.jpeg\",\"contentUrl\":\"https:\/\/eyli.com.tr\/wp-content\/uploads\/2020\/04\/WhatsApp-Image-2020-04-23-at-03.11.52-e1587829137284.jpeg\",\"width\":1600,\"height\":900,\"caption\":\"Eyli \u0130\u015f Makineleri\"},\"image\":{\"@id\":\"https:\/\/eyli.com.tr\/#\/schema\/logo\/image\/\"},\"sameAs\":[\"https:\/\/www.facebook.com\/eylicomtr\"]}]}<\/script>\n<!-- \/ Yoast SEO plugin. -->","yoast_head_json":{"title":"VOLVO BEKO LODER ENJEKT\u00d6R POMPASI YEDEK PAR\u00c7ALARI","description":"VOLVO BEKO LODER ENJEKT\u00d6R POMPASI YEDEK PAR\u00c7ALARI VOLVO \u0130\u015f Makineleri Modelleri BL60, BL60B, BL61, BL61 PLUS, BL61B, BL70, BL70B, BL71, BL71 PLUS, BL71B","robots":{"index":"index","follow":"follow","max-snippet":"max-snippet:-1","max-image-preview":"max-image-preview:large","max-video-preview":"max-video-preview:-1"},"canonical":"https:\/\/eyli.com.tr\/beko-loder-enjektor-pompasi-2\/","og_locale":"en_US","og_type":"article","og_title":"VOLVO BEKO LODER ENJEKT\u00d6R POMPASI YEDEK PAR\u00c7ALARI","og_description":"VOLVO BEKO LODER ENJEKT\u00d6R POMPASI YEDEK PAR\u00c7ALARI VOLVO \u0130\u015f Makineleri Modelleri BL60, BL60B, BL61, BL61 PLUS, BL61B, BL70, BL70B, BL71, BL71 PLUS, BL71B","og_url":"https:\/\/eyli.com.tr\/beko-loder-enjektor-pompasi-2\/","og_site_name":"Eyli \u0130\u015f Makineleri","article_publisher":"https:\/\/www.facebook.com\/eylicomtr","article_modified_time":"2016-10-18T12:39:59+00:00","og_image":[{"url":"http:\/\/eyli.com.tr\/wp-content\/uploads\/2016\/05\/Beko-loder-enjektor-pompasi.png","type":"","width":"","height":""}],"twitter_card":"summary_large_image","twitter_misc":{"Est. reading time":"1 minute"},"schema":{"@context":"https:\/\/schema.org","@graph":[{"@type":"WebPage","@id":"https:\/\/eyli.com.tr\/beko-loder-enjektor-pompasi-2\/","url":"https:\/\/eyli.com.tr\/beko-loder-enjektor-pompasi-2\/","name":"VOLVO BEKO LODER ENJEKT\u00d6R POMPASI YEDEK PAR\u00c7ALARI","isPartOf":{"@id":"https:\/\/eyli.com.tr\/#website"},"primaryImageOfPage":{"@id":"https:\/\/eyli.com.tr\/beko-loder-enjektor-pompasi-2\/#primaryimage"},"image":{"@id":"https:\/\/eyli.com.tr\/beko-loder-enjektor-pompasi-2\/#primaryimage"},"thumbnailUrl":"http:\/\/eyli.com.tr\/wp-content\/uploads\/2016\/05\/Beko-loder-enjektor-pompasi.png","datePublished":"2016-05-03T11:20:28+00:00","dateModified":"2016-10-18T12:39:59+00:00","description":"VOLVO BEKO LODER ENJEKT\u00d6R POMPASI YEDEK PAR\u00c7ALARI VOLVO \u0130\u015f Makineleri Modelleri BL60, BL60B, BL61, BL61 PLUS, BL61B, BL70, BL70B, BL71, BL71 PLUS, BL71B","breadcrumb":{"@id":"https:\/\/eyli.com.tr\/beko-loder-enjektor-pompasi-2\/#breadcrumb"},"inLanguage":"en-US","potentialAction":[{"@type":"ReadAction","target":["https:\/\/eyli.com.tr\/beko-loder-enjektor-pompasi-2\/"]}]},{"@type":"ImageObject","inLanguage":"en-US","@id":"https:\/\/eyli.com.tr\/beko-loder-enjektor-pompasi-2\/#primaryimage","url":"http:\/\/eyli.com.tr\/wp-content\/uploads\/2016\/05\/Beko-loder-enjektor-pompasi.png","contentUrl":"http:\/\/eyli.com.tr\/wp-content\/uploads\/2016\/05\/Beko-loder-enjektor-pompasi.png"},{"@type":"BreadcrumbList","@id":"https:\/\/eyli.com.tr\/beko-loder-enjektor-pompasi-2\/#breadcrumb","itemListElement":[{"@type":"ListItem","position":1,"name":"Ana sayfa","item":"https:\/\/eyli.com.tr\/"},{"@type":"ListItem","position":2,"name":"Beko Loder Enjekt\u00f6r Pompas\u0131"}]},{"@type":"WebSite","@id":"https:\/\/eyli.com.tr\/#website","url":"https:\/\/eyli.com.tr\/","name":"Eyli \u0130\u015f Makineleri","description":"","publisher":{"@id":"https:\/\/eyli.com.tr\/#organization"},"potentialAction":[{"@type":"SearchAction","target":{"@type":"EntryPoint","urlTemplate":"https:\/\/eyli.com.tr\/?s={search_term_string}"},"query-input":{"@type":"PropertyValueSpecification","valueRequired":true,"valueName":"search_term_string"}}],"inLanguage":"en-US"},{"@type":"Organization","@id":"https:\/\/eyli.com.tr\/#organization","name":"Eyli \u0130\u015f Makineleri","url":"https:\/\/eyli.com.tr\/","logo":{"@type":"ImageObject","inLanguage":"en-US","@id":"https:\/\/eyli.com.tr\/#\/schema\/logo\/image\/","url":"https:\/\/eyli.com.tr\/wp-content\/uploads\/2020\/04\/WhatsApp-Image-2020-04-23-at-03.11.52-e1587829137284.jpeg","contentUrl":"https:\/\/eyli.com.tr\/wp-content\/uploads\/2020\/04\/WhatsApp-Image-2020-04-23-at-03.11.52-e1587829137284.jpeg","width":1600,"height":900,"caption":"Eyli \u0130\u015f Makineleri"},"image":{"@id":"https:\/\/eyli.com.tr\/#\/schema\/logo\/image\/"},"sameAs":["https:\/\/www.facebook.com\/eylicomtr"]}]}},"_links":{"self":[{"href":"https:\/\/eyli.com.tr\/en\/wp-json\/wp\/v2\/pages\/394","targetHints":{"allow":["GET"]}}],"collection":[{"href":"https:\/\/eyli.com.tr\/en\/wp-json\/wp\/v2\/pages"}],"about":[{"href":"https:\/\/eyli.com.tr\/en\/wp-json\/wp\/v2\/types\/page"}],"author":[{"embeddable":true,"href":"https:\/\/eyli.com.tr\/en\/wp-json\/wp\/v2\/users\/1"}],"replies":[{"embeddable":true,"href":"https:\/\/eyli.com.tr\/en\/wp-json\/wp\/v2\/comments?post=394"}],"version-history":[{"count":5,"href":"https:\/\/eyli.com.tr\/en\/wp-json\/wp\/v2\/pages\/394\/revisions"}],"predecessor-version":[{"id":1782,"href":"https:\/\/eyli.com.tr\/en\/wp-json\/wp\/v2\/pages\/394\/revisions\/1782"}],"wp:attachment":[{"href":"https:\/\/eyli.com.tr\/en\/wp-json\/wp\/v2\/media?parent=394"}],"curies":[{"name":"wp","href":"https:\/\/api.w.org\/{rel}","templated":true}]}}