{"id":385,"date":"2016-05-03T14:09:31","date_gmt":"2016-05-03T11:09:31","guid":{"rendered":"http:\/\/eyli.com.tr\/?page_id=385"},"modified":"2016-10-18T15:11:04","modified_gmt":"2016-10-18T12:11:04","slug":"beko-loder-mazot-samandira","status":"publish","type":"page","link":"https:\/\/eyli.com.tr\/en\/beko-loder-mazot-samandira\/","title":{"rendered":"Backhoe Loader Fuel Gauge Sender Unit"},"content":{"rendered":"<p><img loading=\"lazy\" decoding=\"async\" class=\"aligncenter size-full wp-image-386\" src=\"http:\/\/eyli.com.tr\/wp-content\/uploads\/2016\/05\/beko-loder-mazot-samandira.png\" alt=\"beko-loder-mazot-samandira\" width=\"2977\" height=\"2103\" srcset=\"https:\/\/eyli.com.tr\/wp-content\/uploads\/2016\/05\/beko-loder-mazot-samandira.png 2977w, https:\/\/eyli.com.tr\/wp-content\/uploads\/2016\/05\/beko-loder-mazot-samandira-300x212.png 300w, https:\/\/eyli.com.tr\/wp-content\/uploads\/2016\/05\/beko-loder-mazot-samandira-768x543.png 768w, https:\/\/eyli.com.tr\/wp-content\/uploads\/2016\/05\/beko-loder-mazot-samandira-1024x723.png 1024w\" sizes=\"auto, (max-width: 2977px) 100vw, 2977px\" \/><\/p>\n<p>&nbsp;<\/p>\n<p><strong>BACKHOE LOADER <\/strong><strong>FUEL GAUGE SENDER UNIT<\/strong><strong> SPARE PARTS<\/strong><\/p>\n<table class=\"table table-bordered\">\n<tbody>\n<tr>\n<td>Pos<\/td>\n<td>Parts\u00a0No<\/td>\n<td>Spare Parts Name<\/td>\n<\/tr>\n<tr>\n<td>1<\/td>\n<td>VOE11886973<\/td>\n<td>Fuel tank<\/td>\n<\/tr>\n<tr>\n<td>2<\/td>\n<td>VOE11887988<\/td>\n<td>Cap<\/td>\n<\/tr>\n<tr>\n<td>3<\/td>\n<td>VOE984657<\/td>\n<td>Plug<\/td>\n<\/tr>\n<tr>\n<td>4<\/td>\n<td>VOE983025<\/td>\n<td>\u2022O-ring<\/td>\n<\/tr>\n<tr>\n<td>5<\/td>\n<td>VOE11882457<\/td>\n<td>Spacer<\/td>\n<\/tr>\n<tr>\n<td>6<\/td>\n<td>VOE13965194<\/td>\n<td>Screw<\/td>\n<\/tr>\n<tr>\n<td>7<\/td>\n<td>VOE947558<\/td>\n<td>Washer<\/td>\n<\/tr>\n<tr>\n<td>8<\/td>\n<td>VOE13965194<\/td>\n<td>Screw<\/td>\n<\/tr>\n<tr>\n<td>9<\/td>\n<td>VOE947558<\/td>\n<td>Washer<\/td>\n<\/tr>\n<tr>\n<td>10<\/td>\n<td>VOE16217436<\/td>\n<td>Fuel level sensor<\/td>\n<\/tr>\n<tr>\n<td>11<\/td>\n<td>VOE11881915<\/td>\n<td>Rubber Seal<\/td>\n<\/tr>\n<tr>\n<td>12<\/td>\n<td>VOE11881916<\/td>\n<td>Lock ring<\/td>\n<\/tr>\n<\/tbody>\n<\/table>\n<p><strong>Volvo Backhoe Loader<\/strong> <strong>Diesel Fuel Gauge Sender Unit Spare Parts are applicable for the Volvo construction machines, given below<\/strong><\/p>\n<p>BL60, BL60B, BL61, BL61 PLUS, BL61B, BL70, BL70B, BL71, BL71 PLUS, BL71B<\/p>","protected":false},"excerpt":{"rendered":"<p>&nbsp; BACKHOE LOADER FUEL GAUGE SENDER UNIT SPARE PARTS Pos Parts\u00a0No Spare Parts Name 1 VOE11886973 Fuel tank 2 VOE11887988 Cap 3 VOE984657 Plug 4 VOE983025 \u2022O-ring 5 VOE11882457 Spacer 6 VOE13965194 Screw 7 VOE947558 Washer 8 VOE13965194 Screw 9 VOE947558 Washer 10 VOE16217436 Fuel level sensor 11 VOE11881915 Rubber Seal 12 VOE11881916 Lock ring [&hellip;]<\/p>\n","protected":false},"author":1,"featured_media":0,"parent":0,"menu_order":0,"comment_status":"closed","ping_status":"closed","template":"page-fullwidth.php","meta":{"footnotes":""},"class_list":["post-385","page","type-page","status-publish","hentry"],"yoast_head":"<!-- This site is optimized with the Yoast SEO plugin v26.8 - https:\/\/yoast.com\/product\/yoast-seo-wordpress\/ -->\n<title>VOLVO BEKO LODER MAZOT \u015eAMADIRA YEDEK PAR\u00c7ALARI<\/title>\n<meta name=\"description\" content=\"VOLVO BEKO LODER MAZOT \u015eAMADIRA YEDEK PAR\u00c7ALARI a\u015fa\u011f\u0131daki VOLVO \u0130\u015f Makineleri BL60, BL60B, BL61, BL61 PLUS, BL61B, BL70, BL70B, BL71, BL71 PLUS, BL71B\" \/>\n<meta name=\"robots\" content=\"index, follow, max-snippet:-1, max-image-preview:large, max-video-preview:-1\" \/>\n<link rel=\"canonical\" href=\"https:\/\/eyli.com.tr\/beko-loder-mazot-samandira\/\" \/>\n<meta property=\"og:locale\" content=\"en_US\" \/>\n<meta property=\"og:type\" content=\"article\" \/>\n<meta property=\"og:title\" content=\"VOLVO BEKO LODER MAZOT \u015eAMADIRA YEDEK PAR\u00c7ALARI\" \/>\n<meta property=\"og:description\" content=\"VOLVO BEKO LODER MAZOT \u015eAMADIRA YEDEK PAR\u00c7ALARI a\u015fa\u011f\u0131daki VOLVO \u0130\u015f Makineleri BL60, BL60B, BL61, BL61 PLUS, BL61B, BL70, BL70B, BL71, BL71 PLUS, BL71B\" \/>\n<meta property=\"og:url\" content=\"https:\/\/eyli.com.tr\/beko-loder-mazot-samandira\/\" \/>\n<meta property=\"og:site_name\" content=\"Eyli \u0130\u015f Makineleri\" \/>\n<meta property=\"article:publisher\" content=\"https:\/\/www.facebook.com\/eylicomtr\" \/>\n<meta property=\"article:modified_time\" content=\"2016-10-18T12:11:04+00:00\" \/>\n<meta property=\"og:image\" content=\"http:\/\/eyli.com.tr\/wp-content\/uploads\/2016\/05\/beko-loder-mazot-samandira.png\" \/>\n<meta name=\"twitter:card\" content=\"summary_large_image\" \/>\n<meta name=\"twitter:label1\" content=\"Est. reading time\" \/>\n\t<meta name=\"twitter:data1\" content=\"1 minute\" \/>\n<script type=\"application\/ld+json\" class=\"yoast-schema-graph\">{\"@context\":\"https:\/\/schema.org\",\"@graph\":[{\"@type\":\"WebPage\",\"@id\":\"https:\/\/eyli.com.tr\/beko-loder-mazot-samandira\/\",\"url\":\"https:\/\/eyli.com.tr\/beko-loder-mazot-samandira\/\",\"name\":\"VOLVO BEKO LODER MAZOT \u015eAMADIRA YEDEK PAR\u00c7ALARI\",\"isPartOf\":{\"@id\":\"https:\/\/eyli.com.tr\/#website\"},\"primaryImageOfPage\":{\"@id\":\"https:\/\/eyli.com.tr\/beko-loder-mazot-samandira\/#primaryimage\"},\"image\":{\"@id\":\"https:\/\/eyli.com.tr\/beko-loder-mazot-samandira\/#primaryimage\"},\"thumbnailUrl\":\"http:\/\/eyli.com.tr\/wp-content\/uploads\/2016\/05\/beko-loder-mazot-samandira.png\",\"datePublished\":\"2016-05-03T11:09:31+00:00\",\"dateModified\":\"2016-10-18T12:11:04+00:00\",\"description\":\"VOLVO BEKO LODER MAZOT \u015eAMADIRA YEDEK PAR\u00c7ALARI a\u015fa\u011f\u0131daki VOLVO \u0130\u015f Makineleri BL60, BL60B, BL61, BL61 PLUS, BL61B, BL70, BL70B, BL71, BL71 PLUS, BL71B\",\"breadcrumb\":{\"@id\":\"https:\/\/eyli.com.tr\/beko-loder-mazot-samandira\/#breadcrumb\"},\"inLanguage\":\"en-US\",\"potentialAction\":[{\"@type\":\"ReadAction\",\"target\":[\"https:\/\/eyli.com.tr\/beko-loder-mazot-samandira\/\"]}]},{\"@type\":\"ImageObject\",\"inLanguage\":\"en-US\",\"@id\":\"https:\/\/eyli.com.tr\/beko-loder-mazot-samandira\/#primaryimage\",\"url\":\"http:\/\/eyli.com.tr\/wp-content\/uploads\/2016\/05\/beko-loder-mazot-samandira.png\",\"contentUrl\":\"http:\/\/eyli.com.tr\/wp-content\/uploads\/2016\/05\/beko-loder-mazot-samandira.png\"},{\"@type\":\"BreadcrumbList\",\"@id\":\"https:\/\/eyli.com.tr\/beko-loder-mazot-samandira\/#breadcrumb\",\"itemListElement\":[{\"@type\":\"ListItem\",\"position\":1,\"name\":\"Ana sayfa\",\"item\":\"https:\/\/eyli.com.tr\/\"},{\"@type\":\"ListItem\",\"position\":2,\"name\":\"Beko Loder Mazot \u015eamand\u0131ra\"}]},{\"@type\":\"WebSite\",\"@id\":\"https:\/\/eyli.com.tr\/#website\",\"url\":\"https:\/\/eyli.com.tr\/\",\"name\":\"Eyli \u0130\u015f Makineleri\",\"description\":\"\",\"publisher\":{\"@id\":\"https:\/\/eyli.com.tr\/#organization\"},\"potentialAction\":[{\"@type\":\"SearchAction\",\"target\":{\"@type\":\"EntryPoint\",\"urlTemplate\":\"https:\/\/eyli.com.tr\/?s={search_term_string}\"},\"query-input\":{\"@type\":\"PropertyValueSpecification\",\"valueRequired\":true,\"valueName\":\"search_term_string\"}}],\"inLanguage\":\"en-US\"},{\"@type\":\"Organization\",\"@id\":\"https:\/\/eyli.com.tr\/#organization\",\"name\":\"Eyli \u0130\u015f Makineleri\",\"url\":\"https:\/\/eyli.com.tr\/\",\"logo\":{\"@type\":\"ImageObject\",\"inLanguage\":\"en-US\",\"@id\":\"https:\/\/eyli.com.tr\/#\/schema\/logo\/image\/\",\"url\":\"https:\/\/eyli.com.tr\/wp-content\/uploads\/2020\/04\/WhatsApp-Image-2020-04-23-at-03.11.52-e1587829137284.jpeg\",\"contentUrl\":\"https:\/\/eyli.com.tr\/wp-content\/uploads\/2020\/04\/WhatsApp-Image-2020-04-23-at-03.11.52-e1587829137284.jpeg\",\"width\":1600,\"height\":900,\"caption\":\"Eyli \u0130\u015f Makineleri\"},\"image\":{\"@id\":\"https:\/\/eyli.com.tr\/#\/schema\/logo\/image\/\"},\"sameAs\":[\"https:\/\/www.facebook.com\/eylicomtr\"]}]}<\/script>\n<!-- \/ Yoast SEO plugin. -->","yoast_head_json":{"title":"VOLVO BEKO LODER MAZOT \u015eAMADIRA YEDEK PAR\u00c7ALARI","description":"VOLVO BEKO LODER MAZOT \u015eAMADIRA YEDEK PAR\u00c7ALARI a\u015fa\u011f\u0131daki VOLVO \u0130\u015f Makineleri BL60, BL60B, BL61, BL61 PLUS, BL61B, BL70, BL70B, BL71, BL71 PLUS, BL71B","robots":{"index":"index","follow":"follow","max-snippet":"max-snippet:-1","max-image-preview":"max-image-preview:large","max-video-preview":"max-video-preview:-1"},"canonical":"https:\/\/eyli.com.tr\/beko-loder-mazot-samandira\/","og_locale":"en_US","og_type":"article","og_title":"VOLVO BEKO LODER MAZOT \u015eAMADIRA YEDEK PAR\u00c7ALARI","og_description":"VOLVO BEKO LODER MAZOT \u015eAMADIRA YEDEK PAR\u00c7ALARI a\u015fa\u011f\u0131daki VOLVO \u0130\u015f Makineleri BL60, BL60B, BL61, BL61 PLUS, BL61B, BL70, BL70B, BL71, BL71 PLUS, BL71B","og_url":"https:\/\/eyli.com.tr\/beko-loder-mazot-samandira\/","og_site_name":"Eyli \u0130\u015f Makineleri","article_publisher":"https:\/\/www.facebook.com\/eylicomtr","article_modified_time":"2016-10-18T12:11:04+00:00","og_image":[{"url":"http:\/\/eyli.com.tr\/wp-content\/uploads\/2016\/05\/beko-loder-mazot-samandira.png","type":"","width":"","height":""}],"twitter_card":"summary_large_image","twitter_misc":{"Est. reading time":"1 minute"},"schema":{"@context":"https:\/\/schema.org","@graph":[{"@type":"WebPage","@id":"https:\/\/eyli.com.tr\/beko-loder-mazot-samandira\/","url":"https:\/\/eyli.com.tr\/beko-loder-mazot-samandira\/","name":"VOLVO BEKO LODER MAZOT \u015eAMADIRA YEDEK PAR\u00c7ALARI","isPartOf":{"@id":"https:\/\/eyli.com.tr\/#website"},"primaryImageOfPage":{"@id":"https:\/\/eyli.com.tr\/beko-loder-mazot-samandira\/#primaryimage"},"image":{"@id":"https:\/\/eyli.com.tr\/beko-loder-mazot-samandira\/#primaryimage"},"thumbnailUrl":"http:\/\/eyli.com.tr\/wp-content\/uploads\/2016\/05\/beko-loder-mazot-samandira.png","datePublished":"2016-05-03T11:09:31+00:00","dateModified":"2016-10-18T12:11:04+00:00","description":"VOLVO BEKO LODER MAZOT \u015eAMADIRA YEDEK PAR\u00c7ALARI a\u015fa\u011f\u0131daki VOLVO \u0130\u015f Makineleri BL60, BL60B, BL61, BL61 PLUS, BL61B, BL70, BL70B, BL71, BL71 PLUS, BL71B","breadcrumb":{"@id":"https:\/\/eyli.com.tr\/beko-loder-mazot-samandira\/#breadcrumb"},"inLanguage":"en-US","potentialAction":[{"@type":"ReadAction","target":["https:\/\/eyli.com.tr\/beko-loder-mazot-samandira\/"]}]},{"@type":"ImageObject","inLanguage":"en-US","@id":"https:\/\/eyli.com.tr\/beko-loder-mazot-samandira\/#primaryimage","url":"http:\/\/eyli.com.tr\/wp-content\/uploads\/2016\/05\/beko-loder-mazot-samandira.png","contentUrl":"http:\/\/eyli.com.tr\/wp-content\/uploads\/2016\/05\/beko-loder-mazot-samandira.png"},{"@type":"BreadcrumbList","@id":"https:\/\/eyli.com.tr\/beko-loder-mazot-samandira\/#breadcrumb","itemListElement":[{"@type":"ListItem","position":1,"name":"Ana sayfa","item":"https:\/\/eyli.com.tr\/"},{"@type":"ListItem","position":2,"name":"Beko Loder Mazot \u015eamand\u0131ra"}]},{"@type":"WebSite","@id":"https:\/\/eyli.com.tr\/#website","url":"https:\/\/eyli.com.tr\/","name":"Eyli \u0130\u015f Makineleri","description":"","publisher":{"@id":"https:\/\/eyli.com.tr\/#organization"},"potentialAction":[{"@type":"SearchAction","target":{"@type":"EntryPoint","urlTemplate":"https:\/\/eyli.com.tr\/?s={search_term_string}"},"query-input":{"@type":"PropertyValueSpecification","valueRequired":true,"valueName":"search_term_string"}}],"inLanguage":"en-US"},{"@type":"Organization","@id":"https:\/\/eyli.com.tr\/#organization","name":"Eyli \u0130\u015f Makineleri","url":"https:\/\/eyli.com.tr\/","logo":{"@type":"ImageObject","inLanguage":"en-US","@id":"https:\/\/eyli.com.tr\/#\/schema\/logo\/image\/","url":"https:\/\/eyli.com.tr\/wp-content\/uploads\/2020\/04\/WhatsApp-Image-2020-04-23-at-03.11.52-e1587829137284.jpeg","contentUrl":"https:\/\/eyli.com.tr\/wp-content\/uploads\/2020\/04\/WhatsApp-Image-2020-04-23-at-03.11.52-e1587829137284.jpeg","width":1600,"height":900,"caption":"Eyli \u0130\u015f Makineleri"},"image":{"@id":"https:\/\/eyli.com.tr\/#\/schema\/logo\/image\/"},"sameAs":["https:\/\/www.facebook.com\/eylicomtr"]}]}},"_links":{"self":[{"href":"https:\/\/eyli.com.tr\/en\/wp-json\/wp\/v2\/pages\/385","targetHints":{"allow":["GET"]}}],"collection":[{"href":"https:\/\/eyli.com.tr\/en\/wp-json\/wp\/v2\/pages"}],"about":[{"href":"https:\/\/eyli.com.tr\/en\/wp-json\/wp\/v2\/types\/page"}],"author":[{"embeddable":true,"href":"https:\/\/eyli.com.tr\/en\/wp-json\/wp\/v2\/users\/1"}],"replies":[{"embeddable":true,"href":"https:\/\/eyli.com.tr\/en\/wp-json\/wp\/v2\/comments?post=385"}],"version-history":[{"count":5,"href":"https:\/\/eyli.com.tr\/en\/wp-json\/wp\/v2\/pages\/385\/revisions"}],"predecessor-version":[{"id":1779,"href":"https:\/\/eyli.com.tr\/en\/wp-json\/wp\/v2\/pages\/385\/revisions\/1779"}],"wp:attachment":[{"href":"https:\/\/eyli.com.tr\/en\/wp-json\/wp\/v2\/media?parent=385"}],"curies":[{"name":"wp","href":"https:\/\/api.w.org\/{rel}","templated":true}]}}